{"id":938,"date":"2020-11-06T20:17:47","date_gmt":"2020-11-06T20:19:39","guid":{"rendered":"https:\/\/alimentsamga.com\/?post_type=product&#038;p=938"},"modified":"2025-03-10T11:01:16","modified_gmt":"2025-03-10T15:01:16","slug":"saucisse-grecque-loukaniko","status":"publish","type":"product","link":"https:\/\/alimentsamga.com\/fr\/produit\/saucisse-grecque-loukaniko\/","title":{"rendered":"Saucisse Grecque Loukaniko"},"content":{"rendered":"<p>Notre saucisse grecque loukaniko est une saucisse traditionnelle savoureuse, pr\u00e9par\u00e9e avec des morceaux de viande de premi\u00e8re qualit\u00e9 et un m\u00e9lange d&rsquo;herbes aromatiques et d&rsquo;\u00e9pices. Ce paquet de 2 saucisses, pesant environ 300 g (10.58 ounces) (10,58 onces), est congel\u00e9 et scell\u00e9 sous vide pour pr\u00e9server sa fra\u00eecheur et sa qualit\u00e9. Que vous la fassiez griller, frire \u00e0 la po\u00eale ou l&rsquo;ajoutiez \u00e0 des rago\u00fbts, cette saucisse offre une saveur grecque authentique \u00e0 chaque bouch\u00e9e.<\/p>\n<p>Parfait pour ajouter \u00e0 vos plats m\u00e9diterran\u00e9ens pr\u00e9f\u00e9r\u00e9s ou pour \u00eatre d\u00e9gust\u00e9 seul, la saucisse grecque loukaniko est un incontournable pour tous ceux qui aiment les saveurs audacieuses et savoureuses. Facile \u00e0 ranger et pratique pour n\u2019importe quel repas, c\u2019est un excellent ajout \u00e0 votre cuisine\u00a0!<\/p>\n<p>Si vous aimez les saveurs m\u00e9diterran\u00e9ennes, <a href=\"https:\/\/alimentsamga.com\/fr\/marinated-chicken-thighs-mediterranean-flavors-on-your-table\/\">d\u00e9couvrez nos cuisses de poulet marin\u00e9es \u00e0 la grecque m\u00e9diterran\u00e9enne ici<\/a>.<\/p>\n","protected":false},"excerpt":{"rendered":"Paquet de 2\r\nEnviron 300g","protected":false},"featured_media":939,"comment_status":"open","ping_status":"closed","template":"","meta":{"content-type":""},"product_brand":[],"product_cat":[87,165],"product_tag":[],"class_list":{"0":"post-938","1":"product","2":"type-product","3":"status-publish","4":"has-post-thumbnail","6":"product_cat-porc","7":"product_cat-viandes","9":"first","10":"instock","11":"shipping-taxable","12":"purchasable","13":"product-type-simple"},"bundle_layout":"","bundle_add_to_cart_form_location":"","bundle_editable_in_cart":false,"bundle_sold_individually_context":"","bundle_item_grouping":"","bundle_min_size":"","bundle_max_size":"","bundled_by":["4301","10793"],"bundled_items":[],"yoast_head":"<!-- This site is optimized with the Yoast SEO plugin v27.3 - https:\/\/yoast.com\/product\/yoast-seo-wordpress\/ -->\n<title>Saucisse Grecque Loukaniko - AMGA<\/title>\n<meta name=\"description\" content=\"Achetez notre saucisse grecque loukaniko, traditionnelle savoureuse, pr\u00e9par\u00e9e avec des morceaux de viande de premi\u00e8re qualit\u00e9. Paquet de 2 saucisses.\" \/>\n<meta name=\"robots\" content=\"index, follow, max-snippet:-1, max-image-preview:large, max-video-preview:-1\" \/>\n<link rel=\"canonical\" href=\"https:\/\/alimentsamga.com\/fr\/produit\/saucisse-grecque-loukaniko\/\" \/>\n<meta property=\"og:locale\" content=\"fr_FR\" \/>\n<meta property=\"og:type\" content=\"article\" \/>\n<meta property=\"og:title\" content=\"Saucisse Grecque Loukaniko - AMGA\" \/>\n<meta property=\"og:description\" content=\"Achetez notre saucisse grecque loukaniko, traditionnelle savoureuse, pr\u00e9par\u00e9e avec des morceaux de viande de premi\u00e8re qualit\u00e9. Paquet de 2 saucisses.\" \/>\n<meta property=\"og:url\" content=\"https:\/\/alimentsamga.com\/fr\/produit\/saucisse-grecque-loukaniko\/\" \/>\n<meta property=\"og:site_name\" content=\"AMGA\" \/>\n<meta property=\"article:modified_time\" content=\"2025-03-10T15:01:16+00:00\" \/>\n<meta property=\"og:image\" content=\"https:\/\/alimentsamga.com\/wp-content\/uploads\/2020\/11\/grilled-sausages-dark-background-oktoberfest-flat-lay-top-view-1.jpg\" \/>\n\t<meta property=\"og:image:width\" content=\"1147\" \/>\n\t<meta property=\"og:image:height\" content=\"1093\" \/>\n\t<meta property=\"og:image:type\" content=\"image\/jpeg\" \/>\n<meta name=\"twitter:card\" content=\"summary_large_image\" \/>\n<meta name=\"twitter:label1\" content=\"Dur\u00e9e de lecture estim\u00e9e\" \/>\n\t<meta name=\"twitter:data1\" content=\"1 minute\" \/>\n<script type=\"application\/ld+json\" class=\"yoast-schema-graph\">{\"@context\":\"https:\\\/\\\/schema.org\",\"@graph\":[{\"@type\":\"WebPage\",\"@id\":\"https:\\\/\\\/alimentsamga.com\\\/fr\\\/produit\\\/saucisse-grecque-loukaniko\\\/\",\"url\":\"https:\\\/\\\/alimentsamga.com\\\/fr\\\/produit\\\/saucisse-grecque-loukaniko\\\/\",\"name\":\"Saucisse Grecque Loukaniko - AMGA\",\"isPartOf\":{\"@id\":\"https:\\\/\\\/alimentsamga.com\\\/fr\\\/#website\"},\"primaryImageOfPage\":{\"@id\":\"https:\\\/\\\/alimentsamga.com\\\/fr\\\/produit\\\/saucisse-grecque-loukaniko\\\/#primaryimage\"},\"image\":{\"@id\":\"https:\\\/\\\/alimentsamga.com\\\/fr\\\/produit\\\/saucisse-grecque-loukaniko\\\/#primaryimage\"},\"thumbnailUrl\":\"https:\\\/\\\/alimentsamga.com\\\/wp-content\\\/uploads\\\/2020\\\/11\\\/grilled-sausages-dark-background-oktoberfest-flat-lay-top-view-1.jpg\",\"datePublished\":\"2020-11-06T20:19:39+00:00\",\"dateModified\":\"2025-03-10T15:01:16+00:00\",\"description\":\"Achetez notre saucisse grecque loukaniko, traditionnelle savoureuse, pr\u00e9par\u00e9e avec des morceaux de viande de premi\u00e8re qualit\u00e9. Paquet de 2 saucisses.\",\"breadcrumb\":{\"@id\":\"https:\\\/\\\/alimentsamga.com\\\/fr\\\/produit\\\/saucisse-grecque-loukaniko\\\/#breadcrumb\"},\"inLanguage\":\"fr-FR\",\"potentialAction\":[{\"@type\":\"ReadAction\",\"target\":[\"https:\\\/\\\/alimentsamga.com\\\/fr\\\/produit\\\/saucisse-grecque-loukaniko\\\/\"]}]},{\"@type\":\"ImageObject\",\"inLanguage\":\"fr-FR\",\"@id\":\"https:\\\/\\\/alimentsamga.com\\\/fr\\\/produit\\\/saucisse-grecque-loukaniko\\\/#primaryimage\",\"url\":\"https:\\\/\\\/alimentsamga.com\\\/wp-content\\\/uploads\\\/2020\\\/11\\\/grilled-sausages-dark-background-oktoberfest-flat-lay-top-view-1.jpg\",\"contentUrl\":\"https:\\\/\\\/alimentsamga.com\\\/wp-content\\\/uploads\\\/2020\\\/11\\\/grilled-sausages-dark-background-oktoberfest-flat-lay-top-view-1.jpg\",\"width\":1147,\"height\":1093,\"caption\":\"Grilled sausages on dark background. Oktoberfest. Flat lay. Top view\"},{\"@type\":\"BreadcrumbList\",\"@id\":\"https:\\\/\\\/alimentsamga.com\\\/fr\\\/produit\\\/saucisse-grecque-loukaniko\\\/#breadcrumb\",\"itemListElement\":[{\"@type\":\"ListItem\",\"position\":1,\"name\":\"Home\",\"item\":\"https:\\\/\\\/alimentsamga.com\\\/fr\\\/\"},{\"@type\":\"ListItem\",\"position\":2,\"name\":\"Boutique\",\"item\":\"https:\\\/\\\/alimentsamga.com\\\/fr\\\/boutique\\\/\"},{\"@type\":\"ListItem\",\"position\":3,\"name\":\"Saucisse Grecque Loukaniko\"}]},{\"@type\":\"WebSite\",\"@id\":\"https:\\\/\\\/alimentsamga.com\\\/fr\\\/#website\",\"url\":\"https:\\\/\\\/alimentsamga.com\\\/fr\\\/\",\"name\":\"AMGA\",\"description\":\"Aliments Amga\",\"publisher\":{\"@id\":\"https:\\\/\\\/alimentsamga.com\\\/fr\\\/#organization\"},\"potentialAction\":[{\"@type\":\"SearchAction\",\"target\":{\"@type\":\"EntryPoint\",\"urlTemplate\":\"https:\\\/\\\/alimentsamga.com\\\/fr\\\/?s={search_term_string}\"},\"query-input\":{\"@type\":\"PropertyValueSpecification\",\"valueRequired\":true,\"valueName\":\"search_term_string\"}}],\"inLanguage\":\"fr-FR\"},{\"@type\":\"Organization\",\"@id\":\"https:\\\/\\\/alimentsamga.com\\\/fr\\\/#organization\",\"name\":\"AMGA\",\"url\":\"https:\\\/\\\/alimentsamga.com\\\/fr\\\/\",\"logo\":{\"@type\":\"ImageObject\",\"inLanguage\":\"fr-FR\",\"@id\":\"https:\\\/\\\/alimentsamga.com\\\/fr\\\/#\\\/schema\\\/logo\\\/image\\\/\",\"url\":\"https:\\\/\\\/alimentsamga.com\\\/wp-content\\\/uploads\\\/2020\\\/11\\\/amgachezvous-logo-blue-e1619460460184.png\",\"contentUrl\":\"https:\\\/\\\/alimentsamga.com\\\/wp-content\\\/uploads\\\/2020\\\/11\\\/amgachezvous-logo-blue-e1619460460184.png\",\"width\":131,\"height\":80,\"caption\":\"AMGA\"},\"image\":{\"@id\":\"https:\\\/\\\/alimentsamga.com\\\/fr\\\/#\\\/schema\\\/logo\\\/image\\\/\"},\"sameAs\":[\"https:\\\/\\\/www.instagram.com\\\/aliments.amga\\\/?hl=en\"]}]}<\/script>\n<!-- \/ Yoast SEO plugin. -->","yoast_head_json":{"title":"Saucisse Grecque Loukaniko - AMGA","description":"Achetez notre saucisse grecque loukaniko, traditionnelle savoureuse, pr\u00e9par\u00e9e avec des morceaux de viande de premi\u00e8re qualit\u00e9. Paquet de 2 saucisses.","robots":{"index":"index","follow":"follow","max-snippet":"max-snippet:-1","max-image-preview":"max-image-preview:large","max-video-preview":"max-video-preview:-1"},"canonical":"https:\/\/alimentsamga.com\/fr\/produit\/saucisse-grecque-loukaniko\/","og_locale":"fr_FR","og_type":"article","og_title":"Saucisse Grecque Loukaniko - AMGA","og_description":"Achetez notre saucisse grecque loukaniko, traditionnelle savoureuse, pr\u00e9par\u00e9e avec des morceaux de viande de premi\u00e8re qualit\u00e9. Paquet de 2 saucisses.","og_url":"https:\/\/alimentsamga.com\/fr\/produit\/saucisse-grecque-loukaniko\/","og_site_name":"AMGA","article_modified_time":"2025-03-10T15:01:16+00:00","og_image":[{"width":1147,"height":1093,"url":"https:\/\/alimentsamga.com\/wp-content\/uploads\/2020\/11\/grilled-sausages-dark-background-oktoberfest-flat-lay-top-view-1.jpg","type":"image\/jpeg"}],"twitter_card":"summary_large_image","twitter_misc":{"Dur\u00e9e de lecture estim\u00e9e":"1 minute"},"schema":{"@context":"https:\/\/schema.org","@graph":[{"@type":"WebPage","@id":"https:\/\/alimentsamga.com\/fr\/produit\/saucisse-grecque-loukaniko\/","url":"https:\/\/alimentsamga.com\/fr\/produit\/saucisse-grecque-loukaniko\/","name":"Saucisse Grecque Loukaniko - AMGA","isPartOf":{"@id":"https:\/\/alimentsamga.com\/fr\/#website"},"primaryImageOfPage":{"@id":"https:\/\/alimentsamga.com\/fr\/produit\/saucisse-grecque-loukaniko\/#primaryimage"},"image":{"@id":"https:\/\/alimentsamga.com\/fr\/produit\/saucisse-grecque-loukaniko\/#primaryimage"},"thumbnailUrl":"https:\/\/alimentsamga.com\/wp-content\/uploads\/2020\/11\/grilled-sausages-dark-background-oktoberfest-flat-lay-top-view-1.jpg","datePublished":"2020-11-06T20:19:39+00:00","dateModified":"2025-03-10T15:01:16+00:00","description":"Achetez notre saucisse grecque loukaniko, traditionnelle savoureuse, pr\u00e9par\u00e9e avec des morceaux de viande de premi\u00e8re qualit\u00e9. Paquet de 2 saucisses.","breadcrumb":{"@id":"https:\/\/alimentsamga.com\/fr\/produit\/saucisse-grecque-loukaniko\/#breadcrumb"},"inLanguage":"fr-FR","potentialAction":[{"@type":"ReadAction","target":["https:\/\/alimentsamga.com\/fr\/produit\/saucisse-grecque-loukaniko\/"]}]},{"@type":"ImageObject","inLanguage":"fr-FR","@id":"https:\/\/alimentsamga.com\/fr\/produit\/saucisse-grecque-loukaniko\/#primaryimage","url":"https:\/\/alimentsamga.com\/wp-content\/uploads\/2020\/11\/grilled-sausages-dark-background-oktoberfest-flat-lay-top-view-1.jpg","contentUrl":"https:\/\/alimentsamga.com\/wp-content\/uploads\/2020\/11\/grilled-sausages-dark-background-oktoberfest-flat-lay-top-view-1.jpg","width":1147,"height":1093,"caption":"Grilled sausages on dark background. Oktoberfest. Flat lay. Top view"},{"@type":"BreadcrumbList","@id":"https:\/\/alimentsamga.com\/fr\/produit\/saucisse-grecque-loukaniko\/#breadcrumb","itemListElement":[{"@type":"ListItem","position":1,"name":"Home","item":"https:\/\/alimentsamga.com\/fr\/"},{"@type":"ListItem","position":2,"name":"Boutique","item":"https:\/\/alimentsamga.com\/fr\/boutique\/"},{"@type":"ListItem","position":3,"name":"Saucisse Grecque Loukaniko"}]},{"@type":"WebSite","@id":"https:\/\/alimentsamga.com\/fr\/#website","url":"https:\/\/alimentsamga.com\/fr\/","name":"AMGA","description":"Aliments Amga","publisher":{"@id":"https:\/\/alimentsamga.com\/fr\/#organization"},"potentialAction":[{"@type":"SearchAction","target":{"@type":"EntryPoint","urlTemplate":"https:\/\/alimentsamga.com\/fr\/?s={search_term_string}"},"query-input":{"@type":"PropertyValueSpecification","valueRequired":true,"valueName":"search_term_string"}}],"inLanguage":"fr-FR"},{"@type":"Organization","@id":"https:\/\/alimentsamga.com\/fr\/#organization","name":"AMGA","url":"https:\/\/alimentsamga.com\/fr\/","logo":{"@type":"ImageObject","inLanguage":"fr-FR","@id":"https:\/\/alimentsamga.com\/fr\/#\/schema\/logo\/image\/","url":"https:\/\/alimentsamga.com\/wp-content\/uploads\/2020\/11\/amgachezvous-logo-blue-e1619460460184.png","contentUrl":"https:\/\/alimentsamga.com\/wp-content\/uploads\/2020\/11\/amgachezvous-logo-blue-e1619460460184.png","width":131,"height":80,"caption":"AMGA"},"image":{"@id":"https:\/\/alimentsamga.com\/fr\/#\/schema\/logo\/image\/"},"sameAs":["https:\/\/www.instagram.com\/aliments.amga\/?hl=en"]}]}},"_links":{"self":[{"href":"https:\/\/alimentsamga.com\/fr\/wp-json\/wp\/v2\/product\/938","targetHints":{"allow":["GET"]}}],"collection":[{"href":"https:\/\/alimentsamga.com\/fr\/wp-json\/wp\/v2\/product"}],"about":[{"href":"https:\/\/alimentsamga.com\/fr\/wp-json\/wp\/v2\/types\/product"}],"replies":[{"embeddable":true,"href":"https:\/\/alimentsamga.com\/fr\/wp-json\/wp\/v2\/comments?post=938"}],"wp:featuredmedia":[{"embeddable":true,"href":"https:\/\/alimentsamga.com\/fr\/wp-json\/wp\/v2\/media\/939"}],"wp:attachment":[{"href":"https:\/\/alimentsamga.com\/fr\/wp-json\/wp\/v2\/media?parent=938"}],"wp:term":[{"taxonomy":"product_brand","embeddable":true,"href":"https:\/\/alimentsamga.com\/fr\/wp-json\/wp\/v2\/product_brand?post=938"},{"taxonomy":"product_cat","embeddable":true,"href":"https:\/\/alimentsamga.com\/fr\/wp-json\/wp\/v2\/product_cat?post=938"},{"taxonomy":"product_tag","embeddable":true,"href":"https:\/\/alimentsamga.com\/fr\/wp-json\/wp\/v2\/product_tag?post=938"}],"curies":[{"name":"wp","href":"https:\/\/api.w.org\/{rel}","templated":true}]}}