{"id":784,"date":"2020-09-07T23:18:08","date_gmt":"2020-09-07T23:18:08","guid":{"rendered":"https:\/\/amga.oncode.ca\/product\/cuisses-de-poulet-pilon-et-cuisse\/"},"modified":"2025-03-05T11:33:07","modified_gmt":"2025-03-05T16:33:07","slug":"cuisses-de-poulet-pilon-et-cuisse","status":"publish","type":"product","link":"https:\/\/alimentsamga.com\/fr\/produit\/cuisses-de-poulet-pilon-et-cuisse\/","title":{"rendered":"Cuisses de Poulet (Pilon et Cuisse)"},"content":{"rendered":"<p>Nos Cuisses de poulet avec os (drumstick et cuisse) sont fra\u00eeches, non-OGM et sous vide pour pr\u00e9server toute leur fra\u00eecheur et saveur. Provenant de fermes canadiennes de confiance, ces cuisses sont parfaites pour r\u00f4tir, griller ou cuire lentement. Avec leur viande tendre et juteuse, et leur peau croustillante, elles offrent un repas satisfaisant qui plaira \u00e0 toute la famille.<\/p>\n<p data-start=\"1737\" data-end=\"2113\">Ces cuisses de poulet sont pleines de saveur et id\u00e9ales pour une grande vari\u00e9t\u00e9 de plats, des rago\u00fbts copieux aux BBQ savoureux. Livr\u00e9es directement \u00e0 votre porte, elles offrent la commodit\u00e9 d&rsquo;une viande fra\u00eeche et de qualit\u00e9 sup\u00e9rieure. Que vous pr\u00e9pariez un d\u00eener en famille ou un festin du week-end, nos Cuisses de poulet avec os sont l&rsquo;ajout parfait \u00e0 votre plan de repas.<\/p>\n<p>Consultez nos <a href=\"https:\/\/alimentsamga.com\/fr\/categorie-produit\/volaille\/\">autres\u00a0produits de volaille ici.<\/a><\/p>\n","protected":false},"excerpt":{"rendered":"~400g\r\n\r\nTous nos produits de volaille sont frais, emball\u00e9s sous vide et sans OGM. Ils proviennent de fermes canadiennes et sont livr\u00e9s \u00e0 votre porte.","protected":false},"featured_media":10525,"comment_status":"open","ping_status":"closed","template":"","meta":{"content-type":""},"product_brand":[],"product_cat":[93],"product_tag":[],"class_list":{"0":"post-784","1":"product","2":"type-product","3":"status-publish","4":"has-post-thumbnail","6":"product_cat-volaille","8":"first","9":"instock","10":"shipping-taxable","11":"purchasable","12":"product-type-simple"},"bundle_layout":"","bundle_add_to_cart_form_location":"","bundle_editable_in_cart":false,"bundle_sold_individually_context":"","bundle_item_grouping":"","bundle_min_size":"","bundle_max_size":"","bundled_by":["4308"],"bundled_items":[],"yoast_head":"<!-- This site is optimized with the Yoast SEO plugin v27.3 - https:\/\/yoast.com\/product\/yoast-seo-wordpress\/ -->\n<title>Cuisses de Poulet avec os | AMGA<\/title>\n<meta name=\"description\" content=\"Achetez les Cuisses de poulet avec os (drumstick et cuisse), fra\u00eeches et non-OGM provenant de fermes canadiennes. Livr\u00e9es directement \u00e0 votre porte.\" \/>\n<meta name=\"robots\" content=\"index, follow, max-snippet:-1, max-image-preview:large, max-video-preview:-1\" \/>\n<link rel=\"canonical\" href=\"https:\/\/alimentsamga.com\/fr\/produit\/cuisses-de-poulet-pilon-et-cuisse\/\" \/>\n<meta property=\"og:locale\" content=\"fr_FR\" \/>\n<meta property=\"og:type\" content=\"article\" \/>\n<meta property=\"og:title\" content=\"Cuisses de Poulet avec os | AMGA\" \/>\n<meta property=\"og:description\" content=\"Achetez les Cuisses de poulet avec os (drumstick et cuisse), fra\u00eeches et non-OGM provenant de fermes canadiennes. Livr\u00e9es directement \u00e0 votre porte.\" \/>\n<meta property=\"og:url\" content=\"https:\/\/alimentsamga.com\/fr\/produit\/cuisses-de-poulet-pilon-et-cuisse\/\" \/>\n<meta property=\"og:site_name\" content=\"AMGA\" \/>\n<meta property=\"article:modified_time\" content=\"2025-03-05T16:33:07+00:00\" \/>\n<meta property=\"og:image\" content=\"https:\/\/alimentsamga.com\/wp-content\/uploads\/2020\/09\/1033-2-e1714748981392.jpg\" \/>\n\t<meta property=\"og:image:width\" content=\"566\" \/>\n\t<meta property=\"og:image:height\" content=\"480\" \/>\n\t<meta property=\"og:image:type\" content=\"image\/jpeg\" \/>\n<meta name=\"twitter:card\" content=\"summary_large_image\" \/>\n<meta name=\"twitter:label1\" content=\"Dur\u00e9e de lecture estim\u00e9e\" \/>\n\t<meta name=\"twitter:data1\" content=\"1 minute\" \/>\n<script type=\"application\/ld+json\" class=\"yoast-schema-graph\">{\"@context\":\"https:\\\/\\\/schema.org\",\"@graph\":[{\"@type\":\"WebPage\",\"@id\":\"https:\\\/\\\/alimentsamga.com\\\/fr\\\/produit\\\/cuisses-de-poulet-pilon-et-cuisse\\\/\",\"url\":\"https:\\\/\\\/alimentsamga.com\\\/fr\\\/produit\\\/cuisses-de-poulet-pilon-et-cuisse\\\/\",\"name\":\"Cuisses de Poulet avec os | AMGA\",\"isPartOf\":{\"@id\":\"https:\\\/\\\/alimentsamga.com\\\/fr\\\/#website\"},\"primaryImageOfPage\":{\"@id\":\"https:\\\/\\\/alimentsamga.com\\\/fr\\\/produit\\\/cuisses-de-poulet-pilon-et-cuisse\\\/#primaryimage\"},\"image\":{\"@id\":\"https:\\\/\\\/alimentsamga.com\\\/fr\\\/produit\\\/cuisses-de-poulet-pilon-et-cuisse\\\/#primaryimage\"},\"thumbnailUrl\":\"https:\\\/\\\/alimentsamga.com\\\/wp-content\\\/uploads\\\/2020\\\/09\\\/1033-2-e1714748981392.jpg\",\"datePublished\":\"2020-09-07T23:18:08+00:00\",\"dateModified\":\"2025-03-05T16:33:07+00:00\",\"description\":\"Achetez les Cuisses de poulet avec os (drumstick et cuisse), fra\u00eeches et non-OGM provenant de fermes canadiennes. Livr\u00e9es directement \u00e0 votre porte.\",\"breadcrumb\":{\"@id\":\"https:\\\/\\\/alimentsamga.com\\\/fr\\\/produit\\\/cuisses-de-poulet-pilon-et-cuisse\\\/#breadcrumb\"},\"inLanguage\":\"fr-FR\",\"potentialAction\":[{\"@type\":\"ReadAction\",\"target\":[\"https:\\\/\\\/alimentsamga.com\\\/fr\\\/produit\\\/cuisses-de-poulet-pilon-et-cuisse\\\/\"]}]},{\"@type\":\"ImageObject\",\"inLanguage\":\"fr-FR\",\"@id\":\"https:\\\/\\\/alimentsamga.com\\\/fr\\\/produit\\\/cuisses-de-poulet-pilon-et-cuisse\\\/#primaryimage\",\"url\":\"https:\\\/\\\/alimentsamga.com\\\/wp-content\\\/uploads\\\/2020\\\/09\\\/1033-2-e1714748981392.jpg\",\"contentUrl\":\"https:\\\/\\\/alimentsamga.com\\\/wp-content\\\/uploads\\\/2020\\\/09\\\/1033-2-e1714748981392.jpg\",\"width\":566,\"height\":480,\"caption\":\"Chicken Legs with Bone\"},{\"@type\":\"BreadcrumbList\",\"@id\":\"https:\\\/\\\/alimentsamga.com\\\/fr\\\/produit\\\/cuisses-de-poulet-pilon-et-cuisse\\\/#breadcrumb\",\"itemListElement\":[{\"@type\":\"ListItem\",\"position\":1,\"name\":\"Home\",\"item\":\"https:\\\/\\\/alimentsamga.com\\\/fr\\\/\"},{\"@type\":\"ListItem\",\"position\":2,\"name\":\"Boutique\",\"item\":\"https:\\\/\\\/alimentsamga.com\\\/fr\\\/boutique\\\/\"},{\"@type\":\"ListItem\",\"position\":3,\"name\":\"Cuisses de Poulet (Pilon et Cuisse)\"}]},{\"@type\":\"WebSite\",\"@id\":\"https:\\\/\\\/alimentsamga.com\\\/fr\\\/#website\",\"url\":\"https:\\\/\\\/alimentsamga.com\\\/fr\\\/\",\"name\":\"AMGA\",\"description\":\"Aliments Amga\",\"publisher\":{\"@id\":\"https:\\\/\\\/alimentsamga.com\\\/fr\\\/#organization\"},\"potentialAction\":[{\"@type\":\"SearchAction\",\"target\":{\"@type\":\"EntryPoint\",\"urlTemplate\":\"https:\\\/\\\/alimentsamga.com\\\/fr\\\/?s={search_term_string}\"},\"query-input\":{\"@type\":\"PropertyValueSpecification\",\"valueRequired\":true,\"valueName\":\"search_term_string\"}}],\"inLanguage\":\"fr-FR\"},{\"@type\":\"Organization\",\"@id\":\"https:\\\/\\\/alimentsamga.com\\\/fr\\\/#organization\",\"name\":\"AMGA\",\"url\":\"https:\\\/\\\/alimentsamga.com\\\/fr\\\/\",\"logo\":{\"@type\":\"ImageObject\",\"inLanguage\":\"fr-FR\",\"@id\":\"https:\\\/\\\/alimentsamga.com\\\/fr\\\/#\\\/schema\\\/logo\\\/image\\\/\",\"url\":\"https:\\\/\\\/alimentsamga.com\\\/wp-content\\\/uploads\\\/2020\\\/11\\\/amgachezvous-logo-blue-e1619460460184.png\",\"contentUrl\":\"https:\\\/\\\/alimentsamga.com\\\/wp-content\\\/uploads\\\/2020\\\/11\\\/amgachezvous-logo-blue-e1619460460184.png\",\"width\":131,\"height\":80,\"caption\":\"AMGA\"},\"image\":{\"@id\":\"https:\\\/\\\/alimentsamga.com\\\/fr\\\/#\\\/schema\\\/logo\\\/image\\\/\"},\"sameAs\":[\"https:\\\/\\\/www.instagram.com\\\/aliments.amga\\\/?hl=en\"]}]}<\/script>\n<!-- \/ Yoast SEO plugin. -->","yoast_head_json":{"title":"Cuisses de Poulet avec os | AMGA","description":"Achetez les Cuisses de poulet avec os (drumstick et cuisse), fra\u00eeches et non-OGM provenant de fermes canadiennes. Livr\u00e9es directement \u00e0 votre porte.","robots":{"index":"index","follow":"follow","max-snippet":"max-snippet:-1","max-image-preview":"max-image-preview:large","max-video-preview":"max-video-preview:-1"},"canonical":"https:\/\/alimentsamga.com\/fr\/produit\/cuisses-de-poulet-pilon-et-cuisse\/","og_locale":"fr_FR","og_type":"article","og_title":"Cuisses de Poulet avec os | AMGA","og_description":"Achetez les Cuisses de poulet avec os (drumstick et cuisse), fra\u00eeches et non-OGM provenant de fermes canadiennes. Livr\u00e9es directement \u00e0 votre porte.","og_url":"https:\/\/alimentsamga.com\/fr\/produit\/cuisses-de-poulet-pilon-et-cuisse\/","og_site_name":"AMGA","article_modified_time":"2025-03-05T16:33:07+00:00","og_image":[{"width":566,"height":480,"url":"https:\/\/alimentsamga.com\/wp-content\/uploads\/2020\/09\/1033-2-e1714748981392.jpg","type":"image\/jpeg"}],"twitter_card":"summary_large_image","twitter_misc":{"Dur\u00e9e de lecture estim\u00e9e":"1 minute"},"schema":{"@context":"https:\/\/schema.org","@graph":[{"@type":"WebPage","@id":"https:\/\/alimentsamga.com\/fr\/produit\/cuisses-de-poulet-pilon-et-cuisse\/","url":"https:\/\/alimentsamga.com\/fr\/produit\/cuisses-de-poulet-pilon-et-cuisse\/","name":"Cuisses de Poulet avec os | AMGA","isPartOf":{"@id":"https:\/\/alimentsamga.com\/fr\/#website"},"primaryImageOfPage":{"@id":"https:\/\/alimentsamga.com\/fr\/produit\/cuisses-de-poulet-pilon-et-cuisse\/#primaryimage"},"image":{"@id":"https:\/\/alimentsamga.com\/fr\/produit\/cuisses-de-poulet-pilon-et-cuisse\/#primaryimage"},"thumbnailUrl":"https:\/\/alimentsamga.com\/wp-content\/uploads\/2020\/09\/1033-2-e1714748981392.jpg","datePublished":"2020-09-07T23:18:08+00:00","dateModified":"2025-03-05T16:33:07+00:00","description":"Achetez les Cuisses de poulet avec os (drumstick et cuisse), fra\u00eeches et non-OGM provenant de fermes canadiennes. Livr\u00e9es directement \u00e0 votre porte.","breadcrumb":{"@id":"https:\/\/alimentsamga.com\/fr\/produit\/cuisses-de-poulet-pilon-et-cuisse\/#breadcrumb"},"inLanguage":"fr-FR","potentialAction":[{"@type":"ReadAction","target":["https:\/\/alimentsamga.com\/fr\/produit\/cuisses-de-poulet-pilon-et-cuisse\/"]}]},{"@type":"ImageObject","inLanguage":"fr-FR","@id":"https:\/\/alimentsamga.com\/fr\/produit\/cuisses-de-poulet-pilon-et-cuisse\/#primaryimage","url":"https:\/\/alimentsamga.com\/wp-content\/uploads\/2020\/09\/1033-2-e1714748981392.jpg","contentUrl":"https:\/\/alimentsamga.com\/wp-content\/uploads\/2020\/09\/1033-2-e1714748981392.jpg","width":566,"height":480,"caption":"Chicken Legs with Bone"},{"@type":"BreadcrumbList","@id":"https:\/\/alimentsamga.com\/fr\/produit\/cuisses-de-poulet-pilon-et-cuisse\/#breadcrumb","itemListElement":[{"@type":"ListItem","position":1,"name":"Home","item":"https:\/\/alimentsamga.com\/fr\/"},{"@type":"ListItem","position":2,"name":"Boutique","item":"https:\/\/alimentsamga.com\/fr\/boutique\/"},{"@type":"ListItem","position":3,"name":"Cuisses de Poulet (Pilon et Cuisse)"}]},{"@type":"WebSite","@id":"https:\/\/alimentsamga.com\/fr\/#website","url":"https:\/\/alimentsamga.com\/fr\/","name":"AMGA","description":"Aliments Amga","publisher":{"@id":"https:\/\/alimentsamga.com\/fr\/#organization"},"potentialAction":[{"@type":"SearchAction","target":{"@type":"EntryPoint","urlTemplate":"https:\/\/alimentsamga.com\/fr\/?s={search_term_string}"},"query-input":{"@type":"PropertyValueSpecification","valueRequired":true,"valueName":"search_term_string"}}],"inLanguage":"fr-FR"},{"@type":"Organization","@id":"https:\/\/alimentsamga.com\/fr\/#organization","name":"AMGA","url":"https:\/\/alimentsamga.com\/fr\/","logo":{"@type":"ImageObject","inLanguage":"fr-FR","@id":"https:\/\/alimentsamga.com\/fr\/#\/schema\/logo\/image\/","url":"https:\/\/alimentsamga.com\/wp-content\/uploads\/2020\/11\/amgachezvous-logo-blue-e1619460460184.png","contentUrl":"https:\/\/alimentsamga.com\/wp-content\/uploads\/2020\/11\/amgachezvous-logo-blue-e1619460460184.png","width":131,"height":80,"caption":"AMGA"},"image":{"@id":"https:\/\/alimentsamga.com\/fr\/#\/schema\/logo\/image\/"},"sameAs":["https:\/\/www.instagram.com\/aliments.amga\/?hl=en"]}]}},"_links":{"self":[{"href":"https:\/\/alimentsamga.com\/fr\/wp-json\/wp\/v2\/product\/784","targetHints":{"allow":["GET"]}}],"collection":[{"href":"https:\/\/alimentsamga.com\/fr\/wp-json\/wp\/v2\/product"}],"about":[{"href":"https:\/\/alimentsamga.com\/fr\/wp-json\/wp\/v2\/types\/product"}],"replies":[{"embeddable":true,"href":"https:\/\/alimentsamga.com\/fr\/wp-json\/wp\/v2\/comments?post=784"}],"wp:featuredmedia":[{"embeddable":true,"href":"https:\/\/alimentsamga.com\/fr\/wp-json\/wp\/v2\/media\/10525"}],"wp:attachment":[{"href":"https:\/\/alimentsamga.com\/fr\/wp-json\/wp\/v2\/media?parent=784"}],"wp:term":[{"taxonomy":"product_brand","embeddable":true,"href":"https:\/\/alimentsamga.com\/fr\/wp-json\/wp\/v2\/product_brand?post=784"},{"taxonomy":"product_cat","embeddable":true,"href":"https:\/\/alimentsamga.com\/fr\/wp-json\/wp\/v2\/product_cat?post=784"},{"taxonomy":"product_tag","embeddable":true,"href":"https:\/\/alimentsamga.com\/fr\/wp-json\/wp\/v2\/product_tag?post=784"}],"curies":[{"name":"wp","href":"https:\/\/api.w.org\/{rel}","templated":true}]}}