{"id":783,"date":"2020-09-07T23:21:18","date_gmt":"2020-09-07T23:21:18","guid":{"rendered":"https:\/\/amga.oncode.ca\/product\/souvlaki-de-poulet-marine-a-la-grecque\/"},"modified":"2025-03-06T07:45:55","modified_gmt":"2025-03-06T12:45:55","slug":"souvlaki-de-poulet-marinees-a-la-grecque","status":"publish","type":"product","link":"https:\/\/alimentsamga.com\/fr\/produit\/souvlaki-de-poulet-marinees-a-la-grecque\/","title":{"rendered":"Souvlaki de Poulet Marin\u00e9 \u201cStyle Grec\u201d"},"content":{"rendered":"<p>Nos Brochettes de poulet marin\u00e9es \u201cStyle grec\u201d se pr\u00e9sentent avec 10 brochettes, chacune de 100g (3.53 ounces), marin\u00e9es \u00e0 la perfection avec des saveurs grecques audacieuses. Faites \u00e0 partir de volaille fra\u00eeche, non-OGM, provenant de fermes canadiennes, ces d\u00e9licieuses brochettes sont sous vide pour pr\u00e9server leur go\u00fbt authentique. Id\u00e9ales pour la grillade, ces brochettes de poulet apportent une saveur vibrante et savoureuse \u00e0 vos repas.<\/p>\n<p data-start=\"1825\" data-end=\"2152\">Que vous les d\u00e9gustiez sur un b\u00e2tonnet, dans un pita ou avec une salade, nos Brochettes de poulet marin\u00e9es satisferont vos envies de cuisine grecque. Livr\u00e9es fra\u00eeches \u00e0 votre porte, elles sont parfaites pour un d\u00eener rapide et savoureux ou un BBQ. Profitez de la commodit\u00e9 de la volaille premium sans hormones \u00e0 chaque bouch\u00e9e.<\/p>\n<p>Consultez nos<a href=\"https:\/\/alimentsamga.com\/fr\/categorie-produit\/repas-rapide\/\">\u00a0autres produits Speedy Supper ici<\/a>, pour un repas rapide mais d\u00e9licieux.<\/p>\n<p>Consultez nos <a href=\"https:\/\/alimentsamga.com\/fr\/categorie-produit\/volaille\/\">autres\u00a0produits de volaille ici.<\/a><\/p>\n<p>&nbsp;<\/p>\n","protected":false},"excerpt":{"rendered":"Paquet\u00a0 de 10 b\u00e2tons\r\n\r\n100g l&rsquo;unit\u00e9","protected":false},"featured_media":10523,"comment_status":"open","ping_status":"closed","template":"","meta":{"content-type":""},"product_brand":[],"product_cat":[161,165,93],"product_tag":[],"class_list":{"0":"post-783","1":"product","2":"type-product","3":"status-publish","4":"has-post-thumbnail","6":"product_cat-repas-rapide","7":"product_cat-viandes","8":"product_cat-volaille","10":"first","11":"instock","12":"shipping-taxable","13":"purchasable","14":"product-type-simple"},"bundle_layout":"","bundle_add_to_cart_form_location":"","bundle_editable_in_cart":false,"bundle_sold_individually_context":"","bundle_item_grouping":"","bundle_min_size":"","bundle_max_size":"","bundled_by":["4308"],"bundled_items":[],"yoast_head":"<!-- This site is optimized with the Yoast SEO plugin v27.3 - https:\/\/yoast.com\/product\/yoast-seo-wordpress\/ -->\n<title>Brochettes de Poulet Marin\u00e9es - AMGA<\/title>\n<meta name=\"description\" content=\"Achetez les Brochettes de poulet marin\u00e9es \u201cStyle grec\u201d, 10 brochettes, 100g chacune. Non-OGM, provenant de fermes canadiennes, livr\u00e9es \u00e0 votre porte.\" \/>\n<meta name=\"robots\" content=\"index, follow, max-snippet:-1, max-image-preview:large, max-video-preview:-1\" \/>\n<link rel=\"canonical\" href=\"https:\/\/alimentsamga.com\/fr\/produit\/souvlaki-de-poulet-marinees-a-la-grecque\/\" \/>\n<meta property=\"og:locale\" content=\"fr_FR\" \/>\n<meta property=\"og:type\" content=\"article\" \/>\n<meta property=\"og:title\" content=\"Brochettes de Poulet Marin\u00e9es - AMGA\" \/>\n<meta property=\"og:description\" content=\"Achetez les Brochettes de poulet marin\u00e9es \u201cStyle grec\u201d, 10 brochettes, 100g chacune. Non-OGM, provenant de fermes canadiennes, livr\u00e9es \u00e0 votre porte.\" \/>\n<meta property=\"og:url\" content=\"https:\/\/alimentsamga.com\/fr\/produit\/souvlaki-de-poulet-marinees-a-la-grecque\/\" \/>\n<meta property=\"og:site_name\" content=\"AMGA\" \/>\n<meta property=\"article:modified_time\" content=\"2025-03-06T12:45:55+00:00\" \/>\n<meta property=\"og:image\" content=\"https:\/\/alimentsamga.com\/wp-content\/uploads\/2020\/09\/1149-2.jpg\" \/>\n\t<meta property=\"og:image:width\" content=\"720\" \/>\n\t<meta property=\"og:image:height\" content=\"480\" \/>\n\t<meta property=\"og:image:type\" content=\"image\/jpeg\" \/>\n<meta name=\"twitter:card\" content=\"summary_large_image\" \/>\n<meta name=\"twitter:label1\" content=\"Dur\u00e9e de lecture estim\u00e9e\" \/>\n\t<meta name=\"twitter:data1\" content=\"1 minute\" \/>\n<script type=\"application\/ld+json\" class=\"yoast-schema-graph\">{\"@context\":\"https:\\\/\\\/schema.org\",\"@graph\":[{\"@type\":\"WebPage\",\"@id\":\"https:\\\/\\\/alimentsamga.com\\\/fr\\\/produit\\\/souvlaki-de-poulet-marinees-a-la-grecque\\\/\",\"url\":\"https:\\\/\\\/alimentsamga.com\\\/fr\\\/produit\\\/souvlaki-de-poulet-marinees-a-la-grecque\\\/\",\"name\":\"Brochettes de Poulet Marin\u00e9es - AMGA\",\"isPartOf\":{\"@id\":\"https:\\\/\\\/alimentsamga.com\\\/fr\\\/#website\"},\"primaryImageOfPage\":{\"@id\":\"https:\\\/\\\/alimentsamga.com\\\/fr\\\/produit\\\/souvlaki-de-poulet-marinees-a-la-grecque\\\/#primaryimage\"},\"image\":{\"@id\":\"https:\\\/\\\/alimentsamga.com\\\/fr\\\/produit\\\/souvlaki-de-poulet-marinees-a-la-grecque\\\/#primaryimage\"},\"thumbnailUrl\":\"https:\\\/\\\/alimentsamga.com\\\/wp-content\\\/uploads\\\/2020\\\/09\\\/1149-2.jpg\",\"datePublished\":\"2020-09-07T23:21:18+00:00\",\"dateModified\":\"2025-03-06T12:45:55+00:00\",\"description\":\"Achetez les Brochettes de poulet marin\u00e9es \u201cStyle grec\u201d, 10 brochettes, 100g chacune. Non-OGM, provenant de fermes canadiennes, livr\u00e9es \u00e0 votre porte.\",\"breadcrumb\":{\"@id\":\"https:\\\/\\\/alimentsamga.com\\\/fr\\\/produit\\\/souvlaki-de-poulet-marinees-a-la-grecque\\\/#breadcrumb\"},\"inLanguage\":\"fr-FR\",\"potentialAction\":[{\"@type\":\"ReadAction\",\"target\":[\"https:\\\/\\\/alimentsamga.com\\\/fr\\\/produit\\\/souvlaki-de-poulet-marinees-a-la-grecque\\\/\"]}]},{\"@type\":\"ImageObject\",\"inLanguage\":\"fr-FR\",\"@id\":\"https:\\\/\\\/alimentsamga.com\\\/fr\\\/produit\\\/souvlaki-de-poulet-marinees-a-la-grecque\\\/#primaryimage\",\"url\":\"https:\\\/\\\/alimentsamga.com\\\/wp-content\\\/uploads\\\/2020\\\/09\\\/1149-2.jpg\",\"contentUrl\":\"https:\\\/\\\/alimentsamga.com\\\/wp-content\\\/uploads\\\/2020\\\/09\\\/1149-2.jpg\",\"width\":720,\"height\":480,\"caption\":\"Marinated Chicken Souvlaki\"},{\"@type\":\"BreadcrumbList\",\"@id\":\"https:\\\/\\\/alimentsamga.com\\\/fr\\\/produit\\\/souvlaki-de-poulet-marinees-a-la-grecque\\\/#breadcrumb\",\"itemListElement\":[{\"@type\":\"ListItem\",\"position\":1,\"name\":\"Home\",\"item\":\"https:\\\/\\\/alimentsamga.com\\\/fr\\\/\"},{\"@type\":\"ListItem\",\"position\":2,\"name\":\"Boutique\",\"item\":\"https:\\\/\\\/alimentsamga.com\\\/fr\\\/boutique\\\/\"},{\"@type\":\"ListItem\",\"position\":3,\"name\":\"Souvlaki de Poulet Marin\u00e9 \u201cStyle Grec\u201d\"}]},{\"@type\":\"WebSite\",\"@id\":\"https:\\\/\\\/alimentsamga.com\\\/fr\\\/#website\",\"url\":\"https:\\\/\\\/alimentsamga.com\\\/fr\\\/\",\"name\":\"AMGA\",\"description\":\"Aliments Amga\",\"publisher\":{\"@id\":\"https:\\\/\\\/alimentsamga.com\\\/fr\\\/#organization\"},\"potentialAction\":[{\"@type\":\"SearchAction\",\"target\":{\"@type\":\"EntryPoint\",\"urlTemplate\":\"https:\\\/\\\/alimentsamga.com\\\/fr\\\/?s={search_term_string}\"},\"query-input\":{\"@type\":\"PropertyValueSpecification\",\"valueRequired\":true,\"valueName\":\"search_term_string\"}}],\"inLanguage\":\"fr-FR\"},{\"@type\":\"Organization\",\"@id\":\"https:\\\/\\\/alimentsamga.com\\\/fr\\\/#organization\",\"name\":\"AMGA\",\"url\":\"https:\\\/\\\/alimentsamga.com\\\/fr\\\/\",\"logo\":{\"@type\":\"ImageObject\",\"inLanguage\":\"fr-FR\",\"@id\":\"https:\\\/\\\/alimentsamga.com\\\/fr\\\/#\\\/schema\\\/logo\\\/image\\\/\",\"url\":\"https:\\\/\\\/alimentsamga.com\\\/wp-content\\\/uploads\\\/2020\\\/11\\\/amgachezvous-logo-blue-e1619460460184.png\",\"contentUrl\":\"https:\\\/\\\/alimentsamga.com\\\/wp-content\\\/uploads\\\/2020\\\/11\\\/amgachezvous-logo-blue-e1619460460184.png\",\"width\":131,\"height\":80,\"caption\":\"AMGA\"},\"image\":{\"@id\":\"https:\\\/\\\/alimentsamga.com\\\/fr\\\/#\\\/schema\\\/logo\\\/image\\\/\"},\"sameAs\":[\"https:\\\/\\\/www.instagram.com\\\/aliments.amga\\\/?hl=en\"]}]}<\/script>\n<!-- \/ Yoast SEO plugin. -->","yoast_head_json":{"title":"Brochettes de Poulet Marin\u00e9es - AMGA","description":"Achetez les Brochettes de poulet marin\u00e9es \u201cStyle grec\u201d, 10 brochettes, 100g chacune. Non-OGM, provenant de fermes canadiennes, livr\u00e9es \u00e0 votre porte.","robots":{"index":"index","follow":"follow","max-snippet":"max-snippet:-1","max-image-preview":"max-image-preview:large","max-video-preview":"max-video-preview:-1"},"canonical":"https:\/\/alimentsamga.com\/fr\/produit\/souvlaki-de-poulet-marinees-a-la-grecque\/","og_locale":"fr_FR","og_type":"article","og_title":"Brochettes de Poulet Marin\u00e9es - AMGA","og_description":"Achetez les Brochettes de poulet marin\u00e9es \u201cStyle grec\u201d, 10 brochettes, 100g chacune. Non-OGM, provenant de fermes canadiennes, livr\u00e9es \u00e0 votre porte.","og_url":"https:\/\/alimentsamga.com\/fr\/produit\/souvlaki-de-poulet-marinees-a-la-grecque\/","og_site_name":"AMGA","article_modified_time":"2025-03-06T12:45:55+00:00","og_image":[{"width":720,"height":480,"url":"https:\/\/alimentsamga.com\/wp-content\/uploads\/2020\/09\/1149-2.jpg","type":"image\/jpeg"}],"twitter_card":"summary_large_image","twitter_misc":{"Dur\u00e9e de lecture estim\u00e9e":"1 minute"},"schema":{"@context":"https:\/\/schema.org","@graph":[{"@type":"WebPage","@id":"https:\/\/alimentsamga.com\/fr\/produit\/souvlaki-de-poulet-marinees-a-la-grecque\/","url":"https:\/\/alimentsamga.com\/fr\/produit\/souvlaki-de-poulet-marinees-a-la-grecque\/","name":"Brochettes de Poulet Marin\u00e9es - AMGA","isPartOf":{"@id":"https:\/\/alimentsamga.com\/fr\/#website"},"primaryImageOfPage":{"@id":"https:\/\/alimentsamga.com\/fr\/produit\/souvlaki-de-poulet-marinees-a-la-grecque\/#primaryimage"},"image":{"@id":"https:\/\/alimentsamga.com\/fr\/produit\/souvlaki-de-poulet-marinees-a-la-grecque\/#primaryimage"},"thumbnailUrl":"https:\/\/alimentsamga.com\/wp-content\/uploads\/2020\/09\/1149-2.jpg","datePublished":"2020-09-07T23:21:18+00:00","dateModified":"2025-03-06T12:45:55+00:00","description":"Achetez les Brochettes de poulet marin\u00e9es \u201cStyle grec\u201d, 10 brochettes, 100g chacune. Non-OGM, provenant de fermes canadiennes, livr\u00e9es \u00e0 votre porte.","breadcrumb":{"@id":"https:\/\/alimentsamga.com\/fr\/produit\/souvlaki-de-poulet-marinees-a-la-grecque\/#breadcrumb"},"inLanguage":"fr-FR","potentialAction":[{"@type":"ReadAction","target":["https:\/\/alimentsamga.com\/fr\/produit\/souvlaki-de-poulet-marinees-a-la-grecque\/"]}]},{"@type":"ImageObject","inLanguage":"fr-FR","@id":"https:\/\/alimentsamga.com\/fr\/produit\/souvlaki-de-poulet-marinees-a-la-grecque\/#primaryimage","url":"https:\/\/alimentsamga.com\/wp-content\/uploads\/2020\/09\/1149-2.jpg","contentUrl":"https:\/\/alimentsamga.com\/wp-content\/uploads\/2020\/09\/1149-2.jpg","width":720,"height":480,"caption":"Marinated Chicken Souvlaki"},{"@type":"BreadcrumbList","@id":"https:\/\/alimentsamga.com\/fr\/produit\/souvlaki-de-poulet-marinees-a-la-grecque\/#breadcrumb","itemListElement":[{"@type":"ListItem","position":1,"name":"Home","item":"https:\/\/alimentsamga.com\/fr\/"},{"@type":"ListItem","position":2,"name":"Boutique","item":"https:\/\/alimentsamga.com\/fr\/boutique\/"},{"@type":"ListItem","position":3,"name":"Souvlaki de Poulet Marin\u00e9 \u201cStyle Grec\u201d"}]},{"@type":"WebSite","@id":"https:\/\/alimentsamga.com\/fr\/#website","url":"https:\/\/alimentsamga.com\/fr\/","name":"AMGA","description":"Aliments Amga","publisher":{"@id":"https:\/\/alimentsamga.com\/fr\/#organization"},"potentialAction":[{"@type":"SearchAction","target":{"@type":"EntryPoint","urlTemplate":"https:\/\/alimentsamga.com\/fr\/?s={search_term_string}"},"query-input":{"@type":"PropertyValueSpecification","valueRequired":true,"valueName":"search_term_string"}}],"inLanguage":"fr-FR"},{"@type":"Organization","@id":"https:\/\/alimentsamga.com\/fr\/#organization","name":"AMGA","url":"https:\/\/alimentsamga.com\/fr\/","logo":{"@type":"ImageObject","inLanguage":"fr-FR","@id":"https:\/\/alimentsamga.com\/fr\/#\/schema\/logo\/image\/","url":"https:\/\/alimentsamga.com\/wp-content\/uploads\/2020\/11\/amgachezvous-logo-blue-e1619460460184.png","contentUrl":"https:\/\/alimentsamga.com\/wp-content\/uploads\/2020\/11\/amgachezvous-logo-blue-e1619460460184.png","width":131,"height":80,"caption":"AMGA"},"image":{"@id":"https:\/\/alimentsamga.com\/fr\/#\/schema\/logo\/image\/"},"sameAs":["https:\/\/www.instagram.com\/aliments.amga\/?hl=en"]}]}},"_links":{"self":[{"href":"https:\/\/alimentsamga.com\/fr\/wp-json\/wp\/v2\/product\/783","targetHints":{"allow":["GET"]}}],"collection":[{"href":"https:\/\/alimentsamga.com\/fr\/wp-json\/wp\/v2\/product"}],"about":[{"href":"https:\/\/alimentsamga.com\/fr\/wp-json\/wp\/v2\/types\/product"}],"replies":[{"embeddable":true,"href":"https:\/\/alimentsamga.com\/fr\/wp-json\/wp\/v2\/comments?post=783"}],"wp:featuredmedia":[{"embeddable":true,"href":"https:\/\/alimentsamga.com\/fr\/wp-json\/wp\/v2\/media\/10523"}],"wp:attachment":[{"href":"https:\/\/alimentsamga.com\/fr\/wp-json\/wp\/v2\/media?parent=783"}],"wp:term":[{"taxonomy":"product_brand","embeddable":true,"href":"https:\/\/alimentsamga.com\/fr\/wp-json\/wp\/v2\/product_brand?post=783"},{"taxonomy":"product_cat","embeddable":true,"href":"https:\/\/alimentsamga.com\/fr\/wp-json\/wp\/v2\/product_cat?post=783"},{"taxonomy":"product_tag","embeddable":true,"href":"https:\/\/alimentsamga.com\/fr\/wp-json\/wp\/v2\/product_tag?post=783"}],"curies":[{"name":"wp","href":"https:\/\/api.w.org\/{rel}","templated":true}]}}