{"id":782,"date":"2020-09-07T23:29:32","date_gmt":"2020-09-07T23:29:32","guid":{"rendered":"https:\/\/amga.oncode.ca\/product\/ailes-de-poulet-divisees\/"},"modified":"2025-03-05T10:58:51","modified_gmt":"2025-03-05T15:58:51","slug":"ailes-de-poulet-separees","status":"publish","type":"product","link":"https:\/\/alimentsamga.com\/fr\/produit\/ailes-de-poulet-separees\/","title":{"rendered":"Ailes de poulet (s\u00e9par\u00e9es)"},"content":{"rendered":"<p>Nos Ailes de poulet (s\u00e9par\u00e9es) contiennent 20 ailes dans un paquet de 1 kg (2.2 pounds), parfaites pour griller, r\u00f4tir ou frire. Provenant de fermes canadiennes, ces ailes sont fra\u00eeches, non-OGM et sous vide pour pr\u00e9server leur saveur naturelle. Que vous pr\u00e9pariez des ailes de poulet classiques ou que vous testiez vos assaisonnements pr\u00e9f\u00e9r\u00e9s, ces ailes s\u00e9par\u00e9es sont id\u00e9ales pour un repas savoureux et personnalisable.<\/p>\n<p data-start=\"1733\" data-end=\"2119\">Ces Ailes de poulet sont tendres, juteuses et pr\u00eates \u00e0 cuisiner. Leur fra\u00eecheur et leur qualit\u00e9 sup\u00e9rieure assurent un repas satisfaisant \u00e0 chaque bouch\u00e9e. Livr\u00e9es directement \u00e0 votre porte, elles offrent commodit\u00e9 tout en maintenant une qualit\u00e9 premium sans hormones. Parfaites pour des repas en famille ou des encas lors d\u2019un match, ces ailes deviendront un favori de tous!<\/p>\n<p>Consultez nos <a href=\"https:\/\/alimentsamga.com\/fr\/categorie-produit\/volaille\/\">autres\u00a0produits de volaille ici.<\/a><\/p>\n","protected":false},"excerpt":{"rendered":"20 ailes: 1kg","protected":false},"featured_media":10531,"comment_status":"open","ping_status":"closed","template":"","meta":{"content-type":""},"product_brand":[],"product_cat":[93],"product_tag":[],"class_list":{"0":"post-782","1":"product","2":"type-product","3":"status-publish","4":"has-post-thumbnail","6":"product_cat-volaille","8":"first","9":"instock","10":"shipping-taxable","11":"purchasable","12":"product-type-variable"},"bundle_layout":"","bundle_add_to_cart_form_location":"","bundle_editable_in_cart":false,"bundle_sold_individually_context":"","bundle_item_grouping":"","bundle_min_size":"","bundle_max_size":"","bundled_by":["4301","10902"],"bundled_items":[],"yoast_head":"<!-- This site is optimized with the Yoast SEO plugin v27.4 - https:\/\/yoast.com\/product\/yoast-seo-wordpress\/ -->\n<title>Ailes de poulet (s\u00e9par\u00e9es) | AMGA<\/title>\n<meta name=\"description\" content=\"Achetez les Ailes de poulet (s\u00e9par\u00e9es) \u2013 20 ailes, 1 kg. Fra\u00eeches, non-OGM, sous vide et provenant de fermes canadiennes, livr\u00e9es directement \u00e0 votre porte.\" \/>\n<meta name=\"robots\" content=\"index, follow, max-snippet:-1, max-image-preview:large, max-video-preview:-1\" \/>\n<link rel=\"canonical\" href=\"https:\/\/alimentsamga.com\/fr\/produit\/ailes-de-poulet-separees\/\" \/>\n<meta property=\"og:locale\" content=\"fr_FR\" \/>\n<meta property=\"og:type\" content=\"article\" \/>\n<meta property=\"og:title\" content=\"Ailes de poulet (s\u00e9par\u00e9es) | AMGA\" \/>\n<meta property=\"og:description\" content=\"Achetez les Ailes de poulet (s\u00e9par\u00e9es) \u2013 20 ailes, 1 kg. Fra\u00eeches, non-OGM, sous vide et provenant de fermes canadiennes, livr\u00e9es directement \u00e0 votre porte.\" \/>\n<meta property=\"og:url\" content=\"https:\/\/alimentsamga.com\/fr\/produit\/ailes-de-poulet-separees\/\" \/>\n<meta property=\"og:site_name\" content=\"AMGA\" \/>\n<meta property=\"article:modified_time\" content=\"2025-03-05T15:58:51+00:00\" \/>\n<meta property=\"og:image\" content=\"https:\/\/alimentsamga.com\/wp-content\/uploads\/2020\/09\/1030-e1714749127532.jpg\" \/>\n\t<meta property=\"og:image:width\" content=\"553\" \/>\n\t<meta property=\"og:image:height\" content=\"480\" \/>\n\t<meta property=\"og:image:type\" content=\"image\/jpeg\" \/>\n<meta name=\"twitter:card\" content=\"summary_large_image\" \/>\n<meta name=\"twitter:label1\" content=\"Dur\u00e9e de lecture estim\u00e9e\" \/>\n\t<meta name=\"twitter:data1\" content=\"1 minute\" \/>\n<script type=\"application\/ld+json\" class=\"yoast-schema-graph\">{\"@context\":\"https:\\\/\\\/schema.org\",\"@graph\":[{\"@type\":\"WebPage\",\"@id\":\"https:\\\/\\\/alimentsamga.com\\\/fr\\\/produit\\\/ailes-de-poulet-separees\\\/\",\"url\":\"https:\\\/\\\/alimentsamga.com\\\/fr\\\/produit\\\/ailes-de-poulet-separees\\\/\",\"name\":\"Ailes de poulet (s\u00e9par\u00e9es) | AMGA\",\"isPartOf\":{\"@id\":\"https:\\\/\\\/alimentsamga.com\\\/fr\\\/#website\"},\"primaryImageOfPage\":{\"@id\":\"https:\\\/\\\/alimentsamga.com\\\/fr\\\/produit\\\/ailes-de-poulet-separees\\\/#primaryimage\"},\"image\":{\"@id\":\"https:\\\/\\\/alimentsamga.com\\\/fr\\\/produit\\\/ailes-de-poulet-separees\\\/#primaryimage\"},\"thumbnailUrl\":\"https:\\\/\\\/alimentsamga.com\\\/wp-content\\\/uploads\\\/2020\\\/09\\\/1030-e1714749127532.jpg\",\"datePublished\":\"2020-09-07T23:29:32+00:00\",\"dateModified\":\"2025-03-05T15:58:51+00:00\",\"description\":\"Achetez les Ailes de poulet (s\u00e9par\u00e9es) \u2013 20 ailes, 1 kg. Fra\u00eeches, non-OGM, sous vide et provenant de fermes canadiennes, livr\u00e9es directement \u00e0 votre porte.\",\"breadcrumb\":{\"@id\":\"https:\\\/\\\/alimentsamga.com\\\/fr\\\/produit\\\/ailes-de-poulet-separees\\\/#breadcrumb\"},\"inLanguage\":\"fr-FR\",\"potentialAction\":[{\"@type\":\"ReadAction\",\"target\":[\"https:\\\/\\\/alimentsamga.com\\\/fr\\\/produit\\\/ailes-de-poulet-separees\\\/\"]}]},{\"@type\":\"ImageObject\",\"inLanguage\":\"fr-FR\",\"@id\":\"https:\\\/\\\/alimentsamga.com\\\/fr\\\/produit\\\/ailes-de-poulet-separees\\\/#primaryimage\",\"url\":\"https:\\\/\\\/alimentsamga.com\\\/wp-content\\\/uploads\\\/2020\\\/09\\\/1030-e1714749127532.jpg\",\"contentUrl\":\"https:\\\/\\\/alimentsamga.com\\\/wp-content\\\/uploads\\\/2020\\\/09\\\/1030-e1714749127532.jpg\",\"width\":553,\"height\":480,\"caption\":\"Chicken Wings (Split)\"},{\"@type\":\"BreadcrumbList\",\"@id\":\"https:\\\/\\\/alimentsamga.com\\\/fr\\\/produit\\\/ailes-de-poulet-separees\\\/#breadcrumb\",\"itemListElement\":[{\"@type\":\"ListItem\",\"position\":1,\"name\":\"Home\",\"item\":\"https:\\\/\\\/alimentsamga.com\\\/fr\\\/\"},{\"@type\":\"ListItem\",\"position\":2,\"name\":\"Boutique\",\"item\":\"https:\\\/\\\/alimentsamga.com\\\/fr\\\/boutique\\\/\"},{\"@type\":\"ListItem\",\"position\":3,\"name\":\"Ailes de poulet (s\u00e9par\u00e9es)\"}]},{\"@type\":\"WebSite\",\"@id\":\"https:\\\/\\\/alimentsamga.com\\\/fr\\\/#website\",\"url\":\"https:\\\/\\\/alimentsamga.com\\\/fr\\\/\",\"name\":\"AMGA\",\"description\":\"Aliments Amga\",\"publisher\":{\"@id\":\"https:\\\/\\\/alimentsamga.com\\\/fr\\\/#organization\"},\"potentialAction\":[{\"@type\":\"SearchAction\",\"target\":{\"@type\":\"EntryPoint\",\"urlTemplate\":\"https:\\\/\\\/alimentsamga.com\\\/fr\\\/?s={search_term_string}\"},\"query-input\":{\"@type\":\"PropertyValueSpecification\",\"valueRequired\":true,\"valueName\":\"search_term_string\"}}],\"inLanguage\":\"fr-FR\"},{\"@type\":\"Organization\",\"@id\":\"https:\\\/\\\/alimentsamga.com\\\/fr\\\/#organization\",\"name\":\"AMGA\",\"url\":\"https:\\\/\\\/alimentsamga.com\\\/fr\\\/\",\"logo\":{\"@type\":\"ImageObject\",\"inLanguage\":\"fr-FR\",\"@id\":\"https:\\\/\\\/alimentsamga.com\\\/fr\\\/#\\\/schema\\\/logo\\\/image\\\/\",\"url\":\"https:\\\/\\\/alimentsamga.com\\\/wp-content\\\/uploads\\\/2020\\\/11\\\/amgachezvous-logo-blue-e1619460460184.png\",\"contentUrl\":\"https:\\\/\\\/alimentsamga.com\\\/wp-content\\\/uploads\\\/2020\\\/11\\\/amgachezvous-logo-blue-e1619460460184.png\",\"width\":131,\"height\":80,\"caption\":\"AMGA\"},\"image\":{\"@id\":\"https:\\\/\\\/alimentsamga.com\\\/fr\\\/#\\\/schema\\\/logo\\\/image\\\/\"},\"sameAs\":[\"https:\\\/\\\/www.instagram.com\\\/aliments.amga\\\/?hl=en\"]}]}<\/script>\n<!-- \/ Yoast SEO plugin. -->","yoast_head_json":{"title":"Ailes de poulet (s\u00e9par\u00e9es) | AMGA","description":"Achetez les Ailes de poulet (s\u00e9par\u00e9es) \u2013 20 ailes, 1 kg. Fra\u00eeches, non-OGM, sous vide et provenant de fermes canadiennes, livr\u00e9es directement \u00e0 votre porte.","robots":{"index":"index","follow":"follow","max-snippet":"max-snippet:-1","max-image-preview":"max-image-preview:large","max-video-preview":"max-video-preview:-1"},"canonical":"https:\/\/alimentsamga.com\/fr\/produit\/ailes-de-poulet-separees\/","og_locale":"fr_FR","og_type":"article","og_title":"Ailes de poulet (s\u00e9par\u00e9es) | AMGA","og_description":"Achetez les Ailes de poulet (s\u00e9par\u00e9es) \u2013 20 ailes, 1 kg. Fra\u00eeches, non-OGM, sous vide et provenant de fermes canadiennes, livr\u00e9es directement \u00e0 votre porte.","og_url":"https:\/\/alimentsamga.com\/fr\/produit\/ailes-de-poulet-separees\/","og_site_name":"AMGA","article_modified_time":"2025-03-05T15:58:51+00:00","og_image":[{"width":553,"height":480,"url":"https:\/\/alimentsamga.com\/wp-content\/uploads\/2020\/09\/1030-e1714749127532.jpg","type":"image\/jpeg"}],"twitter_card":"summary_large_image","twitter_misc":{"Dur\u00e9e de lecture estim\u00e9e":"1 minute"},"schema":{"@context":"https:\/\/schema.org","@graph":[{"@type":"WebPage","@id":"https:\/\/alimentsamga.com\/fr\/produit\/ailes-de-poulet-separees\/","url":"https:\/\/alimentsamga.com\/fr\/produit\/ailes-de-poulet-separees\/","name":"Ailes de poulet (s\u00e9par\u00e9es) | AMGA","isPartOf":{"@id":"https:\/\/alimentsamga.com\/fr\/#website"},"primaryImageOfPage":{"@id":"https:\/\/alimentsamga.com\/fr\/produit\/ailes-de-poulet-separees\/#primaryimage"},"image":{"@id":"https:\/\/alimentsamga.com\/fr\/produit\/ailes-de-poulet-separees\/#primaryimage"},"thumbnailUrl":"https:\/\/alimentsamga.com\/wp-content\/uploads\/2020\/09\/1030-e1714749127532.jpg","datePublished":"2020-09-07T23:29:32+00:00","dateModified":"2025-03-05T15:58:51+00:00","description":"Achetez les Ailes de poulet (s\u00e9par\u00e9es) \u2013 20 ailes, 1 kg. Fra\u00eeches, non-OGM, sous vide et provenant de fermes canadiennes, livr\u00e9es directement \u00e0 votre porte.","breadcrumb":{"@id":"https:\/\/alimentsamga.com\/fr\/produit\/ailes-de-poulet-separees\/#breadcrumb"},"inLanguage":"fr-FR","potentialAction":[{"@type":"ReadAction","target":["https:\/\/alimentsamga.com\/fr\/produit\/ailes-de-poulet-separees\/"]}]},{"@type":"ImageObject","inLanguage":"fr-FR","@id":"https:\/\/alimentsamga.com\/fr\/produit\/ailes-de-poulet-separees\/#primaryimage","url":"https:\/\/alimentsamga.com\/wp-content\/uploads\/2020\/09\/1030-e1714749127532.jpg","contentUrl":"https:\/\/alimentsamga.com\/wp-content\/uploads\/2020\/09\/1030-e1714749127532.jpg","width":553,"height":480,"caption":"Chicken Wings (Split)"},{"@type":"BreadcrumbList","@id":"https:\/\/alimentsamga.com\/fr\/produit\/ailes-de-poulet-separees\/#breadcrumb","itemListElement":[{"@type":"ListItem","position":1,"name":"Home","item":"https:\/\/alimentsamga.com\/fr\/"},{"@type":"ListItem","position":2,"name":"Boutique","item":"https:\/\/alimentsamga.com\/fr\/boutique\/"},{"@type":"ListItem","position":3,"name":"Ailes de poulet (s\u00e9par\u00e9es)"}]},{"@type":"WebSite","@id":"https:\/\/alimentsamga.com\/fr\/#website","url":"https:\/\/alimentsamga.com\/fr\/","name":"AMGA","description":"Aliments Amga","publisher":{"@id":"https:\/\/alimentsamga.com\/fr\/#organization"},"potentialAction":[{"@type":"SearchAction","target":{"@type":"EntryPoint","urlTemplate":"https:\/\/alimentsamga.com\/fr\/?s={search_term_string}"},"query-input":{"@type":"PropertyValueSpecification","valueRequired":true,"valueName":"search_term_string"}}],"inLanguage":"fr-FR"},{"@type":"Organization","@id":"https:\/\/alimentsamga.com\/fr\/#organization","name":"AMGA","url":"https:\/\/alimentsamga.com\/fr\/","logo":{"@type":"ImageObject","inLanguage":"fr-FR","@id":"https:\/\/alimentsamga.com\/fr\/#\/schema\/logo\/image\/","url":"https:\/\/alimentsamga.com\/wp-content\/uploads\/2020\/11\/amgachezvous-logo-blue-e1619460460184.png","contentUrl":"https:\/\/alimentsamga.com\/wp-content\/uploads\/2020\/11\/amgachezvous-logo-blue-e1619460460184.png","width":131,"height":80,"caption":"AMGA"},"image":{"@id":"https:\/\/alimentsamga.com\/fr\/#\/schema\/logo\/image\/"},"sameAs":["https:\/\/www.instagram.com\/aliments.amga\/?hl=en"]}]}},"_links":{"self":[{"href":"https:\/\/alimentsamga.com\/fr\/wp-json\/wp\/v2\/product\/782","targetHints":{"allow":["GET"]}}],"collection":[{"href":"https:\/\/alimentsamga.com\/fr\/wp-json\/wp\/v2\/product"}],"about":[{"href":"https:\/\/alimentsamga.com\/fr\/wp-json\/wp\/v2\/types\/product"}],"replies":[{"embeddable":true,"href":"https:\/\/alimentsamga.com\/fr\/wp-json\/wp\/v2\/comments?post=782"}],"wp:featuredmedia":[{"embeddable":true,"href":"https:\/\/alimentsamga.com\/fr\/wp-json\/wp\/v2\/media\/10531"}],"wp:attachment":[{"href":"https:\/\/alimentsamga.com\/fr\/wp-json\/wp\/v2\/media?parent=782"}],"wp:term":[{"taxonomy":"product_brand","embeddable":true,"href":"https:\/\/alimentsamga.com\/fr\/wp-json\/wp\/v2\/product_brand?post=782"},{"taxonomy":"product_cat","embeddable":true,"href":"https:\/\/alimentsamga.com\/fr\/wp-json\/wp\/v2\/product_cat?post=782"},{"taxonomy":"product_tag","embeddable":true,"href":"https:\/\/alimentsamga.com\/fr\/wp-json\/wp\/v2\/product_tag?post=782"}],"curies":[{"name":"wp","href":"https:\/\/api.w.org\/{rel}","templated":true}]}}