{"id":779,"date":"2020-09-07T23:32:38","date_gmt":"2020-09-07T23:32:38","guid":{"rendered":"https:\/\/amga.oncode.ca\/product\/oeufs\/"},"modified":"2025-03-05T10:22:18","modified_gmt":"2025-03-05T15:22:18","slug":"oeufs-nutri-oeuf","status":"publish","type":"product","link":"https:\/\/alimentsamga.com\/fr\/produit\/oeufs-nutri-oeuf\/","title":{"rendered":"Oeufs Nutri-Oeuf"},"content":{"rendered":"<p>Les Oeufs Nutri-Oeuf se pr\u00e9sentent dans un plateau de 30 oeufs frais, parfaits pour un usage quotidien. Provenant de fermes locales, ces oeufs offrent une fra\u00eecheur et une qualit\u00e9 exceptionnelles. Que vous fassiez des oeufs brouill\u00e9s, des omelettes ou que vous cuisiniez des p\u00e2tisseries, les Oeufs Nutri-Oeuf assurent une d\u00e9licieuse et nutritive addition \u00e0 vos repas. Avec leur go\u00fbt riche et leurs jaunes vibrants, ces oeufs sont un incontournable de la cuisine.<\/p>\n<p data-start=\"1716\" data-end=\"2119\">Profitez de la commodit\u00e9 d&rsquo;avoir des oeufs frais, provenant de sources locales, livr\u00e9s directement \u00e0 votre porte. Les Oeufs Nutri-Oeuf sont parfaits pour les familles ou ceux qui pr\u00e9parent leurs repas \u00e0 l&rsquo;avance, offrant une source fiable et nutritive d&rsquo;oeufs. Avec 30 oeufs dans chaque plateau, vous aurez largement de quoi pr\u00e9parer une vari\u00e9t\u00e9 de plats savoureux, tout en soutenant les fermes locales.<\/p>\n<p>Consultez nos <a href=\"https:\/\/alimentsamga.com\/fr\/categorie-produit\/volaille\/\">autres\u00a0produits de volaille ici.<\/a><\/p>\n","protected":false},"excerpt":{"rendered":"plateau de 30 oeufs frais","protected":false},"featured_media":10545,"comment_status":"open","ping_status":"closed","template":"","meta":{"content-type":""},"product_brand":[],"product_cat":[93],"product_tag":[],"class_list":{"0":"post-779","1":"product","2":"type-product","3":"status-publish","4":"has-post-thumbnail","6":"product_cat-volaille","8":"first","9":"instock","10":"shipping-taxable","11":"purchasable","12":"product-type-simple"},"bundle_layout":"","bundle_add_to_cart_form_location":"","bundle_editable_in_cart":false,"bundle_sold_individually_context":"","bundle_item_grouping":"","bundle_min_size":"","bundle_max_size":"","bundled_by":[],"bundled_items":[],"yoast_head":"<!-- This site is optimized with the Yoast SEO plugin v27.3 - https:\/\/yoast.com\/product\/yoast-seo-wordpress\/ -->\n<title>Oeufs Nutri-Oeuf - AMGA<\/title>\n<meta name=\"description\" content=\"Achetez les Oeufs Nutri-Oeuf, un plateau de 30 oeufs frais. Provenant de sources locales pour une qualit\u00e9 sup\u00e9rieure, livr\u00e9s directement \u00e0 votre porte.\" \/>\n<meta name=\"robots\" content=\"index, follow, max-snippet:-1, max-image-preview:large, max-video-preview:-1\" \/>\n<link rel=\"canonical\" href=\"https:\/\/alimentsamga.com\/fr\/produit\/oeufs-nutri-oeuf\/\" \/>\n<meta property=\"og:locale\" content=\"fr_FR\" \/>\n<meta property=\"og:type\" content=\"article\" \/>\n<meta property=\"og:title\" content=\"Oeufs Nutri-Oeuf - AMGA\" \/>\n<meta property=\"og:description\" content=\"Achetez les Oeufs Nutri-Oeuf, un plateau de 30 oeufs frais. Provenant de sources locales pour une qualit\u00e9 sup\u00e9rieure, livr\u00e9s directement \u00e0 votre porte.\" \/>\n<meta property=\"og:url\" content=\"https:\/\/alimentsamga.com\/fr\/produit\/oeufs-nutri-oeuf\/\" \/>\n<meta property=\"og:site_name\" content=\"AMGA\" \/>\n<meta property=\"article:modified_time\" content=\"2025-03-05T15:22:18+00:00\" \/>\n<meta property=\"og:image\" content=\"https:\/\/alimentsamga.com\/wp-content\/uploads\/2020\/09\/7653.jpg\" \/>\n\t<meta property=\"og:image:width\" content=\"720\" \/>\n\t<meta property=\"og:image:height\" content=\"480\" \/>\n\t<meta property=\"og:image:type\" content=\"image\/jpeg\" \/>\n<meta name=\"twitter:card\" content=\"summary_large_image\" \/>\n<meta name=\"twitter:label1\" content=\"Dur\u00e9e de lecture estim\u00e9e\" \/>\n\t<meta name=\"twitter:data1\" content=\"1 minute\" \/>\n<script type=\"application\/ld+json\" class=\"yoast-schema-graph\">{\"@context\":\"https:\\\/\\\/schema.org\",\"@graph\":[{\"@type\":\"WebPage\",\"@id\":\"https:\\\/\\\/alimentsamga.com\\\/fr\\\/produit\\\/oeufs-nutri-oeuf\\\/\",\"url\":\"https:\\\/\\\/alimentsamga.com\\\/fr\\\/produit\\\/oeufs-nutri-oeuf\\\/\",\"name\":\"Oeufs Nutri-Oeuf - AMGA\",\"isPartOf\":{\"@id\":\"https:\\\/\\\/alimentsamga.com\\\/fr\\\/#website\"},\"primaryImageOfPage\":{\"@id\":\"https:\\\/\\\/alimentsamga.com\\\/fr\\\/produit\\\/oeufs-nutri-oeuf\\\/#primaryimage\"},\"image\":{\"@id\":\"https:\\\/\\\/alimentsamga.com\\\/fr\\\/produit\\\/oeufs-nutri-oeuf\\\/#primaryimage\"},\"thumbnailUrl\":\"https:\\\/\\\/alimentsamga.com\\\/wp-content\\\/uploads\\\/2020\\\/09\\\/7653.jpg\",\"datePublished\":\"2020-09-07T23:32:38+00:00\",\"dateModified\":\"2025-03-05T15:22:18+00:00\",\"description\":\"Achetez les Oeufs Nutri-Oeuf, un plateau de 30 oeufs frais. Provenant de sources locales pour une qualit\u00e9 sup\u00e9rieure, livr\u00e9s directement \u00e0 votre porte.\",\"breadcrumb\":{\"@id\":\"https:\\\/\\\/alimentsamga.com\\\/fr\\\/produit\\\/oeufs-nutri-oeuf\\\/#breadcrumb\"},\"inLanguage\":\"fr-FR\",\"potentialAction\":[{\"@type\":\"ReadAction\",\"target\":[\"https:\\\/\\\/alimentsamga.com\\\/fr\\\/produit\\\/oeufs-nutri-oeuf\\\/\"]}]},{\"@type\":\"ImageObject\",\"inLanguage\":\"fr-FR\",\"@id\":\"https:\\\/\\\/alimentsamga.com\\\/fr\\\/produit\\\/oeufs-nutri-oeuf\\\/#primaryimage\",\"url\":\"https:\\\/\\\/alimentsamga.com\\\/wp-content\\\/uploads\\\/2020\\\/09\\\/7653.jpg\",\"contentUrl\":\"https:\\\/\\\/alimentsamga.com\\\/wp-content\\\/uploads\\\/2020\\\/09\\\/7653.jpg\",\"width\":720,\"height\":480,\"caption\":\"Nutri-Oeuf Eggs\"},{\"@type\":\"BreadcrumbList\",\"@id\":\"https:\\\/\\\/alimentsamga.com\\\/fr\\\/produit\\\/oeufs-nutri-oeuf\\\/#breadcrumb\",\"itemListElement\":[{\"@type\":\"ListItem\",\"position\":1,\"name\":\"Home\",\"item\":\"https:\\\/\\\/alimentsamga.com\\\/fr\\\/\"},{\"@type\":\"ListItem\",\"position\":2,\"name\":\"Boutique\",\"item\":\"https:\\\/\\\/alimentsamga.com\\\/fr\\\/boutique\\\/\"},{\"@type\":\"ListItem\",\"position\":3,\"name\":\"Oeufs Nutri-Oeuf\"}]},{\"@type\":\"WebSite\",\"@id\":\"https:\\\/\\\/alimentsamga.com\\\/fr\\\/#website\",\"url\":\"https:\\\/\\\/alimentsamga.com\\\/fr\\\/\",\"name\":\"AMGA\",\"description\":\"Aliments Amga\",\"publisher\":{\"@id\":\"https:\\\/\\\/alimentsamga.com\\\/fr\\\/#organization\"},\"potentialAction\":[{\"@type\":\"SearchAction\",\"target\":{\"@type\":\"EntryPoint\",\"urlTemplate\":\"https:\\\/\\\/alimentsamga.com\\\/fr\\\/?s={search_term_string}\"},\"query-input\":{\"@type\":\"PropertyValueSpecification\",\"valueRequired\":true,\"valueName\":\"search_term_string\"}}],\"inLanguage\":\"fr-FR\"},{\"@type\":\"Organization\",\"@id\":\"https:\\\/\\\/alimentsamga.com\\\/fr\\\/#organization\",\"name\":\"AMGA\",\"url\":\"https:\\\/\\\/alimentsamga.com\\\/fr\\\/\",\"logo\":{\"@type\":\"ImageObject\",\"inLanguage\":\"fr-FR\",\"@id\":\"https:\\\/\\\/alimentsamga.com\\\/fr\\\/#\\\/schema\\\/logo\\\/image\\\/\",\"url\":\"https:\\\/\\\/alimentsamga.com\\\/wp-content\\\/uploads\\\/2020\\\/11\\\/amgachezvous-logo-blue-e1619460460184.png\",\"contentUrl\":\"https:\\\/\\\/alimentsamga.com\\\/wp-content\\\/uploads\\\/2020\\\/11\\\/amgachezvous-logo-blue-e1619460460184.png\",\"width\":131,\"height\":80,\"caption\":\"AMGA\"},\"image\":{\"@id\":\"https:\\\/\\\/alimentsamga.com\\\/fr\\\/#\\\/schema\\\/logo\\\/image\\\/\"},\"sameAs\":[\"https:\\\/\\\/www.instagram.com\\\/aliments.amga\\\/?hl=en\"]}]}<\/script>\n<!-- \/ Yoast SEO plugin. -->","yoast_head_json":{"title":"Oeufs Nutri-Oeuf - AMGA","description":"Achetez les Oeufs Nutri-Oeuf, un plateau de 30 oeufs frais. Provenant de sources locales pour une qualit\u00e9 sup\u00e9rieure, livr\u00e9s directement \u00e0 votre porte.","robots":{"index":"index","follow":"follow","max-snippet":"max-snippet:-1","max-image-preview":"max-image-preview:large","max-video-preview":"max-video-preview:-1"},"canonical":"https:\/\/alimentsamga.com\/fr\/produit\/oeufs-nutri-oeuf\/","og_locale":"fr_FR","og_type":"article","og_title":"Oeufs Nutri-Oeuf - AMGA","og_description":"Achetez les Oeufs Nutri-Oeuf, un plateau de 30 oeufs frais. Provenant de sources locales pour une qualit\u00e9 sup\u00e9rieure, livr\u00e9s directement \u00e0 votre porte.","og_url":"https:\/\/alimentsamga.com\/fr\/produit\/oeufs-nutri-oeuf\/","og_site_name":"AMGA","article_modified_time":"2025-03-05T15:22:18+00:00","og_image":[{"width":720,"height":480,"url":"https:\/\/alimentsamga.com\/wp-content\/uploads\/2020\/09\/7653.jpg","type":"image\/jpeg"}],"twitter_card":"summary_large_image","twitter_misc":{"Dur\u00e9e de lecture estim\u00e9e":"1 minute"},"schema":{"@context":"https:\/\/schema.org","@graph":[{"@type":"WebPage","@id":"https:\/\/alimentsamga.com\/fr\/produit\/oeufs-nutri-oeuf\/","url":"https:\/\/alimentsamga.com\/fr\/produit\/oeufs-nutri-oeuf\/","name":"Oeufs Nutri-Oeuf - AMGA","isPartOf":{"@id":"https:\/\/alimentsamga.com\/fr\/#website"},"primaryImageOfPage":{"@id":"https:\/\/alimentsamga.com\/fr\/produit\/oeufs-nutri-oeuf\/#primaryimage"},"image":{"@id":"https:\/\/alimentsamga.com\/fr\/produit\/oeufs-nutri-oeuf\/#primaryimage"},"thumbnailUrl":"https:\/\/alimentsamga.com\/wp-content\/uploads\/2020\/09\/7653.jpg","datePublished":"2020-09-07T23:32:38+00:00","dateModified":"2025-03-05T15:22:18+00:00","description":"Achetez les Oeufs Nutri-Oeuf, un plateau de 30 oeufs frais. Provenant de sources locales pour une qualit\u00e9 sup\u00e9rieure, livr\u00e9s directement \u00e0 votre porte.","breadcrumb":{"@id":"https:\/\/alimentsamga.com\/fr\/produit\/oeufs-nutri-oeuf\/#breadcrumb"},"inLanguage":"fr-FR","potentialAction":[{"@type":"ReadAction","target":["https:\/\/alimentsamga.com\/fr\/produit\/oeufs-nutri-oeuf\/"]}]},{"@type":"ImageObject","inLanguage":"fr-FR","@id":"https:\/\/alimentsamga.com\/fr\/produit\/oeufs-nutri-oeuf\/#primaryimage","url":"https:\/\/alimentsamga.com\/wp-content\/uploads\/2020\/09\/7653.jpg","contentUrl":"https:\/\/alimentsamga.com\/wp-content\/uploads\/2020\/09\/7653.jpg","width":720,"height":480,"caption":"Nutri-Oeuf Eggs"},{"@type":"BreadcrumbList","@id":"https:\/\/alimentsamga.com\/fr\/produit\/oeufs-nutri-oeuf\/#breadcrumb","itemListElement":[{"@type":"ListItem","position":1,"name":"Home","item":"https:\/\/alimentsamga.com\/fr\/"},{"@type":"ListItem","position":2,"name":"Boutique","item":"https:\/\/alimentsamga.com\/fr\/boutique\/"},{"@type":"ListItem","position":3,"name":"Oeufs Nutri-Oeuf"}]},{"@type":"WebSite","@id":"https:\/\/alimentsamga.com\/fr\/#website","url":"https:\/\/alimentsamga.com\/fr\/","name":"AMGA","description":"Aliments Amga","publisher":{"@id":"https:\/\/alimentsamga.com\/fr\/#organization"},"potentialAction":[{"@type":"SearchAction","target":{"@type":"EntryPoint","urlTemplate":"https:\/\/alimentsamga.com\/fr\/?s={search_term_string}"},"query-input":{"@type":"PropertyValueSpecification","valueRequired":true,"valueName":"search_term_string"}}],"inLanguage":"fr-FR"},{"@type":"Organization","@id":"https:\/\/alimentsamga.com\/fr\/#organization","name":"AMGA","url":"https:\/\/alimentsamga.com\/fr\/","logo":{"@type":"ImageObject","inLanguage":"fr-FR","@id":"https:\/\/alimentsamga.com\/fr\/#\/schema\/logo\/image\/","url":"https:\/\/alimentsamga.com\/wp-content\/uploads\/2020\/11\/amgachezvous-logo-blue-e1619460460184.png","contentUrl":"https:\/\/alimentsamga.com\/wp-content\/uploads\/2020\/11\/amgachezvous-logo-blue-e1619460460184.png","width":131,"height":80,"caption":"AMGA"},"image":{"@id":"https:\/\/alimentsamga.com\/fr\/#\/schema\/logo\/image\/"},"sameAs":["https:\/\/www.instagram.com\/aliments.amga\/?hl=en"]}]}},"_links":{"self":[{"href":"https:\/\/alimentsamga.com\/fr\/wp-json\/wp\/v2\/product\/779","targetHints":{"allow":["GET"]}}],"collection":[{"href":"https:\/\/alimentsamga.com\/fr\/wp-json\/wp\/v2\/product"}],"about":[{"href":"https:\/\/alimentsamga.com\/fr\/wp-json\/wp\/v2\/types\/product"}],"replies":[{"embeddable":true,"href":"https:\/\/alimentsamga.com\/fr\/wp-json\/wp\/v2\/comments?post=779"}],"wp:featuredmedia":[{"embeddable":true,"href":"https:\/\/alimentsamga.com\/fr\/wp-json\/wp\/v2\/media\/10545"}],"wp:attachment":[{"href":"https:\/\/alimentsamga.com\/fr\/wp-json\/wp\/v2\/media?parent=779"}],"wp:term":[{"taxonomy":"product_brand","embeddable":true,"href":"https:\/\/alimentsamga.com\/fr\/wp-json\/wp\/v2\/product_brand?post=779"},{"taxonomy":"product_cat","embeddable":true,"href":"https:\/\/alimentsamga.com\/fr\/wp-json\/wp\/v2\/product_cat?post=779"},{"taxonomy":"product_tag","embeddable":true,"href":"https:\/\/alimentsamga.com\/fr\/wp-json\/wp\/v2\/product_tag?post=779"}],"curies":[{"name":"wp","href":"https:\/\/api.w.org\/{rel}","templated":true}]}}