{"id":776,"date":"2020-09-08T00:07:22","date_gmt":"2020-09-08T00:07:22","guid":{"rendered":"https:\/\/amga.oncode.ca\/product\/boeuf-hache-maigre\/"},"modified":"2025-03-05T10:14:05","modified_gmt":"2025-03-05T15:14:05","slug":"boeuf-hache-maigre","status":"publish","type":"product","link":"https:\/\/alimentsamga.com\/fr\/produit\/boeuf-hache-maigre\/","title":{"rendered":"Boeuf Hach\u00e9 Maigre"},"content":{"rendered":"<p>Notre Veau hach\u00e9 maigre est fait de boeuf canadien AA premium, offrant une alternative maigre et savoureuse pour une vari\u00e9t\u00e9 de plats. Provenant de fermes canadiennes de confiance, ce boeuf est frais et plein de saveur. Que vous pr\u00e9pariez des burgers, du chili ou des saut\u00e9s, ce veau hach\u00e9 maigre garantit un repas nutritif et satisfaisant. Le paquet de 500g (17.64 ounces) est parfait pour les repas en famille ou la pr\u00e9paration de repas.<\/p>\n<p data-start=\"1694\" data-end=\"2056\">Profitez de la fra\u00eecheur et de la qualit\u00e9 de la viande provenant de sources locales avec le Veau hach\u00e9 maigre. Sa polyvalence le rend id\u00e9al pour une grande vari\u00e9t\u00e9 de recettes, et sa qualit\u00e9 maigre assure un repas plus sain. Livr\u00e9 frais directement \u00e0 votre porte, ce boeuf garantit commodit\u00e9, qualit\u00e9 premium et d\u00e9licieux go\u00fbt dans chaque plat que vous pr\u00e9parez.<\/p>\n<p>Consultez nos autres <a href=\"https:\/\/alimentsamga.com\/fr\/categorie-produit\/boeuf\/\">produits \u00e0 base de b\u0153uf ici.<\/a><\/p>\n","protected":false},"excerpt":{"rendered":"500g","protected":false},"featured_media":10311,"comment_status":"open","ping_status":"closed","template":"","meta":{"content-type":""},"product_brand":[],"product_cat":[58,165],"product_tag":[],"class_list":{"0":"post-776","1":"product","2":"type-product","3":"status-publish","4":"has-post-thumbnail","6":"product_cat-boeuf","7":"product_cat-viandes","9":"first","10":"instock","11":"shipping-taxable","12":"purchasable","13":"product-type-variable"},"bundle_layout":"","bundle_add_to_cart_form_location":"","bundle_editable_in_cart":false,"bundle_sold_individually_context":"","bundle_item_grouping":"","bundle_min_size":"","bundle_max_size":"","bundled_by":["10793"],"bundled_items":[],"yoast_head":"<!-- This site is optimized with the Yoast SEO plugin v27.3 - https:\/\/yoast.com\/product\/yoast-seo-wordpress\/ -->\n<title>B\u0153uf Hach\u00e9<\/title>\n<meta name=\"description\" content=\"Achetez le Veau hach\u00e9 maigre, fait de boeuf canadien AA. Frais, provenant de fermes canadiennes locales et livr\u00e9 \u00e0 votre porte pour un repas savoureux.\" \/>\n<meta name=\"robots\" content=\"index, follow, max-snippet:-1, max-image-preview:large, max-video-preview:-1\" \/>\n<link rel=\"canonical\" href=\"https:\/\/alimentsamga.com\/fr\/produit\/boeuf-hache-maigre\/\" \/>\n<meta property=\"og:locale\" content=\"fr_FR\" \/>\n<meta property=\"og:type\" content=\"article\" \/>\n<meta property=\"og:title\" content=\"B\u0153uf Hach\u00e9\" \/>\n<meta property=\"og:description\" content=\"Achetez le Veau hach\u00e9 maigre, fait de boeuf canadien AA. Frais, provenant de fermes canadiennes locales et livr\u00e9 \u00e0 votre porte pour un repas savoureux.\" \/>\n<meta property=\"og:url\" content=\"https:\/\/alimentsamga.com\/fr\/produit\/boeuf-hache-maigre\/\" \/>\n<meta property=\"og:site_name\" content=\"AMGA\" \/>\n<meta property=\"article:modified_time\" content=\"2025-03-05T15:14:05+00:00\" \/>\n<meta property=\"og:image\" content=\"https:\/\/alimentsamga.com\/wp-content\/uploads\/2020\/09\/2178-2.jpg\" \/>\n\t<meta property=\"og:image:width\" content=\"720\" \/>\n\t<meta property=\"og:image:height\" content=\"480\" \/>\n\t<meta property=\"og:image:type\" content=\"image\/jpeg\" \/>\n<meta name=\"twitter:card\" content=\"summary_large_image\" \/>\n<meta name=\"twitter:label1\" content=\"Dur\u00e9e de lecture estim\u00e9e\" \/>\n\t<meta name=\"twitter:data1\" content=\"1 minute\" \/>\n<script type=\"application\/ld+json\" class=\"yoast-schema-graph\">{\"@context\":\"https:\\\/\\\/schema.org\",\"@graph\":[{\"@type\":\"WebPage\",\"@id\":\"https:\\\/\\\/alimentsamga.com\\\/fr\\\/produit\\\/boeuf-hache-maigre\\\/\",\"url\":\"https:\\\/\\\/alimentsamga.com\\\/fr\\\/produit\\\/boeuf-hache-maigre\\\/\",\"name\":\"B\u0153uf Hach\u00e9\",\"isPartOf\":{\"@id\":\"https:\\\/\\\/alimentsamga.com\\\/fr\\\/#website\"},\"primaryImageOfPage\":{\"@id\":\"https:\\\/\\\/alimentsamga.com\\\/fr\\\/produit\\\/boeuf-hache-maigre\\\/#primaryimage\"},\"image\":{\"@id\":\"https:\\\/\\\/alimentsamga.com\\\/fr\\\/produit\\\/boeuf-hache-maigre\\\/#primaryimage\"},\"thumbnailUrl\":\"https:\\\/\\\/alimentsamga.com\\\/wp-content\\\/uploads\\\/2020\\\/09\\\/2178-2.jpg\",\"datePublished\":\"2020-09-08T00:07:22+00:00\",\"dateModified\":\"2025-03-05T15:14:05+00:00\",\"description\":\"Achetez le Veau hach\u00e9 maigre, fait de boeuf canadien AA. Frais, provenant de fermes canadiennes locales et livr\u00e9 \u00e0 votre porte pour un repas savoureux.\",\"breadcrumb\":{\"@id\":\"https:\\\/\\\/alimentsamga.com\\\/fr\\\/produit\\\/boeuf-hache-maigre\\\/#breadcrumb\"},\"inLanguage\":\"fr-FR\",\"potentialAction\":[{\"@type\":\"ReadAction\",\"target\":[\"https:\\\/\\\/alimentsamga.com\\\/fr\\\/produit\\\/boeuf-hache-maigre\\\/\"]}]},{\"@type\":\"ImageObject\",\"inLanguage\":\"fr-FR\",\"@id\":\"https:\\\/\\\/alimentsamga.com\\\/fr\\\/produit\\\/boeuf-hache-maigre\\\/#primaryimage\",\"url\":\"https:\\\/\\\/alimentsamga.com\\\/wp-content\\\/uploads\\\/2020\\\/09\\\/2178-2.jpg\",\"contentUrl\":\"https:\\\/\\\/alimentsamga.com\\\/wp-content\\\/uploads\\\/2020\\\/09\\\/2178-2.jpg\",\"width\":720,\"height\":480,\"caption\":\"Lean Ground Beef\"},{\"@type\":\"BreadcrumbList\",\"@id\":\"https:\\\/\\\/alimentsamga.com\\\/fr\\\/produit\\\/boeuf-hache-maigre\\\/#breadcrumb\",\"itemListElement\":[{\"@type\":\"ListItem\",\"position\":1,\"name\":\"Home\",\"item\":\"https:\\\/\\\/alimentsamga.com\\\/fr\\\/\"},{\"@type\":\"ListItem\",\"position\":2,\"name\":\"Boutique\",\"item\":\"https:\\\/\\\/alimentsamga.com\\\/fr\\\/boutique\\\/\"},{\"@type\":\"ListItem\",\"position\":3,\"name\":\"Boeuf Hach\u00e9 Maigre\"}]},{\"@type\":\"WebSite\",\"@id\":\"https:\\\/\\\/alimentsamga.com\\\/fr\\\/#website\",\"url\":\"https:\\\/\\\/alimentsamga.com\\\/fr\\\/\",\"name\":\"AMGA\",\"description\":\"Aliments Amga\",\"publisher\":{\"@id\":\"https:\\\/\\\/alimentsamga.com\\\/fr\\\/#organization\"},\"potentialAction\":[{\"@type\":\"SearchAction\",\"target\":{\"@type\":\"EntryPoint\",\"urlTemplate\":\"https:\\\/\\\/alimentsamga.com\\\/fr\\\/?s={search_term_string}\"},\"query-input\":{\"@type\":\"PropertyValueSpecification\",\"valueRequired\":true,\"valueName\":\"search_term_string\"}}],\"inLanguage\":\"fr-FR\"},{\"@type\":\"Organization\",\"@id\":\"https:\\\/\\\/alimentsamga.com\\\/fr\\\/#organization\",\"name\":\"AMGA\",\"url\":\"https:\\\/\\\/alimentsamga.com\\\/fr\\\/\",\"logo\":{\"@type\":\"ImageObject\",\"inLanguage\":\"fr-FR\",\"@id\":\"https:\\\/\\\/alimentsamga.com\\\/fr\\\/#\\\/schema\\\/logo\\\/image\\\/\",\"url\":\"https:\\\/\\\/alimentsamga.com\\\/wp-content\\\/uploads\\\/2020\\\/11\\\/amgachezvous-logo-blue-e1619460460184.png\",\"contentUrl\":\"https:\\\/\\\/alimentsamga.com\\\/wp-content\\\/uploads\\\/2020\\\/11\\\/amgachezvous-logo-blue-e1619460460184.png\",\"width\":131,\"height\":80,\"caption\":\"AMGA\"},\"image\":{\"@id\":\"https:\\\/\\\/alimentsamga.com\\\/fr\\\/#\\\/schema\\\/logo\\\/image\\\/\"},\"sameAs\":[\"https:\\\/\\\/www.instagram.com\\\/aliments.amga\\\/?hl=en\"]}]}<\/script>\n<!-- \/ Yoast SEO plugin. -->","yoast_head_json":{"title":"B\u0153uf Hach\u00e9","description":"Achetez le Veau hach\u00e9 maigre, fait de boeuf canadien AA. Frais, provenant de fermes canadiennes locales et livr\u00e9 \u00e0 votre porte pour un repas savoureux.","robots":{"index":"index","follow":"follow","max-snippet":"max-snippet:-1","max-image-preview":"max-image-preview:large","max-video-preview":"max-video-preview:-1"},"canonical":"https:\/\/alimentsamga.com\/fr\/produit\/boeuf-hache-maigre\/","og_locale":"fr_FR","og_type":"article","og_title":"B\u0153uf Hach\u00e9","og_description":"Achetez le Veau hach\u00e9 maigre, fait de boeuf canadien AA. Frais, provenant de fermes canadiennes locales et livr\u00e9 \u00e0 votre porte pour un repas savoureux.","og_url":"https:\/\/alimentsamga.com\/fr\/produit\/boeuf-hache-maigre\/","og_site_name":"AMGA","article_modified_time":"2025-03-05T15:14:05+00:00","og_image":[{"width":720,"height":480,"url":"https:\/\/alimentsamga.com\/wp-content\/uploads\/2020\/09\/2178-2.jpg","type":"image\/jpeg"}],"twitter_card":"summary_large_image","twitter_misc":{"Dur\u00e9e de lecture estim\u00e9e":"1 minute"},"schema":{"@context":"https:\/\/schema.org","@graph":[{"@type":"WebPage","@id":"https:\/\/alimentsamga.com\/fr\/produit\/boeuf-hache-maigre\/","url":"https:\/\/alimentsamga.com\/fr\/produit\/boeuf-hache-maigre\/","name":"B\u0153uf Hach\u00e9","isPartOf":{"@id":"https:\/\/alimentsamga.com\/fr\/#website"},"primaryImageOfPage":{"@id":"https:\/\/alimentsamga.com\/fr\/produit\/boeuf-hache-maigre\/#primaryimage"},"image":{"@id":"https:\/\/alimentsamga.com\/fr\/produit\/boeuf-hache-maigre\/#primaryimage"},"thumbnailUrl":"https:\/\/alimentsamga.com\/wp-content\/uploads\/2020\/09\/2178-2.jpg","datePublished":"2020-09-08T00:07:22+00:00","dateModified":"2025-03-05T15:14:05+00:00","description":"Achetez le Veau hach\u00e9 maigre, fait de boeuf canadien AA. Frais, provenant de fermes canadiennes locales et livr\u00e9 \u00e0 votre porte pour un repas savoureux.","breadcrumb":{"@id":"https:\/\/alimentsamga.com\/fr\/produit\/boeuf-hache-maigre\/#breadcrumb"},"inLanguage":"fr-FR","potentialAction":[{"@type":"ReadAction","target":["https:\/\/alimentsamga.com\/fr\/produit\/boeuf-hache-maigre\/"]}]},{"@type":"ImageObject","inLanguage":"fr-FR","@id":"https:\/\/alimentsamga.com\/fr\/produit\/boeuf-hache-maigre\/#primaryimage","url":"https:\/\/alimentsamga.com\/wp-content\/uploads\/2020\/09\/2178-2.jpg","contentUrl":"https:\/\/alimentsamga.com\/wp-content\/uploads\/2020\/09\/2178-2.jpg","width":720,"height":480,"caption":"Lean Ground Beef"},{"@type":"BreadcrumbList","@id":"https:\/\/alimentsamga.com\/fr\/produit\/boeuf-hache-maigre\/#breadcrumb","itemListElement":[{"@type":"ListItem","position":1,"name":"Home","item":"https:\/\/alimentsamga.com\/fr\/"},{"@type":"ListItem","position":2,"name":"Boutique","item":"https:\/\/alimentsamga.com\/fr\/boutique\/"},{"@type":"ListItem","position":3,"name":"Boeuf Hach\u00e9 Maigre"}]},{"@type":"WebSite","@id":"https:\/\/alimentsamga.com\/fr\/#website","url":"https:\/\/alimentsamga.com\/fr\/","name":"AMGA","description":"Aliments Amga","publisher":{"@id":"https:\/\/alimentsamga.com\/fr\/#organization"},"potentialAction":[{"@type":"SearchAction","target":{"@type":"EntryPoint","urlTemplate":"https:\/\/alimentsamga.com\/fr\/?s={search_term_string}"},"query-input":{"@type":"PropertyValueSpecification","valueRequired":true,"valueName":"search_term_string"}}],"inLanguage":"fr-FR"},{"@type":"Organization","@id":"https:\/\/alimentsamga.com\/fr\/#organization","name":"AMGA","url":"https:\/\/alimentsamga.com\/fr\/","logo":{"@type":"ImageObject","inLanguage":"fr-FR","@id":"https:\/\/alimentsamga.com\/fr\/#\/schema\/logo\/image\/","url":"https:\/\/alimentsamga.com\/wp-content\/uploads\/2020\/11\/amgachezvous-logo-blue-e1619460460184.png","contentUrl":"https:\/\/alimentsamga.com\/wp-content\/uploads\/2020\/11\/amgachezvous-logo-blue-e1619460460184.png","width":131,"height":80,"caption":"AMGA"},"image":{"@id":"https:\/\/alimentsamga.com\/fr\/#\/schema\/logo\/image\/"},"sameAs":["https:\/\/www.instagram.com\/aliments.amga\/?hl=en"]}]}},"_links":{"self":[{"href":"https:\/\/alimentsamga.com\/fr\/wp-json\/wp\/v2\/product\/776","targetHints":{"allow":["GET"]}}],"collection":[{"href":"https:\/\/alimentsamga.com\/fr\/wp-json\/wp\/v2\/product"}],"about":[{"href":"https:\/\/alimentsamga.com\/fr\/wp-json\/wp\/v2\/types\/product"}],"replies":[{"embeddable":true,"href":"https:\/\/alimentsamga.com\/fr\/wp-json\/wp\/v2\/comments?post=776"}],"wp:featuredmedia":[{"embeddable":true,"href":"https:\/\/alimentsamga.com\/fr\/wp-json\/wp\/v2\/media\/10311"}],"wp:attachment":[{"href":"https:\/\/alimentsamga.com\/fr\/wp-json\/wp\/v2\/media?parent=776"}],"wp:term":[{"taxonomy":"product_brand","embeddable":true,"href":"https:\/\/alimentsamga.com\/fr\/wp-json\/wp\/v2\/product_brand?post=776"},{"taxonomy":"product_cat","embeddable":true,"href":"https:\/\/alimentsamga.com\/fr\/wp-json\/wp\/v2\/product_cat?post=776"},{"taxonomy":"product_tag","embeddable":true,"href":"https:\/\/alimentsamga.com\/fr\/wp-json\/wp\/v2\/product_tag?post=776"}],"curies":[{"name":"wp","href":"https:\/\/api.w.org\/{rel}","templated":true}]}}