{"id":764,"date":"2020-09-08T00:20:35","date_gmt":"2020-09-08T05:20:35","guid":{"rendered":"https:\/\/amga.oncode.ca\/product\/ribeye-vieilli-aaa\/"},"modified":"2025-12-24T09:27:18","modified_gmt":"2025-12-24T14:27:18","slug":"ribeye-vieilli-aaa","status":"publish","type":"product","link":"https:\/\/alimentsamga.com\/fr\/produit\/ribeye-vieilli-aaa\/","title":{"rendered":"Ribeye Vieilli AAA"},"content":{"rendered":"<p>Nos <strong data-start=\"1198\" data-end=\"1234\">C\u00f4telettes de ribeye AAA vieilli<\/strong> proviennent du b\u0153uf AAA de l&rsquo;Ouest canadien, reconnu pour son persillage et sa tendret\u00e9 incroyable. Vieilli \u00e0 la perfection, ce ribeye offre une exp\u00e9rience de steak riche et juteuse.<br data-start=\"1417\" data-end=\"1420\" \/>Fra\u00eechement d\u00e9coup\u00e9 et provenant de fermes locales, chaque ribeye est livr\u00e9 directement chez vous, pr\u00eat \u00e0 \u00eatre cuit selon vos pr\u00e9f\u00e9rences. Que ce soit pour griller, saisir \u00e0 la po\u00eale ou r\u00f4tir, ce ribeye vieilli offre un repas inoubliable \u00e0 chaque bouch\u00e9e.<\/p>\n<p>La viande est fra\u00eeche\/surgel\u00e9e (\u00e9tait fra\u00eeche \u00e0 l\u2019origine et a ensuite \u00e9t\u00e9 congel\u00e9e)<\/p>\n<p>Consultez nos autres <a href=\"https:\/\/alimentsamga.com\/fr\/product-category\/boeuf\/\">produits \u00e0 base de b\u0153uf ici.<\/a><\/p>\n","protected":false},"excerpt":{"rendered":"B\u0153uf AAA canadien, vieilli \u00e0 la perfection.\r\n\r\nTous nos produits de viande sont\u00a0 provenant de fermes canadiennes et livr\u00e9s \u00e0 votre porte.\r\n\r\nLa viande est fra\u00eeche\/surgel\u00e9e (\u00e9tait fra\u00eeche \u00e0 l\u2019origine et a ensuite \u00e9t\u00e9 congel\u00e9e)","protected":false},"featured_media":10325,"comment_status":"open","ping_status":"closed","template":"","meta":{"content-type":""},"product_brand":[],"product_cat":[58,165],"product_tag":[],"class_list":{"0":"post-764","1":"product","2":"type-product","3":"status-publish","4":"has-post-thumbnail","6":"product_cat-boeuf","7":"product_cat-viandes","9":"first","10":"instock","11":"shipping-taxable","12":"purchasable","13":"product-type-variable","14":"has-default-attributes"},"bundle_layout":"","bundle_add_to_cart_form_location":"","bundle_editable_in_cart":false,"bundle_sold_individually_context":"","bundle_item_grouping":"","bundle_min_size":"","bundle_max_size":"","bundled_by":[],"bundled_items":[],"yoast_head":"<!-- This site is optimized with the Yoast SEO plugin v27.3 - https:\/\/yoast.com\/product\/yoast-seo-wordpress\/ -->\n<title>C\u00f4telettes de Ribeye AAA Vieilli | AMGA<\/title>\n<meta name=\"description\" content=\"Achetez notre C\u00f4telettes de ribeye AAA vieilli, fait \u00e0 partir de b\u0153uf AAA de l&#039;Ouest canadien. Vieilli \u00e0 la perfection, provenant de fermes locales et livr\u00e9 frais chez vous pour une exp\u00e9rience de steak ultime.\" \/>\n<meta name=\"robots\" content=\"index, follow, max-snippet:-1, max-image-preview:large, max-video-preview:-1\" \/>\n<link rel=\"canonical\" href=\"https:\/\/alimentsamga.com\/fr\/produit\/ribeye-vieilli-aaa\/\" \/>\n<meta property=\"og:locale\" content=\"fr_FR\" \/>\n<meta property=\"og:type\" content=\"article\" \/>\n<meta property=\"og:title\" content=\"C\u00f4telettes de Ribeye AAA Vieilli | AMGA\" \/>\n<meta property=\"og:description\" content=\"Achetez notre C\u00f4telettes de ribeye AAA vieilli, fait \u00e0 partir de b\u0153uf AAA de l&#039;Ouest canadien. Vieilli \u00e0 la perfection, provenant de fermes locales et livr\u00e9 frais chez vous pour une exp\u00e9rience de steak ultime.\" \/>\n<meta property=\"og:url\" content=\"https:\/\/alimentsamga.com\/fr\/produit\/ribeye-vieilli-aaa\/\" \/>\n<meta property=\"og:site_name\" content=\"AMGA\" \/>\n<meta property=\"article:modified_time\" content=\"2025-12-24T14:27:18+00:00\" \/>\n<meta property=\"og:image\" content=\"https:\/\/alimentsamga.com\/wp-content\/uploads\/2020\/09\/2155-3.jpg\" \/>\n\t<meta property=\"og:image:width\" content=\"720\" \/>\n\t<meta property=\"og:image:height\" content=\"480\" \/>\n\t<meta property=\"og:image:type\" content=\"image\/jpeg\" \/>\n<meta name=\"twitter:card\" content=\"summary_large_image\" \/>\n<meta name=\"twitter:label1\" content=\"Dur\u00e9e de lecture estim\u00e9e\" \/>\n\t<meta name=\"twitter:data1\" content=\"1 minute\" \/>\n<script type=\"application\/ld+json\" class=\"yoast-schema-graph\">{\"@context\":\"https:\\\/\\\/schema.org\",\"@graph\":[{\"@type\":\"WebPage\",\"@id\":\"https:\\\/\\\/alimentsamga.com\\\/fr\\\/produit\\\/ribeye-vieilli-aaa\\\/\",\"url\":\"https:\\\/\\\/alimentsamga.com\\\/fr\\\/produit\\\/ribeye-vieilli-aaa\\\/\",\"name\":\"C\u00f4telettes de Ribeye AAA Vieilli | AMGA\",\"isPartOf\":{\"@id\":\"https:\\\/\\\/alimentsamga.com\\\/fr\\\/#website\"},\"primaryImageOfPage\":{\"@id\":\"https:\\\/\\\/alimentsamga.com\\\/fr\\\/produit\\\/ribeye-vieilli-aaa\\\/#primaryimage\"},\"image\":{\"@id\":\"https:\\\/\\\/alimentsamga.com\\\/fr\\\/produit\\\/ribeye-vieilli-aaa\\\/#primaryimage\"},\"thumbnailUrl\":\"https:\\\/\\\/alimentsamga.com\\\/wp-content\\\/uploads\\\/2020\\\/09\\\/2155-3.jpg\",\"datePublished\":\"2020-09-08T05:20:35+00:00\",\"dateModified\":\"2025-12-24T14:27:18+00:00\",\"description\":\"Achetez notre C\u00f4telettes de ribeye AAA vieilli, fait \u00e0 partir de b\u0153uf AAA de l'Ouest canadien. Vieilli \u00e0 la perfection, provenant de fermes locales et livr\u00e9 frais chez vous pour une exp\u00e9rience de steak ultime.\",\"breadcrumb\":{\"@id\":\"https:\\\/\\\/alimentsamga.com\\\/fr\\\/produit\\\/ribeye-vieilli-aaa\\\/#breadcrumb\"},\"inLanguage\":\"fr-FR\",\"potentialAction\":[{\"@type\":\"ReadAction\",\"target\":[\"https:\\\/\\\/alimentsamga.com\\\/fr\\\/produit\\\/ribeye-vieilli-aaa\\\/\"]}]},{\"@type\":\"ImageObject\",\"inLanguage\":\"fr-FR\",\"@id\":\"https:\\\/\\\/alimentsamga.com\\\/fr\\\/produit\\\/ribeye-vieilli-aaa\\\/#primaryimage\",\"url\":\"https:\\\/\\\/alimentsamga.com\\\/wp-content\\\/uploads\\\/2020\\\/09\\\/2155-3.jpg\",\"contentUrl\":\"https:\\\/\\\/alimentsamga.com\\\/wp-content\\\/uploads\\\/2020\\\/09\\\/2155-3.jpg\",\"width\":720,\"height\":480,\"caption\":\"AAA Aged Ribeye\"},{\"@type\":\"BreadcrumbList\",\"@id\":\"https:\\\/\\\/alimentsamga.com\\\/fr\\\/produit\\\/ribeye-vieilli-aaa\\\/#breadcrumb\",\"itemListElement\":[{\"@type\":\"ListItem\",\"position\":1,\"name\":\"Home\",\"item\":\"https:\\\/\\\/alimentsamga.com\\\/fr\\\/\"},{\"@type\":\"ListItem\",\"position\":2,\"name\":\"Boutique\",\"item\":\"https:\\\/\\\/alimentsamga.com\\\/fr\\\/boutique\\\/\"},{\"@type\":\"ListItem\",\"position\":3,\"name\":\"Ribeye Vieilli AAA\"}]},{\"@type\":\"WebSite\",\"@id\":\"https:\\\/\\\/alimentsamga.com\\\/fr\\\/#website\",\"url\":\"https:\\\/\\\/alimentsamga.com\\\/fr\\\/\",\"name\":\"AMGA\",\"description\":\"Aliments Amga\",\"publisher\":{\"@id\":\"https:\\\/\\\/alimentsamga.com\\\/fr\\\/#organization\"},\"potentialAction\":[{\"@type\":\"SearchAction\",\"target\":{\"@type\":\"EntryPoint\",\"urlTemplate\":\"https:\\\/\\\/alimentsamga.com\\\/fr\\\/?s={search_term_string}\"},\"query-input\":{\"@type\":\"PropertyValueSpecification\",\"valueRequired\":true,\"valueName\":\"search_term_string\"}}],\"inLanguage\":\"fr-FR\"},{\"@type\":\"Organization\",\"@id\":\"https:\\\/\\\/alimentsamga.com\\\/fr\\\/#organization\",\"name\":\"AMGA\",\"url\":\"https:\\\/\\\/alimentsamga.com\\\/fr\\\/\",\"logo\":{\"@type\":\"ImageObject\",\"inLanguage\":\"fr-FR\",\"@id\":\"https:\\\/\\\/alimentsamga.com\\\/fr\\\/#\\\/schema\\\/logo\\\/image\\\/\",\"url\":\"https:\\\/\\\/alimentsamga.com\\\/wp-content\\\/uploads\\\/2020\\\/11\\\/amgachezvous-logo-blue-e1619460460184.png\",\"contentUrl\":\"https:\\\/\\\/alimentsamga.com\\\/wp-content\\\/uploads\\\/2020\\\/11\\\/amgachezvous-logo-blue-e1619460460184.png\",\"width\":131,\"height\":80,\"caption\":\"AMGA\"},\"image\":{\"@id\":\"https:\\\/\\\/alimentsamga.com\\\/fr\\\/#\\\/schema\\\/logo\\\/image\\\/\"},\"sameAs\":[\"https:\\\/\\\/www.instagram.com\\\/aliments.amga\\\/?hl=en\"]}]}<\/script>\n<!-- \/ Yoast SEO plugin. -->","yoast_head_json":{"title":"C\u00f4telettes de Ribeye AAA Vieilli | AMGA","description":"Achetez notre C\u00f4telettes de ribeye AAA vieilli, fait \u00e0 partir de b\u0153uf AAA de l'Ouest canadien. Vieilli \u00e0 la perfection, provenant de fermes locales et livr\u00e9 frais chez vous pour une exp\u00e9rience de steak ultime.","robots":{"index":"index","follow":"follow","max-snippet":"max-snippet:-1","max-image-preview":"max-image-preview:large","max-video-preview":"max-video-preview:-1"},"canonical":"https:\/\/alimentsamga.com\/fr\/produit\/ribeye-vieilli-aaa\/","og_locale":"fr_FR","og_type":"article","og_title":"C\u00f4telettes de Ribeye AAA Vieilli | AMGA","og_description":"Achetez notre C\u00f4telettes de ribeye AAA vieilli, fait \u00e0 partir de b\u0153uf AAA de l'Ouest canadien. Vieilli \u00e0 la perfection, provenant de fermes locales et livr\u00e9 frais chez vous pour une exp\u00e9rience de steak ultime.","og_url":"https:\/\/alimentsamga.com\/fr\/produit\/ribeye-vieilli-aaa\/","og_site_name":"AMGA","article_modified_time":"2025-12-24T14:27:18+00:00","og_image":[{"width":720,"height":480,"url":"https:\/\/alimentsamga.com\/wp-content\/uploads\/2020\/09\/2155-3.jpg","type":"image\/jpeg"}],"twitter_card":"summary_large_image","twitter_misc":{"Dur\u00e9e de lecture estim\u00e9e":"1 minute"},"schema":{"@context":"https:\/\/schema.org","@graph":[{"@type":"WebPage","@id":"https:\/\/alimentsamga.com\/fr\/produit\/ribeye-vieilli-aaa\/","url":"https:\/\/alimentsamga.com\/fr\/produit\/ribeye-vieilli-aaa\/","name":"C\u00f4telettes de Ribeye AAA Vieilli | AMGA","isPartOf":{"@id":"https:\/\/alimentsamga.com\/fr\/#website"},"primaryImageOfPage":{"@id":"https:\/\/alimentsamga.com\/fr\/produit\/ribeye-vieilli-aaa\/#primaryimage"},"image":{"@id":"https:\/\/alimentsamga.com\/fr\/produit\/ribeye-vieilli-aaa\/#primaryimage"},"thumbnailUrl":"https:\/\/alimentsamga.com\/wp-content\/uploads\/2020\/09\/2155-3.jpg","datePublished":"2020-09-08T05:20:35+00:00","dateModified":"2025-12-24T14:27:18+00:00","description":"Achetez notre C\u00f4telettes de ribeye AAA vieilli, fait \u00e0 partir de b\u0153uf AAA de l'Ouest canadien. Vieilli \u00e0 la perfection, provenant de fermes locales et livr\u00e9 frais chez vous pour une exp\u00e9rience de steak ultime.","breadcrumb":{"@id":"https:\/\/alimentsamga.com\/fr\/produit\/ribeye-vieilli-aaa\/#breadcrumb"},"inLanguage":"fr-FR","potentialAction":[{"@type":"ReadAction","target":["https:\/\/alimentsamga.com\/fr\/produit\/ribeye-vieilli-aaa\/"]}]},{"@type":"ImageObject","inLanguage":"fr-FR","@id":"https:\/\/alimentsamga.com\/fr\/produit\/ribeye-vieilli-aaa\/#primaryimage","url":"https:\/\/alimentsamga.com\/wp-content\/uploads\/2020\/09\/2155-3.jpg","contentUrl":"https:\/\/alimentsamga.com\/wp-content\/uploads\/2020\/09\/2155-3.jpg","width":720,"height":480,"caption":"AAA Aged Ribeye"},{"@type":"BreadcrumbList","@id":"https:\/\/alimentsamga.com\/fr\/produit\/ribeye-vieilli-aaa\/#breadcrumb","itemListElement":[{"@type":"ListItem","position":1,"name":"Home","item":"https:\/\/alimentsamga.com\/fr\/"},{"@type":"ListItem","position":2,"name":"Boutique","item":"https:\/\/alimentsamga.com\/fr\/boutique\/"},{"@type":"ListItem","position":3,"name":"Ribeye Vieilli AAA"}]},{"@type":"WebSite","@id":"https:\/\/alimentsamga.com\/fr\/#website","url":"https:\/\/alimentsamga.com\/fr\/","name":"AMGA","description":"Aliments Amga","publisher":{"@id":"https:\/\/alimentsamga.com\/fr\/#organization"},"potentialAction":[{"@type":"SearchAction","target":{"@type":"EntryPoint","urlTemplate":"https:\/\/alimentsamga.com\/fr\/?s={search_term_string}"},"query-input":{"@type":"PropertyValueSpecification","valueRequired":true,"valueName":"search_term_string"}}],"inLanguage":"fr-FR"},{"@type":"Organization","@id":"https:\/\/alimentsamga.com\/fr\/#organization","name":"AMGA","url":"https:\/\/alimentsamga.com\/fr\/","logo":{"@type":"ImageObject","inLanguage":"fr-FR","@id":"https:\/\/alimentsamga.com\/fr\/#\/schema\/logo\/image\/","url":"https:\/\/alimentsamga.com\/wp-content\/uploads\/2020\/11\/amgachezvous-logo-blue-e1619460460184.png","contentUrl":"https:\/\/alimentsamga.com\/wp-content\/uploads\/2020\/11\/amgachezvous-logo-blue-e1619460460184.png","width":131,"height":80,"caption":"AMGA"},"image":{"@id":"https:\/\/alimentsamga.com\/fr\/#\/schema\/logo\/image\/"},"sameAs":["https:\/\/www.instagram.com\/aliments.amga\/?hl=en"]}]}},"_links":{"self":[{"href":"https:\/\/alimentsamga.com\/fr\/wp-json\/wp\/v2\/product\/764","targetHints":{"allow":["GET"]}}],"collection":[{"href":"https:\/\/alimentsamga.com\/fr\/wp-json\/wp\/v2\/product"}],"about":[{"href":"https:\/\/alimentsamga.com\/fr\/wp-json\/wp\/v2\/types\/product"}],"replies":[{"embeddable":true,"href":"https:\/\/alimentsamga.com\/fr\/wp-json\/wp\/v2\/comments?post=764"}],"wp:featuredmedia":[{"embeddable":true,"href":"https:\/\/alimentsamga.com\/fr\/wp-json\/wp\/v2\/media\/10325"}],"wp:attachment":[{"href":"https:\/\/alimentsamga.com\/fr\/wp-json\/wp\/v2\/media?parent=764"}],"wp:term":[{"taxonomy":"product_brand","embeddable":true,"href":"https:\/\/alimentsamga.com\/fr\/wp-json\/wp\/v2\/product_brand?post=764"},{"taxonomy":"product_cat","embeddable":true,"href":"https:\/\/alimentsamga.com\/fr\/wp-json\/wp\/v2\/product_cat?post=764"},{"taxonomy":"product_tag","embeddable":true,"href":"https:\/\/alimentsamga.com\/fr\/wp-json\/wp\/v2\/product_tag?post=764"}],"curies":[{"name":"wp","href":"https:\/\/api.w.org\/{rel}","templated":true}]}}