{"id":760,"date":"2020-09-08T00:21:20","date_gmt":"2020-09-08T00:21:20","guid":{"rendered":"https:\/\/amga.oncode.ca\/product\/contre-filet-ny-vieilli-aaa\/"},"modified":"2025-12-24T09:26:10","modified_gmt":"2025-12-24T14:26:10","slug":"contre-filet-ny-vieilli-aaa","status":"publish","type":"product","link":"https:\/\/alimentsamga.com\/fr\/produit\/contre-filet-ny-vieilli-aaa\/","title":{"rendered":"Contre-filet NY vieilli AAA"},"content":{"rendered":"<p>Notre <strong data-start=\"1171\" data-end=\"1199\">Contre-filet NY AAA vieilli<\/strong> provient du b\u0153uf AAA de l&rsquo;Ouest canadien, garantissant une tendret\u00e9 incomparable et une saveur riche. Vieilli \u00e0 la perfection, ce contre-filet offre un \u00e9quilibre parfait entre texture et go\u00fbt.<br data-start=\"1392\" data-end=\"1395\" \/>Provenant de fermes locales et d\u00e9coup\u00e9, chaque morceau est livr\u00e9 directement chez vous, pr\u00eat \u00e0 \u00eatre cuit \u00e0 la perfection. Que vous le grilliez, le saisissiez ou le r\u00f4tissiez, ce contre-filet premium rehaussera n&rsquo;importe quel repas avec sa qualit\u00e9 fondante en bouche.<\/p>\n<p>La viande est fra\u00eeche\/surgel\u00e9e (\u00e9tait fra\u00eeche \u00e0 l\u2019origine et a ensuite \u00e9t\u00e9 congel\u00e9e)<\/p>\n<p>Consultez nos autres <a href=\"https:\/\/alimentsamga.com\/fr\/product-category\/boeuf\/\">produits \u00e0 base de b\u0153uf ici.<\/a><\/p>\n","protected":false},"excerpt":{"rendered":"B\u0153uf AAA canadien, vieilli \u00e0 la perfection.\r\n\r\nTous nos produits de viande sont provenant de fermes canadiennes et livr\u00e9s \u00e0 votre porte.\r\n\r\nLa viande est fra\u00eeche\/surgel\u00e9e (\u00e9tait fra\u00eeche \u00e0 l\u2019origine et a ensuite \u00e9t\u00e9 congel\u00e9e)","protected":false},"featured_media":10331,"comment_status":"open","ping_status":"closed","template":"","meta":{"content-type":""},"product_brand":[],"product_cat":[58,165],"product_tag":[],"class_list":{"0":"post-760","1":"product","2":"type-product","3":"status-publish","4":"has-post-thumbnail","6":"product_cat-boeuf","7":"product_cat-viandes","9":"first","10":"instock","11":"shipping-taxable","12":"purchasable","13":"product-type-variable"},"bundle_layout":"","bundle_add_to_cart_form_location":"","bundle_editable_in_cart":false,"bundle_sold_individually_context":"","bundle_item_grouping":"","bundle_min_size":"","bundle_max_size":"","bundled_by":["4555","4557","10902"],"bundled_items":[],"yoast_head":"<!-- This site is optimized with the Yoast SEO plugin v27.3 - https:\/\/yoast.com\/product\/yoast-seo-wordpress\/ -->\n<title>Contre-filet NY AAA vieilli | AMGA<\/title>\n<meta name=\"description\" content=\"Achetez notre Contre-filet NY AAA vieilli, fait \u00e0 partir de b\u0153uf AAA de l&#039;Ouest canadien. Vieilli \u00e0 la perfection, provenant de fermes locales et livr\u00e9 frais chez vous.\" \/>\n<meta name=\"robots\" content=\"index, follow, max-snippet:-1, max-image-preview:large, max-video-preview:-1\" \/>\n<link rel=\"canonical\" href=\"https:\/\/alimentsamga.com\/fr\/produit\/contre-filet-ny-vieilli-aaa\/\" \/>\n<meta property=\"og:locale\" content=\"fr_FR\" \/>\n<meta property=\"og:type\" content=\"article\" \/>\n<meta property=\"og:title\" content=\"Contre-filet NY AAA vieilli | AMGA\" \/>\n<meta property=\"og:description\" content=\"Achetez notre Contre-filet NY AAA vieilli, fait \u00e0 partir de b\u0153uf AAA de l&#039;Ouest canadien. Vieilli \u00e0 la perfection, provenant de fermes locales et livr\u00e9 frais chez vous.\" \/>\n<meta property=\"og:url\" content=\"https:\/\/alimentsamga.com\/fr\/produit\/contre-filet-ny-vieilli-aaa\/\" \/>\n<meta property=\"og:site_name\" content=\"AMGA\" \/>\n<meta property=\"article:modified_time\" content=\"2025-12-24T14:26:10+00:00\" \/>\n<meta property=\"og:image\" content=\"https:\/\/alimentsamga.com\/wp-content\/uploads\/2020\/09\/2162-3.jpg\" \/>\n\t<meta property=\"og:image:width\" content=\"720\" \/>\n\t<meta property=\"og:image:height\" content=\"480\" \/>\n\t<meta property=\"og:image:type\" content=\"image\/jpeg\" \/>\n<meta name=\"twitter:card\" content=\"summary_large_image\" \/>\n<meta name=\"twitter:label1\" content=\"Dur\u00e9e de lecture estim\u00e9e\" \/>\n\t<meta name=\"twitter:data1\" content=\"1 minute\" \/>\n<script type=\"application\/ld+json\" class=\"yoast-schema-graph\">{\"@context\":\"https:\\\/\\\/schema.org\",\"@graph\":[{\"@type\":\"WebPage\",\"@id\":\"https:\\\/\\\/alimentsamga.com\\\/fr\\\/produit\\\/contre-filet-ny-vieilli-aaa\\\/\",\"url\":\"https:\\\/\\\/alimentsamga.com\\\/fr\\\/produit\\\/contre-filet-ny-vieilli-aaa\\\/\",\"name\":\"Contre-filet NY AAA vieilli | AMGA\",\"isPartOf\":{\"@id\":\"https:\\\/\\\/alimentsamga.com\\\/fr\\\/#website\"},\"primaryImageOfPage\":{\"@id\":\"https:\\\/\\\/alimentsamga.com\\\/fr\\\/produit\\\/contre-filet-ny-vieilli-aaa\\\/#primaryimage\"},\"image\":{\"@id\":\"https:\\\/\\\/alimentsamga.com\\\/fr\\\/produit\\\/contre-filet-ny-vieilli-aaa\\\/#primaryimage\"},\"thumbnailUrl\":\"https:\\\/\\\/alimentsamga.com\\\/wp-content\\\/uploads\\\/2020\\\/09\\\/2162-3.jpg\",\"datePublished\":\"2020-09-08T00:21:20+00:00\",\"dateModified\":\"2025-12-24T14:26:10+00:00\",\"description\":\"Achetez notre Contre-filet NY AAA vieilli, fait \u00e0 partir de b\u0153uf AAA de l'Ouest canadien. Vieilli \u00e0 la perfection, provenant de fermes locales et livr\u00e9 frais chez vous.\",\"breadcrumb\":{\"@id\":\"https:\\\/\\\/alimentsamga.com\\\/fr\\\/produit\\\/contre-filet-ny-vieilli-aaa\\\/#breadcrumb\"},\"inLanguage\":\"fr-FR\",\"potentialAction\":[{\"@type\":\"ReadAction\",\"target\":[\"https:\\\/\\\/alimentsamga.com\\\/fr\\\/produit\\\/contre-filet-ny-vieilli-aaa\\\/\"]}]},{\"@type\":\"ImageObject\",\"inLanguage\":\"fr-FR\",\"@id\":\"https:\\\/\\\/alimentsamga.com\\\/fr\\\/produit\\\/contre-filet-ny-vieilli-aaa\\\/#primaryimage\",\"url\":\"https:\\\/\\\/alimentsamga.com\\\/wp-content\\\/uploads\\\/2020\\\/09\\\/2162-3.jpg\",\"contentUrl\":\"https:\\\/\\\/alimentsamga.com\\\/wp-content\\\/uploads\\\/2020\\\/09\\\/2162-3.jpg\",\"width\":720,\"height\":480,\"caption\":\"AAA Aged NY Striploin\"},{\"@type\":\"BreadcrumbList\",\"@id\":\"https:\\\/\\\/alimentsamga.com\\\/fr\\\/produit\\\/contre-filet-ny-vieilli-aaa\\\/#breadcrumb\",\"itemListElement\":[{\"@type\":\"ListItem\",\"position\":1,\"name\":\"Home\",\"item\":\"https:\\\/\\\/alimentsamga.com\\\/fr\\\/\"},{\"@type\":\"ListItem\",\"position\":2,\"name\":\"Boutique\",\"item\":\"https:\\\/\\\/alimentsamga.com\\\/fr\\\/boutique\\\/\"},{\"@type\":\"ListItem\",\"position\":3,\"name\":\"Contre-filet NY vieilli AAA\"}]},{\"@type\":\"WebSite\",\"@id\":\"https:\\\/\\\/alimentsamga.com\\\/fr\\\/#website\",\"url\":\"https:\\\/\\\/alimentsamga.com\\\/fr\\\/\",\"name\":\"AMGA\",\"description\":\"Aliments Amga\",\"publisher\":{\"@id\":\"https:\\\/\\\/alimentsamga.com\\\/fr\\\/#organization\"},\"potentialAction\":[{\"@type\":\"SearchAction\",\"target\":{\"@type\":\"EntryPoint\",\"urlTemplate\":\"https:\\\/\\\/alimentsamga.com\\\/fr\\\/?s={search_term_string}\"},\"query-input\":{\"@type\":\"PropertyValueSpecification\",\"valueRequired\":true,\"valueName\":\"search_term_string\"}}],\"inLanguage\":\"fr-FR\"},{\"@type\":\"Organization\",\"@id\":\"https:\\\/\\\/alimentsamga.com\\\/fr\\\/#organization\",\"name\":\"AMGA\",\"url\":\"https:\\\/\\\/alimentsamga.com\\\/fr\\\/\",\"logo\":{\"@type\":\"ImageObject\",\"inLanguage\":\"fr-FR\",\"@id\":\"https:\\\/\\\/alimentsamga.com\\\/fr\\\/#\\\/schema\\\/logo\\\/image\\\/\",\"url\":\"https:\\\/\\\/alimentsamga.com\\\/wp-content\\\/uploads\\\/2020\\\/11\\\/amgachezvous-logo-blue-e1619460460184.png\",\"contentUrl\":\"https:\\\/\\\/alimentsamga.com\\\/wp-content\\\/uploads\\\/2020\\\/11\\\/amgachezvous-logo-blue-e1619460460184.png\",\"width\":131,\"height\":80,\"caption\":\"AMGA\"},\"image\":{\"@id\":\"https:\\\/\\\/alimentsamga.com\\\/fr\\\/#\\\/schema\\\/logo\\\/image\\\/\"},\"sameAs\":[\"https:\\\/\\\/www.instagram.com\\\/aliments.amga\\\/?hl=en\"]}]}<\/script>\n<!-- \/ Yoast SEO plugin. -->","yoast_head_json":{"title":"Contre-filet NY AAA vieilli | AMGA","description":"Achetez notre Contre-filet NY AAA vieilli, fait \u00e0 partir de b\u0153uf AAA de l'Ouest canadien. Vieilli \u00e0 la perfection, provenant de fermes locales et livr\u00e9 frais chez vous.","robots":{"index":"index","follow":"follow","max-snippet":"max-snippet:-1","max-image-preview":"max-image-preview:large","max-video-preview":"max-video-preview:-1"},"canonical":"https:\/\/alimentsamga.com\/fr\/produit\/contre-filet-ny-vieilli-aaa\/","og_locale":"fr_FR","og_type":"article","og_title":"Contre-filet NY AAA vieilli | AMGA","og_description":"Achetez notre Contre-filet NY AAA vieilli, fait \u00e0 partir de b\u0153uf AAA de l'Ouest canadien. Vieilli \u00e0 la perfection, provenant de fermes locales et livr\u00e9 frais chez vous.","og_url":"https:\/\/alimentsamga.com\/fr\/produit\/contre-filet-ny-vieilli-aaa\/","og_site_name":"AMGA","article_modified_time":"2025-12-24T14:26:10+00:00","og_image":[{"width":720,"height":480,"url":"https:\/\/alimentsamga.com\/wp-content\/uploads\/2020\/09\/2162-3.jpg","type":"image\/jpeg"}],"twitter_card":"summary_large_image","twitter_misc":{"Dur\u00e9e de lecture estim\u00e9e":"1 minute"},"schema":{"@context":"https:\/\/schema.org","@graph":[{"@type":"WebPage","@id":"https:\/\/alimentsamga.com\/fr\/produit\/contre-filet-ny-vieilli-aaa\/","url":"https:\/\/alimentsamga.com\/fr\/produit\/contre-filet-ny-vieilli-aaa\/","name":"Contre-filet NY AAA vieilli | AMGA","isPartOf":{"@id":"https:\/\/alimentsamga.com\/fr\/#website"},"primaryImageOfPage":{"@id":"https:\/\/alimentsamga.com\/fr\/produit\/contre-filet-ny-vieilli-aaa\/#primaryimage"},"image":{"@id":"https:\/\/alimentsamga.com\/fr\/produit\/contre-filet-ny-vieilli-aaa\/#primaryimage"},"thumbnailUrl":"https:\/\/alimentsamga.com\/wp-content\/uploads\/2020\/09\/2162-3.jpg","datePublished":"2020-09-08T00:21:20+00:00","dateModified":"2025-12-24T14:26:10+00:00","description":"Achetez notre Contre-filet NY AAA vieilli, fait \u00e0 partir de b\u0153uf AAA de l'Ouest canadien. Vieilli \u00e0 la perfection, provenant de fermes locales et livr\u00e9 frais chez vous.","breadcrumb":{"@id":"https:\/\/alimentsamga.com\/fr\/produit\/contre-filet-ny-vieilli-aaa\/#breadcrumb"},"inLanguage":"fr-FR","potentialAction":[{"@type":"ReadAction","target":["https:\/\/alimentsamga.com\/fr\/produit\/contre-filet-ny-vieilli-aaa\/"]}]},{"@type":"ImageObject","inLanguage":"fr-FR","@id":"https:\/\/alimentsamga.com\/fr\/produit\/contre-filet-ny-vieilli-aaa\/#primaryimage","url":"https:\/\/alimentsamga.com\/wp-content\/uploads\/2020\/09\/2162-3.jpg","contentUrl":"https:\/\/alimentsamga.com\/wp-content\/uploads\/2020\/09\/2162-3.jpg","width":720,"height":480,"caption":"AAA Aged NY Striploin"},{"@type":"BreadcrumbList","@id":"https:\/\/alimentsamga.com\/fr\/produit\/contre-filet-ny-vieilli-aaa\/#breadcrumb","itemListElement":[{"@type":"ListItem","position":1,"name":"Home","item":"https:\/\/alimentsamga.com\/fr\/"},{"@type":"ListItem","position":2,"name":"Boutique","item":"https:\/\/alimentsamga.com\/fr\/boutique\/"},{"@type":"ListItem","position":3,"name":"Contre-filet NY vieilli AAA"}]},{"@type":"WebSite","@id":"https:\/\/alimentsamga.com\/fr\/#website","url":"https:\/\/alimentsamga.com\/fr\/","name":"AMGA","description":"Aliments Amga","publisher":{"@id":"https:\/\/alimentsamga.com\/fr\/#organization"},"potentialAction":[{"@type":"SearchAction","target":{"@type":"EntryPoint","urlTemplate":"https:\/\/alimentsamga.com\/fr\/?s={search_term_string}"},"query-input":{"@type":"PropertyValueSpecification","valueRequired":true,"valueName":"search_term_string"}}],"inLanguage":"fr-FR"},{"@type":"Organization","@id":"https:\/\/alimentsamga.com\/fr\/#organization","name":"AMGA","url":"https:\/\/alimentsamga.com\/fr\/","logo":{"@type":"ImageObject","inLanguage":"fr-FR","@id":"https:\/\/alimentsamga.com\/fr\/#\/schema\/logo\/image\/","url":"https:\/\/alimentsamga.com\/wp-content\/uploads\/2020\/11\/amgachezvous-logo-blue-e1619460460184.png","contentUrl":"https:\/\/alimentsamga.com\/wp-content\/uploads\/2020\/11\/amgachezvous-logo-blue-e1619460460184.png","width":131,"height":80,"caption":"AMGA"},"image":{"@id":"https:\/\/alimentsamga.com\/fr\/#\/schema\/logo\/image\/"},"sameAs":["https:\/\/www.instagram.com\/aliments.amga\/?hl=en"]}]}},"_links":{"self":[{"href":"https:\/\/alimentsamga.com\/fr\/wp-json\/wp\/v2\/product\/760","targetHints":{"allow":["GET"]}}],"collection":[{"href":"https:\/\/alimentsamga.com\/fr\/wp-json\/wp\/v2\/product"}],"about":[{"href":"https:\/\/alimentsamga.com\/fr\/wp-json\/wp\/v2\/types\/product"}],"replies":[{"embeddable":true,"href":"https:\/\/alimentsamga.com\/fr\/wp-json\/wp\/v2\/comments?post=760"}],"wp:featuredmedia":[{"embeddable":true,"href":"https:\/\/alimentsamga.com\/fr\/wp-json\/wp\/v2\/media\/10331"}],"wp:attachment":[{"href":"https:\/\/alimentsamga.com\/fr\/wp-json\/wp\/v2\/media?parent=760"}],"wp:term":[{"taxonomy":"product_brand","embeddable":true,"href":"https:\/\/alimentsamga.com\/fr\/wp-json\/wp\/v2\/product_brand?post=760"},{"taxonomy":"product_cat","embeddable":true,"href":"https:\/\/alimentsamga.com\/fr\/wp-json\/wp\/v2\/product_cat?post=760"},{"taxonomy":"product_tag","embeddable":true,"href":"https:\/\/alimentsamga.com\/fr\/wp-json\/wp\/v2\/product_tag?post=760"}],"curies":[{"name":"wp","href":"https:\/\/api.w.org\/{rel}","templated":true}]}}