{"id":756,"date":"2020-09-08T00:24:08","date_gmt":"2020-09-08T00:24:08","guid":{"rendered":"https:\/\/amga.oncode.ca\/product\/filet-mignon-rouge-aaa\/"},"modified":"2025-12-24T09:29:19","modified_gmt":"2025-12-24T14:29:19","slug":"filet-mignon-rouge-aaa","status":"publish","type":"product","link":"https:\/\/alimentsamga.com\/fr\/produit\/filet-mignon-rouge-aaa\/","title":{"rendered":"Filet mignon Rouge AAA"},"content":{"rendered":"<p>Notre <strong data-start=\"1165\" data-end=\"1195\">Filet mignon AAA Red Brand<\/strong> provient du b\u0153uf AAA de l&rsquo;Ouest canadien, garantissant une tendret\u00e9 et une saveur exceptionnelles. Vieilli \u00e0 la perfection, ce filet mignon est le choix ultime pour les amateurs de viande.<br data-start=\"1384\" data-end=\"1387\" \/>Fra\u00eechement d\u00e9coup\u00e9 et provenant de fermes locales, chaque morceau est livr\u00e9 directement chez vous, pr\u00eat \u00e0 impressionner lors de votre prochain repas. Que vous le grilliez, le saisissiez ou le r\u00f4tissiez, ce filet mignon offre une exp\u00e9rience fondante qui ravira vos papilles.<\/p>\n<p>La viande est fra\u00eeche\/surgel\u00e9e (\u00e9tait fra\u00eeche \u00e0 l\u2019origine et a ensuite \u00e9t\u00e9 congel\u00e9e)<\/p>\n<p>Consultez nos autres <a href=\"https:\/\/alimentsamga.com\/fr\/product-category\/boeuf\/\">produits \u00e0 base de b\u0153uf ici.<\/a><\/p>\n","protected":false},"excerpt":{"rendered":"B\u0153uf AAA canadien, vieilli \u00e0 la perfection.\r\n\r\nTous nos produits de viande sont frais, provenant de fermes canadiennes et livr\u00e9s \u00e0 votre porte.\r\n\r\nLa viande est fra\u00eeche\/surgel\u00e9e (\u00e9tait fra\u00eeche \u00e0 l\u2019origine et a ensuite \u00e9t\u00e9 congel\u00e9e)","protected":false},"featured_media":10341,"comment_status":"open","ping_status":"closed","template":"","meta":{"content-type":""},"product_brand":[],"product_cat":[58,165],"product_tag":[],"class_list":{"0":"post-756","1":"product","2":"type-product","3":"status-publish","4":"has-post-thumbnail","6":"product_cat-boeuf","7":"product_cat-viandes","9":"first","10":"instock","11":"shipping-taxable","12":"purchasable","13":"product-type-variable"},"bundle_layout":"","bundle_add_to_cart_form_location":"","bundle_editable_in_cart":false,"bundle_sold_individually_context":"","bundle_item_grouping":"","bundle_min_size":"","bundle_max_size":"","bundled_by":["4299","4555","4557","4583"],"bundled_items":[],"yoast_head":"<!-- This site is optimized with the Yoast SEO plugin v27.4 - https:\/\/yoast.com\/product\/yoast-seo-wordpress\/ -->\n<title>Filet mignon Rouge AAA - AMGA<\/title>\n<meta name=\"description\" content=\"Achetez notre Filet mignon AAA Red Brand, fait \u00e0 partir de b\u0153uf AAA de l&#039;Ouest canadien. Vieilli \u00e0 la perfection, provenant de fermes locales et livr\u00e9 chez vous.\" \/>\n<meta name=\"robots\" content=\"index, follow, max-snippet:-1, max-image-preview:large, max-video-preview:-1\" \/>\n<link rel=\"canonical\" href=\"https:\/\/alimentsamga.com\/fr\/produit\/filet-mignon-rouge-aaa\/\" \/>\n<meta property=\"og:locale\" content=\"fr_FR\" \/>\n<meta property=\"og:type\" content=\"article\" \/>\n<meta property=\"og:title\" content=\"Filet mignon Rouge AAA - AMGA\" \/>\n<meta property=\"og:description\" content=\"Achetez notre Filet mignon AAA Red Brand, fait \u00e0 partir de b\u0153uf AAA de l&#039;Ouest canadien. Vieilli \u00e0 la perfection, provenant de fermes locales et livr\u00e9 chez vous.\" \/>\n<meta property=\"og:url\" content=\"https:\/\/alimentsamga.com\/fr\/produit\/filet-mignon-rouge-aaa\/\" \/>\n<meta property=\"og:site_name\" content=\"AMGA\" \/>\n<meta property=\"article:modified_time\" content=\"2025-12-24T14:29:19+00:00\" \/>\n<meta property=\"og:image\" content=\"https:\/\/alimentsamga.com\/wp-content\/uploads\/2020\/09\/2213-3.jpg\" \/>\n\t<meta property=\"og:image:width\" content=\"556\" \/>\n\t<meta property=\"og:image:height\" content=\"480\" \/>\n\t<meta property=\"og:image:type\" content=\"image\/jpeg\" \/>\n<meta name=\"twitter:card\" content=\"summary_large_image\" \/>\n<meta name=\"twitter:label1\" content=\"Dur\u00e9e de lecture estim\u00e9e\" \/>\n\t<meta name=\"twitter:data1\" content=\"1 minute\" \/>\n<script type=\"application\/ld+json\" class=\"yoast-schema-graph\">{\"@context\":\"https:\\\/\\\/schema.org\",\"@graph\":[{\"@type\":\"WebPage\",\"@id\":\"https:\\\/\\\/alimentsamga.com\\\/fr\\\/produit\\\/filet-mignon-rouge-aaa\\\/\",\"url\":\"https:\\\/\\\/alimentsamga.com\\\/fr\\\/produit\\\/filet-mignon-rouge-aaa\\\/\",\"name\":\"Filet mignon Rouge AAA - AMGA\",\"isPartOf\":{\"@id\":\"https:\\\/\\\/alimentsamga.com\\\/fr\\\/#website\"},\"primaryImageOfPage\":{\"@id\":\"https:\\\/\\\/alimentsamga.com\\\/fr\\\/produit\\\/filet-mignon-rouge-aaa\\\/#primaryimage\"},\"image\":{\"@id\":\"https:\\\/\\\/alimentsamga.com\\\/fr\\\/produit\\\/filet-mignon-rouge-aaa\\\/#primaryimage\"},\"thumbnailUrl\":\"https:\\\/\\\/alimentsamga.com\\\/wp-content\\\/uploads\\\/2020\\\/09\\\/2213-3.jpg\",\"datePublished\":\"2020-09-08T00:24:08+00:00\",\"dateModified\":\"2025-12-24T14:29:19+00:00\",\"description\":\"Achetez notre Filet mignon AAA Red Brand, fait \u00e0 partir de b\u0153uf AAA de l'Ouest canadien. Vieilli \u00e0 la perfection, provenant de fermes locales et livr\u00e9 chez vous.\",\"breadcrumb\":{\"@id\":\"https:\\\/\\\/alimentsamga.com\\\/fr\\\/produit\\\/filet-mignon-rouge-aaa\\\/#breadcrumb\"},\"inLanguage\":\"fr-FR\",\"potentialAction\":[{\"@type\":\"ReadAction\",\"target\":[\"https:\\\/\\\/alimentsamga.com\\\/fr\\\/produit\\\/filet-mignon-rouge-aaa\\\/\"]}]},{\"@type\":\"ImageObject\",\"inLanguage\":\"fr-FR\",\"@id\":\"https:\\\/\\\/alimentsamga.com\\\/fr\\\/produit\\\/filet-mignon-rouge-aaa\\\/#primaryimage\",\"url\":\"https:\\\/\\\/alimentsamga.com\\\/wp-content\\\/uploads\\\/2020\\\/09\\\/2213-3.jpg\",\"contentUrl\":\"https:\\\/\\\/alimentsamga.com\\\/wp-content\\\/uploads\\\/2020\\\/09\\\/2213-3.jpg\",\"width\":556,\"height\":480,\"caption\":\"AAA Filet Mignon\"},{\"@type\":\"BreadcrumbList\",\"@id\":\"https:\\\/\\\/alimentsamga.com\\\/fr\\\/produit\\\/filet-mignon-rouge-aaa\\\/#breadcrumb\",\"itemListElement\":[{\"@type\":\"ListItem\",\"position\":1,\"name\":\"Home\",\"item\":\"https:\\\/\\\/alimentsamga.com\\\/fr\\\/\"},{\"@type\":\"ListItem\",\"position\":2,\"name\":\"Boutique\",\"item\":\"https:\\\/\\\/alimentsamga.com\\\/fr\\\/boutique\\\/\"},{\"@type\":\"ListItem\",\"position\":3,\"name\":\"Filet mignon Rouge AAA\"}]},{\"@type\":\"WebSite\",\"@id\":\"https:\\\/\\\/alimentsamga.com\\\/fr\\\/#website\",\"url\":\"https:\\\/\\\/alimentsamga.com\\\/fr\\\/\",\"name\":\"AMGA\",\"description\":\"Aliments Amga\",\"publisher\":{\"@id\":\"https:\\\/\\\/alimentsamga.com\\\/fr\\\/#organization\"},\"potentialAction\":[{\"@type\":\"SearchAction\",\"target\":{\"@type\":\"EntryPoint\",\"urlTemplate\":\"https:\\\/\\\/alimentsamga.com\\\/fr\\\/?s={search_term_string}\"},\"query-input\":{\"@type\":\"PropertyValueSpecification\",\"valueRequired\":true,\"valueName\":\"search_term_string\"}}],\"inLanguage\":\"fr-FR\"},{\"@type\":\"Organization\",\"@id\":\"https:\\\/\\\/alimentsamga.com\\\/fr\\\/#organization\",\"name\":\"AMGA\",\"url\":\"https:\\\/\\\/alimentsamga.com\\\/fr\\\/\",\"logo\":{\"@type\":\"ImageObject\",\"inLanguage\":\"fr-FR\",\"@id\":\"https:\\\/\\\/alimentsamga.com\\\/fr\\\/#\\\/schema\\\/logo\\\/image\\\/\",\"url\":\"https:\\\/\\\/alimentsamga.com\\\/wp-content\\\/uploads\\\/2020\\\/11\\\/amgachezvous-logo-blue-e1619460460184.png\",\"contentUrl\":\"https:\\\/\\\/alimentsamga.com\\\/wp-content\\\/uploads\\\/2020\\\/11\\\/amgachezvous-logo-blue-e1619460460184.png\",\"width\":131,\"height\":80,\"caption\":\"AMGA\"},\"image\":{\"@id\":\"https:\\\/\\\/alimentsamga.com\\\/fr\\\/#\\\/schema\\\/logo\\\/image\\\/\"},\"sameAs\":[\"https:\\\/\\\/www.instagram.com\\\/aliments.amga\\\/?hl=en\"]}]}<\/script>\n<!-- \/ Yoast SEO plugin. -->","yoast_head_json":{"title":"Filet mignon Rouge AAA - AMGA","description":"Achetez notre Filet mignon AAA Red Brand, fait \u00e0 partir de b\u0153uf AAA de l'Ouest canadien. Vieilli \u00e0 la perfection, provenant de fermes locales et livr\u00e9 chez vous.","robots":{"index":"index","follow":"follow","max-snippet":"max-snippet:-1","max-image-preview":"max-image-preview:large","max-video-preview":"max-video-preview:-1"},"canonical":"https:\/\/alimentsamga.com\/fr\/produit\/filet-mignon-rouge-aaa\/","og_locale":"fr_FR","og_type":"article","og_title":"Filet mignon Rouge AAA - AMGA","og_description":"Achetez notre Filet mignon AAA Red Brand, fait \u00e0 partir de b\u0153uf AAA de l'Ouest canadien. Vieilli \u00e0 la perfection, provenant de fermes locales et livr\u00e9 chez vous.","og_url":"https:\/\/alimentsamga.com\/fr\/produit\/filet-mignon-rouge-aaa\/","og_site_name":"AMGA","article_modified_time":"2025-12-24T14:29:19+00:00","og_image":[{"width":556,"height":480,"url":"https:\/\/alimentsamga.com\/wp-content\/uploads\/2020\/09\/2213-3.jpg","type":"image\/jpeg"}],"twitter_card":"summary_large_image","twitter_misc":{"Dur\u00e9e de lecture estim\u00e9e":"1 minute"},"schema":{"@context":"https:\/\/schema.org","@graph":[{"@type":"WebPage","@id":"https:\/\/alimentsamga.com\/fr\/produit\/filet-mignon-rouge-aaa\/","url":"https:\/\/alimentsamga.com\/fr\/produit\/filet-mignon-rouge-aaa\/","name":"Filet mignon Rouge AAA - AMGA","isPartOf":{"@id":"https:\/\/alimentsamga.com\/fr\/#website"},"primaryImageOfPage":{"@id":"https:\/\/alimentsamga.com\/fr\/produit\/filet-mignon-rouge-aaa\/#primaryimage"},"image":{"@id":"https:\/\/alimentsamga.com\/fr\/produit\/filet-mignon-rouge-aaa\/#primaryimage"},"thumbnailUrl":"https:\/\/alimentsamga.com\/wp-content\/uploads\/2020\/09\/2213-3.jpg","datePublished":"2020-09-08T00:24:08+00:00","dateModified":"2025-12-24T14:29:19+00:00","description":"Achetez notre Filet mignon AAA Red Brand, fait \u00e0 partir de b\u0153uf AAA de l'Ouest canadien. Vieilli \u00e0 la perfection, provenant de fermes locales et livr\u00e9 chez vous.","breadcrumb":{"@id":"https:\/\/alimentsamga.com\/fr\/produit\/filet-mignon-rouge-aaa\/#breadcrumb"},"inLanguage":"fr-FR","potentialAction":[{"@type":"ReadAction","target":["https:\/\/alimentsamga.com\/fr\/produit\/filet-mignon-rouge-aaa\/"]}]},{"@type":"ImageObject","inLanguage":"fr-FR","@id":"https:\/\/alimentsamga.com\/fr\/produit\/filet-mignon-rouge-aaa\/#primaryimage","url":"https:\/\/alimentsamga.com\/wp-content\/uploads\/2020\/09\/2213-3.jpg","contentUrl":"https:\/\/alimentsamga.com\/wp-content\/uploads\/2020\/09\/2213-3.jpg","width":556,"height":480,"caption":"AAA Filet Mignon"},{"@type":"BreadcrumbList","@id":"https:\/\/alimentsamga.com\/fr\/produit\/filet-mignon-rouge-aaa\/#breadcrumb","itemListElement":[{"@type":"ListItem","position":1,"name":"Home","item":"https:\/\/alimentsamga.com\/fr\/"},{"@type":"ListItem","position":2,"name":"Boutique","item":"https:\/\/alimentsamga.com\/fr\/boutique\/"},{"@type":"ListItem","position":3,"name":"Filet mignon Rouge AAA"}]},{"@type":"WebSite","@id":"https:\/\/alimentsamga.com\/fr\/#website","url":"https:\/\/alimentsamga.com\/fr\/","name":"AMGA","description":"Aliments Amga","publisher":{"@id":"https:\/\/alimentsamga.com\/fr\/#organization"},"potentialAction":[{"@type":"SearchAction","target":{"@type":"EntryPoint","urlTemplate":"https:\/\/alimentsamga.com\/fr\/?s={search_term_string}"},"query-input":{"@type":"PropertyValueSpecification","valueRequired":true,"valueName":"search_term_string"}}],"inLanguage":"fr-FR"},{"@type":"Organization","@id":"https:\/\/alimentsamga.com\/fr\/#organization","name":"AMGA","url":"https:\/\/alimentsamga.com\/fr\/","logo":{"@type":"ImageObject","inLanguage":"fr-FR","@id":"https:\/\/alimentsamga.com\/fr\/#\/schema\/logo\/image\/","url":"https:\/\/alimentsamga.com\/wp-content\/uploads\/2020\/11\/amgachezvous-logo-blue-e1619460460184.png","contentUrl":"https:\/\/alimentsamga.com\/wp-content\/uploads\/2020\/11\/amgachezvous-logo-blue-e1619460460184.png","width":131,"height":80,"caption":"AMGA"},"image":{"@id":"https:\/\/alimentsamga.com\/fr\/#\/schema\/logo\/image\/"},"sameAs":["https:\/\/www.instagram.com\/aliments.amga\/?hl=en"]}]}},"_links":{"self":[{"href":"https:\/\/alimentsamga.com\/fr\/wp-json\/wp\/v2\/product\/756","targetHints":{"allow":["GET"]}}],"collection":[{"href":"https:\/\/alimentsamga.com\/fr\/wp-json\/wp\/v2\/product"}],"about":[{"href":"https:\/\/alimentsamga.com\/fr\/wp-json\/wp\/v2\/types\/product"}],"replies":[{"embeddable":true,"href":"https:\/\/alimentsamga.com\/fr\/wp-json\/wp\/v2\/comments?post=756"}],"wp:featuredmedia":[{"embeddable":true,"href":"https:\/\/alimentsamga.com\/fr\/wp-json\/wp\/v2\/media\/10341"}],"wp:attachment":[{"href":"https:\/\/alimentsamga.com\/fr\/wp-json\/wp\/v2\/media?parent=756"}],"wp:term":[{"taxonomy":"product_brand","embeddable":true,"href":"https:\/\/alimentsamga.com\/fr\/wp-json\/wp\/v2\/product_brand?post=756"},{"taxonomy":"product_cat","embeddable":true,"href":"https:\/\/alimentsamga.com\/fr\/wp-json\/wp\/v2\/product_cat?post=756"},{"taxonomy":"product_tag","embeddable":true,"href":"https:\/\/alimentsamga.com\/fr\/wp-json\/wp\/v2\/product_tag?post=756"}],"curies":[{"name":"wp","href":"https:\/\/api.w.org\/{rel}","templated":true}]}}