{"id":750,"date":"2020-09-08T00:28:45","date_gmt":"2020-09-08T00:28:45","guid":{"rendered":"https:\/\/amga.oncode.ca\/product\/cotelette-de-porc\/"},"modified":"2025-03-05T09:29:48","modified_gmt":"2025-03-05T14:29:48","slug":"cotelette-de-porc","status":"publish","type":"product","link":"https:\/\/alimentsamga.com\/fr\/produit\/cotelette-de-porc\/","title":{"rendered":"C\u00f4telette de porc"},"content":{"rendered":"<p>Nos C\u00f4telette de porc offrent des morceaux frais et tendres, provenant de sources locales au Qu\u00e9bec. Chaque paquet contient deux c\u00f4tes de 8 oz (226.8 grams), id\u00e9ales pour un repas copieux. Ces c\u00f4tes premium sont livr\u00e9es directement \u00e0 votre porte, assurant une commodit\u00e9 et une fra\u00eecheur de qualit\u00e9 sup\u00e9rieure. Que vous les grilliez, les r\u00f4tissiez ou les fassiez frire, ces c\u00f4tes de porc promettent un repas d\u00e9licieux et satisfaisant pour toutes les occasions.<\/p>\n<p data-start=\"1649\" data-end=\"2021\">Ces C\u00f4telette de porc, provenant de sources locales, offrent un go\u00fbt et une texture exceptionnels. Leur fra\u00eecheur et leur qualit\u00e9 naturelles les rendent id\u00e9ales pour diverses m\u00e9thodes de cuisson. Savourez la pleine saveur du porc \u00e9lev\u00e9 au Qu\u00e9bec \u00e0 chaque bouch\u00e9e. Avec deux c\u00f4tes de 8 oz (226.8 grams) dans chaque paquet, vous aurez la quantit\u00e9 id\u00e9ale pour un repas qui comblera vos envies.<\/p>\n<p>Consultez nos <a href=\"https:\/\/alimentsamga.com\/fr\/product-category\/porc\/\">autres produits de porc ici.<\/a><\/p>\n","protected":false},"excerpt":{"rendered":"paquets de 2: 6 oz chaque","protected":false},"featured_media":10474,"comment_status":"open","ping_status":"closed","template":"","meta":{"content-type":""},"product_brand":[],"product_cat":[87,165],"product_tag":[],"class_list":{"0":"post-750","1":"product","2":"type-product","3":"status-publish","4":"has-post-thumbnail","6":"product_cat-porc","7":"product_cat-viandes","9":"first","10":"instock","11":"shipping-taxable","12":"purchasable","13":"product-type-variable"},"bundle_layout":"","bundle_add_to_cart_form_location":"","bundle_editable_in_cart":false,"bundle_sold_individually_context":"","bundle_item_grouping":"","bundle_min_size":"","bundle_max_size":"","bundled_by":[],"bundled_items":[],"yoast_head":"<!-- This site is optimized with the Yoast SEO plugin v27.5 - https:\/\/yoast.com\/product\/yoast-seo-wordpress\/ -->\n<title>C\u00f4telette de porc | AMGA<\/title>\n<meta name=\"description\" content=\"Achetez des C\u00f4telette de porc provenant de sources locales au Qu\u00e9bec, et savourez de la viande fra\u00eeche et de haute qualit\u00e9 livr\u00e9e directement \u00e0 votre porte.\" \/>\n<meta name=\"robots\" content=\"index, follow, max-snippet:-1, max-image-preview:large, max-video-preview:-1\" \/>\n<link rel=\"canonical\" href=\"https:\/\/alimentsamga.com\/fr\/produit\/cotelette-de-porc\/\" \/>\n<meta property=\"og:locale\" content=\"fr_FR\" \/>\n<meta property=\"og:type\" content=\"article\" \/>\n<meta property=\"og:title\" content=\"C\u00f4telette de porc | AMGA\" \/>\n<meta property=\"og:description\" content=\"Achetez des C\u00f4telette de porc provenant de sources locales au Qu\u00e9bec, et savourez de la viande fra\u00eeche et de haute qualit\u00e9 livr\u00e9e directement \u00e0 votre porte.\" \/>\n<meta property=\"og:url\" content=\"https:\/\/alimentsamga.com\/fr\/produit\/cotelette-de-porc\/\" \/>\n<meta property=\"og:site_name\" content=\"AMGA\" \/>\n<meta property=\"article:modified_time\" content=\"2025-03-05T14:29:48+00:00\" \/>\n<meta property=\"og:image\" content=\"https:\/\/alimentsamga.com\/wp-content\/uploads\/2020\/09\/4258.jpg\" \/>\n\t<meta property=\"og:image:width\" content=\"720\" \/>\n\t<meta property=\"og:image:height\" content=\"480\" \/>\n\t<meta property=\"og:image:type\" content=\"image\/jpeg\" \/>\n<meta name=\"twitter:card\" content=\"summary_large_image\" \/>\n<meta name=\"twitter:label1\" content=\"Dur\u00e9e de lecture estim\u00e9e\" \/>\n\t<meta name=\"twitter:data1\" content=\"1 minute\" \/>\n<script type=\"application\/ld+json\" class=\"yoast-schema-graph\">{\"@context\":\"https:\\\/\\\/schema.org\",\"@graph\":[{\"@type\":\"WebPage\",\"@id\":\"https:\\\/\\\/alimentsamga.com\\\/fr\\\/produit\\\/cotelette-de-porc\\\/\",\"url\":\"https:\\\/\\\/alimentsamga.com\\\/fr\\\/produit\\\/cotelette-de-porc\\\/\",\"name\":\"C\u00f4telette de porc | AMGA\",\"isPartOf\":{\"@id\":\"https:\\\/\\\/alimentsamga.com\\\/fr\\\/#website\"},\"primaryImageOfPage\":{\"@id\":\"https:\\\/\\\/alimentsamga.com\\\/fr\\\/produit\\\/cotelette-de-porc\\\/#primaryimage\"},\"image\":{\"@id\":\"https:\\\/\\\/alimentsamga.com\\\/fr\\\/produit\\\/cotelette-de-porc\\\/#primaryimage\"},\"thumbnailUrl\":\"https:\\\/\\\/alimentsamga.com\\\/wp-content\\\/uploads\\\/2020\\\/09\\\/4258.jpg\",\"datePublished\":\"2020-09-08T00:28:45+00:00\",\"dateModified\":\"2025-03-05T14:29:48+00:00\",\"description\":\"Achetez des C\u00f4telette de porc provenant de sources locales au Qu\u00e9bec, et savourez de la viande fra\u00eeche et de haute qualit\u00e9 livr\u00e9e directement \u00e0 votre porte.\",\"breadcrumb\":{\"@id\":\"https:\\\/\\\/alimentsamga.com\\\/fr\\\/produit\\\/cotelette-de-porc\\\/#breadcrumb\"},\"inLanguage\":\"fr-FR\",\"potentialAction\":[{\"@type\":\"ReadAction\",\"target\":[\"https:\\\/\\\/alimentsamga.com\\\/fr\\\/produit\\\/cotelette-de-porc\\\/\"]}]},{\"@type\":\"ImageObject\",\"inLanguage\":\"fr-FR\",\"@id\":\"https:\\\/\\\/alimentsamga.com\\\/fr\\\/produit\\\/cotelette-de-porc\\\/#primaryimage\",\"url\":\"https:\\\/\\\/alimentsamga.com\\\/wp-content\\\/uploads\\\/2020\\\/09\\\/4258.jpg\",\"contentUrl\":\"https:\\\/\\\/alimentsamga.com\\\/wp-content\\\/uploads\\\/2020\\\/09\\\/4258.jpg\",\"width\":720,\"height\":480,\"caption\":\"Pork Chop\"},{\"@type\":\"BreadcrumbList\",\"@id\":\"https:\\\/\\\/alimentsamga.com\\\/fr\\\/produit\\\/cotelette-de-porc\\\/#breadcrumb\",\"itemListElement\":[{\"@type\":\"ListItem\",\"position\":1,\"name\":\"Home\",\"item\":\"https:\\\/\\\/alimentsamga.com\\\/fr\\\/\"},{\"@type\":\"ListItem\",\"position\":2,\"name\":\"Boutique\",\"item\":\"https:\\\/\\\/alimentsamga.com\\\/fr\\\/boutique\\\/\"},{\"@type\":\"ListItem\",\"position\":3,\"name\":\"C\u00f4telette de porc\"}]},{\"@type\":\"WebSite\",\"@id\":\"https:\\\/\\\/alimentsamga.com\\\/fr\\\/#website\",\"url\":\"https:\\\/\\\/alimentsamga.com\\\/fr\\\/\",\"name\":\"AMGA\",\"description\":\"Aliments Amga\",\"publisher\":{\"@id\":\"https:\\\/\\\/alimentsamga.com\\\/fr\\\/#organization\"},\"potentialAction\":[{\"@type\":\"SearchAction\",\"target\":{\"@type\":\"EntryPoint\",\"urlTemplate\":\"https:\\\/\\\/alimentsamga.com\\\/fr\\\/?s={search_term_string}\"},\"query-input\":{\"@type\":\"PropertyValueSpecification\",\"valueRequired\":true,\"valueName\":\"search_term_string\"}}],\"inLanguage\":\"fr-FR\"},{\"@type\":\"Organization\",\"@id\":\"https:\\\/\\\/alimentsamga.com\\\/fr\\\/#organization\",\"name\":\"AMGA\",\"url\":\"https:\\\/\\\/alimentsamga.com\\\/fr\\\/\",\"logo\":{\"@type\":\"ImageObject\",\"inLanguage\":\"fr-FR\",\"@id\":\"https:\\\/\\\/alimentsamga.com\\\/fr\\\/#\\\/schema\\\/logo\\\/image\\\/\",\"url\":\"https:\\\/\\\/alimentsamga.com\\\/wp-content\\\/uploads\\\/2020\\\/11\\\/amgachezvous-logo-blue-e1619460460184.png\",\"contentUrl\":\"https:\\\/\\\/alimentsamga.com\\\/wp-content\\\/uploads\\\/2020\\\/11\\\/amgachezvous-logo-blue-e1619460460184.png\",\"width\":131,\"height\":80,\"caption\":\"AMGA\"},\"image\":{\"@id\":\"https:\\\/\\\/alimentsamga.com\\\/fr\\\/#\\\/schema\\\/logo\\\/image\\\/\"},\"sameAs\":[\"https:\\\/\\\/www.instagram.com\\\/aliments.amga\\\/?hl=en\"]}]}<\/script>\n<!-- \/ Yoast SEO plugin. -->","yoast_head_json":{"title":"C\u00f4telette de porc | AMGA","description":"Achetez des C\u00f4telette de porc provenant de sources locales au Qu\u00e9bec, et savourez de la viande fra\u00eeche et de haute qualit\u00e9 livr\u00e9e directement \u00e0 votre porte.","robots":{"index":"index","follow":"follow","max-snippet":"max-snippet:-1","max-image-preview":"max-image-preview:large","max-video-preview":"max-video-preview:-1"},"canonical":"https:\/\/alimentsamga.com\/fr\/produit\/cotelette-de-porc\/","og_locale":"fr_FR","og_type":"article","og_title":"C\u00f4telette de porc | AMGA","og_description":"Achetez des C\u00f4telette de porc provenant de sources locales au Qu\u00e9bec, et savourez de la viande fra\u00eeche et de haute qualit\u00e9 livr\u00e9e directement \u00e0 votre porte.","og_url":"https:\/\/alimentsamga.com\/fr\/produit\/cotelette-de-porc\/","og_site_name":"AMGA","article_modified_time":"2025-03-05T14:29:48+00:00","og_image":[{"width":720,"height":480,"url":"https:\/\/alimentsamga.com\/wp-content\/uploads\/2020\/09\/4258.jpg","type":"image\/jpeg"}],"twitter_card":"summary_large_image","twitter_misc":{"Dur\u00e9e de lecture estim\u00e9e":"1 minute"},"schema":{"@context":"https:\/\/schema.org","@graph":[{"@type":"WebPage","@id":"https:\/\/alimentsamga.com\/fr\/produit\/cotelette-de-porc\/","url":"https:\/\/alimentsamga.com\/fr\/produit\/cotelette-de-porc\/","name":"C\u00f4telette de porc | AMGA","isPartOf":{"@id":"https:\/\/alimentsamga.com\/fr\/#website"},"primaryImageOfPage":{"@id":"https:\/\/alimentsamga.com\/fr\/produit\/cotelette-de-porc\/#primaryimage"},"image":{"@id":"https:\/\/alimentsamga.com\/fr\/produit\/cotelette-de-porc\/#primaryimage"},"thumbnailUrl":"https:\/\/alimentsamga.com\/wp-content\/uploads\/2020\/09\/4258.jpg","datePublished":"2020-09-08T00:28:45+00:00","dateModified":"2025-03-05T14:29:48+00:00","description":"Achetez des C\u00f4telette de porc provenant de sources locales au Qu\u00e9bec, et savourez de la viande fra\u00eeche et de haute qualit\u00e9 livr\u00e9e directement \u00e0 votre porte.","breadcrumb":{"@id":"https:\/\/alimentsamga.com\/fr\/produit\/cotelette-de-porc\/#breadcrumb"},"inLanguage":"fr-FR","potentialAction":[{"@type":"ReadAction","target":["https:\/\/alimentsamga.com\/fr\/produit\/cotelette-de-porc\/"]}]},{"@type":"ImageObject","inLanguage":"fr-FR","@id":"https:\/\/alimentsamga.com\/fr\/produit\/cotelette-de-porc\/#primaryimage","url":"https:\/\/alimentsamga.com\/wp-content\/uploads\/2020\/09\/4258.jpg","contentUrl":"https:\/\/alimentsamga.com\/wp-content\/uploads\/2020\/09\/4258.jpg","width":720,"height":480,"caption":"Pork Chop"},{"@type":"BreadcrumbList","@id":"https:\/\/alimentsamga.com\/fr\/produit\/cotelette-de-porc\/#breadcrumb","itemListElement":[{"@type":"ListItem","position":1,"name":"Home","item":"https:\/\/alimentsamga.com\/fr\/"},{"@type":"ListItem","position":2,"name":"Boutique","item":"https:\/\/alimentsamga.com\/fr\/boutique\/"},{"@type":"ListItem","position":3,"name":"C\u00f4telette de porc"}]},{"@type":"WebSite","@id":"https:\/\/alimentsamga.com\/fr\/#website","url":"https:\/\/alimentsamga.com\/fr\/","name":"AMGA","description":"Aliments Amga","publisher":{"@id":"https:\/\/alimentsamga.com\/fr\/#organization"},"potentialAction":[{"@type":"SearchAction","target":{"@type":"EntryPoint","urlTemplate":"https:\/\/alimentsamga.com\/fr\/?s={search_term_string}"},"query-input":{"@type":"PropertyValueSpecification","valueRequired":true,"valueName":"search_term_string"}}],"inLanguage":"fr-FR"},{"@type":"Organization","@id":"https:\/\/alimentsamga.com\/fr\/#organization","name":"AMGA","url":"https:\/\/alimentsamga.com\/fr\/","logo":{"@type":"ImageObject","inLanguage":"fr-FR","@id":"https:\/\/alimentsamga.com\/fr\/#\/schema\/logo\/image\/","url":"https:\/\/alimentsamga.com\/wp-content\/uploads\/2020\/11\/amgachezvous-logo-blue-e1619460460184.png","contentUrl":"https:\/\/alimentsamga.com\/wp-content\/uploads\/2020\/11\/amgachezvous-logo-blue-e1619460460184.png","width":131,"height":80,"caption":"AMGA"},"image":{"@id":"https:\/\/alimentsamga.com\/fr\/#\/schema\/logo\/image\/"},"sameAs":["https:\/\/www.instagram.com\/aliments.amga\/?hl=en"]}]}},"_links":{"self":[{"href":"https:\/\/alimentsamga.com\/fr\/wp-json\/wp\/v2\/product\/750","targetHints":{"allow":["GET"]}}],"collection":[{"href":"https:\/\/alimentsamga.com\/fr\/wp-json\/wp\/v2\/product"}],"about":[{"href":"https:\/\/alimentsamga.com\/fr\/wp-json\/wp\/v2\/types\/product"}],"replies":[{"embeddable":true,"href":"https:\/\/alimentsamga.com\/fr\/wp-json\/wp\/v2\/comments?post=750"}],"wp:featuredmedia":[{"embeddable":true,"href":"https:\/\/alimentsamga.com\/fr\/wp-json\/wp\/v2\/media\/10474"}],"wp:attachment":[{"href":"https:\/\/alimentsamga.com\/fr\/wp-json\/wp\/v2\/media?parent=750"}],"wp:term":[{"taxonomy":"product_brand","embeddable":true,"href":"https:\/\/alimentsamga.com\/fr\/wp-json\/wp\/v2\/product_brand?post=750"},{"taxonomy":"product_cat","embeddable":true,"href":"https:\/\/alimentsamga.com\/fr\/wp-json\/wp\/v2\/product_cat?post=750"},{"taxonomy":"product_tag","embeddable":true,"href":"https:\/\/alimentsamga.com\/fr\/wp-json\/wp\/v2\/product_tag?post=750"}],"curies":[{"name":"wp","href":"https:\/\/api.w.org\/{rel}","templated":true}]}}