{"id":749,"date":"2020-09-08T00:30:21","date_gmt":"2020-09-08T00:30:21","guid":{"rendered":"https:\/\/amga.oncode.ca\/product\/portions-de-saumon-atlantique\/"},"modified":"2025-03-05T09:21:12","modified_gmt":"2025-03-05T14:21:12","slug":"portions-de-saumon-atlantique","status":"publish","type":"product","link":"https:\/\/alimentsamga.com\/fr\/produit\/portions-de-saumon-atlantique\/","title":{"rendered":"Portions de Saumon Atlantique"},"content":{"rendered":"<p>Les Portions de saumon Atlantique offrent du poisson de haute qualit\u00e9 et savoureux directement du Chili. Chaque portion de 5-6 oz (170.1 grams) est parfaitement adapt\u00e9e \u00e0 un repas individuel. Ces morceaux de saumon sont congel\u00e9s et sous vide pour pr\u00e9server leur fra\u00eecheur et leurs nutriments. Savourez du saumon tendre et riche en saveur, que vous le grilliez, le cuisiniez au four ou \u00e0 la po\u00eale. C\u2019est un choix id\u00e9al pour des repas sains et d\u00e9licieux.<\/p>\n<p data-start=\"1709\" data-end=\"2127\">Ces portions de saumon sont un excellent ajout \u00e0 votre cuisine, offrant des options de repas polyvalentes. Servez-les avec des l\u00e9gumes, des c\u00e9r\u00e9ales ou dans des salades pour un plat satisfaisant et nutritif. Les portions de 5-6 oz (170.1 grams) assurent une pr\u00e9paration facile des repas et un contr\u00f4le parfait des portions. Avec les Portions de saumon Atlantique, profitez du go\u00fbt de poisson haut de gamme, pratique et pr\u00eat \u00e0 cuire!<\/p>\n<p>Consultez nos <a href=\"https:\/\/alimentsamga.com\/fr\/categorie-produit\/fruits-de-mer\/\">autres produits de la mer ici.<\/a><\/p>\n","protected":false},"excerpt":{"rendered":"5-6 oz\r\n\r\nProduit du Chili","protected":false},"featured_media":144,"comment_status":"open","ping_status":"closed","template":"","meta":{"content-type":""},"product_brand":[],"product_cat":[97],"product_tag":[],"class_list":{"0":"post-749","1":"product","2":"type-product","3":"status-publish","4":"has-post-thumbnail","6":"product_cat-fruits-de-mer","8":"first","9":"instock","10":"shipping-taxable","11":"purchasable","12":"product-type-simple"},"bundle_layout":"","bundle_add_to_cart_form_location":"","bundle_editable_in_cart":false,"bundle_sold_individually_context":"","bundle_item_grouping":"","bundle_min_size":"","bundle_max_size":"","bundled_by":["741","2800","4305","4573"],"bundled_items":[],"yoast_head":"<!-- This site is optimized with the Yoast SEO plugin v27.3 - https:\/\/yoast.com\/product\/yoast-seo-wordpress\/ -->\n<title>Portions de Saumon Atlantique - AMGA<\/title>\n<meta name=\"description\" content=\"Achetez les Portions de saumon Atlantique et savourez du poisson haut de gamme congel\u00e9 du Chili. Parfait pour des repas sains et savoureux.\" \/>\n<meta name=\"robots\" content=\"index, follow, max-snippet:-1, max-image-preview:large, max-video-preview:-1\" \/>\n<link rel=\"canonical\" href=\"https:\/\/alimentsamga.com\/fr\/produit\/portions-de-saumon-atlantique\/\" \/>\n<meta property=\"og:locale\" content=\"fr_FR\" \/>\n<meta property=\"og:type\" content=\"article\" \/>\n<meta property=\"og:title\" content=\"Portions de Saumon Atlantique - AMGA\" \/>\n<meta property=\"og:description\" content=\"Achetez les Portions de saumon Atlantique et savourez du poisson haut de gamme congel\u00e9 du Chili. Parfait pour des repas sains et savoureux.\" \/>\n<meta property=\"og:url\" content=\"https:\/\/alimentsamga.com\/fr\/produit\/portions-de-saumon-atlantique\/\" \/>\n<meta property=\"og:site_name\" content=\"AMGA\" \/>\n<meta property=\"article:modified_time\" content=\"2025-03-05T14:21:12+00:00\" \/>\n<meta property=\"og:image\" content=\"https:\/\/alimentsamga.com\/wp-content\/uploads\/2020\/08\/Salmon-portions-3.jpg\" \/>\n\t<meta property=\"og:image:width\" content=\"800\" \/>\n\t<meta property=\"og:image:height\" content=\"800\" \/>\n\t<meta property=\"og:image:type\" content=\"image\/jpeg\" \/>\n<meta name=\"twitter:card\" content=\"summary_large_image\" \/>\n<meta name=\"twitter:label1\" content=\"Dur\u00e9e de lecture estim\u00e9e\" \/>\n\t<meta name=\"twitter:data1\" content=\"1 minute\" \/>\n<script type=\"application\/ld+json\" class=\"yoast-schema-graph\">{\"@context\":\"https:\\\/\\\/schema.org\",\"@graph\":[{\"@type\":\"WebPage\",\"@id\":\"https:\\\/\\\/alimentsamga.com\\\/fr\\\/produit\\\/portions-de-saumon-atlantique\\\/\",\"url\":\"https:\\\/\\\/alimentsamga.com\\\/fr\\\/produit\\\/portions-de-saumon-atlantique\\\/\",\"name\":\"Portions de Saumon Atlantique - AMGA\",\"isPartOf\":{\"@id\":\"https:\\\/\\\/alimentsamga.com\\\/fr\\\/#website\"},\"primaryImageOfPage\":{\"@id\":\"https:\\\/\\\/alimentsamga.com\\\/fr\\\/produit\\\/portions-de-saumon-atlantique\\\/#primaryimage\"},\"image\":{\"@id\":\"https:\\\/\\\/alimentsamga.com\\\/fr\\\/produit\\\/portions-de-saumon-atlantique\\\/#primaryimage\"},\"thumbnailUrl\":\"https:\\\/\\\/alimentsamga.com\\\/wp-content\\\/uploads\\\/2020\\\/08\\\/Salmon-portions-3.jpg\",\"datePublished\":\"2020-09-08T00:30:21+00:00\",\"dateModified\":\"2025-03-05T14:21:12+00:00\",\"description\":\"Achetez les Portions de saumon Atlantique et savourez du poisson haut de gamme congel\u00e9 du Chili. Parfait pour des repas sains et savoureux.\",\"breadcrumb\":{\"@id\":\"https:\\\/\\\/alimentsamga.com\\\/fr\\\/produit\\\/portions-de-saumon-atlantique\\\/#breadcrumb\"},\"inLanguage\":\"fr-FR\",\"potentialAction\":[{\"@type\":\"ReadAction\",\"target\":[\"https:\\\/\\\/alimentsamga.com\\\/fr\\\/produit\\\/portions-de-saumon-atlantique\\\/\"]}]},{\"@type\":\"ImageObject\",\"inLanguage\":\"fr-FR\",\"@id\":\"https:\\\/\\\/alimentsamga.com\\\/fr\\\/produit\\\/portions-de-saumon-atlantique\\\/#primaryimage\",\"url\":\"https:\\\/\\\/alimentsamga.com\\\/wp-content\\\/uploads\\\/2020\\\/08\\\/Salmon-portions-3.jpg\",\"contentUrl\":\"https:\\\/\\\/alimentsamga.com\\\/wp-content\\\/uploads\\\/2020\\\/08\\\/Salmon-portions-3.jpg\",\"width\":800,\"height\":800,\"caption\":\"Atlantic Salmon Portions\"},{\"@type\":\"BreadcrumbList\",\"@id\":\"https:\\\/\\\/alimentsamga.com\\\/fr\\\/produit\\\/portions-de-saumon-atlantique\\\/#breadcrumb\",\"itemListElement\":[{\"@type\":\"ListItem\",\"position\":1,\"name\":\"Home\",\"item\":\"https:\\\/\\\/alimentsamga.com\\\/fr\\\/\"},{\"@type\":\"ListItem\",\"position\":2,\"name\":\"Boutique\",\"item\":\"https:\\\/\\\/alimentsamga.com\\\/fr\\\/boutique\\\/\"},{\"@type\":\"ListItem\",\"position\":3,\"name\":\"Portions de Saumon Atlantique\"}]},{\"@type\":\"WebSite\",\"@id\":\"https:\\\/\\\/alimentsamga.com\\\/fr\\\/#website\",\"url\":\"https:\\\/\\\/alimentsamga.com\\\/fr\\\/\",\"name\":\"AMGA\",\"description\":\"Aliments Amga\",\"publisher\":{\"@id\":\"https:\\\/\\\/alimentsamga.com\\\/fr\\\/#organization\"},\"potentialAction\":[{\"@type\":\"SearchAction\",\"target\":{\"@type\":\"EntryPoint\",\"urlTemplate\":\"https:\\\/\\\/alimentsamga.com\\\/fr\\\/?s={search_term_string}\"},\"query-input\":{\"@type\":\"PropertyValueSpecification\",\"valueRequired\":true,\"valueName\":\"search_term_string\"}}],\"inLanguage\":\"fr-FR\"},{\"@type\":\"Organization\",\"@id\":\"https:\\\/\\\/alimentsamga.com\\\/fr\\\/#organization\",\"name\":\"AMGA\",\"url\":\"https:\\\/\\\/alimentsamga.com\\\/fr\\\/\",\"logo\":{\"@type\":\"ImageObject\",\"inLanguage\":\"fr-FR\",\"@id\":\"https:\\\/\\\/alimentsamga.com\\\/fr\\\/#\\\/schema\\\/logo\\\/image\\\/\",\"url\":\"https:\\\/\\\/alimentsamga.com\\\/wp-content\\\/uploads\\\/2020\\\/11\\\/amgachezvous-logo-blue-e1619460460184.png\",\"contentUrl\":\"https:\\\/\\\/alimentsamga.com\\\/wp-content\\\/uploads\\\/2020\\\/11\\\/amgachezvous-logo-blue-e1619460460184.png\",\"width\":131,\"height\":80,\"caption\":\"AMGA\"},\"image\":{\"@id\":\"https:\\\/\\\/alimentsamga.com\\\/fr\\\/#\\\/schema\\\/logo\\\/image\\\/\"},\"sameAs\":[\"https:\\\/\\\/www.instagram.com\\\/aliments.amga\\\/?hl=en\"]}]}<\/script>\n<!-- \/ Yoast SEO plugin. -->","yoast_head_json":{"title":"Portions de Saumon Atlantique - AMGA","description":"Achetez les Portions de saumon Atlantique et savourez du poisson haut de gamme congel\u00e9 du Chili. Parfait pour des repas sains et savoureux.","robots":{"index":"index","follow":"follow","max-snippet":"max-snippet:-1","max-image-preview":"max-image-preview:large","max-video-preview":"max-video-preview:-1"},"canonical":"https:\/\/alimentsamga.com\/fr\/produit\/portions-de-saumon-atlantique\/","og_locale":"fr_FR","og_type":"article","og_title":"Portions de Saumon Atlantique - AMGA","og_description":"Achetez les Portions de saumon Atlantique et savourez du poisson haut de gamme congel\u00e9 du Chili. Parfait pour des repas sains et savoureux.","og_url":"https:\/\/alimentsamga.com\/fr\/produit\/portions-de-saumon-atlantique\/","og_site_name":"AMGA","article_modified_time":"2025-03-05T14:21:12+00:00","og_image":[{"width":800,"height":800,"url":"https:\/\/alimentsamga.com\/wp-content\/uploads\/2020\/08\/Salmon-portions-3.jpg","type":"image\/jpeg"}],"twitter_card":"summary_large_image","twitter_misc":{"Dur\u00e9e de lecture estim\u00e9e":"1 minute"},"schema":{"@context":"https:\/\/schema.org","@graph":[{"@type":"WebPage","@id":"https:\/\/alimentsamga.com\/fr\/produit\/portions-de-saumon-atlantique\/","url":"https:\/\/alimentsamga.com\/fr\/produit\/portions-de-saumon-atlantique\/","name":"Portions de Saumon Atlantique - AMGA","isPartOf":{"@id":"https:\/\/alimentsamga.com\/fr\/#website"},"primaryImageOfPage":{"@id":"https:\/\/alimentsamga.com\/fr\/produit\/portions-de-saumon-atlantique\/#primaryimage"},"image":{"@id":"https:\/\/alimentsamga.com\/fr\/produit\/portions-de-saumon-atlantique\/#primaryimage"},"thumbnailUrl":"https:\/\/alimentsamga.com\/wp-content\/uploads\/2020\/08\/Salmon-portions-3.jpg","datePublished":"2020-09-08T00:30:21+00:00","dateModified":"2025-03-05T14:21:12+00:00","description":"Achetez les Portions de saumon Atlantique et savourez du poisson haut de gamme congel\u00e9 du Chili. Parfait pour des repas sains et savoureux.","breadcrumb":{"@id":"https:\/\/alimentsamga.com\/fr\/produit\/portions-de-saumon-atlantique\/#breadcrumb"},"inLanguage":"fr-FR","potentialAction":[{"@type":"ReadAction","target":["https:\/\/alimentsamga.com\/fr\/produit\/portions-de-saumon-atlantique\/"]}]},{"@type":"ImageObject","inLanguage":"fr-FR","@id":"https:\/\/alimentsamga.com\/fr\/produit\/portions-de-saumon-atlantique\/#primaryimage","url":"https:\/\/alimentsamga.com\/wp-content\/uploads\/2020\/08\/Salmon-portions-3.jpg","contentUrl":"https:\/\/alimentsamga.com\/wp-content\/uploads\/2020\/08\/Salmon-portions-3.jpg","width":800,"height":800,"caption":"Atlantic Salmon Portions"},{"@type":"BreadcrumbList","@id":"https:\/\/alimentsamga.com\/fr\/produit\/portions-de-saumon-atlantique\/#breadcrumb","itemListElement":[{"@type":"ListItem","position":1,"name":"Home","item":"https:\/\/alimentsamga.com\/fr\/"},{"@type":"ListItem","position":2,"name":"Boutique","item":"https:\/\/alimentsamga.com\/fr\/boutique\/"},{"@type":"ListItem","position":3,"name":"Portions de Saumon Atlantique"}]},{"@type":"WebSite","@id":"https:\/\/alimentsamga.com\/fr\/#website","url":"https:\/\/alimentsamga.com\/fr\/","name":"AMGA","description":"Aliments Amga","publisher":{"@id":"https:\/\/alimentsamga.com\/fr\/#organization"},"potentialAction":[{"@type":"SearchAction","target":{"@type":"EntryPoint","urlTemplate":"https:\/\/alimentsamga.com\/fr\/?s={search_term_string}"},"query-input":{"@type":"PropertyValueSpecification","valueRequired":true,"valueName":"search_term_string"}}],"inLanguage":"fr-FR"},{"@type":"Organization","@id":"https:\/\/alimentsamga.com\/fr\/#organization","name":"AMGA","url":"https:\/\/alimentsamga.com\/fr\/","logo":{"@type":"ImageObject","inLanguage":"fr-FR","@id":"https:\/\/alimentsamga.com\/fr\/#\/schema\/logo\/image\/","url":"https:\/\/alimentsamga.com\/wp-content\/uploads\/2020\/11\/amgachezvous-logo-blue-e1619460460184.png","contentUrl":"https:\/\/alimentsamga.com\/wp-content\/uploads\/2020\/11\/amgachezvous-logo-blue-e1619460460184.png","width":131,"height":80,"caption":"AMGA"},"image":{"@id":"https:\/\/alimentsamga.com\/fr\/#\/schema\/logo\/image\/"},"sameAs":["https:\/\/www.instagram.com\/aliments.amga\/?hl=en"]}]}},"_links":{"self":[{"href":"https:\/\/alimentsamga.com\/fr\/wp-json\/wp\/v2\/product\/749","targetHints":{"allow":["GET"]}}],"collection":[{"href":"https:\/\/alimentsamga.com\/fr\/wp-json\/wp\/v2\/product"}],"about":[{"href":"https:\/\/alimentsamga.com\/fr\/wp-json\/wp\/v2\/types\/product"}],"replies":[{"embeddable":true,"href":"https:\/\/alimentsamga.com\/fr\/wp-json\/wp\/v2\/comments?post=749"}],"wp:featuredmedia":[{"embeddable":true,"href":"https:\/\/alimentsamga.com\/fr\/wp-json\/wp\/v2\/media\/144"}],"wp:attachment":[{"href":"https:\/\/alimentsamga.com\/fr\/wp-json\/wp\/v2\/media?parent=749"}],"wp:term":[{"taxonomy":"product_brand","embeddable":true,"href":"https:\/\/alimentsamga.com\/fr\/wp-json\/wp\/v2\/product_brand?post=749"},{"taxonomy":"product_cat","embeddable":true,"href":"https:\/\/alimentsamga.com\/fr\/wp-json\/wp\/v2\/product_cat?post=749"},{"taxonomy":"product_tag","embeddable":true,"href":"https:\/\/alimentsamga.com\/fr\/wp-json\/wp\/v2\/product_tag?post=749"}],"curies":[{"name":"wp","href":"https:\/\/api.w.org\/{rel}","templated":true}]}}