{"id":748,"date":"2020-09-08T00:34:26","date_gmt":"2020-09-08T00:34:26","guid":{"rendered":"https:\/\/amga.oncode.ca\/product\/portions-de-morue-de-boston\/"},"modified":"2025-02-26T15:49:01","modified_gmt":"2025-02-26T20:49:01","slug":"portions-de-morue-de-boston","status":"publish","type":"product","link":"https:\/\/alimentsamga.com\/fr\/produit\/portions-de-morue-de-boston\/","title":{"rendered":"Portions de morue de Boston"},"content":{"rendered":"<p data-start=\"840\" data-end=\"1073\">Nos <strong data-start=\"889\" data-end=\"917\">portions de morue Boston<\/strong> p\u00e8sent 6 oz (170.1 grams) chacune, congel\u00e9es et sous vide pour pr\u00e9server leur fra\u00eecheur. Ces filets de morue tendres sont parfaits pour griller, cuire au four ou saisir.<\/p>\n<p data-start=\"1075\" data-end=\"1349\">Avec leur saveur douce et leur texture feuillet\u00e9e, la morue Boston est un poisson polyvalent qui s\u2019adapte \u00e0 diverses recettes. Que vous pr\u00e9pariez des tacos de poisson, des p\u00e2tes aux fruits de mer ou un simple filet cuit au four, c&rsquo;est un choix d\u00e9licieux pour tous les repas.<\/p>\n<p>Consultez nos <a href=\"https:\/\/alimentsamga.com\/fr\/categorie-produit\/fruits-de-mer\/\">autres produits de la mer ici.<\/a><\/p>\n","protected":false},"excerpt":{"rendered":"6oz","protected":false},"featured_media":10565,"comment_status":"open","ping_status":"closed","template":"","meta":{"content-type":""},"product_brand":[],"product_cat":[97],"product_tag":[],"class_list":{"0":"post-748","1":"product","2":"type-product","3":"status-publish","4":"has-post-thumbnail","6":"product_cat-fruits-de-mer","8":"first","9":"instock","10":"shipping-taxable","11":"purchasable","12":"product-type-simple"},"bundle_layout":"","bundle_add_to_cart_form_location":"","bundle_editable_in_cart":false,"bundle_sold_individually_context":"","bundle_item_grouping":"","bundle_min_size":"","bundle_max_size":"","bundled_by":["4305","10902"],"bundled_items":[],"yoast_head":"<!-- This site is optimized with the Yoast SEO plugin v27.4 - https:\/\/yoast.com\/product\/yoast-seo-wordpress\/ -->\n<title>Portions de morue de Boston - AMGA<\/title>\n<meta name=\"description\" content=\"Achetez des portions de morue Boston (6 oz), congel\u00e9es et sous vide pour garantir la fra\u00eecheur. Parfaites pour griller, cuire au four ou saisir.\" \/>\n<meta name=\"robots\" content=\"index, follow, max-snippet:-1, max-image-preview:large, max-video-preview:-1\" \/>\n<link rel=\"canonical\" href=\"https:\/\/alimentsamga.com\/fr\/produit\/portions-de-morue-de-boston\/\" \/>\n<meta property=\"og:locale\" content=\"fr_FR\" \/>\n<meta property=\"og:type\" content=\"article\" \/>\n<meta property=\"og:title\" content=\"Portions de morue de Boston - AMGA\" \/>\n<meta property=\"og:description\" content=\"Achetez des portions de morue Boston (6 oz), congel\u00e9es et sous vide pour garantir la fra\u00eecheur. Parfaites pour griller, cuire au four ou saisir.\" \/>\n<meta property=\"og:url\" content=\"https:\/\/alimentsamga.com\/fr\/produit\/portions-de-morue-de-boston\/\" \/>\n<meta property=\"og:site_name\" content=\"AMGA\" \/>\n<meta property=\"article:modified_time\" content=\"2025-02-26T20:49:01+00:00\" \/>\n<meta property=\"og:image\" content=\"https:\/\/alimentsamga.com\/wp-content\/uploads\/2020\/09\/8564-1.jpg\" \/>\n\t<meta property=\"og:image:width\" content=\"719\" \/>\n\t<meta property=\"og:image:height\" content=\"480\" \/>\n\t<meta property=\"og:image:type\" content=\"image\/jpeg\" \/>\n<meta name=\"twitter:card\" content=\"summary_large_image\" \/>\n<meta name=\"twitter:label1\" content=\"Dur\u00e9e de lecture estim\u00e9e\" \/>\n\t<meta name=\"twitter:data1\" content=\"1 minute\" \/>\n<script type=\"application\/ld+json\" class=\"yoast-schema-graph\">{\"@context\":\"https:\\\/\\\/schema.org\",\"@graph\":[{\"@type\":\"WebPage\",\"@id\":\"https:\\\/\\\/alimentsamga.com\\\/fr\\\/produit\\\/portions-de-morue-de-boston\\\/\",\"url\":\"https:\\\/\\\/alimentsamga.com\\\/fr\\\/produit\\\/portions-de-morue-de-boston\\\/\",\"name\":\"Portions de morue de Boston - AMGA\",\"isPartOf\":{\"@id\":\"https:\\\/\\\/alimentsamga.com\\\/fr\\\/#website\"},\"primaryImageOfPage\":{\"@id\":\"https:\\\/\\\/alimentsamga.com\\\/fr\\\/produit\\\/portions-de-morue-de-boston\\\/#primaryimage\"},\"image\":{\"@id\":\"https:\\\/\\\/alimentsamga.com\\\/fr\\\/produit\\\/portions-de-morue-de-boston\\\/#primaryimage\"},\"thumbnailUrl\":\"https:\\\/\\\/alimentsamga.com\\\/wp-content\\\/uploads\\\/2020\\\/09\\\/8564-1.jpg\",\"datePublished\":\"2020-09-08T00:34:26+00:00\",\"dateModified\":\"2025-02-26T20:49:01+00:00\",\"description\":\"Achetez des portions de morue Boston (6 oz), congel\u00e9es et sous vide pour garantir la fra\u00eecheur. Parfaites pour griller, cuire au four ou saisir.\",\"breadcrumb\":{\"@id\":\"https:\\\/\\\/alimentsamga.com\\\/fr\\\/produit\\\/portions-de-morue-de-boston\\\/#breadcrumb\"},\"inLanguage\":\"fr-FR\",\"potentialAction\":[{\"@type\":\"ReadAction\",\"target\":[\"https:\\\/\\\/alimentsamga.com\\\/fr\\\/produit\\\/portions-de-morue-de-boston\\\/\"]}]},{\"@type\":\"ImageObject\",\"inLanguage\":\"fr-FR\",\"@id\":\"https:\\\/\\\/alimentsamga.com\\\/fr\\\/produit\\\/portions-de-morue-de-boston\\\/#primaryimage\",\"url\":\"https:\\\/\\\/alimentsamga.com\\\/wp-content\\\/uploads\\\/2020\\\/09\\\/8564-1.jpg\",\"contentUrl\":\"https:\\\/\\\/alimentsamga.com\\\/wp-content\\\/uploads\\\/2020\\\/09\\\/8564-1.jpg\",\"width\":719,\"height\":480,\"caption\":\"Boston cod portions\"},{\"@type\":\"BreadcrumbList\",\"@id\":\"https:\\\/\\\/alimentsamga.com\\\/fr\\\/produit\\\/portions-de-morue-de-boston\\\/#breadcrumb\",\"itemListElement\":[{\"@type\":\"ListItem\",\"position\":1,\"name\":\"Home\",\"item\":\"https:\\\/\\\/alimentsamga.com\\\/fr\\\/\"},{\"@type\":\"ListItem\",\"position\":2,\"name\":\"Boutique\",\"item\":\"https:\\\/\\\/alimentsamga.com\\\/fr\\\/boutique\\\/\"},{\"@type\":\"ListItem\",\"position\":3,\"name\":\"Portions de morue de Boston\"}]},{\"@type\":\"WebSite\",\"@id\":\"https:\\\/\\\/alimentsamga.com\\\/fr\\\/#website\",\"url\":\"https:\\\/\\\/alimentsamga.com\\\/fr\\\/\",\"name\":\"AMGA\",\"description\":\"Aliments Amga\",\"publisher\":{\"@id\":\"https:\\\/\\\/alimentsamga.com\\\/fr\\\/#organization\"},\"potentialAction\":[{\"@type\":\"SearchAction\",\"target\":{\"@type\":\"EntryPoint\",\"urlTemplate\":\"https:\\\/\\\/alimentsamga.com\\\/fr\\\/?s={search_term_string}\"},\"query-input\":{\"@type\":\"PropertyValueSpecification\",\"valueRequired\":true,\"valueName\":\"search_term_string\"}}],\"inLanguage\":\"fr-FR\"},{\"@type\":\"Organization\",\"@id\":\"https:\\\/\\\/alimentsamga.com\\\/fr\\\/#organization\",\"name\":\"AMGA\",\"url\":\"https:\\\/\\\/alimentsamga.com\\\/fr\\\/\",\"logo\":{\"@type\":\"ImageObject\",\"inLanguage\":\"fr-FR\",\"@id\":\"https:\\\/\\\/alimentsamga.com\\\/fr\\\/#\\\/schema\\\/logo\\\/image\\\/\",\"url\":\"https:\\\/\\\/alimentsamga.com\\\/wp-content\\\/uploads\\\/2020\\\/11\\\/amgachezvous-logo-blue-e1619460460184.png\",\"contentUrl\":\"https:\\\/\\\/alimentsamga.com\\\/wp-content\\\/uploads\\\/2020\\\/11\\\/amgachezvous-logo-blue-e1619460460184.png\",\"width\":131,\"height\":80,\"caption\":\"AMGA\"},\"image\":{\"@id\":\"https:\\\/\\\/alimentsamga.com\\\/fr\\\/#\\\/schema\\\/logo\\\/image\\\/\"},\"sameAs\":[\"https:\\\/\\\/www.instagram.com\\\/aliments.amga\\\/?hl=en\"]}]}<\/script>\n<!-- \/ Yoast SEO plugin. -->","yoast_head_json":{"title":"Portions de morue de Boston - AMGA","description":"Achetez des portions de morue Boston (6 oz), congel\u00e9es et sous vide pour garantir la fra\u00eecheur. Parfaites pour griller, cuire au four ou saisir.","robots":{"index":"index","follow":"follow","max-snippet":"max-snippet:-1","max-image-preview":"max-image-preview:large","max-video-preview":"max-video-preview:-1"},"canonical":"https:\/\/alimentsamga.com\/fr\/produit\/portions-de-morue-de-boston\/","og_locale":"fr_FR","og_type":"article","og_title":"Portions de morue de Boston - AMGA","og_description":"Achetez des portions de morue Boston (6 oz), congel\u00e9es et sous vide pour garantir la fra\u00eecheur. Parfaites pour griller, cuire au four ou saisir.","og_url":"https:\/\/alimentsamga.com\/fr\/produit\/portions-de-morue-de-boston\/","og_site_name":"AMGA","article_modified_time":"2025-02-26T20:49:01+00:00","og_image":[{"width":719,"height":480,"url":"https:\/\/alimentsamga.com\/wp-content\/uploads\/2020\/09\/8564-1.jpg","type":"image\/jpeg"}],"twitter_card":"summary_large_image","twitter_misc":{"Dur\u00e9e de lecture estim\u00e9e":"1 minute"},"schema":{"@context":"https:\/\/schema.org","@graph":[{"@type":"WebPage","@id":"https:\/\/alimentsamga.com\/fr\/produit\/portions-de-morue-de-boston\/","url":"https:\/\/alimentsamga.com\/fr\/produit\/portions-de-morue-de-boston\/","name":"Portions de morue de Boston - AMGA","isPartOf":{"@id":"https:\/\/alimentsamga.com\/fr\/#website"},"primaryImageOfPage":{"@id":"https:\/\/alimentsamga.com\/fr\/produit\/portions-de-morue-de-boston\/#primaryimage"},"image":{"@id":"https:\/\/alimentsamga.com\/fr\/produit\/portions-de-morue-de-boston\/#primaryimage"},"thumbnailUrl":"https:\/\/alimentsamga.com\/wp-content\/uploads\/2020\/09\/8564-1.jpg","datePublished":"2020-09-08T00:34:26+00:00","dateModified":"2025-02-26T20:49:01+00:00","description":"Achetez des portions de morue Boston (6 oz), congel\u00e9es et sous vide pour garantir la fra\u00eecheur. Parfaites pour griller, cuire au four ou saisir.","breadcrumb":{"@id":"https:\/\/alimentsamga.com\/fr\/produit\/portions-de-morue-de-boston\/#breadcrumb"},"inLanguage":"fr-FR","potentialAction":[{"@type":"ReadAction","target":["https:\/\/alimentsamga.com\/fr\/produit\/portions-de-morue-de-boston\/"]}]},{"@type":"ImageObject","inLanguage":"fr-FR","@id":"https:\/\/alimentsamga.com\/fr\/produit\/portions-de-morue-de-boston\/#primaryimage","url":"https:\/\/alimentsamga.com\/wp-content\/uploads\/2020\/09\/8564-1.jpg","contentUrl":"https:\/\/alimentsamga.com\/wp-content\/uploads\/2020\/09\/8564-1.jpg","width":719,"height":480,"caption":"Boston cod portions"},{"@type":"BreadcrumbList","@id":"https:\/\/alimentsamga.com\/fr\/produit\/portions-de-morue-de-boston\/#breadcrumb","itemListElement":[{"@type":"ListItem","position":1,"name":"Home","item":"https:\/\/alimentsamga.com\/fr\/"},{"@type":"ListItem","position":2,"name":"Boutique","item":"https:\/\/alimentsamga.com\/fr\/boutique\/"},{"@type":"ListItem","position":3,"name":"Portions de morue de Boston"}]},{"@type":"WebSite","@id":"https:\/\/alimentsamga.com\/fr\/#website","url":"https:\/\/alimentsamga.com\/fr\/","name":"AMGA","description":"Aliments Amga","publisher":{"@id":"https:\/\/alimentsamga.com\/fr\/#organization"},"potentialAction":[{"@type":"SearchAction","target":{"@type":"EntryPoint","urlTemplate":"https:\/\/alimentsamga.com\/fr\/?s={search_term_string}"},"query-input":{"@type":"PropertyValueSpecification","valueRequired":true,"valueName":"search_term_string"}}],"inLanguage":"fr-FR"},{"@type":"Organization","@id":"https:\/\/alimentsamga.com\/fr\/#organization","name":"AMGA","url":"https:\/\/alimentsamga.com\/fr\/","logo":{"@type":"ImageObject","inLanguage":"fr-FR","@id":"https:\/\/alimentsamga.com\/fr\/#\/schema\/logo\/image\/","url":"https:\/\/alimentsamga.com\/wp-content\/uploads\/2020\/11\/amgachezvous-logo-blue-e1619460460184.png","contentUrl":"https:\/\/alimentsamga.com\/wp-content\/uploads\/2020\/11\/amgachezvous-logo-blue-e1619460460184.png","width":131,"height":80,"caption":"AMGA"},"image":{"@id":"https:\/\/alimentsamga.com\/fr\/#\/schema\/logo\/image\/"},"sameAs":["https:\/\/www.instagram.com\/aliments.amga\/?hl=en"]}]}},"_links":{"self":[{"href":"https:\/\/alimentsamga.com\/fr\/wp-json\/wp\/v2\/product\/748","targetHints":{"allow":["GET"]}}],"collection":[{"href":"https:\/\/alimentsamga.com\/fr\/wp-json\/wp\/v2\/product"}],"about":[{"href":"https:\/\/alimentsamga.com\/fr\/wp-json\/wp\/v2\/types\/product"}],"replies":[{"embeddable":true,"href":"https:\/\/alimentsamga.com\/fr\/wp-json\/wp\/v2\/comments?post=748"}],"wp:featuredmedia":[{"embeddable":true,"href":"https:\/\/alimentsamga.com\/fr\/wp-json\/wp\/v2\/media\/10565"}],"wp:attachment":[{"href":"https:\/\/alimentsamga.com\/fr\/wp-json\/wp\/v2\/media?parent=748"}],"wp:term":[{"taxonomy":"product_brand","embeddable":true,"href":"https:\/\/alimentsamga.com\/fr\/wp-json\/wp\/v2\/product_brand?post=748"},{"taxonomy":"product_cat","embeddable":true,"href":"https:\/\/alimentsamga.com\/fr\/wp-json\/wp\/v2\/product_cat?post=748"},{"taxonomy":"product_tag","embeddable":true,"href":"https:\/\/alimentsamga.com\/fr\/wp-json\/wp\/v2\/product_tag?post=748"}],"curies":[{"name":"wp","href":"https:\/\/api.w.org\/{rel}","templated":true}]}}