{"id":747,"date":"2020-09-08T00:35:52","date_gmt":"2020-09-08T00:35:52","guid":{"rendered":"https:\/\/amga.oncode.ca\/product\/saumon-fume-nanuk\/"},"modified":"2025-02-26T15:46:23","modified_gmt":"2025-02-26T20:46:23","slug":"saumon-fume-nanuk","status":"publish","type":"product","link":"https:\/\/alimentsamga.com\/fr\/produit\/saumon-fume-nanuk\/","title":{"rendered":"Saumon Fum\u00e9 Nanuk \u00a0"},"content":{"rendered":"<p data-start=\"842\" data-end=\"1090\">Notre <strong data-start=\"893\" data-end=\"914\">saumon fum\u00e9 Nanuk<\/strong> est offert en paquet de 715g (25.22 ounces), congel\u00e9 et sous vide pour pr\u00e9server sa fra\u00eecheur optimale. Ce saumon fum\u00e9 premium offre une saveur riche et savoureuse, id\u00e9ale pour divers plats.<\/p>\n<p data-start=\"1092\" data-end=\"1303\">Savourez-le en entr\u00e9e, dans des sandwichs ou ajout\u00e9 \u00e0 des salades. Sa texture lisse et son go\u00fbt d\u00e9licatement fum\u00e9 rehaussent n&rsquo;importe quel repas, en faisant un choix de choix pour les amateurs de fruits de mer.<\/p>\n<p>Consultez nos <a href=\"https:\/\/alimentsamga.com\/fr\/categorie-produit\/fruits-de-mer\/\">autres produits de la mer ici.<\/a><\/p>\n","protected":false},"excerpt":{"rendered":"715g","protected":false},"featured_media":10964,"comment_status":"open","ping_status":"closed","template":"","meta":{"content-type":""},"product_brand":[],"product_cat":[97],"product_tag":[],"class_list":{"0":"post-747","1":"product","2":"type-product","3":"status-publish","4":"has-post-thumbnail","6":"product_cat-fruits-de-mer","8":"first","9":"instock","10":"shipping-taxable","11":"purchasable","12":"product-type-simple"},"bundle_layout":"","bundle_add_to_cart_form_location":"","bundle_editable_in_cart":false,"bundle_sold_individually_context":"","bundle_item_grouping":"","bundle_min_size":"","bundle_max_size":"","bundled_by":[],"bundled_items":[],"yoast_head":"<!-- This site is optimized with the Yoast SEO plugin v27.4 - https:\/\/yoast.com\/product\/yoast-seo-wordpress\/ -->\n<title>Saumon Fum\u00e9 Nanuk \u00a0 - AMGA<\/title>\n<meta name=\"description\" content=\"Achetez du saumon fum\u00e9 Nanuk (715g), congel\u00e9 et sous vide pour garantir la fra\u00eecheur. Parfait pour les entr\u00e9es, les sandwichs ou les salades.\" \/>\n<meta name=\"robots\" content=\"index, follow, max-snippet:-1, max-image-preview:large, max-video-preview:-1\" \/>\n<link rel=\"canonical\" href=\"https:\/\/alimentsamga.com\/fr\/produit\/saumon-fume-nanuk\/\" \/>\n<meta property=\"og:locale\" content=\"fr_FR\" \/>\n<meta property=\"og:type\" content=\"article\" \/>\n<meta property=\"og:title\" content=\"Saumon Fum\u00e9 Nanuk \u00a0 - AMGA\" \/>\n<meta property=\"og:description\" content=\"Achetez du saumon fum\u00e9 Nanuk (715g), congel\u00e9 et sous vide pour garantir la fra\u00eecheur. Parfait pour les entr\u00e9es, les sandwichs ou les salades.\" \/>\n<meta property=\"og:url\" content=\"https:\/\/alimentsamga.com\/fr\/produit\/saumon-fume-nanuk\/\" \/>\n<meta property=\"og:site_name\" content=\"AMGA\" \/>\n<meta property=\"article:modified_time\" content=\"2025-02-26T20:46:23+00:00\" \/>\n<meta property=\"og:image\" content=\"https:\/\/alimentsamga.com\/wp-content\/uploads\/2020\/09\/salmon.jpeg\" \/>\n\t<meta property=\"og:image:width\" content=\"256\" \/>\n\t<meta property=\"og:image:height\" content=\"197\" \/>\n\t<meta property=\"og:image:type\" content=\"image\/jpeg\" \/>\n<meta name=\"twitter:card\" content=\"summary_large_image\" \/>\n<meta name=\"twitter:label1\" content=\"Dur\u00e9e de lecture estim\u00e9e\" \/>\n\t<meta name=\"twitter:data1\" content=\"1 minute\" \/>\n<script type=\"application\/ld+json\" class=\"yoast-schema-graph\">{\"@context\":\"https:\\\/\\\/schema.org\",\"@graph\":[{\"@type\":\"WebPage\",\"@id\":\"https:\\\/\\\/alimentsamga.com\\\/fr\\\/produit\\\/saumon-fume-nanuk\\\/\",\"url\":\"https:\\\/\\\/alimentsamga.com\\\/fr\\\/produit\\\/saumon-fume-nanuk\\\/\",\"name\":\"Saumon Fum\u00e9 Nanuk \u00a0 - AMGA\",\"isPartOf\":{\"@id\":\"https:\\\/\\\/alimentsamga.com\\\/fr\\\/#website\"},\"primaryImageOfPage\":{\"@id\":\"https:\\\/\\\/alimentsamga.com\\\/fr\\\/produit\\\/saumon-fume-nanuk\\\/#primaryimage\"},\"image\":{\"@id\":\"https:\\\/\\\/alimentsamga.com\\\/fr\\\/produit\\\/saumon-fume-nanuk\\\/#primaryimage\"},\"thumbnailUrl\":\"https:\\\/\\\/alimentsamga.com\\\/wp-content\\\/uploads\\\/2020\\\/09\\\/salmon.jpeg\",\"datePublished\":\"2020-09-08T00:35:52+00:00\",\"dateModified\":\"2025-02-26T20:46:23+00:00\",\"description\":\"Achetez du saumon fum\u00e9 Nanuk (715g), congel\u00e9 et sous vide pour garantir la fra\u00eecheur. Parfait pour les entr\u00e9es, les sandwichs ou les salades.\",\"breadcrumb\":{\"@id\":\"https:\\\/\\\/alimentsamga.com\\\/fr\\\/produit\\\/saumon-fume-nanuk\\\/#breadcrumb\"},\"inLanguage\":\"fr-FR\",\"potentialAction\":[{\"@type\":\"ReadAction\",\"target\":[\"https:\\\/\\\/alimentsamga.com\\\/fr\\\/produit\\\/saumon-fume-nanuk\\\/\"]}]},{\"@type\":\"ImageObject\",\"inLanguage\":\"fr-FR\",\"@id\":\"https:\\\/\\\/alimentsamga.com\\\/fr\\\/produit\\\/saumon-fume-nanuk\\\/#primaryimage\",\"url\":\"https:\\\/\\\/alimentsamga.com\\\/wp-content\\\/uploads\\\/2020\\\/09\\\/salmon.jpeg\",\"contentUrl\":\"https:\\\/\\\/alimentsamga.com\\\/wp-content\\\/uploads\\\/2020\\\/09\\\/salmon.jpeg\",\"width\":256,\"height\":197,\"caption\":\"Nanuk smoked salmon\"},{\"@type\":\"BreadcrumbList\",\"@id\":\"https:\\\/\\\/alimentsamga.com\\\/fr\\\/produit\\\/saumon-fume-nanuk\\\/#breadcrumb\",\"itemListElement\":[{\"@type\":\"ListItem\",\"position\":1,\"name\":\"Home\",\"item\":\"https:\\\/\\\/alimentsamga.com\\\/fr\\\/\"},{\"@type\":\"ListItem\",\"position\":2,\"name\":\"Boutique\",\"item\":\"https:\\\/\\\/alimentsamga.com\\\/fr\\\/boutique\\\/\"},{\"@type\":\"ListItem\",\"position\":3,\"name\":\"Saumon Fum\u00e9 Nanuk \u00a0\"}]},{\"@type\":\"WebSite\",\"@id\":\"https:\\\/\\\/alimentsamga.com\\\/fr\\\/#website\",\"url\":\"https:\\\/\\\/alimentsamga.com\\\/fr\\\/\",\"name\":\"AMGA\",\"description\":\"Aliments Amga\",\"publisher\":{\"@id\":\"https:\\\/\\\/alimentsamga.com\\\/fr\\\/#organization\"},\"potentialAction\":[{\"@type\":\"SearchAction\",\"target\":{\"@type\":\"EntryPoint\",\"urlTemplate\":\"https:\\\/\\\/alimentsamga.com\\\/fr\\\/?s={search_term_string}\"},\"query-input\":{\"@type\":\"PropertyValueSpecification\",\"valueRequired\":true,\"valueName\":\"search_term_string\"}}],\"inLanguage\":\"fr-FR\"},{\"@type\":\"Organization\",\"@id\":\"https:\\\/\\\/alimentsamga.com\\\/fr\\\/#organization\",\"name\":\"AMGA\",\"url\":\"https:\\\/\\\/alimentsamga.com\\\/fr\\\/\",\"logo\":{\"@type\":\"ImageObject\",\"inLanguage\":\"fr-FR\",\"@id\":\"https:\\\/\\\/alimentsamga.com\\\/fr\\\/#\\\/schema\\\/logo\\\/image\\\/\",\"url\":\"https:\\\/\\\/alimentsamga.com\\\/wp-content\\\/uploads\\\/2020\\\/11\\\/amgachezvous-logo-blue-e1619460460184.png\",\"contentUrl\":\"https:\\\/\\\/alimentsamga.com\\\/wp-content\\\/uploads\\\/2020\\\/11\\\/amgachezvous-logo-blue-e1619460460184.png\",\"width\":131,\"height\":80,\"caption\":\"AMGA\"},\"image\":{\"@id\":\"https:\\\/\\\/alimentsamga.com\\\/fr\\\/#\\\/schema\\\/logo\\\/image\\\/\"},\"sameAs\":[\"https:\\\/\\\/www.instagram.com\\\/aliments.amga\\\/?hl=en\"]}]}<\/script>\n<!-- \/ Yoast SEO plugin. -->","yoast_head_json":{"title":"Saumon Fum\u00e9 Nanuk \u00a0 - AMGA","description":"Achetez du saumon fum\u00e9 Nanuk (715g), congel\u00e9 et sous vide pour garantir la fra\u00eecheur. Parfait pour les entr\u00e9es, les sandwichs ou les salades.","robots":{"index":"index","follow":"follow","max-snippet":"max-snippet:-1","max-image-preview":"max-image-preview:large","max-video-preview":"max-video-preview:-1"},"canonical":"https:\/\/alimentsamga.com\/fr\/produit\/saumon-fume-nanuk\/","og_locale":"fr_FR","og_type":"article","og_title":"Saumon Fum\u00e9 Nanuk \u00a0 - AMGA","og_description":"Achetez du saumon fum\u00e9 Nanuk (715g), congel\u00e9 et sous vide pour garantir la fra\u00eecheur. Parfait pour les entr\u00e9es, les sandwichs ou les salades.","og_url":"https:\/\/alimentsamga.com\/fr\/produit\/saumon-fume-nanuk\/","og_site_name":"AMGA","article_modified_time":"2025-02-26T20:46:23+00:00","og_image":[{"width":256,"height":197,"url":"https:\/\/alimentsamga.com\/wp-content\/uploads\/2020\/09\/salmon.jpeg","type":"image\/jpeg"}],"twitter_card":"summary_large_image","twitter_misc":{"Dur\u00e9e de lecture estim\u00e9e":"1 minute"},"schema":{"@context":"https:\/\/schema.org","@graph":[{"@type":"WebPage","@id":"https:\/\/alimentsamga.com\/fr\/produit\/saumon-fume-nanuk\/","url":"https:\/\/alimentsamga.com\/fr\/produit\/saumon-fume-nanuk\/","name":"Saumon Fum\u00e9 Nanuk \u00a0 - AMGA","isPartOf":{"@id":"https:\/\/alimentsamga.com\/fr\/#website"},"primaryImageOfPage":{"@id":"https:\/\/alimentsamga.com\/fr\/produit\/saumon-fume-nanuk\/#primaryimage"},"image":{"@id":"https:\/\/alimentsamga.com\/fr\/produit\/saumon-fume-nanuk\/#primaryimage"},"thumbnailUrl":"https:\/\/alimentsamga.com\/wp-content\/uploads\/2020\/09\/salmon.jpeg","datePublished":"2020-09-08T00:35:52+00:00","dateModified":"2025-02-26T20:46:23+00:00","description":"Achetez du saumon fum\u00e9 Nanuk (715g), congel\u00e9 et sous vide pour garantir la fra\u00eecheur. Parfait pour les entr\u00e9es, les sandwichs ou les salades.","breadcrumb":{"@id":"https:\/\/alimentsamga.com\/fr\/produit\/saumon-fume-nanuk\/#breadcrumb"},"inLanguage":"fr-FR","potentialAction":[{"@type":"ReadAction","target":["https:\/\/alimentsamga.com\/fr\/produit\/saumon-fume-nanuk\/"]}]},{"@type":"ImageObject","inLanguage":"fr-FR","@id":"https:\/\/alimentsamga.com\/fr\/produit\/saumon-fume-nanuk\/#primaryimage","url":"https:\/\/alimentsamga.com\/wp-content\/uploads\/2020\/09\/salmon.jpeg","contentUrl":"https:\/\/alimentsamga.com\/wp-content\/uploads\/2020\/09\/salmon.jpeg","width":256,"height":197,"caption":"Nanuk smoked salmon"},{"@type":"BreadcrumbList","@id":"https:\/\/alimentsamga.com\/fr\/produit\/saumon-fume-nanuk\/#breadcrumb","itemListElement":[{"@type":"ListItem","position":1,"name":"Home","item":"https:\/\/alimentsamga.com\/fr\/"},{"@type":"ListItem","position":2,"name":"Boutique","item":"https:\/\/alimentsamga.com\/fr\/boutique\/"},{"@type":"ListItem","position":3,"name":"Saumon Fum\u00e9 Nanuk \u00a0"}]},{"@type":"WebSite","@id":"https:\/\/alimentsamga.com\/fr\/#website","url":"https:\/\/alimentsamga.com\/fr\/","name":"AMGA","description":"Aliments Amga","publisher":{"@id":"https:\/\/alimentsamga.com\/fr\/#organization"},"potentialAction":[{"@type":"SearchAction","target":{"@type":"EntryPoint","urlTemplate":"https:\/\/alimentsamga.com\/fr\/?s={search_term_string}"},"query-input":{"@type":"PropertyValueSpecification","valueRequired":true,"valueName":"search_term_string"}}],"inLanguage":"fr-FR"},{"@type":"Organization","@id":"https:\/\/alimentsamga.com\/fr\/#organization","name":"AMGA","url":"https:\/\/alimentsamga.com\/fr\/","logo":{"@type":"ImageObject","inLanguage":"fr-FR","@id":"https:\/\/alimentsamga.com\/fr\/#\/schema\/logo\/image\/","url":"https:\/\/alimentsamga.com\/wp-content\/uploads\/2020\/11\/amgachezvous-logo-blue-e1619460460184.png","contentUrl":"https:\/\/alimentsamga.com\/wp-content\/uploads\/2020\/11\/amgachezvous-logo-blue-e1619460460184.png","width":131,"height":80,"caption":"AMGA"},"image":{"@id":"https:\/\/alimentsamga.com\/fr\/#\/schema\/logo\/image\/"},"sameAs":["https:\/\/www.instagram.com\/aliments.amga\/?hl=en"]}]}},"_links":{"self":[{"href":"https:\/\/alimentsamga.com\/fr\/wp-json\/wp\/v2\/product\/747","targetHints":{"allow":["GET"]}}],"collection":[{"href":"https:\/\/alimentsamga.com\/fr\/wp-json\/wp\/v2\/product"}],"about":[{"href":"https:\/\/alimentsamga.com\/fr\/wp-json\/wp\/v2\/types\/product"}],"replies":[{"embeddable":true,"href":"https:\/\/alimentsamga.com\/fr\/wp-json\/wp\/v2\/comments?post=747"}],"wp:featuredmedia":[{"embeddable":true,"href":"https:\/\/alimentsamga.com\/fr\/wp-json\/wp\/v2\/media\/10964"}],"wp:attachment":[{"href":"https:\/\/alimentsamga.com\/fr\/wp-json\/wp\/v2\/media?parent=747"}],"wp:term":[{"taxonomy":"product_brand","embeddable":true,"href":"https:\/\/alimentsamga.com\/fr\/wp-json\/wp\/v2\/product_brand?post=747"},{"taxonomy":"product_cat","embeddable":true,"href":"https:\/\/alimentsamga.com\/fr\/wp-json\/wp\/v2\/product_cat?post=747"},{"taxonomy":"product_tag","embeddable":true,"href":"https:\/\/alimentsamga.com\/fr\/wp-json\/wp\/v2\/product_tag?post=747"}],"curies":[{"name":"wp","href":"https:\/\/api.w.org\/{rel}","templated":true}]}}