{"id":744,"date":"2020-09-08T00:40:48","date_gmt":"2020-09-08T05:40:48","guid":{"rendered":"https:\/\/amga.oncode.ca\/product\/crevettes-blanches-pelees-et-deveinees-16-20\/"},"modified":"2025-02-26T15:30:41","modified_gmt":"2025-02-26T20:30:41","slug":"crevettes-blanches-pelees-et-deveinees-16-20","status":"publish","type":"product","link":"https:\/\/alimentsamga.com\/fr\/produit\/crevettes-blanches-pelees-et-deveinees-16-20\/","title":{"rendered":"Crevettes pel\u00e9es et d\u00e9vein\u00e9es 16\/20 (environ 16-20 crevettes par livre)"},"content":{"rendered":"<p data-start=\"859\" data-end=\"1066\">Nos <strong data-start=\"908\" data-end=\"950\">crevettes \u00e9pluch\u00e9es et d\u00e9vein\u00e9es 16\/20<\/strong> sont offertes en paquet de 2 lb (0.91 kilograms), congel\u00e9es pour pr\u00e9server leur fra\u00eecheur. Il y a environ 16-20 crevettes par livre.<\/p>\n<p data-start=\"1068\" data-end=\"1287\">Elles sont parfaites pour les plats de fruits de mer, les saut\u00e9s ou le grill. Avec leur texture ferme et leur saveur sucr\u00e9e, ces crevettes rendent chaque repas sp\u00e9cial, que ce soit dans des p\u00e2tes, des salades ou seules.<\/p>\n<p>Consultez nos <a href=\"https:\/\/alimentsamga.com\/fr\/categorie-produit\/fruits-de-mer\/\">autres produits de la mer ici.<\/a><\/p>\n","protected":false},"excerpt":{"rendered":"2lbs","protected":false},"featured_media":10579,"comment_status":"open","ping_status":"closed","template":"","meta":{"content-type":""},"product_brand":[],"product_cat":[97],"product_tag":[],"class_list":{"0":"post-744","1":"product","2":"type-product","3":"status-publish","4":"has-post-thumbnail","6":"product_cat-fruits-de-mer","8":"first","9":"instock","10":"shipping-taxable","11":"purchasable","12":"product-type-simple"},"bundle_layout":"","bundle_add_to_cart_form_location":"","bundle_editable_in_cart":false,"bundle_sold_individually_context":"","bundle_item_grouping":"","bundle_min_size":"","bundle_max_size":"","bundled_by":["10793"],"bundled_items":[],"yoast_head":"<!-- This site is optimized with the Yoast SEO plugin v27.4 - https:\/\/yoast.com\/product\/yoast-seo-wordpress\/ -->\n<title>Crevette<\/title>\n<meta name=\"description\" content=\"Achetez des crevettes \u00e9pluch\u00e9es et d\u00e9vein\u00e9es 16\/20 (2 lb), congel\u00e9es pour garantir la fra\u00eecheur. Parfaites pour les plats de fruits de mer, les saut\u00e9s ou le grill.\" \/>\n<meta name=\"robots\" content=\"index, follow, max-snippet:-1, max-image-preview:large, max-video-preview:-1\" \/>\n<link rel=\"canonical\" href=\"https:\/\/alimentsamga.com\/fr\/produit\/crevettes-blanches-pelees-et-deveinees-16-20\/\" \/>\n<meta property=\"og:locale\" content=\"fr_FR\" \/>\n<meta property=\"og:type\" content=\"article\" \/>\n<meta property=\"og:title\" content=\"Crevette\" \/>\n<meta property=\"og:description\" content=\"Achetez des crevettes \u00e9pluch\u00e9es et d\u00e9vein\u00e9es 16\/20 (2 lb), congel\u00e9es pour garantir la fra\u00eecheur. Parfaites pour les plats de fruits de mer, les saut\u00e9s ou le grill.\" \/>\n<meta property=\"og:url\" content=\"https:\/\/alimentsamga.com\/fr\/produit\/crevettes-blanches-pelees-et-deveinees-16-20\/\" \/>\n<meta property=\"og:site_name\" content=\"AMGA\" \/>\n<meta property=\"article:modified_time\" content=\"2025-02-26T20:30:41+00:00\" \/>\n<meta property=\"og:image\" content=\"https:\/\/alimentsamga.com\/wp-content\/uploads\/2020\/09\/8500-2.jpg\" \/>\n\t<meta property=\"og:image:width\" content=\"719\" \/>\n\t<meta property=\"og:image:height\" content=\"480\" \/>\n\t<meta property=\"og:image:type\" content=\"image\/jpeg\" \/>\n<meta name=\"twitter:card\" content=\"summary_large_image\" \/>\n<meta name=\"twitter:label1\" content=\"Dur\u00e9e de lecture estim\u00e9e\" \/>\n\t<meta name=\"twitter:data1\" content=\"1 minute\" \/>\n<script type=\"application\/ld+json\" class=\"yoast-schema-graph\">{\"@context\":\"https:\\\/\\\/schema.org\",\"@graph\":[{\"@type\":\"WebPage\",\"@id\":\"https:\\\/\\\/alimentsamga.com\\\/fr\\\/produit\\\/crevettes-blanches-pelees-et-deveinees-16-20\\\/\",\"url\":\"https:\\\/\\\/alimentsamga.com\\\/fr\\\/produit\\\/crevettes-blanches-pelees-et-deveinees-16-20\\\/\",\"name\":\"Crevette\",\"isPartOf\":{\"@id\":\"https:\\\/\\\/alimentsamga.com\\\/fr\\\/#website\"},\"primaryImageOfPage\":{\"@id\":\"https:\\\/\\\/alimentsamga.com\\\/fr\\\/produit\\\/crevettes-blanches-pelees-et-deveinees-16-20\\\/#primaryimage\"},\"image\":{\"@id\":\"https:\\\/\\\/alimentsamga.com\\\/fr\\\/produit\\\/crevettes-blanches-pelees-et-deveinees-16-20\\\/#primaryimage\"},\"thumbnailUrl\":\"https:\\\/\\\/alimentsamga.com\\\/wp-content\\\/uploads\\\/2020\\\/09\\\/8500-2.jpg\",\"datePublished\":\"2020-09-08T05:40:48+00:00\",\"dateModified\":\"2025-02-26T20:30:41+00:00\",\"description\":\"Achetez des crevettes \u00e9pluch\u00e9es et d\u00e9vein\u00e9es 16\\\/20 (2 lb), congel\u00e9es pour garantir la fra\u00eecheur. Parfaites pour les plats de fruits de mer, les saut\u00e9s ou le grill.\",\"breadcrumb\":{\"@id\":\"https:\\\/\\\/alimentsamga.com\\\/fr\\\/produit\\\/crevettes-blanches-pelees-et-deveinees-16-20\\\/#breadcrumb\"},\"inLanguage\":\"fr-FR\",\"potentialAction\":[{\"@type\":\"ReadAction\",\"target\":[\"https:\\\/\\\/alimentsamga.com\\\/fr\\\/produit\\\/crevettes-blanches-pelees-et-deveinees-16-20\\\/\"]}]},{\"@type\":\"ImageObject\",\"inLanguage\":\"fr-FR\",\"@id\":\"https:\\\/\\\/alimentsamga.com\\\/fr\\\/produit\\\/crevettes-blanches-pelees-et-deveinees-16-20\\\/#primaryimage\",\"url\":\"https:\\\/\\\/alimentsamga.com\\\/wp-content\\\/uploads\\\/2020\\\/09\\\/8500-2.jpg\",\"contentUrl\":\"https:\\\/\\\/alimentsamga.com\\\/wp-content\\\/uploads\\\/2020\\\/09\\\/8500-2.jpg\",\"width\":719,\"height\":480,\"caption\":\"shrimp peeled and deveined 16\\\/20\"},{\"@type\":\"BreadcrumbList\",\"@id\":\"https:\\\/\\\/alimentsamga.com\\\/fr\\\/produit\\\/crevettes-blanches-pelees-et-deveinees-16-20\\\/#breadcrumb\",\"itemListElement\":[{\"@type\":\"ListItem\",\"position\":1,\"name\":\"Home\",\"item\":\"https:\\\/\\\/alimentsamga.com\\\/fr\\\/\"},{\"@type\":\"ListItem\",\"position\":2,\"name\":\"Boutique\",\"item\":\"https:\\\/\\\/alimentsamga.com\\\/fr\\\/boutique\\\/\"},{\"@type\":\"ListItem\",\"position\":3,\"name\":\"Crevettes pel\u00e9es et d\u00e9vein\u00e9es 16\\\/20 (environ 16-20 crevettes par livre)\"}]},{\"@type\":\"WebSite\",\"@id\":\"https:\\\/\\\/alimentsamga.com\\\/fr\\\/#website\",\"url\":\"https:\\\/\\\/alimentsamga.com\\\/fr\\\/\",\"name\":\"AMGA\",\"description\":\"Aliments Amga\",\"publisher\":{\"@id\":\"https:\\\/\\\/alimentsamga.com\\\/fr\\\/#organization\"},\"potentialAction\":[{\"@type\":\"SearchAction\",\"target\":{\"@type\":\"EntryPoint\",\"urlTemplate\":\"https:\\\/\\\/alimentsamga.com\\\/fr\\\/?s={search_term_string}\"},\"query-input\":{\"@type\":\"PropertyValueSpecification\",\"valueRequired\":true,\"valueName\":\"search_term_string\"}}],\"inLanguage\":\"fr-FR\"},{\"@type\":\"Organization\",\"@id\":\"https:\\\/\\\/alimentsamga.com\\\/fr\\\/#organization\",\"name\":\"AMGA\",\"url\":\"https:\\\/\\\/alimentsamga.com\\\/fr\\\/\",\"logo\":{\"@type\":\"ImageObject\",\"inLanguage\":\"fr-FR\",\"@id\":\"https:\\\/\\\/alimentsamga.com\\\/fr\\\/#\\\/schema\\\/logo\\\/image\\\/\",\"url\":\"https:\\\/\\\/alimentsamga.com\\\/wp-content\\\/uploads\\\/2020\\\/11\\\/amgachezvous-logo-blue-e1619460460184.png\",\"contentUrl\":\"https:\\\/\\\/alimentsamga.com\\\/wp-content\\\/uploads\\\/2020\\\/11\\\/amgachezvous-logo-blue-e1619460460184.png\",\"width\":131,\"height\":80,\"caption\":\"AMGA\"},\"image\":{\"@id\":\"https:\\\/\\\/alimentsamga.com\\\/fr\\\/#\\\/schema\\\/logo\\\/image\\\/\"},\"sameAs\":[\"https:\\\/\\\/www.instagram.com\\\/aliments.amga\\\/?hl=en\"]}]}<\/script>\n<!-- \/ Yoast SEO plugin. -->","yoast_head_json":{"title":"Crevette","description":"Achetez des crevettes \u00e9pluch\u00e9es et d\u00e9vein\u00e9es 16\/20 (2 lb), congel\u00e9es pour garantir la fra\u00eecheur. Parfaites pour les plats de fruits de mer, les saut\u00e9s ou le grill.","robots":{"index":"index","follow":"follow","max-snippet":"max-snippet:-1","max-image-preview":"max-image-preview:large","max-video-preview":"max-video-preview:-1"},"canonical":"https:\/\/alimentsamga.com\/fr\/produit\/crevettes-blanches-pelees-et-deveinees-16-20\/","og_locale":"fr_FR","og_type":"article","og_title":"Crevette","og_description":"Achetez des crevettes \u00e9pluch\u00e9es et d\u00e9vein\u00e9es 16\/20 (2 lb), congel\u00e9es pour garantir la fra\u00eecheur. Parfaites pour les plats de fruits de mer, les saut\u00e9s ou le grill.","og_url":"https:\/\/alimentsamga.com\/fr\/produit\/crevettes-blanches-pelees-et-deveinees-16-20\/","og_site_name":"AMGA","article_modified_time":"2025-02-26T20:30:41+00:00","og_image":[{"width":719,"height":480,"url":"https:\/\/alimentsamga.com\/wp-content\/uploads\/2020\/09\/8500-2.jpg","type":"image\/jpeg"}],"twitter_card":"summary_large_image","twitter_misc":{"Dur\u00e9e de lecture estim\u00e9e":"1 minute"},"schema":{"@context":"https:\/\/schema.org","@graph":[{"@type":"WebPage","@id":"https:\/\/alimentsamga.com\/fr\/produit\/crevettes-blanches-pelees-et-deveinees-16-20\/","url":"https:\/\/alimentsamga.com\/fr\/produit\/crevettes-blanches-pelees-et-deveinees-16-20\/","name":"Crevette","isPartOf":{"@id":"https:\/\/alimentsamga.com\/fr\/#website"},"primaryImageOfPage":{"@id":"https:\/\/alimentsamga.com\/fr\/produit\/crevettes-blanches-pelees-et-deveinees-16-20\/#primaryimage"},"image":{"@id":"https:\/\/alimentsamga.com\/fr\/produit\/crevettes-blanches-pelees-et-deveinees-16-20\/#primaryimage"},"thumbnailUrl":"https:\/\/alimentsamga.com\/wp-content\/uploads\/2020\/09\/8500-2.jpg","datePublished":"2020-09-08T05:40:48+00:00","dateModified":"2025-02-26T20:30:41+00:00","description":"Achetez des crevettes \u00e9pluch\u00e9es et d\u00e9vein\u00e9es 16\/20 (2 lb), congel\u00e9es pour garantir la fra\u00eecheur. Parfaites pour les plats de fruits de mer, les saut\u00e9s ou le grill.","breadcrumb":{"@id":"https:\/\/alimentsamga.com\/fr\/produit\/crevettes-blanches-pelees-et-deveinees-16-20\/#breadcrumb"},"inLanguage":"fr-FR","potentialAction":[{"@type":"ReadAction","target":["https:\/\/alimentsamga.com\/fr\/produit\/crevettes-blanches-pelees-et-deveinees-16-20\/"]}]},{"@type":"ImageObject","inLanguage":"fr-FR","@id":"https:\/\/alimentsamga.com\/fr\/produit\/crevettes-blanches-pelees-et-deveinees-16-20\/#primaryimage","url":"https:\/\/alimentsamga.com\/wp-content\/uploads\/2020\/09\/8500-2.jpg","contentUrl":"https:\/\/alimentsamga.com\/wp-content\/uploads\/2020\/09\/8500-2.jpg","width":719,"height":480,"caption":"shrimp peeled and deveined 16\/20"},{"@type":"BreadcrumbList","@id":"https:\/\/alimentsamga.com\/fr\/produit\/crevettes-blanches-pelees-et-deveinees-16-20\/#breadcrumb","itemListElement":[{"@type":"ListItem","position":1,"name":"Home","item":"https:\/\/alimentsamga.com\/fr\/"},{"@type":"ListItem","position":2,"name":"Boutique","item":"https:\/\/alimentsamga.com\/fr\/boutique\/"},{"@type":"ListItem","position":3,"name":"Crevettes pel\u00e9es et d\u00e9vein\u00e9es 16\/20 (environ 16-20 crevettes par livre)"}]},{"@type":"WebSite","@id":"https:\/\/alimentsamga.com\/fr\/#website","url":"https:\/\/alimentsamga.com\/fr\/","name":"AMGA","description":"Aliments Amga","publisher":{"@id":"https:\/\/alimentsamga.com\/fr\/#organization"},"potentialAction":[{"@type":"SearchAction","target":{"@type":"EntryPoint","urlTemplate":"https:\/\/alimentsamga.com\/fr\/?s={search_term_string}"},"query-input":{"@type":"PropertyValueSpecification","valueRequired":true,"valueName":"search_term_string"}}],"inLanguage":"fr-FR"},{"@type":"Organization","@id":"https:\/\/alimentsamga.com\/fr\/#organization","name":"AMGA","url":"https:\/\/alimentsamga.com\/fr\/","logo":{"@type":"ImageObject","inLanguage":"fr-FR","@id":"https:\/\/alimentsamga.com\/fr\/#\/schema\/logo\/image\/","url":"https:\/\/alimentsamga.com\/wp-content\/uploads\/2020\/11\/amgachezvous-logo-blue-e1619460460184.png","contentUrl":"https:\/\/alimentsamga.com\/wp-content\/uploads\/2020\/11\/amgachezvous-logo-blue-e1619460460184.png","width":131,"height":80,"caption":"AMGA"},"image":{"@id":"https:\/\/alimentsamga.com\/fr\/#\/schema\/logo\/image\/"},"sameAs":["https:\/\/www.instagram.com\/aliments.amga\/?hl=en"]}]}},"_links":{"self":[{"href":"https:\/\/alimentsamga.com\/fr\/wp-json\/wp\/v2\/product\/744","targetHints":{"allow":["GET"]}}],"collection":[{"href":"https:\/\/alimentsamga.com\/fr\/wp-json\/wp\/v2\/product"}],"about":[{"href":"https:\/\/alimentsamga.com\/fr\/wp-json\/wp\/v2\/types\/product"}],"replies":[{"embeddable":true,"href":"https:\/\/alimentsamga.com\/fr\/wp-json\/wp\/v2\/comments?post=744"}],"wp:featuredmedia":[{"embeddable":true,"href":"https:\/\/alimentsamga.com\/fr\/wp-json\/wp\/v2\/media\/10579"}],"wp:attachment":[{"href":"https:\/\/alimentsamga.com\/fr\/wp-json\/wp\/v2\/media?parent=744"}],"wp:term":[{"taxonomy":"product_brand","embeddable":true,"href":"https:\/\/alimentsamga.com\/fr\/wp-json\/wp\/v2\/product_brand?post=744"},{"taxonomy":"product_cat","embeddable":true,"href":"https:\/\/alimentsamga.com\/fr\/wp-json\/wp\/v2\/product_cat?post=744"},{"taxonomy":"product_tag","embeddable":true,"href":"https:\/\/alimentsamga.com\/fr\/wp-json\/wp\/v2\/product_tag?post=744"}],"curies":[{"name":"wp","href":"https:\/\/api.w.org\/{rel}","templated":true}]}}