{"id":743,"date":"2020-09-08T00:41:42","date_gmt":"2020-09-08T05:41:42","guid":{"rendered":"https:\/\/amga.oncode.ca\/product\/grandes-petoncles-10-20\/"},"modified":"2025-02-26T15:24:51","modified_gmt":"2025-02-26T20:24:51","slug":"grandes-petoncles-10-20","status":"publish","type":"product","link":"https:\/\/alimentsamga.com\/fr\/produit\/grandes-petoncles-10-20\/","title":{"rendered":"Grandes p\u00e9toncles 10\/20"},"content":{"rendered":"<p data-start=\"855\" data-end=\"1137\">Nos <strong data-start=\"904\" data-end=\"931\">grandes p\u00e9toncles 10\/20<\/strong> sont offerts en paquet de 1 lb (0.45 kilograms), congel\u00e9s et sous vide pour pr\u00e9server leur fra\u00eecheur. Ces p\u00e9toncles sont parfaits pour saisir, griller ou ajouter \u00e0 des plats de fruits de mer comme des p\u00e2tes ou des salades.<\/p>\n<p data-start=\"1139\" data-end=\"1331\">Avec leur saveur douce et d\u00e9licate et leur texture tendre, ils sont un choix haut de gamme pour tous les amateurs de fruits de mer. Savourez la meilleure qualit\u00e9 de p\u00e9toncles \u00e0 chaque bouch\u00e9e.<\/p>\n<p>Consultez nos <a href=\"https:\/\/alimentsamga.com\/fr\/categorie-produit\/fruits-de-mer\/\">autres produits de la mer ici.<\/a><\/p>\n","protected":false},"excerpt":{"rendered":"<strong>1 lb<\/strong>","protected":false},"featured_media":10581,"comment_status":"open","ping_status":"closed","template":"","meta":{"content-type":""},"product_brand":[],"product_cat":[97],"product_tag":[],"class_list":{"0":"post-743","1":"product","2":"type-product","3":"status-publish","4":"has-post-thumbnail","6":"product_cat-fruits-de-mer","8":"first","9":"instock","10":"shipping-taxable","11":"purchasable","12":"product-type-simple"},"bundle_layout":"","bundle_add_to_cart_form_location":"","bundle_editable_in_cart":false,"bundle_sold_individually_context":"","bundle_item_grouping":"","bundle_min_size":"","bundle_max_size":"","bundled_by":["4305"],"bundled_items":[],"yoast_head":"<!-- This site is optimized with the Yoast SEO plugin v27.3 - https:\/\/yoast.com\/product\/yoast-seo-wordpress\/ -->\n<title>Grandes p\u00e9toncles 10\/20 - AMGA<\/title>\n<meta name=\"description\" content=\"Achetez des grandes p\u00e9toncles 10\/20 (1 lb), congel\u00e9s et sous vide pour garantir la fra\u00eecheur. Parfaits pour saisir, griller ou ajouter aux plats de fruits de mer.\" \/>\n<meta name=\"robots\" content=\"index, follow, max-snippet:-1, max-image-preview:large, max-video-preview:-1\" \/>\n<link rel=\"canonical\" href=\"https:\/\/alimentsamga.com\/fr\/produit\/grandes-petoncles-10-20\/\" \/>\n<meta property=\"og:locale\" content=\"fr_FR\" \/>\n<meta property=\"og:type\" content=\"article\" \/>\n<meta property=\"og:title\" content=\"Grandes p\u00e9toncles 10\/20 - AMGA\" \/>\n<meta property=\"og:description\" content=\"Achetez des grandes p\u00e9toncles 10\/20 (1 lb), congel\u00e9s et sous vide pour garantir la fra\u00eecheur. Parfaits pour saisir, griller ou ajouter aux plats de fruits de mer.\" \/>\n<meta property=\"og:url\" content=\"https:\/\/alimentsamga.com\/fr\/produit\/grandes-petoncles-10-20\/\" \/>\n<meta property=\"og:site_name\" content=\"AMGA\" \/>\n<meta property=\"article:modified_time\" content=\"2025-02-26T20:24:51+00:00\" \/>\n<meta property=\"og:image\" content=\"https:\/\/alimentsamga.com\/wp-content\/uploads\/2020\/09\/8605-2.jpg\" \/>\n\t<meta property=\"og:image:width\" content=\"720\" \/>\n\t<meta property=\"og:image:height\" content=\"480\" \/>\n\t<meta property=\"og:image:type\" content=\"image\/jpeg\" \/>\n<meta name=\"twitter:card\" content=\"summary_large_image\" \/>\n<meta name=\"twitter:label1\" content=\"Dur\u00e9e de lecture estim\u00e9e\" \/>\n\t<meta name=\"twitter:data1\" content=\"1 minute\" \/>\n<script type=\"application\/ld+json\" class=\"yoast-schema-graph\">{\"@context\":\"https:\\\/\\\/schema.org\",\"@graph\":[{\"@type\":\"WebPage\",\"@id\":\"https:\\\/\\\/alimentsamga.com\\\/fr\\\/produit\\\/grandes-petoncles-10-20\\\/\",\"url\":\"https:\\\/\\\/alimentsamga.com\\\/fr\\\/produit\\\/grandes-petoncles-10-20\\\/\",\"name\":\"Grandes p\u00e9toncles 10\\\/20 - AMGA\",\"isPartOf\":{\"@id\":\"https:\\\/\\\/alimentsamga.com\\\/fr\\\/#website\"},\"primaryImageOfPage\":{\"@id\":\"https:\\\/\\\/alimentsamga.com\\\/fr\\\/produit\\\/grandes-petoncles-10-20\\\/#primaryimage\"},\"image\":{\"@id\":\"https:\\\/\\\/alimentsamga.com\\\/fr\\\/produit\\\/grandes-petoncles-10-20\\\/#primaryimage\"},\"thumbnailUrl\":\"https:\\\/\\\/alimentsamga.com\\\/wp-content\\\/uploads\\\/2020\\\/09\\\/8605-2.jpg\",\"datePublished\":\"2020-09-08T05:41:42+00:00\",\"dateModified\":\"2025-02-26T20:24:51+00:00\",\"description\":\"Achetez des grandes p\u00e9toncles 10\\\/20 (1 lb), congel\u00e9s et sous vide pour garantir la fra\u00eecheur. Parfaits pour saisir, griller ou ajouter aux plats de fruits de mer.\",\"breadcrumb\":{\"@id\":\"https:\\\/\\\/alimentsamga.com\\\/fr\\\/produit\\\/grandes-petoncles-10-20\\\/#breadcrumb\"},\"inLanguage\":\"fr-FR\",\"potentialAction\":[{\"@type\":\"ReadAction\",\"target\":[\"https:\\\/\\\/alimentsamga.com\\\/fr\\\/produit\\\/grandes-petoncles-10-20\\\/\"]}]},{\"@type\":\"ImageObject\",\"inLanguage\":\"fr-FR\",\"@id\":\"https:\\\/\\\/alimentsamga.com\\\/fr\\\/produit\\\/grandes-petoncles-10-20\\\/#primaryimage\",\"url\":\"https:\\\/\\\/alimentsamga.com\\\/wp-content\\\/uploads\\\/2020\\\/09\\\/8605-2.jpg\",\"contentUrl\":\"https:\\\/\\\/alimentsamga.com\\\/wp-content\\\/uploads\\\/2020\\\/09\\\/8605-2.jpg\",\"width\":720,\"height\":480,\"caption\":\"large scallops 10\\\/20\"},{\"@type\":\"BreadcrumbList\",\"@id\":\"https:\\\/\\\/alimentsamga.com\\\/fr\\\/produit\\\/grandes-petoncles-10-20\\\/#breadcrumb\",\"itemListElement\":[{\"@type\":\"ListItem\",\"position\":1,\"name\":\"Home\",\"item\":\"https:\\\/\\\/alimentsamga.com\\\/fr\\\/\"},{\"@type\":\"ListItem\",\"position\":2,\"name\":\"Boutique\",\"item\":\"https:\\\/\\\/alimentsamga.com\\\/fr\\\/boutique\\\/\"},{\"@type\":\"ListItem\",\"position\":3,\"name\":\"Grandes p\u00e9toncles 10\\\/20\"}]},{\"@type\":\"WebSite\",\"@id\":\"https:\\\/\\\/alimentsamga.com\\\/fr\\\/#website\",\"url\":\"https:\\\/\\\/alimentsamga.com\\\/fr\\\/\",\"name\":\"AMGA\",\"description\":\"Aliments Amga\",\"publisher\":{\"@id\":\"https:\\\/\\\/alimentsamga.com\\\/fr\\\/#organization\"},\"potentialAction\":[{\"@type\":\"SearchAction\",\"target\":{\"@type\":\"EntryPoint\",\"urlTemplate\":\"https:\\\/\\\/alimentsamga.com\\\/fr\\\/?s={search_term_string}\"},\"query-input\":{\"@type\":\"PropertyValueSpecification\",\"valueRequired\":true,\"valueName\":\"search_term_string\"}}],\"inLanguage\":\"fr-FR\"},{\"@type\":\"Organization\",\"@id\":\"https:\\\/\\\/alimentsamga.com\\\/fr\\\/#organization\",\"name\":\"AMGA\",\"url\":\"https:\\\/\\\/alimentsamga.com\\\/fr\\\/\",\"logo\":{\"@type\":\"ImageObject\",\"inLanguage\":\"fr-FR\",\"@id\":\"https:\\\/\\\/alimentsamga.com\\\/fr\\\/#\\\/schema\\\/logo\\\/image\\\/\",\"url\":\"https:\\\/\\\/alimentsamga.com\\\/wp-content\\\/uploads\\\/2020\\\/11\\\/amgachezvous-logo-blue-e1619460460184.png\",\"contentUrl\":\"https:\\\/\\\/alimentsamga.com\\\/wp-content\\\/uploads\\\/2020\\\/11\\\/amgachezvous-logo-blue-e1619460460184.png\",\"width\":131,\"height\":80,\"caption\":\"AMGA\"},\"image\":{\"@id\":\"https:\\\/\\\/alimentsamga.com\\\/fr\\\/#\\\/schema\\\/logo\\\/image\\\/\"},\"sameAs\":[\"https:\\\/\\\/www.instagram.com\\\/aliments.amga\\\/?hl=en\"]}]}<\/script>\n<!-- \/ Yoast SEO plugin. -->","yoast_head_json":{"title":"Grandes p\u00e9toncles 10\/20 - AMGA","description":"Achetez des grandes p\u00e9toncles 10\/20 (1 lb), congel\u00e9s et sous vide pour garantir la fra\u00eecheur. Parfaits pour saisir, griller ou ajouter aux plats de fruits de mer.","robots":{"index":"index","follow":"follow","max-snippet":"max-snippet:-1","max-image-preview":"max-image-preview:large","max-video-preview":"max-video-preview:-1"},"canonical":"https:\/\/alimentsamga.com\/fr\/produit\/grandes-petoncles-10-20\/","og_locale":"fr_FR","og_type":"article","og_title":"Grandes p\u00e9toncles 10\/20 - AMGA","og_description":"Achetez des grandes p\u00e9toncles 10\/20 (1 lb), congel\u00e9s et sous vide pour garantir la fra\u00eecheur. Parfaits pour saisir, griller ou ajouter aux plats de fruits de mer.","og_url":"https:\/\/alimentsamga.com\/fr\/produit\/grandes-petoncles-10-20\/","og_site_name":"AMGA","article_modified_time":"2025-02-26T20:24:51+00:00","og_image":[{"width":720,"height":480,"url":"https:\/\/alimentsamga.com\/wp-content\/uploads\/2020\/09\/8605-2.jpg","type":"image\/jpeg"}],"twitter_card":"summary_large_image","twitter_misc":{"Dur\u00e9e de lecture estim\u00e9e":"1 minute"},"schema":{"@context":"https:\/\/schema.org","@graph":[{"@type":"WebPage","@id":"https:\/\/alimentsamga.com\/fr\/produit\/grandes-petoncles-10-20\/","url":"https:\/\/alimentsamga.com\/fr\/produit\/grandes-petoncles-10-20\/","name":"Grandes p\u00e9toncles 10\/20 - AMGA","isPartOf":{"@id":"https:\/\/alimentsamga.com\/fr\/#website"},"primaryImageOfPage":{"@id":"https:\/\/alimentsamga.com\/fr\/produit\/grandes-petoncles-10-20\/#primaryimage"},"image":{"@id":"https:\/\/alimentsamga.com\/fr\/produit\/grandes-petoncles-10-20\/#primaryimage"},"thumbnailUrl":"https:\/\/alimentsamga.com\/wp-content\/uploads\/2020\/09\/8605-2.jpg","datePublished":"2020-09-08T05:41:42+00:00","dateModified":"2025-02-26T20:24:51+00:00","description":"Achetez des grandes p\u00e9toncles 10\/20 (1 lb), congel\u00e9s et sous vide pour garantir la fra\u00eecheur. Parfaits pour saisir, griller ou ajouter aux plats de fruits de mer.","breadcrumb":{"@id":"https:\/\/alimentsamga.com\/fr\/produit\/grandes-petoncles-10-20\/#breadcrumb"},"inLanguage":"fr-FR","potentialAction":[{"@type":"ReadAction","target":["https:\/\/alimentsamga.com\/fr\/produit\/grandes-petoncles-10-20\/"]}]},{"@type":"ImageObject","inLanguage":"fr-FR","@id":"https:\/\/alimentsamga.com\/fr\/produit\/grandes-petoncles-10-20\/#primaryimage","url":"https:\/\/alimentsamga.com\/wp-content\/uploads\/2020\/09\/8605-2.jpg","contentUrl":"https:\/\/alimentsamga.com\/wp-content\/uploads\/2020\/09\/8605-2.jpg","width":720,"height":480,"caption":"large scallops 10\/20"},{"@type":"BreadcrumbList","@id":"https:\/\/alimentsamga.com\/fr\/produit\/grandes-petoncles-10-20\/#breadcrumb","itemListElement":[{"@type":"ListItem","position":1,"name":"Home","item":"https:\/\/alimentsamga.com\/fr\/"},{"@type":"ListItem","position":2,"name":"Boutique","item":"https:\/\/alimentsamga.com\/fr\/boutique\/"},{"@type":"ListItem","position":3,"name":"Grandes p\u00e9toncles 10\/20"}]},{"@type":"WebSite","@id":"https:\/\/alimentsamga.com\/fr\/#website","url":"https:\/\/alimentsamga.com\/fr\/","name":"AMGA","description":"Aliments Amga","publisher":{"@id":"https:\/\/alimentsamga.com\/fr\/#organization"},"potentialAction":[{"@type":"SearchAction","target":{"@type":"EntryPoint","urlTemplate":"https:\/\/alimentsamga.com\/fr\/?s={search_term_string}"},"query-input":{"@type":"PropertyValueSpecification","valueRequired":true,"valueName":"search_term_string"}}],"inLanguage":"fr-FR"},{"@type":"Organization","@id":"https:\/\/alimentsamga.com\/fr\/#organization","name":"AMGA","url":"https:\/\/alimentsamga.com\/fr\/","logo":{"@type":"ImageObject","inLanguage":"fr-FR","@id":"https:\/\/alimentsamga.com\/fr\/#\/schema\/logo\/image\/","url":"https:\/\/alimentsamga.com\/wp-content\/uploads\/2020\/11\/amgachezvous-logo-blue-e1619460460184.png","contentUrl":"https:\/\/alimentsamga.com\/wp-content\/uploads\/2020\/11\/amgachezvous-logo-blue-e1619460460184.png","width":131,"height":80,"caption":"AMGA"},"image":{"@id":"https:\/\/alimentsamga.com\/fr\/#\/schema\/logo\/image\/"},"sameAs":["https:\/\/www.instagram.com\/aliments.amga\/?hl=en"]}]}},"_links":{"self":[{"href":"https:\/\/alimentsamga.com\/fr\/wp-json\/wp\/v2\/product\/743","targetHints":{"allow":["GET"]}}],"collection":[{"href":"https:\/\/alimentsamga.com\/fr\/wp-json\/wp\/v2\/product"}],"about":[{"href":"https:\/\/alimentsamga.com\/fr\/wp-json\/wp\/v2\/types\/product"}],"replies":[{"embeddable":true,"href":"https:\/\/alimentsamga.com\/fr\/wp-json\/wp\/v2\/comments?post=743"}],"wp:featuredmedia":[{"embeddable":true,"href":"https:\/\/alimentsamga.com\/fr\/wp-json\/wp\/v2\/media\/10581"}],"wp:attachment":[{"href":"https:\/\/alimentsamga.com\/fr\/wp-json\/wp\/v2\/media?parent=743"}],"wp:term":[{"taxonomy":"product_brand","embeddable":true,"href":"https:\/\/alimentsamga.com\/fr\/wp-json\/wp\/v2\/product_brand?post=743"},{"taxonomy":"product_cat","embeddable":true,"href":"https:\/\/alimentsamga.com\/fr\/wp-json\/wp\/v2\/product_cat?post=743"},{"taxonomy":"product_tag","embeddable":true,"href":"https:\/\/alimentsamga.com\/fr\/wp-json\/wp\/v2\/product_tag?post=743"}],"curies":[{"name":"wp","href":"https:\/\/api.w.org\/{rel}","templated":true}]}}