{"id":688,"date":"2020-09-08T00:16:28","date_gmt":"2020-09-08T00:16:28","guid":{"rendered":"https:\/\/amga.oncode.ca\/?post_type=product&#038;p=688"},"modified":"2025-12-24T09:21:36","modified_gmt":"2025-12-24T14:21:36","slug":"bifteck-de-cotes-vieilli-aaa","status":"publish","type":"product","link":"https:\/\/alimentsamga.com\/fr\/produit\/bifteck-de-cotes-vieilli-aaa\/","title":{"rendered":"Bifteck de c\u00f4tes vieilli AAA"},"content":{"rendered":"<p>Notre Bifteck de c\u00f4tes vieilli AAA est l&rsquo;incarnation de la tendret\u00e9 et de la saveur du boeuf. Provenant de fermes canadiennes locales, chaque c\u00f4te est vieillie \u00e0 la perfection pour une texture riche et juteuse. Cette coupe premium de boeuf occidental canadien offre un go\u00fbt inoubliable \u00e0 chaque bouch\u00e9e. Parfaite pour le grillage, la cuisson \u00e0 la po\u00eale ou au four, elle garantit un repas de qualit\u00e9 pour toutes les occasions.<\/p>\n<p data-start=\"1746\" data-end=\"2170\">Profitez des avantages de la viande provenant de sources locales avec la Bifteck de c\u00f4tes vieilli AAA. Chaque c\u00f4te est soigneusement vieillie pour rehausser sa saveur, ce qui en fait le choix parfait pour les amateurs de viande. Livr\u00e9e directement \u00e0 votre porte, cette coupe premium assure commodit\u00e9 et qualit\u00e9 exceptionnelle. Sublimez votre prochain repas avec le go\u00fbt exceptionnel de la C\u00f4te de ribeye AAA vieillie.<\/p>\n<p>La viande est fra\u00eeche\/surgel\u00e9e (\u00e9tait fra\u00eeche \u00e0 l\u2019origine et a ensuite \u00e9t\u00e9 congel\u00e9e)<\/p>\n<p>Consultez nos autres <a href=\"https:\/\/alimentsamga.com\/fr\/product-category\/boeuf\/\">produits \u00e0 base de b\u0153uf ici.<\/a><\/p>\n","protected":false},"excerpt":{"rendered":"B\u0153uf canadien AAA, vieilli \u00e0 la perfection.\r\n\r\nTous nos produits de viande provenant de fermes locales canadiennes et livr\u00e9s \u00e0 votre porte.\r\n\r\nLa viande est fra\u00eeche\/surgel\u00e9e (\u00e9tait fra\u00eeche \u00e0 l\u2019origine et a ensuite \u00e9t\u00e9 congel\u00e9e)","protected":false},"featured_media":10315,"comment_status":"open","ping_status":"closed","template":"","meta":{"content-type":""},"product_brand":[],"product_cat":[58,165],"product_tag":[],"class_list":{"0":"post-688","1":"product","2":"type-product","3":"status-publish","4":"has-post-thumbnail","6":"product_cat-boeuf","7":"product_cat-viandes","9":"first","10":"instock","11":"shipping-taxable","12":"purchasable","13":"product-type-variable","14":"has-default-attributes"},"bundle_layout":"","bundle_add_to_cart_form_location":"","bundle_editable_in_cart":false,"bundle_sold_individually_context":"","bundle_item_grouping":"","bundle_min_size":"","bundle_max_size":"","bundled_by":["741","2800","4297","4301","4573","4583","4557","10793"],"bundled_items":[],"yoast_head":"<!-- This site is optimized with the Yoast SEO plugin v27.3 - https:\/\/yoast.com\/product\/yoast-seo-wordpress\/ -->\n<title>Bifteck de c\u00f4tes vieilli AAA<\/title>\n<meta name=\"description\" content=\"Achetez la Bifteck de c\u00f4tes vieilli AAA, provenant de fermes canadiennes locales. Savourez un boeuf tendre et savoureux, livr\u00e9 frais \u00e0 votre porte.\" \/>\n<meta name=\"robots\" content=\"index, follow, max-snippet:-1, max-image-preview:large, max-video-preview:-1\" \/>\n<link rel=\"canonical\" href=\"https:\/\/alimentsamga.com\/fr\/produit\/bifteck-de-cotes-vieilli-aaa\/\" \/>\n<meta property=\"og:locale\" content=\"fr_FR\" \/>\n<meta property=\"og:type\" content=\"article\" \/>\n<meta property=\"og:title\" content=\"Bifteck de c\u00f4tes vieilli AAA\" \/>\n<meta property=\"og:description\" content=\"Achetez la Bifteck de c\u00f4tes vieilli AAA, provenant de fermes canadiennes locales. Savourez un boeuf tendre et savoureux, livr\u00e9 frais \u00e0 votre porte.\" \/>\n<meta property=\"og:url\" content=\"https:\/\/alimentsamga.com\/fr\/produit\/bifteck-de-cotes-vieilli-aaa\/\" \/>\n<meta property=\"og:site_name\" content=\"AMGA\" \/>\n<meta property=\"article:modified_time\" content=\"2025-12-24T14:21:36+00:00\" \/>\n<meta property=\"og:image\" content=\"https:\/\/alimentsamga.com\/wp-content\/uploads\/2020\/09\/2154-3.jpg\" \/>\n\t<meta property=\"og:image:width\" content=\"857\" \/>\n\t<meta property=\"og:image:height\" content=\"480\" \/>\n\t<meta property=\"og:image:type\" content=\"image\/jpeg\" \/>\n<meta name=\"twitter:card\" content=\"summary_large_image\" \/>\n<meta name=\"twitter:label1\" content=\"Dur\u00e9e de lecture estim\u00e9e\" \/>\n\t<meta name=\"twitter:data1\" content=\"1 minute\" \/>\n<script type=\"application\/ld+json\" class=\"yoast-schema-graph\">{\"@context\":\"https:\\\/\\\/schema.org\",\"@graph\":[{\"@type\":\"WebPage\",\"@id\":\"https:\\\/\\\/alimentsamga.com\\\/fr\\\/produit\\\/bifteck-de-cotes-vieilli-aaa\\\/\",\"url\":\"https:\\\/\\\/alimentsamga.com\\\/fr\\\/produit\\\/bifteck-de-cotes-vieilli-aaa\\\/\",\"name\":\"Bifteck de c\u00f4tes vieilli AAA\",\"isPartOf\":{\"@id\":\"https:\\\/\\\/alimentsamga.com\\\/fr\\\/#website\"},\"primaryImageOfPage\":{\"@id\":\"https:\\\/\\\/alimentsamga.com\\\/fr\\\/produit\\\/bifteck-de-cotes-vieilli-aaa\\\/#primaryimage\"},\"image\":{\"@id\":\"https:\\\/\\\/alimentsamga.com\\\/fr\\\/produit\\\/bifteck-de-cotes-vieilli-aaa\\\/#primaryimage\"},\"thumbnailUrl\":\"https:\\\/\\\/alimentsamga.com\\\/wp-content\\\/uploads\\\/2020\\\/09\\\/2154-3.jpg\",\"datePublished\":\"2020-09-08T00:16:28+00:00\",\"dateModified\":\"2025-12-24T14:21:36+00:00\",\"description\":\"Achetez la Bifteck de c\u00f4tes vieilli AAA, provenant de fermes canadiennes locales. Savourez un boeuf tendre et savoureux, livr\u00e9 frais \u00e0 votre porte.\",\"breadcrumb\":{\"@id\":\"https:\\\/\\\/alimentsamga.com\\\/fr\\\/produit\\\/bifteck-de-cotes-vieilli-aaa\\\/#breadcrumb\"},\"inLanguage\":\"fr-FR\",\"potentialAction\":[{\"@type\":\"ReadAction\",\"target\":[\"https:\\\/\\\/alimentsamga.com\\\/fr\\\/produit\\\/bifteck-de-cotes-vieilli-aaa\\\/\"]}]},{\"@type\":\"ImageObject\",\"inLanguage\":\"fr-FR\",\"@id\":\"https:\\\/\\\/alimentsamga.com\\\/fr\\\/produit\\\/bifteck-de-cotes-vieilli-aaa\\\/#primaryimage\",\"url\":\"https:\\\/\\\/alimentsamga.com\\\/wp-content\\\/uploads\\\/2020\\\/09\\\/2154-3.jpg\",\"contentUrl\":\"https:\\\/\\\/alimentsamga.com\\\/wp-content\\\/uploads\\\/2020\\\/09\\\/2154-3.jpg\",\"width\":857,\"height\":480,\"caption\":\"AAA Aged Rib Steak\"},{\"@type\":\"BreadcrumbList\",\"@id\":\"https:\\\/\\\/alimentsamga.com\\\/fr\\\/produit\\\/bifteck-de-cotes-vieilli-aaa\\\/#breadcrumb\",\"itemListElement\":[{\"@type\":\"ListItem\",\"position\":1,\"name\":\"Home\",\"item\":\"https:\\\/\\\/alimentsamga.com\\\/fr\\\/\"},{\"@type\":\"ListItem\",\"position\":2,\"name\":\"Boutique\",\"item\":\"https:\\\/\\\/alimentsamga.com\\\/fr\\\/boutique\\\/\"},{\"@type\":\"ListItem\",\"position\":3,\"name\":\"Bifteck de c\u00f4tes vieilli AAA\"}]},{\"@type\":\"WebSite\",\"@id\":\"https:\\\/\\\/alimentsamga.com\\\/fr\\\/#website\",\"url\":\"https:\\\/\\\/alimentsamga.com\\\/fr\\\/\",\"name\":\"AMGA\",\"description\":\"Aliments Amga\",\"publisher\":{\"@id\":\"https:\\\/\\\/alimentsamga.com\\\/fr\\\/#organization\"},\"potentialAction\":[{\"@type\":\"SearchAction\",\"target\":{\"@type\":\"EntryPoint\",\"urlTemplate\":\"https:\\\/\\\/alimentsamga.com\\\/fr\\\/?s={search_term_string}\"},\"query-input\":{\"@type\":\"PropertyValueSpecification\",\"valueRequired\":true,\"valueName\":\"search_term_string\"}}],\"inLanguage\":\"fr-FR\"},{\"@type\":\"Organization\",\"@id\":\"https:\\\/\\\/alimentsamga.com\\\/fr\\\/#organization\",\"name\":\"AMGA\",\"url\":\"https:\\\/\\\/alimentsamga.com\\\/fr\\\/\",\"logo\":{\"@type\":\"ImageObject\",\"inLanguage\":\"fr-FR\",\"@id\":\"https:\\\/\\\/alimentsamga.com\\\/fr\\\/#\\\/schema\\\/logo\\\/image\\\/\",\"url\":\"https:\\\/\\\/alimentsamga.com\\\/wp-content\\\/uploads\\\/2020\\\/11\\\/amgachezvous-logo-blue-e1619460460184.png\",\"contentUrl\":\"https:\\\/\\\/alimentsamga.com\\\/wp-content\\\/uploads\\\/2020\\\/11\\\/amgachezvous-logo-blue-e1619460460184.png\",\"width\":131,\"height\":80,\"caption\":\"AMGA\"},\"image\":{\"@id\":\"https:\\\/\\\/alimentsamga.com\\\/fr\\\/#\\\/schema\\\/logo\\\/image\\\/\"},\"sameAs\":[\"https:\\\/\\\/www.instagram.com\\\/aliments.amga\\\/?hl=en\"]}]}<\/script>\n<!-- \/ Yoast SEO plugin. -->","yoast_head_json":{"title":"Bifteck de c\u00f4tes vieilli AAA","description":"Achetez la Bifteck de c\u00f4tes vieilli AAA, provenant de fermes canadiennes locales. Savourez un boeuf tendre et savoureux, livr\u00e9 frais \u00e0 votre porte.","robots":{"index":"index","follow":"follow","max-snippet":"max-snippet:-1","max-image-preview":"max-image-preview:large","max-video-preview":"max-video-preview:-1"},"canonical":"https:\/\/alimentsamga.com\/fr\/produit\/bifteck-de-cotes-vieilli-aaa\/","og_locale":"fr_FR","og_type":"article","og_title":"Bifteck de c\u00f4tes vieilli AAA","og_description":"Achetez la Bifteck de c\u00f4tes vieilli AAA, provenant de fermes canadiennes locales. Savourez un boeuf tendre et savoureux, livr\u00e9 frais \u00e0 votre porte.","og_url":"https:\/\/alimentsamga.com\/fr\/produit\/bifteck-de-cotes-vieilli-aaa\/","og_site_name":"AMGA","article_modified_time":"2025-12-24T14:21:36+00:00","og_image":[{"width":857,"height":480,"url":"https:\/\/alimentsamga.com\/wp-content\/uploads\/2020\/09\/2154-3.jpg","type":"image\/jpeg"}],"twitter_card":"summary_large_image","twitter_misc":{"Dur\u00e9e de lecture estim\u00e9e":"1 minute"},"schema":{"@context":"https:\/\/schema.org","@graph":[{"@type":"WebPage","@id":"https:\/\/alimentsamga.com\/fr\/produit\/bifteck-de-cotes-vieilli-aaa\/","url":"https:\/\/alimentsamga.com\/fr\/produit\/bifteck-de-cotes-vieilli-aaa\/","name":"Bifteck de c\u00f4tes vieilli AAA","isPartOf":{"@id":"https:\/\/alimentsamga.com\/fr\/#website"},"primaryImageOfPage":{"@id":"https:\/\/alimentsamga.com\/fr\/produit\/bifteck-de-cotes-vieilli-aaa\/#primaryimage"},"image":{"@id":"https:\/\/alimentsamga.com\/fr\/produit\/bifteck-de-cotes-vieilli-aaa\/#primaryimage"},"thumbnailUrl":"https:\/\/alimentsamga.com\/wp-content\/uploads\/2020\/09\/2154-3.jpg","datePublished":"2020-09-08T00:16:28+00:00","dateModified":"2025-12-24T14:21:36+00:00","description":"Achetez la Bifteck de c\u00f4tes vieilli AAA, provenant de fermes canadiennes locales. Savourez un boeuf tendre et savoureux, livr\u00e9 frais \u00e0 votre porte.","breadcrumb":{"@id":"https:\/\/alimentsamga.com\/fr\/produit\/bifteck-de-cotes-vieilli-aaa\/#breadcrumb"},"inLanguage":"fr-FR","potentialAction":[{"@type":"ReadAction","target":["https:\/\/alimentsamga.com\/fr\/produit\/bifteck-de-cotes-vieilli-aaa\/"]}]},{"@type":"ImageObject","inLanguage":"fr-FR","@id":"https:\/\/alimentsamga.com\/fr\/produit\/bifteck-de-cotes-vieilli-aaa\/#primaryimage","url":"https:\/\/alimentsamga.com\/wp-content\/uploads\/2020\/09\/2154-3.jpg","contentUrl":"https:\/\/alimentsamga.com\/wp-content\/uploads\/2020\/09\/2154-3.jpg","width":857,"height":480,"caption":"AAA Aged Rib Steak"},{"@type":"BreadcrumbList","@id":"https:\/\/alimentsamga.com\/fr\/produit\/bifteck-de-cotes-vieilli-aaa\/#breadcrumb","itemListElement":[{"@type":"ListItem","position":1,"name":"Home","item":"https:\/\/alimentsamga.com\/fr\/"},{"@type":"ListItem","position":2,"name":"Boutique","item":"https:\/\/alimentsamga.com\/fr\/boutique\/"},{"@type":"ListItem","position":3,"name":"Bifteck de c\u00f4tes vieilli AAA"}]},{"@type":"WebSite","@id":"https:\/\/alimentsamga.com\/fr\/#website","url":"https:\/\/alimentsamga.com\/fr\/","name":"AMGA","description":"Aliments Amga","publisher":{"@id":"https:\/\/alimentsamga.com\/fr\/#organization"},"potentialAction":[{"@type":"SearchAction","target":{"@type":"EntryPoint","urlTemplate":"https:\/\/alimentsamga.com\/fr\/?s={search_term_string}"},"query-input":{"@type":"PropertyValueSpecification","valueRequired":true,"valueName":"search_term_string"}}],"inLanguage":"fr-FR"},{"@type":"Organization","@id":"https:\/\/alimentsamga.com\/fr\/#organization","name":"AMGA","url":"https:\/\/alimentsamga.com\/fr\/","logo":{"@type":"ImageObject","inLanguage":"fr-FR","@id":"https:\/\/alimentsamga.com\/fr\/#\/schema\/logo\/image\/","url":"https:\/\/alimentsamga.com\/wp-content\/uploads\/2020\/11\/amgachezvous-logo-blue-e1619460460184.png","contentUrl":"https:\/\/alimentsamga.com\/wp-content\/uploads\/2020\/11\/amgachezvous-logo-blue-e1619460460184.png","width":131,"height":80,"caption":"AMGA"},"image":{"@id":"https:\/\/alimentsamga.com\/fr\/#\/schema\/logo\/image\/"},"sameAs":["https:\/\/www.instagram.com\/aliments.amga\/?hl=en"]}]}},"_links":{"self":[{"href":"https:\/\/alimentsamga.com\/fr\/wp-json\/wp\/v2\/product\/688","targetHints":{"allow":["GET"]}}],"collection":[{"href":"https:\/\/alimentsamga.com\/fr\/wp-json\/wp\/v2\/product"}],"about":[{"href":"https:\/\/alimentsamga.com\/fr\/wp-json\/wp\/v2\/types\/product"}],"replies":[{"embeddable":true,"href":"https:\/\/alimentsamga.com\/fr\/wp-json\/wp\/v2\/comments?post=688"}],"wp:featuredmedia":[{"embeddable":true,"href":"https:\/\/alimentsamga.com\/fr\/wp-json\/wp\/v2\/media\/10315"}],"wp:attachment":[{"href":"https:\/\/alimentsamga.com\/fr\/wp-json\/wp\/v2\/media?parent=688"}],"wp:term":[{"taxonomy":"product_brand","embeddable":true,"href":"https:\/\/alimentsamga.com\/fr\/wp-json\/wp\/v2\/product_brand?post=688"},{"taxonomy":"product_cat","embeddable":true,"href":"https:\/\/alimentsamga.com\/fr\/wp-json\/wp\/v2\/product_cat?post=688"},{"taxonomy":"product_tag","embeddable":true,"href":"https:\/\/alimentsamga.com\/fr\/wp-json\/wp\/v2\/product_tag?post=688"}],"curies":[{"name":"wp","href":"https:\/\/api.w.org\/{rel}","templated":true}]}}