{"id":6612,"date":"2022-02-16T16:48:56","date_gmt":"2022-02-16T21:50:32","guid":{"rendered":"https:\/\/alimentsamga.com\/?post_type=product&#038;p=6612"},"modified":"2025-03-11T11:28:22","modified_gmt":"2025-03-11T15:28:22","slug":"crevette-popcorn","status":"publish","type":"product","link":"https:\/\/alimentsamga.com\/fr\/produit\/crevette-popcorn\/","title":{"rendered":"Crevette popcorn"},"content":{"rendered":"<p data-start=\"1090\" data-end=\"1403\">Envie d&rsquo;un repas de fruits de mer rapide et d\u00e9licieux? Nos crevettes popcorn High Liner Foods \u00e0 vendre offrent 3lbs (1.36 kilograms) de crevettes parfaitement assaisonn\u00e9es, croustillantes et tendres. Surgel\u00e9es pour pr\u00e9server la fra\u00eecheur, elles sont id\u00e9ales pour des repas rapides ou de derni\u00e8re minute.<\/p>\n<p data-start=\"1405\" data-end=\"1789\">Ces Crevettes Popcorn \u00e0 Vendre sont croustillantes \u00e0 l&rsquo;ext\u00e9rieur et tendres \u00e0 l&rsquo;int\u00e9rieur, offrant une texture satisfaisante \u00e0 chaque bouch\u00e9e. Parfaites pour la friture rapide, la cuisson au four ou m\u00eame ajout\u00e9es \u00e0 vos plats pr\u00e9f\u00e9r\u00e9s, ces crevettes populaires apportent commodit\u00e9 et saveur \u00e0 votre cuisine. Achetez-les d\u00e8s aujourd&rsquo;hui et profitez d&rsquo;une exp\u00e9rience de fruits de mer sans tracas!<\/p>\n<p>Consultez nos <a href=\"https:\/\/alimentsamga.com\/fr\/categorie-produit\/fruits-de-mer\/\">autres produits de la mer ici.<\/a><\/p>\n","protected":false},"excerpt":{"rendered":"Marque: High Liner Foods\r\n\r\n3lbs\r\nCongel\u00e9","protected":false},"featured_media":10644,"comment_status":"closed","ping_status":"closed","template":"","meta":{"content-type":""},"product_brand":[],"product_cat":[97,150],"product_tag":[453],"class_list":{"0":"post-6612","1":"product","2":"type-product","3":"status-publish","4":"has-post-thumbnail","6":"product_cat-fruits-de-mer","7":"product_cat-nouveau","8":"product_tag-seafood-fr","10":"first","11":"instock","12":"shipping-taxable","13":"purchasable","14":"product-type-simple"},"bundle_layout":"","bundle_add_to_cart_form_location":"","bundle_editable_in_cart":false,"bundle_sold_individually_context":"","bundle_item_grouping":"","bundle_min_size":"","bundle_max_size":"","bundled_by":[],"bundled_items":[],"yoast_head":"<!-- This site is optimized with the Yoast SEO plugin v27.3 - https:\/\/yoast.com\/product\/yoast-seo-wordpress\/ -->\n<title>Crevettes Popcorn \u00e0 Vendre<\/title>\n<meta name=\"description\" content=\"Achetez des crevettes popcorn High Liner Foods \u00e0 vendre ! 3lbs de crevettes parfaitement assaisonn\u00e9es, croustillantes et tendres, congel\u00e9es pour une fra\u00eecheur ultime.\" \/>\n<meta name=\"robots\" content=\"index, follow, max-snippet:-1, max-image-preview:large, max-video-preview:-1\" \/>\n<link rel=\"canonical\" href=\"https:\/\/alimentsamga.com\/fr\/produit\/crevette-popcorn\/\" \/>\n<meta property=\"og:locale\" content=\"fr_FR\" \/>\n<meta property=\"og:type\" content=\"article\" \/>\n<meta property=\"og:title\" content=\"Crevettes Popcorn \u00e0 Vendre\" \/>\n<meta property=\"og:description\" content=\"Achetez des crevettes popcorn High Liner Foods \u00e0 vendre ! 3lbs de crevettes parfaitement assaisonn\u00e9es, croustillantes et tendres, congel\u00e9es pour une fra\u00eecheur ultime.\" \/>\n<meta property=\"og:url\" content=\"https:\/\/alimentsamga.com\/fr\/produit\/crevette-popcorn\/\" \/>\n<meta property=\"og:site_name\" content=\"AMGA\" \/>\n<meta property=\"article:modified_time\" content=\"2025-03-11T15:28:22+00:00\" \/>\n<meta property=\"og:image\" content=\"https:\/\/alimentsamga.com\/wp-content\/uploads\/2022\/02\/Popcorn-shrimp-3.jpg\" \/>\n\t<meta property=\"og:image:width\" content=\"720\" \/>\n\t<meta property=\"og:image:height\" content=\"480\" \/>\n\t<meta property=\"og:image:type\" content=\"image\/jpeg\" \/>\n<meta name=\"twitter:card\" content=\"summary_large_image\" \/>\n<meta name=\"twitter:label1\" content=\"Dur\u00e9e de lecture estim\u00e9e\" \/>\n\t<meta name=\"twitter:data1\" content=\"1 minute\" \/>\n<script type=\"application\/ld+json\" class=\"yoast-schema-graph\">{\"@context\":\"https:\\\/\\\/schema.org\",\"@graph\":[{\"@type\":\"WebPage\",\"@id\":\"https:\\\/\\\/alimentsamga.com\\\/fr\\\/produit\\\/crevette-popcorn\\\/\",\"url\":\"https:\\\/\\\/alimentsamga.com\\\/fr\\\/produit\\\/crevette-popcorn\\\/\",\"name\":\"Crevettes Popcorn \u00e0 Vendre\",\"isPartOf\":{\"@id\":\"https:\\\/\\\/alimentsamga.com\\\/fr\\\/#website\"},\"primaryImageOfPage\":{\"@id\":\"https:\\\/\\\/alimentsamga.com\\\/fr\\\/produit\\\/crevette-popcorn\\\/#primaryimage\"},\"image\":{\"@id\":\"https:\\\/\\\/alimentsamga.com\\\/fr\\\/produit\\\/crevette-popcorn\\\/#primaryimage\"},\"thumbnailUrl\":\"https:\\\/\\\/alimentsamga.com\\\/wp-content\\\/uploads\\\/2022\\\/02\\\/Popcorn-shrimp-3.jpg\",\"datePublished\":\"2022-02-16T21:50:32+00:00\",\"dateModified\":\"2025-03-11T15:28:22+00:00\",\"description\":\"Achetez des crevettes popcorn High Liner Foods \u00e0 vendre ! 3lbs de crevettes parfaitement assaisonn\u00e9es, croustillantes et tendres, congel\u00e9es pour une fra\u00eecheur ultime.\",\"breadcrumb\":{\"@id\":\"https:\\\/\\\/alimentsamga.com\\\/fr\\\/produit\\\/crevette-popcorn\\\/#breadcrumb\"},\"inLanguage\":\"fr-FR\",\"potentialAction\":[{\"@type\":\"ReadAction\",\"target\":[\"https:\\\/\\\/alimentsamga.com\\\/fr\\\/produit\\\/crevette-popcorn\\\/\"]}]},{\"@type\":\"ImageObject\",\"inLanguage\":\"fr-FR\",\"@id\":\"https:\\\/\\\/alimentsamga.com\\\/fr\\\/produit\\\/crevette-popcorn\\\/#primaryimage\",\"url\":\"https:\\\/\\\/alimentsamga.com\\\/wp-content\\\/uploads\\\/2022\\\/02\\\/Popcorn-shrimp-3.jpg\",\"contentUrl\":\"https:\\\/\\\/alimentsamga.com\\\/wp-content\\\/uploads\\\/2022\\\/02\\\/Popcorn-shrimp-3.jpg\",\"width\":720,\"height\":480,\"caption\":\"Popcorn Shrimp for Sale\"},{\"@type\":\"BreadcrumbList\",\"@id\":\"https:\\\/\\\/alimentsamga.com\\\/fr\\\/produit\\\/crevette-popcorn\\\/#breadcrumb\",\"itemListElement\":[{\"@type\":\"ListItem\",\"position\":1,\"name\":\"Home\",\"item\":\"https:\\\/\\\/alimentsamga.com\\\/fr\\\/\"},{\"@type\":\"ListItem\",\"position\":2,\"name\":\"Boutique\",\"item\":\"https:\\\/\\\/alimentsamga.com\\\/fr\\\/boutique\\\/\"},{\"@type\":\"ListItem\",\"position\":3,\"name\":\"Crevette popcorn\"}]},{\"@type\":\"WebSite\",\"@id\":\"https:\\\/\\\/alimentsamga.com\\\/fr\\\/#website\",\"url\":\"https:\\\/\\\/alimentsamga.com\\\/fr\\\/\",\"name\":\"AMGA\",\"description\":\"Aliments Amga\",\"publisher\":{\"@id\":\"https:\\\/\\\/alimentsamga.com\\\/fr\\\/#organization\"},\"potentialAction\":[{\"@type\":\"SearchAction\",\"target\":{\"@type\":\"EntryPoint\",\"urlTemplate\":\"https:\\\/\\\/alimentsamga.com\\\/fr\\\/?s={search_term_string}\"},\"query-input\":{\"@type\":\"PropertyValueSpecification\",\"valueRequired\":true,\"valueName\":\"search_term_string\"}}],\"inLanguage\":\"fr-FR\"},{\"@type\":\"Organization\",\"@id\":\"https:\\\/\\\/alimentsamga.com\\\/fr\\\/#organization\",\"name\":\"AMGA\",\"url\":\"https:\\\/\\\/alimentsamga.com\\\/fr\\\/\",\"logo\":{\"@type\":\"ImageObject\",\"inLanguage\":\"fr-FR\",\"@id\":\"https:\\\/\\\/alimentsamga.com\\\/fr\\\/#\\\/schema\\\/logo\\\/image\\\/\",\"url\":\"https:\\\/\\\/alimentsamga.com\\\/wp-content\\\/uploads\\\/2020\\\/11\\\/amgachezvous-logo-blue-e1619460460184.png\",\"contentUrl\":\"https:\\\/\\\/alimentsamga.com\\\/wp-content\\\/uploads\\\/2020\\\/11\\\/amgachezvous-logo-blue-e1619460460184.png\",\"width\":131,\"height\":80,\"caption\":\"AMGA\"},\"image\":{\"@id\":\"https:\\\/\\\/alimentsamga.com\\\/fr\\\/#\\\/schema\\\/logo\\\/image\\\/\"},\"sameAs\":[\"https:\\\/\\\/www.instagram.com\\\/aliments.amga\\\/?hl=en\"]}]}<\/script>\n<!-- \/ Yoast SEO plugin. -->","yoast_head_json":{"title":"Crevettes Popcorn \u00e0 Vendre","description":"Achetez des crevettes popcorn High Liner Foods \u00e0 vendre ! 3lbs de crevettes parfaitement assaisonn\u00e9es, croustillantes et tendres, congel\u00e9es pour une fra\u00eecheur ultime.","robots":{"index":"index","follow":"follow","max-snippet":"max-snippet:-1","max-image-preview":"max-image-preview:large","max-video-preview":"max-video-preview:-1"},"canonical":"https:\/\/alimentsamga.com\/fr\/produit\/crevette-popcorn\/","og_locale":"fr_FR","og_type":"article","og_title":"Crevettes Popcorn \u00e0 Vendre","og_description":"Achetez des crevettes popcorn High Liner Foods \u00e0 vendre ! 3lbs de crevettes parfaitement assaisonn\u00e9es, croustillantes et tendres, congel\u00e9es pour une fra\u00eecheur ultime.","og_url":"https:\/\/alimentsamga.com\/fr\/produit\/crevette-popcorn\/","og_site_name":"AMGA","article_modified_time":"2025-03-11T15:28:22+00:00","og_image":[{"width":720,"height":480,"url":"https:\/\/alimentsamga.com\/wp-content\/uploads\/2022\/02\/Popcorn-shrimp-3.jpg","type":"image\/jpeg"}],"twitter_card":"summary_large_image","twitter_misc":{"Dur\u00e9e de lecture estim\u00e9e":"1 minute"},"schema":{"@context":"https:\/\/schema.org","@graph":[{"@type":"WebPage","@id":"https:\/\/alimentsamga.com\/fr\/produit\/crevette-popcorn\/","url":"https:\/\/alimentsamga.com\/fr\/produit\/crevette-popcorn\/","name":"Crevettes Popcorn \u00e0 Vendre","isPartOf":{"@id":"https:\/\/alimentsamga.com\/fr\/#website"},"primaryImageOfPage":{"@id":"https:\/\/alimentsamga.com\/fr\/produit\/crevette-popcorn\/#primaryimage"},"image":{"@id":"https:\/\/alimentsamga.com\/fr\/produit\/crevette-popcorn\/#primaryimage"},"thumbnailUrl":"https:\/\/alimentsamga.com\/wp-content\/uploads\/2022\/02\/Popcorn-shrimp-3.jpg","datePublished":"2022-02-16T21:50:32+00:00","dateModified":"2025-03-11T15:28:22+00:00","description":"Achetez des crevettes popcorn High Liner Foods \u00e0 vendre ! 3lbs de crevettes parfaitement assaisonn\u00e9es, croustillantes et tendres, congel\u00e9es pour une fra\u00eecheur ultime.","breadcrumb":{"@id":"https:\/\/alimentsamga.com\/fr\/produit\/crevette-popcorn\/#breadcrumb"},"inLanguage":"fr-FR","potentialAction":[{"@type":"ReadAction","target":["https:\/\/alimentsamga.com\/fr\/produit\/crevette-popcorn\/"]}]},{"@type":"ImageObject","inLanguage":"fr-FR","@id":"https:\/\/alimentsamga.com\/fr\/produit\/crevette-popcorn\/#primaryimage","url":"https:\/\/alimentsamga.com\/wp-content\/uploads\/2022\/02\/Popcorn-shrimp-3.jpg","contentUrl":"https:\/\/alimentsamga.com\/wp-content\/uploads\/2022\/02\/Popcorn-shrimp-3.jpg","width":720,"height":480,"caption":"Popcorn Shrimp for Sale"},{"@type":"BreadcrumbList","@id":"https:\/\/alimentsamga.com\/fr\/produit\/crevette-popcorn\/#breadcrumb","itemListElement":[{"@type":"ListItem","position":1,"name":"Home","item":"https:\/\/alimentsamga.com\/fr\/"},{"@type":"ListItem","position":2,"name":"Boutique","item":"https:\/\/alimentsamga.com\/fr\/boutique\/"},{"@type":"ListItem","position":3,"name":"Crevette popcorn"}]},{"@type":"WebSite","@id":"https:\/\/alimentsamga.com\/fr\/#website","url":"https:\/\/alimentsamga.com\/fr\/","name":"AMGA","description":"Aliments Amga","publisher":{"@id":"https:\/\/alimentsamga.com\/fr\/#organization"},"potentialAction":[{"@type":"SearchAction","target":{"@type":"EntryPoint","urlTemplate":"https:\/\/alimentsamga.com\/fr\/?s={search_term_string}"},"query-input":{"@type":"PropertyValueSpecification","valueRequired":true,"valueName":"search_term_string"}}],"inLanguage":"fr-FR"},{"@type":"Organization","@id":"https:\/\/alimentsamga.com\/fr\/#organization","name":"AMGA","url":"https:\/\/alimentsamga.com\/fr\/","logo":{"@type":"ImageObject","inLanguage":"fr-FR","@id":"https:\/\/alimentsamga.com\/fr\/#\/schema\/logo\/image\/","url":"https:\/\/alimentsamga.com\/wp-content\/uploads\/2020\/11\/amgachezvous-logo-blue-e1619460460184.png","contentUrl":"https:\/\/alimentsamga.com\/wp-content\/uploads\/2020\/11\/amgachezvous-logo-blue-e1619460460184.png","width":131,"height":80,"caption":"AMGA"},"image":{"@id":"https:\/\/alimentsamga.com\/fr\/#\/schema\/logo\/image\/"},"sameAs":["https:\/\/www.instagram.com\/aliments.amga\/?hl=en"]}]}},"_links":{"self":[{"href":"https:\/\/alimentsamga.com\/fr\/wp-json\/wp\/v2\/product\/6612","targetHints":{"allow":["GET"]}}],"collection":[{"href":"https:\/\/alimentsamga.com\/fr\/wp-json\/wp\/v2\/product"}],"about":[{"href":"https:\/\/alimentsamga.com\/fr\/wp-json\/wp\/v2\/types\/product"}],"replies":[{"embeddable":true,"href":"https:\/\/alimentsamga.com\/fr\/wp-json\/wp\/v2\/comments?post=6612"}],"wp:featuredmedia":[{"embeddable":true,"href":"https:\/\/alimentsamga.com\/fr\/wp-json\/wp\/v2\/media\/10644"}],"wp:attachment":[{"href":"https:\/\/alimentsamga.com\/fr\/wp-json\/wp\/v2\/media?parent=6612"}],"wp:term":[{"taxonomy":"product_brand","embeddable":true,"href":"https:\/\/alimentsamga.com\/fr\/wp-json\/wp\/v2\/product_brand?post=6612"},{"taxonomy":"product_cat","embeddable":true,"href":"https:\/\/alimentsamga.com\/fr\/wp-json\/wp\/v2\/product_cat?post=6612"},{"taxonomy":"product_tag","embeddable":true,"href":"https:\/\/alimentsamga.com\/fr\/wp-json\/wp\/v2\/product_tag?post=6612"}],"curies":[{"name":"wp","href":"https:\/\/api.w.org\/{rel}","templated":true}]}}