{"id":6605,"date":"2022-02-16T16:33:04","date_gmt":"2022-02-16T21:37:52","guid":{"rendered":"https:\/\/alimentsamga.com\/?post_type=product&#038;p=6605"},"modified":"2025-03-11T11:31:21","modified_gmt":"2025-03-11T15:31:21","slug":"thon-ahi-saisi","status":"publish","type":"product","link":"https:\/\/alimentsamga.com\/fr\/produit\/thon-ahi-saisi\/","title":{"rendered":"Thon Ahi saisi"},"content":{"rendered":"<p data-start=\"1046\" data-end=\"1394\">Vous cherchez une option de fruits de mer savoureuse? Notre thon Ahi saisi \u00e0 vendre propose des blocs de 3 oz (85.05 grams) de thon premium, de qualit\u00e9 sashimi, assaisonn\u00e9s de poivre noir concass\u00e9 et d&rsquo;ail, puis saisis \u00e0 la perfection. Surgel\u00e9 pour pr\u00e9server sa fra\u00eecheur, il est parfait pour les salades, les entr\u00e9es ou un plat l\u00e9ger.<\/p>\n<p data-start=\"1396\" data-end=\"1688\">Ce thon de haute qualit\u00e9 offre un \u00e9quilibre parfait entre tendret\u00e9 et saveur intense. Que vous l\u2019ajoutiez en garniture sur une salade ou le serviez en entr\u00e9e, il impressionnera \u00e0 coup s\u00fbr. Achetez du thon Ahi saisi d\u00e8s aujourd&rsquo;hui pour un plat de fruits de mer d\u00e9licieux et facile \u00e0 pr\u00e9parer!<\/p>\n<p>Consultez nos <a href=\"https:\/\/alimentsamga.com\/fr\/categorie-produit\/fruits-de-mer\/\">autres produits de la mer ici.<\/a><\/p>\n","protected":false},"excerpt":{"rendered":"Marque: Anova\r\n\r\n3oz chaque\r\nCongel\u00e9","protected":false},"featured_media":10587,"comment_status":"closed","ping_status":"closed","template":"","meta":{"content-type":""},"product_brand":[],"product_cat":[97,150],"product_tag":[],"class_list":{"0":"post-6605","1":"product","2":"type-product","3":"status-publish","4":"has-post-thumbnail","6":"product_cat-fruits-de-mer","7":"product_cat-nouveau","9":"first","10":"instock","11":"purchasable","12":"product-type-simple"},"bundle_layout":"","bundle_add_to_cart_form_location":"","bundle_editable_in_cart":false,"bundle_sold_individually_context":"","bundle_item_grouping":"","bundle_min_size":"","bundle_max_size":"","bundled_by":[],"bundled_items":[],"yoast_head":"<!-- This site is optimized with the Yoast SEO plugin v27.3 - https:\/\/yoast.com\/product\/yoast-seo-wordpress\/ -->\n<title>Thon Ahi Saisi \u00e0 Vendre - AMGA<\/title>\n<meta name=\"description\" content=\"Achetez du thon Ahi saisi \u00e0 vendre ! Thon de qualit\u00e9 premium, grade sashimi, assaisonn\u00e9 de poivre noir et d&#039;ail, congel\u00e9 pour garantir sa fra\u00eecheur.\" \/>\n<meta name=\"robots\" content=\"index, follow, max-snippet:-1, max-image-preview:large, max-video-preview:-1\" \/>\n<link rel=\"canonical\" href=\"https:\/\/alimentsamga.com\/fr\/produit\/thon-ahi-saisi\/\" \/>\n<meta property=\"og:locale\" content=\"fr_FR\" \/>\n<meta property=\"og:type\" content=\"article\" \/>\n<meta property=\"og:title\" content=\"Thon Ahi Saisi \u00e0 Vendre - AMGA\" \/>\n<meta property=\"og:description\" content=\"Achetez du thon Ahi saisi \u00e0 vendre ! Thon de qualit\u00e9 premium, grade sashimi, assaisonn\u00e9 de poivre noir et d&#039;ail, congel\u00e9 pour garantir sa fra\u00eecheur.\" \/>\n<meta property=\"og:url\" content=\"https:\/\/alimentsamga.com\/fr\/produit\/thon-ahi-saisi\/\" \/>\n<meta property=\"og:site_name\" content=\"AMGA\" \/>\n<meta property=\"article:modified_time\" content=\"2025-03-11T15:31:21+00:00\" \/>\n<meta property=\"og:image\" content=\"https:\/\/alimentsamga.com\/wp-content\/uploads\/2022\/02\/8510-2.jpg\" \/>\n\t<meta property=\"og:image:width\" content=\"720\" \/>\n\t<meta property=\"og:image:height\" content=\"480\" \/>\n\t<meta property=\"og:image:type\" content=\"image\/jpeg\" \/>\n<meta name=\"twitter:card\" content=\"summary_large_image\" \/>\n<meta name=\"twitter:label1\" content=\"Dur\u00e9e de lecture estim\u00e9e\" \/>\n\t<meta name=\"twitter:data1\" content=\"1 minute\" \/>\n<script type=\"application\/ld+json\" class=\"yoast-schema-graph\">{\"@context\":\"https:\\\/\\\/schema.org\",\"@graph\":[{\"@type\":\"WebPage\",\"@id\":\"https:\\\/\\\/alimentsamga.com\\\/fr\\\/produit\\\/thon-ahi-saisi\\\/\",\"url\":\"https:\\\/\\\/alimentsamga.com\\\/fr\\\/produit\\\/thon-ahi-saisi\\\/\",\"name\":\"Thon Ahi Saisi \u00e0 Vendre - AMGA\",\"isPartOf\":{\"@id\":\"https:\\\/\\\/alimentsamga.com\\\/fr\\\/#website\"},\"primaryImageOfPage\":{\"@id\":\"https:\\\/\\\/alimentsamga.com\\\/fr\\\/produit\\\/thon-ahi-saisi\\\/#primaryimage\"},\"image\":{\"@id\":\"https:\\\/\\\/alimentsamga.com\\\/fr\\\/produit\\\/thon-ahi-saisi\\\/#primaryimage\"},\"thumbnailUrl\":\"https:\\\/\\\/alimentsamga.com\\\/wp-content\\\/uploads\\\/2022\\\/02\\\/8510-2.jpg\",\"datePublished\":\"2022-02-16T21:37:52+00:00\",\"dateModified\":\"2025-03-11T15:31:21+00:00\",\"description\":\"Achetez du thon Ahi saisi \u00e0 vendre ! Thon de qualit\u00e9 premium, grade sashimi, assaisonn\u00e9 de poivre noir et d'ail, congel\u00e9 pour garantir sa fra\u00eecheur.\",\"breadcrumb\":{\"@id\":\"https:\\\/\\\/alimentsamga.com\\\/fr\\\/produit\\\/thon-ahi-saisi\\\/#breadcrumb\"},\"inLanguage\":\"fr-FR\",\"potentialAction\":[{\"@type\":\"ReadAction\",\"target\":[\"https:\\\/\\\/alimentsamga.com\\\/fr\\\/produit\\\/thon-ahi-saisi\\\/\"]}]},{\"@type\":\"ImageObject\",\"inLanguage\":\"fr-FR\",\"@id\":\"https:\\\/\\\/alimentsamga.com\\\/fr\\\/produit\\\/thon-ahi-saisi\\\/#primaryimage\",\"url\":\"https:\\\/\\\/alimentsamga.com\\\/wp-content\\\/uploads\\\/2022\\\/02\\\/8510-2.jpg\",\"contentUrl\":\"https:\\\/\\\/alimentsamga.com\\\/wp-content\\\/uploads\\\/2022\\\/02\\\/8510-2.jpg\",\"width\":720,\"height\":480,\"caption\":\"Seared Ahi Tuna for Sale\"},{\"@type\":\"BreadcrumbList\",\"@id\":\"https:\\\/\\\/alimentsamga.com\\\/fr\\\/produit\\\/thon-ahi-saisi\\\/#breadcrumb\",\"itemListElement\":[{\"@type\":\"ListItem\",\"position\":1,\"name\":\"Home\",\"item\":\"https:\\\/\\\/alimentsamga.com\\\/fr\\\/\"},{\"@type\":\"ListItem\",\"position\":2,\"name\":\"Boutique\",\"item\":\"https:\\\/\\\/alimentsamga.com\\\/fr\\\/boutique\\\/\"},{\"@type\":\"ListItem\",\"position\":3,\"name\":\"Thon Ahi saisi\"}]},{\"@type\":\"WebSite\",\"@id\":\"https:\\\/\\\/alimentsamga.com\\\/fr\\\/#website\",\"url\":\"https:\\\/\\\/alimentsamga.com\\\/fr\\\/\",\"name\":\"AMGA\",\"description\":\"Aliments Amga\",\"publisher\":{\"@id\":\"https:\\\/\\\/alimentsamga.com\\\/fr\\\/#organization\"},\"potentialAction\":[{\"@type\":\"SearchAction\",\"target\":{\"@type\":\"EntryPoint\",\"urlTemplate\":\"https:\\\/\\\/alimentsamga.com\\\/fr\\\/?s={search_term_string}\"},\"query-input\":{\"@type\":\"PropertyValueSpecification\",\"valueRequired\":true,\"valueName\":\"search_term_string\"}}],\"inLanguage\":\"fr-FR\"},{\"@type\":\"Organization\",\"@id\":\"https:\\\/\\\/alimentsamga.com\\\/fr\\\/#organization\",\"name\":\"AMGA\",\"url\":\"https:\\\/\\\/alimentsamga.com\\\/fr\\\/\",\"logo\":{\"@type\":\"ImageObject\",\"inLanguage\":\"fr-FR\",\"@id\":\"https:\\\/\\\/alimentsamga.com\\\/fr\\\/#\\\/schema\\\/logo\\\/image\\\/\",\"url\":\"https:\\\/\\\/alimentsamga.com\\\/wp-content\\\/uploads\\\/2020\\\/11\\\/amgachezvous-logo-blue-e1619460460184.png\",\"contentUrl\":\"https:\\\/\\\/alimentsamga.com\\\/wp-content\\\/uploads\\\/2020\\\/11\\\/amgachezvous-logo-blue-e1619460460184.png\",\"width\":131,\"height\":80,\"caption\":\"AMGA\"},\"image\":{\"@id\":\"https:\\\/\\\/alimentsamga.com\\\/fr\\\/#\\\/schema\\\/logo\\\/image\\\/\"},\"sameAs\":[\"https:\\\/\\\/www.instagram.com\\\/aliments.amga\\\/?hl=en\"]}]}<\/script>\n<!-- \/ Yoast SEO plugin. -->","yoast_head_json":{"title":"Thon Ahi Saisi \u00e0 Vendre - AMGA","description":"Achetez du thon Ahi saisi \u00e0 vendre ! Thon de qualit\u00e9 premium, grade sashimi, assaisonn\u00e9 de poivre noir et d'ail, congel\u00e9 pour garantir sa fra\u00eecheur.","robots":{"index":"index","follow":"follow","max-snippet":"max-snippet:-1","max-image-preview":"max-image-preview:large","max-video-preview":"max-video-preview:-1"},"canonical":"https:\/\/alimentsamga.com\/fr\/produit\/thon-ahi-saisi\/","og_locale":"fr_FR","og_type":"article","og_title":"Thon Ahi Saisi \u00e0 Vendre - AMGA","og_description":"Achetez du thon Ahi saisi \u00e0 vendre ! Thon de qualit\u00e9 premium, grade sashimi, assaisonn\u00e9 de poivre noir et d'ail, congel\u00e9 pour garantir sa fra\u00eecheur.","og_url":"https:\/\/alimentsamga.com\/fr\/produit\/thon-ahi-saisi\/","og_site_name":"AMGA","article_modified_time":"2025-03-11T15:31:21+00:00","og_image":[{"width":720,"height":480,"url":"https:\/\/alimentsamga.com\/wp-content\/uploads\/2022\/02\/8510-2.jpg","type":"image\/jpeg"}],"twitter_card":"summary_large_image","twitter_misc":{"Dur\u00e9e de lecture estim\u00e9e":"1 minute"},"schema":{"@context":"https:\/\/schema.org","@graph":[{"@type":"WebPage","@id":"https:\/\/alimentsamga.com\/fr\/produit\/thon-ahi-saisi\/","url":"https:\/\/alimentsamga.com\/fr\/produit\/thon-ahi-saisi\/","name":"Thon Ahi Saisi \u00e0 Vendre - AMGA","isPartOf":{"@id":"https:\/\/alimentsamga.com\/fr\/#website"},"primaryImageOfPage":{"@id":"https:\/\/alimentsamga.com\/fr\/produit\/thon-ahi-saisi\/#primaryimage"},"image":{"@id":"https:\/\/alimentsamga.com\/fr\/produit\/thon-ahi-saisi\/#primaryimage"},"thumbnailUrl":"https:\/\/alimentsamga.com\/wp-content\/uploads\/2022\/02\/8510-2.jpg","datePublished":"2022-02-16T21:37:52+00:00","dateModified":"2025-03-11T15:31:21+00:00","description":"Achetez du thon Ahi saisi \u00e0 vendre ! Thon de qualit\u00e9 premium, grade sashimi, assaisonn\u00e9 de poivre noir et d'ail, congel\u00e9 pour garantir sa fra\u00eecheur.","breadcrumb":{"@id":"https:\/\/alimentsamga.com\/fr\/produit\/thon-ahi-saisi\/#breadcrumb"},"inLanguage":"fr-FR","potentialAction":[{"@type":"ReadAction","target":["https:\/\/alimentsamga.com\/fr\/produit\/thon-ahi-saisi\/"]}]},{"@type":"ImageObject","inLanguage":"fr-FR","@id":"https:\/\/alimentsamga.com\/fr\/produit\/thon-ahi-saisi\/#primaryimage","url":"https:\/\/alimentsamga.com\/wp-content\/uploads\/2022\/02\/8510-2.jpg","contentUrl":"https:\/\/alimentsamga.com\/wp-content\/uploads\/2022\/02\/8510-2.jpg","width":720,"height":480,"caption":"Seared Ahi Tuna for Sale"},{"@type":"BreadcrumbList","@id":"https:\/\/alimentsamga.com\/fr\/produit\/thon-ahi-saisi\/#breadcrumb","itemListElement":[{"@type":"ListItem","position":1,"name":"Home","item":"https:\/\/alimentsamga.com\/fr\/"},{"@type":"ListItem","position":2,"name":"Boutique","item":"https:\/\/alimentsamga.com\/fr\/boutique\/"},{"@type":"ListItem","position":3,"name":"Thon Ahi saisi"}]},{"@type":"WebSite","@id":"https:\/\/alimentsamga.com\/fr\/#website","url":"https:\/\/alimentsamga.com\/fr\/","name":"AMGA","description":"Aliments Amga","publisher":{"@id":"https:\/\/alimentsamga.com\/fr\/#organization"},"potentialAction":[{"@type":"SearchAction","target":{"@type":"EntryPoint","urlTemplate":"https:\/\/alimentsamga.com\/fr\/?s={search_term_string}"},"query-input":{"@type":"PropertyValueSpecification","valueRequired":true,"valueName":"search_term_string"}}],"inLanguage":"fr-FR"},{"@type":"Organization","@id":"https:\/\/alimentsamga.com\/fr\/#organization","name":"AMGA","url":"https:\/\/alimentsamga.com\/fr\/","logo":{"@type":"ImageObject","inLanguage":"fr-FR","@id":"https:\/\/alimentsamga.com\/fr\/#\/schema\/logo\/image\/","url":"https:\/\/alimentsamga.com\/wp-content\/uploads\/2020\/11\/amgachezvous-logo-blue-e1619460460184.png","contentUrl":"https:\/\/alimentsamga.com\/wp-content\/uploads\/2020\/11\/amgachezvous-logo-blue-e1619460460184.png","width":131,"height":80,"caption":"AMGA"},"image":{"@id":"https:\/\/alimentsamga.com\/fr\/#\/schema\/logo\/image\/"},"sameAs":["https:\/\/www.instagram.com\/aliments.amga\/?hl=en"]}]}},"_links":{"self":[{"href":"https:\/\/alimentsamga.com\/fr\/wp-json\/wp\/v2\/product\/6605","targetHints":{"allow":["GET"]}}],"collection":[{"href":"https:\/\/alimentsamga.com\/fr\/wp-json\/wp\/v2\/product"}],"about":[{"href":"https:\/\/alimentsamga.com\/fr\/wp-json\/wp\/v2\/types\/product"}],"replies":[{"embeddable":true,"href":"https:\/\/alimentsamga.com\/fr\/wp-json\/wp\/v2\/comments?post=6605"}],"wp:featuredmedia":[{"embeddable":true,"href":"https:\/\/alimentsamga.com\/fr\/wp-json\/wp\/v2\/media\/10587"}],"wp:attachment":[{"href":"https:\/\/alimentsamga.com\/fr\/wp-json\/wp\/v2\/media?parent=6605"}],"wp:term":[{"taxonomy":"product_brand","embeddable":true,"href":"https:\/\/alimentsamga.com\/fr\/wp-json\/wp\/v2\/product_brand?post=6605"},{"taxonomy":"product_cat","embeddable":true,"href":"https:\/\/alimentsamga.com\/fr\/wp-json\/wp\/v2\/product_cat?post=6605"},{"taxonomy":"product_tag","embeddable":true,"href":"https:\/\/alimentsamga.com\/fr\/wp-json\/wp\/v2\/product_tag?post=6605"}],"curies":[{"name":"wp","href":"https:\/\/api.w.org\/{rel}","templated":true}]}}