{"id":6319,"date":"2022-01-27T16:26:43","date_gmt":"2022-01-27T21:26:43","guid":{"rendered":"https:\/\/alimentsamga.com\/?post_type=product&#038;p=6319"},"modified":"2026-04-07T08:50:24","modified_gmt":"2026-04-07T12:50:24","slug":"whole-brisket-cleaned","status":"publish","type":"product","link":"https:\/\/alimentsamga.com\/fr\/produit\/whole-brisket-cleaned\/","title":{"rendered":"Poitrine de Boeuf Enti\u00e8re Nettoy\u00e9e"},"content":{"rendered":"<p>Notre Poitrine de Boeuf Nettoy\u00e9e est une coupe premium offrant un \u00e9quilibre parfait entre saveur et tendret\u00e9. Pesant environ 6 kg (13.23 pounds) par pi\u00e8ce, cette poitrine sans os est id\u00e9ale pour fumer, cuire lentement ou pr\u00e9parer au BBQ.<\/p>\n<p data-start=\"1425\" data-end=\"1793\">Provenant directement de fermes canadiennes et nettoy\u00e9e \u00e0 la perfection, cette Poitrine de Boeuf Nettoy\u00e9e vous garantit une exp\u00e9rience juteuse et savoureuse. Que ce soit pour un grand repas en famille ou une occasion sp\u00e9ciale, elle promet un repas inoubliable. Sa coupe nettoy\u00e9e et sans os facilite la pr\u00e9paration, en faisant un choix parfait pour votre prochain chef-d&rsquo;\u0153uvre culinaire.<\/p>\n<p data-start=\"1425\" data-end=\"1793\">Consultez nos autres <a href=\"https:\/\/alimentsamga.com\/fr\/categorie-produit\/boeuf\/\">produits \u00e0 base de b\u0153uf ici.<\/a><\/p>\n","protected":false},"excerpt":{"rendered":"Environ 6kg \/ pi\u00e8ce\r\n\r\nNettoy\u00e9, d\u00e9soss\u00e9, frais","protected":false},"featured_media":10371,"comment_status":"closed","ping_status":"closed","template":"","meta":{"content-type":""},"product_brand":[],"product_cat":[58,150],"product_tag":[],"class_list":{"0":"post-6319","1":"product","2":"type-product","3":"status-publish","4":"has-post-thumbnail","6":"product_cat-boeuf","7":"product_cat-nouveau","9":"first","10":"instock","11":"shipping-taxable","12":"purchasable","13":"product-type-simple"},"bundle_layout":"","bundle_add_to_cart_form_location":"","bundle_editable_in_cart":false,"bundle_sold_individually_context":"","bundle_item_grouping":"","bundle_min_size":"","bundle_max_size":"","bundled_by":[],"bundled_items":[],"yoast_head":"<!-- This site is optimized with the Yoast SEO plugin v27.3 - https:\/\/yoast.com\/product\/yoast-seo-wordpress\/ -->\n<title>Poitrine de Boeuf Nettoy\u00e9e - AMGA<\/title>\n<meta name=\"description\" content=\"Achetez une Poitrine de Boeuf Nettoy\u00e9e \u2013 Sans os, fra\u00eeche et d&#039;environ 6 kg par pi\u00e8ce. Parfaite pour fumer, cuire lentement ou au BBQ.\" \/>\n<meta name=\"robots\" content=\"index, follow, max-snippet:-1, max-image-preview:large, max-video-preview:-1\" \/>\n<link rel=\"canonical\" href=\"https:\/\/alimentsamga.com\/fr\/produit\/whole-brisket-cleaned\/\" \/>\n<meta property=\"og:locale\" content=\"fr_FR\" \/>\n<meta property=\"og:type\" content=\"article\" \/>\n<meta property=\"og:title\" content=\"Poitrine de Boeuf Nettoy\u00e9e - AMGA\" \/>\n<meta property=\"og:description\" content=\"Achetez une Poitrine de Boeuf Nettoy\u00e9e \u2013 Sans os, fra\u00eeche et d&#039;environ 6 kg par pi\u00e8ce. Parfaite pour fumer, cuire lentement ou au BBQ.\" \/>\n<meta property=\"og:url\" content=\"https:\/\/alimentsamga.com\/fr\/produit\/whole-brisket-cleaned\/\" \/>\n<meta property=\"og:site_name\" content=\"AMGA\" \/>\n<meta property=\"article:modified_time\" content=\"2026-04-07T12:50:24+00:00\" \/>\n<meta property=\"og:image\" content=\"https:\/\/alimentsamga.com\/wp-content\/uploads\/2021\/07\/2191-3.jpg\" \/>\n\t<meta property=\"og:image:width\" content=\"720\" \/>\n\t<meta property=\"og:image:height\" content=\"480\" \/>\n\t<meta property=\"og:image:type\" content=\"image\/jpeg\" \/>\n<meta name=\"twitter:card\" content=\"summary_large_image\" \/>\n<meta name=\"twitter:label1\" content=\"Dur\u00e9e de lecture estim\u00e9e\" \/>\n\t<meta name=\"twitter:data1\" content=\"1 minute\" \/>\n<script type=\"application\/ld+json\" class=\"yoast-schema-graph\">{\"@context\":\"https:\\\/\\\/schema.org\",\"@graph\":[{\"@type\":\"WebPage\",\"@id\":\"https:\\\/\\\/alimentsamga.com\\\/fr\\\/produit\\\/whole-brisket-cleaned\\\/\",\"url\":\"https:\\\/\\\/alimentsamga.com\\\/fr\\\/produit\\\/whole-brisket-cleaned\\\/\",\"name\":\"Poitrine de Boeuf Nettoy\u00e9e - AMGA\",\"isPartOf\":{\"@id\":\"https:\\\/\\\/alimentsamga.com\\\/fr\\\/#website\"},\"primaryImageOfPage\":{\"@id\":\"https:\\\/\\\/alimentsamga.com\\\/fr\\\/produit\\\/whole-brisket-cleaned\\\/#primaryimage\"},\"image\":{\"@id\":\"https:\\\/\\\/alimentsamga.com\\\/fr\\\/produit\\\/whole-brisket-cleaned\\\/#primaryimage\"},\"thumbnailUrl\":\"https:\\\/\\\/alimentsamga.com\\\/wp-content\\\/uploads\\\/2021\\\/07\\\/2191-3.jpg\",\"datePublished\":\"2022-01-27T21:26:43+00:00\",\"dateModified\":\"2026-04-07T12:50:24+00:00\",\"description\":\"Achetez une Poitrine de Boeuf Nettoy\u00e9e \u2013 Sans os, fra\u00eeche et d'environ 6 kg par pi\u00e8ce. Parfaite pour fumer, cuire lentement ou au BBQ.\",\"breadcrumb\":{\"@id\":\"https:\\\/\\\/alimentsamga.com\\\/fr\\\/produit\\\/whole-brisket-cleaned\\\/#breadcrumb\"},\"inLanguage\":\"fr-FR\",\"potentialAction\":[{\"@type\":\"ReadAction\",\"target\":[\"https:\\\/\\\/alimentsamga.com\\\/fr\\\/produit\\\/whole-brisket-cleaned\\\/\"]}]},{\"@type\":\"ImageObject\",\"inLanguage\":\"fr-FR\",\"@id\":\"https:\\\/\\\/alimentsamga.com\\\/fr\\\/produit\\\/whole-brisket-cleaned\\\/#primaryimage\",\"url\":\"https:\\\/\\\/alimentsamga.com\\\/wp-content\\\/uploads\\\/2021\\\/07\\\/2191-3.jpg\",\"contentUrl\":\"https:\\\/\\\/alimentsamga.com\\\/wp-content\\\/uploads\\\/2021\\\/07\\\/2191-3.jpg\",\"width\":720,\"height\":480,\"caption\":\"BEEF BRISKET\"},{\"@type\":\"BreadcrumbList\",\"@id\":\"https:\\\/\\\/alimentsamga.com\\\/fr\\\/produit\\\/whole-brisket-cleaned\\\/#breadcrumb\",\"itemListElement\":[{\"@type\":\"ListItem\",\"position\":1,\"name\":\"Home\",\"item\":\"https:\\\/\\\/alimentsamga.com\\\/fr\\\/\"},{\"@type\":\"ListItem\",\"position\":2,\"name\":\"Boutique\",\"item\":\"https:\\\/\\\/alimentsamga.com\\\/fr\\\/boutique\\\/\"},{\"@type\":\"ListItem\",\"position\":3,\"name\":\"Poitrine de Boeuf Enti\u00e8re Nettoy\u00e9e\"}]},{\"@type\":\"WebSite\",\"@id\":\"https:\\\/\\\/alimentsamga.com\\\/fr\\\/#website\",\"url\":\"https:\\\/\\\/alimentsamga.com\\\/fr\\\/\",\"name\":\"AMGA\",\"description\":\"Aliments Amga\",\"publisher\":{\"@id\":\"https:\\\/\\\/alimentsamga.com\\\/fr\\\/#organization\"},\"potentialAction\":[{\"@type\":\"SearchAction\",\"target\":{\"@type\":\"EntryPoint\",\"urlTemplate\":\"https:\\\/\\\/alimentsamga.com\\\/fr\\\/?s={search_term_string}\"},\"query-input\":{\"@type\":\"PropertyValueSpecification\",\"valueRequired\":true,\"valueName\":\"search_term_string\"}}],\"inLanguage\":\"fr-FR\"},{\"@type\":\"Organization\",\"@id\":\"https:\\\/\\\/alimentsamga.com\\\/fr\\\/#organization\",\"name\":\"AMGA\",\"url\":\"https:\\\/\\\/alimentsamga.com\\\/fr\\\/\",\"logo\":{\"@type\":\"ImageObject\",\"inLanguage\":\"fr-FR\",\"@id\":\"https:\\\/\\\/alimentsamga.com\\\/fr\\\/#\\\/schema\\\/logo\\\/image\\\/\",\"url\":\"https:\\\/\\\/alimentsamga.com\\\/wp-content\\\/uploads\\\/2020\\\/11\\\/amgachezvous-logo-blue-e1619460460184.png\",\"contentUrl\":\"https:\\\/\\\/alimentsamga.com\\\/wp-content\\\/uploads\\\/2020\\\/11\\\/amgachezvous-logo-blue-e1619460460184.png\",\"width\":131,\"height\":80,\"caption\":\"AMGA\"},\"image\":{\"@id\":\"https:\\\/\\\/alimentsamga.com\\\/fr\\\/#\\\/schema\\\/logo\\\/image\\\/\"},\"sameAs\":[\"https:\\\/\\\/www.instagram.com\\\/aliments.amga\\\/?hl=en\"]}]}<\/script>\n<!-- \/ Yoast SEO plugin. -->","yoast_head_json":{"title":"Poitrine de Boeuf Nettoy\u00e9e - AMGA","description":"Achetez une Poitrine de Boeuf Nettoy\u00e9e \u2013 Sans os, fra\u00eeche et d'environ 6 kg par pi\u00e8ce. Parfaite pour fumer, cuire lentement ou au BBQ.","robots":{"index":"index","follow":"follow","max-snippet":"max-snippet:-1","max-image-preview":"max-image-preview:large","max-video-preview":"max-video-preview:-1"},"canonical":"https:\/\/alimentsamga.com\/fr\/produit\/whole-brisket-cleaned\/","og_locale":"fr_FR","og_type":"article","og_title":"Poitrine de Boeuf Nettoy\u00e9e - AMGA","og_description":"Achetez une Poitrine de Boeuf Nettoy\u00e9e \u2013 Sans os, fra\u00eeche et d'environ 6 kg par pi\u00e8ce. Parfaite pour fumer, cuire lentement ou au BBQ.","og_url":"https:\/\/alimentsamga.com\/fr\/produit\/whole-brisket-cleaned\/","og_site_name":"AMGA","article_modified_time":"2026-04-07T12:50:24+00:00","og_image":[{"width":720,"height":480,"url":"https:\/\/alimentsamga.com\/wp-content\/uploads\/2021\/07\/2191-3.jpg","type":"image\/jpeg"}],"twitter_card":"summary_large_image","twitter_misc":{"Dur\u00e9e de lecture estim\u00e9e":"1 minute"},"schema":{"@context":"https:\/\/schema.org","@graph":[{"@type":"WebPage","@id":"https:\/\/alimentsamga.com\/fr\/produit\/whole-brisket-cleaned\/","url":"https:\/\/alimentsamga.com\/fr\/produit\/whole-brisket-cleaned\/","name":"Poitrine de Boeuf Nettoy\u00e9e - AMGA","isPartOf":{"@id":"https:\/\/alimentsamga.com\/fr\/#website"},"primaryImageOfPage":{"@id":"https:\/\/alimentsamga.com\/fr\/produit\/whole-brisket-cleaned\/#primaryimage"},"image":{"@id":"https:\/\/alimentsamga.com\/fr\/produit\/whole-brisket-cleaned\/#primaryimage"},"thumbnailUrl":"https:\/\/alimentsamga.com\/wp-content\/uploads\/2021\/07\/2191-3.jpg","datePublished":"2022-01-27T21:26:43+00:00","dateModified":"2026-04-07T12:50:24+00:00","description":"Achetez une Poitrine de Boeuf Nettoy\u00e9e \u2013 Sans os, fra\u00eeche et d'environ 6 kg par pi\u00e8ce. Parfaite pour fumer, cuire lentement ou au BBQ.","breadcrumb":{"@id":"https:\/\/alimentsamga.com\/fr\/produit\/whole-brisket-cleaned\/#breadcrumb"},"inLanguage":"fr-FR","potentialAction":[{"@type":"ReadAction","target":["https:\/\/alimentsamga.com\/fr\/produit\/whole-brisket-cleaned\/"]}]},{"@type":"ImageObject","inLanguage":"fr-FR","@id":"https:\/\/alimentsamga.com\/fr\/produit\/whole-brisket-cleaned\/#primaryimage","url":"https:\/\/alimentsamga.com\/wp-content\/uploads\/2021\/07\/2191-3.jpg","contentUrl":"https:\/\/alimentsamga.com\/wp-content\/uploads\/2021\/07\/2191-3.jpg","width":720,"height":480,"caption":"BEEF BRISKET"},{"@type":"BreadcrumbList","@id":"https:\/\/alimentsamga.com\/fr\/produit\/whole-brisket-cleaned\/#breadcrumb","itemListElement":[{"@type":"ListItem","position":1,"name":"Home","item":"https:\/\/alimentsamga.com\/fr\/"},{"@type":"ListItem","position":2,"name":"Boutique","item":"https:\/\/alimentsamga.com\/fr\/boutique\/"},{"@type":"ListItem","position":3,"name":"Poitrine de Boeuf Enti\u00e8re Nettoy\u00e9e"}]},{"@type":"WebSite","@id":"https:\/\/alimentsamga.com\/fr\/#website","url":"https:\/\/alimentsamga.com\/fr\/","name":"AMGA","description":"Aliments Amga","publisher":{"@id":"https:\/\/alimentsamga.com\/fr\/#organization"},"potentialAction":[{"@type":"SearchAction","target":{"@type":"EntryPoint","urlTemplate":"https:\/\/alimentsamga.com\/fr\/?s={search_term_string}"},"query-input":{"@type":"PropertyValueSpecification","valueRequired":true,"valueName":"search_term_string"}}],"inLanguage":"fr-FR"},{"@type":"Organization","@id":"https:\/\/alimentsamga.com\/fr\/#organization","name":"AMGA","url":"https:\/\/alimentsamga.com\/fr\/","logo":{"@type":"ImageObject","inLanguage":"fr-FR","@id":"https:\/\/alimentsamga.com\/fr\/#\/schema\/logo\/image\/","url":"https:\/\/alimentsamga.com\/wp-content\/uploads\/2020\/11\/amgachezvous-logo-blue-e1619460460184.png","contentUrl":"https:\/\/alimentsamga.com\/wp-content\/uploads\/2020\/11\/amgachezvous-logo-blue-e1619460460184.png","width":131,"height":80,"caption":"AMGA"},"image":{"@id":"https:\/\/alimentsamga.com\/fr\/#\/schema\/logo\/image\/"},"sameAs":["https:\/\/www.instagram.com\/aliments.amga\/?hl=en"]}]}},"_links":{"self":[{"href":"https:\/\/alimentsamga.com\/fr\/wp-json\/wp\/v2\/product\/6319","targetHints":{"allow":["GET"]}}],"collection":[{"href":"https:\/\/alimentsamga.com\/fr\/wp-json\/wp\/v2\/product"}],"about":[{"href":"https:\/\/alimentsamga.com\/fr\/wp-json\/wp\/v2\/types\/product"}],"replies":[{"embeddable":true,"href":"https:\/\/alimentsamga.com\/fr\/wp-json\/wp\/v2\/comments?post=6319"}],"wp:featuredmedia":[{"embeddable":true,"href":"https:\/\/alimentsamga.com\/fr\/wp-json\/wp\/v2\/media\/10371"}],"wp:attachment":[{"href":"https:\/\/alimentsamga.com\/fr\/wp-json\/wp\/v2\/media?parent=6319"}],"wp:term":[{"taxonomy":"product_brand","embeddable":true,"href":"https:\/\/alimentsamga.com\/fr\/wp-json\/wp\/v2\/product_brand?post=6319"},{"taxonomy":"product_cat","embeddable":true,"href":"https:\/\/alimentsamga.com\/fr\/wp-json\/wp\/v2\/product_cat?post=6319"},{"taxonomy":"product_tag","embeddable":true,"href":"https:\/\/alimentsamga.com\/fr\/wp-json\/wp\/v2\/product_tag?post=6319"}],"curies":[{"name":"wp","href":"https:\/\/api.w.org\/{rel}","templated":true}]}}