{"id":6002,"date":"2022-01-12T13:59:17","date_gmt":"2022-01-12T18:57:57","guid":{"rendered":"https:\/\/alimentsamga.com\/?post_type=product&#038;p=6002"},"modified":"2025-03-06T13:50:07","modified_gmt":"2025-03-06T18:50:07","slug":"cotes-courtes-de-boeuf","status":"publish","type":"product","link":"https:\/\/alimentsamga.com\/fr\/produit\/cotes-courtes-de-boeuf\/","title":{"rendered":"Bout de c\u00f4tes de b\u0153uf"},"content":{"rendered":"<p>Nos C\u00f4tes de Boeuf sont faites \u00e0 partir de boeuf canadien AA+, garantissant une saveur et une tendret\u00e9 exceptionnelles. Chaque paquet contient environ 2 kg (4.41 pounds) de c\u00f4tes, soit 6 \u00e0 8 morceaux, parfait pour des repas copieux ou des rassemblements.<\/p>\n<p data-start=\"1642\" data-end=\"1991\">Surgel\u00e9es pour pr\u00e9server leur fra\u00eecheur, ces c\u00f4tes sont id\u00e9ales pour la grillade, la cuisson lente ou le braisage. Le gras marbr\u00e9 de chaque c\u00f4te assure une bouch\u00e9e juteuse et pleine de saveur. Que vous les cuisiniez dans un rago\u00fbt savoureux ou les fassiez griller \u00e0 la perfection, ces c\u00f4tes de boeuf offriront un go\u00fbt riche et d\u00e9licieux \u00e0 vos repas.<\/p>\n<p>Consultez nos autres <a href=\"https:\/\/alimentsamga.com\/fr\/categorie-produit\/boeuf\/\">produits \u00e0 base de b\u0153uf ici.<\/a><\/p>\n","protected":false},"excerpt":{"rendered":"Environ 2kg = 6-8 morceaux\r\n\r\nCongel\u00e9\r\n\r\nB\u0153uf canadien AA+","protected":false},"featured_media":10290,"comment_status":"closed","ping_status":"closed","template":"","meta":{"content-type":""},"product_brand":[],"product_cat":[58,165],"product_tag":[],"class_list":{"0":"post-6002","1":"product","2":"type-product","3":"status-publish","4":"has-post-thumbnail","6":"product_cat-boeuf","7":"product_cat-viandes","9":"first","10":"instock","11":"shipping-taxable","12":"purchasable","13":"product-type-simple"},"bundle_layout":"","bundle_add_to_cart_form_location":"","bundle_editable_in_cart":false,"bundle_sold_individually_context":"","bundle_item_grouping":"","bundle_min_size":"","bundle_max_size":"","bundled_by":[],"bundled_items":[],"yoast_head":"<!-- This site is optimized with the Yoast SEO plugin v27.3 - https:\/\/yoast.com\/product\/yoast-seo-wordpress\/ -->\n<title>Bout de c\u00f4tes de b\u0153uf | AMGA<\/title>\n<meta name=\"description\" content=\"Achetez des C\u00f4tes de Boeuf \u2013 boeuf canadien AA+, 6 \u00e0 8 morceaux par paquet. Parfaites pour la grillade, la cuisson lente ou le braisage.\" \/>\n<meta name=\"robots\" content=\"index, follow, max-snippet:-1, max-image-preview:large, max-video-preview:-1\" \/>\n<link rel=\"canonical\" href=\"https:\/\/alimentsamga.com\/fr\/produit\/cotes-courtes-de-boeuf\/\" \/>\n<meta property=\"og:locale\" content=\"fr_FR\" \/>\n<meta property=\"og:type\" content=\"article\" \/>\n<meta property=\"og:title\" content=\"Bout de c\u00f4tes de b\u0153uf | AMGA\" \/>\n<meta property=\"og:description\" content=\"Achetez des C\u00f4tes de Boeuf \u2013 boeuf canadien AA+, 6 \u00e0 8 morceaux par paquet. Parfaites pour la grillade, la cuisson lente ou le braisage.\" \/>\n<meta property=\"og:url\" content=\"https:\/\/alimentsamga.com\/fr\/produit\/cotes-courtes-de-boeuf\/\" \/>\n<meta property=\"og:site_name\" content=\"AMGA\" \/>\n<meta property=\"article:modified_time\" content=\"2025-03-06T18:50:07+00:00\" \/>\n<meta property=\"og:image\" content=\"https:\/\/alimentsamga.com\/wp-content\/uploads\/2022\/01\/2199.jpg\" \/>\n\t<meta property=\"og:image:width\" content=\"719\" \/>\n\t<meta property=\"og:image:height\" content=\"480\" \/>\n\t<meta property=\"og:image:type\" content=\"image\/jpeg\" \/>\n<meta name=\"twitter:card\" content=\"summary_large_image\" \/>\n<meta name=\"twitter:label1\" content=\"Dur\u00e9e de lecture estim\u00e9e\" \/>\n\t<meta name=\"twitter:data1\" content=\"1 minute\" \/>\n<script type=\"application\/ld+json\" class=\"yoast-schema-graph\">{\"@context\":\"https:\\\/\\\/schema.org\",\"@graph\":[{\"@type\":\"WebPage\",\"@id\":\"https:\\\/\\\/alimentsamga.com\\\/fr\\\/produit\\\/cotes-courtes-de-boeuf\\\/\",\"url\":\"https:\\\/\\\/alimentsamga.com\\\/fr\\\/produit\\\/cotes-courtes-de-boeuf\\\/\",\"name\":\"Bout de c\u00f4tes de b\u0153uf | AMGA\",\"isPartOf\":{\"@id\":\"https:\\\/\\\/alimentsamga.com\\\/fr\\\/#website\"},\"primaryImageOfPage\":{\"@id\":\"https:\\\/\\\/alimentsamga.com\\\/fr\\\/produit\\\/cotes-courtes-de-boeuf\\\/#primaryimage\"},\"image\":{\"@id\":\"https:\\\/\\\/alimentsamga.com\\\/fr\\\/produit\\\/cotes-courtes-de-boeuf\\\/#primaryimage\"},\"thumbnailUrl\":\"https:\\\/\\\/alimentsamga.com\\\/wp-content\\\/uploads\\\/2022\\\/01\\\/2199.jpg\",\"datePublished\":\"2022-01-12T18:57:57+00:00\",\"dateModified\":\"2025-03-06T18:50:07+00:00\",\"description\":\"Achetez des C\u00f4tes de Boeuf \u2013 boeuf canadien AA+, 6 \u00e0 8 morceaux par paquet. Parfaites pour la grillade, la cuisson lente ou le braisage.\",\"breadcrumb\":{\"@id\":\"https:\\\/\\\/alimentsamga.com\\\/fr\\\/produit\\\/cotes-courtes-de-boeuf\\\/#breadcrumb\"},\"inLanguage\":\"fr-FR\",\"potentialAction\":[{\"@type\":\"ReadAction\",\"target\":[\"https:\\\/\\\/alimentsamga.com\\\/fr\\\/produit\\\/cotes-courtes-de-boeuf\\\/\"]}]},{\"@type\":\"ImageObject\",\"inLanguage\":\"fr-FR\",\"@id\":\"https:\\\/\\\/alimentsamga.com\\\/fr\\\/produit\\\/cotes-courtes-de-boeuf\\\/#primaryimage\",\"url\":\"https:\\\/\\\/alimentsamga.com\\\/wp-content\\\/uploads\\\/2022\\\/01\\\/2199.jpg\",\"contentUrl\":\"https:\\\/\\\/alimentsamga.com\\\/wp-content\\\/uploads\\\/2022\\\/01\\\/2199.jpg\",\"width\":719,\"height\":480,\"caption\":\"Beef Short Ribs\"},{\"@type\":\"BreadcrumbList\",\"@id\":\"https:\\\/\\\/alimentsamga.com\\\/fr\\\/produit\\\/cotes-courtes-de-boeuf\\\/#breadcrumb\",\"itemListElement\":[{\"@type\":\"ListItem\",\"position\":1,\"name\":\"Home\",\"item\":\"https:\\\/\\\/alimentsamga.com\\\/fr\\\/\"},{\"@type\":\"ListItem\",\"position\":2,\"name\":\"Boutique\",\"item\":\"https:\\\/\\\/alimentsamga.com\\\/fr\\\/boutique\\\/\"},{\"@type\":\"ListItem\",\"position\":3,\"name\":\"Bout de c\u00f4tes de b\u0153uf\"}]},{\"@type\":\"WebSite\",\"@id\":\"https:\\\/\\\/alimentsamga.com\\\/fr\\\/#website\",\"url\":\"https:\\\/\\\/alimentsamga.com\\\/fr\\\/\",\"name\":\"AMGA\",\"description\":\"Aliments Amga\",\"publisher\":{\"@id\":\"https:\\\/\\\/alimentsamga.com\\\/fr\\\/#organization\"},\"potentialAction\":[{\"@type\":\"SearchAction\",\"target\":{\"@type\":\"EntryPoint\",\"urlTemplate\":\"https:\\\/\\\/alimentsamga.com\\\/fr\\\/?s={search_term_string}\"},\"query-input\":{\"@type\":\"PropertyValueSpecification\",\"valueRequired\":true,\"valueName\":\"search_term_string\"}}],\"inLanguage\":\"fr-FR\"},{\"@type\":\"Organization\",\"@id\":\"https:\\\/\\\/alimentsamga.com\\\/fr\\\/#organization\",\"name\":\"AMGA\",\"url\":\"https:\\\/\\\/alimentsamga.com\\\/fr\\\/\",\"logo\":{\"@type\":\"ImageObject\",\"inLanguage\":\"fr-FR\",\"@id\":\"https:\\\/\\\/alimentsamga.com\\\/fr\\\/#\\\/schema\\\/logo\\\/image\\\/\",\"url\":\"https:\\\/\\\/alimentsamga.com\\\/wp-content\\\/uploads\\\/2020\\\/11\\\/amgachezvous-logo-blue-e1619460460184.png\",\"contentUrl\":\"https:\\\/\\\/alimentsamga.com\\\/wp-content\\\/uploads\\\/2020\\\/11\\\/amgachezvous-logo-blue-e1619460460184.png\",\"width\":131,\"height\":80,\"caption\":\"AMGA\"},\"image\":{\"@id\":\"https:\\\/\\\/alimentsamga.com\\\/fr\\\/#\\\/schema\\\/logo\\\/image\\\/\"},\"sameAs\":[\"https:\\\/\\\/www.instagram.com\\\/aliments.amga\\\/?hl=en\"]}]}<\/script>\n<!-- \/ Yoast SEO plugin. -->","yoast_head_json":{"title":"Bout de c\u00f4tes de b\u0153uf | AMGA","description":"Achetez des C\u00f4tes de Boeuf \u2013 boeuf canadien AA+, 6 \u00e0 8 morceaux par paquet. Parfaites pour la grillade, la cuisson lente ou le braisage.","robots":{"index":"index","follow":"follow","max-snippet":"max-snippet:-1","max-image-preview":"max-image-preview:large","max-video-preview":"max-video-preview:-1"},"canonical":"https:\/\/alimentsamga.com\/fr\/produit\/cotes-courtes-de-boeuf\/","og_locale":"fr_FR","og_type":"article","og_title":"Bout de c\u00f4tes de b\u0153uf | AMGA","og_description":"Achetez des C\u00f4tes de Boeuf \u2013 boeuf canadien AA+, 6 \u00e0 8 morceaux par paquet. Parfaites pour la grillade, la cuisson lente ou le braisage.","og_url":"https:\/\/alimentsamga.com\/fr\/produit\/cotes-courtes-de-boeuf\/","og_site_name":"AMGA","article_modified_time":"2025-03-06T18:50:07+00:00","og_image":[{"width":719,"height":480,"url":"https:\/\/alimentsamga.com\/wp-content\/uploads\/2022\/01\/2199.jpg","type":"image\/jpeg"}],"twitter_card":"summary_large_image","twitter_misc":{"Dur\u00e9e de lecture estim\u00e9e":"1 minute"},"schema":{"@context":"https:\/\/schema.org","@graph":[{"@type":"WebPage","@id":"https:\/\/alimentsamga.com\/fr\/produit\/cotes-courtes-de-boeuf\/","url":"https:\/\/alimentsamga.com\/fr\/produit\/cotes-courtes-de-boeuf\/","name":"Bout de c\u00f4tes de b\u0153uf | AMGA","isPartOf":{"@id":"https:\/\/alimentsamga.com\/fr\/#website"},"primaryImageOfPage":{"@id":"https:\/\/alimentsamga.com\/fr\/produit\/cotes-courtes-de-boeuf\/#primaryimage"},"image":{"@id":"https:\/\/alimentsamga.com\/fr\/produit\/cotes-courtes-de-boeuf\/#primaryimage"},"thumbnailUrl":"https:\/\/alimentsamga.com\/wp-content\/uploads\/2022\/01\/2199.jpg","datePublished":"2022-01-12T18:57:57+00:00","dateModified":"2025-03-06T18:50:07+00:00","description":"Achetez des C\u00f4tes de Boeuf \u2013 boeuf canadien AA+, 6 \u00e0 8 morceaux par paquet. Parfaites pour la grillade, la cuisson lente ou le braisage.","breadcrumb":{"@id":"https:\/\/alimentsamga.com\/fr\/produit\/cotes-courtes-de-boeuf\/#breadcrumb"},"inLanguage":"fr-FR","potentialAction":[{"@type":"ReadAction","target":["https:\/\/alimentsamga.com\/fr\/produit\/cotes-courtes-de-boeuf\/"]}]},{"@type":"ImageObject","inLanguage":"fr-FR","@id":"https:\/\/alimentsamga.com\/fr\/produit\/cotes-courtes-de-boeuf\/#primaryimage","url":"https:\/\/alimentsamga.com\/wp-content\/uploads\/2022\/01\/2199.jpg","contentUrl":"https:\/\/alimentsamga.com\/wp-content\/uploads\/2022\/01\/2199.jpg","width":719,"height":480,"caption":"Beef Short Ribs"},{"@type":"BreadcrumbList","@id":"https:\/\/alimentsamga.com\/fr\/produit\/cotes-courtes-de-boeuf\/#breadcrumb","itemListElement":[{"@type":"ListItem","position":1,"name":"Home","item":"https:\/\/alimentsamga.com\/fr\/"},{"@type":"ListItem","position":2,"name":"Boutique","item":"https:\/\/alimentsamga.com\/fr\/boutique\/"},{"@type":"ListItem","position":3,"name":"Bout de c\u00f4tes de b\u0153uf"}]},{"@type":"WebSite","@id":"https:\/\/alimentsamga.com\/fr\/#website","url":"https:\/\/alimentsamga.com\/fr\/","name":"AMGA","description":"Aliments Amga","publisher":{"@id":"https:\/\/alimentsamga.com\/fr\/#organization"},"potentialAction":[{"@type":"SearchAction","target":{"@type":"EntryPoint","urlTemplate":"https:\/\/alimentsamga.com\/fr\/?s={search_term_string}"},"query-input":{"@type":"PropertyValueSpecification","valueRequired":true,"valueName":"search_term_string"}}],"inLanguage":"fr-FR"},{"@type":"Organization","@id":"https:\/\/alimentsamga.com\/fr\/#organization","name":"AMGA","url":"https:\/\/alimentsamga.com\/fr\/","logo":{"@type":"ImageObject","inLanguage":"fr-FR","@id":"https:\/\/alimentsamga.com\/fr\/#\/schema\/logo\/image\/","url":"https:\/\/alimentsamga.com\/wp-content\/uploads\/2020\/11\/amgachezvous-logo-blue-e1619460460184.png","contentUrl":"https:\/\/alimentsamga.com\/wp-content\/uploads\/2020\/11\/amgachezvous-logo-blue-e1619460460184.png","width":131,"height":80,"caption":"AMGA"},"image":{"@id":"https:\/\/alimentsamga.com\/fr\/#\/schema\/logo\/image\/"},"sameAs":["https:\/\/www.instagram.com\/aliments.amga\/?hl=en"]}]}},"_links":{"self":[{"href":"https:\/\/alimentsamga.com\/fr\/wp-json\/wp\/v2\/product\/6002","targetHints":{"allow":["GET"]}}],"collection":[{"href":"https:\/\/alimentsamga.com\/fr\/wp-json\/wp\/v2\/product"}],"about":[{"href":"https:\/\/alimentsamga.com\/fr\/wp-json\/wp\/v2\/types\/product"}],"replies":[{"embeddable":true,"href":"https:\/\/alimentsamga.com\/fr\/wp-json\/wp\/v2\/comments?post=6002"}],"wp:featuredmedia":[{"embeddable":true,"href":"https:\/\/alimentsamga.com\/fr\/wp-json\/wp\/v2\/media\/10290"}],"wp:attachment":[{"href":"https:\/\/alimentsamga.com\/fr\/wp-json\/wp\/v2\/media?parent=6002"}],"wp:term":[{"taxonomy":"product_brand","embeddable":true,"href":"https:\/\/alimentsamga.com\/fr\/wp-json\/wp\/v2\/product_brand?post=6002"},{"taxonomy":"product_cat","embeddable":true,"href":"https:\/\/alimentsamga.com\/fr\/wp-json\/wp\/v2\/product_cat?post=6002"},{"taxonomy":"product_tag","embeddable":true,"href":"https:\/\/alimentsamga.com\/fr\/wp-json\/wp\/v2\/product_tag?post=6002"}],"curies":[{"name":"wp","href":"https:\/\/api.w.org\/{rel}","templated":true}]}}