{"id":5993,"date":"2022-01-12T13:28:38","date_gmt":"2022-01-12T18:28:38","guid":{"rendered":"https:\/\/alimentsamga.com\/?post_type=product&#038;p=5993"},"modified":"2025-03-10T12:51:29","modified_gmt":"2025-03-10T16:51:29","slug":"cubes-de-veau","status":"publish","type":"product","link":"https:\/\/alimentsamga.com\/fr\/produit\/cubes-de-veau\/","title":{"rendered":"Cubes de veau"},"content":{"rendered":"<p data-start=\"998\" data-end=\"1291\">Vous cherchez du veau de qualit\u00e9 sup\u00e9rieure? Nos cubes de veau canadien AA \u00e0 vendre offrent de la viande tendre et premium, id\u00e9ale pour des rago\u00fbts, des brais\u00e9s ou des saut\u00e9s. Chaque paquet de 1 kg (2.2 pounds) vous offre une option polyvalente et savoureuse pour tous vos repas.<\/p>\n<p data-start=\"1293\" data-end=\"1673\">Ces cubes sont d\u00e9coup\u00e9s \u00e0 partir de veau de haute qualit\u00e9, assurant une saveur riche et une tendret\u00e9 exceptionnelle. Que vous cuisiniez lentement dans un rago\u00fbt ou sautiez rapidement dans un wok, nos cubes de veau apportent une saveur d\u00e9licate et savoureuse \u00e0 chaque plat. Achetez nos cubes de veau \u00e0 vendre d\u00e8s aujourd&rsquo;hui et rehaussez vos repas avec du veau canadien AA premium.<\/p>\n<p>Consultez nos a<a href=\"https:\/\/alimentsamga.com\/fr\/categorie-produit\/veau\/\">utres Produits de Veau ici.<\/a><\/p>\n","protected":false},"excerpt":{"rendered":"1kg\r\n\r\nVeau canadien AA","protected":false},"featured_media":10494,"comment_status":"closed","ping_status":"closed","template":"","meta":{"content-type":""},"product_brand":[],"product_cat":[150,95,165],"product_tag":[],"class_list":{"0":"post-5993","1":"product","2":"type-product","3":"status-publish","4":"has-post-thumbnail","6":"product_cat-nouveau","7":"product_cat-veau","8":"product_cat-viandes","10":"first","11":"instock","12":"shipping-taxable","13":"purchasable","14":"product-type-simple"},"bundle_layout":"","bundle_add_to_cart_form_location":"","bundle_editable_in_cart":false,"bundle_sold_individually_context":"","bundle_item_grouping":"","bundle_min_size":"","bundle_max_size":"","bundled_by":[],"bundled_items":[],"yoast_head":"<!-- This site is optimized with the Yoast SEO plugin v27.3 - https:\/\/yoast.com\/product\/yoast-seo-wordpress\/ -->\n<title>Cubes de Veau \u00e0 Vendre | AMGA<\/title>\n<meta name=\"description\" content=\"Achetez nos cubes de veau canadien AA \u00e0 vendre ! Tendres et polyvalents, parfaits pour des rago\u00fbts, brais\u00e9s ou saut\u00e9s.\" \/>\n<meta name=\"robots\" content=\"index, follow, max-snippet:-1, max-image-preview:large, max-video-preview:-1\" \/>\n<link rel=\"canonical\" href=\"https:\/\/alimentsamga.com\/fr\/produit\/cubes-de-veau\/\" \/>\n<meta property=\"og:locale\" content=\"fr_FR\" \/>\n<meta property=\"og:type\" content=\"article\" \/>\n<meta property=\"og:title\" content=\"Cubes de Veau \u00e0 Vendre | AMGA\" \/>\n<meta property=\"og:description\" content=\"Achetez nos cubes de veau canadien AA \u00e0 vendre ! Tendres et polyvalents, parfaits pour des rago\u00fbts, brais\u00e9s ou saut\u00e9s.\" \/>\n<meta property=\"og:url\" content=\"https:\/\/alimentsamga.com\/fr\/produit\/cubes-de-veau\/\" \/>\n<meta property=\"og:site_name\" content=\"AMGA\" \/>\n<meta property=\"article:modified_time\" content=\"2025-03-10T16:51:29+00:00\" \/>\n<meta property=\"og:image\" content=\"https:\/\/alimentsamga.com\/wp-content\/uploads\/2022\/01\/5468-e1714746086478.jpg\" \/>\n\t<meta property=\"og:image:width\" content=\"557\" \/>\n\t<meta property=\"og:image:height\" content=\"420\" \/>\n\t<meta property=\"og:image:type\" content=\"image\/jpeg\" \/>\n<meta name=\"twitter:card\" content=\"summary_large_image\" \/>\n<meta name=\"twitter:label1\" content=\"Dur\u00e9e de lecture estim\u00e9e\" \/>\n\t<meta name=\"twitter:data1\" content=\"1 minute\" \/>\n<script type=\"application\/ld+json\" class=\"yoast-schema-graph\">{\"@context\":\"https:\\\/\\\/schema.org\",\"@graph\":[{\"@type\":\"WebPage\",\"@id\":\"https:\\\/\\\/alimentsamga.com\\\/fr\\\/produit\\\/cubes-de-veau\\\/\",\"url\":\"https:\\\/\\\/alimentsamga.com\\\/fr\\\/produit\\\/cubes-de-veau\\\/\",\"name\":\"Cubes de Veau \u00e0 Vendre | AMGA\",\"isPartOf\":{\"@id\":\"https:\\\/\\\/alimentsamga.com\\\/fr\\\/#website\"},\"primaryImageOfPage\":{\"@id\":\"https:\\\/\\\/alimentsamga.com\\\/fr\\\/produit\\\/cubes-de-veau\\\/#primaryimage\"},\"image\":{\"@id\":\"https:\\\/\\\/alimentsamga.com\\\/fr\\\/produit\\\/cubes-de-veau\\\/#primaryimage\"},\"thumbnailUrl\":\"https:\\\/\\\/alimentsamga.com\\\/wp-content\\\/uploads\\\/2022\\\/01\\\/5468-e1714746086478.jpg\",\"datePublished\":\"2022-01-12T18:28:38+00:00\",\"dateModified\":\"2025-03-10T16:51:29+00:00\",\"description\":\"Achetez nos cubes de veau canadien AA \u00e0 vendre ! Tendres et polyvalents, parfaits pour des rago\u00fbts, brais\u00e9s ou saut\u00e9s.\",\"breadcrumb\":{\"@id\":\"https:\\\/\\\/alimentsamga.com\\\/fr\\\/produit\\\/cubes-de-veau\\\/#breadcrumb\"},\"inLanguage\":\"fr-FR\",\"potentialAction\":[{\"@type\":\"ReadAction\",\"target\":[\"https:\\\/\\\/alimentsamga.com\\\/fr\\\/produit\\\/cubes-de-veau\\\/\"]}]},{\"@type\":\"ImageObject\",\"inLanguage\":\"fr-FR\",\"@id\":\"https:\\\/\\\/alimentsamga.com\\\/fr\\\/produit\\\/cubes-de-veau\\\/#primaryimage\",\"url\":\"https:\\\/\\\/alimentsamga.com\\\/wp-content\\\/uploads\\\/2022\\\/01\\\/5468-e1714746086478.jpg\",\"contentUrl\":\"https:\\\/\\\/alimentsamga.com\\\/wp-content\\\/uploads\\\/2022\\\/01\\\/5468-e1714746086478.jpg\",\"width\":557,\"height\":420,\"caption\":\"Veal Cubes for Sale\"},{\"@type\":\"BreadcrumbList\",\"@id\":\"https:\\\/\\\/alimentsamga.com\\\/fr\\\/produit\\\/cubes-de-veau\\\/#breadcrumb\",\"itemListElement\":[{\"@type\":\"ListItem\",\"position\":1,\"name\":\"Home\",\"item\":\"https:\\\/\\\/alimentsamga.com\\\/fr\\\/\"},{\"@type\":\"ListItem\",\"position\":2,\"name\":\"Boutique\",\"item\":\"https:\\\/\\\/alimentsamga.com\\\/fr\\\/boutique\\\/\"},{\"@type\":\"ListItem\",\"position\":3,\"name\":\"Cubes de veau\"}]},{\"@type\":\"WebSite\",\"@id\":\"https:\\\/\\\/alimentsamga.com\\\/fr\\\/#website\",\"url\":\"https:\\\/\\\/alimentsamga.com\\\/fr\\\/\",\"name\":\"AMGA\",\"description\":\"Aliments Amga\",\"publisher\":{\"@id\":\"https:\\\/\\\/alimentsamga.com\\\/fr\\\/#organization\"},\"potentialAction\":[{\"@type\":\"SearchAction\",\"target\":{\"@type\":\"EntryPoint\",\"urlTemplate\":\"https:\\\/\\\/alimentsamga.com\\\/fr\\\/?s={search_term_string}\"},\"query-input\":{\"@type\":\"PropertyValueSpecification\",\"valueRequired\":true,\"valueName\":\"search_term_string\"}}],\"inLanguage\":\"fr-FR\"},{\"@type\":\"Organization\",\"@id\":\"https:\\\/\\\/alimentsamga.com\\\/fr\\\/#organization\",\"name\":\"AMGA\",\"url\":\"https:\\\/\\\/alimentsamga.com\\\/fr\\\/\",\"logo\":{\"@type\":\"ImageObject\",\"inLanguage\":\"fr-FR\",\"@id\":\"https:\\\/\\\/alimentsamga.com\\\/fr\\\/#\\\/schema\\\/logo\\\/image\\\/\",\"url\":\"https:\\\/\\\/alimentsamga.com\\\/wp-content\\\/uploads\\\/2020\\\/11\\\/amgachezvous-logo-blue-e1619460460184.png\",\"contentUrl\":\"https:\\\/\\\/alimentsamga.com\\\/wp-content\\\/uploads\\\/2020\\\/11\\\/amgachezvous-logo-blue-e1619460460184.png\",\"width\":131,\"height\":80,\"caption\":\"AMGA\"},\"image\":{\"@id\":\"https:\\\/\\\/alimentsamga.com\\\/fr\\\/#\\\/schema\\\/logo\\\/image\\\/\"},\"sameAs\":[\"https:\\\/\\\/www.instagram.com\\\/aliments.amga\\\/?hl=en\"]}]}<\/script>\n<!-- \/ Yoast SEO plugin. -->","yoast_head_json":{"title":"Cubes de Veau \u00e0 Vendre | AMGA","description":"Achetez nos cubes de veau canadien AA \u00e0 vendre ! Tendres et polyvalents, parfaits pour des rago\u00fbts, brais\u00e9s ou saut\u00e9s.","robots":{"index":"index","follow":"follow","max-snippet":"max-snippet:-1","max-image-preview":"max-image-preview:large","max-video-preview":"max-video-preview:-1"},"canonical":"https:\/\/alimentsamga.com\/fr\/produit\/cubes-de-veau\/","og_locale":"fr_FR","og_type":"article","og_title":"Cubes de Veau \u00e0 Vendre | AMGA","og_description":"Achetez nos cubes de veau canadien AA \u00e0 vendre ! Tendres et polyvalents, parfaits pour des rago\u00fbts, brais\u00e9s ou saut\u00e9s.","og_url":"https:\/\/alimentsamga.com\/fr\/produit\/cubes-de-veau\/","og_site_name":"AMGA","article_modified_time":"2025-03-10T16:51:29+00:00","og_image":[{"width":557,"height":420,"url":"https:\/\/alimentsamga.com\/wp-content\/uploads\/2022\/01\/5468-e1714746086478.jpg","type":"image\/jpeg"}],"twitter_card":"summary_large_image","twitter_misc":{"Dur\u00e9e de lecture estim\u00e9e":"1 minute"},"schema":{"@context":"https:\/\/schema.org","@graph":[{"@type":"WebPage","@id":"https:\/\/alimentsamga.com\/fr\/produit\/cubes-de-veau\/","url":"https:\/\/alimentsamga.com\/fr\/produit\/cubes-de-veau\/","name":"Cubes de Veau \u00e0 Vendre | AMGA","isPartOf":{"@id":"https:\/\/alimentsamga.com\/fr\/#website"},"primaryImageOfPage":{"@id":"https:\/\/alimentsamga.com\/fr\/produit\/cubes-de-veau\/#primaryimage"},"image":{"@id":"https:\/\/alimentsamga.com\/fr\/produit\/cubes-de-veau\/#primaryimage"},"thumbnailUrl":"https:\/\/alimentsamga.com\/wp-content\/uploads\/2022\/01\/5468-e1714746086478.jpg","datePublished":"2022-01-12T18:28:38+00:00","dateModified":"2025-03-10T16:51:29+00:00","description":"Achetez nos cubes de veau canadien AA \u00e0 vendre ! Tendres et polyvalents, parfaits pour des rago\u00fbts, brais\u00e9s ou saut\u00e9s.","breadcrumb":{"@id":"https:\/\/alimentsamga.com\/fr\/produit\/cubes-de-veau\/#breadcrumb"},"inLanguage":"fr-FR","potentialAction":[{"@type":"ReadAction","target":["https:\/\/alimentsamga.com\/fr\/produit\/cubes-de-veau\/"]}]},{"@type":"ImageObject","inLanguage":"fr-FR","@id":"https:\/\/alimentsamga.com\/fr\/produit\/cubes-de-veau\/#primaryimage","url":"https:\/\/alimentsamga.com\/wp-content\/uploads\/2022\/01\/5468-e1714746086478.jpg","contentUrl":"https:\/\/alimentsamga.com\/wp-content\/uploads\/2022\/01\/5468-e1714746086478.jpg","width":557,"height":420,"caption":"Veal Cubes for Sale"},{"@type":"BreadcrumbList","@id":"https:\/\/alimentsamga.com\/fr\/produit\/cubes-de-veau\/#breadcrumb","itemListElement":[{"@type":"ListItem","position":1,"name":"Home","item":"https:\/\/alimentsamga.com\/fr\/"},{"@type":"ListItem","position":2,"name":"Boutique","item":"https:\/\/alimentsamga.com\/fr\/boutique\/"},{"@type":"ListItem","position":3,"name":"Cubes de veau"}]},{"@type":"WebSite","@id":"https:\/\/alimentsamga.com\/fr\/#website","url":"https:\/\/alimentsamga.com\/fr\/","name":"AMGA","description":"Aliments Amga","publisher":{"@id":"https:\/\/alimentsamga.com\/fr\/#organization"},"potentialAction":[{"@type":"SearchAction","target":{"@type":"EntryPoint","urlTemplate":"https:\/\/alimentsamga.com\/fr\/?s={search_term_string}"},"query-input":{"@type":"PropertyValueSpecification","valueRequired":true,"valueName":"search_term_string"}}],"inLanguage":"fr-FR"},{"@type":"Organization","@id":"https:\/\/alimentsamga.com\/fr\/#organization","name":"AMGA","url":"https:\/\/alimentsamga.com\/fr\/","logo":{"@type":"ImageObject","inLanguage":"fr-FR","@id":"https:\/\/alimentsamga.com\/fr\/#\/schema\/logo\/image\/","url":"https:\/\/alimentsamga.com\/wp-content\/uploads\/2020\/11\/amgachezvous-logo-blue-e1619460460184.png","contentUrl":"https:\/\/alimentsamga.com\/wp-content\/uploads\/2020\/11\/amgachezvous-logo-blue-e1619460460184.png","width":131,"height":80,"caption":"AMGA"},"image":{"@id":"https:\/\/alimentsamga.com\/fr\/#\/schema\/logo\/image\/"},"sameAs":["https:\/\/www.instagram.com\/aliments.amga\/?hl=en"]}]}},"_links":{"self":[{"href":"https:\/\/alimentsamga.com\/fr\/wp-json\/wp\/v2\/product\/5993","targetHints":{"allow":["GET"]}}],"collection":[{"href":"https:\/\/alimentsamga.com\/fr\/wp-json\/wp\/v2\/product"}],"about":[{"href":"https:\/\/alimentsamga.com\/fr\/wp-json\/wp\/v2\/types\/product"}],"replies":[{"embeddable":true,"href":"https:\/\/alimentsamga.com\/fr\/wp-json\/wp\/v2\/comments?post=5993"}],"wp:featuredmedia":[{"embeddable":true,"href":"https:\/\/alimentsamga.com\/fr\/wp-json\/wp\/v2\/media\/10494"}],"wp:attachment":[{"href":"https:\/\/alimentsamga.com\/fr\/wp-json\/wp\/v2\/media?parent=5993"}],"wp:term":[{"taxonomy":"product_brand","embeddable":true,"href":"https:\/\/alimentsamga.com\/fr\/wp-json\/wp\/v2\/product_brand?post=5993"},{"taxonomy":"product_cat","embeddable":true,"href":"https:\/\/alimentsamga.com\/fr\/wp-json\/wp\/v2\/product_cat?post=5993"},{"taxonomy":"product_tag","embeddable":true,"href":"https:\/\/alimentsamga.com\/fr\/wp-json\/wp\/v2\/product_tag?post=5993"}],"curies":[{"name":"wp","href":"https:\/\/api.w.org\/{rel}","templated":true}]}}