{"id":5964,"date":"2022-01-12T10:47:45","date_gmt":"2022-01-12T15:47:45","guid":{"rendered":"https:\/\/alimentsamga.com\/?post_type=product&#038;p=5964"},"modified":"2025-09-09T11:11:08","modified_gmt":"2025-09-09T15:11:08","slug":"agneau-hache","status":"publish","type":"product","link":"https:\/\/alimentsamga.com\/fr\/produit\/agneau-hache\/","title":{"rendered":"Agneau hach\u00e9"},"content":{"rendered":"<p data-start=\"1079\" data-end=\"1440\">Envie d&rsquo;un repas savoureux? Notre viande hach\u00e9e d&rsquo;agneau \u00e0 vendre est le choix id\u00e9al pour une vari\u00e9t\u00e9 de plats d\u00e9licieux. Chaque portion de 500g (17.64 ounces) contient de l&rsquo;agneau tendre et de qualit\u00e9 qui rehausse vos recettes. Parfaite pour les kebabs, currys et boulettes de viande, la viande hach\u00e9e d&rsquo;agneau est polyvalente et facile \u00e0 pr\u00e9parer.<\/p>\n<p data-start=\"1442\" data-end=\"1808\">Cette coupe premium est riche en nutriments, y compris des prot\u00e9ines de haute qualit\u00e9 qui soutiennent la r\u00e9paration musculaire et la sant\u00e9. Que vous la grilliez, la fassiez frire ou mijotiez, notre viande hach\u00e9e d&rsquo;agneau \u00e0 vendre ajoute profondeur et richesse \u00e0 vos repas. D\u00e9couvrez la satisfaction culinaire avec chaque bouch\u00e9e de cette viande tendre et savoureuse.<\/p>\n<p>Consultez nos <a href=\"https:\/\/alimentsamga.com\/fr\/product-category\/agneau\/\">autres produits d\u2019agneau ici.<\/a><\/p>\n","protected":false},"excerpt":{"rendered":"500 gr","protected":false},"featured_media":10449,"comment_status":"closed","ping_status":"closed","template":"","meta":{"content-type":""},"product_brand":[],"product_cat":[464,150],"product_tag":[],"class_list":{"0":"post-5964","1":"product","2":"type-product","3":"status-publish","4":"has-post-thumbnail","6":"product_cat-agneau","7":"product_cat-nouveau","9":"first","10":"instock","11":"shipping-taxable","12":"purchasable","13":"product-type-variable"},"bundle_layout":"","bundle_add_to_cart_form_location":"","bundle_editable_in_cart":false,"bundle_sold_individually_context":"","bundle_item_grouping":"","bundle_min_size":"","bundle_max_size":"","bundled_by":[],"bundled_items":[],"yoast_head":"<!-- This site is optimized with the Yoast SEO plugin v27.3 - https:\/\/yoast.com\/product\/yoast-seo-wordpress\/ -->\n<title>Viande Hach\u00e9e d&#039;Agneau \u00e0 Vendre | AMGA<\/title>\n<meta name=\"description\" content=\"Achetez notre viande hach\u00e9e d&#039;agneau \u00e0 vendre ! Savourez une viande tendre et savoureuse, id\u00e9ale pour les kebabs, currys et plus encore.\" \/>\n<meta name=\"robots\" content=\"index, follow, max-snippet:-1, max-image-preview:large, max-video-preview:-1\" \/>\n<link rel=\"canonical\" href=\"https:\/\/alimentsamga.com\/fr\/produit\/agneau-hache\/\" \/>\n<meta property=\"og:locale\" content=\"fr_FR\" \/>\n<meta property=\"og:type\" content=\"article\" \/>\n<meta property=\"og:title\" content=\"Viande Hach\u00e9e d&#039;Agneau \u00e0 Vendre | AMGA\" \/>\n<meta property=\"og:description\" content=\"Achetez notre viande hach\u00e9e d&#039;agneau \u00e0 vendre ! Savourez une viande tendre et savoureuse, id\u00e9ale pour les kebabs, currys et plus encore.\" \/>\n<meta property=\"og:url\" content=\"https:\/\/alimentsamga.com\/fr\/produit\/agneau-hache\/\" \/>\n<meta property=\"og:site_name\" content=\"AMGA\" \/>\n<meta property=\"article:modified_time\" content=\"2025-09-09T15:11:08+00:00\" \/>\n<meta property=\"og:image\" content=\"https:\/\/alimentsamga.com\/wp-content\/uploads\/2022\/01\/6368-3.jpg\" \/>\n\t<meta property=\"og:image:width\" content=\"720\" \/>\n\t<meta property=\"og:image:height\" content=\"480\" \/>\n\t<meta property=\"og:image:type\" content=\"image\/jpeg\" \/>\n<meta name=\"twitter:card\" content=\"summary_large_image\" \/>\n<meta name=\"twitter:label1\" content=\"Dur\u00e9e de lecture estim\u00e9e\" \/>\n\t<meta name=\"twitter:data1\" content=\"1 minute\" \/>\n<script type=\"application\/ld+json\" class=\"yoast-schema-graph\">{\"@context\":\"https:\\\/\\\/schema.org\",\"@graph\":[{\"@type\":\"WebPage\",\"@id\":\"https:\\\/\\\/alimentsamga.com\\\/fr\\\/produit\\\/agneau-hache\\\/\",\"url\":\"https:\\\/\\\/alimentsamga.com\\\/fr\\\/produit\\\/agneau-hache\\\/\",\"name\":\"Viande Hach\u00e9e d'Agneau \u00e0 Vendre | AMGA\",\"isPartOf\":{\"@id\":\"https:\\\/\\\/alimentsamga.com\\\/fr\\\/#website\"},\"primaryImageOfPage\":{\"@id\":\"https:\\\/\\\/alimentsamga.com\\\/fr\\\/produit\\\/agneau-hache\\\/#primaryimage\"},\"image\":{\"@id\":\"https:\\\/\\\/alimentsamga.com\\\/fr\\\/produit\\\/agneau-hache\\\/#primaryimage\"},\"thumbnailUrl\":\"https:\\\/\\\/alimentsamga.com\\\/wp-content\\\/uploads\\\/2022\\\/01\\\/6368-3.jpg\",\"datePublished\":\"2022-01-12T15:47:45+00:00\",\"dateModified\":\"2025-09-09T15:11:08+00:00\",\"description\":\"Achetez notre viande hach\u00e9e d'agneau \u00e0 vendre ! Savourez une viande tendre et savoureuse, id\u00e9ale pour les kebabs, currys et plus encore.\",\"breadcrumb\":{\"@id\":\"https:\\\/\\\/alimentsamga.com\\\/fr\\\/produit\\\/agneau-hache\\\/#breadcrumb\"},\"inLanguage\":\"fr-FR\",\"potentialAction\":[{\"@type\":\"ReadAction\",\"target\":[\"https:\\\/\\\/alimentsamga.com\\\/fr\\\/produit\\\/agneau-hache\\\/\"]}]},{\"@type\":\"ImageObject\",\"inLanguage\":\"fr-FR\",\"@id\":\"https:\\\/\\\/alimentsamga.com\\\/fr\\\/produit\\\/agneau-hache\\\/#primaryimage\",\"url\":\"https:\\\/\\\/alimentsamga.com\\\/wp-content\\\/uploads\\\/2022\\\/01\\\/6368-3.jpg\",\"contentUrl\":\"https:\\\/\\\/alimentsamga.com\\\/wp-content\\\/uploads\\\/2022\\\/01\\\/6368-3.jpg\",\"width\":720,\"height\":480,\"caption\":\"Ground Lamb for Sale\"},{\"@type\":\"BreadcrumbList\",\"@id\":\"https:\\\/\\\/alimentsamga.com\\\/fr\\\/produit\\\/agneau-hache\\\/#breadcrumb\",\"itemListElement\":[{\"@type\":\"ListItem\",\"position\":1,\"name\":\"Home\",\"item\":\"https:\\\/\\\/alimentsamga.com\\\/fr\\\/\"},{\"@type\":\"ListItem\",\"position\":2,\"name\":\"Boutique\",\"item\":\"https:\\\/\\\/alimentsamga.com\\\/fr\\\/boutique\\\/\"},{\"@type\":\"ListItem\",\"position\":3,\"name\":\"Agneau hach\u00e9\"}]},{\"@type\":\"WebSite\",\"@id\":\"https:\\\/\\\/alimentsamga.com\\\/fr\\\/#website\",\"url\":\"https:\\\/\\\/alimentsamga.com\\\/fr\\\/\",\"name\":\"AMGA\",\"description\":\"Aliments Amga\",\"publisher\":{\"@id\":\"https:\\\/\\\/alimentsamga.com\\\/fr\\\/#organization\"},\"potentialAction\":[{\"@type\":\"SearchAction\",\"target\":{\"@type\":\"EntryPoint\",\"urlTemplate\":\"https:\\\/\\\/alimentsamga.com\\\/fr\\\/?s={search_term_string}\"},\"query-input\":{\"@type\":\"PropertyValueSpecification\",\"valueRequired\":true,\"valueName\":\"search_term_string\"}}],\"inLanguage\":\"fr-FR\"},{\"@type\":\"Organization\",\"@id\":\"https:\\\/\\\/alimentsamga.com\\\/fr\\\/#organization\",\"name\":\"AMGA\",\"url\":\"https:\\\/\\\/alimentsamga.com\\\/fr\\\/\",\"logo\":{\"@type\":\"ImageObject\",\"inLanguage\":\"fr-FR\",\"@id\":\"https:\\\/\\\/alimentsamga.com\\\/fr\\\/#\\\/schema\\\/logo\\\/image\\\/\",\"url\":\"https:\\\/\\\/alimentsamga.com\\\/wp-content\\\/uploads\\\/2020\\\/11\\\/amgachezvous-logo-blue-e1619460460184.png\",\"contentUrl\":\"https:\\\/\\\/alimentsamga.com\\\/wp-content\\\/uploads\\\/2020\\\/11\\\/amgachezvous-logo-blue-e1619460460184.png\",\"width\":131,\"height\":80,\"caption\":\"AMGA\"},\"image\":{\"@id\":\"https:\\\/\\\/alimentsamga.com\\\/fr\\\/#\\\/schema\\\/logo\\\/image\\\/\"},\"sameAs\":[\"https:\\\/\\\/www.instagram.com\\\/aliments.amga\\\/?hl=en\"]}]}<\/script>\n<!-- \/ Yoast SEO plugin. -->","yoast_head_json":{"title":"Viande Hach\u00e9e d'Agneau \u00e0 Vendre | AMGA","description":"Achetez notre viande hach\u00e9e d'agneau \u00e0 vendre ! Savourez une viande tendre et savoureuse, id\u00e9ale pour les kebabs, currys et plus encore.","robots":{"index":"index","follow":"follow","max-snippet":"max-snippet:-1","max-image-preview":"max-image-preview:large","max-video-preview":"max-video-preview:-1"},"canonical":"https:\/\/alimentsamga.com\/fr\/produit\/agneau-hache\/","og_locale":"fr_FR","og_type":"article","og_title":"Viande Hach\u00e9e d'Agneau \u00e0 Vendre | AMGA","og_description":"Achetez notre viande hach\u00e9e d'agneau \u00e0 vendre ! Savourez une viande tendre et savoureuse, id\u00e9ale pour les kebabs, currys et plus encore.","og_url":"https:\/\/alimentsamga.com\/fr\/produit\/agneau-hache\/","og_site_name":"AMGA","article_modified_time":"2025-09-09T15:11:08+00:00","og_image":[{"width":720,"height":480,"url":"https:\/\/alimentsamga.com\/wp-content\/uploads\/2022\/01\/6368-3.jpg","type":"image\/jpeg"}],"twitter_card":"summary_large_image","twitter_misc":{"Dur\u00e9e de lecture estim\u00e9e":"1 minute"},"schema":{"@context":"https:\/\/schema.org","@graph":[{"@type":"WebPage","@id":"https:\/\/alimentsamga.com\/fr\/produit\/agneau-hache\/","url":"https:\/\/alimentsamga.com\/fr\/produit\/agneau-hache\/","name":"Viande Hach\u00e9e d'Agneau \u00e0 Vendre | AMGA","isPartOf":{"@id":"https:\/\/alimentsamga.com\/fr\/#website"},"primaryImageOfPage":{"@id":"https:\/\/alimentsamga.com\/fr\/produit\/agneau-hache\/#primaryimage"},"image":{"@id":"https:\/\/alimentsamga.com\/fr\/produit\/agneau-hache\/#primaryimage"},"thumbnailUrl":"https:\/\/alimentsamga.com\/wp-content\/uploads\/2022\/01\/6368-3.jpg","datePublished":"2022-01-12T15:47:45+00:00","dateModified":"2025-09-09T15:11:08+00:00","description":"Achetez notre viande hach\u00e9e d'agneau \u00e0 vendre ! Savourez une viande tendre et savoureuse, id\u00e9ale pour les kebabs, currys et plus encore.","breadcrumb":{"@id":"https:\/\/alimentsamga.com\/fr\/produit\/agneau-hache\/#breadcrumb"},"inLanguage":"fr-FR","potentialAction":[{"@type":"ReadAction","target":["https:\/\/alimentsamga.com\/fr\/produit\/agneau-hache\/"]}]},{"@type":"ImageObject","inLanguage":"fr-FR","@id":"https:\/\/alimentsamga.com\/fr\/produit\/agneau-hache\/#primaryimage","url":"https:\/\/alimentsamga.com\/wp-content\/uploads\/2022\/01\/6368-3.jpg","contentUrl":"https:\/\/alimentsamga.com\/wp-content\/uploads\/2022\/01\/6368-3.jpg","width":720,"height":480,"caption":"Ground Lamb for Sale"},{"@type":"BreadcrumbList","@id":"https:\/\/alimentsamga.com\/fr\/produit\/agneau-hache\/#breadcrumb","itemListElement":[{"@type":"ListItem","position":1,"name":"Home","item":"https:\/\/alimentsamga.com\/fr\/"},{"@type":"ListItem","position":2,"name":"Boutique","item":"https:\/\/alimentsamga.com\/fr\/boutique\/"},{"@type":"ListItem","position":3,"name":"Agneau hach\u00e9"}]},{"@type":"WebSite","@id":"https:\/\/alimentsamga.com\/fr\/#website","url":"https:\/\/alimentsamga.com\/fr\/","name":"AMGA","description":"Aliments Amga","publisher":{"@id":"https:\/\/alimentsamga.com\/fr\/#organization"},"potentialAction":[{"@type":"SearchAction","target":{"@type":"EntryPoint","urlTemplate":"https:\/\/alimentsamga.com\/fr\/?s={search_term_string}"},"query-input":{"@type":"PropertyValueSpecification","valueRequired":true,"valueName":"search_term_string"}}],"inLanguage":"fr-FR"},{"@type":"Organization","@id":"https:\/\/alimentsamga.com\/fr\/#organization","name":"AMGA","url":"https:\/\/alimentsamga.com\/fr\/","logo":{"@type":"ImageObject","inLanguage":"fr-FR","@id":"https:\/\/alimentsamga.com\/fr\/#\/schema\/logo\/image\/","url":"https:\/\/alimentsamga.com\/wp-content\/uploads\/2020\/11\/amgachezvous-logo-blue-e1619460460184.png","contentUrl":"https:\/\/alimentsamga.com\/wp-content\/uploads\/2020\/11\/amgachezvous-logo-blue-e1619460460184.png","width":131,"height":80,"caption":"AMGA"},"image":{"@id":"https:\/\/alimentsamga.com\/fr\/#\/schema\/logo\/image\/"},"sameAs":["https:\/\/www.instagram.com\/aliments.amga\/?hl=en"]}]}},"_links":{"self":[{"href":"https:\/\/alimentsamga.com\/fr\/wp-json\/wp\/v2\/product\/5964","targetHints":{"allow":["GET"]}}],"collection":[{"href":"https:\/\/alimentsamga.com\/fr\/wp-json\/wp\/v2\/product"}],"about":[{"href":"https:\/\/alimentsamga.com\/fr\/wp-json\/wp\/v2\/types\/product"}],"replies":[{"embeddable":true,"href":"https:\/\/alimentsamga.com\/fr\/wp-json\/wp\/v2\/comments?post=5964"}],"wp:featuredmedia":[{"embeddable":true,"href":"https:\/\/alimentsamga.com\/fr\/wp-json\/wp\/v2\/media\/10449"}],"wp:attachment":[{"href":"https:\/\/alimentsamga.com\/fr\/wp-json\/wp\/v2\/media?parent=5964"}],"wp:term":[{"taxonomy":"product_brand","embeddable":true,"href":"https:\/\/alimentsamga.com\/fr\/wp-json\/wp\/v2\/product_brand?post=5964"},{"taxonomy":"product_cat","embeddable":true,"href":"https:\/\/alimentsamga.com\/fr\/wp-json\/wp\/v2\/product_cat?post=5964"},{"taxonomy":"product_tag","embeddable":true,"href":"https:\/\/alimentsamga.com\/fr\/wp-json\/wp\/v2\/product_tag?post=5964"}],"curies":[{"name":"wp","href":"https:\/\/api.w.org\/{rel}","templated":true}]}}