{"id":5533,"date":"2021-11-30T15:21:40","date_gmt":"2021-11-30T20:21:40","guid":{"rendered":"https:\/\/alimentsamga.com\/?post_type=product&#038;p=5533"},"modified":"2025-03-05T09:33:53","modified_gmt":"2025-03-05T14:33:53","slug":"nostimo-epices-a-bifteck","status":"publish","type":"product","link":"https:\/\/alimentsamga.com\/fr\/produit\/nostimo-epices-a-bifteck\/","title":{"rendered":"N\u00f3stimo \u00c9pices \u00e0 bifteck"},"content":{"rendered":"<p>Les \u00c9pices \u00e0 bifteck N\u00f3stimo ajoutent une explosion de saveurs \u00e0 vos viandes. Ce m\u00e9lange unique d&rsquo;\u00e9pices, de moutarde, d&rsquo;ail d\u00e9shydrat\u00e9 et de fines herbes rehausse la richesse de vos biftecks. Facile \u00e0 utiliser, il suffit de saupoudrer sur votre viande avant la cuisson pour un go\u00fbt exceptionnel. Ce m\u00e9lange d&rsquo;\u00e9pices de 80g (2.82 ounces) est parfait pour assaisonner vos grillades et donner un coup de pouce \u00e0 vos recettes.<\/p>\n<p data-start=\"736\" data-end=\"1157\">Gr\u00e2ce \u00e0 la combinaison d&rsquo;ail, de moutarde et d&rsquo;\u00e9pices, chaque bouch\u00e9e de bifteck devient plus savoureuse et plus m\u00e9morable. Ces \u00e9pices sont \u00e9galement id\u00e9ales pour mariner vos viandes avant de les griller. Leur texture fine et leur ar\u00f4me riche assurent un assaisonnement parfait \u00e0 chaque fois. Profitez de la qualit\u00e9 et de la saveur exceptionnelles des \u00c9pices N\u00f3stimo pour vos repas les plus gourmands.<\/p>\n<p>Consultez nos autres <a href=\"https:\/\/alimentsamga.com\/fr\/categorie-produit\/la-paire-parfaite\/\">Assaisonnements ici.<\/a><\/p>\n","protected":false},"excerpt":{"rendered":"Ingr\u00e9dients: Sel, \u00c9pices (incluant moutarde) et fines herbes, Ail d\u00e9shydrat\u00e9, Huile de palme, Extraits d&rsquo;\u00e9pice\r\n\r\n80gr\r\n\r\nMarque: AMGA Chez Vous\r\n\r\nContient: Moutarde","protected":false},"featured_media":11001,"comment_status":"closed","ping_status":"closed","template":"","meta":{"content-type":""},"product_brand":[],"product_cat":[154,38],"product_tag":[],"class_list":{"0":"post-5533","1":"product","2":"type-product","3":"status-publish","4":"has-post-thumbnail","6":"product_cat-la-paire-parfaite","7":"product_cat-non-classifiee","9":"first","10":"outofstock","11":"shipping-taxable","12":"purchasable","13":"product-type-simple"},"bundle_layout":"","bundle_add_to_cart_form_location":"","bundle_editable_in_cart":false,"bundle_sold_individually_context":"","bundle_item_grouping":"","bundle_min_size":"","bundle_max_size":"","bundled_by":[],"bundled_items":[],"yoast_head":"<!-- This site is optimized with the Yoast SEO plugin v27.4 - https:\/\/yoast.com\/product\/yoast-seo-wordpress\/ -->\n<title>N\u00f3stimo \u00c9pices \u00e0 bifteck - AMGA<\/title>\n<meta name=\"description\" content=\"Achetez les \u00c9pices \u00e0 bifteck N\u00f3stimo, un m\u00e9lange d&#039;\u00e9pices savoureux, id\u00e9al pour assaisonner vos viandes. Parfait pour rehausser le go\u00fbt de vos biftecks et grillades.\" \/>\n<meta name=\"robots\" content=\"index, follow, max-snippet:-1, max-image-preview:large, max-video-preview:-1\" \/>\n<link rel=\"canonical\" href=\"https:\/\/alimentsamga.com\/fr\/produit\/nostimo-epices-a-bifteck\/\" \/>\n<meta property=\"og:locale\" content=\"fr_FR\" \/>\n<meta property=\"og:type\" content=\"article\" \/>\n<meta property=\"og:title\" content=\"N\u00f3stimo \u00c9pices \u00e0 bifteck - AMGA\" \/>\n<meta property=\"og:description\" content=\"Achetez les \u00c9pices \u00e0 bifteck N\u00f3stimo, un m\u00e9lange d&#039;\u00e9pices savoureux, id\u00e9al pour assaisonner vos viandes. Parfait pour rehausser le go\u00fbt de vos biftecks et grillades.\" \/>\n<meta property=\"og:url\" content=\"https:\/\/alimentsamga.com\/fr\/produit\/nostimo-epices-a-bifteck\/\" \/>\n<meta property=\"og:site_name\" content=\"AMGA\" \/>\n<meta property=\"article:modified_time\" content=\"2025-03-05T14:33:53+00:00\" \/>\n<meta property=\"og:image\" content=\"https:\/\/alimentsamga.com\/wp-content\/uploads\/2021\/11\/NOSTIMO-JAR-1.jpg\" \/>\n\t<meta property=\"og:image:width\" content=\"1080\" \/>\n\t<meta property=\"og:image:height\" content=\"1080\" \/>\n\t<meta property=\"og:image:type\" content=\"image\/jpeg\" \/>\n<meta name=\"twitter:card\" content=\"summary_large_image\" \/>\n<meta name=\"twitter:label1\" content=\"Dur\u00e9e de lecture estim\u00e9e\" \/>\n\t<meta name=\"twitter:data1\" content=\"1 minute\" \/>\n<script type=\"application\/ld+json\" class=\"yoast-schema-graph\">{\"@context\":\"https:\\\/\\\/schema.org\",\"@graph\":[{\"@type\":\"WebPage\",\"@id\":\"https:\\\/\\\/alimentsamga.com\\\/fr\\\/produit\\\/nostimo-epices-a-bifteck\\\/\",\"url\":\"https:\\\/\\\/alimentsamga.com\\\/fr\\\/produit\\\/nostimo-epices-a-bifteck\\\/\",\"name\":\"N\u00f3stimo \u00c9pices \u00e0 bifteck - AMGA\",\"isPartOf\":{\"@id\":\"https:\\\/\\\/alimentsamga.com\\\/fr\\\/#website\"},\"primaryImageOfPage\":{\"@id\":\"https:\\\/\\\/alimentsamga.com\\\/fr\\\/produit\\\/nostimo-epices-a-bifteck\\\/#primaryimage\"},\"image\":{\"@id\":\"https:\\\/\\\/alimentsamga.com\\\/fr\\\/produit\\\/nostimo-epices-a-bifteck\\\/#primaryimage\"},\"thumbnailUrl\":\"https:\\\/\\\/alimentsamga.com\\\/wp-content\\\/uploads\\\/2021\\\/11\\\/NOSTIMO-JAR-1.jpg\",\"datePublished\":\"2021-11-30T20:21:40+00:00\",\"dateModified\":\"2025-03-05T14:33:53+00:00\",\"description\":\"Achetez les \u00c9pices \u00e0 bifteck N\u00f3stimo, un m\u00e9lange d'\u00e9pices savoureux, id\u00e9al pour assaisonner vos viandes. Parfait pour rehausser le go\u00fbt de vos biftecks et grillades.\",\"breadcrumb\":{\"@id\":\"https:\\\/\\\/alimentsamga.com\\\/fr\\\/produit\\\/nostimo-epices-a-bifteck\\\/#breadcrumb\"},\"inLanguage\":\"fr-FR\",\"potentialAction\":[{\"@type\":\"ReadAction\",\"target\":[\"https:\\\/\\\/alimentsamga.com\\\/fr\\\/produit\\\/nostimo-epices-a-bifteck\\\/\"]}]},{\"@type\":\"ImageObject\",\"inLanguage\":\"fr-FR\",\"@id\":\"https:\\\/\\\/alimentsamga.com\\\/fr\\\/produit\\\/nostimo-epices-a-bifteck\\\/#primaryimage\",\"url\":\"https:\\\/\\\/alimentsamga.com\\\/wp-content\\\/uploads\\\/2021\\\/11\\\/NOSTIMO-JAR-1.jpg\",\"contentUrl\":\"https:\\\/\\\/alimentsamga.com\\\/wp-content\\\/uploads\\\/2021\\\/11\\\/NOSTIMO-JAR-1.jpg\",\"width\":1080,\"height\":1080,\"caption\":\"\u00c9pices \u00e0 bifteck\"},{\"@type\":\"BreadcrumbList\",\"@id\":\"https:\\\/\\\/alimentsamga.com\\\/fr\\\/produit\\\/nostimo-epices-a-bifteck\\\/#breadcrumb\",\"itemListElement\":[{\"@type\":\"ListItem\",\"position\":1,\"name\":\"Home\",\"item\":\"https:\\\/\\\/alimentsamga.com\\\/fr\\\/\"},{\"@type\":\"ListItem\",\"position\":2,\"name\":\"Boutique\",\"item\":\"https:\\\/\\\/alimentsamga.com\\\/fr\\\/boutique\\\/\"},{\"@type\":\"ListItem\",\"position\":3,\"name\":\"N\u00f3stimo \u00c9pices \u00e0 bifteck\"}]},{\"@type\":\"WebSite\",\"@id\":\"https:\\\/\\\/alimentsamga.com\\\/fr\\\/#website\",\"url\":\"https:\\\/\\\/alimentsamga.com\\\/fr\\\/\",\"name\":\"AMGA\",\"description\":\"Aliments Amga\",\"publisher\":{\"@id\":\"https:\\\/\\\/alimentsamga.com\\\/fr\\\/#organization\"},\"potentialAction\":[{\"@type\":\"SearchAction\",\"target\":{\"@type\":\"EntryPoint\",\"urlTemplate\":\"https:\\\/\\\/alimentsamga.com\\\/fr\\\/?s={search_term_string}\"},\"query-input\":{\"@type\":\"PropertyValueSpecification\",\"valueRequired\":true,\"valueName\":\"search_term_string\"}}],\"inLanguage\":\"fr-FR\"},{\"@type\":\"Organization\",\"@id\":\"https:\\\/\\\/alimentsamga.com\\\/fr\\\/#organization\",\"name\":\"AMGA\",\"url\":\"https:\\\/\\\/alimentsamga.com\\\/fr\\\/\",\"logo\":{\"@type\":\"ImageObject\",\"inLanguage\":\"fr-FR\",\"@id\":\"https:\\\/\\\/alimentsamga.com\\\/fr\\\/#\\\/schema\\\/logo\\\/image\\\/\",\"url\":\"https:\\\/\\\/alimentsamga.com\\\/wp-content\\\/uploads\\\/2020\\\/11\\\/amgachezvous-logo-blue-e1619460460184.png\",\"contentUrl\":\"https:\\\/\\\/alimentsamga.com\\\/wp-content\\\/uploads\\\/2020\\\/11\\\/amgachezvous-logo-blue-e1619460460184.png\",\"width\":131,\"height\":80,\"caption\":\"AMGA\"},\"image\":{\"@id\":\"https:\\\/\\\/alimentsamga.com\\\/fr\\\/#\\\/schema\\\/logo\\\/image\\\/\"},\"sameAs\":[\"https:\\\/\\\/www.instagram.com\\\/aliments.amga\\\/?hl=en\"]}]}<\/script>\n<!-- \/ Yoast SEO plugin. -->","yoast_head_json":{"title":"N\u00f3stimo \u00c9pices \u00e0 bifteck - AMGA","description":"Achetez les \u00c9pices \u00e0 bifteck N\u00f3stimo, un m\u00e9lange d'\u00e9pices savoureux, id\u00e9al pour assaisonner vos viandes. Parfait pour rehausser le go\u00fbt de vos biftecks et grillades.","robots":{"index":"index","follow":"follow","max-snippet":"max-snippet:-1","max-image-preview":"max-image-preview:large","max-video-preview":"max-video-preview:-1"},"canonical":"https:\/\/alimentsamga.com\/fr\/produit\/nostimo-epices-a-bifteck\/","og_locale":"fr_FR","og_type":"article","og_title":"N\u00f3stimo \u00c9pices \u00e0 bifteck - AMGA","og_description":"Achetez les \u00c9pices \u00e0 bifteck N\u00f3stimo, un m\u00e9lange d'\u00e9pices savoureux, id\u00e9al pour assaisonner vos viandes. Parfait pour rehausser le go\u00fbt de vos biftecks et grillades.","og_url":"https:\/\/alimentsamga.com\/fr\/produit\/nostimo-epices-a-bifteck\/","og_site_name":"AMGA","article_modified_time":"2025-03-05T14:33:53+00:00","og_image":[{"width":1080,"height":1080,"url":"https:\/\/alimentsamga.com\/wp-content\/uploads\/2021\/11\/NOSTIMO-JAR-1.jpg","type":"image\/jpeg"}],"twitter_card":"summary_large_image","twitter_misc":{"Dur\u00e9e de lecture estim\u00e9e":"1 minute"},"schema":{"@context":"https:\/\/schema.org","@graph":[{"@type":"WebPage","@id":"https:\/\/alimentsamga.com\/fr\/produit\/nostimo-epices-a-bifteck\/","url":"https:\/\/alimentsamga.com\/fr\/produit\/nostimo-epices-a-bifteck\/","name":"N\u00f3stimo \u00c9pices \u00e0 bifteck - AMGA","isPartOf":{"@id":"https:\/\/alimentsamga.com\/fr\/#website"},"primaryImageOfPage":{"@id":"https:\/\/alimentsamga.com\/fr\/produit\/nostimo-epices-a-bifteck\/#primaryimage"},"image":{"@id":"https:\/\/alimentsamga.com\/fr\/produit\/nostimo-epices-a-bifteck\/#primaryimage"},"thumbnailUrl":"https:\/\/alimentsamga.com\/wp-content\/uploads\/2021\/11\/NOSTIMO-JAR-1.jpg","datePublished":"2021-11-30T20:21:40+00:00","dateModified":"2025-03-05T14:33:53+00:00","description":"Achetez les \u00c9pices \u00e0 bifteck N\u00f3stimo, un m\u00e9lange d'\u00e9pices savoureux, id\u00e9al pour assaisonner vos viandes. Parfait pour rehausser le go\u00fbt de vos biftecks et grillades.","breadcrumb":{"@id":"https:\/\/alimentsamga.com\/fr\/produit\/nostimo-epices-a-bifteck\/#breadcrumb"},"inLanguage":"fr-FR","potentialAction":[{"@type":"ReadAction","target":["https:\/\/alimentsamga.com\/fr\/produit\/nostimo-epices-a-bifteck\/"]}]},{"@type":"ImageObject","inLanguage":"fr-FR","@id":"https:\/\/alimentsamga.com\/fr\/produit\/nostimo-epices-a-bifteck\/#primaryimage","url":"https:\/\/alimentsamga.com\/wp-content\/uploads\/2021\/11\/NOSTIMO-JAR-1.jpg","contentUrl":"https:\/\/alimentsamga.com\/wp-content\/uploads\/2021\/11\/NOSTIMO-JAR-1.jpg","width":1080,"height":1080,"caption":"\u00c9pices \u00e0 bifteck"},{"@type":"BreadcrumbList","@id":"https:\/\/alimentsamga.com\/fr\/produit\/nostimo-epices-a-bifteck\/#breadcrumb","itemListElement":[{"@type":"ListItem","position":1,"name":"Home","item":"https:\/\/alimentsamga.com\/fr\/"},{"@type":"ListItem","position":2,"name":"Boutique","item":"https:\/\/alimentsamga.com\/fr\/boutique\/"},{"@type":"ListItem","position":3,"name":"N\u00f3stimo \u00c9pices \u00e0 bifteck"}]},{"@type":"WebSite","@id":"https:\/\/alimentsamga.com\/fr\/#website","url":"https:\/\/alimentsamga.com\/fr\/","name":"AMGA","description":"Aliments Amga","publisher":{"@id":"https:\/\/alimentsamga.com\/fr\/#organization"},"potentialAction":[{"@type":"SearchAction","target":{"@type":"EntryPoint","urlTemplate":"https:\/\/alimentsamga.com\/fr\/?s={search_term_string}"},"query-input":{"@type":"PropertyValueSpecification","valueRequired":true,"valueName":"search_term_string"}}],"inLanguage":"fr-FR"},{"@type":"Organization","@id":"https:\/\/alimentsamga.com\/fr\/#organization","name":"AMGA","url":"https:\/\/alimentsamga.com\/fr\/","logo":{"@type":"ImageObject","inLanguage":"fr-FR","@id":"https:\/\/alimentsamga.com\/fr\/#\/schema\/logo\/image\/","url":"https:\/\/alimentsamga.com\/wp-content\/uploads\/2020\/11\/amgachezvous-logo-blue-e1619460460184.png","contentUrl":"https:\/\/alimentsamga.com\/wp-content\/uploads\/2020\/11\/amgachezvous-logo-blue-e1619460460184.png","width":131,"height":80,"caption":"AMGA"},"image":{"@id":"https:\/\/alimentsamga.com\/fr\/#\/schema\/logo\/image\/"},"sameAs":["https:\/\/www.instagram.com\/aliments.amga\/?hl=en"]}]}},"_links":{"self":[{"href":"https:\/\/alimentsamga.com\/fr\/wp-json\/wp\/v2\/product\/5533","targetHints":{"allow":["GET"]}}],"collection":[{"href":"https:\/\/alimentsamga.com\/fr\/wp-json\/wp\/v2\/product"}],"about":[{"href":"https:\/\/alimentsamga.com\/fr\/wp-json\/wp\/v2\/types\/product"}],"replies":[{"embeddable":true,"href":"https:\/\/alimentsamga.com\/fr\/wp-json\/wp\/v2\/comments?post=5533"}],"wp:featuredmedia":[{"embeddable":true,"href":"https:\/\/alimentsamga.com\/fr\/wp-json\/wp\/v2\/media\/11001"}],"wp:attachment":[{"href":"https:\/\/alimentsamga.com\/fr\/wp-json\/wp\/v2\/media?parent=5533"}],"wp:term":[{"taxonomy":"product_brand","embeddable":true,"href":"https:\/\/alimentsamga.com\/fr\/wp-json\/wp\/v2\/product_brand?post=5533"},{"taxonomy":"product_cat","embeddable":true,"href":"https:\/\/alimentsamga.com\/fr\/wp-json\/wp\/v2\/product_cat?post=5533"},{"taxonomy":"product_tag","embeddable":true,"href":"https:\/\/alimentsamga.com\/fr\/wp-json\/wp\/v2\/product_tag?post=5533"}],"curies":[{"name":"wp","href":"https:\/\/api.w.org\/{rel}","templated":true}]}}