{"id":4786,"date":"2021-11-04T14:12:28","date_gmt":"2021-11-04T19:09:22","guid":{"rendered":"https:\/\/alimentsamga.com\/?post_type=product&#038;p=4786"},"modified":"2025-03-10T11:23:54","modified_gmt":"2025-03-10T15:23:54","slug":"cubes-de-porc","status":"publish","type":"product","link":"https:\/\/alimentsamga.com\/fr\/produit\/cubes-de-porc\/","title":{"rendered":"Cubes de porc"},"content":{"rendered":"<p data-start=\"1007\" data-end=\"1339\">Vous recherchez du porc de qualit\u00e9 sup\u00e9rieure? Nos cubes de porc frais \u00e0 vendre proviennent de la tendre \u00e9paule de porc, parfaits pour des rago\u00fbts, des saut\u00e9s et des brais\u00e9s. Chaque paquet de 1kg (2.2 pounds) est soigneusement sourc\u00e9 de fermes locales canadiennes pour garantir fra\u00eecheur et viande de premi\u00e8re qualit\u00e9.<\/p>\n<p data-start=\"1341\" data-end=\"1636\">Ces Cubes de Porc Frais \u00e0 Vendre polyvalents apportent une saveur riche et une tendret\u00e9 exceptionnelles \u00e0 tous vos plats. Que ce soit pour un rago\u00fbt copieux ou un saut\u00e9 rapide, les cubes de porc frais offrent la base id\u00e9ale. Profitez de la commodit\u00e9 de porc frais, localement sourc\u00e9 et livr\u00e9 directement \u00e0 votre porte.<\/p>\n<p>Consultez nos <a href=\"https:\/\/alimentsamga.com\/fr\/categorie-produit\/porc\/\">autres produits de porc ici.<\/a><\/p>\n","protected":false},"excerpt":{"rendered":"1kg\r\n\r\nCubes Frais coup\u00e9s dans l&rsquo;\u00e9paule du porc.\r\n\r\nTous nos produits sont frais, proviennent de fermes canadiennes et sont livr\u00e9s \u00e0 votre porte.","protected":false},"featured_media":10468,"comment_status":"closed","ping_status":"closed","template":"","meta":{"content-type":""},"product_brand":[],"product_cat":[87],"product_tag":[],"class_list":{"0":"post-4786","1":"product","2":"type-product","3":"status-publish","4":"has-post-thumbnail","6":"product_cat-porc","8":"first","9":"instock","10":"shipping-taxable","11":"purchasable","12":"product-type-variable"},"bundle_layout":"","bundle_add_to_cart_form_location":"","bundle_editable_in_cart":false,"bundle_sold_individually_context":"","bundle_item_grouping":"","bundle_min_size":"","bundle_max_size":"","bundled_by":[],"bundled_items":[],"yoast_head":"<!-- This site is optimized with the Yoast SEO plugin v27.4 - https:\/\/yoast.com\/product\/yoast-seo-wordpress\/ -->\n<title>Cubes de Porc Frais \u00e0 Vendre | AMGA<\/title>\n<meta name=\"description\" content=\"Achetez nos cubes de porc frais \u00e0 vendre ! Savourez des cubes tendres de longe de porc, parfaits pour des rago\u00fbts, des saut\u00e9s et plus encore.\" \/>\n<meta name=\"robots\" content=\"index, follow, max-snippet:-1, max-image-preview:large, max-video-preview:-1\" \/>\n<link rel=\"canonical\" href=\"https:\/\/alimentsamga.com\/fr\/produit\/cubes-de-porc\/\" \/>\n<meta property=\"og:locale\" content=\"fr_FR\" \/>\n<meta property=\"og:type\" content=\"article\" \/>\n<meta property=\"og:title\" content=\"Cubes de Porc Frais \u00e0 Vendre | AMGA\" \/>\n<meta property=\"og:description\" content=\"Achetez nos cubes de porc frais \u00e0 vendre ! Savourez des cubes tendres de longe de porc, parfaits pour des rago\u00fbts, des saut\u00e9s et plus encore.\" \/>\n<meta property=\"og:url\" content=\"https:\/\/alimentsamga.com\/fr\/produit\/cubes-de-porc\/\" \/>\n<meta property=\"og:site_name\" content=\"AMGA\" \/>\n<meta property=\"article:modified_time\" content=\"2025-03-10T15:23:54+00:00\" \/>\n<meta property=\"og:image\" content=\"https:\/\/alimentsamga.com\/wp-content\/uploads\/2021\/11\/4254-2.jpg\" \/>\n\t<meta property=\"og:image:width\" content=\"720\" \/>\n\t<meta property=\"og:image:height\" content=\"480\" \/>\n\t<meta property=\"og:image:type\" content=\"image\/jpeg\" \/>\n<meta name=\"twitter:card\" content=\"summary_large_image\" \/>\n<meta name=\"twitter:label1\" content=\"Dur\u00e9e de lecture estim\u00e9e\" \/>\n\t<meta name=\"twitter:data1\" content=\"1 minute\" \/>\n<script type=\"application\/ld+json\" class=\"yoast-schema-graph\">{\"@context\":\"https:\\\/\\\/schema.org\",\"@graph\":[{\"@type\":\"WebPage\",\"@id\":\"https:\\\/\\\/alimentsamga.com\\\/fr\\\/produit\\\/cubes-de-porc\\\/\",\"url\":\"https:\\\/\\\/alimentsamga.com\\\/fr\\\/produit\\\/cubes-de-porc\\\/\",\"name\":\"Cubes de Porc Frais \u00e0 Vendre | AMGA\",\"isPartOf\":{\"@id\":\"https:\\\/\\\/alimentsamga.com\\\/fr\\\/#website\"},\"primaryImageOfPage\":{\"@id\":\"https:\\\/\\\/alimentsamga.com\\\/fr\\\/produit\\\/cubes-de-porc\\\/#primaryimage\"},\"image\":{\"@id\":\"https:\\\/\\\/alimentsamga.com\\\/fr\\\/produit\\\/cubes-de-porc\\\/#primaryimage\"},\"thumbnailUrl\":\"https:\\\/\\\/alimentsamga.com\\\/wp-content\\\/uploads\\\/2021\\\/11\\\/4254-2.jpg\",\"datePublished\":\"2021-11-04T19:09:22+00:00\",\"dateModified\":\"2025-03-10T15:23:54+00:00\",\"description\":\"Achetez nos cubes de porc frais \u00e0 vendre ! Savourez des cubes tendres de longe de porc, parfaits pour des rago\u00fbts, des saut\u00e9s et plus encore.\",\"breadcrumb\":{\"@id\":\"https:\\\/\\\/alimentsamga.com\\\/fr\\\/produit\\\/cubes-de-porc\\\/#breadcrumb\"},\"inLanguage\":\"fr-FR\",\"potentialAction\":[{\"@type\":\"ReadAction\",\"target\":[\"https:\\\/\\\/alimentsamga.com\\\/fr\\\/produit\\\/cubes-de-porc\\\/\"]}]},{\"@type\":\"ImageObject\",\"inLanguage\":\"fr-FR\",\"@id\":\"https:\\\/\\\/alimentsamga.com\\\/fr\\\/produit\\\/cubes-de-porc\\\/#primaryimage\",\"url\":\"https:\\\/\\\/alimentsamga.com\\\/wp-content\\\/uploads\\\/2021\\\/11\\\/4254-2.jpg\",\"contentUrl\":\"https:\\\/\\\/alimentsamga.com\\\/wp-content\\\/uploads\\\/2021\\\/11\\\/4254-2.jpg\",\"width\":720,\"height\":480,\"caption\":\"Fresh Pork Cubes for Sale\"},{\"@type\":\"BreadcrumbList\",\"@id\":\"https:\\\/\\\/alimentsamga.com\\\/fr\\\/produit\\\/cubes-de-porc\\\/#breadcrumb\",\"itemListElement\":[{\"@type\":\"ListItem\",\"position\":1,\"name\":\"Home\",\"item\":\"https:\\\/\\\/alimentsamga.com\\\/fr\\\/\"},{\"@type\":\"ListItem\",\"position\":2,\"name\":\"Boutique\",\"item\":\"https:\\\/\\\/alimentsamga.com\\\/fr\\\/boutique\\\/\"},{\"@type\":\"ListItem\",\"position\":3,\"name\":\"Cubes de porc\"}]},{\"@type\":\"WebSite\",\"@id\":\"https:\\\/\\\/alimentsamga.com\\\/fr\\\/#website\",\"url\":\"https:\\\/\\\/alimentsamga.com\\\/fr\\\/\",\"name\":\"AMGA\",\"description\":\"Aliments Amga\",\"publisher\":{\"@id\":\"https:\\\/\\\/alimentsamga.com\\\/fr\\\/#organization\"},\"potentialAction\":[{\"@type\":\"SearchAction\",\"target\":{\"@type\":\"EntryPoint\",\"urlTemplate\":\"https:\\\/\\\/alimentsamga.com\\\/fr\\\/?s={search_term_string}\"},\"query-input\":{\"@type\":\"PropertyValueSpecification\",\"valueRequired\":true,\"valueName\":\"search_term_string\"}}],\"inLanguage\":\"fr-FR\"},{\"@type\":\"Organization\",\"@id\":\"https:\\\/\\\/alimentsamga.com\\\/fr\\\/#organization\",\"name\":\"AMGA\",\"url\":\"https:\\\/\\\/alimentsamga.com\\\/fr\\\/\",\"logo\":{\"@type\":\"ImageObject\",\"inLanguage\":\"fr-FR\",\"@id\":\"https:\\\/\\\/alimentsamga.com\\\/fr\\\/#\\\/schema\\\/logo\\\/image\\\/\",\"url\":\"https:\\\/\\\/alimentsamga.com\\\/wp-content\\\/uploads\\\/2020\\\/11\\\/amgachezvous-logo-blue-e1619460460184.png\",\"contentUrl\":\"https:\\\/\\\/alimentsamga.com\\\/wp-content\\\/uploads\\\/2020\\\/11\\\/amgachezvous-logo-blue-e1619460460184.png\",\"width\":131,\"height\":80,\"caption\":\"AMGA\"},\"image\":{\"@id\":\"https:\\\/\\\/alimentsamga.com\\\/fr\\\/#\\\/schema\\\/logo\\\/image\\\/\"},\"sameAs\":[\"https:\\\/\\\/www.instagram.com\\\/aliments.amga\\\/?hl=en\"]}]}<\/script>\n<!-- \/ Yoast SEO plugin. -->","yoast_head_json":{"title":"Cubes de Porc Frais \u00e0 Vendre | AMGA","description":"Achetez nos cubes de porc frais \u00e0 vendre ! Savourez des cubes tendres de longe de porc, parfaits pour des rago\u00fbts, des saut\u00e9s et plus encore.","robots":{"index":"index","follow":"follow","max-snippet":"max-snippet:-1","max-image-preview":"max-image-preview:large","max-video-preview":"max-video-preview:-1"},"canonical":"https:\/\/alimentsamga.com\/fr\/produit\/cubes-de-porc\/","og_locale":"fr_FR","og_type":"article","og_title":"Cubes de Porc Frais \u00e0 Vendre | AMGA","og_description":"Achetez nos cubes de porc frais \u00e0 vendre ! Savourez des cubes tendres de longe de porc, parfaits pour des rago\u00fbts, des saut\u00e9s et plus encore.","og_url":"https:\/\/alimentsamga.com\/fr\/produit\/cubes-de-porc\/","og_site_name":"AMGA","article_modified_time":"2025-03-10T15:23:54+00:00","og_image":[{"width":720,"height":480,"url":"https:\/\/alimentsamga.com\/wp-content\/uploads\/2021\/11\/4254-2.jpg","type":"image\/jpeg"}],"twitter_card":"summary_large_image","twitter_misc":{"Dur\u00e9e de lecture estim\u00e9e":"1 minute"},"schema":{"@context":"https:\/\/schema.org","@graph":[{"@type":"WebPage","@id":"https:\/\/alimentsamga.com\/fr\/produit\/cubes-de-porc\/","url":"https:\/\/alimentsamga.com\/fr\/produit\/cubes-de-porc\/","name":"Cubes de Porc Frais \u00e0 Vendre | AMGA","isPartOf":{"@id":"https:\/\/alimentsamga.com\/fr\/#website"},"primaryImageOfPage":{"@id":"https:\/\/alimentsamga.com\/fr\/produit\/cubes-de-porc\/#primaryimage"},"image":{"@id":"https:\/\/alimentsamga.com\/fr\/produit\/cubes-de-porc\/#primaryimage"},"thumbnailUrl":"https:\/\/alimentsamga.com\/wp-content\/uploads\/2021\/11\/4254-2.jpg","datePublished":"2021-11-04T19:09:22+00:00","dateModified":"2025-03-10T15:23:54+00:00","description":"Achetez nos cubes de porc frais \u00e0 vendre ! Savourez des cubes tendres de longe de porc, parfaits pour des rago\u00fbts, des saut\u00e9s et plus encore.","breadcrumb":{"@id":"https:\/\/alimentsamga.com\/fr\/produit\/cubes-de-porc\/#breadcrumb"},"inLanguage":"fr-FR","potentialAction":[{"@type":"ReadAction","target":["https:\/\/alimentsamga.com\/fr\/produit\/cubes-de-porc\/"]}]},{"@type":"ImageObject","inLanguage":"fr-FR","@id":"https:\/\/alimentsamga.com\/fr\/produit\/cubes-de-porc\/#primaryimage","url":"https:\/\/alimentsamga.com\/wp-content\/uploads\/2021\/11\/4254-2.jpg","contentUrl":"https:\/\/alimentsamga.com\/wp-content\/uploads\/2021\/11\/4254-2.jpg","width":720,"height":480,"caption":"Fresh Pork Cubes for Sale"},{"@type":"BreadcrumbList","@id":"https:\/\/alimentsamga.com\/fr\/produit\/cubes-de-porc\/#breadcrumb","itemListElement":[{"@type":"ListItem","position":1,"name":"Home","item":"https:\/\/alimentsamga.com\/fr\/"},{"@type":"ListItem","position":2,"name":"Boutique","item":"https:\/\/alimentsamga.com\/fr\/boutique\/"},{"@type":"ListItem","position":3,"name":"Cubes de porc"}]},{"@type":"WebSite","@id":"https:\/\/alimentsamga.com\/fr\/#website","url":"https:\/\/alimentsamga.com\/fr\/","name":"AMGA","description":"Aliments Amga","publisher":{"@id":"https:\/\/alimentsamga.com\/fr\/#organization"},"potentialAction":[{"@type":"SearchAction","target":{"@type":"EntryPoint","urlTemplate":"https:\/\/alimentsamga.com\/fr\/?s={search_term_string}"},"query-input":{"@type":"PropertyValueSpecification","valueRequired":true,"valueName":"search_term_string"}}],"inLanguage":"fr-FR"},{"@type":"Organization","@id":"https:\/\/alimentsamga.com\/fr\/#organization","name":"AMGA","url":"https:\/\/alimentsamga.com\/fr\/","logo":{"@type":"ImageObject","inLanguage":"fr-FR","@id":"https:\/\/alimentsamga.com\/fr\/#\/schema\/logo\/image\/","url":"https:\/\/alimentsamga.com\/wp-content\/uploads\/2020\/11\/amgachezvous-logo-blue-e1619460460184.png","contentUrl":"https:\/\/alimentsamga.com\/wp-content\/uploads\/2020\/11\/amgachezvous-logo-blue-e1619460460184.png","width":131,"height":80,"caption":"AMGA"},"image":{"@id":"https:\/\/alimentsamga.com\/fr\/#\/schema\/logo\/image\/"},"sameAs":["https:\/\/www.instagram.com\/aliments.amga\/?hl=en"]}]}},"_links":{"self":[{"href":"https:\/\/alimentsamga.com\/fr\/wp-json\/wp\/v2\/product\/4786","targetHints":{"allow":["GET"]}}],"collection":[{"href":"https:\/\/alimentsamga.com\/fr\/wp-json\/wp\/v2\/product"}],"about":[{"href":"https:\/\/alimentsamga.com\/fr\/wp-json\/wp\/v2\/types\/product"}],"replies":[{"embeddable":true,"href":"https:\/\/alimentsamga.com\/fr\/wp-json\/wp\/v2\/comments?post=4786"}],"wp:featuredmedia":[{"embeddable":true,"href":"https:\/\/alimentsamga.com\/fr\/wp-json\/wp\/v2\/media\/10468"}],"wp:attachment":[{"href":"https:\/\/alimentsamga.com\/fr\/wp-json\/wp\/v2\/media?parent=4786"}],"wp:term":[{"taxonomy":"product_brand","embeddable":true,"href":"https:\/\/alimentsamga.com\/fr\/wp-json\/wp\/v2\/product_brand?post=4786"},{"taxonomy":"product_cat","embeddable":true,"href":"https:\/\/alimentsamga.com\/fr\/wp-json\/wp\/v2\/product_cat?post=4786"},{"taxonomy":"product_tag","embeddable":true,"href":"https:\/\/alimentsamga.com\/fr\/wp-json\/wp\/v2\/product_tag?post=4786"}],"curies":[{"name":"wp","href":"https:\/\/api.w.org\/{rel}","templated":true}]}}