{"id":4784,"date":"2021-11-04T14:10:34","date_gmt":"2021-11-04T19:10:34","guid":{"rendered":"https:\/\/alimentsamga.com\/?post_type=product&#038;p=4784"},"modified":"2026-04-27T09:18:23","modified_gmt":"2026-04-27T13:18:23","slug":"filet-mignon-de-boeuf-aaa","status":"publish","type":"product","link":"https:\/\/alimentsamga.com\/fr\/produit\/filet-mignon-de-boeuf-aaa\/","title":{"rendered":"Filet Mignon de B\u0153uf AAA"},"content":{"rendered":"<p>Notre Filet Mignon AAA est un morceau entier de boeuf de qualit\u00e9 sup\u00e9rieure, pesant environ 3,5 kg (11.02 pounds). Provenant de fermes canadiennes, ce filet mignon est de la plus haute qualit\u00e9, garantissant une saveur riche et une tendret\u00e9 qui fond dans la bouche. Que ce soit pour un d\u00eener en famille ou une occasion sp\u00e9ciale, cette coupe de boeuf est id\u00e9ale pour une cuisson au four parfaite.<\/p>\n<p data-start=\"1722\" data-end=\"2047\">Avec sa texture fine et sa saveur d\u00e9licate, le Filet Mignon de B\u0153uf AAA est parfait pour une vari\u00e9t\u00e9 de recettes, des r\u00f4tis simples aux plats gastronomiques. Sourced localement et livr\u00e9 directement \u00e0 votre porte, vous appr\u00e9cierez la qualit\u00e9 exceptionnelle de cette coupe de boeuf, transformant chaque repas en une c\u00e9l\u00e9bration de saveurs.<\/p>\n<p>La viande est fra\u00eeche\/surgel\u00e9e (\u00e9tait fra\u00eeche \u00e0 l\u2019origine et a ensuite \u00e9t\u00e9 congel\u00e9e)<\/p>\n<p>Consultez nos autres <a href=\"https:\/\/alimentsamga.com\/fr\/categorie-produit\/boeuf\/\">produits \u00e0 base de b\u0153uf ici.<\/a><\/p>\n","protected":false},"excerpt":{"rendered":"Environ 3,5 kg par pi\u00e8ce. Pi\u00e8ce enti\u00e8re de filet mignon AAA+.\r\n\r\nLa viande est fra\u00eeche\/surgel\u00e9e (\u00e9tait fra\u00eeche \u00e0 l\u2019origine et a ensuite \u00e9t\u00e9 congel\u00e9e)\r\n\r\nTous nos produits sont proviennent de fermes canadiennes et sont livr\u00e9s \u00e0 votre porte.","protected":false},"featured_media":10384,"comment_status":"closed","ping_status":"closed","template":"","meta":{"content-type":""},"product_brand":[],"product_cat":[465,165],"product_tag":[],"class_list":{"0":"post-4784","1":"product","2":"type-product","3":"status-publish","4":"has-post-thumbnail","6":"product_cat-boeuf","7":"product_cat-viandes","9":"first","10":"instock","11":"shipping-taxable","12":"purchasable","13":"product-type-simple"},"bundle_layout":"","bundle_add_to_cart_form_location":"","bundle_editable_in_cart":false,"bundle_sold_individually_context":"","bundle_item_grouping":"","bundle_min_size":"","bundle_max_size":"","bundled_by":[],"bundled_items":[],"yoast_head":"<!-- This site is optimized with the Yoast SEO plugin v27.5 - https:\/\/yoast.com\/product\/yoast-seo-wordpress\/ -->\n<title>Filet Mignon de B\u0153uf AAA - AMGA<\/title>\n<meta name=\"description\" content=\"Achetez un Filet Mignon AAA frais \u2013 Environ 3,5 kg de boeuf AAA+, parfait pour la cuisson au four ou les occasions sp\u00e9ciales. Livr\u00e9 \u00e0 votre porte.\" \/>\n<meta name=\"robots\" content=\"index, follow, max-snippet:-1, max-image-preview:large, max-video-preview:-1\" \/>\n<link rel=\"canonical\" href=\"https:\/\/alimentsamga.com\/fr\/produit\/filet-mignon-de-boeuf-aaa\/\" \/>\n<meta property=\"og:locale\" content=\"fr_FR\" \/>\n<meta property=\"og:type\" content=\"article\" \/>\n<meta property=\"og:title\" content=\"Filet Mignon de B\u0153uf AAA - AMGA\" \/>\n<meta property=\"og:description\" content=\"Achetez un Filet Mignon AAA frais \u2013 Environ 3,5 kg de boeuf AAA+, parfait pour la cuisson au four ou les occasions sp\u00e9ciales. Livr\u00e9 \u00e0 votre porte.\" \/>\n<meta property=\"og:url\" content=\"https:\/\/alimentsamga.com\/fr\/produit\/filet-mignon-de-boeuf-aaa\/\" \/>\n<meta property=\"og:site_name\" content=\"AMGA\" \/>\n<meta property=\"article:modified_time\" content=\"2026-04-27T13:18:23+00:00\" \/>\n<meta property=\"og:image\" content=\"https:\/\/alimentsamga.com\/wp-content\/uploads\/2021\/11\/2169-3.jpg\" \/>\n\t<meta property=\"og:image:width\" content=\"719\" \/>\n\t<meta property=\"og:image:height\" content=\"480\" \/>\n\t<meta property=\"og:image:type\" content=\"image\/jpeg\" \/>\n<meta name=\"twitter:card\" content=\"summary_large_image\" \/>\n<meta name=\"twitter:label1\" content=\"Dur\u00e9e de lecture estim\u00e9e\" \/>\n\t<meta name=\"twitter:data1\" content=\"1 minute\" \/>\n<script type=\"application\/ld+json\" class=\"yoast-schema-graph\">{\"@context\":\"https:\\\/\\\/schema.org\",\"@graph\":[{\"@type\":\"WebPage\",\"@id\":\"https:\\\/\\\/alimentsamga.com\\\/fr\\\/produit\\\/filet-mignon-de-boeuf-aaa\\\/\",\"url\":\"https:\\\/\\\/alimentsamga.com\\\/fr\\\/produit\\\/filet-mignon-de-boeuf-aaa\\\/\",\"name\":\"Filet Mignon de B\u0153uf AAA - AMGA\",\"isPartOf\":{\"@id\":\"https:\\\/\\\/alimentsamga.com\\\/fr\\\/#website\"},\"primaryImageOfPage\":{\"@id\":\"https:\\\/\\\/alimentsamga.com\\\/fr\\\/produit\\\/filet-mignon-de-boeuf-aaa\\\/#primaryimage\"},\"image\":{\"@id\":\"https:\\\/\\\/alimentsamga.com\\\/fr\\\/produit\\\/filet-mignon-de-boeuf-aaa\\\/#primaryimage\"},\"thumbnailUrl\":\"https:\\\/\\\/alimentsamga.com\\\/wp-content\\\/uploads\\\/2021\\\/11\\\/2169-3.jpg\",\"datePublished\":\"2021-11-04T19:10:34+00:00\",\"dateModified\":\"2026-04-27T13:18:23+00:00\",\"description\":\"Achetez un Filet Mignon AAA frais \u2013 Environ 3,5 kg de boeuf AAA+, parfait pour la cuisson au four ou les occasions sp\u00e9ciales. Livr\u00e9 \u00e0 votre porte.\",\"breadcrumb\":{\"@id\":\"https:\\\/\\\/alimentsamga.com\\\/fr\\\/produit\\\/filet-mignon-de-boeuf-aaa\\\/#breadcrumb\"},\"inLanguage\":\"fr-FR\",\"potentialAction\":[{\"@type\":\"ReadAction\",\"target\":[\"https:\\\/\\\/alimentsamga.com\\\/fr\\\/produit\\\/filet-mignon-de-boeuf-aaa\\\/\"]}]},{\"@type\":\"ImageObject\",\"inLanguage\":\"fr-FR\",\"@id\":\"https:\\\/\\\/alimentsamga.com\\\/fr\\\/produit\\\/filet-mignon-de-boeuf-aaa\\\/#primaryimage\",\"url\":\"https:\\\/\\\/alimentsamga.com\\\/wp-content\\\/uploads\\\/2021\\\/11\\\/2169-3.jpg\",\"contentUrl\":\"https:\\\/\\\/alimentsamga.com\\\/wp-content\\\/uploads\\\/2021\\\/11\\\/2169-3.jpg\",\"width\":719,\"height\":480,\"caption\":\"beef tenderloin aaa\"},{\"@type\":\"BreadcrumbList\",\"@id\":\"https:\\\/\\\/alimentsamga.com\\\/fr\\\/produit\\\/filet-mignon-de-boeuf-aaa\\\/#breadcrumb\",\"itemListElement\":[{\"@type\":\"ListItem\",\"position\":1,\"name\":\"Home\",\"item\":\"https:\\\/\\\/alimentsamga.com\\\/fr\\\/\"},{\"@type\":\"ListItem\",\"position\":2,\"name\":\"Boutique\",\"item\":\"https:\\\/\\\/alimentsamga.com\\\/fr\\\/boutique\\\/\"},{\"@type\":\"ListItem\",\"position\":3,\"name\":\"Filet Mignon de B\u0153uf AAA\"}]},{\"@type\":\"WebSite\",\"@id\":\"https:\\\/\\\/alimentsamga.com\\\/fr\\\/#website\",\"url\":\"https:\\\/\\\/alimentsamga.com\\\/fr\\\/\",\"name\":\"AMGA\",\"description\":\"Aliments Amga\",\"publisher\":{\"@id\":\"https:\\\/\\\/alimentsamga.com\\\/fr\\\/#organization\"},\"potentialAction\":[{\"@type\":\"SearchAction\",\"target\":{\"@type\":\"EntryPoint\",\"urlTemplate\":\"https:\\\/\\\/alimentsamga.com\\\/fr\\\/?s={search_term_string}\"},\"query-input\":{\"@type\":\"PropertyValueSpecification\",\"valueRequired\":true,\"valueName\":\"search_term_string\"}}],\"inLanguage\":\"fr-FR\"},{\"@type\":\"Organization\",\"@id\":\"https:\\\/\\\/alimentsamga.com\\\/fr\\\/#organization\",\"name\":\"AMGA\",\"url\":\"https:\\\/\\\/alimentsamga.com\\\/fr\\\/\",\"logo\":{\"@type\":\"ImageObject\",\"inLanguage\":\"fr-FR\",\"@id\":\"https:\\\/\\\/alimentsamga.com\\\/fr\\\/#\\\/schema\\\/logo\\\/image\\\/\",\"url\":\"https:\\\/\\\/alimentsamga.com\\\/wp-content\\\/uploads\\\/2020\\\/11\\\/amgachezvous-logo-blue-e1619460460184.png\",\"contentUrl\":\"https:\\\/\\\/alimentsamga.com\\\/wp-content\\\/uploads\\\/2020\\\/11\\\/amgachezvous-logo-blue-e1619460460184.png\",\"width\":131,\"height\":80,\"caption\":\"AMGA\"},\"image\":{\"@id\":\"https:\\\/\\\/alimentsamga.com\\\/fr\\\/#\\\/schema\\\/logo\\\/image\\\/\"},\"sameAs\":[\"https:\\\/\\\/www.instagram.com\\\/aliments.amga\\\/?hl=en\"]}]}<\/script>\n<!-- \/ Yoast SEO plugin. -->","yoast_head_json":{"title":"Filet Mignon de B\u0153uf AAA - AMGA","description":"Achetez un Filet Mignon AAA frais \u2013 Environ 3,5 kg de boeuf AAA+, parfait pour la cuisson au four ou les occasions sp\u00e9ciales. Livr\u00e9 \u00e0 votre porte.","robots":{"index":"index","follow":"follow","max-snippet":"max-snippet:-1","max-image-preview":"max-image-preview:large","max-video-preview":"max-video-preview:-1"},"canonical":"https:\/\/alimentsamga.com\/fr\/produit\/filet-mignon-de-boeuf-aaa\/","og_locale":"fr_FR","og_type":"article","og_title":"Filet Mignon de B\u0153uf AAA - AMGA","og_description":"Achetez un Filet Mignon AAA frais \u2013 Environ 3,5 kg de boeuf AAA+, parfait pour la cuisson au four ou les occasions sp\u00e9ciales. Livr\u00e9 \u00e0 votre porte.","og_url":"https:\/\/alimentsamga.com\/fr\/produit\/filet-mignon-de-boeuf-aaa\/","og_site_name":"AMGA","article_modified_time":"2026-04-27T13:18:23+00:00","og_image":[{"width":719,"height":480,"url":"https:\/\/alimentsamga.com\/wp-content\/uploads\/2021\/11\/2169-3.jpg","type":"image\/jpeg"}],"twitter_card":"summary_large_image","twitter_misc":{"Dur\u00e9e de lecture estim\u00e9e":"1 minute"},"schema":{"@context":"https:\/\/schema.org","@graph":[{"@type":"WebPage","@id":"https:\/\/alimentsamga.com\/fr\/produit\/filet-mignon-de-boeuf-aaa\/","url":"https:\/\/alimentsamga.com\/fr\/produit\/filet-mignon-de-boeuf-aaa\/","name":"Filet Mignon de B\u0153uf AAA - AMGA","isPartOf":{"@id":"https:\/\/alimentsamga.com\/fr\/#website"},"primaryImageOfPage":{"@id":"https:\/\/alimentsamga.com\/fr\/produit\/filet-mignon-de-boeuf-aaa\/#primaryimage"},"image":{"@id":"https:\/\/alimentsamga.com\/fr\/produit\/filet-mignon-de-boeuf-aaa\/#primaryimage"},"thumbnailUrl":"https:\/\/alimentsamga.com\/wp-content\/uploads\/2021\/11\/2169-3.jpg","datePublished":"2021-11-04T19:10:34+00:00","dateModified":"2026-04-27T13:18:23+00:00","description":"Achetez un Filet Mignon AAA frais \u2013 Environ 3,5 kg de boeuf AAA+, parfait pour la cuisson au four ou les occasions sp\u00e9ciales. Livr\u00e9 \u00e0 votre porte.","breadcrumb":{"@id":"https:\/\/alimentsamga.com\/fr\/produit\/filet-mignon-de-boeuf-aaa\/#breadcrumb"},"inLanguage":"fr-FR","potentialAction":[{"@type":"ReadAction","target":["https:\/\/alimentsamga.com\/fr\/produit\/filet-mignon-de-boeuf-aaa\/"]}]},{"@type":"ImageObject","inLanguage":"fr-FR","@id":"https:\/\/alimentsamga.com\/fr\/produit\/filet-mignon-de-boeuf-aaa\/#primaryimage","url":"https:\/\/alimentsamga.com\/wp-content\/uploads\/2021\/11\/2169-3.jpg","contentUrl":"https:\/\/alimentsamga.com\/wp-content\/uploads\/2021\/11\/2169-3.jpg","width":719,"height":480,"caption":"beef tenderloin aaa"},{"@type":"BreadcrumbList","@id":"https:\/\/alimentsamga.com\/fr\/produit\/filet-mignon-de-boeuf-aaa\/#breadcrumb","itemListElement":[{"@type":"ListItem","position":1,"name":"Home","item":"https:\/\/alimentsamga.com\/fr\/"},{"@type":"ListItem","position":2,"name":"Boutique","item":"https:\/\/alimentsamga.com\/fr\/boutique\/"},{"@type":"ListItem","position":3,"name":"Filet Mignon de B\u0153uf AAA"}]},{"@type":"WebSite","@id":"https:\/\/alimentsamga.com\/fr\/#website","url":"https:\/\/alimentsamga.com\/fr\/","name":"AMGA","description":"Aliments Amga","publisher":{"@id":"https:\/\/alimentsamga.com\/fr\/#organization"},"potentialAction":[{"@type":"SearchAction","target":{"@type":"EntryPoint","urlTemplate":"https:\/\/alimentsamga.com\/fr\/?s={search_term_string}"},"query-input":{"@type":"PropertyValueSpecification","valueRequired":true,"valueName":"search_term_string"}}],"inLanguage":"fr-FR"},{"@type":"Organization","@id":"https:\/\/alimentsamga.com\/fr\/#organization","name":"AMGA","url":"https:\/\/alimentsamga.com\/fr\/","logo":{"@type":"ImageObject","inLanguage":"fr-FR","@id":"https:\/\/alimentsamga.com\/fr\/#\/schema\/logo\/image\/","url":"https:\/\/alimentsamga.com\/wp-content\/uploads\/2020\/11\/amgachezvous-logo-blue-e1619460460184.png","contentUrl":"https:\/\/alimentsamga.com\/wp-content\/uploads\/2020\/11\/amgachezvous-logo-blue-e1619460460184.png","width":131,"height":80,"caption":"AMGA"},"image":{"@id":"https:\/\/alimentsamga.com\/fr\/#\/schema\/logo\/image\/"},"sameAs":["https:\/\/www.instagram.com\/aliments.amga\/?hl=en"]}]}},"_links":{"self":[{"href":"https:\/\/alimentsamga.com\/fr\/wp-json\/wp\/v2\/product\/4784","targetHints":{"allow":["GET"]}}],"collection":[{"href":"https:\/\/alimentsamga.com\/fr\/wp-json\/wp\/v2\/product"}],"about":[{"href":"https:\/\/alimentsamga.com\/fr\/wp-json\/wp\/v2\/types\/product"}],"replies":[{"embeddable":true,"href":"https:\/\/alimentsamga.com\/fr\/wp-json\/wp\/v2\/comments?post=4784"}],"wp:featuredmedia":[{"embeddable":true,"href":"https:\/\/alimentsamga.com\/fr\/wp-json\/wp\/v2\/media\/10384"}],"wp:attachment":[{"href":"https:\/\/alimentsamga.com\/fr\/wp-json\/wp\/v2\/media?parent=4784"}],"wp:term":[{"taxonomy":"product_brand","embeddable":true,"href":"https:\/\/alimentsamga.com\/fr\/wp-json\/wp\/v2\/product_brand?post=4784"},{"taxonomy":"product_cat","embeddable":true,"href":"https:\/\/alimentsamga.com\/fr\/wp-json\/wp\/v2\/product_cat?post=4784"},{"taxonomy":"product_tag","embeddable":true,"href":"https:\/\/alimentsamga.com\/fr\/wp-json\/wp\/v2\/product_tag?post=4784"}],"curies":[{"name":"wp","href":"https:\/\/api.w.org\/{rel}","templated":true}]}}