{"id":4557,"date":"2021-09-17T11:42:52","date_gmt":"2021-09-17T16:42:52","guid":{"rendered":"https:\/\/alimentsamga.com\/product\/boite-du-boucher\/"},"modified":"2026-01-12T09:07:08","modified_gmt":"2026-01-12T14:07:08","slug":"boite-du-boucher","status":"publish","type":"product","link":"https:\/\/alimentsamga.com\/fr\/produit\/boite-du-boucher\/","title":{"rendered":"Bo\u00eete du Boucher"},"content":{"rendered":"<p>Les viandes Bo\u00eete du Boucher haut de gamme offrent une vari\u00e9t\u00e9 de coupes de haute qualit\u00e9 pour rehausser vos repas. Il comprend 10 c\u00f4telettes d&rsquo;agneau de Nouvelle-Z\u00e9lande, 1 paquet de 2 saucisses chorizo, 2 steaks de contre-filet AAA de 12 oz (340.19 grams), 4 steaks de c\u00f4tes AAA de 14 oz (396.89 grams), 2 filets mignons AAA de marque rouge de 8 oz (226.8 grams) et 500 g (17.64 ounces) de veau hach\u00e9. Ce m\u00e9lange est parfait pour griller, r\u00f4tir ou pr\u00e9parer des plats copieux.<\/p>\n<p>D&rsquo;une valeur de plus de 230 $, cette bo\u00eete offre une qualit\u00e9 et une vari\u00e9t\u00e9 exceptionnelles. Toutes les coupes sont soigneusement s\u00e9lectionn\u00e9es et scell\u00e9es sous vide pour garantir leur fra\u00eecheur. Que vous organisiez un souper ou que vous remplissiez votre cong\u00e9lateur, les viandes haut de gamme Butcher Box offrent des viandes de premier ordre pour tous vos besoins culinaires.<\/p>\n<p>Consultez ici <a href=\"\/?product_cat=boites\">nos autres bo\u00eetes de vari\u00e9t\u00e9s.<\/a><\/p>\n","protected":false},"excerpt":{"rendered":"<span class=\"tlid-translation translation\" lang=\"fr\"><span class=\"\" tabindex=\"-1\" title=\"\" contenteditable=\"false\">10 c\u00f4telettes d&rsquo;agneau de Nouvelle-Z\u00e9lande<\/span>\r\n<span class=\"\" title=\"\">1 paquet (2un) x saucisses chorizo<\/span>\r\n<span title=\"\">2 x steaks de contre-filet ny AAA 12 oz<\/span>\r\n<span title=\"\">4 x entrec\u00f4tes AAA 14 oz<\/span>\r\n<span title=\"\">2 x filet mignon rouge marque AAA 8 oz<\/span>\r\n<span class=\"\" title=\"\">500 x grammes de veau hach\u00e9<\/span><\/span>\r\n\r\nValeur sup\u00e9rieure \u00e0 170 $","protected":false},"featured_media":702,"comment_status":"open","ping_status":"closed","template":"","meta":{"content-type":""},"product_brand":[],"product_cat":[89],"product_tag":[],"class_list":{"0":"post-4557","1":"product","2":"type-product","3":"status-publish","4":"has-post-thumbnail","6":"product_cat-boites-viandes-et-fruits-de-mer","8":"first","9":"instock","10":"featured","11":"shipping-taxable","12":"purchasable","13":"product-type-bundle"},"bundle_layout":"default","bundle_add_to_cart_form_location":"default","bundle_editable_in_cart":false,"bundle_sold_individually_context":"product","bundle_item_grouping":"parent","bundle_min_size":"","bundle_max_size":"","bundled_by":[],"bundled_items":[{"bundled_item_id":92,"product_id":752,"menu_order":0,"quantity_min":10,"quantity_max":10,"quantity_default":10,"priced_individually":false,"shipped_individually":false,"override_title":false,"title":"C\u00f4telettes d&#8217;agneau Nouvelle-Z\u00e9lande","override_description":false,"description":"C\u00f4telettes d&#8217;agneau Nouvelle-Z\u00e9lande","optional":false,"hide_thumbnail":false,"discount":"","override_variations":false,"allowed_variations":[""],"override_default_variation_attributes":false,"default_variation_attributes":[],"single_product_visibility":"hidden","cart_visibility":"hidden","order_visibility":"visible","single_product_price_visibility":"visible","cart_price_visibility":"visible","order_price_visibility":"visible","stock_status":"in_stock"},{"bundled_item_id":93,"product_id":790,"menu_order":1,"quantity_min":1,"quantity_max":1,"quantity_default":1,"priced_individually":false,"shipped_individually":false,"override_title":false,"title":"Chorizo Saucisse","override_description":false,"description":"Chorizo Saucisse","optional":false,"hide_thumbnail":false,"discount":"","override_variations":false,"allowed_variations":[""],"override_default_variation_attributes":false,"default_variation_attributes":[],"single_product_visibility":"hidden","cart_visibility":"hidden","order_visibility":"visible","single_product_price_visibility":"visible","cart_price_visibility":"visible","order_price_visibility":"visible","stock_status":"in_stock"},{"bundled_item_id":94,"product_id":760,"menu_order":2,"quantity_min":2,"quantity_max":2,"quantity_default":2,"priced_individually":false,"shipped_individually":false,"override_title":false,"title":"Contre-filet NY vieilli AAA","override_description":false,"description":"Contre-filet NY vieilli AAA","optional":false,"hide_thumbnail":false,"discount":"","override_variations":true,"allowed_variations":[763],"override_default_variation_attributes":true,"default_variation_attributes":[{"id":4,"name":"Steak Size","option":"12oz-fr"}],"single_product_visibility":"hidden","cart_visibility":"hidden","order_visibility":"visible","single_product_price_visibility":"visible","cart_price_visibility":"visible","order_price_visibility":"visible","stock_status":"in_stock"},{"bundled_item_id":95,"product_id":756,"menu_order":3,"quantity_min":2,"quantity_max":2,"quantity_default":2,"priced_individually":false,"shipped_individually":false,"override_title":false,"title":"Filet mignon Rouge AAA","override_description":false,"description":"Filet mignon Rouge AAA","optional":false,"hide_thumbnail":false,"discount":"","override_variations":true,"allowed_variations":[758],"override_default_variation_attributes":true,"default_variation_attributes":[{"id":4,"name":"Steak Size","option":"8oz-fr"}],"single_product_visibility":"hidden","cart_visibility":"hidden","order_visibility":"visible","single_product_price_visibility":"visible","cart_price_visibility":"visible","order_price_visibility":"visible","stock_status":"in_stock"},{"bundled_item_id":138,"product_id":688,"menu_order":4,"quantity_min":4,"quantity_max":4,"quantity_default":4,"priced_individually":false,"shipped_individually":false,"override_title":false,"title":"Bifteck de c\u00f4tes vieilli AAA","override_description":false,"description":"Bifteck de c\u00f4tes vieilli AAA","optional":false,"hide_thumbnail":false,"discount":"","override_variations":true,"allowed_variations":[693],"override_default_variation_attributes":true,"default_variation_attributes":[{"id":4,"name":"Steak Size","option":"14oz-fr"}],"single_product_visibility":"hidden","cart_visibility":"hidden","order_visibility":"visible","single_product_price_visibility":"visible","cart_price_visibility":"visible","order_price_visibility":"visible","stock_status":"in_stock"},{"bundled_item_id":96,"product_id":772,"menu_order":5,"quantity_min":1,"quantity_max":1,"quantity_default":1,"priced_individually":false,"shipped_individually":false,"override_title":false,"title":"Veau Hach\u00e9","override_description":false,"description":"Veau Hach\u00e9","optional":false,"hide_thumbnail":false,"discount":"","override_variations":true,"allowed_variations":[1114],"override_default_variation_attributes":true,"default_variation_attributes":[],"single_product_visibility":"hidden","cart_visibility":"hidden","order_visibility":"visible","single_product_price_visibility":"visible","cart_price_visibility":"visible","order_price_visibility":"visible","stock_status":"in_stock"}],"yoast_head":"<!-- This site is optimized with the Yoast SEO plugin v27.3 - https:\/\/yoast.com\/product\/yoast-seo-wordpress\/ -->\n<title>Bo\u00eete du Boucher - AMGA<\/title>\n<meta name=\"description\" content=\"Achetez les viandes de qualit\u00e9 sup\u00e9rieure Bo\u00eete du Boucher avec d&#039;agneau, des saucisses, de contre-filet, des steaks, du filet mignon et du veau hach\u00e9.\" \/>\n<meta name=\"robots\" content=\"index, follow, max-snippet:-1, max-image-preview:large, max-video-preview:-1\" \/>\n<link rel=\"canonical\" href=\"https:\/\/alimentsamga.com\/fr\/produit\/boite-du-boucher\/\" \/>\n<meta property=\"og:locale\" content=\"fr_FR\" \/>\n<meta property=\"og:type\" content=\"article\" \/>\n<meta property=\"og:title\" content=\"Bo\u00eete du Boucher - AMGA\" \/>\n<meta property=\"og:description\" content=\"Achetez les viandes de qualit\u00e9 sup\u00e9rieure Bo\u00eete du Boucher avec d&#039;agneau, des saucisses, de contre-filet, des steaks, du filet mignon et du veau hach\u00e9.\" \/>\n<meta property=\"og:url\" content=\"https:\/\/alimentsamga.com\/fr\/produit\/boite-du-boucher\/\" \/>\n<meta property=\"og:site_name\" content=\"AMGA\" \/>\n<meta property=\"article:modified_time\" content=\"2026-01-12T14:07:08+00:00\" \/>\n<meta property=\"og:image\" content=\"https:\/\/alimentsamga.com\/wp-content\/uploads\/2020\/09\/Butchers-Box-scaled.jpg\" \/>\n\t<meta property=\"og:image:width\" content=\"1920\" \/>\n\t<meta property=\"og:image:height\" content=\"1920\" \/>\n\t<meta property=\"og:image:type\" content=\"image\/jpeg\" \/>\n<meta name=\"twitter:card\" content=\"summary_large_image\" \/>\n<meta name=\"twitter:label1\" content=\"Dur\u00e9e de lecture estim\u00e9e\" \/>\n\t<meta name=\"twitter:data1\" content=\"1 minute\" \/>\n<script type=\"application\/ld+json\" class=\"yoast-schema-graph\">{\"@context\":\"https:\\\/\\\/schema.org\",\"@graph\":[{\"@type\":\"WebPage\",\"@id\":\"https:\\\/\\\/alimentsamga.com\\\/fr\\\/produit\\\/boite-du-boucher\\\/\",\"url\":\"https:\\\/\\\/alimentsamga.com\\\/fr\\\/produit\\\/boite-du-boucher\\\/\",\"name\":\"Bo\u00eete du Boucher - AMGA\",\"isPartOf\":{\"@id\":\"https:\\\/\\\/alimentsamga.com\\\/fr\\\/#website\"},\"primaryImageOfPage\":{\"@id\":\"https:\\\/\\\/alimentsamga.com\\\/fr\\\/produit\\\/boite-du-boucher\\\/#primaryimage\"},\"image\":{\"@id\":\"https:\\\/\\\/alimentsamga.com\\\/fr\\\/produit\\\/boite-du-boucher\\\/#primaryimage\"},\"thumbnailUrl\":\"https:\\\/\\\/alimentsamga.com\\\/wp-content\\\/uploads\\\/2020\\\/09\\\/Butchers-Box-scaled.jpg\",\"datePublished\":\"2021-09-17T16:42:52+00:00\",\"dateModified\":\"2026-01-12T14:07:08+00:00\",\"description\":\"Achetez les viandes de qualit\u00e9 sup\u00e9rieure Bo\u00eete du Boucher avec d'agneau, des saucisses, de contre-filet, des steaks, du filet mignon et du veau hach\u00e9.\",\"breadcrumb\":{\"@id\":\"https:\\\/\\\/alimentsamga.com\\\/fr\\\/produit\\\/boite-du-boucher\\\/#breadcrumb\"},\"inLanguage\":\"fr-FR\",\"potentialAction\":[{\"@type\":\"ReadAction\",\"target\":[\"https:\\\/\\\/alimentsamga.com\\\/fr\\\/produit\\\/boite-du-boucher\\\/\"]}]},{\"@type\":\"ImageObject\",\"inLanguage\":\"fr-FR\",\"@id\":\"https:\\\/\\\/alimentsamga.com\\\/fr\\\/produit\\\/boite-du-boucher\\\/#primaryimage\",\"url\":\"https:\\\/\\\/alimentsamga.com\\\/wp-content\\\/uploads\\\/2020\\\/09\\\/Butchers-Box-scaled.jpg\",\"contentUrl\":\"https:\\\/\\\/alimentsamga.com\\\/wp-content\\\/uploads\\\/2020\\\/09\\\/Butchers-Box-scaled.jpg\",\"width\":1920,\"height\":1920,\"caption\":\"Butcher Box premium meats\"},{\"@type\":\"BreadcrumbList\",\"@id\":\"https:\\\/\\\/alimentsamga.com\\\/fr\\\/produit\\\/boite-du-boucher\\\/#breadcrumb\",\"itemListElement\":[{\"@type\":\"ListItem\",\"position\":1,\"name\":\"Home\",\"item\":\"https:\\\/\\\/alimentsamga.com\\\/fr\\\/\"},{\"@type\":\"ListItem\",\"position\":2,\"name\":\"Boutique\",\"item\":\"https:\\\/\\\/alimentsamga.com\\\/fr\\\/boutique\\\/\"},{\"@type\":\"ListItem\",\"position\":3,\"name\":\"Bo\u00eete du Boucher\"}]},{\"@type\":\"WebSite\",\"@id\":\"https:\\\/\\\/alimentsamga.com\\\/fr\\\/#website\",\"url\":\"https:\\\/\\\/alimentsamga.com\\\/fr\\\/\",\"name\":\"AMGA\",\"description\":\"Aliments Amga\",\"publisher\":{\"@id\":\"https:\\\/\\\/alimentsamga.com\\\/fr\\\/#organization\"},\"potentialAction\":[{\"@type\":\"SearchAction\",\"target\":{\"@type\":\"EntryPoint\",\"urlTemplate\":\"https:\\\/\\\/alimentsamga.com\\\/fr\\\/?s={search_term_string}\"},\"query-input\":{\"@type\":\"PropertyValueSpecification\",\"valueRequired\":true,\"valueName\":\"search_term_string\"}}],\"inLanguage\":\"fr-FR\"},{\"@type\":\"Organization\",\"@id\":\"https:\\\/\\\/alimentsamga.com\\\/fr\\\/#organization\",\"name\":\"AMGA\",\"url\":\"https:\\\/\\\/alimentsamga.com\\\/fr\\\/\",\"logo\":{\"@type\":\"ImageObject\",\"inLanguage\":\"fr-FR\",\"@id\":\"https:\\\/\\\/alimentsamga.com\\\/fr\\\/#\\\/schema\\\/logo\\\/image\\\/\",\"url\":\"https:\\\/\\\/alimentsamga.com\\\/wp-content\\\/uploads\\\/2020\\\/11\\\/amgachezvous-logo-blue-e1619460460184.png\",\"contentUrl\":\"https:\\\/\\\/alimentsamga.com\\\/wp-content\\\/uploads\\\/2020\\\/11\\\/amgachezvous-logo-blue-e1619460460184.png\",\"width\":131,\"height\":80,\"caption\":\"AMGA\"},\"image\":{\"@id\":\"https:\\\/\\\/alimentsamga.com\\\/fr\\\/#\\\/schema\\\/logo\\\/image\\\/\"},\"sameAs\":[\"https:\\\/\\\/www.instagram.com\\\/aliments.amga\\\/?hl=en\"]}]}<\/script>\n<!-- \/ Yoast SEO plugin. -->","yoast_head_json":{"title":"Bo\u00eete du Boucher - AMGA","description":"Achetez les viandes de qualit\u00e9 sup\u00e9rieure Bo\u00eete du Boucher avec d'agneau, des saucisses, de contre-filet, des steaks, du filet mignon et du veau hach\u00e9.","robots":{"index":"index","follow":"follow","max-snippet":"max-snippet:-1","max-image-preview":"max-image-preview:large","max-video-preview":"max-video-preview:-1"},"canonical":"https:\/\/alimentsamga.com\/fr\/produit\/boite-du-boucher\/","og_locale":"fr_FR","og_type":"article","og_title":"Bo\u00eete du Boucher - AMGA","og_description":"Achetez les viandes de qualit\u00e9 sup\u00e9rieure Bo\u00eete du Boucher avec d'agneau, des saucisses, de contre-filet, des steaks, du filet mignon et du veau hach\u00e9.","og_url":"https:\/\/alimentsamga.com\/fr\/produit\/boite-du-boucher\/","og_site_name":"AMGA","article_modified_time":"2026-01-12T14:07:08+00:00","og_image":[{"width":1920,"height":1920,"url":"https:\/\/alimentsamga.com\/wp-content\/uploads\/2020\/09\/Butchers-Box-scaled.jpg","type":"image\/jpeg"}],"twitter_card":"summary_large_image","twitter_misc":{"Dur\u00e9e de lecture estim\u00e9e":"1 minute"},"schema":{"@context":"https:\/\/schema.org","@graph":[{"@type":"WebPage","@id":"https:\/\/alimentsamga.com\/fr\/produit\/boite-du-boucher\/","url":"https:\/\/alimentsamga.com\/fr\/produit\/boite-du-boucher\/","name":"Bo\u00eete du Boucher - AMGA","isPartOf":{"@id":"https:\/\/alimentsamga.com\/fr\/#website"},"primaryImageOfPage":{"@id":"https:\/\/alimentsamga.com\/fr\/produit\/boite-du-boucher\/#primaryimage"},"image":{"@id":"https:\/\/alimentsamga.com\/fr\/produit\/boite-du-boucher\/#primaryimage"},"thumbnailUrl":"https:\/\/alimentsamga.com\/wp-content\/uploads\/2020\/09\/Butchers-Box-scaled.jpg","datePublished":"2021-09-17T16:42:52+00:00","dateModified":"2026-01-12T14:07:08+00:00","description":"Achetez les viandes de qualit\u00e9 sup\u00e9rieure Bo\u00eete du Boucher avec d'agneau, des saucisses, de contre-filet, des steaks, du filet mignon et du veau hach\u00e9.","breadcrumb":{"@id":"https:\/\/alimentsamga.com\/fr\/produit\/boite-du-boucher\/#breadcrumb"},"inLanguage":"fr-FR","potentialAction":[{"@type":"ReadAction","target":["https:\/\/alimentsamga.com\/fr\/produit\/boite-du-boucher\/"]}]},{"@type":"ImageObject","inLanguage":"fr-FR","@id":"https:\/\/alimentsamga.com\/fr\/produit\/boite-du-boucher\/#primaryimage","url":"https:\/\/alimentsamga.com\/wp-content\/uploads\/2020\/09\/Butchers-Box-scaled.jpg","contentUrl":"https:\/\/alimentsamga.com\/wp-content\/uploads\/2020\/09\/Butchers-Box-scaled.jpg","width":1920,"height":1920,"caption":"Butcher Box premium meats"},{"@type":"BreadcrumbList","@id":"https:\/\/alimentsamga.com\/fr\/produit\/boite-du-boucher\/#breadcrumb","itemListElement":[{"@type":"ListItem","position":1,"name":"Home","item":"https:\/\/alimentsamga.com\/fr\/"},{"@type":"ListItem","position":2,"name":"Boutique","item":"https:\/\/alimentsamga.com\/fr\/boutique\/"},{"@type":"ListItem","position":3,"name":"Bo\u00eete du Boucher"}]},{"@type":"WebSite","@id":"https:\/\/alimentsamga.com\/fr\/#website","url":"https:\/\/alimentsamga.com\/fr\/","name":"AMGA","description":"Aliments Amga","publisher":{"@id":"https:\/\/alimentsamga.com\/fr\/#organization"},"potentialAction":[{"@type":"SearchAction","target":{"@type":"EntryPoint","urlTemplate":"https:\/\/alimentsamga.com\/fr\/?s={search_term_string}"},"query-input":{"@type":"PropertyValueSpecification","valueRequired":true,"valueName":"search_term_string"}}],"inLanguage":"fr-FR"},{"@type":"Organization","@id":"https:\/\/alimentsamga.com\/fr\/#organization","name":"AMGA","url":"https:\/\/alimentsamga.com\/fr\/","logo":{"@type":"ImageObject","inLanguage":"fr-FR","@id":"https:\/\/alimentsamga.com\/fr\/#\/schema\/logo\/image\/","url":"https:\/\/alimentsamga.com\/wp-content\/uploads\/2020\/11\/amgachezvous-logo-blue-e1619460460184.png","contentUrl":"https:\/\/alimentsamga.com\/wp-content\/uploads\/2020\/11\/amgachezvous-logo-blue-e1619460460184.png","width":131,"height":80,"caption":"AMGA"},"image":{"@id":"https:\/\/alimentsamga.com\/fr\/#\/schema\/logo\/image\/"},"sameAs":["https:\/\/www.instagram.com\/aliments.amga\/?hl=en"]}]}},"_links":{"self":[{"href":"https:\/\/alimentsamga.com\/fr\/wp-json\/wp\/v2\/product\/4557","targetHints":{"allow":["GET"]}}],"collection":[{"href":"https:\/\/alimentsamga.com\/fr\/wp-json\/wp\/v2\/product"}],"about":[{"href":"https:\/\/alimentsamga.com\/fr\/wp-json\/wp\/v2\/types\/product"}],"replies":[{"embeddable":true,"href":"https:\/\/alimentsamga.com\/fr\/wp-json\/wp\/v2\/comments?post=4557"}],"wp:featuredmedia":[{"embeddable":true,"href":"https:\/\/alimentsamga.com\/fr\/wp-json\/wp\/v2\/media\/702"}],"wp:attachment":[{"href":"https:\/\/alimentsamga.com\/fr\/wp-json\/wp\/v2\/media?parent=4557"}],"wp:term":[{"taxonomy":"product_brand","embeddable":true,"href":"https:\/\/alimentsamga.com\/fr\/wp-json\/wp\/v2\/product_brand?post=4557"},{"taxonomy":"product_cat","embeddable":true,"href":"https:\/\/alimentsamga.com\/fr\/wp-json\/wp\/v2\/product_cat?post=4557"},{"taxonomy":"product_tag","embeddable":true,"href":"https:\/\/alimentsamga.com\/fr\/wp-json\/wp\/v2\/product_tag?post=4557"}],"curies":[{"name":"wp","href":"https:\/\/api.w.org\/{rel}","templated":true}]}}