{"id":4308,"date":"2021-09-17T11:42:56","date_gmt":"2021-09-17T16:42:56","guid":{"rendered":"https:\/\/alimentsamga.com\/?post_type=product&#038;p=4308"},"modified":"2025-06-23T15:58:41","modified_gmt":"2025-06-23T19:58:41","slug":"mere-poule","status":"publish","type":"product","link":"https:\/\/alimentsamga.com\/fr\/produit\/mere-poule\/","title":{"rendered":"M\u00e8re Poule"},"content":{"rendered":"<p>La bo\u00eete de vari\u00e9t\u00e9s de poulet Mother Clucker offre un assortiment de coupes de qualit\u00e9 sup\u00e9rieure. Il comprend 6 morceaux de poitrine de poulet, 2 paquets de 500 g (17.64 ounces) de cuisses de poulet, 1 plateau de 10 souvlakis de poulet et 4 morceaux de cuisses de poulet avec os. Ce m\u00e9lange vous offre une gamme d&rsquo;options pour griller, r\u00f4tir ou faire sauter.<\/p>\n<p>D&rsquo;une valeur de plus de 80 $, la bo\u00eete de vari\u00e9t\u00e9s de poulet Mother Clucker offre \u00e0 la fois vari\u00e9t\u00e9 et \u00e9conomies. Savourez du poulet frais de haute qualit\u00e9 provenant de fermes canadiennes, le tout soigneusement emball\u00e9 pour plus de fra\u00eecheur et de commodit\u00e9. Que vous cuisiniez pour un repas de famille ou que vous pr\u00e9pariez pour la semaine, cette bo\u00eete vari\u00e9e comble tous vos besoins en poulet.<\/p>\n<p>Consultez ici <a href=\"\/?product_cat=boites\">nos autres bo\u00eetes de vari\u00e9t\u00e9s.<\/a><\/p>\n","protected":false},"excerpt":{"rendered":"6 morceaux de poitrine de poulet\r\n2x 500 grammes de cuisses de poulet\r\n1 plateau de 10 souvlaki de poulet\r\n4 cuisses de poulet avec os (tambour et cuisse)\r\n\r\nPlus de 80$ de valeur","protected":false},"featured_media":700,"comment_status":"open","ping_status":"closed","template":"","meta":{"content-type":""},"product_brand":[],"product_cat":[89],"product_tag":[],"class_list":{"0":"post-4308","1":"product","2":"type-product","3":"status-publish","4":"has-post-thumbnail","6":"product_cat-boites-viandes-et-fruits-de-mer","8":"first","9":"instock","10":"featured","11":"shipping-taxable","12":"purchasable","13":"product-type-bundle"},"bundle_layout":"default","bundle_add_to_cart_form_location":"default","bundle_editable_in_cart":false,"bundle_sold_individually_context":"product","bundle_item_grouping":"parent","bundle_min_size":"","bundle_max_size":"","bundled_by":[],"bundled_items":[{"bundled_item_id":73,"product_id":787,"menu_order":0,"quantity_min":6,"quantity_max":6,"quantity_default":6,"priced_individually":false,"shipped_individually":false,"override_title":false,"title":"Poitrine de Poulet D\u00e9soss\u00e9e","override_description":false,"description":"Poitrine de Poulet D\u00e9soss\u00e9e","optional":false,"hide_thumbnail":false,"discount":"","override_variations":true,"allowed_variations":[9919],"override_default_variation_attributes":true,"default_variation_attributes":[{"id":3,"name":"Format","option":"pack-de-1"}],"single_product_visibility":"hidden","cart_visibility":"hidden","order_visibility":"visible","single_product_price_visibility":"visible","cart_price_visibility":"visible","order_price_visibility":"visible","stock_status":"in_stock"},{"bundled_item_id":74,"product_id":351,"menu_order":1,"quantity_min":1,"quantity_max":1,"quantity_default":1,"priced_individually":false,"shipped_individually":false,"override_title":false,"title":"Cuisses de Poulet D\u00e9soss\u00e9es Nettoy\u00e9es","override_description":false,"description":"Cuisses de Poulet D\u00e9soss\u00e9es Nettoy\u00e9es","optional":false,"hide_thumbnail":false,"discount":"","override_variations":true,"allowed_variations":[9933],"override_default_variation_attributes":true,"default_variation_attributes":[{"id":3,"name":"Format","option":"pack-de-2"}],"single_product_visibility":"hidden","cart_visibility":"hidden","order_visibility":"visible","single_product_price_visibility":"visible","cart_price_visibility":"visible","order_price_visibility":"visible","stock_status":"in_stock"},{"bundled_item_id":75,"product_id":783,"menu_order":2,"quantity_min":1,"quantity_max":1,"quantity_default":1,"priced_individually":false,"shipped_individually":false,"override_title":false,"title":"Souvlaki de Poulet Marin\u00e9 \u201cStyle Grec\u201d","override_description":false,"description":"Souvlaki de Poulet Marin\u00e9 \u201cStyle Grec\u201d","optional":false,"hide_thumbnail":false,"discount":"","override_variations":true,"allowed_variations":[6807],"override_default_variation_attributes":true,"default_variation_attributes":[],"single_product_visibility":"hidden","cart_visibility":"hidden","order_visibility":"visible","single_product_price_visibility":"visible","cart_price_visibility":"visible","order_price_visibility":"visible","stock_status":"in_stock"},{"bundled_item_id":76,"product_id":784,"menu_order":3,"quantity_min":2,"quantity_max":2,"quantity_default":2,"priced_individually":false,"shipped_individually":false,"override_title":false,"title":"Cuisses de Poulet (Pilon et Cuisse)","override_description":false,"description":"Cuisses de Poulet (Pilon et Cuisse)","optional":false,"hide_thumbnail":false,"discount":"","override_variations":true,"allowed_variations":[1066],"override_default_variation_attributes":true,"default_variation_attributes":[],"single_product_visibility":"hidden","cart_visibility":"hidden","order_visibility":"visible","single_product_price_visibility":"visible","cart_price_visibility":"visible","order_price_visibility":"visible","stock_status":"in_stock"}],"yoast_head":"<!-- This site is optimized with the Yoast SEO plugin v27.3 - https:\/\/yoast.com\/product\/yoast-seo-wordpress\/ -->\n<title>M\u00e8re Poule - AMGA<\/title>\n<meta name=\"description\" content=\"Procurez-vous la bo\u00eete vari\u00e9e de poulet Mother Clucker avec 6 poitrines de poulet, 2 cuisses de poulet de 500 g, 7 souvlakis et 4 cuisses de poulet.\" \/>\n<meta name=\"robots\" content=\"index, follow, max-snippet:-1, max-image-preview:large, max-video-preview:-1\" \/>\n<link rel=\"canonical\" href=\"https:\/\/alimentsamga.com\/fr\/produit\/mere-poule\/\" \/>\n<meta property=\"og:locale\" content=\"fr_FR\" \/>\n<meta property=\"og:type\" content=\"article\" \/>\n<meta property=\"og:title\" content=\"M\u00e8re Poule - AMGA\" \/>\n<meta property=\"og:description\" content=\"Procurez-vous la bo\u00eete vari\u00e9e de poulet Mother Clucker avec 6 poitrines de poulet, 2 cuisses de poulet de 500 g, 7 souvlakis et 4 cuisses de poulet.\" \/>\n<meta property=\"og:url\" content=\"https:\/\/alimentsamga.com\/fr\/produit\/mere-poule\/\" \/>\n<meta property=\"og:site_name\" content=\"AMGA\" \/>\n<meta property=\"article:modified_time\" content=\"2025-06-23T19:58:41+00:00\" \/>\n<meta property=\"og:image\" content=\"https:\/\/alimentsamga.com\/wp-content\/uploads\/2020\/09\/Mother-Clucker-scaled.jpg\" \/>\n\t<meta property=\"og:image:width\" content=\"1920\" \/>\n\t<meta property=\"og:image:height\" content=\"1920\" \/>\n\t<meta property=\"og:image:type\" content=\"image\/jpeg\" \/>\n<meta name=\"twitter:card\" content=\"summary_large_image\" \/>\n<meta name=\"twitter:label1\" content=\"Dur\u00e9e de lecture estim\u00e9e\" \/>\n\t<meta name=\"twitter:data1\" content=\"1 minute\" \/>\n<script type=\"application\/ld+json\" class=\"yoast-schema-graph\">{\"@context\":\"https:\\\/\\\/schema.org\",\"@graph\":[{\"@type\":\"WebPage\",\"@id\":\"https:\\\/\\\/alimentsamga.com\\\/fr\\\/produit\\\/mere-poule\\\/\",\"url\":\"https:\\\/\\\/alimentsamga.com\\\/fr\\\/produit\\\/mere-poule\\\/\",\"name\":\"M\u00e8re Poule - AMGA\",\"isPartOf\":{\"@id\":\"https:\\\/\\\/alimentsamga.com\\\/fr\\\/#website\"},\"primaryImageOfPage\":{\"@id\":\"https:\\\/\\\/alimentsamga.com\\\/fr\\\/produit\\\/mere-poule\\\/#primaryimage\"},\"image\":{\"@id\":\"https:\\\/\\\/alimentsamga.com\\\/fr\\\/produit\\\/mere-poule\\\/#primaryimage\"},\"thumbnailUrl\":\"https:\\\/\\\/alimentsamga.com\\\/wp-content\\\/uploads\\\/2020\\\/09\\\/Mother-Clucker-scaled.jpg\",\"datePublished\":\"2021-09-17T16:42:56+00:00\",\"dateModified\":\"2025-06-23T19:58:41+00:00\",\"description\":\"Procurez-vous la bo\u00eete vari\u00e9e de poulet Mother Clucker avec 6 poitrines de poulet, 2 cuisses de poulet de 500 g, 7 souvlakis et 4 cuisses de poulet.\",\"breadcrumb\":{\"@id\":\"https:\\\/\\\/alimentsamga.com\\\/fr\\\/produit\\\/mere-poule\\\/#breadcrumb\"},\"inLanguage\":\"fr-FR\",\"potentialAction\":[{\"@type\":\"ReadAction\",\"target\":[\"https:\\\/\\\/alimentsamga.com\\\/fr\\\/produit\\\/mere-poule\\\/\"]}]},{\"@type\":\"ImageObject\",\"inLanguage\":\"fr-FR\",\"@id\":\"https:\\\/\\\/alimentsamga.com\\\/fr\\\/produit\\\/mere-poule\\\/#primaryimage\",\"url\":\"https:\\\/\\\/alimentsamga.com\\\/wp-content\\\/uploads\\\/2020\\\/09\\\/Mother-Clucker-scaled.jpg\",\"contentUrl\":\"https:\\\/\\\/alimentsamga.com\\\/wp-content\\\/uploads\\\/2020\\\/09\\\/Mother-Clucker-scaled.jpg\",\"width\":1920,\"height\":1920,\"caption\":\"chicken variety box\"},{\"@type\":\"BreadcrumbList\",\"@id\":\"https:\\\/\\\/alimentsamga.com\\\/fr\\\/produit\\\/mere-poule\\\/#breadcrumb\",\"itemListElement\":[{\"@type\":\"ListItem\",\"position\":1,\"name\":\"Home\",\"item\":\"https:\\\/\\\/alimentsamga.com\\\/fr\\\/\"},{\"@type\":\"ListItem\",\"position\":2,\"name\":\"Boutique\",\"item\":\"https:\\\/\\\/alimentsamga.com\\\/fr\\\/boutique\\\/\"},{\"@type\":\"ListItem\",\"position\":3,\"name\":\"M\u00e8re Poule\"}]},{\"@type\":\"WebSite\",\"@id\":\"https:\\\/\\\/alimentsamga.com\\\/fr\\\/#website\",\"url\":\"https:\\\/\\\/alimentsamga.com\\\/fr\\\/\",\"name\":\"AMGA\",\"description\":\"Aliments Amga\",\"publisher\":{\"@id\":\"https:\\\/\\\/alimentsamga.com\\\/fr\\\/#organization\"},\"potentialAction\":[{\"@type\":\"SearchAction\",\"target\":{\"@type\":\"EntryPoint\",\"urlTemplate\":\"https:\\\/\\\/alimentsamga.com\\\/fr\\\/?s={search_term_string}\"},\"query-input\":{\"@type\":\"PropertyValueSpecification\",\"valueRequired\":true,\"valueName\":\"search_term_string\"}}],\"inLanguage\":\"fr-FR\"},{\"@type\":\"Organization\",\"@id\":\"https:\\\/\\\/alimentsamga.com\\\/fr\\\/#organization\",\"name\":\"AMGA\",\"url\":\"https:\\\/\\\/alimentsamga.com\\\/fr\\\/\",\"logo\":{\"@type\":\"ImageObject\",\"inLanguage\":\"fr-FR\",\"@id\":\"https:\\\/\\\/alimentsamga.com\\\/fr\\\/#\\\/schema\\\/logo\\\/image\\\/\",\"url\":\"https:\\\/\\\/alimentsamga.com\\\/wp-content\\\/uploads\\\/2020\\\/11\\\/amgachezvous-logo-blue-e1619460460184.png\",\"contentUrl\":\"https:\\\/\\\/alimentsamga.com\\\/wp-content\\\/uploads\\\/2020\\\/11\\\/amgachezvous-logo-blue-e1619460460184.png\",\"width\":131,\"height\":80,\"caption\":\"AMGA\"},\"image\":{\"@id\":\"https:\\\/\\\/alimentsamga.com\\\/fr\\\/#\\\/schema\\\/logo\\\/image\\\/\"},\"sameAs\":[\"https:\\\/\\\/www.instagram.com\\\/aliments.amga\\\/?hl=en\"]}]}<\/script>\n<!-- \/ Yoast SEO plugin. -->","yoast_head_json":{"title":"M\u00e8re Poule - AMGA","description":"Procurez-vous la bo\u00eete vari\u00e9e de poulet Mother Clucker avec 6 poitrines de poulet, 2 cuisses de poulet de 500 g, 7 souvlakis et 4 cuisses de poulet.","robots":{"index":"index","follow":"follow","max-snippet":"max-snippet:-1","max-image-preview":"max-image-preview:large","max-video-preview":"max-video-preview:-1"},"canonical":"https:\/\/alimentsamga.com\/fr\/produit\/mere-poule\/","og_locale":"fr_FR","og_type":"article","og_title":"M\u00e8re Poule - AMGA","og_description":"Procurez-vous la bo\u00eete vari\u00e9e de poulet Mother Clucker avec 6 poitrines de poulet, 2 cuisses de poulet de 500 g, 7 souvlakis et 4 cuisses de poulet.","og_url":"https:\/\/alimentsamga.com\/fr\/produit\/mere-poule\/","og_site_name":"AMGA","article_modified_time":"2025-06-23T19:58:41+00:00","og_image":[{"width":1920,"height":1920,"url":"https:\/\/alimentsamga.com\/wp-content\/uploads\/2020\/09\/Mother-Clucker-scaled.jpg","type":"image\/jpeg"}],"twitter_card":"summary_large_image","twitter_misc":{"Dur\u00e9e de lecture estim\u00e9e":"1 minute"},"schema":{"@context":"https:\/\/schema.org","@graph":[{"@type":"WebPage","@id":"https:\/\/alimentsamga.com\/fr\/produit\/mere-poule\/","url":"https:\/\/alimentsamga.com\/fr\/produit\/mere-poule\/","name":"M\u00e8re Poule - AMGA","isPartOf":{"@id":"https:\/\/alimentsamga.com\/fr\/#website"},"primaryImageOfPage":{"@id":"https:\/\/alimentsamga.com\/fr\/produit\/mere-poule\/#primaryimage"},"image":{"@id":"https:\/\/alimentsamga.com\/fr\/produit\/mere-poule\/#primaryimage"},"thumbnailUrl":"https:\/\/alimentsamga.com\/wp-content\/uploads\/2020\/09\/Mother-Clucker-scaled.jpg","datePublished":"2021-09-17T16:42:56+00:00","dateModified":"2025-06-23T19:58:41+00:00","description":"Procurez-vous la bo\u00eete vari\u00e9e de poulet Mother Clucker avec 6 poitrines de poulet, 2 cuisses de poulet de 500 g, 7 souvlakis et 4 cuisses de poulet.","breadcrumb":{"@id":"https:\/\/alimentsamga.com\/fr\/produit\/mere-poule\/#breadcrumb"},"inLanguage":"fr-FR","potentialAction":[{"@type":"ReadAction","target":["https:\/\/alimentsamga.com\/fr\/produit\/mere-poule\/"]}]},{"@type":"ImageObject","inLanguage":"fr-FR","@id":"https:\/\/alimentsamga.com\/fr\/produit\/mere-poule\/#primaryimage","url":"https:\/\/alimentsamga.com\/wp-content\/uploads\/2020\/09\/Mother-Clucker-scaled.jpg","contentUrl":"https:\/\/alimentsamga.com\/wp-content\/uploads\/2020\/09\/Mother-Clucker-scaled.jpg","width":1920,"height":1920,"caption":"chicken variety box"},{"@type":"BreadcrumbList","@id":"https:\/\/alimentsamga.com\/fr\/produit\/mere-poule\/#breadcrumb","itemListElement":[{"@type":"ListItem","position":1,"name":"Home","item":"https:\/\/alimentsamga.com\/fr\/"},{"@type":"ListItem","position":2,"name":"Boutique","item":"https:\/\/alimentsamga.com\/fr\/boutique\/"},{"@type":"ListItem","position":3,"name":"M\u00e8re Poule"}]},{"@type":"WebSite","@id":"https:\/\/alimentsamga.com\/fr\/#website","url":"https:\/\/alimentsamga.com\/fr\/","name":"AMGA","description":"Aliments Amga","publisher":{"@id":"https:\/\/alimentsamga.com\/fr\/#organization"},"potentialAction":[{"@type":"SearchAction","target":{"@type":"EntryPoint","urlTemplate":"https:\/\/alimentsamga.com\/fr\/?s={search_term_string}"},"query-input":{"@type":"PropertyValueSpecification","valueRequired":true,"valueName":"search_term_string"}}],"inLanguage":"fr-FR"},{"@type":"Organization","@id":"https:\/\/alimentsamga.com\/fr\/#organization","name":"AMGA","url":"https:\/\/alimentsamga.com\/fr\/","logo":{"@type":"ImageObject","inLanguage":"fr-FR","@id":"https:\/\/alimentsamga.com\/fr\/#\/schema\/logo\/image\/","url":"https:\/\/alimentsamga.com\/wp-content\/uploads\/2020\/11\/amgachezvous-logo-blue-e1619460460184.png","contentUrl":"https:\/\/alimentsamga.com\/wp-content\/uploads\/2020\/11\/amgachezvous-logo-blue-e1619460460184.png","width":131,"height":80,"caption":"AMGA"},"image":{"@id":"https:\/\/alimentsamga.com\/fr\/#\/schema\/logo\/image\/"},"sameAs":["https:\/\/www.instagram.com\/aliments.amga\/?hl=en"]}]}},"_links":{"self":[{"href":"https:\/\/alimentsamga.com\/fr\/wp-json\/wp\/v2\/product\/4308","targetHints":{"allow":["GET"]}}],"collection":[{"href":"https:\/\/alimentsamga.com\/fr\/wp-json\/wp\/v2\/product"}],"about":[{"href":"https:\/\/alimentsamga.com\/fr\/wp-json\/wp\/v2\/types\/product"}],"replies":[{"embeddable":true,"href":"https:\/\/alimentsamga.com\/fr\/wp-json\/wp\/v2\/comments?post=4308"}],"wp:featuredmedia":[{"embeddable":true,"href":"https:\/\/alimentsamga.com\/fr\/wp-json\/wp\/v2\/media\/700"}],"wp:attachment":[{"href":"https:\/\/alimentsamga.com\/fr\/wp-json\/wp\/v2\/media?parent=4308"}],"wp:term":[{"taxonomy":"product_brand","embeddable":true,"href":"https:\/\/alimentsamga.com\/fr\/wp-json\/wp\/v2\/product_brand?post=4308"},{"taxonomy":"product_cat","embeddable":true,"href":"https:\/\/alimentsamga.com\/fr\/wp-json\/wp\/v2\/product_cat?post=4308"},{"taxonomy":"product_tag","embeddable":true,"href":"https:\/\/alimentsamga.com\/fr\/wp-json\/wp\/v2\/product_tag?post=4308"}],"curies":[{"name":"wp","href":"https:\/\/api.w.org\/{rel}","templated":true}]}}