{"id":4305,"date":"2021-09-17T11:42:53","date_gmt":"2021-09-17T16:42:53","guid":{"rendered":"https:\/\/alimentsamga.com\/?post_type=product&#038;p=4305"},"modified":"2026-01-12T09:05:20","modified_gmt":"2026-01-12T14:05:20","slug":"boite-de-fruits-de-mer-sufs-up","status":"publish","type":"product","link":"https:\/\/alimentsamga.com\/fr\/produit\/boite-de-fruits-de-mer-sufs-up\/","title":{"rendered":"Bo\u00eete de Fruits de Mer Surf\u2019s Up"},"content":{"rendered":"<p>La bo\u00eete de fruits de mer Surf\u2019s Up apporte le meilleur de l\u2019oc\u00e9an dans votre cuisine. Il comprend 4 steaks de saumon de 6 oz (170.1 grams), 4 filets de morue de 6 oz (170.1 grams), 2 x 50 g (1.76 ounces) de saumon fum\u00e9, 1 lb (0.45 kilograms) de p\u00e9toncles (10 \u00e0 20 unit\u00e9s) et 2 lb (0.91 kilograms) de crevettes d\u00e9cortiqu\u00e9es et d\u00e9vein\u00e9es (13 \u00e0 15 unit\u00e9s). Cette bo\u00eete offre une vari\u00e9t\u00e9 de fruits de mer de premi\u00e8re qualit\u00e9, parfaits pour griller, cuire au four ou po\u00ealer.<\/p>\n<p>D&rsquo;une valeur de plus de 125 $, cette bo\u00eete est le r\u00eave de tout amateur de fruits de mer. Frais, congel\u00e9 et emball\u00e9 sous vide pour une qualit\u00e9 optimale, c&rsquo;est le choix parfait pour les repas de famille, les soupers sp\u00e9ciaux ou la pr\u00e9paration des repas. Apportez un go\u00fbt de mer directement \u00e0 votre table avec l&rsquo;ensemble de fruits de mer Surf&rsquo;s Up.<\/p>\n<p>Consultez ici <a href=\"\/?product_cat=boites\">nos autres bo\u00eetes de vari\u00e9t\u00e9s.<\/a><\/p>\n","protected":false},"excerpt":{"rendered":"4 steaks de saumon 6 oz\r\n4 filets de morue 6 oz\r\n2 x 50 grammes de saumon fum\u00e9\r\n1 lb de p\u00e9toncles 10-20\r\n2 lb de crevettes 13-15 (pel\u00e9es et d\u00e9vein\u00e9es)\r\n\r\nPlus de 125$ de valeur","protected":false},"featured_media":696,"comment_status":"open","ping_status":"closed","template":"","meta":{"content-type":""},"product_brand":[],"product_cat":[89,97],"product_tag":[],"class_list":{"0":"post-4305","1":"product","2":"type-product","3":"status-publish","4":"has-post-thumbnail","6":"product_cat-boites-viandes-et-fruits-de-mer","7":"product_cat-fruits-de-mer","9":"first","10":"instock","11":"featured","12":"shipping-taxable","13":"purchasable","14":"product-type-bundle"},"bundle_layout":"default","bundle_add_to_cart_form_location":"default","bundle_editable_in_cart":false,"bundle_sold_individually_context":"product","bundle_item_grouping":"parent","bundle_min_size":"","bundle_max_size":"","bundled_by":[],"bundled_items":[{"bundled_item_id":64,"product_id":749,"menu_order":0,"quantity_min":4,"quantity_max":4,"quantity_default":4,"priced_individually":false,"shipped_individually":false,"override_title":false,"title":"Portions de Saumon Atlantique","override_description":false,"description":"Portions de Saumon Atlantique","optional":false,"hide_thumbnail":false,"discount":"","override_variations":false,"allowed_variations":[""],"override_default_variation_attributes":false,"default_variation_attributes":[],"single_product_visibility":"hidden","cart_visibility":"hidden","order_visibility":"visible","single_product_price_visibility":"visible","cart_price_visibility":"visible","order_price_visibility":"visible","stock_status":"in_stock"},{"bundled_item_id":65,"product_id":748,"menu_order":1,"quantity_min":4,"quantity_max":4,"quantity_default":4,"priced_individually":false,"shipped_individually":false,"override_title":false,"title":"Portions de morue de Boston","override_description":false,"description":"Portions de morue de Boston","optional":false,"hide_thumbnail":false,"discount":"","override_variations":false,"allowed_variations":[""],"override_default_variation_attributes":false,"default_variation_attributes":[],"single_product_visibility":"hidden","cart_visibility":"hidden","order_visibility":"visible","single_product_price_visibility":"visible","cart_price_visibility":"visible","order_price_visibility":"visible","stock_status":"in_stock"},{"bundled_item_id":67,"product_id":743,"menu_order":2,"quantity_min":1,"quantity_max":1,"quantity_default":1,"priced_individually":false,"shipped_individually":false,"override_title":false,"title":"Grandes p\u00e9toncles 10\/20","override_description":false,"description":"Grandes p\u00e9toncles 10\/20","optional":false,"hide_thumbnail":false,"discount":"","override_variations":false,"allowed_variations":[""],"override_default_variation_attributes":false,"default_variation_attributes":[],"single_product_visibility":"hidden","cart_visibility":"hidden","order_visibility":"visible","single_product_price_visibility":"visible","cart_price_visibility":"visible","order_price_visibility":"visible","stock_status":"in_stock"},{"bundled_item_id":68,"product_id":745,"menu_order":3,"quantity_min":1,"quantity_max":1,"quantity_default":1,"priced_individually":false,"shipped_individually":false,"override_title":false,"title":"Crevettes pel\u00e9es et d\u00e9vein\u00e9es 13\/15 (environ 13-15 crevettes par livre)","override_description":false,"description":"Crevettes pel\u00e9es et d\u00e9vein\u00e9es 13\/15 (environ 13-15 crevettes par livre)","optional":false,"hide_thumbnail":false,"discount":"","override_variations":false,"allowed_variations":[""],"override_default_variation_attributes":false,"default_variation_attributes":[],"single_product_visibility":"hidden","cart_visibility":"hidden","order_visibility":"visible","single_product_price_visibility":"visible","cart_price_visibility":"visible","order_price_visibility":"visible","stock_status":"in_stock"}],"yoast_head":"<!-- This site is optimized with the Yoast SEO plugin v27.3 - https:\/\/yoast.com\/product\/yoast-seo-wordpress\/ -->\n<title>Bo\u00eete de Fruits de Mer Surf\u2019s Up - AMGA<\/title>\n<meta name=\"description\" content=\"Achetez la bo\u00eete de fruits de mer Surf\u2019s Up, avec 4 steaks de saumon, 4 filets de morue, du saumon fum\u00e9, des p\u00e9toncles et des crevettes.\" \/>\n<meta name=\"robots\" content=\"index, follow, max-snippet:-1, max-image-preview:large, max-video-preview:-1\" \/>\n<link rel=\"canonical\" href=\"https:\/\/alimentsamga.com\/fr\/produit\/boite-de-fruits-de-mer-sufs-up\/\" \/>\n<meta property=\"og:locale\" content=\"fr_FR\" \/>\n<meta property=\"og:type\" content=\"article\" \/>\n<meta property=\"og:title\" content=\"Bo\u00eete de Fruits de Mer Surf\u2019s Up - AMGA\" \/>\n<meta property=\"og:description\" content=\"Achetez la bo\u00eete de fruits de mer Surf\u2019s Up, avec 4 steaks de saumon, 4 filets de morue, du saumon fum\u00e9, des p\u00e9toncles et des crevettes.\" \/>\n<meta property=\"og:url\" content=\"https:\/\/alimentsamga.com\/fr\/produit\/boite-de-fruits-de-mer-sufs-up\/\" \/>\n<meta property=\"og:site_name\" content=\"AMGA\" \/>\n<meta property=\"article:modified_time\" content=\"2026-01-12T14:05:20+00:00\" \/>\n<meta property=\"og:image\" content=\"https:\/\/alimentsamga.com\/wp-content\/uploads\/2020\/09\/Surfs-UP-scaled.jpg\" \/>\n\t<meta property=\"og:image:width\" content=\"1920\" \/>\n\t<meta property=\"og:image:height\" content=\"1920\" \/>\n\t<meta property=\"og:image:type\" content=\"image\/jpeg\" \/>\n<meta name=\"twitter:card\" content=\"summary_large_image\" \/>\n<meta name=\"twitter:label1\" content=\"Dur\u00e9e de lecture estim\u00e9e\" \/>\n\t<meta name=\"twitter:data1\" content=\"1 minute\" \/>\n<script type=\"application\/ld+json\" class=\"yoast-schema-graph\">{\"@context\":\"https:\\\/\\\/schema.org\",\"@graph\":[{\"@type\":\"WebPage\",\"@id\":\"https:\\\/\\\/alimentsamga.com\\\/fr\\\/produit\\\/boite-de-fruits-de-mer-sufs-up\\\/\",\"url\":\"https:\\\/\\\/alimentsamga.com\\\/fr\\\/produit\\\/boite-de-fruits-de-mer-sufs-up\\\/\",\"name\":\"Bo\u00eete de Fruits de Mer Surf\u2019s Up - AMGA\",\"isPartOf\":{\"@id\":\"https:\\\/\\\/alimentsamga.com\\\/fr\\\/#website\"},\"primaryImageOfPage\":{\"@id\":\"https:\\\/\\\/alimentsamga.com\\\/fr\\\/produit\\\/boite-de-fruits-de-mer-sufs-up\\\/#primaryimage\"},\"image\":{\"@id\":\"https:\\\/\\\/alimentsamga.com\\\/fr\\\/produit\\\/boite-de-fruits-de-mer-sufs-up\\\/#primaryimage\"},\"thumbnailUrl\":\"https:\\\/\\\/alimentsamga.com\\\/wp-content\\\/uploads\\\/2020\\\/09\\\/Surfs-UP-scaled.jpg\",\"datePublished\":\"2021-09-17T16:42:53+00:00\",\"dateModified\":\"2026-01-12T14:05:20+00:00\",\"description\":\"Achetez la bo\u00eete de fruits de mer Surf\u2019s Up, avec 4 steaks de saumon, 4 filets de morue, du saumon fum\u00e9, des p\u00e9toncles et des crevettes.\",\"breadcrumb\":{\"@id\":\"https:\\\/\\\/alimentsamga.com\\\/fr\\\/produit\\\/boite-de-fruits-de-mer-sufs-up\\\/#breadcrumb\"},\"inLanguage\":\"fr-FR\",\"potentialAction\":[{\"@type\":\"ReadAction\",\"target\":[\"https:\\\/\\\/alimentsamga.com\\\/fr\\\/produit\\\/boite-de-fruits-de-mer-sufs-up\\\/\"]}]},{\"@type\":\"ImageObject\",\"inLanguage\":\"fr-FR\",\"@id\":\"https:\\\/\\\/alimentsamga.com\\\/fr\\\/produit\\\/boite-de-fruits-de-mer-sufs-up\\\/#primaryimage\",\"url\":\"https:\\\/\\\/alimentsamga.com\\\/wp-content\\\/uploads\\\/2020\\\/09\\\/Surfs-UP-scaled.jpg\",\"contentUrl\":\"https:\\\/\\\/alimentsamga.com\\\/wp-content\\\/uploads\\\/2020\\\/09\\\/Surfs-UP-scaled.jpg\",\"width\":1920,\"height\":1920,\"caption\":\"Surf\u2019s Up seafood box\"},{\"@type\":\"BreadcrumbList\",\"@id\":\"https:\\\/\\\/alimentsamga.com\\\/fr\\\/produit\\\/boite-de-fruits-de-mer-sufs-up\\\/#breadcrumb\",\"itemListElement\":[{\"@type\":\"ListItem\",\"position\":1,\"name\":\"Home\",\"item\":\"https:\\\/\\\/alimentsamga.com\\\/fr\\\/\"},{\"@type\":\"ListItem\",\"position\":2,\"name\":\"Boutique\",\"item\":\"https:\\\/\\\/alimentsamga.com\\\/fr\\\/boutique\\\/\"},{\"@type\":\"ListItem\",\"position\":3,\"name\":\"Bo\u00eete de Fruits de Mer Surf\u2019s Up\"}]},{\"@type\":\"WebSite\",\"@id\":\"https:\\\/\\\/alimentsamga.com\\\/fr\\\/#website\",\"url\":\"https:\\\/\\\/alimentsamga.com\\\/fr\\\/\",\"name\":\"AMGA\",\"description\":\"Aliments Amga\",\"publisher\":{\"@id\":\"https:\\\/\\\/alimentsamga.com\\\/fr\\\/#organization\"},\"potentialAction\":[{\"@type\":\"SearchAction\",\"target\":{\"@type\":\"EntryPoint\",\"urlTemplate\":\"https:\\\/\\\/alimentsamga.com\\\/fr\\\/?s={search_term_string}\"},\"query-input\":{\"@type\":\"PropertyValueSpecification\",\"valueRequired\":true,\"valueName\":\"search_term_string\"}}],\"inLanguage\":\"fr-FR\"},{\"@type\":\"Organization\",\"@id\":\"https:\\\/\\\/alimentsamga.com\\\/fr\\\/#organization\",\"name\":\"AMGA\",\"url\":\"https:\\\/\\\/alimentsamga.com\\\/fr\\\/\",\"logo\":{\"@type\":\"ImageObject\",\"inLanguage\":\"fr-FR\",\"@id\":\"https:\\\/\\\/alimentsamga.com\\\/fr\\\/#\\\/schema\\\/logo\\\/image\\\/\",\"url\":\"https:\\\/\\\/alimentsamga.com\\\/wp-content\\\/uploads\\\/2020\\\/11\\\/amgachezvous-logo-blue-e1619460460184.png\",\"contentUrl\":\"https:\\\/\\\/alimentsamga.com\\\/wp-content\\\/uploads\\\/2020\\\/11\\\/amgachezvous-logo-blue-e1619460460184.png\",\"width\":131,\"height\":80,\"caption\":\"AMGA\"},\"image\":{\"@id\":\"https:\\\/\\\/alimentsamga.com\\\/fr\\\/#\\\/schema\\\/logo\\\/image\\\/\"},\"sameAs\":[\"https:\\\/\\\/www.instagram.com\\\/aliments.amga\\\/?hl=en\"]}]}<\/script>\n<!-- \/ Yoast SEO plugin. -->","yoast_head_json":{"title":"Bo\u00eete de Fruits de Mer Surf\u2019s Up - AMGA","description":"Achetez la bo\u00eete de fruits de mer Surf\u2019s Up, avec 4 steaks de saumon, 4 filets de morue, du saumon fum\u00e9, des p\u00e9toncles et des crevettes.","robots":{"index":"index","follow":"follow","max-snippet":"max-snippet:-1","max-image-preview":"max-image-preview:large","max-video-preview":"max-video-preview:-1"},"canonical":"https:\/\/alimentsamga.com\/fr\/produit\/boite-de-fruits-de-mer-sufs-up\/","og_locale":"fr_FR","og_type":"article","og_title":"Bo\u00eete de Fruits de Mer Surf\u2019s Up - AMGA","og_description":"Achetez la bo\u00eete de fruits de mer Surf\u2019s Up, avec 4 steaks de saumon, 4 filets de morue, du saumon fum\u00e9, des p\u00e9toncles et des crevettes.","og_url":"https:\/\/alimentsamga.com\/fr\/produit\/boite-de-fruits-de-mer-sufs-up\/","og_site_name":"AMGA","article_modified_time":"2026-01-12T14:05:20+00:00","og_image":[{"width":1920,"height":1920,"url":"https:\/\/alimentsamga.com\/wp-content\/uploads\/2020\/09\/Surfs-UP-scaled.jpg","type":"image\/jpeg"}],"twitter_card":"summary_large_image","twitter_misc":{"Dur\u00e9e de lecture estim\u00e9e":"1 minute"},"schema":{"@context":"https:\/\/schema.org","@graph":[{"@type":"WebPage","@id":"https:\/\/alimentsamga.com\/fr\/produit\/boite-de-fruits-de-mer-sufs-up\/","url":"https:\/\/alimentsamga.com\/fr\/produit\/boite-de-fruits-de-mer-sufs-up\/","name":"Bo\u00eete de Fruits de Mer Surf\u2019s Up - AMGA","isPartOf":{"@id":"https:\/\/alimentsamga.com\/fr\/#website"},"primaryImageOfPage":{"@id":"https:\/\/alimentsamga.com\/fr\/produit\/boite-de-fruits-de-mer-sufs-up\/#primaryimage"},"image":{"@id":"https:\/\/alimentsamga.com\/fr\/produit\/boite-de-fruits-de-mer-sufs-up\/#primaryimage"},"thumbnailUrl":"https:\/\/alimentsamga.com\/wp-content\/uploads\/2020\/09\/Surfs-UP-scaled.jpg","datePublished":"2021-09-17T16:42:53+00:00","dateModified":"2026-01-12T14:05:20+00:00","description":"Achetez la bo\u00eete de fruits de mer Surf\u2019s Up, avec 4 steaks de saumon, 4 filets de morue, du saumon fum\u00e9, des p\u00e9toncles et des crevettes.","breadcrumb":{"@id":"https:\/\/alimentsamga.com\/fr\/produit\/boite-de-fruits-de-mer-sufs-up\/#breadcrumb"},"inLanguage":"fr-FR","potentialAction":[{"@type":"ReadAction","target":["https:\/\/alimentsamga.com\/fr\/produit\/boite-de-fruits-de-mer-sufs-up\/"]}]},{"@type":"ImageObject","inLanguage":"fr-FR","@id":"https:\/\/alimentsamga.com\/fr\/produit\/boite-de-fruits-de-mer-sufs-up\/#primaryimage","url":"https:\/\/alimentsamga.com\/wp-content\/uploads\/2020\/09\/Surfs-UP-scaled.jpg","contentUrl":"https:\/\/alimentsamga.com\/wp-content\/uploads\/2020\/09\/Surfs-UP-scaled.jpg","width":1920,"height":1920,"caption":"Surf\u2019s Up seafood box"},{"@type":"BreadcrumbList","@id":"https:\/\/alimentsamga.com\/fr\/produit\/boite-de-fruits-de-mer-sufs-up\/#breadcrumb","itemListElement":[{"@type":"ListItem","position":1,"name":"Home","item":"https:\/\/alimentsamga.com\/fr\/"},{"@type":"ListItem","position":2,"name":"Boutique","item":"https:\/\/alimentsamga.com\/fr\/boutique\/"},{"@type":"ListItem","position":3,"name":"Bo\u00eete de Fruits de Mer Surf\u2019s Up"}]},{"@type":"WebSite","@id":"https:\/\/alimentsamga.com\/fr\/#website","url":"https:\/\/alimentsamga.com\/fr\/","name":"AMGA","description":"Aliments Amga","publisher":{"@id":"https:\/\/alimentsamga.com\/fr\/#organization"},"potentialAction":[{"@type":"SearchAction","target":{"@type":"EntryPoint","urlTemplate":"https:\/\/alimentsamga.com\/fr\/?s={search_term_string}"},"query-input":{"@type":"PropertyValueSpecification","valueRequired":true,"valueName":"search_term_string"}}],"inLanguage":"fr-FR"},{"@type":"Organization","@id":"https:\/\/alimentsamga.com\/fr\/#organization","name":"AMGA","url":"https:\/\/alimentsamga.com\/fr\/","logo":{"@type":"ImageObject","inLanguage":"fr-FR","@id":"https:\/\/alimentsamga.com\/fr\/#\/schema\/logo\/image\/","url":"https:\/\/alimentsamga.com\/wp-content\/uploads\/2020\/11\/amgachezvous-logo-blue-e1619460460184.png","contentUrl":"https:\/\/alimentsamga.com\/wp-content\/uploads\/2020\/11\/amgachezvous-logo-blue-e1619460460184.png","width":131,"height":80,"caption":"AMGA"},"image":{"@id":"https:\/\/alimentsamga.com\/fr\/#\/schema\/logo\/image\/"},"sameAs":["https:\/\/www.instagram.com\/aliments.amga\/?hl=en"]}]}},"_links":{"self":[{"href":"https:\/\/alimentsamga.com\/fr\/wp-json\/wp\/v2\/product\/4305","targetHints":{"allow":["GET"]}}],"collection":[{"href":"https:\/\/alimentsamga.com\/fr\/wp-json\/wp\/v2\/product"}],"about":[{"href":"https:\/\/alimentsamga.com\/fr\/wp-json\/wp\/v2\/types\/product"}],"replies":[{"embeddable":true,"href":"https:\/\/alimentsamga.com\/fr\/wp-json\/wp\/v2\/comments?post=4305"}],"wp:featuredmedia":[{"embeddable":true,"href":"https:\/\/alimentsamga.com\/fr\/wp-json\/wp\/v2\/media\/696"}],"wp:attachment":[{"href":"https:\/\/alimentsamga.com\/fr\/wp-json\/wp\/v2\/media?parent=4305"}],"wp:term":[{"taxonomy":"product_brand","embeddable":true,"href":"https:\/\/alimentsamga.com\/fr\/wp-json\/wp\/v2\/product_brand?post=4305"},{"taxonomy":"product_cat","embeddable":true,"href":"https:\/\/alimentsamga.com\/fr\/wp-json\/wp\/v2\/product_cat?post=4305"},{"taxonomy":"product_tag","embeddable":true,"href":"https:\/\/alimentsamga.com\/fr\/wp-json\/wp\/v2\/product_tag?post=4305"}],"curies":[{"name":"wp","href":"https:\/\/api.w.org\/{rel}","templated":true}]}}