{"id":4301,"date":"2021-09-17T11:42:50","date_gmt":"2021-09-17T16:42:50","guid":{"rendered":"https:\/\/alimentsamga.com\/?post_type=product&#038;p=4301"},"modified":"2026-01-12T09:10:22","modified_gmt":"2026-01-12T14:10:22","slug":"pret-a-griller","status":"publish","type":"product","link":"https:\/\/alimentsamga.com\/fr\/produit\/pret-a-griller\/","title":{"rendered":"Pr\u00eat-\u00e0-griller"},"content":{"rendered":"<p>La bo\u00eete Pr\u00eat-\u00e0-griller contient tout ce dont vous avez besoin pour un barbecue parfait. Il comprend 4 steaks de c\u00f4tes AAA de 14 oz (396.89 grams), 2 paquets de 500 g (17.64 ounces) de cuisses de poulet, 2 saucisses grecques Loukaniko, 6 hamburgers de b\u0153uf GourMEAT de 6 oz (170.1 grams) et 1 kg (2.2 pounds) d&rsquo;ailes de poulet. Chaque article est frais et pr\u00eat \u00e0 cuisiner.<\/p>\n<p>D&rsquo;une valeur de plus de 140 $, cette bo\u00eete Pr\u00eat-\u00e0-griller offre une grande vari\u00e9t\u00e9 pour les amateurs de grillades. Que vous organisiez un barbecue d&rsquo;\u00e9t\u00e9 ou que vous profitiez d&rsquo;un repas de famille, la bo\u00eete Ready to Grill vous garantit des viandes de qualit\u00e9 sup\u00e9rieure pour chaque occasion.<\/p>\n<p>Consultez ici <a href=\"\/?product_cat=boites\">nos autres bo\u00eetes de vari\u00e9t\u00e9s.<\/a><\/p>\n","protected":false},"excerpt":{"rendered":"4 x Entrec\u00f4te AAA 14 oz\r\n2 x 500g Cuisses Poulet\r\n2 x Sausices Grecques (Loukaniko)\r\n6 x Burgers GourMEAT (<span class=\"Y2IQFc\" lang=\"fr\">galettes de b\u0153uf de 6 oz)<\/span>\r\n1 kg d&rsquo;ailes de poulet\r\n\r\nvaleur de plus de 140$.","protected":false},"featured_media":698,"comment_status":"open","ping_status":"closed","template":"","meta":{"content-type":""},"product_brand":[],"product_cat":[89],"product_tag":[],"class_list":{"0":"post-4301","1":"product","2":"type-product","3":"status-publish","4":"has-post-thumbnail","6":"product_cat-boites-viandes-et-fruits-de-mer","8":"first","9":"instock","10":"featured","11":"shipping-taxable","12":"purchasable","13":"product-type-bundle"},"bundle_layout":"default","bundle_add_to_cart_form_location":"default","bundle_editable_in_cart":false,"bundle_sold_individually_context":"product","bundle_item_grouping":"parent","bundle_min_size":"","bundle_max_size":"","bundled_by":[],"bundled_items":[{"bundled_item_id":44,"product_id":688,"menu_order":0,"quantity_min":4,"quantity_max":4,"quantity_default":4,"priced_individually":false,"shipped_individually":false,"override_title":false,"title":"Bifteck de c\u00f4tes vieilli AAA","override_description":false,"description":"Bifteck de c\u00f4tes vieilli AAA","optional":false,"hide_thumbnail":false,"discount":"","override_variations":true,"allowed_variations":[693],"override_default_variation_attributes":true,"default_variation_attributes":[{"id":4,"name":"Steak Size","option":"14oz-fr"}],"single_product_visibility":"hidden","cart_visibility":"hidden","order_visibility":"visible","single_product_price_visibility":"visible","cart_price_visibility":"visible","order_price_visibility":"visible","stock_status":"in_stock"},{"bundled_item_id":45,"product_id":351,"menu_order":1,"quantity_min":1,"quantity_max":1,"quantity_default":1,"priced_individually":false,"shipped_individually":false,"override_title":false,"title":"Cuisses de Poulet D\u00e9soss\u00e9es Nettoy\u00e9es","override_description":false,"description":"Cuisses de Poulet D\u00e9soss\u00e9es Nettoy\u00e9es","optional":false,"hide_thumbnail":false,"discount":"","override_variations":true,"allowed_variations":[9933],"override_default_variation_attributes":true,"default_variation_attributes":[{"id":3,"name":"Format","option":"pack-de-2"}],"single_product_visibility":"hidden","cart_visibility":"hidden","order_visibility":"visible","single_product_price_visibility":"visible","cart_price_visibility":"visible","order_price_visibility":"visible","stock_status":"in_stock"},{"bundled_item_id":46,"product_id":938,"menu_order":2,"quantity_min":2,"quantity_max":2,"quantity_default":2,"priced_individually":false,"shipped_individually":false,"override_title":false,"title":"Saucisse Grecque Loukaniko","override_description":false,"description":"Saucisse Grecque Loukaniko","optional":false,"hide_thumbnail":false,"discount":"","override_variations":false,"allowed_variations":[""],"override_default_variation_attributes":false,"default_variation_attributes":[],"single_product_visibility":"hidden","cart_visibility":"hidden","order_visibility":"visible","single_product_price_visibility":"visible","cart_price_visibility":"visible","order_price_visibility":"visible","stock_status":"in_stock"},{"bundled_item_id":47,"product_id":2527,"menu_order":3,"quantity_min":6,"quantity_max":6,"quantity_default":6,"priced_individually":false,"shipped_individually":false,"override_title":false,"title":"Burgers GourMEAT","override_description":false,"description":"Burgers GourMEAT","optional":false,"hide_thumbnail":false,"discount":"","override_variations":false,"allowed_variations":[""],"override_default_variation_attributes":false,"default_variation_attributes":[],"single_product_visibility":"hidden","cart_visibility":"hidden","order_visibility":"visible","single_product_price_visibility":"visible","cart_price_visibility":"visible","order_price_visibility":"visible","stock_status":"in_stock"},{"bundled_item_id":48,"product_id":782,"menu_order":4,"quantity_min":1,"quantity_max":1,"quantity_default":1,"priced_individually":false,"shipped_individually":false,"override_title":false,"title":"Ailes de poulet (s\u00e9par\u00e9es)","override_description":false,"description":"Ailes de poulet (s\u00e9par\u00e9es)","optional":false,"hide_thumbnail":false,"discount":"","override_variations":true,"allowed_variations":[9940],"override_default_variation_attributes":true,"default_variation_attributes":[{"id":3,"name":"Format","option":"pack-de-1"}],"single_product_visibility":"hidden","cart_visibility":"hidden","order_visibility":"visible","single_product_price_visibility":"visible","cart_price_visibility":"visible","order_price_visibility":"visible","stock_status":"in_stock"}],"yoast_head":"<!-- This site is optimized with the Yoast SEO plugin v27.4 - https:\/\/yoast.com\/product\/yoast-seo-wordpress\/ -->\n<title>Pr\u00eat-\u00e0-griller - AMGA<\/title>\n<meta name=\"description\" content=\"Achetez la bo\u00eete Pr\u00eat-\u00e0-griller contenant des c\u00f4tes lev\u00e9es, des cuisses de poulet, des saucisses grecques, des hamburgers et des ailes de poulet.\" \/>\n<meta name=\"robots\" content=\"index, follow, max-snippet:-1, max-image-preview:large, max-video-preview:-1\" \/>\n<link rel=\"canonical\" href=\"https:\/\/alimentsamga.com\/fr\/produit\/pret-a-griller\/\" \/>\n<meta property=\"og:locale\" content=\"fr_FR\" \/>\n<meta property=\"og:type\" content=\"article\" \/>\n<meta property=\"og:title\" content=\"Pr\u00eat-\u00e0-griller - AMGA\" \/>\n<meta property=\"og:description\" content=\"Achetez la bo\u00eete Pr\u00eat-\u00e0-griller contenant des c\u00f4tes lev\u00e9es, des cuisses de poulet, des saucisses grecques, des hamburgers et des ailes de poulet.\" \/>\n<meta property=\"og:url\" content=\"https:\/\/alimentsamga.com\/fr\/produit\/pret-a-griller\/\" \/>\n<meta property=\"og:site_name\" content=\"AMGA\" \/>\n<meta property=\"article:modified_time\" content=\"2026-01-12T14:10:22+00:00\" \/>\n<meta property=\"og:image\" content=\"https:\/\/alimentsamga.com\/wp-content\/uploads\/2020\/09\/Ready-to-Grill-scaled.jpg\" \/>\n\t<meta property=\"og:image:width\" content=\"1920\" \/>\n\t<meta property=\"og:image:height\" content=\"1920\" \/>\n\t<meta property=\"og:image:type\" content=\"image\/jpeg\" \/>\n<meta name=\"twitter:card\" content=\"summary_large_image\" \/>\n<meta name=\"twitter:label1\" content=\"Dur\u00e9e de lecture estim\u00e9e\" \/>\n\t<meta name=\"twitter:data1\" content=\"1 minute\" \/>\n<script type=\"application\/ld+json\" class=\"yoast-schema-graph\">{\"@context\":\"https:\\\/\\\/schema.org\",\"@graph\":[{\"@type\":\"WebPage\",\"@id\":\"https:\\\/\\\/alimentsamga.com\\\/fr\\\/produit\\\/pret-a-griller\\\/\",\"url\":\"https:\\\/\\\/alimentsamga.com\\\/fr\\\/produit\\\/pret-a-griller\\\/\",\"name\":\"Pr\u00eat-\u00e0-griller - AMGA\",\"isPartOf\":{\"@id\":\"https:\\\/\\\/alimentsamga.com\\\/fr\\\/#website\"},\"primaryImageOfPage\":{\"@id\":\"https:\\\/\\\/alimentsamga.com\\\/fr\\\/produit\\\/pret-a-griller\\\/#primaryimage\"},\"image\":{\"@id\":\"https:\\\/\\\/alimentsamga.com\\\/fr\\\/produit\\\/pret-a-griller\\\/#primaryimage\"},\"thumbnailUrl\":\"https:\\\/\\\/alimentsamga.com\\\/wp-content\\\/uploads\\\/2020\\\/09\\\/Ready-to-Grill-scaled.jpg\",\"datePublished\":\"2021-09-17T16:42:50+00:00\",\"dateModified\":\"2026-01-12T14:10:22+00:00\",\"description\":\"Achetez la bo\u00eete Pr\u00eat-\u00e0-griller contenant des c\u00f4tes lev\u00e9es, des cuisses de poulet, des saucisses grecques, des hamburgers et des ailes de poulet.\",\"breadcrumb\":{\"@id\":\"https:\\\/\\\/alimentsamga.com\\\/fr\\\/produit\\\/pret-a-griller\\\/#breadcrumb\"},\"inLanguage\":\"fr-FR\",\"potentialAction\":[{\"@type\":\"ReadAction\",\"target\":[\"https:\\\/\\\/alimentsamga.com\\\/fr\\\/produit\\\/pret-a-griller\\\/\"]}]},{\"@type\":\"ImageObject\",\"inLanguage\":\"fr-FR\",\"@id\":\"https:\\\/\\\/alimentsamga.com\\\/fr\\\/produit\\\/pret-a-griller\\\/#primaryimage\",\"url\":\"https:\\\/\\\/alimentsamga.com\\\/wp-content\\\/uploads\\\/2020\\\/09\\\/Ready-to-Grill-scaled.jpg\",\"contentUrl\":\"https:\\\/\\\/alimentsamga.com\\\/wp-content\\\/uploads\\\/2020\\\/09\\\/Ready-to-Grill-scaled.jpg\",\"width\":1920,\"height\":1920,\"caption\":\"Ready to Grill\"},{\"@type\":\"BreadcrumbList\",\"@id\":\"https:\\\/\\\/alimentsamga.com\\\/fr\\\/produit\\\/pret-a-griller\\\/#breadcrumb\",\"itemListElement\":[{\"@type\":\"ListItem\",\"position\":1,\"name\":\"Home\",\"item\":\"https:\\\/\\\/alimentsamga.com\\\/fr\\\/\"},{\"@type\":\"ListItem\",\"position\":2,\"name\":\"Boutique\",\"item\":\"https:\\\/\\\/alimentsamga.com\\\/fr\\\/boutique\\\/\"},{\"@type\":\"ListItem\",\"position\":3,\"name\":\"Pr\u00eat-\u00e0-griller\"}]},{\"@type\":\"WebSite\",\"@id\":\"https:\\\/\\\/alimentsamga.com\\\/fr\\\/#website\",\"url\":\"https:\\\/\\\/alimentsamga.com\\\/fr\\\/\",\"name\":\"AMGA\",\"description\":\"Aliments Amga\",\"publisher\":{\"@id\":\"https:\\\/\\\/alimentsamga.com\\\/fr\\\/#organization\"},\"potentialAction\":[{\"@type\":\"SearchAction\",\"target\":{\"@type\":\"EntryPoint\",\"urlTemplate\":\"https:\\\/\\\/alimentsamga.com\\\/fr\\\/?s={search_term_string}\"},\"query-input\":{\"@type\":\"PropertyValueSpecification\",\"valueRequired\":true,\"valueName\":\"search_term_string\"}}],\"inLanguage\":\"fr-FR\"},{\"@type\":\"Organization\",\"@id\":\"https:\\\/\\\/alimentsamga.com\\\/fr\\\/#organization\",\"name\":\"AMGA\",\"url\":\"https:\\\/\\\/alimentsamga.com\\\/fr\\\/\",\"logo\":{\"@type\":\"ImageObject\",\"inLanguage\":\"fr-FR\",\"@id\":\"https:\\\/\\\/alimentsamga.com\\\/fr\\\/#\\\/schema\\\/logo\\\/image\\\/\",\"url\":\"https:\\\/\\\/alimentsamga.com\\\/wp-content\\\/uploads\\\/2020\\\/11\\\/amgachezvous-logo-blue-e1619460460184.png\",\"contentUrl\":\"https:\\\/\\\/alimentsamga.com\\\/wp-content\\\/uploads\\\/2020\\\/11\\\/amgachezvous-logo-blue-e1619460460184.png\",\"width\":131,\"height\":80,\"caption\":\"AMGA\"},\"image\":{\"@id\":\"https:\\\/\\\/alimentsamga.com\\\/fr\\\/#\\\/schema\\\/logo\\\/image\\\/\"},\"sameAs\":[\"https:\\\/\\\/www.instagram.com\\\/aliments.amga\\\/?hl=en\"]}]}<\/script>\n<!-- \/ Yoast SEO plugin. -->","yoast_head_json":{"title":"Pr\u00eat-\u00e0-griller - AMGA","description":"Achetez la bo\u00eete Pr\u00eat-\u00e0-griller contenant des c\u00f4tes lev\u00e9es, des cuisses de poulet, des saucisses grecques, des hamburgers et des ailes de poulet.","robots":{"index":"index","follow":"follow","max-snippet":"max-snippet:-1","max-image-preview":"max-image-preview:large","max-video-preview":"max-video-preview:-1"},"canonical":"https:\/\/alimentsamga.com\/fr\/produit\/pret-a-griller\/","og_locale":"fr_FR","og_type":"article","og_title":"Pr\u00eat-\u00e0-griller - AMGA","og_description":"Achetez la bo\u00eete Pr\u00eat-\u00e0-griller contenant des c\u00f4tes lev\u00e9es, des cuisses de poulet, des saucisses grecques, des hamburgers et des ailes de poulet.","og_url":"https:\/\/alimentsamga.com\/fr\/produit\/pret-a-griller\/","og_site_name":"AMGA","article_modified_time":"2026-01-12T14:10:22+00:00","og_image":[{"width":1920,"height":1920,"url":"https:\/\/alimentsamga.com\/wp-content\/uploads\/2020\/09\/Ready-to-Grill-scaled.jpg","type":"image\/jpeg"}],"twitter_card":"summary_large_image","twitter_misc":{"Dur\u00e9e de lecture estim\u00e9e":"1 minute"},"schema":{"@context":"https:\/\/schema.org","@graph":[{"@type":"WebPage","@id":"https:\/\/alimentsamga.com\/fr\/produit\/pret-a-griller\/","url":"https:\/\/alimentsamga.com\/fr\/produit\/pret-a-griller\/","name":"Pr\u00eat-\u00e0-griller - AMGA","isPartOf":{"@id":"https:\/\/alimentsamga.com\/fr\/#website"},"primaryImageOfPage":{"@id":"https:\/\/alimentsamga.com\/fr\/produit\/pret-a-griller\/#primaryimage"},"image":{"@id":"https:\/\/alimentsamga.com\/fr\/produit\/pret-a-griller\/#primaryimage"},"thumbnailUrl":"https:\/\/alimentsamga.com\/wp-content\/uploads\/2020\/09\/Ready-to-Grill-scaled.jpg","datePublished":"2021-09-17T16:42:50+00:00","dateModified":"2026-01-12T14:10:22+00:00","description":"Achetez la bo\u00eete Pr\u00eat-\u00e0-griller contenant des c\u00f4tes lev\u00e9es, des cuisses de poulet, des saucisses grecques, des hamburgers et des ailes de poulet.","breadcrumb":{"@id":"https:\/\/alimentsamga.com\/fr\/produit\/pret-a-griller\/#breadcrumb"},"inLanguage":"fr-FR","potentialAction":[{"@type":"ReadAction","target":["https:\/\/alimentsamga.com\/fr\/produit\/pret-a-griller\/"]}]},{"@type":"ImageObject","inLanguage":"fr-FR","@id":"https:\/\/alimentsamga.com\/fr\/produit\/pret-a-griller\/#primaryimage","url":"https:\/\/alimentsamga.com\/wp-content\/uploads\/2020\/09\/Ready-to-Grill-scaled.jpg","contentUrl":"https:\/\/alimentsamga.com\/wp-content\/uploads\/2020\/09\/Ready-to-Grill-scaled.jpg","width":1920,"height":1920,"caption":"Ready to Grill"},{"@type":"BreadcrumbList","@id":"https:\/\/alimentsamga.com\/fr\/produit\/pret-a-griller\/#breadcrumb","itemListElement":[{"@type":"ListItem","position":1,"name":"Home","item":"https:\/\/alimentsamga.com\/fr\/"},{"@type":"ListItem","position":2,"name":"Boutique","item":"https:\/\/alimentsamga.com\/fr\/boutique\/"},{"@type":"ListItem","position":3,"name":"Pr\u00eat-\u00e0-griller"}]},{"@type":"WebSite","@id":"https:\/\/alimentsamga.com\/fr\/#website","url":"https:\/\/alimentsamga.com\/fr\/","name":"AMGA","description":"Aliments Amga","publisher":{"@id":"https:\/\/alimentsamga.com\/fr\/#organization"},"potentialAction":[{"@type":"SearchAction","target":{"@type":"EntryPoint","urlTemplate":"https:\/\/alimentsamga.com\/fr\/?s={search_term_string}"},"query-input":{"@type":"PropertyValueSpecification","valueRequired":true,"valueName":"search_term_string"}}],"inLanguage":"fr-FR"},{"@type":"Organization","@id":"https:\/\/alimentsamga.com\/fr\/#organization","name":"AMGA","url":"https:\/\/alimentsamga.com\/fr\/","logo":{"@type":"ImageObject","inLanguage":"fr-FR","@id":"https:\/\/alimentsamga.com\/fr\/#\/schema\/logo\/image\/","url":"https:\/\/alimentsamga.com\/wp-content\/uploads\/2020\/11\/amgachezvous-logo-blue-e1619460460184.png","contentUrl":"https:\/\/alimentsamga.com\/wp-content\/uploads\/2020\/11\/amgachezvous-logo-blue-e1619460460184.png","width":131,"height":80,"caption":"AMGA"},"image":{"@id":"https:\/\/alimentsamga.com\/fr\/#\/schema\/logo\/image\/"},"sameAs":["https:\/\/www.instagram.com\/aliments.amga\/?hl=en"]}]}},"_links":{"self":[{"href":"https:\/\/alimentsamga.com\/fr\/wp-json\/wp\/v2\/product\/4301","targetHints":{"allow":["GET"]}}],"collection":[{"href":"https:\/\/alimentsamga.com\/fr\/wp-json\/wp\/v2\/product"}],"about":[{"href":"https:\/\/alimentsamga.com\/fr\/wp-json\/wp\/v2\/types\/product"}],"replies":[{"embeddable":true,"href":"https:\/\/alimentsamga.com\/fr\/wp-json\/wp\/v2\/comments?post=4301"}],"wp:featuredmedia":[{"embeddable":true,"href":"https:\/\/alimentsamga.com\/fr\/wp-json\/wp\/v2\/media\/698"}],"wp:attachment":[{"href":"https:\/\/alimentsamga.com\/fr\/wp-json\/wp\/v2\/media?parent=4301"}],"wp:term":[{"taxonomy":"product_brand","embeddable":true,"href":"https:\/\/alimentsamga.com\/fr\/wp-json\/wp\/v2\/product_brand?post=4301"},{"taxonomy":"product_cat","embeddable":true,"href":"https:\/\/alimentsamga.com\/fr\/wp-json\/wp\/v2\/product_cat?post=4301"},{"taxonomy":"product_tag","embeddable":true,"href":"https:\/\/alimentsamga.com\/fr\/wp-json\/wp\/v2\/product_tag?post=4301"}],"curies":[{"name":"wp","href":"https:\/\/api.w.org\/{rel}","templated":true}]}}