{"id":3405,"date":"2021-07-16T09:23:17","date_gmt":"2021-07-16T14:23:17","guid":{"rendered":"https:\/\/alimentsamga.com\/?post_type=product&#038;p=3405"},"modified":"2025-02-26T14:09:03","modified_gmt":"2025-02-26T19:09:03","slug":"seafood-mix","status":"publish","type":"product","link":"https:\/\/alimentsamga.com\/fr\/produit\/seafood-mix\/","title":{"rendered":"M\u00e9lange de Fruits de Mer"},"content":{"rendered":"<p data-start=\"1007\" data-end=\"1439\">Notre <strong data-start=\"1058\" data-end=\"1094\">m\u00e9lange de fruits de mer congel\u00e9<\/strong> (2,5 lb (2.27 kilograms)) de Tha\u00eflande pr\u00e9sente le m\u00e9lange Ocean Jewel\u2122 Seafood Medley. Il comprend de la chair de palourde cuite, de la chair de moule cuite, des crevettes blanches du Pacifique blanchies et des anneaux et tentacules de calmar Loligo blanchis. Ce m\u00e9lange polyvalent est parfait pour une vari\u00e9t\u00e9 de plats, des p\u00e2tes aux salades de fruits de mer.<\/p>\n<p data-start=\"1441\" data-end=\"1706\">Le m\u00e9lange Ocean Jewel\u2122 Seafood Medley offre une excellente qualit\u00e9 et saveur. Il est id\u00e9al pour les restaurants, les traiteurs ou la cuisine \u00e0 la maison. Profitez de la commodit\u00e9 et du go\u00fbt premium de ce m\u00e9lange de fruits de mer dans toutes vos recettes pr\u00e9f\u00e9r\u00e9es.<\/p>\n<p>Consultez nos <a href=\"https:\/\/alimentsamga.com\/fr\/categorie-produit\/fruits-de-mer\/\">autres produits de la mer ici.<\/a><\/p>\n","protected":false},"excerpt":{"rendered":"Congel\u00e9\r\n2,5 livres\r\nProduit de Tha\u00eflande","protected":false},"featured_media":10642,"comment_status":"closed","ping_status":"closed","template":"","meta":{"content-type":""},"product_brand":[],"product_cat":[97,161],"product_tag":[452,453,454],"class_list":{"0":"post-3405","1":"product","2":"type-product","3":"status-publish","4":"has-post-thumbnail","6":"product_cat-fruits-de-mer","7":"product_cat-repas-rapide","8":"product_tag-mix-of-seafood-fr","9":"product_tag-seafood-fr","10":"product_tag-seafood-mix-fr","12":"first","13":"outofstock","14":"shipping-taxable","15":"purchasable","16":"product-type-simple"},"bundle_layout":"","bundle_add_to_cart_form_location":"","bundle_editable_in_cart":false,"bundle_sold_individually_context":"","bundle_item_grouping":"","bundle_min_size":"","bundle_max_size":"","bundled_by":[],"bundled_items":[],"yoast_head":"<!-- This site is optimized with the Yoast SEO plugin v27.4 - https:\/\/yoast.com\/product\/yoast-seo-wordpress\/ -->\n<title>M\u00e9lange de Fruits de Mer - AMGA<\/title>\n<meta name=\"description\" content=\"Achetez du m\u00e9lange de fruits de mer congel\u00e9 (2,5 lb) de Tha\u00eflande. Un m\u00e9lange de palourdes, moules, crevettes et calmars, parfait pour vos plats.\" \/>\n<meta name=\"robots\" content=\"index, follow, max-snippet:-1, max-image-preview:large, max-video-preview:-1\" \/>\n<link rel=\"canonical\" href=\"https:\/\/alimentsamga.com\/fr\/produit\/seafood-mix\/\" \/>\n<meta property=\"og:locale\" content=\"fr_FR\" \/>\n<meta property=\"og:type\" content=\"article\" \/>\n<meta property=\"og:title\" content=\"M\u00e9lange de Fruits de Mer - AMGA\" \/>\n<meta property=\"og:description\" content=\"Achetez du m\u00e9lange de fruits de mer congel\u00e9 (2,5 lb) de Tha\u00eflande. Un m\u00e9lange de palourdes, moules, crevettes et calmars, parfait pour vos plats.\" \/>\n<meta property=\"og:url\" content=\"https:\/\/alimentsamga.com\/fr\/produit\/seafood-mix\/\" \/>\n<meta property=\"og:site_name\" content=\"AMGA\" \/>\n<meta property=\"article:modified_time\" content=\"2025-02-26T19:09:03+00:00\" \/>\n<meta property=\"og:image\" content=\"https:\/\/alimentsamga.com\/wp-content\/uploads\/2021\/07\/Seafood-mix1.jpg\" \/>\n\t<meta property=\"og:image:width\" content=\"721\" \/>\n\t<meta property=\"og:image:height\" content=\"480\" \/>\n\t<meta property=\"og:image:type\" content=\"image\/jpeg\" \/>\n<meta name=\"twitter:card\" content=\"summary_large_image\" \/>\n<meta name=\"twitter:label1\" content=\"Dur\u00e9e de lecture estim\u00e9e\" \/>\n\t<meta name=\"twitter:data1\" content=\"1 minute\" \/>\n<script type=\"application\/ld+json\" class=\"yoast-schema-graph\">{\"@context\":\"https:\\\/\\\/schema.org\",\"@graph\":[{\"@type\":\"WebPage\",\"@id\":\"https:\\\/\\\/alimentsamga.com\\\/fr\\\/produit\\\/seafood-mix\\\/\",\"url\":\"https:\\\/\\\/alimentsamga.com\\\/fr\\\/produit\\\/seafood-mix\\\/\",\"name\":\"M\u00e9lange de Fruits de Mer - AMGA\",\"isPartOf\":{\"@id\":\"https:\\\/\\\/alimentsamga.com\\\/fr\\\/#website\"},\"primaryImageOfPage\":{\"@id\":\"https:\\\/\\\/alimentsamga.com\\\/fr\\\/produit\\\/seafood-mix\\\/#primaryimage\"},\"image\":{\"@id\":\"https:\\\/\\\/alimentsamga.com\\\/fr\\\/produit\\\/seafood-mix\\\/#primaryimage\"},\"thumbnailUrl\":\"https:\\\/\\\/alimentsamga.com\\\/wp-content\\\/uploads\\\/2021\\\/07\\\/Seafood-mix1.jpg\",\"datePublished\":\"2021-07-16T14:23:17+00:00\",\"dateModified\":\"2025-02-26T19:09:03+00:00\",\"description\":\"Achetez du m\u00e9lange de fruits de mer congel\u00e9 (2,5 lb) de Tha\u00eflande. Un m\u00e9lange de palourdes, moules, crevettes et calmars, parfait pour vos plats.\",\"breadcrumb\":{\"@id\":\"https:\\\/\\\/alimentsamga.com\\\/fr\\\/produit\\\/seafood-mix\\\/#breadcrumb\"},\"inLanguage\":\"fr-FR\",\"potentialAction\":[{\"@type\":\"ReadAction\",\"target\":[\"https:\\\/\\\/alimentsamga.com\\\/fr\\\/produit\\\/seafood-mix\\\/\"]}]},{\"@type\":\"ImageObject\",\"inLanguage\":\"fr-FR\",\"@id\":\"https:\\\/\\\/alimentsamga.com\\\/fr\\\/produit\\\/seafood-mix\\\/#primaryimage\",\"url\":\"https:\\\/\\\/alimentsamga.com\\\/wp-content\\\/uploads\\\/2021\\\/07\\\/Seafood-mix1.jpg\",\"contentUrl\":\"https:\\\/\\\/alimentsamga.com\\\/wp-content\\\/uploads\\\/2021\\\/07\\\/Seafood-mix1.jpg\",\"width\":721,\"height\":480,\"caption\":\"seafood mix\"},{\"@type\":\"BreadcrumbList\",\"@id\":\"https:\\\/\\\/alimentsamga.com\\\/fr\\\/produit\\\/seafood-mix\\\/#breadcrumb\",\"itemListElement\":[{\"@type\":\"ListItem\",\"position\":1,\"name\":\"Home\",\"item\":\"https:\\\/\\\/alimentsamga.com\\\/fr\\\/\"},{\"@type\":\"ListItem\",\"position\":2,\"name\":\"Boutique\",\"item\":\"https:\\\/\\\/alimentsamga.com\\\/fr\\\/boutique\\\/\"},{\"@type\":\"ListItem\",\"position\":3,\"name\":\"M\u00e9lange de Fruits de Mer\"}]},{\"@type\":\"WebSite\",\"@id\":\"https:\\\/\\\/alimentsamga.com\\\/fr\\\/#website\",\"url\":\"https:\\\/\\\/alimentsamga.com\\\/fr\\\/\",\"name\":\"AMGA\",\"description\":\"Aliments Amga\",\"publisher\":{\"@id\":\"https:\\\/\\\/alimentsamga.com\\\/fr\\\/#organization\"},\"potentialAction\":[{\"@type\":\"SearchAction\",\"target\":{\"@type\":\"EntryPoint\",\"urlTemplate\":\"https:\\\/\\\/alimentsamga.com\\\/fr\\\/?s={search_term_string}\"},\"query-input\":{\"@type\":\"PropertyValueSpecification\",\"valueRequired\":true,\"valueName\":\"search_term_string\"}}],\"inLanguage\":\"fr-FR\"},{\"@type\":\"Organization\",\"@id\":\"https:\\\/\\\/alimentsamga.com\\\/fr\\\/#organization\",\"name\":\"AMGA\",\"url\":\"https:\\\/\\\/alimentsamga.com\\\/fr\\\/\",\"logo\":{\"@type\":\"ImageObject\",\"inLanguage\":\"fr-FR\",\"@id\":\"https:\\\/\\\/alimentsamga.com\\\/fr\\\/#\\\/schema\\\/logo\\\/image\\\/\",\"url\":\"https:\\\/\\\/alimentsamga.com\\\/wp-content\\\/uploads\\\/2020\\\/11\\\/amgachezvous-logo-blue-e1619460460184.png\",\"contentUrl\":\"https:\\\/\\\/alimentsamga.com\\\/wp-content\\\/uploads\\\/2020\\\/11\\\/amgachezvous-logo-blue-e1619460460184.png\",\"width\":131,\"height\":80,\"caption\":\"AMGA\"},\"image\":{\"@id\":\"https:\\\/\\\/alimentsamga.com\\\/fr\\\/#\\\/schema\\\/logo\\\/image\\\/\"},\"sameAs\":[\"https:\\\/\\\/www.instagram.com\\\/aliments.amga\\\/?hl=en\"]}]}<\/script>\n<!-- \/ Yoast SEO plugin. -->","yoast_head_json":{"title":"M\u00e9lange de Fruits de Mer - AMGA","description":"Achetez du m\u00e9lange de fruits de mer congel\u00e9 (2,5 lb) de Tha\u00eflande. Un m\u00e9lange de palourdes, moules, crevettes et calmars, parfait pour vos plats.","robots":{"index":"index","follow":"follow","max-snippet":"max-snippet:-1","max-image-preview":"max-image-preview:large","max-video-preview":"max-video-preview:-1"},"canonical":"https:\/\/alimentsamga.com\/fr\/produit\/seafood-mix\/","og_locale":"fr_FR","og_type":"article","og_title":"M\u00e9lange de Fruits de Mer - AMGA","og_description":"Achetez du m\u00e9lange de fruits de mer congel\u00e9 (2,5 lb) de Tha\u00eflande. Un m\u00e9lange de palourdes, moules, crevettes et calmars, parfait pour vos plats.","og_url":"https:\/\/alimentsamga.com\/fr\/produit\/seafood-mix\/","og_site_name":"AMGA","article_modified_time":"2025-02-26T19:09:03+00:00","og_image":[{"width":721,"height":480,"url":"https:\/\/alimentsamga.com\/wp-content\/uploads\/2021\/07\/Seafood-mix1.jpg","type":"image\/jpeg"}],"twitter_card":"summary_large_image","twitter_misc":{"Dur\u00e9e de lecture estim\u00e9e":"1 minute"},"schema":{"@context":"https:\/\/schema.org","@graph":[{"@type":"WebPage","@id":"https:\/\/alimentsamga.com\/fr\/produit\/seafood-mix\/","url":"https:\/\/alimentsamga.com\/fr\/produit\/seafood-mix\/","name":"M\u00e9lange de Fruits de Mer - AMGA","isPartOf":{"@id":"https:\/\/alimentsamga.com\/fr\/#website"},"primaryImageOfPage":{"@id":"https:\/\/alimentsamga.com\/fr\/produit\/seafood-mix\/#primaryimage"},"image":{"@id":"https:\/\/alimentsamga.com\/fr\/produit\/seafood-mix\/#primaryimage"},"thumbnailUrl":"https:\/\/alimentsamga.com\/wp-content\/uploads\/2021\/07\/Seafood-mix1.jpg","datePublished":"2021-07-16T14:23:17+00:00","dateModified":"2025-02-26T19:09:03+00:00","description":"Achetez du m\u00e9lange de fruits de mer congel\u00e9 (2,5 lb) de Tha\u00eflande. Un m\u00e9lange de palourdes, moules, crevettes et calmars, parfait pour vos plats.","breadcrumb":{"@id":"https:\/\/alimentsamga.com\/fr\/produit\/seafood-mix\/#breadcrumb"},"inLanguage":"fr-FR","potentialAction":[{"@type":"ReadAction","target":["https:\/\/alimentsamga.com\/fr\/produit\/seafood-mix\/"]}]},{"@type":"ImageObject","inLanguage":"fr-FR","@id":"https:\/\/alimentsamga.com\/fr\/produit\/seafood-mix\/#primaryimage","url":"https:\/\/alimentsamga.com\/wp-content\/uploads\/2021\/07\/Seafood-mix1.jpg","contentUrl":"https:\/\/alimentsamga.com\/wp-content\/uploads\/2021\/07\/Seafood-mix1.jpg","width":721,"height":480,"caption":"seafood mix"},{"@type":"BreadcrumbList","@id":"https:\/\/alimentsamga.com\/fr\/produit\/seafood-mix\/#breadcrumb","itemListElement":[{"@type":"ListItem","position":1,"name":"Home","item":"https:\/\/alimentsamga.com\/fr\/"},{"@type":"ListItem","position":2,"name":"Boutique","item":"https:\/\/alimentsamga.com\/fr\/boutique\/"},{"@type":"ListItem","position":3,"name":"M\u00e9lange de Fruits de Mer"}]},{"@type":"WebSite","@id":"https:\/\/alimentsamga.com\/fr\/#website","url":"https:\/\/alimentsamga.com\/fr\/","name":"AMGA","description":"Aliments Amga","publisher":{"@id":"https:\/\/alimentsamga.com\/fr\/#organization"},"potentialAction":[{"@type":"SearchAction","target":{"@type":"EntryPoint","urlTemplate":"https:\/\/alimentsamga.com\/fr\/?s={search_term_string}"},"query-input":{"@type":"PropertyValueSpecification","valueRequired":true,"valueName":"search_term_string"}}],"inLanguage":"fr-FR"},{"@type":"Organization","@id":"https:\/\/alimentsamga.com\/fr\/#organization","name":"AMGA","url":"https:\/\/alimentsamga.com\/fr\/","logo":{"@type":"ImageObject","inLanguage":"fr-FR","@id":"https:\/\/alimentsamga.com\/fr\/#\/schema\/logo\/image\/","url":"https:\/\/alimentsamga.com\/wp-content\/uploads\/2020\/11\/amgachezvous-logo-blue-e1619460460184.png","contentUrl":"https:\/\/alimentsamga.com\/wp-content\/uploads\/2020\/11\/amgachezvous-logo-blue-e1619460460184.png","width":131,"height":80,"caption":"AMGA"},"image":{"@id":"https:\/\/alimentsamga.com\/fr\/#\/schema\/logo\/image\/"},"sameAs":["https:\/\/www.instagram.com\/aliments.amga\/?hl=en"]}]}},"_links":{"self":[{"href":"https:\/\/alimentsamga.com\/fr\/wp-json\/wp\/v2\/product\/3405","targetHints":{"allow":["GET"]}}],"collection":[{"href":"https:\/\/alimentsamga.com\/fr\/wp-json\/wp\/v2\/product"}],"about":[{"href":"https:\/\/alimentsamga.com\/fr\/wp-json\/wp\/v2\/types\/product"}],"replies":[{"embeddable":true,"href":"https:\/\/alimentsamga.com\/fr\/wp-json\/wp\/v2\/comments?post=3405"}],"wp:featuredmedia":[{"embeddable":true,"href":"https:\/\/alimentsamga.com\/fr\/wp-json\/wp\/v2\/media\/10642"}],"wp:attachment":[{"href":"https:\/\/alimentsamga.com\/fr\/wp-json\/wp\/v2\/media?parent=3405"}],"wp:term":[{"taxonomy":"product_brand","embeddable":true,"href":"https:\/\/alimentsamga.com\/fr\/wp-json\/wp\/v2\/product_brand?post=3405"},{"taxonomy":"product_cat","embeddable":true,"href":"https:\/\/alimentsamga.com\/fr\/wp-json\/wp\/v2\/product_cat?post=3405"},{"taxonomy":"product_tag","embeddable":true,"href":"https:\/\/alimentsamga.com\/fr\/wp-json\/wp\/v2\/product_tag?post=3405"}],"curies":[{"name":"wp","href":"https:\/\/api.w.org\/{rel}","templated":true}]}}