{"id":3241,"date":"2021-07-08T10:44:02","date_gmt":"2021-07-08T15:44:02","guid":{"rendered":"https:\/\/alimentsamga.com\/?post_type=product&#038;p=3241"},"modified":"2025-02-26T14:19:31","modified_gmt":"2025-02-26T19:19:31","slug":"poitrine-entiere","status":"publish","type":"product","link":"https:\/\/alimentsamga.com\/fr\/produit\/poitrine-entiere\/","title":{"rendered":"Poitrine de Boeuf enti\u00e8re"},"content":{"rendered":"<div class=\"QmZWSe\">\n<p data-start=\"847\" data-end=\"1089\">Notre <strong data-start=\"898\" data-end=\"926\">poitrine de boeuf enti\u00e8re sans os<\/strong> est fra\u00eeche, pesant entre 7,5 et 8,5 kg (11.02 pounds) par pi\u00e8ce. Elle est parfaite pour fumer, r\u00f4tir ou griller. Cette poitrine de haute qualit\u00e9 offre tendret\u00e9 et saveur riche.<\/p>\n<p data-start=\"1091\" data-end=\"1315\">Que vous organisiez un barbecue ou pr\u00e9pariez un repas en famille, cette poitrine fournit suffisamment de viande pour de grands rassemblements. Elle est id\u00e9ale pour une cuisson lente qui met en valeur la texture et la saveur.<\/p>\n<p data-start=\"1091\" data-end=\"1315\">Consultez nos autres <a href=\"https:\/\/alimentsamga.com\/fr\/categorie-produit\/boeuf\/\">produits \u00e0 base de b\u0153uf ici.<\/a><\/p>\n<\/div>\n","protected":false},"excerpt":{"rendered":"<div class=\"QmZWSe\">\r\n<p class=\"DHcWmd\"><span class=\"Y2IQFc\" lang=\"fr\">Sans os<\/span><\/p>\r\n<p class=\"DHcWmd\"><span class=\"Y2IQFc\" lang=\"fr\">Frais<\/span><\/p>\r\n<p class=\"DHcWmd\"><span class=\"Y2IQFc\" lang=\"fr\">Environ 7.5-8.5 kg\/pi\u00e8ce<\/span><\/p>\r\n\r\n<\/div>\r\n<div class=\"oSioSc\">\r\n<div id=\"tw-target\">\r\n<div id=\"kAz1tf\" class=\"g9WsWb\">\r\n<div id=\"tw-target-rmn-container\" class=\"tw-target-rmn tw-ta-container F0azHf tw-nfl\">\r\n<p id=\"tw-target-rmn\" class=\"tw-data-placeholder tw-text-small tw-ta\" dir=\"ltr\"><\/p>\r\n\r\n<\/div>\r\n<\/div>\r\n<\/div>\r\n<\/div>","protected":false},"featured_media":10371,"comment_status":"closed","ping_status":"closed","template":"","meta":{"content-type":""},"product_brand":[],"product_cat":[58],"product_tag":[],"class_list":{"0":"post-3241","1":"product","2":"type-product","3":"status-publish","4":"has-post-thumbnail","6":"product_cat-boeuf","8":"first","9":"instock","10":"shipping-taxable","11":"purchasable","12":"product-type-simple"},"bundle_layout":"","bundle_add_to_cart_form_location":"","bundle_editable_in_cart":false,"bundle_sold_individually_context":"","bundle_item_grouping":"","bundle_min_size":"","bundle_max_size":"","bundled_by":[],"bundled_items":[],"yoast_head":"<!-- This site is optimized with the Yoast SEO plugin v27.4 - https:\/\/yoast.com\/product\/yoast-seo-wordpress\/ -->\n<title>Poitrine de Boeuf enti\u00e8re - AMGA<\/title>\n<meta name=\"description\" content=\"Achetez une poitrine de boeuf enti\u00e8re sans os (7,5-8,5 kg\/pi\u00e8ce), fra\u00eeche et parfaite pour fumer, r\u00f4tir ou griller. Id\u00e9ale pour les grands repas.\" \/>\n<meta name=\"robots\" content=\"index, follow, max-snippet:-1, max-image-preview:large, max-video-preview:-1\" \/>\n<link rel=\"canonical\" href=\"https:\/\/alimentsamga.com\/fr\/produit\/poitrine-entiere\/\" \/>\n<meta property=\"og:locale\" content=\"fr_FR\" \/>\n<meta property=\"og:type\" content=\"article\" \/>\n<meta property=\"og:title\" content=\"Poitrine de Boeuf enti\u00e8re - AMGA\" \/>\n<meta property=\"og:description\" content=\"Achetez une poitrine de boeuf enti\u00e8re sans os (7,5-8,5 kg\/pi\u00e8ce), fra\u00eeche et parfaite pour fumer, r\u00f4tir ou griller. Id\u00e9ale pour les grands repas.\" \/>\n<meta property=\"og:url\" content=\"https:\/\/alimentsamga.com\/fr\/produit\/poitrine-entiere\/\" \/>\n<meta property=\"og:site_name\" content=\"AMGA\" \/>\n<meta property=\"article:modified_time\" content=\"2025-02-26T19:19:31+00:00\" \/>\n<meta property=\"og:image\" content=\"https:\/\/alimentsamga.com\/wp-content\/uploads\/2021\/07\/2191-3.jpg\" \/>\n\t<meta property=\"og:image:width\" content=\"720\" \/>\n\t<meta property=\"og:image:height\" content=\"480\" \/>\n\t<meta property=\"og:image:type\" content=\"image\/jpeg\" \/>\n<meta name=\"twitter:card\" content=\"summary_large_image\" \/>\n<meta name=\"twitter:label1\" content=\"Dur\u00e9e de lecture estim\u00e9e\" \/>\n\t<meta name=\"twitter:data1\" content=\"1 minute\" \/>\n<script type=\"application\/ld+json\" class=\"yoast-schema-graph\">{\"@context\":\"https:\\\/\\\/schema.org\",\"@graph\":[{\"@type\":\"WebPage\",\"@id\":\"https:\\\/\\\/alimentsamga.com\\\/fr\\\/produit\\\/poitrine-entiere\\\/\",\"url\":\"https:\\\/\\\/alimentsamga.com\\\/fr\\\/produit\\\/poitrine-entiere\\\/\",\"name\":\"Poitrine de Boeuf enti\u00e8re - AMGA\",\"isPartOf\":{\"@id\":\"https:\\\/\\\/alimentsamga.com\\\/fr\\\/#website\"},\"primaryImageOfPage\":{\"@id\":\"https:\\\/\\\/alimentsamga.com\\\/fr\\\/produit\\\/poitrine-entiere\\\/#primaryimage\"},\"image\":{\"@id\":\"https:\\\/\\\/alimentsamga.com\\\/fr\\\/produit\\\/poitrine-entiere\\\/#primaryimage\"},\"thumbnailUrl\":\"https:\\\/\\\/alimentsamga.com\\\/wp-content\\\/uploads\\\/2021\\\/07\\\/2191-3.jpg\",\"datePublished\":\"2021-07-08T15:44:02+00:00\",\"dateModified\":\"2025-02-26T19:19:31+00:00\",\"description\":\"Achetez une poitrine de boeuf enti\u00e8re sans os (7,5-8,5 kg\\\/pi\u00e8ce), fra\u00eeche et parfaite pour fumer, r\u00f4tir ou griller. Id\u00e9ale pour les grands repas.\",\"breadcrumb\":{\"@id\":\"https:\\\/\\\/alimentsamga.com\\\/fr\\\/produit\\\/poitrine-entiere\\\/#breadcrumb\"},\"inLanguage\":\"fr-FR\",\"potentialAction\":[{\"@type\":\"ReadAction\",\"target\":[\"https:\\\/\\\/alimentsamga.com\\\/fr\\\/produit\\\/poitrine-entiere\\\/\"]}]},{\"@type\":\"ImageObject\",\"inLanguage\":\"fr-FR\",\"@id\":\"https:\\\/\\\/alimentsamga.com\\\/fr\\\/produit\\\/poitrine-entiere\\\/#primaryimage\",\"url\":\"https:\\\/\\\/alimentsamga.com\\\/wp-content\\\/uploads\\\/2021\\\/07\\\/2191-3.jpg\",\"contentUrl\":\"https:\\\/\\\/alimentsamga.com\\\/wp-content\\\/uploads\\\/2021\\\/07\\\/2191-3.jpg\",\"width\":720,\"height\":480,\"caption\":\"BEEF BRISKET\"},{\"@type\":\"BreadcrumbList\",\"@id\":\"https:\\\/\\\/alimentsamga.com\\\/fr\\\/produit\\\/poitrine-entiere\\\/#breadcrumb\",\"itemListElement\":[{\"@type\":\"ListItem\",\"position\":1,\"name\":\"Home\",\"item\":\"https:\\\/\\\/alimentsamga.com\\\/fr\\\/\"},{\"@type\":\"ListItem\",\"position\":2,\"name\":\"Boutique\",\"item\":\"https:\\\/\\\/alimentsamga.com\\\/fr\\\/boutique\\\/\"},{\"@type\":\"ListItem\",\"position\":3,\"name\":\"Poitrine de Boeuf enti\u00e8re\"}]},{\"@type\":\"WebSite\",\"@id\":\"https:\\\/\\\/alimentsamga.com\\\/fr\\\/#website\",\"url\":\"https:\\\/\\\/alimentsamga.com\\\/fr\\\/\",\"name\":\"AMGA\",\"description\":\"Aliments Amga\",\"publisher\":{\"@id\":\"https:\\\/\\\/alimentsamga.com\\\/fr\\\/#organization\"},\"potentialAction\":[{\"@type\":\"SearchAction\",\"target\":{\"@type\":\"EntryPoint\",\"urlTemplate\":\"https:\\\/\\\/alimentsamga.com\\\/fr\\\/?s={search_term_string}\"},\"query-input\":{\"@type\":\"PropertyValueSpecification\",\"valueRequired\":true,\"valueName\":\"search_term_string\"}}],\"inLanguage\":\"fr-FR\"},{\"@type\":\"Organization\",\"@id\":\"https:\\\/\\\/alimentsamga.com\\\/fr\\\/#organization\",\"name\":\"AMGA\",\"url\":\"https:\\\/\\\/alimentsamga.com\\\/fr\\\/\",\"logo\":{\"@type\":\"ImageObject\",\"inLanguage\":\"fr-FR\",\"@id\":\"https:\\\/\\\/alimentsamga.com\\\/fr\\\/#\\\/schema\\\/logo\\\/image\\\/\",\"url\":\"https:\\\/\\\/alimentsamga.com\\\/wp-content\\\/uploads\\\/2020\\\/11\\\/amgachezvous-logo-blue-e1619460460184.png\",\"contentUrl\":\"https:\\\/\\\/alimentsamga.com\\\/wp-content\\\/uploads\\\/2020\\\/11\\\/amgachezvous-logo-blue-e1619460460184.png\",\"width\":131,\"height\":80,\"caption\":\"AMGA\"},\"image\":{\"@id\":\"https:\\\/\\\/alimentsamga.com\\\/fr\\\/#\\\/schema\\\/logo\\\/image\\\/\"},\"sameAs\":[\"https:\\\/\\\/www.instagram.com\\\/aliments.amga\\\/?hl=en\"]}]}<\/script>\n<!-- \/ Yoast SEO plugin. -->","yoast_head_json":{"title":"Poitrine de Boeuf enti\u00e8re - AMGA","description":"Achetez une poitrine de boeuf enti\u00e8re sans os (7,5-8,5 kg\/pi\u00e8ce), fra\u00eeche et parfaite pour fumer, r\u00f4tir ou griller. Id\u00e9ale pour les grands repas.","robots":{"index":"index","follow":"follow","max-snippet":"max-snippet:-1","max-image-preview":"max-image-preview:large","max-video-preview":"max-video-preview:-1"},"canonical":"https:\/\/alimentsamga.com\/fr\/produit\/poitrine-entiere\/","og_locale":"fr_FR","og_type":"article","og_title":"Poitrine de Boeuf enti\u00e8re - AMGA","og_description":"Achetez une poitrine de boeuf enti\u00e8re sans os (7,5-8,5 kg\/pi\u00e8ce), fra\u00eeche et parfaite pour fumer, r\u00f4tir ou griller. Id\u00e9ale pour les grands repas.","og_url":"https:\/\/alimentsamga.com\/fr\/produit\/poitrine-entiere\/","og_site_name":"AMGA","article_modified_time":"2025-02-26T19:19:31+00:00","og_image":[{"width":720,"height":480,"url":"https:\/\/alimentsamga.com\/wp-content\/uploads\/2021\/07\/2191-3.jpg","type":"image\/jpeg"}],"twitter_card":"summary_large_image","twitter_misc":{"Dur\u00e9e de lecture estim\u00e9e":"1 minute"},"schema":{"@context":"https:\/\/schema.org","@graph":[{"@type":"WebPage","@id":"https:\/\/alimentsamga.com\/fr\/produit\/poitrine-entiere\/","url":"https:\/\/alimentsamga.com\/fr\/produit\/poitrine-entiere\/","name":"Poitrine de Boeuf enti\u00e8re - AMGA","isPartOf":{"@id":"https:\/\/alimentsamga.com\/fr\/#website"},"primaryImageOfPage":{"@id":"https:\/\/alimentsamga.com\/fr\/produit\/poitrine-entiere\/#primaryimage"},"image":{"@id":"https:\/\/alimentsamga.com\/fr\/produit\/poitrine-entiere\/#primaryimage"},"thumbnailUrl":"https:\/\/alimentsamga.com\/wp-content\/uploads\/2021\/07\/2191-3.jpg","datePublished":"2021-07-08T15:44:02+00:00","dateModified":"2025-02-26T19:19:31+00:00","description":"Achetez une poitrine de boeuf enti\u00e8re sans os (7,5-8,5 kg\/pi\u00e8ce), fra\u00eeche et parfaite pour fumer, r\u00f4tir ou griller. Id\u00e9ale pour les grands repas.","breadcrumb":{"@id":"https:\/\/alimentsamga.com\/fr\/produit\/poitrine-entiere\/#breadcrumb"},"inLanguage":"fr-FR","potentialAction":[{"@type":"ReadAction","target":["https:\/\/alimentsamga.com\/fr\/produit\/poitrine-entiere\/"]}]},{"@type":"ImageObject","inLanguage":"fr-FR","@id":"https:\/\/alimentsamga.com\/fr\/produit\/poitrine-entiere\/#primaryimage","url":"https:\/\/alimentsamga.com\/wp-content\/uploads\/2021\/07\/2191-3.jpg","contentUrl":"https:\/\/alimentsamga.com\/wp-content\/uploads\/2021\/07\/2191-3.jpg","width":720,"height":480,"caption":"BEEF BRISKET"},{"@type":"BreadcrumbList","@id":"https:\/\/alimentsamga.com\/fr\/produit\/poitrine-entiere\/#breadcrumb","itemListElement":[{"@type":"ListItem","position":1,"name":"Home","item":"https:\/\/alimentsamga.com\/fr\/"},{"@type":"ListItem","position":2,"name":"Boutique","item":"https:\/\/alimentsamga.com\/fr\/boutique\/"},{"@type":"ListItem","position":3,"name":"Poitrine de Boeuf enti\u00e8re"}]},{"@type":"WebSite","@id":"https:\/\/alimentsamga.com\/fr\/#website","url":"https:\/\/alimentsamga.com\/fr\/","name":"AMGA","description":"Aliments Amga","publisher":{"@id":"https:\/\/alimentsamga.com\/fr\/#organization"},"potentialAction":[{"@type":"SearchAction","target":{"@type":"EntryPoint","urlTemplate":"https:\/\/alimentsamga.com\/fr\/?s={search_term_string}"},"query-input":{"@type":"PropertyValueSpecification","valueRequired":true,"valueName":"search_term_string"}}],"inLanguage":"fr-FR"},{"@type":"Organization","@id":"https:\/\/alimentsamga.com\/fr\/#organization","name":"AMGA","url":"https:\/\/alimentsamga.com\/fr\/","logo":{"@type":"ImageObject","inLanguage":"fr-FR","@id":"https:\/\/alimentsamga.com\/fr\/#\/schema\/logo\/image\/","url":"https:\/\/alimentsamga.com\/wp-content\/uploads\/2020\/11\/amgachezvous-logo-blue-e1619460460184.png","contentUrl":"https:\/\/alimentsamga.com\/wp-content\/uploads\/2020\/11\/amgachezvous-logo-blue-e1619460460184.png","width":131,"height":80,"caption":"AMGA"},"image":{"@id":"https:\/\/alimentsamga.com\/fr\/#\/schema\/logo\/image\/"},"sameAs":["https:\/\/www.instagram.com\/aliments.amga\/?hl=en"]}]}},"_links":{"self":[{"href":"https:\/\/alimentsamga.com\/fr\/wp-json\/wp\/v2\/product\/3241","targetHints":{"allow":["GET"]}}],"collection":[{"href":"https:\/\/alimentsamga.com\/fr\/wp-json\/wp\/v2\/product"}],"about":[{"href":"https:\/\/alimentsamga.com\/fr\/wp-json\/wp\/v2\/types\/product"}],"replies":[{"embeddable":true,"href":"https:\/\/alimentsamga.com\/fr\/wp-json\/wp\/v2\/comments?post=3241"}],"wp:featuredmedia":[{"embeddable":true,"href":"https:\/\/alimentsamga.com\/fr\/wp-json\/wp\/v2\/media\/10371"}],"wp:attachment":[{"href":"https:\/\/alimentsamga.com\/fr\/wp-json\/wp\/v2\/media?parent=3241"}],"wp:term":[{"taxonomy":"product_brand","embeddable":true,"href":"https:\/\/alimentsamga.com\/fr\/wp-json\/wp\/v2\/product_brand?post=3241"},{"taxonomy":"product_cat","embeddable":true,"href":"https:\/\/alimentsamga.com\/fr\/wp-json\/wp\/v2\/product_cat?post=3241"},{"taxonomy":"product_tag","embeddable":true,"href":"https:\/\/alimentsamga.com\/fr\/wp-json\/wp\/v2\/product_tag?post=3241"}],"curies":[{"name":"wp","href":"https:\/\/api.w.org\/{rel}","templated":true}]}}