{"id":2903,"date":"2021-06-18T20:43:46","date_gmt":"2021-06-19T01:43:47","guid":{"rendered":"https:\/\/alimentsamga.com\/?post_type=product&#038;p=2903"},"modified":"2025-03-25T15:31:54","modified_gmt":"2025-03-25T19:31:54","slug":"nathans-hot-dogs-au-boeuf","status":"publish","type":"product","link":"https:\/\/alimentsamga.com\/fr\/produit\/nathans-hot-dogs-au-boeuf\/","title":{"rendered":"Nathan&rsquo;s Hot-dogs au b\u0153uf"},"content":{"rendered":"<p>Les Hot Dogs Nathan\u2019s au Boeuf sont fabriqu\u00e9s avec des saucisses premium \u00e0 base de boeuf, offrant une saveur d\u00e9licieuse et une bouch\u00e9e juteuse. Chaque paquet de 5 lbs (2.27 kilograms) contient 30 saucisses, soit 6 par livre, parfaites pour la grillade ou les repas en plein air.<\/p>\n<p data-start=\"1414\" data-end=\"1662\">Que vous organisiez un BBQ ou que vous appr\u00e9ciiez un repas d\u00e9contract\u00e9, ces hot dogs offrent un go\u00fbt et une qualit\u00e9 incomparables. Provenant de fournisseurs de confiance, les hot dogs Nathan\u2019s sont un incontournable pour toute occasion de grillade.<\/p>\n<p>Consultez nos autres <a href=\"https:\/\/alimentsamga.com\/fr\/categorie-produit\/boeuf\/\">produits \u00e0 base de b\u0153uf ici.<\/a><\/p>\n","protected":false},"excerpt":{"rendered":"paquet de 5 lbs , soit 6 par livre","protected":false},"featured_media":10390,"comment_status":"open","ping_status":"closed","template":"","meta":{"content-type":""},"product_brand":[],"product_cat":[58,161],"product_tag":[],"class_list":{"0":"post-2903","1":"product","2":"type-product","3":"status-publish","4":"has-post-thumbnail","6":"product_cat-boeuf","7":"product_cat-repas-rapide","9":"first","10":"instock","11":"shipping-taxable","12":"purchasable","13":"product-type-simple"},"bundle_layout":"","bundle_add_to_cart_form_location":"","bundle_editable_in_cart":false,"bundle_sold_individually_context":"","bundle_item_grouping":"","bundle_min_size":"","bundle_max_size":"","bundled_by":[],"bundled_items":[],"yoast_head":"<!-- This site is optimized with the Yoast SEO plugin v27.4 - https:\/\/yoast.com\/product\/yoast-seo-wordpress\/ -->\n<title>Nathan&#039;s Hot-dogs au b\u0153uf - AMGA<\/title>\n<meta name=\"description\" content=\"Achetez les Hot Dogs Nathan\u2019s au Boeuf premium, offrant une saveur d\u00e9licieuse et une bouch\u00e9e juteuse. Parfaits pour la grillade et les repas en plein air.\" \/>\n<meta name=\"robots\" content=\"index, follow, max-snippet:-1, max-image-preview:large, max-video-preview:-1\" \/>\n<link rel=\"canonical\" href=\"https:\/\/alimentsamga.com\/fr\/produit\/nathans-hot-dogs-au-boeuf\/\" \/>\n<meta property=\"og:locale\" content=\"fr_FR\" \/>\n<meta property=\"og:type\" content=\"article\" \/>\n<meta property=\"og:title\" content=\"Nathan&#039;s Hot-dogs au b\u0153uf - AMGA\" \/>\n<meta property=\"og:description\" content=\"Achetez les Hot Dogs Nathan\u2019s au Boeuf premium, offrant une saveur d\u00e9licieuse et une bouch\u00e9e juteuse. Parfaits pour la grillade et les repas en plein air.\" \/>\n<meta property=\"og:url\" content=\"https:\/\/alimentsamga.com\/fr\/produit\/nathans-hot-dogs-au-boeuf\/\" \/>\n<meta property=\"og:site_name\" content=\"AMGA\" \/>\n<meta property=\"article:modified_time\" content=\"2025-03-25T19:31:54+00:00\" \/>\n<meta property=\"og:image\" content=\"https:\/\/alimentsamga.com\/wp-content\/uploads\/2021\/06\/3890-3.jpg\" \/>\n\t<meta property=\"og:image:width\" content=\"720\" \/>\n\t<meta property=\"og:image:height\" content=\"480\" \/>\n\t<meta property=\"og:image:type\" content=\"image\/jpeg\" \/>\n<meta name=\"twitter:card\" content=\"summary_large_image\" \/>\n<meta name=\"twitter:label1\" content=\"Dur\u00e9e de lecture estim\u00e9e\" \/>\n\t<meta name=\"twitter:data1\" content=\"1 minute\" \/>\n<script type=\"application\/ld+json\" class=\"yoast-schema-graph\">{\"@context\":\"https:\\\/\\\/schema.org\",\"@graph\":[{\"@type\":\"WebPage\",\"@id\":\"https:\\\/\\\/alimentsamga.com\\\/fr\\\/produit\\\/nathans-hot-dogs-au-boeuf\\\/\",\"url\":\"https:\\\/\\\/alimentsamga.com\\\/fr\\\/produit\\\/nathans-hot-dogs-au-boeuf\\\/\",\"name\":\"Nathan's Hot-dogs au b\u0153uf - AMGA\",\"isPartOf\":{\"@id\":\"https:\\\/\\\/alimentsamga.com\\\/fr\\\/#website\"},\"primaryImageOfPage\":{\"@id\":\"https:\\\/\\\/alimentsamga.com\\\/fr\\\/produit\\\/nathans-hot-dogs-au-boeuf\\\/#primaryimage\"},\"image\":{\"@id\":\"https:\\\/\\\/alimentsamga.com\\\/fr\\\/produit\\\/nathans-hot-dogs-au-boeuf\\\/#primaryimage\"},\"thumbnailUrl\":\"https:\\\/\\\/alimentsamga.com\\\/wp-content\\\/uploads\\\/2021\\\/06\\\/3890-3.jpg\",\"datePublished\":\"2021-06-19T01:43:47+00:00\",\"dateModified\":\"2025-03-25T19:31:54+00:00\",\"description\":\"Achetez les Hot Dogs Nathan\u2019s au Boeuf premium, offrant une saveur d\u00e9licieuse et une bouch\u00e9e juteuse. Parfaits pour la grillade et les repas en plein air.\",\"breadcrumb\":{\"@id\":\"https:\\\/\\\/alimentsamga.com\\\/fr\\\/produit\\\/nathans-hot-dogs-au-boeuf\\\/#breadcrumb\"},\"inLanguage\":\"fr-FR\",\"potentialAction\":[{\"@type\":\"ReadAction\",\"target\":[\"https:\\\/\\\/alimentsamga.com\\\/fr\\\/produit\\\/nathans-hot-dogs-au-boeuf\\\/\"]}]},{\"@type\":\"ImageObject\",\"inLanguage\":\"fr-FR\",\"@id\":\"https:\\\/\\\/alimentsamga.com\\\/fr\\\/produit\\\/nathans-hot-dogs-au-boeuf\\\/#primaryimage\",\"url\":\"https:\\\/\\\/alimentsamga.com\\\/wp-content\\\/uploads\\\/2021\\\/06\\\/3890-3.jpg\",\"contentUrl\":\"https:\\\/\\\/alimentsamga.com\\\/wp-content\\\/uploads\\\/2021\\\/06\\\/3890-3.jpg\",\"width\":720,\"height\":480,\"caption\":\"Nathan\u2019s All Beef Hot Dogs\"},{\"@type\":\"BreadcrumbList\",\"@id\":\"https:\\\/\\\/alimentsamga.com\\\/fr\\\/produit\\\/nathans-hot-dogs-au-boeuf\\\/#breadcrumb\",\"itemListElement\":[{\"@type\":\"ListItem\",\"position\":1,\"name\":\"Home\",\"item\":\"https:\\\/\\\/alimentsamga.com\\\/fr\\\/\"},{\"@type\":\"ListItem\",\"position\":2,\"name\":\"Boutique\",\"item\":\"https:\\\/\\\/alimentsamga.com\\\/fr\\\/boutique\\\/\"},{\"@type\":\"ListItem\",\"position\":3,\"name\":\"Nathan&#8217;s Hot-dogs au b\u0153uf\"}]},{\"@type\":\"WebSite\",\"@id\":\"https:\\\/\\\/alimentsamga.com\\\/fr\\\/#website\",\"url\":\"https:\\\/\\\/alimentsamga.com\\\/fr\\\/\",\"name\":\"AMGA\",\"description\":\"Aliments Amga\",\"publisher\":{\"@id\":\"https:\\\/\\\/alimentsamga.com\\\/fr\\\/#organization\"},\"potentialAction\":[{\"@type\":\"SearchAction\",\"target\":{\"@type\":\"EntryPoint\",\"urlTemplate\":\"https:\\\/\\\/alimentsamga.com\\\/fr\\\/?s={search_term_string}\"},\"query-input\":{\"@type\":\"PropertyValueSpecification\",\"valueRequired\":true,\"valueName\":\"search_term_string\"}}],\"inLanguage\":\"fr-FR\"},{\"@type\":\"Organization\",\"@id\":\"https:\\\/\\\/alimentsamga.com\\\/fr\\\/#organization\",\"name\":\"AMGA\",\"url\":\"https:\\\/\\\/alimentsamga.com\\\/fr\\\/\",\"logo\":{\"@type\":\"ImageObject\",\"inLanguage\":\"fr-FR\",\"@id\":\"https:\\\/\\\/alimentsamga.com\\\/fr\\\/#\\\/schema\\\/logo\\\/image\\\/\",\"url\":\"https:\\\/\\\/alimentsamga.com\\\/wp-content\\\/uploads\\\/2020\\\/11\\\/amgachezvous-logo-blue-e1619460460184.png\",\"contentUrl\":\"https:\\\/\\\/alimentsamga.com\\\/wp-content\\\/uploads\\\/2020\\\/11\\\/amgachezvous-logo-blue-e1619460460184.png\",\"width\":131,\"height\":80,\"caption\":\"AMGA\"},\"image\":{\"@id\":\"https:\\\/\\\/alimentsamga.com\\\/fr\\\/#\\\/schema\\\/logo\\\/image\\\/\"},\"sameAs\":[\"https:\\\/\\\/www.instagram.com\\\/aliments.amga\\\/?hl=en\"]}]}<\/script>\n<!-- \/ Yoast SEO plugin. -->","yoast_head_json":{"title":"Nathan's Hot-dogs au b\u0153uf - AMGA","description":"Achetez les Hot Dogs Nathan\u2019s au Boeuf premium, offrant une saveur d\u00e9licieuse et une bouch\u00e9e juteuse. Parfaits pour la grillade et les repas en plein air.","robots":{"index":"index","follow":"follow","max-snippet":"max-snippet:-1","max-image-preview":"max-image-preview:large","max-video-preview":"max-video-preview:-1"},"canonical":"https:\/\/alimentsamga.com\/fr\/produit\/nathans-hot-dogs-au-boeuf\/","og_locale":"fr_FR","og_type":"article","og_title":"Nathan's Hot-dogs au b\u0153uf - AMGA","og_description":"Achetez les Hot Dogs Nathan\u2019s au Boeuf premium, offrant une saveur d\u00e9licieuse et une bouch\u00e9e juteuse. Parfaits pour la grillade et les repas en plein air.","og_url":"https:\/\/alimentsamga.com\/fr\/produit\/nathans-hot-dogs-au-boeuf\/","og_site_name":"AMGA","article_modified_time":"2025-03-25T19:31:54+00:00","og_image":[{"width":720,"height":480,"url":"https:\/\/alimentsamga.com\/wp-content\/uploads\/2021\/06\/3890-3.jpg","type":"image\/jpeg"}],"twitter_card":"summary_large_image","twitter_misc":{"Dur\u00e9e de lecture estim\u00e9e":"1 minute"},"schema":{"@context":"https:\/\/schema.org","@graph":[{"@type":"WebPage","@id":"https:\/\/alimentsamga.com\/fr\/produit\/nathans-hot-dogs-au-boeuf\/","url":"https:\/\/alimentsamga.com\/fr\/produit\/nathans-hot-dogs-au-boeuf\/","name":"Nathan's Hot-dogs au b\u0153uf - AMGA","isPartOf":{"@id":"https:\/\/alimentsamga.com\/fr\/#website"},"primaryImageOfPage":{"@id":"https:\/\/alimentsamga.com\/fr\/produit\/nathans-hot-dogs-au-boeuf\/#primaryimage"},"image":{"@id":"https:\/\/alimentsamga.com\/fr\/produit\/nathans-hot-dogs-au-boeuf\/#primaryimage"},"thumbnailUrl":"https:\/\/alimentsamga.com\/wp-content\/uploads\/2021\/06\/3890-3.jpg","datePublished":"2021-06-19T01:43:47+00:00","dateModified":"2025-03-25T19:31:54+00:00","description":"Achetez les Hot Dogs Nathan\u2019s au Boeuf premium, offrant une saveur d\u00e9licieuse et une bouch\u00e9e juteuse. Parfaits pour la grillade et les repas en plein air.","breadcrumb":{"@id":"https:\/\/alimentsamga.com\/fr\/produit\/nathans-hot-dogs-au-boeuf\/#breadcrumb"},"inLanguage":"fr-FR","potentialAction":[{"@type":"ReadAction","target":["https:\/\/alimentsamga.com\/fr\/produit\/nathans-hot-dogs-au-boeuf\/"]}]},{"@type":"ImageObject","inLanguage":"fr-FR","@id":"https:\/\/alimentsamga.com\/fr\/produit\/nathans-hot-dogs-au-boeuf\/#primaryimage","url":"https:\/\/alimentsamga.com\/wp-content\/uploads\/2021\/06\/3890-3.jpg","contentUrl":"https:\/\/alimentsamga.com\/wp-content\/uploads\/2021\/06\/3890-3.jpg","width":720,"height":480,"caption":"Nathan\u2019s All Beef Hot Dogs"},{"@type":"BreadcrumbList","@id":"https:\/\/alimentsamga.com\/fr\/produit\/nathans-hot-dogs-au-boeuf\/#breadcrumb","itemListElement":[{"@type":"ListItem","position":1,"name":"Home","item":"https:\/\/alimentsamga.com\/fr\/"},{"@type":"ListItem","position":2,"name":"Boutique","item":"https:\/\/alimentsamga.com\/fr\/boutique\/"},{"@type":"ListItem","position":3,"name":"Nathan&#8217;s Hot-dogs au b\u0153uf"}]},{"@type":"WebSite","@id":"https:\/\/alimentsamga.com\/fr\/#website","url":"https:\/\/alimentsamga.com\/fr\/","name":"AMGA","description":"Aliments Amga","publisher":{"@id":"https:\/\/alimentsamga.com\/fr\/#organization"},"potentialAction":[{"@type":"SearchAction","target":{"@type":"EntryPoint","urlTemplate":"https:\/\/alimentsamga.com\/fr\/?s={search_term_string}"},"query-input":{"@type":"PropertyValueSpecification","valueRequired":true,"valueName":"search_term_string"}}],"inLanguage":"fr-FR"},{"@type":"Organization","@id":"https:\/\/alimentsamga.com\/fr\/#organization","name":"AMGA","url":"https:\/\/alimentsamga.com\/fr\/","logo":{"@type":"ImageObject","inLanguage":"fr-FR","@id":"https:\/\/alimentsamga.com\/fr\/#\/schema\/logo\/image\/","url":"https:\/\/alimentsamga.com\/wp-content\/uploads\/2020\/11\/amgachezvous-logo-blue-e1619460460184.png","contentUrl":"https:\/\/alimentsamga.com\/wp-content\/uploads\/2020\/11\/amgachezvous-logo-blue-e1619460460184.png","width":131,"height":80,"caption":"AMGA"},"image":{"@id":"https:\/\/alimentsamga.com\/fr\/#\/schema\/logo\/image\/"},"sameAs":["https:\/\/www.instagram.com\/aliments.amga\/?hl=en"]}]}},"_links":{"self":[{"href":"https:\/\/alimentsamga.com\/fr\/wp-json\/wp\/v2\/product\/2903","targetHints":{"allow":["GET"]}}],"collection":[{"href":"https:\/\/alimentsamga.com\/fr\/wp-json\/wp\/v2\/product"}],"about":[{"href":"https:\/\/alimentsamga.com\/fr\/wp-json\/wp\/v2\/types\/product"}],"replies":[{"embeddable":true,"href":"https:\/\/alimentsamga.com\/fr\/wp-json\/wp\/v2\/comments?post=2903"}],"wp:featuredmedia":[{"embeddable":true,"href":"https:\/\/alimentsamga.com\/fr\/wp-json\/wp\/v2\/media\/10390"}],"wp:attachment":[{"href":"https:\/\/alimentsamga.com\/fr\/wp-json\/wp\/v2\/media?parent=2903"}],"wp:term":[{"taxonomy":"product_brand","embeddable":true,"href":"https:\/\/alimentsamga.com\/fr\/wp-json\/wp\/v2\/product_brand?post=2903"},{"taxonomy":"product_cat","embeddable":true,"href":"https:\/\/alimentsamga.com\/fr\/wp-json\/wp\/v2\/product_cat?post=2903"},{"taxonomy":"product_tag","embeddable":true,"href":"https:\/\/alimentsamga.com\/fr\/wp-json\/wp\/v2\/product_tag?post=2903"}],"curies":[{"name":"wp","href":"https:\/\/api.w.org\/{rel}","templated":true}]}}