{"id":2800,"date":"2021-06-11T09:28:04","date_gmt":"2021-06-11T14:28:04","guid":{"rendered":"https:\/\/alimentsamga.com\/?post_type=product&#038;p=2800"},"modified":"2026-01-12T09:03:59","modified_gmt":"2026-01-12T14:03:59","slug":"box-amgavore","status":"publish","type":"product","link":"https:\/\/alimentsamga.com\/fr\/produit\/box-amgavore\/","title":{"rendered":"Bo\u00eete AMGAVORE"},"content":{"rendered":"<p>Le Box AMGAVORE offre une s\u00e9lection premium de viandes fra\u00eeches et de haute qualit\u00e9. Il contient 4 poitrines de poulet, 2 steaks de saumon de 6 oz (170.1 grams), 2 x 500 g (17.64 ounces) de viande hach\u00e9e de veau, 500 g (17.64 ounces) de cuisses de poulet et 2 c\u00f4tes de boeuf AAA de 14 oz (396.89 grams). Ce box offre tout ce dont vous avez besoin pour pr\u00e9parer une vari\u00e9t\u00e9 de repas d\u00e9licieux.<\/p>\n<p data-start=\"1520\" data-end=\"1787\">Nos viandes sont sous vide pour pr\u00e9server leur fra\u00eecheur et leur saveur. Livr\u00e9 directement \u00e0 votre porte, le Box AMGAVORE simplifie la planification des repas. D\u2019une valeur de plus de 95 $, il offre une grande vari\u00e9t\u00e9 de prot\u00e9ines de haute qualit\u00e9 pour votre famille.<\/p>\n<p>Consultez ici <a href=\"\/?product_cat=boites\">nos autres bo\u00eetes de vari\u00e9t\u00e9s.<\/a><\/p>\n","protected":false},"excerpt":{"rendered":"4 morceaux de poitrine de poulet\r\n2 steaks de saumon de 8 oz\r\n2 x 500 grammes de veau hach\u00e9\r\n500 grammes de cuisses de poulet\r\n2 entrec\u00f4tes AAA 14 oz\r\n\r\nPlus de 95$ de valeur","protected":false},"featured_media":704,"comment_status":"open","ping_status":"closed","template":"","meta":{"content-type":""},"product_brand":[],"product_cat":[89],"product_tag":[],"class_list":{"0":"post-2800","1":"product","2":"type-product","3":"status-publish","4":"has-post-thumbnail","6":"product_cat-boites-viandes-et-fruits-de-mer","8":"first","9":"instock","10":"featured","11":"shipping-taxable","12":"purchasable","13":"product-type-bundle"},"bundle_layout":"default","bundle_add_to_cart_form_location":"default","bundle_editable_in_cart":false,"bundle_sold_individually_context":"product","bundle_item_grouping":"parent","bundle_min_size":"","bundle_max_size":"","bundled_by":[],"bundled_items":[{"bundled_item_id":16,"product_id":787,"menu_order":0,"quantity_min":1,"quantity_max":1,"quantity_default":1,"priced_individually":false,"shipped_individually":false,"override_title":true,"title":"Poitrine de Poulet D\u00e9soss\u00e9e","override_description":true,"description":"Poitrine de Poulet D\u00e9soss\u00e9e","optional":true,"hide_thumbnail":true,"discount":"","override_variations":false,"allowed_variations":[1052],"override_default_variation_attributes":true,"default_variation_attributes":[{"id":3,"name":"Format","option":"pack-de-4"}],"single_product_visibility":"hidden","cart_visibility":"hidden","order_visibility":"visible","single_product_price_visibility":"visible","cart_price_visibility":"hidden","order_price_visibility":"visible","stock_status":"in_stock"},{"bundled_item_id":17,"product_id":749,"menu_order":1,"quantity_min":2,"quantity_max":2,"quantity_default":2,"priced_individually":false,"shipped_individually":false,"override_title":true,"title":"Portions de Saumon Atlantique","override_description":true,"description":"Portions de Saumon Atlantique","optional":false,"hide_thumbnail":true,"discount":"","override_variations":false,"allowed_variations":[""],"override_default_variation_attributes":false,"default_variation_attributes":[],"single_product_visibility":"hidden","cart_visibility":"hidden","order_visibility":"visible","single_product_price_visibility":"visible","cart_price_visibility":"hidden","order_price_visibility":"visible","stock_status":"in_stock"},{"bundled_item_id":18,"product_id":772,"menu_order":2,"quantity_min":1,"quantity_max":1,"quantity_default":1,"priced_individually":false,"shipped_individually":false,"override_title":true,"title":"Veau Hach\u00e9","override_description":true,"description":"Veau Hach\u00e9","optional":false,"hide_thumbnail":true,"discount":"","override_variations":true,"allowed_variations":[1115],"override_default_variation_attributes":true,"default_variation_attributes":[],"single_product_visibility":"hidden","cart_visibility":"hidden","order_visibility":"visible","single_product_price_visibility":"visible","cart_price_visibility":"hidden","order_price_visibility":"visible","stock_status":"in_stock"},{"bundled_item_id":19,"product_id":351,"menu_order":3,"quantity_min":1,"quantity_max":1,"quantity_default":1,"priced_individually":false,"shipped_individually":false,"override_title":true,"title":"Cuisses de Poulet D\u00e9soss\u00e9es Nettoy\u00e9es","override_description":true,"description":"Cuisses de Poulet D\u00e9soss\u00e9es Nettoy\u00e9es","optional":false,"hide_thumbnail":true,"discount":"","override_variations":true,"allowed_variations":[9934],"override_default_variation_attributes":true,"default_variation_attributes":[{"id":3,"name":"Format","option":"pack-de-1"}],"single_product_visibility":"hidden","cart_visibility":"hidden","order_visibility":"visible","single_product_price_visibility":"visible","cart_price_visibility":"hidden","order_price_visibility":"visible","stock_status":"in_stock"},{"bundled_item_id":20,"product_id":688,"menu_order":4,"quantity_min":2,"quantity_max":2,"quantity_default":2,"priced_individually":false,"shipped_individually":false,"override_title":true,"title":"Bifteck de c\u00f4tes vieilli AAA","override_description":true,"description":"Bifteck de c\u00f4tes vieilli AAA","optional":false,"hide_thumbnail":true,"discount":"","override_variations":true,"allowed_variations":[693],"override_default_variation_attributes":true,"default_variation_attributes":[{"id":4,"name":"Steak Size","option":"14oz-fr"}],"single_product_visibility":"hidden","cart_visibility":"hidden","order_visibility":"visible","single_product_price_visibility":"visible","cart_price_visibility":"hidden","order_price_visibility":"visible","stock_status":"in_stock"}],"yoast_head":"<!-- This site is optimized with the Yoast SEO plugin v27.3 - https:\/\/yoast.com\/product\/yoast-seo-wordpress\/ -->\n<title>Bo\u00eete AMGAVORE - AMGA<\/title>\n<meta name=\"description\" content=\"Achetez le Box AMGAVORE, une s\u00e9lection de poitrines et cuisses de poulet, saumon, viande hach\u00e9e et c\u00f4tes de boeuf. Viandes qualit\u00e9, livr\u00e9es \u00e0 votre porte.\" \/>\n<meta name=\"robots\" content=\"index, follow, max-snippet:-1, max-image-preview:large, max-video-preview:-1\" \/>\n<link rel=\"canonical\" href=\"https:\/\/alimentsamga.com\/fr\/produit\/box-amgavore\/\" \/>\n<meta property=\"og:locale\" content=\"fr_FR\" \/>\n<meta property=\"og:type\" content=\"article\" \/>\n<meta property=\"og:title\" content=\"Bo\u00eete AMGAVORE - AMGA\" \/>\n<meta property=\"og:description\" content=\"Achetez le Box AMGAVORE, une s\u00e9lection de poitrines et cuisses de poulet, saumon, viande hach\u00e9e et c\u00f4tes de boeuf. Viandes qualit\u00e9, livr\u00e9es \u00e0 votre porte.\" \/>\n<meta property=\"og:url\" content=\"https:\/\/alimentsamga.com\/fr\/produit\/box-amgavore\/\" \/>\n<meta property=\"og:site_name\" content=\"AMGA\" \/>\n<meta property=\"article:modified_time\" content=\"2026-01-12T14:03:59+00:00\" \/>\n<meta property=\"og:image\" content=\"https:\/\/alimentsamga.com\/wp-content\/uploads\/2020\/09\/Amgavore-scaled.jpg\" \/>\n\t<meta property=\"og:image:width\" content=\"1920\" \/>\n\t<meta property=\"og:image:height\" content=\"1920\" \/>\n\t<meta property=\"og:image:type\" content=\"image\/jpeg\" \/>\n<meta name=\"twitter:card\" content=\"summary_large_image\" \/>\n<meta name=\"twitter:label1\" content=\"Dur\u00e9e de lecture estim\u00e9e\" \/>\n\t<meta name=\"twitter:data1\" content=\"1 minute\" \/>\n<script type=\"application\/ld+json\" class=\"yoast-schema-graph\">{\"@context\":\"https:\\\/\\\/schema.org\",\"@graph\":[{\"@type\":\"WebPage\",\"@id\":\"https:\\\/\\\/alimentsamga.com\\\/fr\\\/produit\\\/box-amgavore\\\/\",\"url\":\"https:\\\/\\\/alimentsamga.com\\\/fr\\\/produit\\\/box-amgavore\\\/\",\"name\":\"Bo\u00eete AMGAVORE - AMGA\",\"isPartOf\":{\"@id\":\"https:\\\/\\\/alimentsamga.com\\\/fr\\\/#website\"},\"primaryImageOfPage\":{\"@id\":\"https:\\\/\\\/alimentsamga.com\\\/fr\\\/produit\\\/box-amgavore\\\/#primaryimage\"},\"image\":{\"@id\":\"https:\\\/\\\/alimentsamga.com\\\/fr\\\/produit\\\/box-amgavore\\\/#primaryimage\"},\"thumbnailUrl\":\"https:\\\/\\\/alimentsamga.com\\\/wp-content\\\/uploads\\\/2020\\\/09\\\/Amgavore-scaled.jpg\",\"datePublished\":\"2021-06-11T14:28:04+00:00\",\"dateModified\":\"2026-01-12T14:03:59+00:00\",\"description\":\"Achetez le Box AMGAVORE, une s\u00e9lection de poitrines et cuisses de poulet, saumon, viande hach\u00e9e et c\u00f4tes de boeuf. Viandes qualit\u00e9, livr\u00e9es \u00e0 votre porte.\",\"breadcrumb\":{\"@id\":\"https:\\\/\\\/alimentsamga.com\\\/fr\\\/produit\\\/box-amgavore\\\/#breadcrumb\"},\"inLanguage\":\"fr-FR\",\"potentialAction\":[{\"@type\":\"ReadAction\",\"target\":[\"https:\\\/\\\/alimentsamga.com\\\/fr\\\/produit\\\/box-amgavore\\\/\"]}]},{\"@type\":\"ImageObject\",\"inLanguage\":\"fr-FR\",\"@id\":\"https:\\\/\\\/alimentsamga.com\\\/fr\\\/produit\\\/box-amgavore\\\/#primaryimage\",\"url\":\"https:\\\/\\\/alimentsamga.com\\\/wp-content\\\/uploads\\\/2020\\\/09\\\/Amgavore-scaled.jpg\",\"contentUrl\":\"https:\\\/\\\/alimentsamga.com\\\/wp-content\\\/uploads\\\/2020\\\/09\\\/Amgavore-scaled.jpg\",\"width\":1920,\"height\":1920,\"caption\":\"Amgavore Box\"},{\"@type\":\"BreadcrumbList\",\"@id\":\"https:\\\/\\\/alimentsamga.com\\\/fr\\\/produit\\\/box-amgavore\\\/#breadcrumb\",\"itemListElement\":[{\"@type\":\"ListItem\",\"position\":1,\"name\":\"Home\",\"item\":\"https:\\\/\\\/alimentsamga.com\\\/fr\\\/\"},{\"@type\":\"ListItem\",\"position\":2,\"name\":\"Boutique\",\"item\":\"https:\\\/\\\/alimentsamga.com\\\/fr\\\/boutique\\\/\"},{\"@type\":\"ListItem\",\"position\":3,\"name\":\"Bo\u00eete AMGAVORE\"}]},{\"@type\":\"WebSite\",\"@id\":\"https:\\\/\\\/alimentsamga.com\\\/fr\\\/#website\",\"url\":\"https:\\\/\\\/alimentsamga.com\\\/fr\\\/\",\"name\":\"AMGA\",\"description\":\"Aliments Amga\",\"publisher\":{\"@id\":\"https:\\\/\\\/alimentsamga.com\\\/fr\\\/#organization\"},\"potentialAction\":[{\"@type\":\"SearchAction\",\"target\":{\"@type\":\"EntryPoint\",\"urlTemplate\":\"https:\\\/\\\/alimentsamga.com\\\/fr\\\/?s={search_term_string}\"},\"query-input\":{\"@type\":\"PropertyValueSpecification\",\"valueRequired\":true,\"valueName\":\"search_term_string\"}}],\"inLanguage\":\"fr-FR\"},{\"@type\":\"Organization\",\"@id\":\"https:\\\/\\\/alimentsamga.com\\\/fr\\\/#organization\",\"name\":\"AMGA\",\"url\":\"https:\\\/\\\/alimentsamga.com\\\/fr\\\/\",\"logo\":{\"@type\":\"ImageObject\",\"inLanguage\":\"fr-FR\",\"@id\":\"https:\\\/\\\/alimentsamga.com\\\/fr\\\/#\\\/schema\\\/logo\\\/image\\\/\",\"url\":\"https:\\\/\\\/alimentsamga.com\\\/wp-content\\\/uploads\\\/2020\\\/11\\\/amgachezvous-logo-blue-e1619460460184.png\",\"contentUrl\":\"https:\\\/\\\/alimentsamga.com\\\/wp-content\\\/uploads\\\/2020\\\/11\\\/amgachezvous-logo-blue-e1619460460184.png\",\"width\":131,\"height\":80,\"caption\":\"AMGA\"},\"image\":{\"@id\":\"https:\\\/\\\/alimentsamga.com\\\/fr\\\/#\\\/schema\\\/logo\\\/image\\\/\"},\"sameAs\":[\"https:\\\/\\\/www.instagram.com\\\/aliments.amga\\\/?hl=en\"]}]}<\/script>\n<!-- \/ Yoast SEO plugin. -->","yoast_head_json":{"title":"Bo\u00eete AMGAVORE - AMGA","description":"Achetez le Box AMGAVORE, une s\u00e9lection de poitrines et cuisses de poulet, saumon, viande hach\u00e9e et c\u00f4tes de boeuf. Viandes qualit\u00e9, livr\u00e9es \u00e0 votre porte.","robots":{"index":"index","follow":"follow","max-snippet":"max-snippet:-1","max-image-preview":"max-image-preview:large","max-video-preview":"max-video-preview:-1"},"canonical":"https:\/\/alimentsamga.com\/fr\/produit\/box-amgavore\/","og_locale":"fr_FR","og_type":"article","og_title":"Bo\u00eete AMGAVORE - AMGA","og_description":"Achetez le Box AMGAVORE, une s\u00e9lection de poitrines et cuisses de poulet, saumon, viande hach\u00e9e et c\u00f4tes de boeuf. Viandes qualit\u00e9, livr\u00e9es \u00e0 votre porte.","og_url":"https:\/\/alimentsamga.com\/fr\/produit\/box-amgavore\/","og_site_name":"AMGA","article_modified_time":"2026-01-12T14:03:59+00:00","og_image":[{"width":1920,"height":1920,"url":"https:\/\/alimentsamga.com\/wp-content\/uploads\/2020\/09\/Amgavore-scaled.jpg","type":"image\/jpeg"}],"twitter_card":"summary_large_image","twitter_misc":{"Dur\u00e9e de lecture estim\u00e9e":"1 minute"},"schema":{"@context":"https:\/\/schema.org","@graph":[{"@type":"WebPage","@id":"https:\/\/alimentsamga.com\/fr\/produit\/box-amgavore\/","url":"https:\/\/alimentsamga.com\/fr\/produit\/box-amgavore\/","name":"Bo\u00eete AMGAVORE - AMGA","isPartOf":{"@id":"https:\/\/alimentsamga.com\/fr\/#website"},"primaryImageOfPage":{"@id":"https:\/\/alimentsamga.com\/fr\/produit\/box-amgavore\/#primaryimage"},"image":{"@id":"https:\/\/alimentsamga.com\/fr\/produit\/box-amgavore\/#primaryimage"},"thumbnailUrl":"https:\/\/alimentsamga.com\/wp-content\/uploads\/2020\/09\/Amgavore-scaled.jpg","datePublished":"2021-06-11T14:28:04+00:00","dateModified":"2026-01-12T14:03:59+00:00","description":"Achetez le Box AMGAVORE, une s\u00e9lection de poitrines et cuisses de poulet, saumon, viande hach\u00e9e et c\u00f4tes de boeuf. Viandes qualit\u00e9, livr\u00e9es \u00e0 votre porte.","breadcrumb":{"@id":"https:\/\/alimentsamga.com\/fr\/produit\/box-amgavore\/#breadcrumb"},"inLanguage":"fr-FR","potentialAction":[{"@type":"ReadAction","target":["https:\/\/alimentsamga.com\/fr\/produit\/box-amgavore\/"]}]},{"@type":"ImageObject","inLanguage":"fr-FR","@id":"https:\/\/alimentsamga.com\/fr\/produit\/box-amgavore\/#primaryimage","url":"https:\/\/alimentsamga.com\/wp-content\/uploads\/2020\/09\/Amgavore-scaled.jpg","contentUrl":"https:\/\/alimentsamga.com\/wp-content\/uploads\/2020\/09\/Amgavore-scaled.jpg","width":1920,"height":1920,"caption":"Amgavore Box"},{"@type":"BreadcrumbList","@id":"https:\/\/alimentsamga.com\/fr\/produit\/box-amgavore\/#breadcrumb","itemListElement":[{"@type":"ListItem","position":1,"name":"Home","item":"https:\/\/alimentsamga.com\/fr\/"},{"@type":"ListItem","position":2,"name":"Boutique","item":"https:\/\/alimentsamga.com\/fr\/boutique\/"},{"@type":"ListItem","position":3,"name":"Bo\u00eete AMGAVORE"}]},{"@type":"WebSite","@id":"https:\/\/alimentsamga.com\/fr\/#website","url":"https:\/\/alimentsamga.com\/fr\/","name":"AMGA","description":"Aliments Amga","publisher":{"@id":"https:\/\/alimentsamga.com\/fr\/#organization"},"potentialAction":[{"@type":"SearchAction","target":{"@type":"EntryPoint","urlTemplate":"https:\/\/alimentsamga.com\/fr\/?s={search_term_string}"},"query-input":{"@type":"PropertyValueSpecification","valueRequired":true,"valueName":"search_term_string"}}],"inLanguage":"fr-FR"},{"@type":"Organization","@id":"https:\/\/alimentsamga.com\/fr\/#organization","name":"AMGA","url":"https:\/\/alimentsamga.com\/fr\/","logo":{"@type":"ImageObject","inLanguage":"fr-FR","@id":"https:\/\/alimentsamga.com\/fr\/#\/schema\/logo\/image\/","url":"https:\/\/alimentsamga.com\/wp-content\/uploads\/2020\/11\/amgachezvous-logo-blue-e1619460460184.png","contentUrl":"https:\/\/alimentsamga.com\/wp-content\/uploads\/2020\/11\/amgachezvous-logo-blue-e1619460460184.png","width":131,"height":80,"caption":"AMGA"},"image":{"@id":"https:\/\/alimentsamga.com\/fr\/#\/schema\/logo\/image\/"},"sameAs":["https:\/\/www.instagram.com\/aliments.amga\/?hl=en"]}]}},"_links":{"self":[{"href":"https:\/\/alimentsamga.com\/fr\/wp-json\/wp\/v2\/product\/2800","targetHints":{"allow":["GET"]}}],"collection":[{"href":"https:\/\/alimentsamga.com\/fr\/wp-json\/wp\/v2\/product"}],"about":[{"href":"https:\/\/alimentsamga.com\/fr\/wp-json\/wp\/v2\/types\/product"}],"replies":[{"embeddable":true,"href":"https:\/\/alimentsamga.com\/fr\/wp-json\/wp\/v2\/comments?post=2800"}],"wp:featuredmedia":[{"embeddable":true,"href":"https:\/\/alimentsamga.com\/fr\/wp-json\/wp\/v2\/media\/704"}],"wp:attachment":[{"href":"https:\/\/alimentsamga.com\/fr\/wp-json\/wp\/v2\/media?parent=2800"}],"wp:term":[{"taxonomy":"product_brand","embeddable":true,"href":"https:\/\/alimentsamga.com\/fr\/wp-json\/wp\/v2\/product_brand?post=2800"},{"taxonomy":"product_cat","embeddable":true,"href":"https:\/\/alimentsamga.com\/fr\/wp-json\/wp\/v2\/product_cat?post=2800"},{"taxonomy":"product_tag","embeddable":true,"href":"https:\/\/alimentsamga.com\/fr\/wp-json\/wp\/v2\/product_tag?post=2800"}],"curies":[{"name":"wp","href":"https:\/\/api.w.org\/{rel}","templated":true}]}}