{"id":2291,"date":"2021-05-14T15:10:24","date_gmt":"2021-05-14T20:10:24","guid":{"rendered":"https:\/\/alimentsamga.com\/?post_type=product&#038;p=2291"},"modified":"2025-03-10T12:55:24","modified_gmt":"2025-03-10T16:55:24","slug":"veau-ossobuco","status":"publish","type":"product","link":"https:\/\/alimentsamga.com\/fr\/produit\/veau-ossobuco\/","title":{"rendered":"Ossobucco de Veau"},"content":{"rendered":"<p data-start=\"1057\" data-end=\"1360\">Envie d\u2019un plat riche et tendre? Notre ossobucco de veau \u00e0 vendre est fait de jarret de veau nourri au grain du Qu\u00e9bec, sous vide pour garantir une fra\u00eecheur optimale. Chaque pi\u00e8ce p\u00e8se entre 350-400 grammes, id\u00e9ale pour un brais\u00e9 lent qui cr\u00e9era un repas fondant de tendret\u00e9.<\/p>\n<p data-start=\"1362\" data-end=\"1707\">Parfait pour les rago\u00fbts ou les brais\u00e9s, l\u2019ossobucco de veau est un choix classique qui apporte une saveur savoureuse et une tendret\u00e9 exceptionnelle. Que vous pr\u00e9pariez un plat traditionnel ou que vous innoviez, notre ossobucco de veau premium \u00e9l\u00e8vera votre cuisine. Achetez-le aujourd&rsquo;hui et d\u00e9gustez un repas exquis et tendre, plein de saveur.<\/p>\n<p>Consultez nos a<a href=\"https:\/\/alimentsamga.com\/fr\/categorie-produit\/veau\/\">utres Produits de Veau ici.<\/a><\/p>\n","protected":false},"excerpt":{"rendered":"350 &#8211; 400 grams\r\nProduit du qu\u00e9bec nourri aux grains\r\n\r\nScell\u00e9 sous vide","protected":false},"featured_media":10498,"comment_status":"open","ping_status":"closed","template":"","meta":{"content-type":""},"product_brand":[],"product_cat":[95,165],"product_tag":[],"class_list":{"0":"post-2291","1":"product","2":"type-product","3":"status-publish","4":"has-post-thumbnail","6":"product_cat-veau","7":"product_cat-viandes","9":"first","10":"instock","11":"shipping-taxable","12":"purchasable","13":"product-type-simple"},"bundle_layout":"","bundle_add_to_cart_form_location":"","bundle_editable_in_cart":false,"bundle_sold_individually_context":"","bundle_item_grouping":"","bundle_min_size":"","bundle_max_size":"","bundled_by":[],"bundled_items":[],"yoast_head":"<!-- This site is optimized with the Yoast SEO plugin v27.3 - https:\/\/yoast.com\/product\/yoast-seo-wordpress\/ -->\n<title>Ossobucco de Veau \u00e0 Vendre - AMGA<\/title>\n<meta name=\"description\" content=\"Achetez notre ossobucco de veau \u00e0 vendre ! Jarret de veau nourri au grain du Qu\u00e9bec, sous vide pour pr\u00e9server sa fra\u00eecheur, id\u00e9al pour un brais\u00e9 lent.\" \/>\n<meta name=\"robots\" content=\"index, follow, max-snippet:-1, max-image-preview:large, max-video-preview:-1\" \/>\n<link rel=\"canonical\" href=\"https:\/\/alimentsamga.com\/fr\/produit\/veau-ossobuco\/\" \/>\n<meta property=\"og:locale\" content=\"fr_FR\" \/>\n<meta property=\"og:type\" content=\"article\" \/>\n<meta property=\"og:title\" content=\"Ossobucco de Veau \u00e0 Vendre - AMGA\" \/>\n<meta property=\"og:description\" content=\"Achetez notre ossobucco de veau \u00e0 vendre ! Jarret de veau nourri au grain du Qu\u00e9bec, sous vide pour pr\u00e9server sa fra\u00eecheur, id\u00e9al pour un brais\u00e9 lent.\" \/>\n<meta property=\"og:url\" content=\"https:\/\/alimentsamga.com\/fr\/produit\/veau-ossobuco\/\" \/>\n<meta property=\"og:site_name\" content=\"AMGA\" \/>\n<meta property=\"article:modified_time\" content=\"2025-03-10T16:55:24+00:00\" \/>\n<meta property=\"og:image\" content=\"https:\/\/alimentsamga.com\/wp-content\/uploads\/2021\/05\/5458.jpg\" \/>\n\t<meta property=\"og:image:width\" content=\"720\" \/>\n\t<meta property=\"og:image:height\" content=\"480\" \/>\n\t<meta property=\"og:image:type\" content=\"image\/jpeg\" \/>\n<meta name=\"twitter:card\" content=\"summary_large_image\" \/>\n<meta name=\"twitter:label1\" content=\"Dur\u00e9e de lecture estim\u00e9e\" \/>\n\t<meta name=\"twitter:data1\" content=\"1 minute\" \/>\n<script type=\"application\/ld+json\" class=\"yoast-schema-graph\">{\"@context\":\"https:\\\/\\\/schema.org\",\"@graph\":[{\"@type\":\"WebPage\",\"@id\":\"https:\\\/\\\/alimentsamga.com\\\/fr\\\/produit\\\/veau-ossobuco\\\/\",\"url\":\"https:\\\/\\\/alimentsamga.com\\\/fr\\\/produit\\\/veau-ossobuco\\\/\",\"name\":\"Ossobucco de Veau \u00e0 Vendre - AMGA\",\"isPartOf\":{\"@id\":\"https:\\\/\\\/alimentsamga.com\\\/fr\\\/#website\"},\"primaryImageOfPage\":{\"@id\":\"https:\\\/\\\/alimentsamga.com\\\/fr\\\/produit\\\/veau-ossobuco\\\/#primaryimage\"},\"image\":{\"@id\":\"https:\\\/\\\/alimentsamga.com\\\/fr\\\/produit\\\/veau-ossobuco\\\/#primaryimage\"},\"thumbnailUrl\":\"https:\\\/\\\/alimentsamga.com\\\/wp-content\\\/uploads\\\/2021\\\/05\\\/5458.jpg\",\"datePublished\":\"2021-05-14T20:10:24+00:00\",\"dateModified\":\"2025-03-10T16:55:24+00:00\",\"description\":\"Achetez notre ossobucco de veau \u00e0 vendre ! Jarret de veau nourri au grain du Qu\u00e9bec, sous vide pour pr\u00e9server sa fra\u00eecheur, id\u00e9al pour un brais\u00e9 lent.\",\"breadcrumb\":{\"@id\":\"https:\\\/\\\/alimentsamga.com\\\/fr\\\/produit\\\/veau-ossobuco\\\/#breadcrumb\"},\"inLanguage\":\"fr-FR\",\"potentialAction\":[{\"@type\":\"ReadAction\",\"target\":[\"https:\\\/\\\/alimentsamga.com\\\/fr\\\/produit\\\/veau-ossobuco\\\/\"]}]},{\"@type\":\"ImageObject\",\"inLanguage\":\"fr-FR\",\"@id\":\"https:\\\/\\\/alimentsamga.com\\\/fr\\\/produit\\\/veau-ossobuco\\\/#primaryimage\",\"url\":\"https:\\\/\\\/alimentsamga.com\\\/wp-content\\\/uploads\\\/2021\\\/05\\\/5458.jpg\",\"contentUrl\":\"https:\\\/\\\/alimentsamga.com\\\/wp-content\\\/uploads\\\/2021\\\/05\\\/5458.jpg\",\"width\":720,\"height\":480,\"caption\":\"Veal Ossobucco for Sale\"},{\"@type\":\"BreadcrumbList\",\"@id\":\"https:\\\/\\\/alimentsamga.com\\\/fr\\\/produit\\\/veau-ossobuco\\\/#breadcrumb\",\"itemListElement\":[{\"@type\":\"ListItem\",\"position\":1,\"name\":\"Home\",\"item\":\"https:\\\/\\\/alimentsamga.com\\\/fr\\\/\"},{\"@type\":\"ListItem\",\"position\":2,\"name\":\"Boutique\",\"item\":\"https:\\\/\\\/alimentsamga.com\\\/fr\\\/boutique\\\/\"},{\"@type\":\"ListItem\",\"position\":3,\"name\":\"Ossobucco de Veau\"}]},{\"@type\":\"WebSite\",\"@id\":\"https:\\\/\\\/alimentsamga.com\\\/fr\\\/#website\",\"url\":\"https:\\\/\\\/alimentsamga.com\\\/fr\\\/\",\"name\":\"AMGA\",\"description\":\"Aliments Amga\",\"publisher\":{\"@id\":\"https:\\\/\\\/alimentsamga.com\\\/fr\\\/#organization\"},\"potentialAction\":[{\"@type\":\"SearchAction\",\"target\":{\"@type\":\"EntryPoint\",\"urlTemplate\":\"https:\\\/\\\/alimentsamga.com\\\/fr\\\/?s={search_term_string}\"},\"query-input\":{\"@type\":\"PropertyValueSpecification\",\"valueRequired\":true,\"valueName\":\"search_term_string\"}}],\"inLanguage\":\"fr-FR\"},{\"@type\":\"Organization\",\"@id\":\"https:\\\/\\\/alimentsamga.com\\\/fr\\\/#organization\",\"name\":\"AMGA\",\"url\":\"https:\\\/\\\/alimentsamga.com\\\/fr\\\/\",\"logo\":{\"@type\":\"ImageObject\",\"inLanguage\":\"fr-FR\",\"@id\":\"https:\\\/\\\/alimentsamga.com\\\/fr\\\/#\\\/schema\\\/logo\\\/image\\\/\",\"url\":\"https:\\\/\\\/alimentsamga.com\\\/wp-content\\\/uploads\\\/2020\\\/11\\\/amgachezvous-logo-blue-e1619460460184.png\",\"contentUrl\":\"https:\\\/\\\/alimentsamga.com\\\/wp-content\\\/uploads\\\/2020\\\/11\\\/amgachezvous-logo-blue-e1619460460184.png\",\"width\":131,\"height\":80,\"caption\":\"AMGA\"},\"image\":{\"@id\":\"https:\\\/\\\/alimentsamga.com\\\/fr\\\/#\\\/schema\\\/logo\\\/image\\\/\"},\"sameAs\":[\"https:\\\/\\\/www.instagram.com\\\/aliments.amga\\\/?hl=en\"]}]}<\/script>\n<!-- \/ Yoast SEO plugin. -->","yoast_head_json":{"title":"Ossobucco de Veau \u00e0 Vendre - AMGA","description":"Achetez notre ossobucco de veau \u00e0 vendre ! Jarret de veau nourri au grain du Qu\u00e9bec, sous vide pour pr\u00e9server sa fra\u00eecheur, id\u00e9al pour un brais\u00e9 lent.","robots":{"index":"index","follow":"follow","max-snippet":"max-snippet:-1","max-image-preview":"max-image-preview:large","max-video-preview":"max-video-preview:-1"},"canonical":"https:\/\/alimentsamga.com\/fr\/produit\/veau-ossobuco\/","og_locale":"fr_FR","og_type":"article","og_title":"Ossobucco de Veau \u00e0 Vendre - AMGA","og_description":"Achetez notre ossobucco de veau \u00e0 vendre ! Jarret de veau nourri au grain du Qu\u00e9bec, sous vide pour pr\u00e9server sa fra\u00eecheur, id\u00e9al pour un brais\u00e9 lent.","og_url":"https:\/\/alimentsamga.com\/fr\/produit\/veau-ossobuco\/","og_site_name":"AMGA","article_modified_time":"2025-03-10T16:55:24+00:00","og_image":[{"width":720,"height":480,"url":"https:\/\/alimentsamga.com\/wp-content\/uploads\/2021\/05\/5458.jpg","type":"image\/jpeg"}],"twitter_card":"summary_large_image","twitter_misc":{"Dur\u00e9e de lecture estim\u00e9e":"1 minute"},"schema":{"@context":"https:\/\/schema.org","@graph":[{"@type":"WebPage","@id":"https:\/\/alimentsamga.com\/fr\/produit\/veau-ossobuco\/","url":"https:\/\/alimentsamga.com\/fr\/produit\/veau-ossobuco\/","name":"Ossobucco de Veau \u00e0 Vendre - AMGA","isPartOf":{"@id":"https:\/\/alimentsamga.com\/fr\/#website"},"primaryImageOfPage":{"@id":"https:\/\/alimentsamga.com\/fr\/produit\/veau-ossobuco\/#primaryimage"},"image":{"@id":"https:\/\/alimentsamga.com\/fr\/produit\/veau-ossobuco\/#primaryimage"},"thumbnailUrl":"https:\/\/alimentsamga.com\/wp-content\/uploads\/2021\/05\/5458.jpg","datePublished":"2021-05-14T20:10:24+00:00","dateModified":"2025-03-10T16:55:24+00:00","description":"Achetez notre ossobucco de veau \u00e0 vendre ! Jarret de veau nourri au grain du Qu\u00e9bec, sous vide pour pr\u00e9server sa fra\u00eecheur, id\u00e9al pour un brais\u00e9 lent.","breadcrumb":{"@id":"https:\/\/alimentsamga.com\/fr\/produit\/veau-ossobuco\/#breadcrumb"},"inLanguage":"fr-FR","potentialAction":[{"@type":"ReadAction","target":["https:\/\/alimentsamga.com\/fr\/produit\/veau-ossobuco\/"]}]},{"@type":"ImageObject","inLanguage":"fr-FR","@id":"https:\/\/alimentsamga.com\/fr\/produit\/veau-ossobuco\/#primaryimage","url":"https:\/\/alimentsamga.com\/wp-content\/uploads\/2021\/05\/5458.jpg","contentUrl":"https:\/\/alimentsamga.com\/wp-content\/uploads\/2021\/05\/5458.jpg","width":720,"height":480,"caption":"Veal Ossobucco for Sale"},{"@type":"BreadcrumbList","@id":"https:\/\/alimentsamga.com\/fr\/produit\/veau-ossobuco\/#breadcrumb","itemListElement":[{"@type":"ListItem","position":1,"name":"Home","item":"https:\/\/alimentsamga.com\/fr\/"},{"@type":"ListItem","position":2,"name":"Boutique","item":"https:\/\/alimentsamga.com\/fr\/boutique\/"},{"@type":"ListItem","position":3,"name":"Ossobucco de Veau"}]},{"@type":"WebSite","@id":"https:\/\/alimentsamga.com\/fr\/#website","url":"https:\/\/alimentsamga.com\/fr\/","name":"AMGA","description":"Aliments Amga","publisher":{"@id":"https:\/\/alimentsamga.com\/fr\/#organization"},"potentialAction":[{"@type":"SearchAction","target":{"@type":"EntryPoint","urlTemplate":"https:\/\/alimentsamga.com\/fr\/?s={search_term_string}"},"query-input":{"@type":"PropertyValueSpecification","valueRequired":true,"valueName":"search_term_string"}}],"inLanguage":"fr-FR"},{"@type":"Organization","@id":"https:\/\/alimentsamga.com\/fr\/#organization","name":"AMGA","url":"https:\/\/alimentsamga.com\/fr\/","logo":{"@type":"ImageObject","inLanguage":"fr-FR","@id":"https:\/\/alimentsamga.com\/fr\/#\/schema\/logo\/image\/","url":"https:\/\/alimentsamga.com\/wp-content\/uploads\/2020\/11\/amgachezvous-logo-blue-e1619460460184.png","contentUrl":"https:\/\/alimentsamga.com\/wp-content\/uploads\/2020\/11\/amgachezvous-logo-blue-e1619460460184.png","width":131,"height":80,"caption":"AMGA"},"image":{"@id":"https:\/\/alimentsamga.com\/fr\/#\/schema\/logo\/image\/"},"sameAs":["https:\/\/www.instagram.com\/aliments.amga\/?hl=en"]}]}},"_links":{"self":[{"href":"https:\/\/alimentsamga.com\/fr\/wp-json\/wp\/v2\/product\/2291","targetHints":{"allow":["GET"]}}],"collection":[{"href":"https:\/\/alimentsamga.com\/fr\/wp-json\/wp\/v2\/product"}],"about":[{"href":"https:\/\/alimentsamga.com\/fr\/wp-json\/wp\/v2\/types\/product"}],"replies":[{"embeddable":true,"href":"https:\/\/alimentsamga.com\/fr\/wp-json\/wp\/v2\/comments?post=2291"}],"wp:featuredmedia":[{"embeddable":true,"href":"https:\/\/alimentsamga.com\/fr\/wp-json\/wp\/v2\/media\/10498"}],"wp:attachment":[{"href":"https:\/\/alimentsamga.com\/fr\/wp-json\/wp\/v2\/media?parent=2291"}],"wp:term":[{"taxonomy":"product_brand","embeddable":true,"href":"https:\/\/alimentsamga.com\/fr\/wp-json\/wp\/v2\/product_brand?post=2291"},{"taxonomy":"product_cat","embeddable":true,"href":"https:\/\/alimentsamga.com\/fr\/wp-json\/wp\/v2\/product_cat?post=2291"},{"taxonomy":"product_tag","embeddable":true,"href":"https:\/\/alimentsamga.com\/fr\/wp-json\/wp\/v2\/product_tag?post=2291"}],"curies":[{"name":"wp","href":"https:\/\/api.w.org\/{rel}","templated":true}]}}