{"id":2249,"date":"2021-05-14T14:49:11","date_gmt":"2021-05-14T19:49:15","guid":{"rendered":"https:\/\/alimentsamga.com\/?post_type=product&#038;p=2249"},"modified":"2025-03-10T11:10:26","modified_gmt":"2025-03-10T15:10:26","slug":"porc-hache","status":"publish","type":"product","link":"https:\/\/alimentsamga.com\/fr\/produit\/porc-hache\/","title":{"rendered":"Porc hach\u00e9"},"content":{"rendered":"<p data-start=\"1056\" data-end=\"1382\">Vous cherchez une viande polyvalente? Notre porc hach\u00e9 \u00e0 vendre provient de longe de porc premium, et est disponible en paquet pratique de 500g (17.64 ounces). Surgel\u00e9 et sous vide pour garantir sa fra\u00eecheur, cette viande tendre est id\u00e9ale pour des burgers juteux, des boulettes savoureuses et bien d&rsquo;autres plats.<\/p>\n<p data-start=\"1384\" data-end=\"1724\">Riche en prot\u00e9ines de haute qualit\u00e9, le porc hach\u00e9 est parfait pour une vari\u00e9t\u00e9 de recettes sal\u00e9es. Que ce soit au grill, \u00e0 la po\u00eale ou au four, ce porc hach\u00e9 \u00e0 vendre offre une saveur riche et une tendret\u00e9 \u00e0 chaque bouch\u00e9e. D\u00e9couvrez la commodit\u00e9 et la d\u00e9licieuse saveur de notre porc hach\u00e9 premium, id\u00e9al pour tous vos besoins culinaires.<\/p>\n<p>Consultez nos <a href=\"https:\/\/alimentsamga.com\/fr\/categorie-produit\/porc\/\">autres produits de porc ici.<\/a><\/p>\n","protected":false},"excerpt":{"rendered":"Viande hach\u00e9e d&rsquo;une longe de porc\r\n\r\nCongel\u00e9 et scell\u00e9 sous-vide\r\n\r\n1 paquet = 500 gr","protected":false},"featured_media":10488,"comment_status":"open","ping_status":"closed","template":"","meta":{"content-type":""},"product_brand":[],"product_cat":[87,165],"product_tag":[],"class_list":{"0":"post-2249","1":"product","2":"type-product","3":"status-publish","4":"has-post-thumbnail","6":"product_cat-porc","7":"product_cat-viandes","9":"first","10":"instock","11":"shipping-taxable","12":"purchasable","13":"product-type-variable"},"bundle_layout":"","bundle_add_to_cart_form_location":"","bundle_editable_in_cart":false,"bundle_sold_individually_context":"","bundle_item_grouping":"","bundle_min_size":"","bundle_max_size":"","bundled_by":[],"bundled_items":[],"yoast_head":"<!-- This site is optimized with the Yoast SEO plugin v27.3 - https:\/\/yoast.com\/product\/yoast-seo-wordpress\/ -->\n<title>Porc Hach\u00e9 \u00e0 Vendre - AMGA<\/title>\n<meta name=\"description\" content=\"Achetez notre porc hach\u00e9 \u00e0 vendre ! Savourez de la viande tendre de longe de porc, id\u00e9ale pour des burgers, des boulettes et plus encore.\" \/>\n<meta name=\"robots\" content=\"index, follow, max-snippet:-1, max-image-preview:large, max-video-preview:-1\" \/>\n<link rel=\"canonical\" href=\"https:\/\/alimentsamga.com\/fr\/produit\/porc-hache\/\" \/>\n<meta property=\"og:locale\" content=\"fr_FR\" \/>\n<meta property=\"og:type\" content=\"article\" \/>\n<meta property=\"og:title\" content=\"Porc Hach\u00e9 \u00e0 Vendre - AMGA\" \/>\n<meta property=\"og:description\" content=\"Achetez notre porc hach\u00e9 \u00e0 vendre ! Savourez de la viande tendre de longe de porc, id\u00e9ale pour des burgers, des boulettes et plus encore.\" \/>\n<meta property=\"og:url\" content=\"https:\/\/alimentsamga.com\/fr\/produit\/porc-hache\/\" \/>\n<meta property=\"og:site_name\" content=\"AMGA\" \/>\n<meta property=\"article:modified_time\" content=\"2025-03-10T15:10:26+00:00\" \/>\n<meta property=\"og:image\" content=\"https:\/\/alimentsamga.com\/wp-content\/uploads\/2021\/05\/4255.jpg\" \/>\n\t<meta property=\"og:image:width\" content=\"720\" \/>\n\t<meta property=\"og:image:height\" content=\"480\" \/>\n\t<meta property=\"og:image:type\" content=\"image\/jpeg\" \/>\n<meta name=\"twitter:card\" content=\"summary_large_image\" \/>\n<meta name=\"twitter:label1\" content=\"Dur\u00e9e de lecture estim\u00e9e\" \/>\n\t<meta name=\"twitter:data1\" content=\"1 minute\" \/>\n<script type=\"application\/ld+json\" class=\"yoast-schema-graph\">{\"@context\":\"https:\\\/\\\/schema.org\",\"@graph\":[{\"@type\":\"WebPage\",\"@id\":\"https:\\\/\\\/alimentsamga.com\\\/fr\\\/produit\\\/porc-hache\\\/\",\"url\":\"https:\\\/\\\/alimentsamga.com\\\/fr\\\/produit\\\/porc-hache\\\/\",\"name\":\"Porc Hach\u00e9 \u00e0 Vendre - AMGA\",\"isPartOf\":{\"@id\":\"https:\\\/\\\/alimentsamga.com\\\/fr\\\/#website\"},\"primaryImageOfPage\":{\"@id\":\"https:\\\/\\\/alimentsamga.com\\\/fr\\\/produit\\\/porc-hache\\\/#primaryimage\"},\"image\":{\"@id\":\"https:\\\/\\\/alimentsamga.com\\\/fr\\\/produit\\\/porc-hache\\\/#primaryimage\"},\"thumbnailUrl\":\"https:\\\/\\\/alimentsamga.com\\\/wp-content\\\/uploads\\\/2021\\\/05\\\/4255.jpg\",\"datePublished\":\"2021-05-14T19:49:15+00:00\",\"dateModified\":\"2025-03-10T15:10:26+00:00\",\"description\":\"Achetez notre porc hach\u00e9 \u00e0 vendre ! Savourez de la viande tendre de longe de porc, id\u00e9ale pour des burgers, des boulettes et plus encore.\",\"breadcrumb\":{\"@id\":\"https:\\\/\\\/alimentsamga.com\\\/fr\\\/produit\\\/porc-hache\\\/#breadcrumb\"},\"inLanguage\":\"fr-FR\",\"potentialAction\":[{\"@type\":\"ReadAction\",\"target\":[\"https:\\\/\\\/alimentsamga.com\\\/fr\\\/produit\\\/porc-hache\\\/\"]}]},{\"@type\":\"ImageObject\",\"inLanguage\":\"fr-FR\",\"@id\":\"https:\\\/\\\/alimentsamga.com\\\/fr\\\/produit\\\/porc-hache\\\/#primaryimage\",\"url\":\"https:\\\/\\\/alimentsamga.com\\\/wp-content\\\/uploads\\\/2021\\\/05\\\/4255.jpg\",\"contentUrl\":\"https:\\\/\\\/alimentsamga.com\\\/wp-content\\\/uploads\\\/2021\\\/05\\\/4255.jpg\",\"width\":720,\"height\":480,\"caption\":\"Ground Pork for Sale\"},{\"@type\":\"BreadcrumbList\",\"@id\":\"https:\\\/\\\/alimentsamga.com\\\/fr\\\/produit\\\/porc-hache\\\/#breadcrumb\",\"itemListElement\":[{\"@type\":\"ListItem\",\"position\":1,\"name\":\"Home\",\"item\":\"https:\\\/\\\/alimentsamga.com\\\/fr\\\/\"},{\"@type\":\"ListItem\",\"position\":2,\"name\":\"Boutique\",\"item\":\"https:\\\/\\\/alimentsamga.com\\\/fr\\\/boutique\\\/\"},{\"@type\":\"ListItem\",\"position\":3,\"name\":\"Porc hach\u00e9\"}]},{\"@type\":\"WebSite\",\"@id\":\"https:\\\/\\\/alimentsamga.com\\\/fr\\\/#website\",\"url\":\"https:\\\/\\\/alimentsamga.com\\\/fr\\\/\",\"name\":\"AMGA\",\"description\":\"Aliments Amga\",\"publisher\":{\"@id\":\"https:\\\/\\\/alimentsamga.com\\\/fr\\\/#organization\"},\"potentialAction\":[{\"@type\":\"SearchAction\",\"target\":{\"@type\":\"EntryPoint\",\"urlTemplate\":\"https:\\\/\\\/alimentsamga.com\\\/fr\\\/?s={search_term_string}\"},\"query-input\":{\"@type\":\"PropertyValueSpecification\",\"valueRequired\":true,\"valueName\":\"search_term_string\"}}],\"inLanguage\":\"fr-FR\"},{\"@type\":\"Organization\",\"@id\":\"https:\\\/\\\/alimentsamga.com\\\/fr\\\/#organization\",\"name\":\"AMGA\",\"url\":\"https:\\\/\\\/alimentsamga.com\\\/fr\\\/\",\"logo\":{\"@type\":\"ImageObject\",\"inLanguage\":\"fr-FR\",\"@id\":\"https:\\\/\\\/alimentsamga.com\\\/fr\\\/#\\\/schema\\\/logo\\\/image\\\/\",\"url\":\"https:\\\/\\\/alimentsamga.com\\\/wp-content\\\/uploads\\\/2020\\\/11\\\/amgachezvous-logo-blue-e1619460460184.png\",\"contentUrl\":\"https:\\\/\\\/alimentsamga.com\\\/wp-content\\\/uploads\\\/2020\\\/11\\\/amgachezvous-logo-blue-e1619460460184.png\",\"width\":131,\"height\":80,\"caption\":\"AMGA\"},\"image\":{\"@id\":\"https:\\\/\\\/alimentsamga.com\\\/fr\\\/#\\\/schema\\\/logo\\\/image\\\/\"},\"sameAs\":[\"https:\\\/\\\/www.instagram.com\\\/aliments.amga\\\/?hl=en\"]}]}<\/script>\n<!-- \/ Yoast SEO plugin. -->","yoast_head_json":{"title":"Porc Hach\u00e9 \u00e0 Vendre - AMGA","description":"Achetez notre porc hach\u00e9 \u00e0 vendre ! Savourez de la viande tendre de longe de porc, id\u00e9ale pour des burgers, des boulettes et plus encore.","robots":{"index":"index","follow":"follow","max-snippet":"max-snippet:-1","max-image-preview":"max-image-preview:large","max-video-preview":"max-video-preview:-1"},"canonical":"https:\/\/alimentsamga.com\/fr\/produit\/porc-hache\/","og_locale":"fr_FR","og_type":"article","og_title":"Porc Hach\u00e9 \u00e0 Vendre - AMGA","og_description":"Achetez notre porc hach\u00e9 \u00e0 vendre ! Savourez de la viande tendre de longe de porc, id\u00e9ale pour des burgers, des boulettes et plus encore.","og_url":"https:\/\/alimentsamga.com\/fr\/produit\/porc-hache\/","og_site_name":"AMGA","article_modified_time":"2025-03-10T15:10:26+00:00","og_image":[{"width":720,"height":480,"url":"https:\/\/alimentsamga.com\/wp-content\/uploads\/2021\/05\/4255.jpg","type":"image\/jpeg"}],"twitter_card":"summary_large_image","twitter_misc":{"Dur\u00e9e de lecture estim\u00e9e":"1 minute"},"schema":{"@context":"https:\/\/schema.org","@graph":[{"@type":"WebPage","@id":"https:\/\/alimentsamga.com\/fr\/produit\/porc-hache\/","url":"https:\/\/alimentsamga.com\/fr\/produit\/porc-hache\/","name":"Porc Hach\u00e9 \u00e0 Vendre - AMGA","isPartOf":{"@id":"https:\/\/alimentsamga.com\/fr\/#website"},"primaryImageOfPage":{"@id":"https:\/\/alimentsamga.com\/fr\/produit\/porc-hache\/#primaryimage"},"image":{"@id":"https:\/\/alimentsamga.com\/fr\/produit\/porc-hache\/#primaryimage"},"thumbnailUrl":"https:\/\/alimentsamga.com\/wp-content\/uploads\/2021\/05\/4255.jpg","datePublished":"2021-05-14T19:49:15+00:00","dateModified":"2025-03-10T15:10:26+00:00","description":"Achetez notre porc hach\u00e9 \u00e0 vendre ! Savourez de la viande tendre de longe de porc, id\u00e9ale pour des burgers, des boulettes et plus encore.","breadcrumb":{"@id":"https:\/\/alimentsamga.com\/fr\/produit\/porc-hache\/#breadcrumb"},"inLanguage":"fr-FR","potentialAction":[{"@type":"ReadAction","target":["https:\/\/alimentsamga.com\/fr\/produit\/porc-hache\/"]}]},{"@type":"ImageObject","inLanguage":"fr-FR","@id":"https:\/\/alimentsamga.com\/fr\/produit\/porc-hache\/#primaryimage","url":"https:\/\/alimentsamga.com\/wp-content\/uploads\/2021\/05\/4255.jpg","contentUrl":"https:\/\/alimentsamga.com\/wp-content\/uploads\/2021\/05\/4255.jpg","width":720,"height":480,"caption":"Ground Pork for Sale"},{"@type":"BreadcrumbList","@id":"https:\/\/alimentsamga.com\/fr\/produit\/porc-hache\/#breadcrumb","itemListElement":[{"@type":"ListItem","position":1,"name":"Home","item":"https:\/\/alimentsamga.com\/fr\/"},{"@type":"ListItem","position":2,"name":"Boutique","item":"https:\/\/alimentsamga.com\/fr\/boutique\/"},{"@type":"ListItem","position":3,"name":"Porc hach\u00e9"}]},{"@type":"WebSite","@id":"https:\/\/alimentsamga.com\/fr\/#website","url":"https:\/\/alimentsamga.com\/fr\/","name":"AMGA","description":"Aliments Amga","publisher":{"@id":"https:\/\/alimentsamga.com\/fr\/#organization"},"potentialAction":[{"@type":"SearchAction","target":{"@type":"EntryPoint","urlTemplate":"https:\/\/alimentsamga.com\/fr\/?s={search_term_string}"},"query-input":{"@type":"PropertyValueSpecification","valueRequired":true,"valueName":"search_term_string"}}],"inLanguage":"fr-FR"},{"@type":"Organization","@id":"https:\/\/alimentsamga.com\/fr\/#organization","name":"AMGA","url":"https:\/\/alimentsamga.com\/fr\/","logo":{"@type":"ImageObject","inLanguage":"fr-FR","@id":"https:\/\/alimentsamga.com\/fr\/#\/schema\/logo\/image\/","url":"https:\/\/alimentsamga.com\/wp-content\/uploads\/2020\/11\/amgachezvous-logo-blue-e1619460460184.png","contentUrl":"https:\/\/alimentsamga.com\/wp-content\/uploads\/2020\/11\/amgachezvous-logo-blue-e1619460460184.png","width":131,"height":80,"caption":"AMGA"},"image":{"@id":"https:\/\/alimentsamga.com\/fr\/#\/schema\/logo\/image\/"},"sameAs":["https:\/\/www.instagram.com\/aliments.amga\/?hl=en"]}]}},"_links":{"self":[{"href":"https:\/\/alimentsamga.com\/fr\/wp-json\/wp\/v2\/product\/2249","targetHints":{"allow":["GET"]}}],"collection":[{"href":"https:\/\/alimentsamga.com\/fr\/wp-json\/wp\/v2\/product"}],"about":[{"href":"https:\/\/alimentsamga.com\/fr\/wp-json\/wp\/v2\/types\/product"}],"replies":[{"embeddable":true,"href":"https:\/\/alimentsamga.com\/fr\/wp-json\/wp\/v2\/comments?post=2249"}],"wp:featuredmedia":[{"embeddable":true,"href":"https:\/\/alimentsamga.com\/fr\/wp-json\/wp\/v2\/media\/10488"}],"wp:attachment":[{"href":"https:\/\/alimentsamga.com\/fr\/wp-json\/wp\/v2\/media?parent=2249"}],"wp:term":[{"taxonomy":"product_brand","embeddable":true,"href":"https:\/\/alimentsamga.com\/fr\/wp-json\/wp\/v2\/product_brand?post=2249"},{"taxonomy":"product_cat","embeddable":true,"href":"https:\/\/alimentsamga.com\/fr\/wp-json\/wp\/v2\/product_cat?post=2249"},{"taxonomy":"product_tag","embeddable":true,"href":"https:\/\/alimentsamga.com\/fr\/wp-json\/wp\/v2\/product_tag?post=2249"}],"curies":[{"name":"wp","href":"https:\/\/api.w.org\/{rel}","templated":true}]}}