{"id":1850,"date":"2021-04-20T13:50:38","date_gmt":"2021-04-20T18:50:39","guid":{"rendered":"https:\/\/alimentsamga.com\/?post_type=product&#038;p=1850"},"modified":"2025-03-05T09:04:17","modified_gmt":"2025-03-05T14:04:17","slug":"a-spice-affair-assaisonnement-italien-de-nonna","status":"publish","type":"product","link":"https:\/\/alimentsamga.com\/fr\/produit\/a-spice-affair-assaisonnement-italien-de-nonna\/","title":{"rendered":"A Spice Affair | Assaisonnement italien de Nonna"},"content":{"rendered":"<div id=\"tw-target-text-container\" class=\"tw-ta-container hide-focus-ring tw-nfl\" tabindex=\"0\">\n<div id=\"tw-target-text-container\" class=\"tw-ta-container hide-focus-ring tw-nfl\" tabindex=\"0\">\n<p id=\"tw-target-text\" class=\"tw-data-text tw-text-large XcVN5d tw-ta\" dir=\"ltr\" data-placeholder=\"Translation\">Ajoutez l&rsquo;Assaisonnement italien de Nonna \u00e0 vos repas pour un boost de saveur instantan\u00e9. Ce m\u00e9lange d&rsquo;herbes aromatiques rehausse vos plats pr\u00e9f\u00e9r\u00e9s. Utilisez-le sur du poulet, du boeuf, des fruits de mer ou des l\u00e9gumes pour une touche savoureuse. Une simple pinc\u00e9e suffira pour cr\u00e9er des saveurs italiennes authentiques. Le pot de 100g (3.53 ounces) vous assure de ne jamais manquer d&rsquo;assaisonnement. Essayez-le d\u00e8s aujourd&rsquo;hui et apportez un peu d&rsquo;Italie \u00e0 votre table!<\/p>\n<p>Consultez nos autres <a href=\"https:\/\/alimentsamga.com\/fr\/categorie-produit\/la-paire-parfaite\/\">Assaisonnements ici.<\/a><\/p>\n<\/div>\n<\/div>\n","protected":false},"excerpt":{"rendered":"<div class=\"woocommerce-product-details__short-description\">\r\n<p class=\"product-details-product-title\">Pot de 100 g (3,5 oz)<\/p>\r\n\r\n<\/div>","protected":false},"featured_media":10966,"comment_status":"open","ping_status":"closed","template":"","meta":{"content-type":""},"product_brand":[],"product_cat":[154],"product_tag":[],"class_list":{"0":"post-1850","1":"product","2":"type-product","3":"status-publish","4":"has-post-thumbnail","6":"product_cat-la-paire-parfaite","8":"first","9":"instock","10":"shipping-taxable","11":"purchasable","12":"product-type-simple"},"bundle_layout":"","bundle_add_to_cart_form_location":"","bundle_editable_in_cart":false,"bundle_sold_individually_context":"","bundle_item_grouping":"","bundle_min_size":"","bundle_max_size":"","bundled_by":[],"bundled_items":[],"yoast_head":"<!-- This site is optimized with the Yoast SEO plugin v27.4 - https:\/\/yoast.com\/product\/yoast-seo-wordpress\/ -->\n<title>A Spice Affair | Assaisonnement italien de Nonna - AMGA<\/title>\n<meta name=\"description\" content=\"Achetez l&#039;Assaisonnement italien de Nonna pour ajouter une touche de saveur italienne \u00e0 vos plats. Id\u00e9al pour le poulet, le boeuf, les fruits de mer et les l\u00e9gumes.\" \/>\n<meta name=\"robots\" content=\"index, follow, max-snippet:-1, max-image-preview:large, max-video-preview:-1\" \/>\n<link rel=\"canonical\" href=\"https:\/\/alimentsamga.com\/fr\/produit\/a-spice-affair-assaisonnement-italien-de-nonna\/\" \/>\n<meta property=\"og:locale\" content=\"fr_FR\" \/>\n<meta property=\"og:type\" content=\"article\" \/>\n<meta property=\"og:title\" content=\"A Spice Affair | Assaisonnement italien de Nonna - AMGA\" \/>\n<meta property=\"og:description\" content=\"Achetez l&#039;Assaisonnement italien de Nonna pour ajouter une touche de saveur italienne \u00e0 vos plats. Id\u00e9al pour le poulet, le boeuf, les fruits de mer et les l\u00e9gumes.\" \/>\n<meta property=\"og:url\" content=\"https:\/\/alimentsamga.com\/fr\/produit\/a-spice-affair-assaisonnement-italien-de-nonna\/\" \/>\n<meta property=\"og:site_name\" content=\"AMGA\" \/>\n<meta property=\"article:modified_time\" content=\"2025-03-05T14:04:17+00:00\" \/>\n<meta property=\"og:image\" content=\"https:\/\/alimentsamga.com\/wp-content\/uploads\/2021\/04\/Nonna_sSecretItalianSeasoningASpiceAffair_1024x1024@2x.webp\" \/>\n\t<meta property=\"og:image:width\" content=\"1500\" \/>\n\t<meta property=\"og:image:height\" content=\"1500\" \/>\n\t<meta property=\"og:image:type\" content=\"image\/webp\" \/>\n<meta name=\"twitter:card\" content=\"summary_large_image\" \/>\n<meta name=\"twitter:label1\" content=\"Dur\u00e9e de lecture estim\u00e9e\" \/>\n\t<meta name=\"twitter:data1\" content=\"1 minute\" \/>\n<script type=\"application\/ld+json\" class=\"yoast-schema-graph\">{\"@context\":\"https:\\\/\\\/schema.org\",\"@graph\":[{\"@type\":\"WebPage\",\"@id\":\"https:\\\/\\\/alimentsamga.com\\\/fr\\\/produit\\\/a-spice-affair-assaisonnement-italien-de-nonna\\\/\",\"url\":\"https:\\\/\\\/alimentsamga.com\\\/fr\\\/produit\\\/a-spice-affair-assaisonnement-italien-de-nonna\\\/\",\"name\":\"A Spice Affair | Assaisonnement italien de Nonna - AMGA\",\"isPartOf\":{\"@id\":\"https:\\\/\\\/alimentsamga.com\\\/fr\\\/#website\"},\"primaryImageOfPage\":{\"@id\":\"https:\\\/\\\/alimentsamga.com\\\/fr\\\/produit\\\/a-spice-affair-assaisonnement-italien-de-nonna\\\/#primaryimage\"},\"image\":{\"@id\":\"https:\\\/\\\/alimentsamga.com\\\/fr\\\/produit\\\/a-spice-affair-assaisonnement-italien-de-nonna\\\/#primaryimage\"},\"thumbnailUrl\":\"https:\\\/\\\/alimentsamga.com\\\/wp-content\\\/uploads\\\/2021\\\/04\\\/Nonna_sSecretItalianSeasoningASpiceAffair_1024x1024@2x.webp\",\"datePublished\":\"2021-04-20T18:50:39+00:00\",\"dateModified\":\"2025-03-05T14:04:17+00:00\",\"description\":\"Achetez l'Assaisonnement italien de Nonna pour ajouter une touche de saveur italienne \u00e0 vos plats. Id\u00e9al pour le poulet, le boeuf, les fruits de mer et les l\u00e9gumes.\",\"breadcrumb\":{\"@id\":\"https:\\\/\\\/alimentsamga.com\\\/fr\\\/produit\\\/a-spice-affair-assaisonnement-italien-de-nonna\\\/#breadcrumb\"},\"inLanguage\":\"fr-FR\",\"potentialAction\":[{\"@type\":\"ReadAction\",\"target\":[\"https:\\\/\\\/alimentsamga.com\\\/fr\\\/produit\\\/a-spice-affair-assaisonnement-italien-de-nonna\\\/\"]}]},{\"@type\":\"ImageObject\",\"inLanguage\":\"fr-FR\",\"@id\":\"https:\\\/\\\/alimentsamga.com\\\/fr\\\/produit\\\/a-spice-affair-assaisonnement-italien-de-nonna\\\/#primaryimage\",\"url\":\"https:\\\/\\\/alimentsamga.com\\\/wp-content\\\/uploads\\\/2021\\\/04\\\/Nonna_sSecretItalianSeasoningASpiceAffair_1024x1024@2x.webp\",\"contentUrl\":\"https:\\\/\\\/alimentsamga.com\\\/wp-content\\\/uploads\\\/2021\\\/04\\\/Nonna_sSecretItalianSeasoningASpiceAffair_1024x1024@2x.webp\",\"width\":1500,\"height\":1500,\"caption\":\"Nonna's Italian Seasoning\"},{\"@type\":\"BreadcrumbList\",\"@id\":\"https:\\\/\\\/alimentsamga.com\\\/fr\\\/produit\\\/a-spice-affair-assaisonnement-italien-de-nonna\\\/#breadcrumb\",\"itemListElement\":[{\"@type\":\"ListItem\",\"position\":1,\"name\":\"Home\",\"item\":\"https:\\\/\\\/alimentsamga.com\\\/fr\\\/\"},{\"@type\":\"ListItem\",\"position\":2,\"name\":\"Boutique\",\"item\":\"https:\\\/\\\/alimentsamga.com\\\/fr\\\/boutique\\\/\"},{\"@type\":\"ListItem\",\"position\":3,\"name\":\"A Spice Affair | Assaisonnement italien de Nonna\"}]},{\"@type\":\"WebSite\",\"@id\":\"https:\\\/\\\/alimentsamga.com\\\/fr\\\/#website\",\"url\":\"https:\\\/\\\/alimentsamga.com\\\/fr\\\/\",\"name\":\"AMGA\",\"description\":\"Aliments Amga\",\"publisher\":{\"@id\":\"https:\\\/\\\/alimentsamga.com\\\/fr\\\/#organization\"},\"potentialAction\":[{\"@type\":\"SearchAction\",\"target\":{\"@type\":\"EntryPoint\",\"urlTemplate\":\"https:\\\/\\\/alimentsamga.com\\\/fr\\\/?s={search_term_string}\"},\"query-input\":{\"@type\":\"PropertyValueSpecification\",\"valueRequired\":true,\"valueName\":\"search_term_string\"}}],\"inLanguage\":\"fr-FR\"},{\"@type\":\"Organization\",\"@id\":\"https:\\\/\\\/alimentsamga.com\\\/fr\\\/#organization\",\"name\":\"AMGA\",\"url\":\"https:\\\/\\\/alimentsamga.com\\\/fr\\\/\",\"logo\":{\"@type\":\"ImageObject\",\"inLanguage\":\"fr-FR\",\"@id\":\"https:\\\/\\\/alimentsamga.com\\\/fr\\\/#\\\/schema\\\/logo\\\/image\\\/\",\"url\":\"https:\\\/\\\/alimentsamga.com\\\/wp-content\\\/uploads\\\/2020\\\/11\\\/amgachezvous-logo-blue-e1619460460184.png\",\"contentUrl\":\"https:\\\/\\\/alimentsamga.com\\\/wp-content\\\/uploads\\\/2020\\\/11\\\/amgachezvous-logo-blue-e1619460460184.png\",\"width\":131,\"height\":80,\"caption\":\"AMGA\"},\"image\":{\"@id\":\"https:\\\/\\\/alimentsamga.com\\\/fr\\\/#\\\/schema\\\/logo\\\/image\\\/\"},\"sameAs\":[\"https:\\\/\\\/www.instagram.com\\\/aliments.amga\\\/?hl=en\"]}]}<\/script>\n<!-- \/ Yoast SEO plugin. -->","yoast_head_json":{"title":"A Spice Affair | Assaisonnement italien de Nonna - AMGA","description":"Achetez l'Assaisonnement italien de Nonna pour ajouter une touche de saveur italienne \u00e0 vos plats. Id\u00e9al pour le poulet, le boeuf, les fruits de mer et les l\u00e9gumes.","robots":{"index":"index","follow":"follow","max-snippet":"max-snippet:-1","max-image-preview":"max-image-preview:large","max-video-preview":"max-video-preview:-1"},"canonical":"https:\/\/alimentsamga.com\/fr\/produit\/a-spice-affair-assaisonnement-italien-de-nonna\/","og_locale":"fr_FR","og_type":"article","og_title":"A Spice Affair | Assaisonnement italien de Nonna - AMGA","og_description":"Achetez l'Assaisonnement italien de Nonna pour ajouter une touche de saveur italienne \u00e0 vos plats. Id\u00e9al pour le poulet, le boeuf, les fruits de mer et les l\u00e9gumes.","og_url":"https:\/\/alimentsamga.com\/fr\/produit\/a-spice-affair-assaisonnement-italien-de-nonna\/","og_site_name":"AMGA","article_modified_time":"2025-03-05T14:04:17+00:00","og_image":[{"width":1500,"height":1500,"url":"https:\/\/alimentsamga.com\/wp-content\/uploads\/2021\/04\/Nonna_sSecretItalianSeasoningASpiceAffair_1024x1024@2x.webp","type":"image\/webp"}],"twitter_card":"summary_large_image","twitter_misc":{"Dur\u00e9e de lecture estim\u00e9e":"1 minute"},"schema":{"@context":"https:\/\/schema.org","@graph":[{"@type":"WebPage","@id":"https:\/\/alimentsamga.com\/fr\/produit\/a-spice-affair-assaisonnement-italien-de-nonna\/","url":"https:\/\/alimentsamga.com\/fr\/produit\/a-spice-affair-assaisonnement-italien-de-nonna\/","name":"A Spice Affair | Assaisonnement italien de Nonna - AMGA","isPartOf":{"@id":"https:\/\/alimentsamga.com\/fr\/#website"},"primaryImageOfPage":{"@id":"https:\/\/alimentsamga.com\/fr\/produit\/a-spice-affair-assaisonnement-italien-de-nonna\/#primaryimage"},"image":{"@id":"https:\/\/alimentsamga.com\/fr\/produit\/a-spice-affair-assaisonnement-italien-de-nonna\/#primaryimage"},"thumbnailUrl":"https:\/\/alimentsamga.com\/wp-content\/uploads\/2021\/04\/Nonna_sSecretItalianSeasoningASpiceAffair_1024x1024@2x.webp","datePublished":"2021-04-20T18:50:39+00:00","dateModified":"2025-03-05T14:04:17+00:00","description":"Achetez l'Assaisonnement italien de Nonna pour ajouter une touche de saveur italienne \u00e0 vos plats. Id\u00e9al pour le poulet, le boeuf, les fruits de mer et les l\u00e9gumes.","breadcrumb":{"@id":"https:\/\/alimentsamga.com\/fr\/produit\/a-spice-affair-assaisonnement-italien-de-nonna\/#breadcrumb"},"inLanguage":"fr-FR","potentialAction":[{"@type":"ReadAction","target":["https:\/\/alimentsamga.com\/fr\/produit\/a-spice-affair-assaisonnement-italien-de-nonna\/"]}]},{"@type":"ImageObject","inLanguage":"fr-FR","@id":"https:\/\/alimentsamga.com\/fr\/produit\/a-spice-affair-assaisonnement-italien-de-nonna\/#primaryimage","url":"https:\/\/alimentsamga.com\/wp-content\/uploads\/2021\/04\/Nonna_sSecretItalianSeasoningASpiceAffair_1024x1024@2x.webp","contentUrl":"https:\/\/alimentsamga.com\/wp-content\/uploads\/2021\/04\/Nonna_sSecretItalianSeasoningASpiceAffair_1024x1024@2x.webp","width":1500,"height":1500,"caption":"Nonna's Italian Seasoning"},{"@type":"BreadcrumbList","@id":"https:\/\/alimentsamga.com\/fr\/produit\/a-spice-affair-assaisonnement-italien-de-nonna\/#breadcrumb","itemListElement":[{"@type":"ListItem","position":1,"name":"Home","item":"https:\/\/alimentsamga.com\/fr\/"},{"@type":"ListItem","position":2,"name":"Boutique","item":"https:\/\/alimentsamga.com\/fr\/boutique\/"},{"@type":"ListItem","position":3,"name":"A Spice Affair | Assaisonnement italien de Nonna"}]},{"@type":"WebSite","@id":"https:\/\/alimentsamga.com\/fr\/#website","url":"https:\/\/alimentsamga.com\/fr\/","name":"AMGA","description":"Aliments Amga","publisher":{"@id":"https:\/\/alimentsamga.com\/fr\/#organization"},"potentialAction":[{"@type":"SearchAction","target":{"@type":"EntryPoint","urlTemplate":"https:\/\/alimentsamga.com\/fr\/?s={search_term_string}"},"query-input":{"@type":"PropertyValueSpecification","valueRequired":true,"valueName":"search_term_string"}}],"inLanguage":"fr-FR"},{"@type":"Organization","@id":"https:\/\/alimentsamga.com\/fr\/#organization","name":"AMGA","url":"https:\/\/alimentsamga.com\/fr\/","logo":{"@type":"ImageObject","inLanguage":"fr-FR","@id":"https:\/\/alimentsamga.com\/fr\/#\/schema\/logo\/image\/","url":"https:\/\/alimentsamga.com\/wp-content\/uploads\/2020\/11\/amgachezvous-logo-blue-e1619460460184.png","contentUrl":"https:\/\/alimentsamga.com\/wp-content\/uploads\/2020\/11\/amgachezvous-logo-blue-e1619460460184.png","width":131,"height":80,"caption":"AMGA"},"image":{"@id":"https:\/\/alimentsamga.com\/fr\/#\/schema\/logo\/image\/"},"sameAs":["https:\/\/www.instagram.com\/aliments.amga\/?hl=en"]}]}},"_links":{"self":[{"href":"https:\/\/alimentsamga.com\/fr\/wp-json\/wp\/v2\/product\/1850","targetHints":{"allow":["GET"]}}],"collection":[{"href":"https:\/\/alimentsamga.com\/fr\/wp-json\/wp\/v2\/product"}],"about":[{"href":"https:\/\/alimentsamga.com\/fr\/wp-json\/wp\/v2\/types\/product"}],"replies":[{"embeddable":true,"href":"https:\/\/alimentsamga.com\/fr\/wp-json\/wp\/v2\/comments?post=1850"}],"wp:featuredmedia":[{"embeddable":true,"href":"https:\/\/alimentsamga.com\/fr\/wp-json\/wp\/v2\/media\/10966"}],"wp:attachment":[{"href":"https:\/\/alimentsamga.com\/fr\/wp-json\/wp\/v2\/media?parent=1850"}],"wp:term":[{"taxonomy":"product_brand","embeddable":true,"href":"https:\/\/alimentsamga.com\/fr\/wp-json\/wp\/v2\/product_brand?post=1850"},{"taxonomy":"product_cat","embeddable":true,"href":"https:\/\/alimentsamga.com\/fr\/wp-json\/wp\/v2\/product_cat?post=1850"},{"taxonomy":"product_tag","embeddable":true,"href":"https:\/\/alimentsamga.com\/fr\/wp-json\/wp\/v2\/product_tag?post=1850"}],"curies":[{"name":"wp","href":"https:\/\/api.w.org\/{rel}","templated":true}]}}