{"id":1844,"date":"2021-04-20T13:41:28","date_gmt":"2021-04-20T18:41:28","guid":{"rendered":"https:\/\/alimentsamga.com\/?post_type=product&#038;p=1844"},"modified":"2025-03-05T09:08:33","modified_gmt":"2025-03-05T14:08:33","slug":"a-spice-affair-assaisonnement-shichimi-togarashi","status":"publish","type":"product","link":"https:\/\/alimentsamga.com\/fr\/produit\/a-spice-affair-assaisonnement-shichimi-togarashi\/","title":{"rendered":"A Spice Affair | Assaisonnement Shichimi Togarashi"},"content":{"rendered":"<div id=\"tw-target-text-container\" class=\"tw-ta-container hide-focus-ring tw-nfl\" tabindex=\"0\">\n<p>L&rsquo;Assaisonnement Shichimi Togarashi offre une explosion de saveurs \u00e0 chaque plat. Ce m\u00e9lange de sept \u00e9pices allie chaleur piquante et ingr\u00e9dients aromatiques. Il rehausse vos tartares, fruits de mer et poke bowls avec des saveurs vibrantes et audacieuses. La combinaison parfaite pour ajouter du piquant sans \u00e9craser les autres go\u00fbts, un essentiel dans toutes les cuisines. Le pot de 100g (3.53 ounces) contient suffisamment d&rsquo;assaisonnement pour sublimer de nombreux plats.<\/p>\n<p data-start=\"1829\" data-end=\"2292\">Ajoutez g\u00e9n\u00e9reusement cet Assaisonnement Shichimi Togarashi \u00e0 vos recettes pr\u00e9f\u00e9r\u00e9es et d\u00e9couvrez un m\u00e9lange de chaleur, d\u2019acidit\u00e9 et de profondeur. Le Shichimi Togarashi transforme vos repas en une aventure culinaire pleine de saveurs. Que ce soit pour des sushis, des plats de fruits de mer ou m\u00eame des saut\u00e9s de l\u00e9gumes, cet assaisonnement apporte une touche unique inspir\u00e9e du Japon. Gardez le pot de 100g (3.53 ounces) \u00e0 port\u00e9e de main pour un assaisonnement rapide et parfait \u00e0 tout moment!<\/p>\n<p>Consultez nos autres <a href=\"https:\/\/alimentsamga.com\/fr\/categorie-produit\/la-paire-parfaite\/\">Assaisonnements ici.<\/a><\/p>\n<\/div>\n","protected":false},"excerpt":{"rendered":"<div class=\"woocommerce-product-details__short-description\">\r\n<p class=\"product-details-product-title\">Pot de 100 g (3,5 oz)<\/p>\r\n\r\n<\/div>","protected":false},"featured_media":10972,"comment_status":"open","ping_status":"closed","template":"","meta":{"content-type":""},"product_brand":[],"product_cat":[154],"product_tag":[],"class_list":{"0":"post-1844","1":"product","2":"type-product","3":"status-publish","4":"has-post-thumbnail","6":"product_cat-la-paire-parfaite","8":"first","9":"instock","10":"shipping-taxable","11":"purchasable","12":"product-type-simple"},"bundle_layout":"","bundle_add_to_cart_form_location":"","bundle_editable_in_cart":false,"bundle_sold_individually_context":"","bundle_item_grouping":"","bundle_min_size":"","bundle_max_size":"","bundled_by":[],"bundled_items":[],"yoast_head":"<!-- This site is optimized with the Yoast SEO plugin v27.4 - https:\/\/yoast.com\/product\/yoast-seo-wordpress\/ -->\n<title>A Spice Affair | Assaisonnement Shichimi Togarashi - AMGA<\/title>\n<meta name=\"description\" content=\"Achetez l&#039;Assaisonnement Shichimi Togarashi pour une touche \u00e9pic\u00e9e et zesty. Id\u00e9al pour les tartares, les fruits de mer et les poke bowls.\" \/>\n<meta name=\"robots\" content=\"index, follow, max-snippet:-1, max-image-preview:large, max-video-preview:-1\" \/>\n<link rel=\"canonical\" href=\"https:\/\/alimentsamga.com\/fr\/produit\/a-spice-affair-assaisonnement-shichimi-togarashi\/\" \/>\n<meta property=\"og:locale\" content=\"fr_FR\" \/>\n<meta property=\"og:type\" content=\"article\" \/>\n<meta property=\"og:title\" content=\"A Spice Affair | Assaisonnement Shichimi Togarashi - AMGA\" \/>\n<meta property=\"og:description\" content=\"Achetez l&#039;Assaisonnement Shichimi Togarashi pour une touche \u00e9pic\u00e9e et zesty. Id\u00e9al pour les tartares, les fruits de mer et les poke bowls.\" \/>\n<meta property=\"og:url\" content=\"https:\/\/alimentsamga.com\/fr\/produit\/a-spice-affair-assaisonnement-shichimi-togarashi\/\" \/>\n<meta property=\"og:site_name\" content=\"AMGA\" \/>\n<meta property=\"article:modified_time\" content=\"2025-03-05T14:08:33+00:00\" \/>\n<meta property=\"og:image\" content=\"https:\/\/alimentsamga.com\/wp-content\/uploads\/2021\/04\/Schimi.webp\" \/>\n\t<meta property=\"og:image:width\" content=\"371\" \/>\n\t<meta property=\"og:image:height\" content=\"450\" \/>\n\t<meta property=\"og:image:type\" content=\"image\/webp\" \/>\n<meta name=\"twitter:card\" content=\"summary_large_image\" \/>\n<meta name=\"twitter:label1\" content=\"Dur\u00e9e de lecture estim\u00e9e\" \/>\n\t<meta name=\"twitter:data1\" content=\"1 minute\" \/>\n<script type=\"application\/ld+json\" class=\"yoast-schema-graph\">{\"@context\":\"https:\\\/\\\/schema.org\",\"@graph\":[{\"@type\":\"WebPage\",\"@id\":\"https:\\\/\\\/alimentsamga.com\\\/fr\\\/produit\\\/a-spice-affair-assaisonnement-shichimi-togarashi\\\/\",\"url\":\"https:\\\/\\\/alimentsamga.com\\\/fr\\\/produit\\\/a-spice-affair-assaisonnement-shichimi-togarashi\\\/\",\"name\":\"A Spice Affair | Assaisonnement Shichimi Togarashi - AMGA\",\"isPartOf\":{\"@id\":\"https:\\\/\\\/alimentsamga.com\\\/fr\\\/#website\"},\"primaryImageOfPage\":{\"@id\":\"https:\\\/\\\/alimentsamga.com\\\/fr\\\/produit\\\/a-spice-affair-assaisonnement-shichimi-togarashi\\\/#primaryimage\"},\"image\":{\"@id\":\"https:\\\/\\\/alimentsamga.com\\\/fr\\\/produit\\\/a-spice-affair-assaisonnement-shichimi-togarashi\\\/#primaryimage\"},\"thumbnailUrl\":\"https:\\\/\\\/alimentsamga.com\\\/wp-content\\\/uploads\\\/2021\\\/04\\\/Schimi.webp\",\"datePublished\":\"2021-04-20T18:41:28+00:00\",\"dateModified\":\"2025-03-05T14:08:33+00:00\",\"description\":\"Achetez l'Assaisonnement Shichimi Togarashi pour une touche \u00e9pic\u00e9e et zesty. Id\u00e9al pour les tartares, les fruits de mer et les poke bowls.\",\"breadcrumb\":{\"@id\":\"https:\\\/\\\/alimentsamga.com\\\/fr\\\/produit\\\/a-spice-affair-assaisonnement-shichimi-togarashi\\\/#breadcrumb\"},\"inLanguage\":\"fr-FR\",\"potentialAction\":[{\"@type\":\"ReadAction\",\"target\":[\"https:\\\/\\\/alimentsamga.com\\\/fr\\\/produit\\\/a-spice-affair-assaisonnement-shichimi-togarashi\\\/\"]}]},{\"@type\":\"ImageObject\",\"inLanguage\":\"fr-FR\",\"@id\":\"https:\\\/\\\/alimentsamga.com\\\/fr\\\/produit\\\/a-spice-affair-assaisonnement-shichimi-togarashi\\\/#primaryimage\",\"url\":\"https:\\\/\\\/alimentsamga.com\\\/wp-content\\\/uploads\\\/2021\\\/04\\\/Schimi.webp\",\"contentUrl\":\"https:\\\/\\\/alimentsamga.com\\\/wp-content\\\/uploads\\\/2021\\\/04\\\/Schimi.webp\",\"width\":371,\"height\":450,\"caption\":\"Shichimi Togarashi Seasoning\"},{\"@type\":\"BreadcrumbList\",\"@id\":\"https:\\\/\\\/alimentsamga.com\\\/fr\\\/produit\\\/a-spice-affair-assaisonnement-shichimi-togarashi\\\/#breadcrumb\",\"itemListElement\":[{\"@type\":\"ListItem\",\"position\":1,\"name\":\"Home\",\"item\":\"https:\\\/\\\/alimentsamga.com\\\/fr\\\/\"},{\"@type\":\"ListItem\",\"position\":2,\"name\":\"Boutique\",\"item\":\"https:\\\/\\\/alimentsamga.com\\\/fr\\\/boutique\\\/\"},{\"@type\":\"ListItem\",\"position\":3,\"name\":\"A Spice Affair | Assaisonnement Shichimi Togarashi\"}]},{\"@type\":\"WebSite\",\"@id\":\"https:\\\/\\\/alimentsamga.com\\\/fr\\\/#website\",\"url\":\"https:\\\/\\\/alimentsamga.com\\\/fr\\\/\",\"name\":\"AMGA\",\"description\":\"Aliments Amga\",\"publisher\":{\"@id\":\"https:\\\/\\\/alimentsamga.com\\\/fr\\\/#organization\"},\"potentialAction\":[{\"@type\":\"SearchAction\",\"target\":{\"@type\":\"EntryPoint\",\"urlTemplate\":\"https:\\\/\\\/alimentsamga.com\\\/fr\\\/?s={search_term_string}\"},\"query-input\":{\"@type\":\"PropertyValueSpecification\",\"valueRequired\":true,\"valueName\":\"search_term_string\"}}],\"inLanguage\":\"fr-FR\"},{\"@type\":\"Organization\",\"@id\":\"https:\\\/\\\/alimentsamga.com\\\/fr\\\/#organization\",\"name\":\"AMGA\",\"url\":\"https:\\\/\\\/alimentsamga.com\\\/fr\\\/\",\"logo\":{\"@type\":\"ImageObject\",\"inLanguage\":\"fr-FR\",\"@id\":\"https:\\\/\\\/alimentsamga.com\\\/fr\\\/#\\\/schema\\\/logo\\\/image\\\/\",\"url\":\"https:\\\/\\\/alimentsamga.com\\\/wp-content\\\/uploads\\\/2020\\\/11\\\/amgachezvous-logo-blue-e1619460460184.png\",\"contentUrl\":\"https:\\\/\\\/alimentsamga.com\\\/wp-content\\\/uploads\\\/2020\\\/11\\\/amgachezvous-logo-blue-e1619460460184.png\",\"width\":131,\"height\":80,\"caption\":\"AMGA\"},\"image\":{\"@id\":\"https:\\\/\\\/alimentsamga.com\\\/fr\\\/#\\\/schema\\\/logo\\\/image\\\/\"},\"sameAs\":[\"https:\\\/\\\/www.instagram.com\\\/aliments.amga\\\/?hl=en\"]}]}<\/script>\n<!-- \/ Yoast SEO plugin. -->","yoast_head_json":{"title":"A Spice Affair | Assaisonnement Shichimi Togarashi - AMGA","description":"Achetez l'Assaisonnement Shichimi Togarashi pour une touche \u00e9pic\u00e9e et zesty. Id\u00e9al pour les tartares, les fruits de mer et les poke bowls.","robots":{"index":"index","follow":"follow","max-snippet":"max-snippet:-1","max-image-preview":"max-image-preview:large","max-video-preview":"max-video-preview:-1"},"canonical":"https:\/\/alimentsamga.com\/fr\/produit\/a-spice-affair-assaisonnement-shichimi-togarashi\/","og_locale":"fr_FR","og_type":"article","og_title":"A Spice Affair | Assaisonnement Shichimi Togarashi - AMGA","og_description":"Achetez l'Assaisonnement Shichimi Togarashi pour une touche \u00e9pic\u00e9e et zesty. Id\u00e9al pour les tartares, les fruits de mer et les poke bowls.","og_url":"https:\/\/alimentsamga.com\/fr\/produit\/a-spice-affair-assaisonnement-shichimi-togarashi\/","og_site_name":"AMGA","article_modified_time":"2025-03-05T14:08:33+00:00","og_image":[{"width":371,"height":450,"url":"https:\/\/alimentsamga.com\/wp-content\/uploads\/2021\/04\/Schimi.webp","type":"image\/webp"}],"twitter_card":"summary_large_image","twitter_misc":{"Dur\u00e9e de lecture estim\u00e9e":"1 minute"},"schema":{"@context":"https:\/\/schema.org","@graph":[{"@type":"WebPage","@id":"https:\/\/alimentsamga.com\/fr\/produit\/a-spice-affair-assaisonnement-shichimi-togarashi\/","url":"https:\/\/alimentsamga.com\/fr\/produit\/a-spice-affair-assaisonnement-shichimi-togarashi\/","name":"A Spice Affair | Assaisonnement Shichimi Togarashi - AMGA","isPartOf":{"@id":"https:\/\/alimentsamga.com\/fr\/#website"},"primaryImageOfPage":{"@id":"https:\/\/alimentsamga.com\/fr\/produit\/a-spice-affair-assaisonnement-shichimi-togarashi\/#primaryimage"},"image":{"@id":"https:\/\/alimentsamga.com\/fr\/produit\/a-spice-affair-assaisonnement-shichimi-togarashi\/#primaryimage"},"thumbnailUrl":"https:\/\/alimentsamga.com\/wp-content\/uploads\/2021\/04\/Schimi.webp","datePublished":"2021-04-20T18:41:28+00:00","dateModified":"2025-03-05T14:08:33+00:00","description":"Achetez l'Assaisonnement Shichimi Togarashi pour une touche \u00e9pic\u00e9e et zesty. Id\u00e9al pour les tartares, les fruits de mer et les poke bowls.","breadcrumb":{"@id":"https:\/\/alimentsamga.com\/fr\/produit\/a-spice-affair-assaisonnement-shichimi-togarashi\/#breadcrumb"},"inLanguage":"fr-FR","potentialAction":[{"@type":"ReadAction","target":["https:\/\/alimentsamga.com\/fr\/produit\/a-spice-affair-assaisonnement-shichimi-togarashi\/"]}]},{"@type":"ImageObject","inLanguage":"fr-FR","@id":"https:\/\/alimentsamga.com\/fr\/produit\/a-spice-affair-assaisonnement-shichimi-togarashi\/#primaryimage","url":"https:\/\/alimentsamga.com\/wp-content\/uploads\/2021\/04\/Schimi.webp","contentUrl":"https:\/\/alimentsamga.com\/wp-content\/uploads\/2021\/04\/Schimi.webp","width":371,"height":450,"caption":"Shichimi Togarashi Seasoning"},{"@type":"BreadcrumbList","@id":"https:\/\/alimentsamga.com\/fr\/produit\/a-spice-affair-assaisonnement-shichimi-togarashi\/#breadcrumb","itemListElement":[{"@type":"ListItem","position":1,"name":"Home","item":"https:\/\/alimentsamga.com\/fr\/"},{"@type":"ListItem","position":2,"name":"Boutique","item":"https:\/\/alimentsamga.com\/fr\/boutique\/"},{"@type":"ListItem","position":3,"name":"A Spice Affair | Assaisonnement Shichimi Togarashi"}]},{"@type":"WebSite","@id":"https:\/\/alimentsamga.com\/fr\/#website","url":"https:\/\/alimentsamga.com\/fr\/","name":"AMGA","description":"Aliments Amga","publisher":{"@id":"https:\/\/alimentsamga.com\/fr\/#organization"},"potentialAction":[{"@type":"SearchAction","target":{"@type":"EntryPoint","urlTemplate":"https:\/\/alimentsamga.com\/fr\/?s={search_term_string}"},"query-input":{"@type":"PropertyValueSpecification","valueRequired":true,"valueName":"search_term_string"}}],"inLanguage":"fr-FR"},{"@type":"Organization","@id":"https:\/\/alimentsamga.com\/fr\/#organization","name":"AMGA","url":"https:\/\/alimentsamga.com\/fr\/","logo":{"@type":"ImageObject","inLanguage":"fr-FR","@id":"https:\/\/alimentsamga.com\/fr\/#\/schema\/logo\/image\/","url":"https:\/\/alimentsamga.com\/wp-content\/uploads\/2020\/11\/amgachezvous-logo-blue-e1619460460184.png","contentUrl":"https:\/\/alimentsamga.com\/wp-content\/uploads\/2020\/11\/amgachezvous-logo-blue-e1619460460184.png","width":131,"height":80,"caption":"AMGA"},"image":{"@id":"https:\/\/alimentsamga.com\/fr\/#\/schema\/logo\/image\/"},"sameAs":["https:\/\/www.instagram.com\/aliments.amga\/?hl=en"]}]}},"_links":{"self":[{"href":"https:\/\/alimentsamga.com\/fr\/wp-json\/wp\/v2\/product\/1844","targetHints":{"allow":["GET"]}}],"collection":[{"href":"https:\/\/alimentsamga.com\/fr\/wp-json\/wp\/v2\/product"}],"about":[{"href":"https:\/\/alimentsamga.com\/fr\/wp-json\/wp\/v2\/types\/product"}],"replies":[{"embeddable":true,"href":"https:\/\/alimentsamga.com\/fr\/wp-json\/wp\/v2\/comments?post=1844"}],"wp:featuredmedia":[{"embeddable":true,"href":"https:\/\/alimentsamga.com\/fr\/wp-json\/wp\/v2\/media\/10972"}],"wp:attachment":[{"href":"https:\/\/alimentsamga.com\/fr\/wp-json\/wp\/v2\/media?parent=1844"}],"wp:term":[{"taxonomy":"product_brand","embeddable":true,"href":"https:\/\/alimentsamga.com\/fr\/wp-json\/wp\/v2\/product_brand?post=1844"},{"taxonomy":"product_cat","embeddable":true,"href":"https:\/\/alimentsamga.com\/fr\/wp-json\/wp\/v2\/product_cat?post=1844"},{"taxonomy":"product_tag","embeddable":true,"href":"https:\/\/alimentsamga.com\/fr\/wp-json\/wp\/v2\/product_tag?post=1844"}],"curies":[{"name":"wp","href":"https:\/\/api.w.org\/{rel}","templated":true}]}}