{"id":1604,"date":"2021-03-31T17:07:04","date_gmt":"2021-03-31T22:07:05","guid":{"rendered":"https:\/\/alimentsamga.com\/?post_type=product&#038;p=1604"},"modified":"2025-03-11T11:48:52","modified_gmt":"2025-03-11T15:48:52","slug":"huile-dolive-iyia","status":"publish","type":"product","link":"https:\/\/alimentsamga.com\/fr\/produit\/huile-dolive-iyia\/","title":{"rendered":"Huile d&rsquo;olive Iyia"},"content":{"rendered":"<p data-start=\"1335\" data-end=\"1803\">Vous cherchez de l&rsquo;huile d&rsquo;olive premium? L&rsquo;huile d&rsquo;olive extra vierge Iyia provient des arbres Koroneiki plant\u00e9s \u00e0 la main dans la r\u00e9gion du P\u00e9loponn\u00e8se en Gr\u00e8ce. Ancr\u00e9e dans trois g\u00e9n\u00e9rations de tradition, cette huile est press\u00e9e \u00e0 froid avec un minimum de machinerie pour pr\u00e9server sa puret\u00e9, son acidit\u00e9 et sa saveur robuste. Chaque bouteille de 3 litres (0.79 gallons) offre un go\u00fbt exquis, avec un profil fruit\u00e9 marqu\u00e9 et une touche poivr\u00e9e d\u00e9licate.<\/p>\n<p data-start=\"1805\" data-end=\"2216\">Iyia utilise des m\u00e9thodes agricoles traditionnelles qui prot\u00e8gent le sol sacr\u00e9 et les arbres, garantissant que chaque goutte refl\u00e8te la qualit\u00e9 et l&rsquo;artisanat. Cette huile d&rsquo;olive extra vierge 100% naturelle est parfaite pour arroser, tremper ou ajouter \u00e0 vos recettes pr\u00e9f\u00e9r\u00e9es. Exclusivement disponible en ligne, achetez-la d\u00e8s aujourd&rsquo;hui et \u00e9levez vos cr\u00e9ations culinaires avec l&rsquo;h\u00e9ritage riche de la Gr\u00e8ce.<\/p>\n<p>Consultez nos autres <a href=\"https:\/\/alimentsamga.com\/fr\/categorie-produit\/la-paire-parfaite\/\">Assaisonnements ici.<\/a><\/p>\n","protected":false},"excerpt":{"rendered":"<p class=\"pi--title\">Huile d&rsquo;olive extra vierge<\/p>\r\n<p id=\"tw-target-text\" class=\"tw-data-text tw-text-large XcVN5d tw-ta\" dir=\"ltr\" data-placeholder=\"Translation\"><span lang=\"fr\">\u00a03L<\/span><\/p>","protected":false},"featured_media":11054,"comment_status":"open","ping_status":"closed","template":"","meta":{"content-type":""},"product_brand":[],"product_cat":[154,150],"product_tag":[],"class_list":{"0":"post-1604","1":"product","2":"type-product","3":"status-publish","4":"has-post-thumbnail","6":"product_cat-la-paire-parfaite","7":"product_cat-nouveau","9":"first","10":"instock","11":"shipping-taxable","12":"purchasable","13":"product-type-simple"},"bundle_layout":"","bundle_add_to_cart_form_location":"","bundle_editable_in_cart":false,"bundle_sold_individually_context":"","bundle_item_grouping":"","bundle_min_size":"","bundle_max_size":"","bundled_by":["4299"],"bundled_items":[],"yoast_head":"<!-- This site is optimized with the Yoast SEO plugin v27.4 - https:\/\/yoast.com\/product\/yoast-seo-wordpress\/ -->\n<title>Iyia Huile d&#039;Olive Extra Vierge \u00e0 Vendre - AMGA<\/title>\n<meta name=\"description\" content=\"Achetez de l&#039;huile d&#039;olive extra vierge Iyia \u00e0 vendre! Press\u00e9e \u00e0 froid, faible acidit\u00e9, huile d&#039;olive 100% naturelle avec une saveur fruit\u00e9e.\" \/>\n<meta name=\"robots\" content=\"index, follow, max-snippet:-1, max-image-preview:large, max-video-preview:-1\" \/>\n<link rel=\"canonical\" href=\"https:\/\/alimentsamga.com\/fr\/produit\/huile-dolive-iyia\/\" \/>\n<meta property=\"og:locale\" content=\"fr_FR\" \/>\n<meta property=\"og:type\" content=\"article\" \/>\n<meta property=\"og:title\" content=\"Iyia Huile d&#039;Olive Extra Vierge \u00e0 Vendre - AMGA\" \/>\n<meta property=\"og:description\" content=\"Achetez de l&#039;huile d&#039;olive extra vierge Iyia \u00e0 vendre! Press\u00e9e \u00e0 froid, faible acidit\u00e9, huile d&#039;olive 100% naturelle avec une saveur fruit\u00e9e.\" \/>\n<meta property=\"og:url\" content=\"https:\/\/alimentsamga.com\/fr\/produit\/huile-dolive-iyia\/\" \/>\n<meta property=\"og:site_name\" content=\"AMGA\" \/>\n<meta property=\"article:modified_time\" content=\"2025-03-11T15:48:52+00:00\" \/>\n<meta property=\"og:image\" content=\"https:\/\/alimentsamga.com\/wp-content\/uploads\/2021\/03\/IMG_9471.webp\" \/>\n\t<meta property=\"og:image:width\" content=\"1080\" \/>\n\t<meta property=\"og:image:height\" content=\"1080\" \/>\n\t<meta property=\"og:image:type\" content=\"image\/webp\" \/>\n<meta name=\"twitter:card\" content=\"summary_large_image\" \/>\n<meta name=\"twitter:label1\" content=\"Dur\u00e9e de lecture estim\u00e9e\" \/>\n\t<meta name=\"twitter:data1\" content=\"1 minute\" \/>\n<script type=\"application\/ld+json\" class=\"yoast-schema-graph\">{\"@context\":\"https:\\\/\\\/schema.org\",\"@graph\":[{\"@type\":\"WebPage\",\"@id\":\"https:\\\/\\\/alimentsamga.com\\\/fr\\\/produit\\\/huile-dolive-iyia\\\/\",\"url\":\"https:\\\/\\\/alimentsamga.com\\\/fr\\\/produit\\\/huile-dolive-iyia\\\/\",\"name\":\"Iyia Huile d'Olive Extra Vierge \u00e0 Vendre - AMGA\",\"isPartOf\":{\"@id\":\"https:\\\/\\\/alimentsamga.com\\\/fr\\\/#website\"},\"primaryImageOfPage\":{\"@id\":\"https:\\\/\\\/alimentsamga.com\\\/fr\\\/produit\\\/huile-dolive-iyia\\\/#primaryimage\"},\"image\":{\"@id\":\"https:\\\/\\\/alimentsamga.com\\\/fr\\\/produit\\\/huile-dolive-iyia\\\/#primaryimage\"},\"thumbnailUrl\":\"https:\\\/\\\/alimentsamga.com\\\/wp-content\\\/uploads\\\/2021\\\/03\\\/IMG_9471.webp\",\"datePublished\":\"2021-03-31T22:07:05+00:00\",\"dateModified\":\"2025-03-11T15:48:52+00:00\",\"description\":\"Achetez de l'huile d'olive extra vierge Iyia \u00e0 vendre! Press\u00e9e \u00e0 froid, faible acidit\u00e9, huile d'olive 100% naturelle avec une saveur fruit\u00e9e.\",\"breadcrumb\":{\"@id\":\"https:\\\/\\\/alimentsamga.com\\\/fr\\\/produit\\\/huile-dolive-iyia\\\/#breadcrumb\"},\"inLanguage\":\"fr-FR\",\"potentialAction\":[{\"@type\":\"ReadAction\",\"target\":[\"https:\\\/\\\/alimentsamga.com\\\/fr\\\/produit\\\/huile-dolive-iyia\\\/\"]}]},{\"@type\":\"ImageObject\",\"inLanguage\":\"fr-FR\",\"@id\":\"https:\\\/\\\/alimentsamga.com\\\/fr\\\/produit\\\/huile-dolive-iyia\\\/#primaryimage\",\"url\":\"https:\\\/\\\/alimentsamga.com\\\/wp-content\\\/uploads\\\/2021\\\/03\\\/IMG_9471.webp\",\"contentUrl\":\"https:\\\/\\\/alimentsamga.com\\\/wp-content\\\/uploads\\\/2021\\\/03\\\/IMG_9471.webp\",\"width\":1080,\"height\":1080,\"caption\":\"Greek Olive Oil\"},{\"@type\":\"BreadcrumbList\",\"@id\":\"https:\\\/\\\/alimentsamga.com\\\/fr\\\/produit\\\/huile-dolive-iyia\\\/#breadcrumb\",\"itemListElement\":[{\"@type\":\"ListItem\",\"position\":1,\"name\":\"Home\",\"item\":\"https:\\\/\\\/alimentsamga.com\\\/fr\\\/\"},{\"@type\":\"ListItem\",\"position\":2,\"name\":\"Boutique\",\"item\":\"https:\\\/\\\/alimentsamga.com\\\/fr\\\/boutique\\\/\"},{\"@type\":\"ListItem\",\"position\":3,\"name\":\"Huile d&#8217;olive Iyia\"}]},{\"@type\":\"WebSite\",\"@id\":\"https:\\\/\\\/alimentsamga.com\\\/fr\\\/#website\",\"url\":\"https:\\\/\\\/alimentsamga.com\\\/fr\\\/\",\"name\":\"AMGA\",\"description\":\"Aliments Amga\",\"publisher\":{\"@id\":\"https:\\\/\\\/alimentsamga.com\\\/fr\\\/#organization\"},\"potentialAction\":[{\"@type\":\"SearchAction\",\"target\":{\"@type\":\"EntryPoint\",\"urlTemplate\":\"https:\\\/\\\/alimentsamga.com\\\/fr\\\/?s={search_term_string}\"},\"query-input\":{\"@type\":\"PropertyValueSpecification\",\"valueRequired\":true,\"valueName\":\"search_term_string\"}}],\"inLanguage\":\"fr-FR\"},{\"@type\":\"Organization\",\"@id\":\"https:\\\/\\\/alimentsamga.com\\\/fr\\\/#organization\",\"name\":\"AMGA\",\"url\":\"https:\\\/\\\/alimentsamga.com\\\/fr\\\/\",\"logo\":{\"@type\":\"ImageObject\",\"inLanguage\":\"fr-FR\",\"@id\":\"https:\\\/\\\/alimentsamga.com\\\/fr\\\/#\\\/schema\\\/logo\\\/image\\\/\",\"url\":\"https:\\\/\\\/alimentsamga.com\\\/wp-content\\\/uploads\\\/2020\\\/11\\\/amgachezvous-logo-blue-e1619460460184.png\",\"contentUrl\":\"https:\\\/\\\/alimentsamga.com\\\/wp-content\\\/uploads\\\/2020\\\/11\\\/amgachezvous-logo-blue-e1619460460184.png\",\"width\":131,\"height\":80,\"caption\":\"AMGA\"},\"image\":{\"@id\":\"https:\\\/\\\/alimentsamga.com\\\/fr\\\/#\\\/schema\\\/logo\\\/image\\\/\"},\"sameAs\":[\"https:\\\/\\\/www.instagram.com\\\/aliments.amga\\\/?hl=en\"]}]}<\/script>\n<!-- \/ Yoast SEO plugin. -->","yoast_head_json":{"title":"Iyia Huile d'Olive Extra Vierge \u00e0 Vendre - AMGA","description":"Achetez de l'huile d'olive extra vierge Iyia \u00e0 vendre! Press\u00e9e \u00e0 froid, faible acidit\u00e9, huile d'olive 100% naturelle avec une saveur fruit\u00e9e.","robots":{"index":"index","follow":"follow","max-snippet":"max-snippet:-1","max-image-preview":"max-image-preview:large","max-video-preview":"max-video-preview:-1"},"canonical":"https:\/\/alimentsamga.com\/fr\/produit\/huile-dolive-iyia\/","og_locale":"fr_FR","og_type":"article","og_title":"Iyia Huile d'Olive Extra Vierge \u00e0 Vendre - AMGA","og_description":"Achetez de l'huile d'olive extra vierge Iyia \u00e0 vendre! Press\u00e9e \u00e0 froid, faible acidit\u00e9, huile d'olive 100% naturelle avec une saveur fruit\u00e9e.","og_url":"https:\/\/alimentsamga.com\/fr\/produit\/huile-dolive-iyia\/","og_site_name":"AMGA","article_modified_time":"2025-03-11T15:48:52+00:00","og_image":[{"width":1080,"height":1080,"url":"https:\/\/alimentsamga.com\/wp-content\/uploads\/2021\/03\/IMG_9471.webp","type":"image\/webp"}],"twitter_card":"summary_large_image","twitter_misc":{"Dur\u00e9e de lecture estim\u00e9e":"1 minute"},"schema":{"@context":"https:\/\/schema.org","@graph":[{"@type":"WebPage","@id":"https:\/\/alimentsamga.com\/fr\/produit\/huile-dolive-iyia\/","url":"https:\/\/alimentsamga.com\/fr\/produit\/huile-dolive-iyia\/","name":"Iyia Huile d'Olive Extra Vierge \u00e0 Vendre - AMGA","isPartOf":{"@id":"https:\/\/alimentsamga.com\/fr\/#website"},"primaryImageOfPage":{"@id":"https:\/\/alimentsamga.com\/fr\/produit\/huile-dolive-iyia\/#primaryimage"},"image":{"@id":"https:\/\/alimentsamga.com\/fr\/produit\/huile-dolive-iyia\/#primaryimage"},"thumbnailUrl":"https:\/\/alimentsamga.com\/wp-content\/uploads\/2021\/03\/IMG_9471.webp","datePublished":"2021-03-31T22:07:05+00:00","dateModified":"2025-03-11T15:48:52+00:00","description":"Achetez de l'huile d'olive extra vierge Iyia \u00e0 vendre! Press\u00e9e \u00e0 froid, faible acidit\u00e9, huile d'olive 100% naturelle avec une saveur fruit\u00e9e.","breadcrumb":{"@id":"https:\/\/alimentsamga.com\/fr\/produit\/huile-dolive-iyia\/#breadcrumb"},"inLanguage":"fr-FR","potentialAction":[{"@type":"ReadAction","target":["https:\/\/alimentsamga.com\/fr\/produit\/huile-dolive-iyia\/"]}]},{"@type":"ImageObject","inLanguage":"fr-FR","@id":"https:\/\/alimentsamga.com\/fr\/produit\/huile-dolive-iyia\/#primaryimage","url":"https:\/\/alimentsamga.com\/wp-content\/uploads\/2021\/03\/IMG_9471.webp","contentUrl":"https:\/\/alimentsamga.com\/wp-content\/uploads\/2021\/03\/IMG_9471.webp","width":1080,"height":1080,"caption":"Greek Olive Oil"},{"@type":"BreadcrumbList","@id":"https:\/\/alimentsamga.com\/fr\/produit\/huile-dolive-iyia\/#breadcrumb","itemListElement":[{"@type":"ListItem","position":1,"name":"Home","item":"https:\/\/alimentsamga.com\/fr\/"},{"@type":"ListItem","position":2,"name":"Boutique","item":"https:\/\/alimentsamga.com\/fr\/boutique\/"},{"@type":"ListItem","position":3,"name":"Huile d&#8217;olive Iyia"}]},{"@type":"WebSite","@id":"https:\/\/alimentsamga.com\/fr\/#website","url":"https:\/\/alimentsamga.com\/fr\/","name":"AMGA","description":"Aliments Amga","publisher":{"@id":"https:\/\/alimentsamga.com\/fr\/#organization"},"potentialAction":[{"@type":"SearchAction","target":{"@type":"EntryPoint","urlTemplate":"https:\/\/alimentsamga.com\/fr\/?s={search_term_string}"},"query-input":{"@type":"PropertyValueSpecification","valueRequired":true,"valueName":"search_term_string"}}],"inLanguage":"fr-FR"},{"@type":"Organization","@id":"https:\/\/alimentsamga.com\/fr\/#organization","name":"AMGA","url":"https:\/\/alimentsamga.com\/fr\/","logo":{"@type":"ImageObject","inLanguage":"fr-FR","@id":"https:\/\/alimentsamga.com\/fr\/#\/schema\/logo\/image\/","url":"https:\/\/alimentsamga.com\/wp-content\/uploads\/2020\/11\/amgachezvous-logo-blue-e1619460460184.png","contentUrl":"https:\/\/alimentsamga.com\/wp-content\/uploads\/2020\/11\/amgachezvous-logo-blue-e1619460460184.png","width":131,"height":80,"caption":"AMGA"},"image":{"@id":"https:\/\/alimentsamga.com\/fr\/#\/schema\/logo\/image\/"},"sameAs":["https:\/\/www.instagram.com\/aliments.amga\/?hl=en"]}]}},"_links":{"self":[{"href":"https:\/\/alimentsamga.com\/fr\/wp-json\/wp\/v2\/product\/1604","targetHints":{"allow":["GET"]}}],"collection":[{"href":"https:\/\/alimentsamga.com\/fr\/wp-json\/wp\/v2\/product"}],"about":[{"href":"https:\/\/alimentsamga.com\/fr\/wp-json\/wp\/v2\/types\/product"}],"replies":[{"embeddable":true,"href":"https:\/\/alimentsamga.com\/fr\/wp-json\/wp\/v2\/comments?post=1604"}],"wp:featuredmedia":[{"embeddable":true,"href":"https:\/\/alimentsamga.com\/fr\/wp-json\/wp\/v2\/media\/11054"}],"wp:attachment":[{"href":"https:\/\/alimentsamga.com\/fr\/wp-json\/wp\/v2\/media?parent=1604"}],"wp:term":[{"taxonomy":"product_brand","embeddable":true,"href":"https:\/\/alimentsamga.com\/fr\/wp-json\/wp\/v2\/product_brand?post=1604"},{"taxonomy":"product_cat","embeddable":true,"href":"https:\/\/alimentsamga.com\/fr\/wp-json\/wp\/v2\/product_cat?post=1604"},{"taxonomy":"product_tag","embeddable":true,"href":"https:\/\/alimentsamga.com\/fr\/wp-json\/wp\/v2\/product_tag?post=1604"}],"curies":[{"name":"wp","href":"https:\/\/api.w.org\/{rel}","templated":true}]}}