{"id":1551,"date":"2021-03-25T12:52:25","date_gmt":"2021-03-25T17:52:25","guid":{"rendered":"https:\/\/alimentsamga.com\/?post_type=product&#038;p=1551"},"modified":"2025-04-22T10:43:45","modified_gmt":"2025-04-22T14:43:45","slug":"jambon-en-style-toupie","status":"publish","type":"product","link":"https:\/\/alimentsamga.com\/fr\/produit\/jambon-en-style-toupie\/","title":{"rendered":"Jambon en style toupie"},"content":{"rendered":"<p data-start=\"1060\" data-end=\"1358\">Vous cherchez du jambon premium, d\u00e9j\u00e0 cuit? Notre jambon toupie Olymel \u00e0 vendre est fabriqu\u00e9 au Qu\u00e9bec, Canada, cuit, frais et sous vide. Chaque pi\u00e8ce p\u00e8se environ 6 kg (13.23 pounds), id\u00e9ale pour les repas en famille, les rassemblements, ou \u00e0 servir dans des sandwiches et des salades.<\/p>\n<p data-start=\"1360\" data-end=\"1701\">Polyvalent et d\u00e9licieux, ce jambon toupie premium est parfait pour toutes les occasions. Savourez-le tranch\u00e9 pour des sandwiches rapides, ou servez-le comme plat principal lors du d\u00eener. Notre jambon toupie Olymel \u00e0 vendre offre \u00e0 la fois commodit\u00e9 et saveur exceptionnelle, livr\u00e9 frais \u00e0 votre porte.<\/p>\n<p>Consultez nos <a href=\"https:\/\/alimentsamga.com\/fr\/product-category\/porc\/\">autres produits de porc ici.<\/a><\/p>\n","protected":false},"excerpt":{"rendered":"Pi\u00e8ce moyenne de 6 kg.\r\nEnti\u00e8rement cuit, frais, emball\u00e9 sous vide.\r\n\r\nFabriqu\u00e9 au Qu\u00e9bec, Canada","protected":false},"featured_media":8357,"comment_status":"open","ping_status":"closed","template":"","meta":{"content-type":""},"product_brand":[],"product_cat":[150,87,165],"product_tag":[],"class_list":{"0":"post-1551","1":"product","2":"type-product","3":"status-publish","4":"has-post-thumbnail","6":"product_cat-nouveau","7":"product_cat-porc","8":"product_cat-viandes","10":"first","11":"instock","12":"shipping-taxable","13":"purchasable","14":"product-type-simple"},"bundle_layout":"","bundle_add_to_cart_form_location":"","bundle_editable_in_cart":false,"bundle_sold_individually_context":"","bundle_item_grouping":"","bundle_min_size":"","bundle_max_size":"","bundled_by":[],"bundled_items":[],"yoast_head":"<!-- This site is optimized with the Yoast SEO plugin v27.5 - https:\/\/yoast.com\/product\/yoast-seo-wordpress\/ -->\n<title>Jambon Toupie Olymel \u00e0 Vendre - AMGA<\/title>\n<meta name=\"description\" content=\"Achetez notre jambon toupie Olymel \u00e0 vendre ! Cuit, frais et sous vide, parfait pour les sandwiches, salades ou comme plat principal.\" \/>\n<meta name=\"robots\" content=\"index, follow, max-snippet:-1, max-image-preview:large, max-video-preview:-1\" \/>\n<link rel=\"canonical\" href=\"https:\/\/alimentsamga.com\/fr\/produit\/jambon-en-style-toupie\/\" \/>\n<meta property=\"og:locale\" content=\"fr_FR\" \/>\n<meta property=\"og:type\" content=\"article\" \/>\n<meta property=\"og:title\" content=\"Jambon Toupie Olymel \u00e0 Vendre - AMGA\" \/>\n<meta property=\"og:description\" content=\"Achetez notre jambon toupie Olymel \u00e0 vendre ! Cuit, frais et sous vide, parfait pour les sandwiches, salades ou comme plat principal.\" \/>\n<meta property=\"og:url\" content=\"https:\/\/alimentsamga.com\/fr\/produit\/jambon-en-style-toupie\/\" \/>\n<meta property=\"og:site_name\" content=\"AMGA\" \/>\n<meta property=\"article:modified_time\" content=\"2025-04-22T14:43:45+00:00\" \/>\n<meta property=\"og:image\" content=\"https:\/\/alimentsamga.com\/wp-content\/uploads\/2021\/03\/Toupie-ham.jpg\" \/>\n\t<meta property=\"og:image:width\" content=\"1200\" \/>\n\t<meta property=\"og:image:height\" content=\"1200\" \/>\n\t<meta property=\"og:image:type\" content=\"image\/jpeg\" \/>\n<meta name=\"twitter:card\" content=\"summary_large_image\" \/>\n<meta name=\"twitter:label1\" content=\"Dur\u00e9e de lecture estim\u00e9e\" \/>\n\t<meta name=\"twitter:data1\" content=\"1 minute\" \/>\n<script type=\"application\/ld+json\" class=\"yoast-schema-graph\">{\"@context\":\"https:\\\/\\\/schema.org\",\"@graph\":[{\"@type\":\"WebPage\",\"@id\":\"https:\\\/\\\/alimentsamga.com\\\/fr\\\/produit\\\/jambon-en-style-toupie\\\/\",\"url\":\"https:\\\/\\\/alimentsamga.com\\\/fr\\\/produit\\\/jambon-en-style-toupie\\\/\",\"name\":\"Jambon Toupie Olymel \u00e0 Vendre - AMGA\",\"isPartOf\":{\"@id\":\"https:\\\/\\\/alimentsamga.com\\\/fr\\\/#website\"},\"primaryImageOfPage\":{\"@id\":\"https:\\\/\\\/alimentsamga.com\\\/fr\\\/produit\\\/jambon-en-style-toupie\\\/#primaryimage\"},\"image\":{\"@id\":\"https:\\\/\\\/alimentsamga.com\\\/fr\\\/produit\\\/jambon-en-style-toupie\\\/#primaryimage\"},\"thumbnailUrl\":\"https:\\\/\\\/alimentsamga.com\\\/wp-content\\\/uploads\\\/2021\\\/03\\\/Toupie-ham.jpg\",\"datePublished\":\"2021-03-25T17:52:25+00:00\",\"dateModified\":\"2025-04-22T14:43:45+00:00\",\"description\":\"Achetez notre jambon toupie Olymel \u00e0 vendre ! Cuit, frais et sous vide, parfait pour les sandwiches, salades ou comme plat principal.\",\"breadcrumb\":{\"@id\":\"https:\\\/\\\/alimentsamga.com\\\/fr\\\/produit\\\/jambon-en-style-toupie\\\/#breadcrumb\"},\"inLanguage\":\"fr-FR\",\"potentialAction\":[{\"@type\":\"ReadAction\",\"target\":[\"https:\\\/\\\/alimentsamga.com\\\/fr\\\/produit\\\/jambon-en-style-toupie\\\/\"]}]},{\"@type\":\"ImageObject\",\"inLanguage\":\"fr-FR\",\"@id\":\"https:\\\/\\\/alimentsamga.com\\\/fr\\\/produit\\\/jambon-en-style-toupie\\\/#primaryimage\",\"url\":\"https:\\\/\\\/alimentsamga.com\\\/wp-content\\\/uploads\\\/2021\\\/03\\\/Toupie-ham.jpg\",\"contentUrl\":\"https:\\\/\\\/alimentsamga.com\\\/wp-content\\\/uploads\\\/2021\\\/03\\\/Toupie-ham.jpg\",\"width\":1200,\"height\":1200,\"caption\":\"Olymel Toupie Ham for Sale Jambon Toupie Olymel \u00e0 Vendre\"},{\"@type\":\"BreadcrumbList\",\"@id\":\"https:\\\/\\\/alimentsamga.com\\\/fr\\\/produit\\\/jambon-en-style-toupie\\\/#breadcrumb\",\"itemListElement\":[{\"@type\":\"ListItem\",\"position\":1,\"name\":\"Home\",\"item\":\"https:\\\/\\\/alimentsamga.com\\\/fr\\\/\"},{\"@type\":\"ListItem\",\"position\":2,\"name\":\"Boutique\",\"item\":\"https:\\\/\\\/alimentsamga.com\\\/fr\\\/boutique\\\/\"},{\"@type\":\"ListItem\",\"position\":3,\"name\":\"Jambon en style toupie\"}]},{\"@type\":\"WebSite\",\"@id\":\"https:\\\/\\\/alimentsamga.com\\\/fr\\\/#website\",\"url\":\"https:\\\/\\\/alimentsamga.com\\\/fr\\\/\",\"name\":\"AMGA\",\"description\":\"Aliments Amga\",\"publisher\":{\"@id\":\"https:\\\/\\\/alimentsamga.com\\\/fr\\\/#organization\"},\"potentialAction\":[{\"@type\":\"SearchAction\",\"target\":{\"@type\":\"EntryPoint\",\"urlTemplate\":\"https:\\\/\\\/alimentsamga.com\\\/fr\\\/?s={search_term_string}\"},\"query-input\":{\"@type\":\"PropertyValueSpecification\",\"valueRequired\":true,\"valueName\":\"search_term_string\"}}],\"inLanguage\":\"fr-FR\"},{\"@type\":\"Organization\",\"@id\":\"https:\\\/\\\/alimentsamga.com\\\/fr\\\/#organization\",\"name\":\"AMGA\",\"url\":\"https:\\\/\\\/alimentsamga.com\\\/fr\\\/\",\"logo\":{\"@type\":\"ImageObject\",\"inLanguage\":\"fr-FR\",\"@id\":\"https:\\\/\\\/alimentsamga.com\\\/fr\\\/#\\\/schema\\\/logo\\\/image\\\/\",\"url\":\"https:\\\/\\\/alimentsamga.com\\\/wp-content\\\/uploads\\\/2020\\\/11\\\/amgachezvous-logo-blue-e1619460460184.png\",\"contentUrl\":\"https:\\\/\\\/alimentsamga.com\\\/wp-content\\\/uploads\\\/2020\\\/11\\\/amgachezvous-logo-blue-e1619460460184.png\",\"width\":131,\"height\":80,\"caption\":\"AMGA\"},\"image\":{\"@id\":\"https:\\\/\\\/alimentsamga.com\\\/fr\\\/#\\\/schema\\\/logo\\\/image\\\/\"},\"sameAs\":[\"https:\\\/\\\/www.instagram.com\\\/aliments.amga\\\/?hl=en\"]}]}<\/script>\n<!-- \/ Yoast SEO plugin. -->","yoast_head_json":{"title":"Jambon Toupie Olymel \u00e0 Vendre - AMGA","description":"Achetez notre jambon toupie Olymel \u00e0 vendre ! Cuit, frais et sous vide, parfait pour les sandwiches, salades ou comme plat principal.","robots":{"index":"index","follow":"follow","max-snippet":"max-snippet:-1","max-image-preview":"max-image-preview:large","max-video-preview":"max-video-preview:-1"},"canonical":"https:\/\/alimentsamga.com\/fr\/produit\/jambon-en-style-toupie\/","og_locale":"fr_FR","og_type":"article","og_title":"Jambon Toupie Olymel \u00e0 Vendre - AMGA","og_description":"Achetez notre jambon toupie Olymel \u00e0 vendre ! Cuit, frais et sous vide, parfait pour les sandwiches, salades ou comme plat principal.","og_url":"https:\/\/alimentsamga.com\/fr\/produit\/jambon-en-style-toupie\/","og_site_name":"AMGA","article_modified_time":"2025-04-22T14:43:45+00:00","og_image":[{"width":1200,"height":1200,"url":"https:\/\/alimentsamga.com\/wp-content\/uploads\/2021\/03\/Toupie-ham.jpg","type":"image\/jpeg"}],"twitter_card":"summary_large_image","twitter_misc":{"Dur\u00e9e de lecture estim\u00e9e":"1 minute"},"schema":{"@context":"https:\/\/schema.org","@graph":[{"@type":"WebPage","@id":"https:\/\/alimentsamga.com\/fr\/produit\/jambon-en-style-toupie\/","url":"https:\/\/alimentsamga.com\/fr\/produit\/jambon-en-style-toupie\/","name":"Jambon Toupie Olymel \u00e0 Vendre - AMGA","isPartOf":{"@id":"https:\/\/alimentsamga.com\/fr\/#website"},"primaryImageOfPage":{"@id":"https:\/\/alimentsamga.com\/fr\/produit\/jambon-en-style-toupie\/#primaryimage"},"image":{"@id":"https:\/\/alimentsamga.com\/fr\/produit\/jambon-en-style-toupie\/#primaryimage"},"thumbnailUrl":"https:\/\/alimentsamga.com\/wp-content\/uploads\/2021\/03\/Toupie-ham.jpg","datePublished":"2021-03-25T17:52:25+00:00","dateModified":"2025-04-22T14:43:45+00:00","description":"Achetez notre jambon toupie Olymel \u00e0 vendre ! Cuit, frais et sous vide, parfait pour les sandwiches, salades ou comme plat principal.","breadcrumb":{"@id":"https:\/\/alimentsamga.com\/fr\/produit\/jambon-en-style-toupie\/#breadcrumb"},"inLanguage":"fr-FR","potentialAction":[{"@type":"ReadAction","target":["https:\/\/alimentsamga.com\/fr\/produit\/jambon-en-style-toupie\/"]}]},{"@type":"ImageObject","inLanguage":"fr-FR","@id":"https:\/\/alimentsamga.com\/fr\/produit\/jambon-en-style-toupie\/#primaryimage","url":"https:\/\/alimentsamga.com\/wp-content\/uploads\/2021\/03\/Toupie-ham.jpg","contentUrl":"https:\/\/alimentsamga.com\/wp-content\/uploads\/2021\/03\/Toupie-ham.jpg","width":1200,"height":1200,"caption":"Olymel Toupie Ham for Sale Jambon Toupie Olymel \u00e0 Vendre"},{"@type":"BreadcrumbList","@id":"https:\/\/alimentsamga.com\/fr\/produit\/jambon-en-style-toupie\/#breadcrumb","itemListElement":[{"@type":"ListItem","position":1,"name":"Home","item":"https:\/\/alimentsamga.com\/fr\/"},{"@type":"ListItem","position":2,"name":"Boutique","item":"https:\/\/alimentsamga.com\/fr\/boutique\/"},{"@type":"ListItem","position":3,"name":"Jambon en style toupie"}]},{"@type":"WebSite","@id":"https:\/\/alimentsamga.com\/fr\/#website","url":"https:\/\/alimentsamga.com\/fr\/","name":"AMGA","description":"Aliments Amga","publisher":{"@id":"https:\/\/alimentsamga.com\/fr\/#organization"},"potentialAction":[{"@type":"SearchAction","target":{"@type":"EntryPoint","urlTemplate":"https:\/\/alimentsamga.com\/fr\/?s={search_term_string}"},"query-input":{"@type":"PropertyValueSpecification","valueRequired":true,"valueName":"search_term_string"}}],"inLanguage":"fr-FR"},{"@type":"Organization","@id":"https:\/\/alimentsamga.com\/fr\/#organization","name":"AMGA","url":"https:\/\/alimentsamga.com\/fr\/","logo":{"@type":"ImageObject","inLanguage":"fr-FR","@id":"https:\/\/alimentsamga.com\/fr\/#\/schema\/logo\/image\/","url":"https:\/\/alimentsamga.com\/wp-content\/uploads\/2020\/11\/amgachezvous-logo-blue-e1619460460184.png","contentUrl":"https:\/\/alimentsamga.com\/wp-content\/uploads\/2020\/11\/amgachezvous-logo-blue-e1619460460184.png","width":131,"height":80,"caption":"AMGA"},"image":{"@id":"https:\/\/alimentsamga.com\/fr\/#\/schema\/logo\/image\/"},"sameAs":["https:\/\/www.instagram.com\/aliments.amga\/?hl=en"]}]}},"_links":{"self":[{"href":"https:\/\/alimentsamga.com\/fr\/wp-json\/wp\/v2\/product\/1551","targetHints":{"allow":["GET"]}}],"collection":[{"href":"https:\/\/alimentsamga.com\/fr\/wp-json\/wp\/v2\/product"}],"about":[{"href":"https:\/\/alimentsamga.com\/fr\/wp-json\/wp\/v2\/types\/product"}],"replies":[{"embeddable":true,"href":"https:\/\/alimentsamga.com\/fr\/wp-json\/wp\/v2\/comments?post=1551"}],"wp:featuredmedia":[{"embeddable":true,"href":"https:\/\/alimentsamga.com\/fr\/wp-json\/wp\/v2\/media\/8357"}],"wp:attachment":[{"href":"https:\/\/alimentsamga.com\/fr\/wp-json\/wp\/v2\/media?parent=1551"}],"wp:term":[{"taxonomy":"product_brand","embeddable":true,"href":"https:\/\/alimentsamga.com\/fr\/wp-json\/wp\/v2\/product_brand?post=1551"},{"taxonomy":"product_cat","embeddable":true,"href":"https:\/\/alimentsamga.com\/fr\/wp-json\/wp\/v2\/product_cat?post=1551"},{"taxonomy":"product_tag","embeddable":true,"href":"https:\/\/alimentsamga.com\/fr\/wp-json\/wp\/v2\/product_tag?post=1551"}],"curies":[{"name":"wp","href":"https:\/\/api.w.org\/{rel}","templated":true}]}}