{"id":1533,"date":"2021-03-25T12:42:18","date_gmt":"2021-03-25T17:42:18","guid":{"rendered":"https:\/\/alimentsamga.com\/?post_type=product&#038;p=1533"},"modified":"2025-02-27T08:34:14","modified_gmt":"2025-02-27T13:34:14","slug":"viande-fumee-de-montreal","status":"publish","type":"product","link":"https:\/\/alimentsamga.com\/fr\/produit\/viande-fumee-de-montreal\/","title":{"rendered":"Viande fum\u00e9e de Montr\u00e9al"},"content":{"rendered":"<p>La <strong data-start=\"1207\" data-end=\"1235\">Viande fum\u00e9e de Montr\u00e9al<\/strong> de Mello vous offre les saveurs riches et authentiques de Montr\u00e9al, directement \u00e0 la maison. Ce produit de viande fum\u00e9e de qualit\u00e9 sup\u00e9rieure se pr\u00e9pare rapidement en seulement 15 minutes. Que ce soit pour un souper entre amis ou un repas rapide, il est id\u00e9al.<br data-start=\"1496\" data-end=\"1499\" \/>Avec une dur\u00e9e de conservation de 90 jours au r\u00e9frig\u00e9rateur, vous pouvez la garder fra\u00eeche plus longtemps. Sa texture tendre et juteuse ainsi que sa saveur audacieuse en font un choix parfait. Appr\u00e9ciez-la dans un sandwich copieux ou en plat principal, et savourez chaque bouch\u00e9e de ce classique montr\u00e9alais.<\/p>\n<p>Consultez nos<a href=\"https:\/\/alimentsamga.com\/fr\/categorie-produit\/repas-rapide\/\"> autres produits Speedy Supper ici<\/a>, pour un repas rapide mais d\u00e9licieux.<\/p>\n","protected":false},"excerpt":{"rendered":"200g\r\n\r\nMello\r\n\r\nSeulement 15 minutes pour cuisiner\r\n\r\nDur\u00e9e de conservation de 90 jours au r\u00e9frig\u00e9rateur","protected":false},"featured_media":3929,"comment_status":"open","ping_status":"closed","template":"","meta":{"content-type":""},"product_brand":[],"product_cat":[58,161,165],"product_tag":[],"class_list":{"0":"post-1533","1":"product","2":"type-product","3":"status-publish","4":"has-post-thumbnail","6":"product_cat-boeuf","7":"product_cat-repas-rapide","8":"product_cat-viandes","10":"first","11":"outofstock","12":"shipping-taxable","13":"purchasable","14":"product-type-simple"},"bundle_layout":"","bundle_add_to_cart_form_location":"","bundle_editable_in_cart":false,"bundle_sold_individually_context":"","bundle_item_grouping":"","bundle_min_size":"","bundle_max_size":"","bundled_by":[],"bundled_items":[],"yoast_head":"<!-- This site is optimized with the Yoast SEO plugin v27.3 - https:\/\/yoast.com\/product\/yoast-seo-wordpress\/ -->\n<title>Viande fum\u00e9e de Montr\u00e9al - AMGA<\/title>\n<meta name=\"description\" content=\"D\u00e9gustez le go\u00fbt authentique de la Viande fum\u00e9e de Montr\u00e9al de Mello. Cuisinez en 15 minutes, avec une dur\u00e9e de conservation de 90 jours au r\u00e9frig\u00e9rateur.\" \/>\n<meta name=\"robots\" content=\"index, follow, max-snippet:-1, max-image-preview:large, max-video-preview:-1\" \/>\n<link rel=\"canonical\" href=\"https:\/\/alimentsamga.com\/fr\/produit\/viande-fumee-de-montreal\/\" \/>\n<meta property=\"og:locale\" content=\"fr_FR\" \/>\n<meta property=\"og:type\" content=\"article\" \/>\n<meta property=\"og:title\" content=\"Viande fum\u00e9e de Montr\u00e9al - AMGA\" \/>\n<meta property=\"og:description\" content=\"D\u00e9gustez le go\u00fbt authentique de la Viande fum\u00e9e de Montr\u00e9al de Mello. Cuisinez en 15 minutes, avec une dur\u00e9e de conservation de 90 jours au r\u00e9frig\u00e9rateur.\" \/>\n<meta property=\"og:url\" content=\"https:\/\/alimentsamga.com\/fr\/produit\/viande-fumee-de-montreal\/\" \/>\n<meta property=\"og:site_name\" content=\"AMGA\" \/>\n<meta property=\"article:modified_time\" content=\"2025-02-27T13:34:14+00:00\" \/>\n<meta property=\"og:image\" content=\"https:\/\/alimentsamga.com\/wp-content\/uploads\/2021\/03\/20210819_121230.jpg\" \/>\n\t<meta property=\"og:image:width\" content=\"2048\" \/>\n\t<meta property=\"og:image:height\" content=\"1536\" \/>\n\t<meta property=\"og:image:type\" content=\"image\/jpeg\" \/>\n<meta name=\"twitter:card\" content=\"summary_large_image\" \/>\n<meta name=\"twitter:label1\" content=\"Dur\u00e9e de lecture estim\u00e9e\" \/>\n\t<meta name=\"twitter:data1\" content=\"1 minute\" \/>\n<script type=\"application\/ld+json\" class=\"yoast-schema-graph\">{\"@context\":\"https:\\\/\\\/schema.org\",\"@graph\":[{\"@type\":\"WebPage\",\"@id\":\"https:\\\/\\\/alimentsamga.com\\\/fr\\\/produit\\\/viande-fumee-de-montreal\\\/\",\"url\":\"https:\\\/\\\/alimentsamga.com\\\/fr\\\/produit\\\/viande-fumee-de-montreal\\\/\",\"name\":\"Viande fum\u00e9e de Montr\u00e9al - AMGA\",\"isPartOf\":{\"@id\":\"https:\\\/\\\/alimentsamga.com\\\/fr\\\/#website\"},\"primaryImageOfPage\":{\"@id\":\"https:\\\/\\\/alimentsamga.com\\\/fr\\\/produit\\\/viande-fumee-de-montreal\\\/#primaryimage\"},\"image\":{\"@id\":\"https:\\\/\\\/alimentsamga.com\\\/fr\\\/produit\\\/viande-fumee-de-montreal\\\/#primaryimage\"},\"thumbnailUrl\":\"https:\\\/\\\/alimentsamga.com\\\/wp-content\\\/uploads\\\/2021\\\/03\\\/20210819_121230.jpg\",\"datePublished\":\"2021-03-25T17:42:18+00:00\",\"dateModified\":\"2025-02-27T13:34:14+00:00\",\"description\":\"D\u00e9gustez le go\u00fbt authentique de la Viande fum\u00e9e de Montr\u00e9al de Mello. Cuisinez en 15 minutes, avec une dur\u00e9e de conservation de 90 jours au r\u00e9frig\u00e9rateur.\",\"breadcrumb\":{\"@id\":\"https:\\\/\\\/alimentsamga.com\\\/fr\\\/produit\\\/viande-fumee-de-montreal\\\/#breadcrumb\"},\"inLanguage\":\"fr-FR\",\"potentialAction\":[{\"@type\":\"ReadAction\",\"target\":[\"https:\\\/\\\/alimentsamga.com\\\/fr\\\/produit\\\/viande-fumee-de-montreal\\\/\"]}]},{\"@type\":\"ImageObject\",\"inLanguage\":\"fr-FR\",\"@id\":\"https:\\\/\\\/alimentsamga.com\\\/fr\\\/produit\\\/viande-fumee-de-montreal\\\/#primaryimage\",\"url\":\"https:\\\/\\\/alimentsamga.com\\\/wp-content\\\/uploads\\\/2021\\\/03\\\/20210819_121230.jpg\",\"contentUrl\":\"https:\\\/\\\/alimentsamga.com\\\/wp-content\\\/uploads\\\/2021\\\/03\\\/20210819_121230.jpg\",\"width\":2048,\"height\":1536,\"caption\":\"Montreal's Smoked Meat\"},{\"@type\":\"BreadcrumbList\",\"@id\":\"https:\\\/\\\/alimentsamga.com\\\/fr\\\/produit\\\/viande-fumee-de-montreal\\\/#breadcrumb\",\"itemListElement\":[{\"@type\":\"ListItem\",\"position\":1,\"name\":\"Home\",\"item\":\"https:\\\/\\\/alimentsamga.com\\\/fr\\\/\"},{\"@type\":\"ListItem\",\"position\":2,\"name\":\"Boutique\",\"item\":\"https:\\\/\\\/alimentsamga.com\\\/fr\\\/boutique\\\/\"},{\"@type\":\"ListItem\",\"position\":3,\"name\":\"Viande fum\u00e9e de Montr\u00e9al\"}]},{\"@type\":\"WebSite\",\"@id\":\"https:\\\/\\\/alimentsamga.com\\\/fr\\\/#website\",\"url\":\"https:\\\/\\\/alimentsamga.com\\\/fr\\\/\",\"name\":\"AMGA\",\"description\":\"Aliments Amga\",\"publisher\":{\"@id\":\"https:\\\/\\\/alimentsamga.com\\\/fr\\\/#organization\"},\"potentialAction\":[{\"@type\":\"SearchAction\",\"target\":{\"@type\":\"EntryPoint\",\"urlTemplate\":\"https:\\\/\\\/alimentsamga.com\\\/fr\\\/?s={search_term_string}\"},\"query-input\":{\"@type\":\"PropertyValueSpecification\",\"valueRequired\":true,\"valueName\":\"search_term_string\"}}],\"inLanguage\":\"fr-FR\"},{\"@type\":\"Organization\",\"@id\":\"https:\\\/\\\/alimentsamga.com\\\/fr\\\/#organization\",\"name\":\"AMGA\",\"url\":\"https:\\\/\\\/alimentsamga.com\\\/fr\\\/\",\"logo\":{\"@type\":\"ImageObject\",\"inLanguage\":\"fr-FR\",\"@id\":\"https:\\\/\\\/alimentsamga.com\\\/fr\\\/#\\\/schema\\\/logo\\\/image\\\/\",\"url\":\"https:\\\/\\\/alimentsamga.com\\\/wp-content\\\/uploads\\\/2020\\\/11\\\/amgachezvous-logo-blue-e1619460460184.png\",\"contentUrl\":\"https:\\\/\\\/alimentsamga.com\\\/wp-content\\\/uploads\\\/2020\\\/11\\\/amgachezvous-logo-blue-e1619460460184.png\",\"width\":131,\"height\":80,\"caption\":\"AMGA\"},\"image\":{\"@id\":\"https:\\\/\\\/alimentsamga.com\\\/fr\\\/#\\\/schema\\\/logo\\\/image\\\/\"},\"sameAs\":[\"https:\\\/\\\/www.instagram.com\\\/aliments.amga\\\/?hl=en\"]}]}<\/script>\n<!-- \/ Yoast SEO plugin. -->","yoast_head_json":{"title":"Viande fum\u00e9e de Montr\u00e9al - AMGA","description":"D\u00e9gustez le go\u00fbt authentique de la Viande fum\u00e9e de Montr\u00e9al de Mello. Cuisinez en 15 minutes, avec une dur\u00e9e de conservation de 90 jours au r\u00e9frig\u00e9rateur.","robots":{"index":"index","follow":"follow","max-snippet":"max-snippet:-1","max-image-preview":"max-image-preview:large","max-video-preview":"max-video-preview:-1"},"canonical":"https:\/\/alimentsamga.com\/fr\/produit\/viande-fumee-de-montreal\/","og_locale":"fr_FR","og_type":"article","og_title":"Viande fum\u00e9e de Montr\u00e9al - AMGA","og_description":"D\u00e9gustez le go\u00fbt authentique de la Viande fum\u00e9e de Montr\u00e9al de Mello. Cuisinez en 15 minutes, avec une dur\u00e9e de conservation de 90 jours au r\u00e9frig\u00e9rateur.","og_url":"https:\/\/alimentsamga.com\/fr\/produit\/viande-fumee-de-montreal\/","og_site_name":"AMGA","article_modified_time":"2025-02-27T13:34:14+00:00","og_image":[{"width":2048,"height":1536,"url":"https:\/\/alimentsamga.com\/wp-content\/uploads\/2021\/03\/20210819_121230.jpg","type":"image\/jpeg"}],"twitter_card":"summary_large_image","twitter_misc":{"Dur\u00e9e de lecture estim\u00e9e":"1 minute"},"schema":{"@context":"https:\/\/schema.org","@graph":[{"@type":"WebPage","@id":"https:\/\/alimentsamga.com\/fr\/produit\/viande-fumee-de-montreal\/","url":"https:\/\/alimentsamga.com\/fr\/produit\/viande-fumee-de-montreal\/","name":"Viande fum\u00e9e de Montr\u00e9al - AMGA","isPartOf":{"@id":"https:\/\/alimentsamga.com\/fr\/#website"},"primaryImageOfPage":{"@id":"https:\/\/alimentsamga.com\/fr\/produit\/viande-fumee-de-montreal\/#primaryimage"},"image":{"@id":"https:\/\/alimentsamga.com\/fr\/produit\/viande-fumee-de-montreal\/#primaryimage"},"thumbnailUrl":"https:\/\/alimentsamga.com\/wp-content\/uploads\/2021\/03\/20210819_121230.jpg","datePublished":"2021-03-25T17:42:18+00:00","dateModified":"2025-02-27T13:34:14+00:00","description":"D\u00e9gustez le go\u00fbt authentique de la Viande fum\u00e9e de Montr\u00e9al de Mello. Cuisinez en 15 minutes, avec une dur\u00e9e de conservation de 90 jours au r\u00e9frig\u00e9rateur.","breadcrumb":{"@id":"https:\/\/alimentsamga.com\/fr\/produit\/viande-fumee-de-montreal\/#breadcrumb"},"inLanguage":"fr-FR","potentialAction":[{"@type":"ReadAction","target":["https:\/\/alimentsamga.com\/fr\/produit\/viande-fumee-de-montreal\/"]}]},{"@type":"ImageObject","inLanguage":"fr-FR","@id":"https:\/\/alimentsamga.com\/fr\/produit\/viande-fumee-de-montreal\/#primaryimage","url":"https:\/\/alimentsamga.com\/wp-content\/uploads\/2021\/03\/20210819_121230.jpg","contentUrl":"https:\/\/alimentsamga.com\/wp-content\/uploads\/2021\/03\/20210819_121230.jpg","width":2048,"height":1536,"caption":"Montreal's Smoked Meat"},{"@type":"BreadcrumbList","@id":"https:\/\/alimentsamga.com\/fr\/produit\/viande-fumee-de-montreal\/#breadcrumb","itemListElement":[{"@type":"ListItem","position":1,"name":"Home","item":"https:\/\/alimentsamga.com\/fr\/"},{"@type":"ListItem","position":2,"name":"Boutique","item":"https:\/\/alimentsamga.com\/fr\/boutique\/"},{"@type":"ListItem","position":3,"name":"Viande fum\u00e9e de Montr\u00e9al"}]},{"@type":"WebSite","@id":"https:\/\/alimentsamga.com\/fr\/#website","url":"https:\/\/alimentsamga.com\/fr\/","name":"AMGA","description":"Aliments Amga","publisher":{"@id":"https:\/\/alimentsamga.com\/fr\/#organization"},"potentialAction":[{"@type":"SearchAction","target":{"@type":"EntryPoint","urlTemplate":"https:\/\/alimentsamga.com\/fr\/?s={search_term_string}"},"query-input":{"@type":"PropertyValueSpecification","valueRequired":true,"valueName":"search_term_string"}}],"inLanguage":"fr-FR"},{"@type":"Organization","@id":"https:\/\/alimentsamga.com\/fr\/#organization","name":"AMGA","url":"https:\/\/alimentsamga.com\/fr\/","logo":{"@type":"ImageObject","inLanguage":"fr-FR","@id":"https:\/\/alimentsamga.com\/fr\/#\/schema\/logo\/image\/","url":"https:\/\/alimentsamga.com\/wp-content\/uploads\/2020\/11\/amgachezvous-logo-blue-e1619460460184.png","contentUrl":"https:\/\/alimentsamga.com\/wp-content\/uploads\/2020\/11\/amgachezvous-logo-blue-e1619460460184.png","width":131,"height":80,"caption":"AMGA"},"image":{"@id":"https:\/\/alimentsamga.com\/fr\/#\/schema\/logo\/image\/"},"sameAs":["https:\/\/www.instagram.com\/aliments.amga\/?hl=en"]}]}},"_links":{"self":[{"href":"https:\/\/alimentsamga.com\/fr\/wp-json\/wp\/v2\/product\/1533","targetHints":{"allow":["GET"]}}],"collection":[{"href":"https:\/\/alimentsamga.com\/fr\/wp-json\/wp\/v2\/product"}],"about":[{"href":"https:\/\/alimentsamga.com\/fr\/wp-json\/wp\/v2\/types\/product"}],"replies":[{"embeddable":true,"href":"https:\/\/alimentsamga.com\/fr\/wp-json\/wp\/v2\/comments?post=1533"}],"wp:featuredmedia":[{"embeddable":true,"href":"https:\/\/alimentsamga.com\/fr\/wp-json\/wp\/v2\/media\/3929"}],"wp:attachment":[{"href":"https:\/\/alimentsamga.com\/fr\/wp-json\/wp\/v2\/media?parent=1533"}],"wp:term":[{"taxonomy":"product_brand","embeddable":true,"href":"https:\/\/alimentsamga.com\/fr\/wp-json\/wp\/v2\/product_brand?post=1533"},{"taxonomy":"product_cat","embeddable":true,"href":"https:\/\/alimentsamga.com\/fr\/wp-json\/wp\/v2\/product_cat?post=1533"},{"taxonomy":"product_tag","embeddable":true,"href":"https:\/\/alimentsamga.com\/fr\/wp-json\/wp\/v2\/product_tag?post=1533"}],"curies":[{"name":"wp","href":"https:\/\/api.w.org\/{rel}","templated":true}]}}