{"id":1523,"date":"2021-03-25T12:33:42","date_gmt":"2021-03-25T17:33:42","guid":{"rendered":"https:\/\/alimentsamga.com\/?post_type=product&#038;p=1523"},"modified":"2025-02-27T08:44:55","modified_gmt":"2025-02-27T13:44:55","slug":"carre-dagneau-francais","status":"publish","type":"product","link":"https:\/\/alimentsamga.com\/fr\/produit\/carre-dagneau-francais\/","title":{"rendered":"Carr\u00e9 d&rsquo;agneau fran\u00e7ais"},"content":{"rendered":"<div>Notre <strong>Carr\u00e9 d&rsquo;agneau fran\u00e7ais<\/strong>\u00a0proviennent d&rsquo;agneaux de Nouvelle-Z\u00e9lande de qualit\u00e9 sup\u00e9rieure, offrant une tendret\u00e9 et une saveur exceptionnelles. Chaque rack p\u00e8se entre 14 et 16 onces, offrant une portion g\u00e9n\u00e9reuse pour vos repas. Sous vide et congel\u00e9es, elles conservent leur fra\u00eecheur et sont parfaites pour r\u00f4tir ou griller.<br data-start=\"1571\" data-end=\"1574\" \/>Chaque paquet contient deux racks de <strong>Carr\u00e9 d&rsquo;agneau fran\u00e7ais<\/strong>, totalisant entre 800 et 900 grammes, pour un \u00e9quilibre parfait entre qualit\u00e9 et quantit\u00e9. Que ce soit pour un d\u00eener sp\u00e9cial ou un repas de groupe, ces c\u00f4telettes d&rsquo;agneau apportent une touche \u00e9l\u00e9gante \u00e0 n&rsquo;importe quel plat. Leur saveur riche et savoureuse s\u00e9duira \u00e0 coup s\u00fbr vos invit\u00e9s.<\/div>\n<div class=\"tc-bb translate-tool__result translate-english-spanish js-translator-result\"><\/div>\n<div>\n<p>Consultez nos <a href=\"https:\/\/alimentsamga.com\/fr\/categorie-produit\/agneau\/\">autres produits d\u2019agneau ici.<\/a><\/p>\n<\/div>\n","protected":false},"excerpt":{"rendered":"900-1000 gr \/ 2 carr\u00e9s\r\n<div class=\"tc-bb translate-tool__result translate-english-spanish js-translator-result\">Agneau de Nouvelle-Z\u00e9lande<\/div>\r\n<div><\/div>\r\n<div class=\"tc-bb translate-tool__result translate-english-spanish js-translator-result\">16 \u00e0 18 onces par carr\u00e9<\/div>\r\n<div><\/div>\r\n<div class=\"tc-bb translate-tool__result translate-english-spanish js-translator-result\">Congel\u00e9 et scell\u00e9 sous vide<\/div>","protected":false},"featured_media":10456,"comment_status":"open","ping_status":"closed","template":"","meta":{"content-type":""},"product_brand":[],"product_cat":[464,165],"product_tag":[],"class_list":{"0":"post-1523","1":"product","2":"type-product","3":"status-publish","4":"has-post-thumbnail","6":"product_cat-agneau","7":"product_cat-viandes","9":"first","10":"instock","11":"shipping-taxable","12":"purchasable","13":"product-type-simple"},"bundle_layout":"","bundle_add_to_cart_form_location":"","bundle_editable_in_cart":false,"bundle_sold_individually_context":"","bundle_item_grouping":"","bundle_min_size":"","bundle_max_size":"","bundled_by":[],"bundled_items":[],"yoast_head":"<!-- This site is optimized with the Yoast SEO plugin v27.4 - https:\/\/yoast.com\/product\/yoast-seo-wordpress\/ -->\n<title>Carr\u00e9 d&#039;agneau fran\u00e7ais | AMGA<\/title>\n<meta name=\"description\" content=\"Savourez notre Carr\u00e9 d&#039;agneau fran\u00e7ais en provenance de Nouvelle-Z\u00e9lande. Chaque rack p\u00e8se de 14 \u00e0 16 onces, congel\u00e9 et sous vide pour pr\u00e9server la fra\u00eecheur.\" \/>\n<meta name=\"robots\" content=\"index, follow, max-snippet:-1, max-image-preview:large, max-video-preview:-1\" \/>\n<link rel=\"canonical\" href=\"https:\/\/alimentsamga.com\/fr\/produit\/carre-dagneau-francais\/\" \/>\n<meta property=\"og:locale\" content=\"fr_FR\" \/>\n<meta property=\"og:type\" content=\"article\" \/>\n<meta property=\"og:title\" content=\"Carr\u00e9 d&#039;agneau fran\u00e7ais | AMGA\" \/>\n<meta property=\"og:description\" content=\"Savourez notre Carr\u00e9 d&#039;agneau fran\u00e7ais en provenance de Nouvelle-Z\u00e9lande. Chaque rack p\u00e8se de 14 \u00e0 16 onces, congel\u00e9 et sous vide pour pr\u00e9server la fra\u00eecheur.\" \/>\n<meta property=\"og:url\" content=\"https:\/\/alimentsamga.com\/fr\/produit\/carre-dagneau-francais\/\" \/>\n<meta property=\"og:site_name\" content=\"AMGA\" \/>\n<meta property=\"article:modified_time\" content=\"2025-02-27T13:44:55+00:00\" \/>\n<meta property=\"og:image\" content=\"https:\/\/alimentsamga.com\/wp-content\/uploads\/2021\/03\/6348.jpg\" \/>\n\t<meta property=\"og:image:width\" content=\"719\" \/>\n\t<meta property=\"og:image:height\" content=\"480\" \/>\n\t<meta property=\"og:image:type\" content=\"image\/jpeg\" \/>\n<meta name=\"twitter:card\" content=\"summary_large_image\" \/>\n<meta name=\"twitter:label1\" content=\"Dur\u00e9e de lecture estim\u00e9e\" \/>\n\t<meta name=\"twitter:data1\" content=\"1 minute\" \/>\n<script type=\"application\/ld+json\" class=\"yoast-schema-graph\">{\"@context\":\"https:\\\/\\\/schema.org\",\"@graph\":[{\"@type\":\"WebPage\",\"@id\":\"https:\\\/\\\/alimentsamga.com\\\/fr\\\/produit\\\/carre-dagneau-francais\\\/\",\"url\":\"https:\\\/\\\/alimentsamga.com\\\/fr\\\/produit\\\/carre-dagneau-francais\\\/\",\"name\":\"Carr\u00e9 d'agneau fran\u00e7ais | AMGA\",\"isPartOf\":{\"@id\":\"https:\\\/\\\/alimentsamga.com\\\/fr\\\/#website\"},\"primaryImageOfPage\":{\"@id\":\"https:\\\/\\\/alimentsamga.com\\\/fr\\\/produit\\\/carre-dagneau-francais\\\/#primaryimage\"},\"image\":{\"@id\":\"https:\\\/\\\/alimentsamga.com\\\/fr\\\/produit\\\/carre-dagneau-francais\\\/#primaryimage\"},\"thumbnailUrl\":\"https:\\\/\\\/alimentsamga.com\\\/wp-content\\\/uploads\\\/2021\\\/03\\\/6348.jpg\",\"datePublished\":\"2021-03-25T17:33:42+00:00\",\"dateModified\":\"2025-02-27T13:44:55+00:00\",\"description\":\"Savourez notre Carr\u00e9 d'agneau fran\u00e7ais en provenance de Nouvelle-Z\u00e9lande. Chaque rack p\u00e8se de 14 \u00e0 16 onces, congel\u00e9 et sous vide pour pr\u00e9server la fra\u00eecheur.\",\"breadcrumb\":{\"@id\":\"https:\\\/\\\/alimentsamga.com\\\/fr\\\/produit\\\/carre-dagneau-francais\\\/#breadcrumb\"},\"inLanguage\":\"fr-FR\",\"potentialAction\":[{\"@type\":\"ReadAction\",\"target\":[\"https:\\\/\\\/alimentsamga.com\\\/fr\\\/produit\\\/carre-dagneau-francais\\\/\"]}]},{\"@type\":\"ImageObject\",\"inLanguage\":\"fr-FR\",\"@id\":\"https:\\\/\\\/alimentsamga.com\\\/fr\\\/produit\\\/carre-dagneau-francais\\\/#primaryimage\",\"url\":\"https:\\\/\\\/alimentsamga.com\\\/wp-content\\\/uploads\\\/2021\\\/03\\\/6348.jpg\",\"contentUrl\":\"https:\\\/\\\/alimentsamga.com\\\/wp-content\\\/uploads\\\/2021\\\/03\\\/6348.jpg\",\"width\":719,\"height\":480,\"caption\":\"French Lamb Racks\"},{\"@type\":\"BreadcrumbList\",\"@id\":\"https:\\\/\\\/alimentsamga.com\\\/fr\\\/produit\\\/carre-dagneau-francais\\\/#breadcrumb\",\"itemListElement\":[{\"@type\":\"ListItem\",\"position\":1,\"name\":\"Home\",\"item\":\"https:\\\/\\\/alimentsamga.com\\\/fr\\\/\"},{\"@type\":\"ListItem\",\"position\":2,\"name\":\"Boutique\",\"item\":\"https:\\\/\\\/alimentsamga.com\\\/fr\\\/boutique\\\/\"},{\"@type\":\"ListItem\",\"position\":3,\"name\":\"Carr\u00e9 d&#8217;agneau fran\u00e7ais\"}]},{\"@type\":\"WebSite\",\"@id\":\"https:\\\/\\\/alimentsamga.com\\\/fr\\\/#website\",\"url\":\"https:\\\/\\\/alimentsamga.com\\\/fr\\\/\",\"name\":\"AMGA\",\"description\":\"Aliments Amga\",\"publisher\":{\"@id\":\"https:\\\/\\\/alimentsamga.com\\\/fr\\\/#organization\"},\"potentialAction\":[{\"@type\":\"SearchAction\",\"target\":{\"@type\":\"EntryPoint\",\"urlTemplate\":\"https:\\\/\\\/alimentsamga.com\\\/fr\\\/?s={search_term_string}\"},\"query-input\":{\"@type\":\"PropertyValueSpecification\",\"valueRequired\":true,\"valueName\":\"search_term_string\"}}],\"inLanguage\":\"fr-FR\"},{\"@type\":\"Organization\",\"@id\":\"https:\\\/\\\/alimentsamga.com\\\/fr\\\/#organization\",\"name\":\"AMGA\",\"url\":\"https:\\\/\\\/alimentsamga.com\\\/fr\\\/\",\"logo\":{\"@type\":\"ImageObject\",\"inLanguage\":\"fr-FR\",\"@id\":\"https:\\\/\\\/alimentsamga.com\\\/fr\\\/#\\\/schema\\\/logo\\\/image\\\/\",\"url\":\"https:\\\/\\\/alimentsamga.com\\\/wp-content\\\/uploads\\\/2020\\\/11\\\/amgachezvous-logo-blue-e1619460460184.png\",\"contentUrl\":\"https:\\\/\\\/alimentsamga.com\\\/wp-content\\\/uploads\\\/2020\\\/11\\\/amgachezvous-logo-blue-e1619460460184.png\",\"width\":131,\"height\":80,\"caption\":\"AMGA\"},\"image\":{\"@id\":\"https:\\\/\\\/alimentsamga.com\\\/fr\\\/#\\\/schema\\\/logo\\\/image\\\/\"},\"sameAs\":[\"https:\\\/\\\/www.instagram.com\\\/aliments.amga\\\/?hl=en\"]}]}<\/script>\n<!-- \/ Yoast SEO plugin. -->","yoast_head_json":{"title":"Carr\u00e9 d'agneau fran\u00e7ais | AMGA","description":"Savourez notre Carr\u00e9 d'agneau fran\u00e7ais en provenance de Nouvelle-Z\u00e9lande. Chaque rack p\u00e8se de 14 \u00e0 16 onces, congel\u00e9 et sous vide pour pr\u00e9server la fra\u00eecheur.","robots":{"index":"index","follow":"follow","max-snippet":"max-snippet:-1","max-image-preview":"max-image-preview:large","max-video-preview":"max-video-preview:-1"},"canonical":"https:\/\/alimentsamga.com\/fr\/produit\/carre-dagneau-francais\/","og_locale":"fr_FR","og_type":"article","og_title":"Carr\u00e9 d'agneau fran\u00e7ais | AMGA","og_description":"Savourez notre Carr\u00e9 d'agneau fran\u00e7ais en provenance de Nouvelle-Z\u00e9lande. Chaque rack p\u00e8se de 14 \u00e0 16 onces, congel\u00e9 et sous vide pour pr\u00e9server la fra\u00eecheur.","og_url":"https:\/\/alimentsamga.com\/fr\/produit\/carre-dagneau-francais\/","og_site_name":"AMGA","article_modified_time":"2025-02-27T13:44:55+00:00","og_image":[{"width":719,"height":480,"url":"https:\/\/alimentsamga.com\/wp-content\/uploads\/2021\/03\/6348.jpg","type":"image\/jpeg"}],"twitter_card":"summary_large_image","twitter_misc":{"Dur\u00e9e de lecture estim\u00e9e":"1 minute"},"schema":{"@context":"https:\/\/schema.org","@graph":[{"@type":"WebPage","@id":"https:\/\/alimentsamga.com\/fr\/produit\/carre-dagneau-francais\/","url":"https:\/\/alimentsamga.com\/fr\/produit\/carre-dagneau-francais\/","name":"Carr\u00e9 d'agneau fran\u00e7ais | AMGA","isPartOf":{"@id":"https:\/\/alimentsamga.com\/fr\/#website"},"primaryImageOfPage":{"@id":"https:\/\/alimentsamga.com\/fr\/produit\/carre-dagneau-francais\/#primaryimage"},"image":{"@id":"https:\/\/alimentsamga.com\/fr\/produit\/carre-dagneau-francais\/#primaryimage"},"thumbnailUrl":"https:\/\/alimentsamga.com\/wp-content\/uploads\/2021\/03\/6348.jpg","datePublished":"2021-03-25T17:33:42+00:00","dateModified":"2025-02-27T13:44:55+00:00","description":"Savourez notre Carr\u00e9 d'agneau fran\u00e7ais en provenance de Nouvelle-Z\u00e9lande. Chaque rack p\u00e8se de 14 \u00e0 16 onces, congel\u00e9 et sous vide pour pr\u00e9server la fra\u00eecheur.","breadcrumb":{"@id":"https:\/\/alimentsamga.com\/fr\/produit\/carre-dagneau-francais\/#breadcrumb"},"inLanguage":"fr-FR","potentialAction":[{"@type":"ReadAction","target":["https:\/\/alimentsamga.com\/fr\/produit\/carre-dagneau-francais\/"]}]},{"@type":"ImageObject","inLanguage":"fr-FR","@id":"https:\/\/alimentsamga.com\/fr\/produit\/carre-dagneau-francais\/#primaryimage","url":"https:\/\/alimentsamga.com\/wp-content\/uploads\/2021\/03\/6348.jpg","contentUrl":"https:\/\/alimentsamga.com\/wp-content\/uploads\/2021\/03\/6348.jpg","width":719,"height":480,"caption":"French Lamb Racks"},{"@type":"BreadcrumbList","@id":"https:\/\/alimentsamga.com\/fr\/produit\/carre-dagneau-francais\/#breadcrumb","itemListElement":[{"@type":"ListItem","position":1,"name":"Home","item":"https:\/\/alimentsamga.com\/fr\/"},{"@type":"ListItem","position":2,"name":"Boutique","item":"https:\/\/alimentsamga.com\/fr\/boutique\/"},{"@type":"ListItem","position":3,"name":"Carr\u00e9 d&#8217;agneau fran\u00e7ais"}]},{"@type":"WebSite","@id":"https:\/\/alimentsamga.com\/fr\/#website","url":"https:\/\/alimentsamga.com\/fr\/","name":"AMGA","description":"Aliments Amga","publisher":{"@id":"https:\/\/alimentsamga.com\/fr\/#organization"},"potentialAction":[{"@type":"SearchAction","target":{"@type":"EntryPoint","urlTemplate":"https:\/\/alimentsamga.com\/fr\/?s={search_term_string}"},"query-input":{"@type":"PropertyValueSpecification","valueRequired":true,"valueName":"search_term_string"}}],"inLanguage":"fr-FR"},{"@type":"Organization","@id":"https:\/\/alimentsamga.com\/fr\/#organization","name":"AMGA","url":"https:\/\/alimentsamga.com\/fr\/","logo":{"@type":"ImageObject","inLanguage":"fr-FR","@id":"https:\/\/alimentsamga.com\/fr\/#\/schema\/logo\/image\/","url":"https:\/\/alimentsamga.com\/wp-content\/uploads\/2020\/11\/amgachezvous-logo-blue-e1619460460184.png","contentUrl":"https:\/\/alimentsamga.com\/wp-content\/uploads\/2020\/11\/amgachezvous-logo-blue-e1619460460184.png","width":131,"height":80,"caption":"AMGA"},"image":{"@id":"https:\/\/alimentsamga.com\/fr\/#\/schema\/logo\/image\/"},"sameAs":["https:\/\/www.instagram.com\/aliments.amga\/?hl=en"]}]}},"_links":{"self":[{"href":"https:\/\/alimentsamga.com\/fr\/wp-json\/wp\/v2\/product\/1523","targetHints":{"allow":["GET"]}}],"collection":[{"href":"https:\/\/alimentsamga.com\/fr\/wp-json\/wp\/v2\/product"}],"about":[{"href":"https:\/\/alimentsamga.com\/fr\/wp-json\/wp\/v2\/types\/product"}],"replies":[{"embeddable":true,"href":"https:\/\/alimentsamga.com\/fr\/wp-json\/wp\/v2\/comments?post=1523"}],"wp:featuredmedia":[{"embeddable":true,"href":"https:\/\/alimentsamga.com\/fr\/wp-json\/wp\/v2\/media\/10456"}],"wp:attachment":[{"href":"https:\/\/alimentsamga.com\/fr\/wp-json\/wp\/v2\/media?parent=1523"}],"wp:term":[{"taxonomy":"product_brand","embeddable":true,"href":"https:\/\/alimentsamga.com\/fr\/wp-json\/wp\/v2\/product_brand?post=1523"},{"taxonomy":"product_cat","embeddable":true,"href":"https:\/\/alimentsamga.com\/fr\/wp-json\/wp\/v2\/product_cat?post=1523"},{"taxonomy":"product_tag","embeddable":true,"href":"https:\/\/alimentsamga.com\/fr\/wp-json\/wp\/v2\/product_tag?post=1523"}],"curies":[{"name":"wp","href":"https:\/\/api.w.org\/{rel}","templated":true}]}}