{"id":1435,"date":"2021-03-03T13:48:14","date_gmt":"2021-03-03T18:48:14","guid":{"rendered":"https:\/\/alimentsamga.com\/?post_type=product&#038;p=1435"},"modified":"2025-02-26T15:01:58","modified_gmt":"2025-02-26T20:01:58","slug":"cuisses-de-poulpe","status":"publish","type":"product","link":"https:\/\/alimentsamga.com\/fr\/produit\/cuisses-de-poulpe\/","title":{"rendered":"Cuisses de Poulpe"},"content":{"rendered":"<p data-start=\"829\" data-end=\"1035\">Nos <strong data-start=\"878\" data-end=\"898\">jambes de poulpe<\/strong> proviennent du Maroc et sont congel\u00e9es en packs de 4 tentacules, pesant environ 3,5 lb (2.27 kilograms). Elles sont sous vide pour garantir la fra\u00eecheur.<\/p>\n<p data-start=\"1037\" data-end=\"1320\">Ces jambes de poulpe sont parfaites pour la grillade, la friture ou pour ajouter \u00e0 des plats de fruits de mer. Avec leur texture tendre et leur saveur riche, elles apportent une touche unique \u00e0 vos repas. La taille T3 garantit un produit de haute qualit\u00e9 avec une excellente texture.<\/p>\n<p>Consultez nos <a href=\"https:\/\/alimentsamga.com\/fr\/categorie-produit\/fruits-de-mer\/\">autres produits de la mer ici.<\/a><\/p>\n","protected":false},"excerpt":{"rendered":"Cuisses de poulpe marocaine\r\n\r\nCongel\u00e9 par 4 cuisses et scell\u00e9 sous-vide\r\n\r\nenviron 3.5 lbs\r\n\r\nGrandeur T3\r\n\r\n&nbsp;","protected":false},"featured_media":10589,"comment_status":"open","ping_status":"closed","template":"","meta":{"content-type":""},"product_brand":[],"product_cat":[97],"product_tag":[],"class_list":{"0":"post-1435","1":"product","2":"type-product","3":"status-publish","4":"has-post-thumbnail","6":"product_cat-fruits-de-mer","8":"first","9":"instock","10":"shipping-taxable","11":"purchasable","12":"product-type-simple"},"bundle_layout":"","bundle_add_to_cart_form_location":"","bundle_editable_in_cart":false,"bundle_sold_individually_context":"","bundle_item_grouping":"","bundle_min_size":"","bundle_max_size":"","bundled_by":[],"bundled_items":[],"yoast_head":"<!-- This site is optimized with the Yoast SEO plugin v27.4 - https:\/\/yoast.com\/product\/yoast-seo-wordpress\/ -->\n<title>Cuisses de Poulet<\/title>\n<meta name=\"description\" content=\"Achetez des jambes de poulpe du Maroc (3,5 lb), congel\u00e9es en packs de 4 tentacules. Sous vide pour pr\u00e9server la fra\u00eecheur et parfaites pour cuisiner.\" \/>\n<meta name=\"robots\" content=\"index, follow, max-snippet:-1, max-image-preview:large, max-video-preview:-1\" \/>\n<link rel=\"canonical\" href=\"https:\/\/alimentsamga.com\/fr\/produit\/cuisses-de-poulpe\/\" \/>\n<meta property=\"og:locale\" content=\"fr_FR\" \/>\n<meta property=\"og:type\" content=\"article\" \/>\n<meta property=\"og:title\" content=\"Cuisses de Poulet\" \/>\n<meta property=\"og:description\" content=\"Achetez des jambes de poulpe du Maroc (3,5 lb), congel\u00e9es en packs de 4 tentacules. Sous vide pour pr\u00e9server la fra\u00eecheur et parfaites pour cuisiner.\" \/>\n<meta property=\"og:url\" content=\"https:\/\/alimentsamga.com\/fr\/produit\/cuisses-de-poulpe\/\" \/>\n<meta property=\"og:site_name\" content=\"AMGA\" \/>\n<meta property=\"article:modified_time\" content=\"2025-02-26T20:01:58+00:00\" \/>\n<meta property=\"og:image\" content=\"https:\/\/alimentsamga.com\/wp-content\/uploads\/2021\/03\/8658.jpg\" \/>\n\t<meta property=\"og:image:width\" content=\"841\" \/>\n\t<meta property=\"og:image:height\" content=\"480\" \/>\n\t<meta property=\"og:image:type\" content=\"image\/jpeg\" \/>\n<meta name=\"twitter:card\" content=\"summary_large_image\" \/>\n<meta name=\"twitter:label1\" content=\"Dur\u00e9e de lecture estim\u00e9e\" \/>\n\t<meta name=\"twitter:data1\" content=\"1 minute\" \/>\n<script type=\"application\/ld+json\" class=\"yoast-schema-graph\">{\"@context\":\"https:\\\/\\\/schema.org\",\"@graph\":[{\"@type\":\"WebPage\",\"@id\":\"https:\\\/\\\/alimentsamga.com\\\/fr\\\/produit\\\/cuisses-de-poulpe\\\/\",\"url\":\"https:\\\/\\\/alimentsamga.com\\\/fr\\\/produit\\\/cuisses-de-poulpe\\\/\",\"name\":\"Cuisses de Poulet\",\"isPartOf\":{\"@id\":\"https:\\\/\\\/alimentsamga.com\\\/fr\\\/#website\"},\"primaryImageOfPage\":{\"@id\":\"https:\\\/\\\/alimentsamga.com\\\/fr\\\/produit\\\/cuisses-de-poulpe\\\/#primaryimage\"},\"image\":{\"@id\":\"https:\\\/\\\/alimentsamga.com\\\/fr\\\/produit\\\/cuisses-de-poulpe\\\/#primaryimage\"},\"thumbnailUrl\":\"https:\\\/\\\/alimentsamga.com\\\/wp-content\\\/uploads\\\/2021\\\/03\\\/8658.jpg\",\"datePublished\":\"2021-03-03T18:48:14+00:00\",\"dateModified\":\"2025-02-26T20:01:58+00:00\",\"description\":\"Achetez des jambes de poulpe du Maroc (3,5 lb), congel\u00e9es en packs de 4 tentacules. Sous vide pour pr\u00e9server la fra\u00eecheur et parfaites pour cuisiner.\",\"breadcrumb\":{\"@id\":\"https:\\\/\\\/alimentsamga.com\\\/fr\\\/produit\\\/cuisses-de-poulpe\\\/#breadcrumb\"},\"inLanguage\":\"fr-FR\",\"potentialAction\":[{\"@type\":\"ReadAction\",\"target\":[\"https:\\\/\\\/alimentsamga.com\\\/fr\\\/produit\\\/cuisses-de-poulpe\\\/\"]}]},{\"@type\":\"ImageObject\",\"inLanguage\":\"fr-FR\",\"@id\":\"https:\\\/\\\/alimentsamga.com\\\/fr\\\/produit\\\/cuisses-de-poulpe\\\/#primaryimage\",\"url\":\"https:\\\/\\\/alimentsamga.com\\\/wp-content\\\/uploads\\\/2021\\\/03\\\/8658.jpg\",\"contentUrl\":\"https:\\\/\\\/alimentsamga.com\\\/wp-content\\\/uploads\\\/2021\\\/03\\\/8658.jpg\",\"width\":841,\"height\":480,\"caption\":\"OCTOPUS LEGS\"},{\"@type\":\"BreadcrumbList\",\"@id\":\"https:\\\/\\\/alimentsamga.com\\\/fr\\\/produit\\\/cuisses-de-poulpe\\\/#breadcrumb\",\"itemListElement\":[{\"@type\":\"ListItem\",\"position\":1,\"name\":\"Home\",\"item\":\"https:\\\/\\\/alimentsamga.com\\\/fr\\\/\"},{\"@type\":\"ListItem\",\"position\":2,\"name\":\"Boutique\",\"item\":\"https:\\\/\\\/alimentsamga.com\\\/fr\\\/boutique\\\/\"},{\"@type\":\"ListItem\",\"position\":3,\"name\":\"Cuisses de Poulpe\"}]},{\"@type\":\"WebSite\",\"@id\":\"https:\\\/\\\/alimentsamga.com\\\/fr\\\/#website\",\"url\":\"https:\\\/\\\/alimentsamga.com\\\/fr\\\/\",\"name\":\"AMGA\",\"description\":\"Aliments Amga\",\"publisher\":{\"@id\":\"https:\\\/\\\/alimentsamga.com\\\/fr\\\/#organization\"},\"potentialAction\":[{\"@type\":\"SearchAction\",\"target\":{\"@type\":\"EntryPoint\",\"urlTemplate\":\"https:\\\/\\\/alimentsamga.com\\\/fr\\\/?s={search_term_string}\"},\"query-input\":{\"@type\":\"PropertyValueSpecification\",\"valueRequired\":true,\"valueName\":\"search_term_string\"}}],\"inLanguage\":\"fr-FR\"},{\"@type\":\"Organization\",\"@id\":\"https:\\\/\\\/alimentsamga.com\\\/fr\\\/#organization\",\"name\":\"AMGA\",\"url\":\"https:\\\/\\\/alimentsamga.com\\\/fr\\\/\",\"logo\":{\"@type\":\"ImageObject\",\"inLanguage\":\"fr-FR\",\"@id\":\"https:\\\/\\\/alimentsamga.com\\\/fr\\\/#\\\/schema\\\/logo\\\/image\\\/\",\"url\":\"https:\\\/\\\/alimentsamga.com\\\/wp-content\\\/uploads\\\/2020\\\/11\\\/amgachezvous-logo-blue-e1619460460184.png\",\"contentUrl\":\"https:\\\/\\\/alimentsamga.com\\\/wp-content\\\/uploads\\\/2020\\\/11\\\/amgachezvous-logo-blue-e1619460460184.png\",\"width\":131,\"height\":80,\"caption\":\"AMGA\"},\"image\":{\"@id\":\"https:\\\/\\\/alimentsamga.com\\\/fr\\\/#\\\/schema\\\/logo\\\/image\\\/\"},\"sameAs\":[\"https:\\\/\\\/www.instagram.com\\\/aliments.amga\\\/?hl=en\"]}]}<\/script>\n<!-- \/ Yoast SEO plugin. -->","yoast_head_json":{"title":"Cuisses de Poulet","description":"Achetez des jambes de poulpe du Maroc (3,5 lb), congel\u00e9es en packs de 4 tentacules. Sous vide pour pr\u00e9server la fra\u00eecheur et parfaites pour cuisiner.","robots":{"index":"index","follow":"follow","max-snippet":"max-snippet:-1","max-image-preview":"max-image-preview:large","max-video-preview":"max-video-preview:-1"},"canonical":"https:\/\/alimentsamga.com\/fr\/produit\/cuisses-de-poulpe\/","og_locale":"fr_FR","og_type":"article","og_title":"Cuisses de Poulet","og_description":"Achetez des jambes de poulpe du Maroc (3,5 lb), congel\u00e9es en packs de 4 tentacules. Sous vide pour pr\u00e9server la fra\u00eecheur et parfaites pour cuisiner.","og_url":"https:\/\/alimentsamga.com\/fr\/produit\/cuisses-de-poulpe\/","og_site_name":"AMGA","article_modified_time":"2025-02-26T20:01:58+00:00","og_image":[{"width":841,"height":480,"url":"https:\/\/alimentsamga.com\/wp-content\/uploads\/2021\/03\/8658.jpg","type":"image\/jpeg"}],"twitter_card":"summary_large_image","twitter_misc":{"Dur\u00e9e de lecture estim\u00e9e":"1 minute"},"schema":{"@context":"https:\/\/schema.org","@graph":[{"@type":"WebPage","@id":"https:\/\/alimentsamga.com\/fr\/produit\/cuisses-de-poulpe\/","url":"https:\/\/alimentsamga.com\/fr\/produit\/cuisses-de-poulpe\/","name":"Cuisses de Poulet","isPartOf":{"@id":"https:\/\/alimentsamga.com\/fr\/#website"},"primaryImageOfPage":{"@id":"https:\/\/alimentsamga.com\/fr\/produit\/cuisses-de-poulpe\/#primaryimage"},"image":{"@id":"https:\/\/alimentsamga.com\/fr\/produit\/cuisses-de-poulpe\/#primaryimage"},"thumbnailUrl":"https:\/\/alimentsamga.com\/wp-content\/uploads\/2021\/03\/8658.jpg","datePublished":"2021-03-03T18:48:14+00:00","dateModified":"2025-02-26T20:01:58+00:00","description":"Achetez des jambes de poulpe du Maroc (3,5 lb), congel\u00e9es en packs de 4 tentacules. Sous vide pour pr\u00e9server la fra\u00eecheur et parfaites pour cuisiner.","breadcrumb":{"@id":"https:\/\/alimentsamga.com\/fr\/produit\/cuisses-de-poulpe\/#breadcrumb"},"inLanguage":"fr-FR","potentialAction":[{"@type":"ReadAction","target":["https:\/\/alimentsamga.com\/fr\/produit\/cuisses-de-poulpe\/"]}]},{"@type":"ImageObject","inLanguage":"fr-FR","@id":"https:\/\/alimentsamga.com\/fr\/produit\/cuisses-de-poulpe\/#primaryimage","url":"https:\/\/alimentsamga.com\/wp-content\/uploads\/2021\/03\/8658.jpg","contentUrl":"https:\/\/alimentsamga.com\/wp-content\/uploads\/2021\/03\/8658.jpg","width":841,"height":480,"caption":"OCTOPUS LEGS"},{"@type":"BreadcrumbList","@id":"https:\/\/alimentsamga.com\/fr\/produit\/cuisses-de-poulpe\/#breadcrumb","itemListElement":[{"@type":"ListItem","position":1,"name":"Home","item":"https:\/\/alimentsamga.com\/fr\/"},{"@type":"ListItem","position":2,"name":"Boutique","item":"https:\/\/alimentsamga.com\/fr\/boutique\/"},{"@type":"ListItem","position":3,"name":"Cuisses de Poulpe"}]},{"@type":"WebSite","@id":"https:\/\/alimentsamga.com\/fr\/#website","url":"https:\/\/alimentsamga.com\/fr\/","name":"AMGA","description":"Aliments Amga","publisher":{"@id":"https:\/\/alimentsamga.com\/fr\/#organization"},"potentialAction":[{"@type":"SearchAction","target":{"@type":"EntryPoint","urlTemplate":"https:\/\/alimentsamga.com\/fr\/?s={search_term_string}"},"query-input":{"@type":"PropertyValueSpecification","valueRequired":true,"valueName":"search_term_string"}}],"inLanguage":"fr-FR"},{"@type":"Organization","@id":"https:\/\/alimentsamga.com\/fr\/#organization","name":"AMGA","url":"https:\/\/alimentsamga.com\/fr\/","logo":{"@type":"ImageObject","inLanguage":"fr-FR","@id":"https:\/\/alimentsamga.com\/fr\/#\/schema\/logo\/image\/","url":"https:\/\/alimentsamga.com\/wp-content\/uploads\/2020\/11\/amgachezvous-logo-blue-e1619460460184.png","contentUrl":"https:\/\/alimentsamga.com\/wp-content\/uploads\/2020\/11\/amgachezvous-logo-blue-e1619460460184.png","width":131,"height":80,"caption":"AMGA"},"image":{"@id":"https:\/\/alimentsamga.com\/fr\/#\/schema\/logo\/image\/"},"sameAs":["https:\/\/www.instagram.com\/aliments.amga\/?hl=en"]}]}},"_links":{"self":[{"href":"https:\/\/alimentsamga.com\/fr\/wp-json\/wp\/v2\/product\/1435","targetHints":{"allow":["GET"]}}],"collection":[{"href":"https:\/\/alimentsamga.com\/fr\/wp-json\/wp\/v2\/product"}],"about":[{"href":"https:\/\/alimentsamga.com\/fr\/wp-json\/wp\/v2\/types\/product"}],"replies":[{"embeddable":true,"href":"https:\/\/alimentsamga.com\/fr\/wp-json\/wp\/v2\/comments?post=1435"}],"wp:featuredmedia":[{"embeddable":true,"href":"https:\/\/alimentsamga.com\/fr\/wp-json\/wp\/v2\/media\/10589"}],"wp:attachment":[{"href":"https:\/\/alimentsamga.com\/fr\/wp-json\/wp\/v2\/media?parent=1435"}],"wp:term":[{"taxonomy":"product_brand","embeddable":true,"href":"https:\/\/alimentsamga.com\/fr\/wp-json\/wp\/v2\/product_brand?post=1435"},{"taxonomy":"product_cat","embeddable":true,"href":"https:\/\/alimentsamga.com\/fr\/wp-json\/wp\/v2\/product_cat?post=1435"},{"taxonomy":"product_tag","embeddable":true,"href":"https:\/\/alimentsamga.com\/fr\/wp-json\/wp\/v2\/product_tag?post=1435"}],"curies":[{"name":"wp","href":"https:\/\/api.w.org\/{rel}","templated":true}]}}