{"id":1422,"date":"2021-03-04T11:16:46","date_gmt":"2021-03-04T16:16:46","guid":{"rendered":"https:\/\/alimentsamga.com\/?post_type=product&#038;p=1422"},"modified":"2026-04-27T09:19:08","modified_gmt":"2026-04-27T13:19:08","slug":"roti-de-cotes-de-boeuf","status":"publish","type":"product","link":"https:\/\/alimentsamga.com\/fr\/produit\/roti-de-cotes-de-boeuf\/","title":{"rendered":"R\u00f4ti de C\u00f4tes de Boeuf"},"content":{"rendered":"<p>Notre C\u00f4tes de R\u00f4ti Prime est une coupe luxueuse faite \u00e0 partir de boeuf canadien AAA premium. Affin\u00e9e pendant 35 jours, cette coupe garantit une tendret\u00e9 exceptionnelle et une saveur riche qui fond dans la bouche. Provenant des c\u00f4tes du boeuf, c\u2019est la pi\u00e8ce ma\u00eetresse parfaite pour n\u2019importe quel d\u00eener ou c\u00e9l\u00e9bration.<\/p>\n<p data-start=\"1640\" data-end=\"1991\">Pour rehausser encore plus la saveur, nous offrons une marination gratuite avec notre \u00e9pice N\u00f3stimo Steak. Il suffit d\u2019ajouter votre demande dans la section \u00ab\u00a0notes de commande\u00a0\u00bb et nous la marinerons \u00e0 la perfection. Cette c\u00f4te de r\u00f4ti prime impressionnera vos invit\u00e9s avec sa saveur juteuse et savoureuse, faisant de votre repas un moment inoubliable.<\/p>\n<p>Consultez nos autres <a href=\"https:\/\/alimentsamga.com\/fr\/categorie-produit\/boeuf\/\">produits \u00e0 base de b\u0153uf ici.<\/a><\/p>\n","protected":false},"excerpt":{"rendered":"9-10 kg\r\n\r\nCoupe fra\u00eeche de c\u00f4tes de boeuf pour r\u00f4tir\r\n\r\nBoeuf AAA canadien\r\n\r\n<strong>Marinage gratuit disponible<\/strong> avec <strong><a href=\"https:\/\/alimentsamga.com\/fr\/produit\/nostimo-epices-a-bifteck\/\">notre \u00e9pices de steak maison<\/a><\/strong>. Ajoutez dans les \u00ab notes de commande \u00bb si vous souhaitez recevoir ce produit marin\u00e9 avec notre d\u00e9licieuse \u00e9pices \u00e0 bifteck.","protected":false},"featured_media":10294,"comment_status":"open","ping_status":"closed","template":"","meta":{"content-type":""},"product_brand":[],"product_cat":[465,165],"product_tag":[],"class_list":{"0":"post-1422","1":"product","2":"type-product","3":"status-publish","4":"has-post-thumbnail","6":"product_cat-boeuf","7":"product_cat-viandes","9":"first","10":"instock","11":"shipping-taxable","12":"purchasable","13":"product-type-variable","14":"has-default-attributes"},"bundle_layout":"","bundle_add_to_cart_form_location":"","bundle_editable_in_cart":false,"bundle_sold_individually_context":"","bundle_item_grouping":"","bundle_min_size":"","bundle_max_size":"","bundled_by":[],"bundled_items":[],"yoast_head":"<!-- This site is optimized with the Yoast SEO plugin v27.4 - https:\/\/yoast.com\/product\/yoast-seo-wordpress\/ -->\n<title>R\u00f4ti de C\u00f4tes de Boeuf - AMGA<\/title>\n<meta name=\"description\" content=\"Achetez des C\u00f4tes de R\u00f4ti Prime, Boeuf canadien, affin\u00e9 35 jours pour une tendret\u00e9 et une saveur exceptionnelles. Marination gratuite avec notre \u00e9pice maison disponible.\" \/>\n<meta name=\"robots\" content=\"index, follow, max-snippet:-1, max-image-preview:large, max-video-preview:-1\" \/>\n<link rel=\"canonical\" href=\"https:\/\/alimentsamga.com\/fr\/produit\/roti-de-cotes-de-boeuf\/\" \/>\n<meta property=\"og:locale\" content=\"fr_FR\" \/>\n<meta property=\"og:type\" content=\"article\" \/>\n<meta property=\"og:title\" content=\"R\u00f4ti de C\u00f4tes de Boeuf - AMGA\" \/>\n<meta property=\"og:description\" content=\"Achetez des C\u00f4tes de R\u00f4ti Prime, Boeuf canadien, affin\u00e9 35 jours pour une tendret\u00e9 et une saveur exceptionnelles. Marination gratuite avec notre \u00e9pice maison disponible.\" \/>\n<meta property=\"og:url\" content=\"https:\/\/alimentsamga.com\/fr\/produit\/roti-de-cotes-de-boeuf\/\" \/>\n<meta property=\"og:site_name\" content=\"AMGA\" \/>\n<meta property=\"article:modified_time\" content=\"2026-04-27T13:19:08+00:00\" \/>\n<meta property=\"og:image\" content=\"https:\/\/alimentsamga.com\/wp-content\/uploads\/2021\/03\/2214.jpg\" \/>\n\t<meta property=\"og:image:width\" content=\"721\" \/>\n\t<meta property=\"og:image:height\" content=\"480\" \/>\n\t<meta property=\"og:image:type\" content=\"image\/jpeg\" \/>\n<meta name=\"twitter:card\" content=\"summary_large_image\" \/>\n<meta name=\"twitter:label1\" content=\"Dur\u00e9e de lecture estim\u00e9e\" \/>\n\t<meta name=\"twitter:data1\" content=\"1 minute\" \/>\n<script type=\"application\/ld+json\" class=\"yoast-schema-graph\">{\"@context\":\"https:\\\/\\\/schema.org\",\"@graph\":[{\"@type\":\"WebPage\",\"@id\":\"https:\\\/\\\/alimentsamga.com\\\/fr\\\/produit\\\/roti-de-cotes-de-boeuf\\\/\",\"url\":\"https:\\\/\\\/alimentsamga.com\\\/fr\\\/produit\\\/roti-de-cotes-de-boeuf\\\/\",\"name\":\"R\u00f4ti de C\u00f4tes de Boeuf - AMGA\",\"isPartOf\":{\"@id\":\"https:\\\/\\\/alimentsamga.com\\\/fr\\\/#website\"},\"primaryImageOfPage\":{\"@id\":\"https:\\\/\\\/alimentsamga.com\\\/fr\\\/produit\\\/roti-de-cotes-de-boeuf\\\/#primaryimage\"},\"image\":{\"@id\":\"https:\\\/\\\/alimentsamga.com\\\/fr\\\/produit\\\/roti-de-cotes-de-boeuf\\\/#primaryimage\"},\"thumbnailUrl\":\"https:\\\/\\\/alimentsamga.com\\\/wp-content\\\/uploads\\\/2021\\\/03\\\/2214.jpg\",\"datePublished\":\"2021-03-04T16:16:46+00:00\",\"dateModified\":\"2026-04-27T13:19:08+00:00\",\"description\":\"Achetez des C\u00f4tes de R\u00f4ti Prime, Boeuf canadien, affin\u00e9 35 jours pour une tendret\u00e9 et une saveur exceptionnelles. Marination gratuite avec notre \u00e9pice maison disponible.\",\"breadcrumb\":{\"@id\":\"https:\\\/\\\/alimentsamga.com\\\/fr\\\/produit\\\/roti-de-cotes-de-boeuf\\\/#breadcrumb\"},\"inLanguage\":\"fr-FR\",\"potentialAction\":[{\"@type\":\"ReadAction\",\"target\":[\"https:\\\/\\\/alimentsamga.com\\\/fr\\\/produit\\\/roti-de-cotes-de-boeuf\\\/\"]}]},{\"@type\":\"ImageObject\",\"inLanguage\":\"fr-FR\",\"@id\":\"https:\\\/\\\/alimentsamga.com\\\/fr\\\/produit\\\/roti-de-cotes-de-boeuf\\\/#primaryimage\",\"url\":\"https:\\\/\\\/alimentsamga.com\\\/wp-content\\\/uploads\\\/2021\\\/03\\\/2214.jpg\",\"contentUrl\":\"https:\\\/\\\/alimentsamga.com\\\/wp-content\\\/uploads\\\/2021\\\/03\\\/2214.jpg\",\"width\":721,\"height\":480,\"caption\":\"Prime Roast Rib\"},{\"@type\":\"BreadcrumbList\",\"@id\":\"https:\\\/\\\/alimentsamga.com\\\/fr\\\/produit\\\/roti-de-cotes-de-boeuf\\\/#breadcrumb\",\"itemListElement\":[{\"@type\":\"ListItem\",\"position\":1,\"name\":\"Home\",\"item\":\"https:\\\/\\\/alimentsamga.com\\\/fr\\\/\"},{\"@type\":\"ListItem\",\"position\":2,\"name\":\"Boutique\",\"item\":\"https:\\\/\\\/alimentsamga.com\\\/fr\\\/boutique\\\/\"},{\"@type\":\"ListItem\",\"position\":3,\"name\":\"R\u00f4ti de C\u00f4tes de Boeuf\"}]},{\"@type\":\"WebSite\",\"@id\":\"https:\\\/\\\/alimentsamga.com\\\/fr\\\/#website\",\"url\":\"https:\\\/\\\/alimentsamga.com\\\/fr\\\/\",\"name\":\"AMGA\",\"description\":\"Aliments Amga\",\"publisher\":{\"@id\":\"https:\\\/\\\/alimentsamga.com\\\/fr\\\/#organization\"},\"potentialAction\":[{\"@type\":\"SearchAction\",\"target\":{\"@type\":\"EntryPoint\",\"urlTemplate\":\"https:\\\/\\\/alimentsamga.com\\\/fr\\\/?s={search_term_string}\"},\"query-input\":{\"@type\":\"PropertyValueSpecification\",\"valueRequired\":true,\"valueName\":\"search_term_string\"}}],\"inLanguage\":\"fr-FR\"},{\"@type\":\"Organization\",\"@id\":\"https:\\\/\\\/alimentsamga.com\\\/fr\\\/#organization\",\"name\":\"AMGA\",\"url\":\"https:\\\/\\\/alimentsamga.com\\\/fr\\\/\",\"logo\":{\"@type\":\"ImageObject\",\"inLanguage\":\"fr-FR\",\"@id\":\"https:\\\/\\\/alimentsamga.com\\\/fr\\\/#\\\/schema\\\/logo\\\/image\\\/\",\"url\":\"https:\\\/\\\/alimentsamga.com\\\/wp-content\\\/uploads\\\/2020\\\/11\\\/amgachezvous-logo-blue-e1619460460184.png\",\"contentUrl\":\"https:\\\/\\\/alimentsamga.com\\\/wp-content\\\/uploads\\\/2020\\\/11\\\/amgachezvous-logo-blue-e1619460460184.png\",\"width\":131,\"height\":80,\"caption\":\"AMGA\"},\"image\":{\"@id\":\"https:\\\/\\\/alimentsamga.com\\\/fr\\\/#\\\/schema\\\/logo\\\/image\\\/\"},\"sameAs\":[\"https:\\\/\\\/www.instagram.com\\\/aliments.amga\\\/?hl=en\"]}]}<\/script>\n<!-- \/ Yoast SEO plugin. -->","yoast_head_json":{"title":"R\u00f4ti de C\u00f4tes de Boeuf - AMGA","description":"Achetez des C\u00f4tes de R\u00f4ti Prime, Boeuf canadien, affin\u00e9 35 jours pour une tendret\u00e9 et une saveur exceptionnelles. Marination gratuite avec notre \u00e9pice maison disponible.","robots":{"index":"index","follow":"follow","max-snippet":"max-snippet:-1","max-image-preview":"max-image-preview:large","max-video-preview":"max-video-preview:-1"},"canonical":"https:\/\/alimentsamga.com\/fr\/produit\/roti-de-cotes-de-boeuf\/","og_locale":"fr_FR","og_type":"article","og_title":"R\u00f4ti de C\u00f4tes de Boeuf - AMGA","og_description":"Achetez des C\u00f4tes de R\u00f4ti Prime, Boeuf canadien, affin\u00e9 35 jours pour une tendret\u00e9 et une saveur exceptionnelles. Marination gratuite avec notre \u00e9pice maison disponible.","og_url":"https:\/\/alimentsamga.com\/fr\/produit\/roti-de-cotes-de-boeuf\/","og_site_name":"AMGA","article_modified_time":"2026-04-27T13:19:08+00:00","og_image":[{"width":721,"height":480,"url":"https:\/\/alimentsamga.com\/wp-content\/uploads\/2021\/03\/2214.jpg","type":"image\/jpeg"}],"twitter_card":"summary_large_image","twitter_misc":{"Dur\u00e9e de lecture estim\u00e9e":"1 minute"},"schema":{"@context":"https:\/\/schema.org","@graph":[{"@type":"WebPage","@id":"https:\/\/alimentsamga.com\/fr\/produit\/roti-de-cotes-de-boeuf\/","url":"https:\/\/alimentsamga.com\/fr\/produit\/roti-de-cotes-de-boeuf\/","name":"R\u00f4ti de C\u00f4tes de Boeuf - AMGA","isPartOf":{"@id":"https:\/\/alimentsamga.com\/fr\/#website"},"primaryImageOfPage":{"@id":"https:\/\/alimentsamga.com\/fr\/produit\/roti-de-cotes-de-boeuf\/#primaryimage"},"image":{"@id":"https:\/\/alimentsamga.com\/fr\/produit\/roti-de-cotes-de-boeuf\/#primaryimage"},"thumbnailUrl":"https:\/\/alimentsamga.com\/wp-content\/uploads\/2021\/03\/2214.jpg","datePublished":"2021-03-04T16:16:46+00:00","dateModified":"2026-04-27T13:19:08+00:00","description":"Achetez des C\u00f4tes de R\u00f4ti Prime, Boeuf canadien, affin\u00e9 35 jours pour une tendret\u00e9 et une saveur exceptionnelles. Marination gratuite avec notre \u00e9pice maison disponible.","breadcrumb":{"@id":"https:\/\/alimentsamga.com\/fr\/produit\/roti-de-cotes-de-boeuf\/#breadcrumb"},"inLanguage":"fr-FR","potentialAction":[{"@type":"ReadAction","target":["https:\/\/alimentsamga.com\/fr\/produit\/roti-de-cotes-de-boeuf\/"]}]},{"@type":"ImageObject","inLanguage":"fr-FR","@id":"https:\/\/alimentsamga.com\/fr\/produit\/roti-de-cotes-de-boeuf\/#primaryimage","url":"https:\/\/alimentsamga.com\/wp-content\/uploads\/2021\/03\/2214.jpg","contentUrl":"https:\/\/alimentsamga.com\/wp-content\/uploads\/2021\/03\/2214.jpg","width":721,"height":480,"caption":"Prime Roast Rib"},{"@type":"BreadcrumbList","@id":"https:\/\/alimentsamga.com\/fr\/produit\/roti-de-cotes-de-boeuf\/#breadcrumb","itemListElement":[{"@type":"ListItem","position":1,"name":"Home","item":"https:\/\/alimentsamga.com\/fr\/"},{"@type":"ListItem","position":2,"name":"Boutique","item":"https:\/\/alimentsamga.com\/fr\/boutique\/"},{"@type":"ListItem","position":3,"name":"R\u00f4ti de C\u00f4tes de Boeuf"}]},{"@type":"WebSite","@id":"https:\/\/alimentsamga.com\/fr\/#website","url":"https:\/\/alimentsamga.com\/fr\/","name":"AMGA","description":"Aliments Amga","publisher":{"@id":"https:\/\/alimentsamga.com\/fr\/#organization"},"potentialAction":[{"@type":"SearchAction","target":{"@type":"EntryPoint","urlTemplate":"https:\/\/alimentsamga.com\/fr\/?s={search_term_string}"},"query-input":{"@type":"PropertyValueSpecification","valueRequired":true,"valueName":"search_term_string"}}],"inLanguage":"fr-FR"},{"@type":"Organization","@id":"https:\/\/alimentsamga.com\/fr\/#organization","name":"AMGA","url":"https:\/\/alimentsamga.com\/fr\/","logo":{"@type":"ImageObject","inLanguage":"fr-FR","@id":"https:\/\/alimentsamga.com\/fr\/#\/schema\/logo\/image\/","url":"https:\/\/alimentsamga.com\/wp-content\/uploads\/2020\/11\/amgachezvous-logo-blue-e1619460460184.png","contentUrl":"https:\/\/alimentsamga.com\/wp-content\/uploads\/2020\/11\/amgachezvous-logo-blue-e1619460460184.png","width":131,"height":80,"caption":"AMGA"},"image":{"@id":"https:\/\/alimentsamga.com\/fr\/#\/schema\/logo\/image\/"},"sameAs":["https:\/\/www.instagram.com\/aliments.amga\/?hl=en"]}]}},"_links":{"self":[{"href":"https:\/\/alimentsamga.com\/fr\/wp-json\/wp\/v2\/product\/1422","targetHints":{"allow":["GET"]}}],"collection":[{"href":"https:\/\/alimentsamga.com\/fr\/wp-json\/wp\/v2\/product"}],"about":[{"href":"https:\/\/alimentsamga.com\/fr\/wp-json\/wp\/v2\/types\/product"}],"replies":[{"embeddable":true,"href":"https:\/\/alimentsamga.com\/fr\/wp-json\/wp\/v2\/comments?post=1422"}],"wp:featuredmedia":[{"embeddable":true,"href":"https:\/\/alimentsamga.com\/fr\/wp-json\/wp\/v2\/media\/10294"}],"wp:attachment":[{"href":"https:\/\/alimentsamga.com\/fr\/wp-json\/wp\/v2\/media?parent=1422"}],"wp:term":[{"taxonomy":"product_brand","embeddable":true,"href":"https:\/\/alimentsamga.com\/fr\/wp-json\/wp\/v2\/product_brand?post=1422"},{"taxonomy":"product_cat","embeddable":true,"href":"https:\/\/alimentsamga.com\/fr\/wp-json\/wp\/v2\/product_cat?post=1422"},{"taxonomy":"product_tag","embeddable":true,"href":"https:\/\/alimentsamga.com\/fr\/wp-json\/wp\/v2\/product_tag?post=1422"}],"curies":[{"name":"wp","href":"https:\/\/api.w.org\/{rel}","templated":true}]}}