{"id":1391,"date":"2021-03-03T13:24:03","date_gmt":"2021-03-03T19:20:44","guid":{"rendered":"https:\/\/alimentsamga.com\/?post_type=product&#038;p=1391"},"modified":"2025-03-11T11:40:26","modified_gmt":"2025-03-11T15:40:26","slug":"saumon-frais-qualite-sushi","status":"publish","type":"product","link":"https:\/\/alimentsamga.com\/fr\/produit\/saumon-frais-qualite-sushi\/","title":{"rendered":"Filet de Saumon (Qualit\u00e9 Sushi)"},"content":{"rendered":"<p data-start=\"1228\" data-end=\"1663\">Vous cherchez du saumon de qualit\u00e9 sashimi? Notre saumon congel\u00e9 de qualit\u00e9 sashimi provient des eaux pures de l&rsquo;Atlantique canadien, garantissant une qualit\u00e9 et une fra\u00eecheur exceptionnelles. Chaque filet p\u00e8se entre 2,5 et 3 lbs (1.36 kilograms), id\u00e9al pour sushi, sashimi, poke bowls ou grillades. Surgel\u00e9 \u00e0 la perfection pour pr\u00e9server sa saveur et sa texture naturelles, chaque bouch\u00e9e vous offre une exp\u00e9rience fondante.<\/p>\n<p data-start=\"1665\" data-end=\"2029\">Que vous soyez un passionn\u00e9 de sushi ou un d\u00e9butant, notre saumon de qualit\u00e9 sashimi facilite la pr\u00e9paration de plats dignes d&rsquo;un restaurant \u00e0 la maison. Avec sa texture lisse et beurr\u00e9e, il est parfait pour le sushi, mais aussi polyvalent pour une vari\u00e9t\u00e9 d&rsquo;autres repas. Achetez du saumon de qualit\u00e9 sashimi d\u00e8s aujourd&rsquo;hui et rehaussez vos cr\u00e9ations culinaires.<\/p>\n<p>Consultez nos <a href=\"https:\/\/alimentsamga.com\/fr\/product-category\/fruits-de-mer\/\">autres produits de la mer ici.<\/a><\/p>\n","protected":false},"excerpt":{"rendered":"Filet de saumon de l&rsquo;Atlantique canadien\r\n\r\n1 morceau environ 2.5 &#8211; 3 lbs","protected":false},"featured_media":10585,"comment_status":"open","ping_status":"closed","template":"","meta":{"content-type":""},"product_brand":[],"product_cat":[97],"product_tag":[],"class_list":{"0":"post-1391","1":"product","2":"type-product","3":"status-publish","4":"has-post-thumbnail","6":"product_cat-fruits-de-mer","8":"first","9":"instock","10":"shipping-taxable","11":"purchasable","12":"product-type-simple"},"bundle_layout":"","bundle_add_to_cart_form_location":"","bundle_editable_in_cart":false,"bundle_sold_individually_context":"","bundle_item_grouping":"","bundle_min_size":"","bundle_max_size":"","bundled_by":[],"bundled_items":[],"yoast_head":"<!-- This site is optimized with the Yoast SEO plugin v27.5 - https:\/\/yoast.com\/product\/yoast-seo-wordpress\/ -->\n<title>Saumon de Qualit\u00e9 Sashimi \u00e0 Vendre - AMGA<\/title>\n<meta name=\"description\" content=\"Achetez du saumon de qualit\u00e9 sashimi \u00e0 vendre! Saumon frais et de qualit\u00e9 provenant de l&#039;Atlantique canadien, id\u00e9al pour sushi, sashimi et grillades.\" \/>\n<meta name=\"robots\" content=\"index, follow, max-snippet:-1, max-image-preview:large, max-video-preview:-1\" \/>\n<link rel=\"canonical\" href=\"https:\/\/alimentsamga.com\/fr\/produit\/saumon-frais-qualite-sushi\/\" \/>\n<meta property=\"og:locale\" content=\"fr_FR\" \/>\n<meta property=\"og:type\" content=\"article\" \/>\n<meta property=\"og:title\" content=\"Saumon de Qualit\u00e9 Sashimi \u00e0 Vendre - AMGA\" \/>\n<meta property=\"og:description\" content=\"Achetez du saumon de qualit\u00e9 sashimi \u00e0 vendre! Saumon frais et de qualit\u00e9 provenant de l&#039;Atlantique canadien, id\u00e9al pour sushi, sashimi et grillades.\" \/>\n<meta property=\"og:url\" content=\"https:\/\/alimentsamga.com\/fr\/produit\/saumon-frais-qualite-sushi\/\" \/>\n<meta property=\"og:site_name\" content=\"AMGA\" \/>\n<meta property=\"article:modified_time\" content=\"2025-03-11T15:40:26+00:00\" \/>\n<meta property=\"og:image\" content=\"https:\/\/alimentsamga.com\/wp-content\/uploads\/2021\/03\/8582.jpg\" \/>\n\t<meta property=\"og:image:width\" content=\"720\" \/>\n\t<meta property=\"og:image:height\" content=\"480\" \/>\n\t<meta property=\"og:image:type\" content=\"image\/jpeg\" \/>\n<meta name=\"twitter:card\" content=\"summary_large_image\" \/>\n<meta name=\"twitter:label1\" content=\"Dur\u00e9e de lecture estim\u00e9e\" \/>\n\t<meta name=\"twitter:data1\" content=\"1 minute\" \/>\n<script type=\"application\/ld+json\" class=\"yoast-schema-graph\">{\"@context\":\"https:\\\/\\\/schema.org\",\"@graph\":[{\"@type\":\"WebPage\",\"@id\":\"https:\\\/\\\/alimentsamga.com\\\/fr\\\/produit\\\/saumon-frais-qualite-sushi\\\/\",\"url\":\"https:\\\/\\\/alimentsamga.com\\\/fr\\\/produit\\\/saumon-frais-qualite-sushi\\\/\",\"name\":\"Saumon de Qualit\u00e9 Sashimi \u00e0 Vendre - AMGA\",\"isPartOf\":{\"@id\":\"https:\\\/\\\/alimentsamga.com\\\/fr\\\/#website\"},\"primaryImageOfPage\":{\"@id\":\"https:\\\/\\\/alimentsamga.com\\\/fr\\\/produit\\\/saumon-frais-qualite-sushi\\\/#primaryimage\"},\"image\":{\"@id\":\"https:\\\/\\\/alimentsamga.com\\\/fr\\\/produit\\\/saumon-frais-qualite-sushi\\\/#primaryimage\"},\"thumbnailUrl\":\"https:\\\/\\\/alimentsamga.com\\\/wp-content\\\/uploads\\\/2021\\\/03\\\/8582.jpg\",\"datePublished\":\"2021-03-03T19:20:44+00:00\",\"dateModified\":\"2025-03-11T15:40:26+00:00\",\"description\":\"Achetez du saumon de qualit\u00e9 sashimi \u00e0 vendre! Saumon frais et de qualit\u00e9 provenant de l'Atlantique canadien, id\u00e9al pour sushi, sashimi et grillades.\",\"breadcrumb\":{\"@id\":\"https:\\\/\\\/alimentsamga.com\\\/fr\\\/produit\\\/saumon-frais-qualite-sushi\\\/#breadcrumb\"},\"inLanguage\":\"fr-FR\",\"potentialAction\":[{\"@type\":\"ReadAction\",\"target\":[\"https:\\\/\\\/alimentsamga.com\\\/fr\\\/produit\\\/saumon-frais-qualite-sushi\\\/\"]}]},{\"@type\":\"ImageObject\",\"inLanguage\":\"fr-FR\",\"@id\":\"https:\\\/\\\/alimentsamga.com\\\/fr\\\/produit\\\/saumon-frais-qualite-sushi\\\/#primaryimage\",\"url\":\"https:\\\/\\\/alimentsamga.com\\\/wp-content\\\/uploads\\\/2021\\\/03\\\/8582.jpg\",\"contentUrl\":\"https:\\\/\\\/alimentsamga.com\\\/wp-content\\\/uploads\\\/2021\\\/03\\\/8582.jpg\",\"width\":720,\"height\":480,\"caption\":\"Salmon Filet\"},{\"@type\":\"BreadcrumbList\",\"@id\":\"https:\\\/\\\/alimentsamga.com\\\/fr\\\/produit\\\/saumon-frais-qualite-sushi\\\/#breadcrumb\",\"itemListElement\":[{\"@type\":\"ListItem\",\"position\":1,\"name\":\"Home\",\"item\":\"https:\\\/\\\/alimentsamga.com\\\/fr\\\/\"},{\"@type\":\"ListItem\",\"position\":2,\"name\":\"Boutique\",\"item\":\"https:\\\/\\\/alimentsamga.com\\\/fr\\\/boutique\\\/\"},{\"@type\":\"ListItem\",\"position\":3,\"name\":\"Filet de Saumon (Qualit\u00e9 Sushi)\"}]},{\"@type\":\"WebSite\",\"@id\":\"https:\\\/\\\/alimentsamga.com\\\/fr\\\/#website\",\"url\":\"https:\\\/\\\/alimentsamga.com\\\/fr\\\/\",\"name\":\"AMGA\",\"description\":\"Aliments Amga\",\"publisher\":{\"@id\":\"https:\\\/\\\/alimentsamga.com\\\/fr\\\/#organization\"},\"potentialAction\":[{\"@type\":\"SearchAction\",\"target\":{\"@type\":\"EntryPoint\",\"urlTemplate\":\"https:\\\/\\\/alimentsamga.com\\\/fr\\\/?s={search_term_string}\"},\"query-input\":{\"@type\":\"PropertyValueSpecification\",\"valueRequired\":true,\"valueName\":\"search_term_string\"}}],\"inLanguage\":\"fr-FR\"},{\"@type\":\"Organization\",\"@id\":\"https:\\\/\\\/alimentsamga.com\\\/fr\\\/#organization\",\"name\":\"AMGA\",\"url\":\"https:\\\/\\\/alimentsamga.com\\\/fr\\\/\",\"logo\":{\"@type\":\"ImageObject\",\"inLanguage\":\"fr-FR\",\"@id\":\"https:\\\/\\\/alimentsamga.com\\\/fr\\\/#\\\/schema\\\/logo\\\/image\\\/\",\"url\":\"https:\\\/\\\/alimentsamga.com\\\/wp-content\\\/uploads\\\/2020\\\/11\\\/amgachezvous-logo-blue-e1619460460184.png\",\"contentUrl\":\"https:\\\/\\\/alimentsamga.com\\\/wp-content\\\/uploads\\\/2020\\\/11\\\/amgachezvous-logo-blue-e1619460460184.png\",\"width\":131,\"height\":80,\"caption\":\"AMGA\"},\"image\":{\"@id\":\"https:\\\/\\\/alimentsamga.com\\\/fr\\\/#\\\/schema\\\/logo\\\/image\\\/\"},\"sameAs\":[\"https:\\\/\\\/www.instagram.com\\\/aliments.amga\\\/?hl=en\"]}]}<\/script>\n<!-- \/ Yoast SEO plugin. -->","yoast_head_json":{"title":"Saumon de Qualit\u00e9 Sashimi \u00e0 Vendre - AMGA","description":"Achetez du saumon de qualit\u00e9 sashimi \u00e0 vendre! Saumon frais et de qualit\u00e9 provenant de l'Atlantique canadien, id\u00e9al pour sushi, sashimi et grillades.","robots":{"index":"index","follow":"follow","max-snippet":"max-snippet:-1","max-image-preview":"max-image-preview:large","max-video-preview":"max-video-preview:-1"},"canonical":"https:\/\/alimentsamga.com\/fr\/produit\/saumon-frais-qualite-sushi\/","og_locale":"fr_FR","og_type":"article","og_title":"Saumon de Qualit\u00e9 Sashimi \u00e0 Vendre - AMGA","og_description":"Achetez du saumon de qualit\u00e9 sashimi \u00e0 vendre! Saumon frais et de qualit\u00e9 provenant de l'Atlantique canadien, id\u00e9al pour sushi, sashimi et grillades.","og_url":"https:\/\/alimentsamga.com\/fr\/produit\/saumon-frais-qualite-sushi\/","og_site_name":"AMGA","article_modified_time":"2025-03-11T15:40:26+00:00","og_image":[{"width":720,"height":480,"url":"https:\/\/alimentsamga.com\/wp-content\/uploads\/2021\/03\/8582.jpg","type":"image\/jpeg"}],"twitter_card":"summary_large_image","twitter_misc":{"Dur\u00e9e de lecture estim\u00e9e":"1 minute"},"schema":{"@context":"https:\/\/schema.org","@graph":[{"@type":"WebPage","@id":"https:\/\/alimentsamga.com\/fr\/produit\/saumon-frais-qualite-sushi\/","url":"https:\/\/alimentsamga.com\/fr\/produit\/saumon-frais-qualite-sushi\/","name":"Saumon de Qualit\u00e9 Sashimi \u00e0 Vendre - AMGA","isPartOf":{"@id":"https:\/\/alimentsamga.com\/fr\/#website"},"primaryImageOfPage":{"@id":"https:\/\/alimentsamga.com\/fr\/produit\/saumon-frais-qualite-sushi\/#primaryimage"},"image":{"@id":"https:\/\/alimentsamga.com\/fr\/produit\/saumon-frais-qualite-sushi\/#primaryimage"},"thumbnailUrl":"https:\/\/alimentsamga.com\/wp-content\/uploads\/2021\/03\/8582.jpg","datePublished":"2021-03-03T19:20:44+00:00","dateModified":"2025-03-11T15:40:26+00:00","description":"Achetez du saumon de qualit\u00e9 sashimi \u00e0 vendre! Saumon frais et de qualit\u00e9 provenant de l'Atlantique canadien, id\u00e9al pour sushi, sashimi et grillades.","breadcrumb":{"@id":"https:\/\/alimentsamga.com\/fr\/produit\/saumon-frais-qualite-sushi\/#breadcrumb"},"inLanguage":"fr-FR","potentialAction":[{"@type":"ReadAction","target":["https:\/\/alimentsamga.com\/fr\/produit\/saumon-frais-qualite-sushi\/"]}]},{"@type":"ImageObject","inLanguage":"fr-FR","@id":"https:\/\/alimentsamga.com\/fr\/produit\/saumon-frais-qualite-sushi\/#primaryimage","url":"https:\/\/alimentsamga.com\/wp-content\/uploads\/2021\/03\/8582.jpg","contentUrl":"https:\/\/alimentsamga.com\/wp-content\/uploads\/2021\/03\/8582.jpg","width":720,"height":480,"caption":"Salmon Filet"},{"@type":"BreadcrumbList","@id":"https:\/\/alimentsamga.com\/fr\/produit\/saumon-frais-qualite-sushi\/#breadcrumb","itemListElement":[{"@type":"ListItem","position":1,"name":"Home","item":"https:\/\/alimentsamga.com\/fr\/"},{"@type":"ListItem","position":2,"name":"Boutique","item":"https:\/\/alimentsamga.com\/fr\/boutique\/"},{"@type":"ListItem","position":3,"name":"Filet de Saumon (Qualit\u00e9 Sushi)"}]},{"@type":"WebSite","@id":"https:\/\/alimentsamga.com\/fr\/#website","url":"https:\/\/alimentsamga.com\/fr\/","name":"AMGA","description":"Aliments Amga","publisher":{"@id":"https:\/\/alimentsamga.com\/fr\/#organization"},"potentialAction":[{"@type":"SearchAction","target":{"@type":"EntryPoint","urlTemplate":"https:\/\/alimentsamga.com\/fr\/?s={search_term_string}"},"query-input":{"@type":"PropertyValueSpecification","valueRequired":true,"valueName":"search_term_string"}}],"inLanguage":"fr-FR"},{"@type":"Organization","@id":"https:\/\/alimentsamga.com\/fr\/#organization","name":"AMGA","url":"https:\/\/alimentsamga.com\/fr\/","logo":{"@type":"ImageObject","inLanguage":"fr-FR","@id":"https:\/\/alimentsamga.com\/fr\/#\/schema\/logo\/image\/","url":"https:\/\/alimentsamga.com\/wp-content\/uploads\/2020\/11\/amgachezvous-logo-blue-e1619460460184.png","contentUrl":"https:\/\/alimentsamga.com\/wp-content\/uploads\/2020\/11\/amgachezvous-logo-blue-e1619460460184.png","width":131,"height":80,"caption":"AMGA"},"image":{"@id":"https:\/\/alimentsamga.com\/fr\/#\/schema\/logo\/image\/"},"sameAs":["https:\/\/www.instagram.com\/aliments.amga\/?hl=en"]}]}},"_links":{"self":[{"href":"https:\/\/alimentsamga.com\/fr\/wp-json\/wp\/v2\/product\/1391","targetHints":{"allow":["GET"]}}],"collection":[{"href":"https:\/\/alimentsamga.com\/fr\/wp-json\/wp\/v2\/product"}],"about":[{"href":"https:\/\/alimentsamga.com\/fr\/wp-json\/wp\/v2\/types\/product"}],"replies":[{"embeddable":true,"href":"https:\/\/alimentsamga.com\/fr\/wp-json\/wp\/v2\/comments?post=1391"}],"wp:featuredmedia":[{"embeddable":true,"href":"https:\/\/alimentsamga.com\/fr\/wp-json\/wp\/v2\/media\/10585"}],"wp:attachment":[{"href":"https:\/\/alimentsamga.com\/fr\/wp-json\/wp\/v2\/media?parent=1391"}],"wp:term":[{"taxonomy":"product_brand","embeddable":true,"href":"https:\/\/alimentsamga.com\/fr\/wp-json\/wp\/v2\/product_brand?post=1391"},{"taxonomy":"product_cat","embeddable":true,"href":"https:\/\/alimentsamga.com\/fr\/wp-json\/wp\/v2\/product_cat?post=1391"},{"taxonomy":"product_tag","embeddable":true,"href":"https:\/\/alimentsamga.com\/fr\/wp-json\/wp\/v2\/product_tag?post=1391"}],"curies":[{"name":"wp","href":"https:\/\/api.w.org\/{rel}","templated":true}]}}