{"id":1314,"date":"2021-03-02T14:22:44","date_gmt":"2021-03-02T19:22:44","guid":{"rendered":"https:\/\/alimentsamga.com\/?post_type=product&#038;p=1314"},"modified":"2025-03-10T12:58:25","modified_gmt":"2025-03-10T16:58:25","slug":"veal-scallopini","status":"publish","type":"product","link":"https:\/\/alimentsamga.com\/fr\/produit\/veal-scallopini\/","title":{"rendered":"Escalope de Veau"},"content":{"rendered":"<p data-start=\"1093\" data-end=\"1397\">Vous cherchez une option de repas rapide et d\u00e9licieuse? Notre escalope de veau \u00e0 vendre est faite de veau tendre nourri aux grains canadien, chaque morceau pesant 4 oz (113.4 grams) (115 grammes). Congel\u00e9 et scell\u00e9 sous vide pour pr\u00e9server sa fra\u00eecheur, il est id\u00e9al pour une cuisson rapide.<\/p>\n<p data-start=\"1399\" data-end=\"1802\">Que vous le fassiez sauter \u00e0 la po\u00eale, griller ou l\u2019utilisiez dans un plat classique de veau, notre escalope de veau offre une tendret\u00e9 et une saveur exceptionnelles. Sa taille polyvalente en fait un choix parfait pour divers repas, allant des d\u00eeners rapides en semaine aux plats \u00e9l\u00e9gants. Achetez notre escalope de veau d\u00e8s aujourd&rsquo;hui et savourez du veau canadien de haute qualit\u00e9 dans chaque bouch\u00e9e.<\/p>\n<p>Consultez nos a<a href=\"https:\/\/alimentsamga.com\/fr\/product-category\/veau\/\">utres Produits de Veau ici.<\/a><\/p>\n","protected":false},"excerpt":{"rendered":"Paquet de 1 morceau (4 oz = 115 grams)\r\nProduit canadien nourri aux grains\r\n\r\nCongel\u00e9 et scell\u00e9 sous vide","protected":false},"featured_media":1319,"comment_status":"open","ping_status":"closed","template":"","meta":{"content-type":""},"product_brand":[],"product_cat":[95,165],"product_tag":[],"class_list":{"0":"post-1314","1":"product","2":"type-product","3":"status-publish","4":"has-post-thumbnail","6":"product_cat-veau","7":"product_cat-viandes","9":"first","10":"instock","11":"shipping-taxable","12":"purchasable","13":"product-type-simple"},"bundle_layout":"","bundle_add_to_cart_form_location":"","bundle_editable_in_cart":false,"bundle_sold_individually_context":"","bundle_item_grouping":"","bundle_min_size":"","bundle_max_size":"","bundled_by":[],"bundled_items":[],"yoast_head":"<!-- This site is optimized with the Yoast SEO plugin v27.5 - https:\/\/yoast.com\/product\/yoast-seo-wordpress\/ -->\n<title>Escalope de Veau \u00e0 Vendre | AMGA<\/title>\n<meta name=\"description\" content=\"Achetez notre escalope de veau \u00e0 vendre! Veau tendre nourri aux grains canadien, congel\u00e9 et scell\u00e9 sous vide pour pr\u00e9server sa fra\u00eecheur, parfait pour repas rapides.\" \/>\n<meta name=\"robots\" content=\"index, follow, max-snippet:-1, max-image-preview:large, max-video-preview:-1\" \/>\n<link rel=\"canonical\" href=\"https:\/\/alimentsamga.com\/fr\/produit\/veal-scallopini\/\" \/>\n<meta property=\"og:locale\" content=\"fr_FR\" \/>\n<meta property=\"og:type\" content=\"article\" \/>\n<meta property=\"og:title\" content=\"Escalope de Veau \u00e0 Vendre | AMGA\" \/>\n<meta property=\"og:description\" content=\"Achetez notre escalope de veau \u00e0 vendre! Veau tendre nourri aux grains canadien, congel\u00e9 et scell\u00e9 sous vide pour pr\u00e9server sa fra\u00eecheur, parfait pour repas rapides.\" \/>\n<meta property=\"og:url\" content=\"https:\/\/alimentsamga.com\/fr\/produit\/veal-scallopini\/\" \/>\n<meta property=\"og:site_name\" content=\"AMGA\" \/>\n<meta property=\"article:modified_time\" content=\"2025-03-10T16:58:25+00:00\" \/>\n<meta property=\"og:image\" content=\"https:\/\/alimentsamga.com\/wp-content\/uploads\/2021\/02\/Veal-Scallopini-1.jpg\" \/>\n\t<meta property=\"og:image:width\" content=\"450\" \/>\n\t<meta property=\"og:image:height\" content=\"300\" \/>\n\t<meta property=\"og:image:type\" content=\"image\/jpeg\" \/>\n<meta name=\"twitter:card\" content=\"summary_large_image\" \/>\n<meta name=\"twitter:label1\" content=\"Dur\u00e9e de lecture estim\u00e9e\" \/>\n\t<meta name=\"twitter:data1\" content=\"1 minute\" \/>\n<script type=\"application\/ld+json\" class=\"yoast-schema-graph\">{\"@context\":\"https:\\\/\\\/schema.org\",\"@graph\":[{\"@type\":\"WebPage\",\"@id\":\"https:\\\/\\\/alimentsamga.com\\\/fr\\\/produit\\\/veal-scallopini\\\/\",\"url\":\"https:\\\/\\\/alimentsamga.com\\\/fr\\\/produit\\\/veal-scallopini\\\/\",\"name\":\"Escalope de Veau \u00e0 Vendre | AMGA\",\"isPartOf\":{\"@id\":\"https:\\\/\\\/alimentsamga.com\\\/fr\\\/#website\"},\"primaryImageOfPage\":{\"@id\":\"https:\\\/\\\/alimentsamga.com\\\/fr\\\/produit\\\/veal-scallopini\\\/#primaryimage\"},\"image\":{\"@id\":\"https:\\\/\\\/alimentsamga.com\\\/fr\\\/produit\\\/veal-scallopini\\\/#primaryimage\"},\"thumbnailUrl\":\"https:\\\/\\\/alimentsamga.com\\\/wp-content\\\/uploads\\\/2021\\\/02\\\/Veal-Scallopini-1.jpg\",\"datePublished\":\"2021-03-02T19:22:44+00:00\",\"dateModified\":\"2025-03-10T16:58:25+00:00\",\"description\":\"Achetez notre escalope de veau \u00e0 vendre! Veau tendre nourri aux grains canadien, congel\u00e9 et scell\u00e9 sous vide pour pr\u00e9server sa fra\u00eecheur, parfait pour repas rapides.\",\"breadcrumb\":{\"@id\":\"https:\\\/\\\/alimentsamga.com\\\/fr\\\/produit\\\/veal-scallopini\\\/#breadcrumb\"},\"inLanguage\":\"fr-FR\",\"potentialAction\":[{\"@type\":\"ReadAction\",\"target\":[\"https:\\\/\\\/alimentsamga.com\\\/fr\\\/produit\\\/veal-scallopini\\\/\"]}]},{\"@type\":\"ImageObject\",\"inLanguage\":\"fr-FR\",\"@id\":\"https:\\\/\\\/alimentsamga.com\\\/fr\\\/produit\\\/veal-scallopini\\\/#primaryimage\",\"url\":\"https:\\\/\\\/alimentsamga.com\\\/wp-content\\\/uploads\\\/2021\\\/02\\\/Veal-Scallopini-1.jpg\",\"contentUrl\":\"https:\\\/\\\/alimentsamga.com\\\/wp-content\\\/uploads\\\/2021\\\/02\\\/Veal-Scallopini-1.jpg\",\"width\":450,\"height\":300,\"caption\":\"Veal Scallopini\"},{\"@type\":\"BreadcrumbList\",\"@id\":\"https:\\\/\\\/alimentsamga.com\\\/fr\\\/produit\\\/veal-scallopini\\\/#breadcrumb\",\"itemListElement\":[{\"@type\":\"ListItem\",\"position\":1,\"name\":\"Home\",\"item\":\"https:\\\/\\\/alimentsamga.com\\\/fr\\\/\"},{\"@type\":\"ListItem\",\"position\":2,\"name\":\"Boutique\",\"item\":\"https:\\\/\\\/alimentsamga.com\\\/fr\\\/boutique\\\/\"},{\"@type\":\"ListItem\",\"position\":3,\"name\":\"Escalope de Veau\"}]},{\"@type\":\"WebSite\",\"@id\":\"https:\\\/\\\/alimentsamga.com\\\/fr\\\/#website\",\"url\":\"https:\\\/\\\/alimentsamga.com\\\/fr\\\/\",\"name\":\"AMGA\",\"description\":\"Aliments Amga\",\"publisher\":{\"@id\":\"https:\\\/\\\/alimentsamga.com\\\/fr\\\/#organization\"},\"potentialAction\":[{\"@type\":\"SearchAction\",\"target\":{\"@type\":\"EntryPoint\",\"urlTemplate\":\"https:\\\/\\\/alimentsamga.com\\\/fr\\\/?s={search_term_string}\"},\"query-input\":{\"@type\":\"PropertyValueSpecification\",\"valueRequired\":true,\"valueName\":\"search_term_string\"}}],\"inLanguage\":\"fr-FR\"},{\"@type\":\"Organization\",\"@id\":\"https:\\\/\\\/alimentsamga.com\\\/fr\\\/#organization\",\"name\":\"AMGA\",\"url\":\"https:\\\/\\\/alimentsamga.com\\\/fr\\\/\",\"logo\":{\"@type\":\"ImageObject\",\"inLanguage\":\"fr-FR\",\"@id\":\"https:\\\/\\\/alimentsamga.com\\\/fr\\\/#\\\/schema\\\/logo\\\/image\\\/\",\"url\":\"https:\\\/\\\/alimentsamga.com\\\/wp-content\\\/uploads\\\/2020\\\/11\\\/amgachezvous-logo-blue-e1619460460184.png\",\"contentUrl\":\"https:\\\/\\\/alimentsamga.com\\\/wp-content\\\/uploads\\\/2020\\\/11\\\/amgachezvous-logo-blue-e1619460460184.png\",\"width\":131,\"height\":80,\"caption\":\"AMGA\"},\"image\":{\"@id\":\"https:\\\/\\\/alimentsamga.com\\\/fr\\\/#\\\/schema\\\/logo\\\/image\\\/\"},\"sameAs\":[\"https:\\\/\\\/www.instagram.com\\\/aliments.amga\\\/?hl=en\"]}]}<\/script>\n<!-- \/ Yoast SEO plugin. -->","yoast_head_json":{"title":"Escalope de Veau \u00e0 Vendre | AMGA","description":"Achetez notre escalope de veau \u00e0 vendre! Veau tendre nourri aux grains canadien, congel\u00e9 et scell\u00e9 sous vide pour pr\u00e9server sa fra\u00eecheur, parfait pour repas rapides.","robots":{"index":"index","follow":"follow","max-snippet":"max-snippet:-1","max-image-preview":"max-image-preview:large","max-video-preview":"max-video-preview:-1"},"canonical":"https:\/\/alimentsamga.com\/fr\/produit\/veal-scallopini\/","og_locale":"fr_FR","og_type":"article","og_title":"Escalope de Veau \u00e0 Vendre | AMGA","og_description":"Achetez notre escalope de veau \u00e0 vendre! Veau tendre nourri aux grains canadien, congel\u00e9 et scell\u00e9 sous vide pour pr\u00e9server sa fra\u00eecheur, parfait pour repas rapides.","og_url":"https:\/\/alimentsamga.com\/fr\/produit\/veal-scallopini\/","og_site_name":"AMGA","article_modified_time":"2025-03-10T16:58:25+00:00","og_image":[{"width":450,"height":300,"url":"https:\/\/alimentsamga.com\/wp-content\/uploads\/2021\/02\/Veal-Scallopini-1.jpg","type":"image\/jpeg"}],"twitter_card":"summary_large_image","twitter_misc":{"Dur\u00e9e de lecture estim\u00e9e":"1 minute"},"schema":{"@context":"https:\/\/schema.org","@graph":[{"@type":"WebPage","@id":"https:\/\/alimentsamga.com\/fr\/produit\/veal-scallopini\/","url":"https:\/\/alimentsamga.com\/fr\/produit\/veal-scallopini\/","name":"Escalope de Veau \u00e0 Vendre | AMGA","isPartOf":{"@id":"https:\/\/alimentsamga.com\/fr\/#website"},"primaryImageOfPage":{"@id":"https:\/\/alimentsamga.com\/fr\/produit\/veal-scallopini\/#primaryimage"},"image":{"@id":"https:\/\/alimentsamga.com\/fr\/produit\/veal-scallopini\/#primaryimage"},"thumbnailUrl":"https:\/\/alimentsamga.com\/wp-content\/uploads\/2021\/02\/Veal-Scallopini-1.jpg","datePublished":"2021-03-02T19:22:44+00:00","dateModified":"2025-03-10T16:58:25+00:00","description":"Achetez notre escalope de veau \u00e0 vendre! Veau tendre nourri aux grains canadien, congel\u00e9 et scell\u00e9 sous vide pour pr\u00e9server sa fra\u00eecheur, parfait pour repas rapides.","breadcrumb":{"@id":"https:\/\/alimentsamga.com\/fr\/produit\/veal-scallopini\/#breadcrumb"},"inLanguage":"fr-FR","potentialAction":[{"@type":"ReadAction","target":["https:\/\/alimentsamga.com\/fr\/produit\/veal-scallopini\/"]}]},{"@type":"ImageObject","inLanguage":"fr-FR","@id":"https:\/\/alimentsamga.com\/fr\/produit\/veal-scallopini\/#primaryimage","url":"https:\/\/alimentsamga.com\/wp-content\/uploads\/2021\/02\/Veal-Scallopini-1.jpg","contentUrl":"https:\/\/alimentsamga.com\/wp-content\/uploads\/2021\/02\/Veal-Scallopini-1.jpg","width":450,"height":300,"caption":"Veal Scallopini"},{"@type":"BreadcrumbList","@id":"https:\/\/alimentsamga.com\/fr\/produit\/veal-scallopini\/#breadcrumb","itemListElement":[{"@type":"ListItem","position":1,"name":"Home","item":"https:\/\/alimentsamga.com\/fr\/"},{"@type":"ListItem","position":2,"name":"Boutique","item":"https:\/\/alimentsamga.com\/fr\/boutique\/"},{"@type":"ListItem","position":3,"name":"Escalope de Veau"}]},{"@type":"WebSite","@id":"https:\/\/alimentsamga.com\/fr\/#website","url":"https:\/\/alimentsamga.com\/fr\/","name":"AMGA","description":"Aliments Amga","publisher":{"@id":"https:\/\/alimentsamga.com\/fr\/#organization"},"potentialAction":[{"@type":"SearchAction","target":{"@type":"EntryPoint","urlTemplate":"https:\/\/alimentsamga.com\/fr\/?s={search_term_string}"},"query-input":{"@type":"PropertyValueSpecification","valueRequired":true,"valueName":"search_term_string"}}],"inLanguage":"fr-FR"},{"@type":"Organization","@id":"https:\/\/alimentsamga.com\/fr\/#organization","name":"AMGA","url":"https:\/\/alimentsamga.com\/fr\/","logo":{"@type":"ImageObject","inLanguage":"fr-FR","@id":"https:\/\/alimentsamga.com\/fr\/#\/schema\/logo\/image\/","url":"https:\/\/alimentsamga.com\/wp-content\/uploads\/2020\/11\/amgachezvous-logo-blue-e1619460460184.png","contentUrl":"https:\/\/alimentsamga.com\/wp-content\/uploads\/2020\/11\/amgachezvous-logo-blue-e1619460460184.png","width":131,"height":80,"caption":"AMGA"},"image":{"@id":"https:\/\/alimentsamga.com\/fr\/#\/schema\/logo\/image\/"},"sameAs":["https:\/\/www.instagram.com\/aliments.amga\/?hl=en"]}]}},"_links":{"self":[{"href":"https:\/\/alimentsamga.com\/fr\/wp-json\/wp\/v2\/product\/1314","targetHints":{"allow":["GET"]}}],"collection":[{"href":"https:\/\/alimentsamga.com\/fr\/wp-json\/wp\/v2\/product"}],"about":[{"href":"https:\/\/alimentsamga.com\/fr\/wp-json\/wp\/v2\/types\/product"}],"replies":[{"embeddable":true,"href":"https:\/\/alimentsamga.com\/fr\/wp-json\/wp\/v2\/comments?post=1314"}],"wp:featuredmedia":[{"embeddable":true,"href":"https:\/\/alimentsamga.com\/fr\/wp-json\/wp\/v2\/media\/1319"}],"wp:attachment":[{"href":"https:\/\/alimentsamga.com\/fr\/wp-json\/wp\/v2\/media?parent=1314"}],"wp:term":[{"taxonomy":"product_brand","embeddable":true,"href":"https:\/\/alimentsamga.com\/fr\/wp-json\/wp\/v2\/product_brand?post=1314"},{"taxonomy":"product_cat","embeddable":true,"href":"https:\/\/alimentsamga.com\/fr\/wp-json\/wp\/v2\/product_cat?post=1314"},{"taxonomy":"product_tag","embeddable":true,"href":"https:\/\/alimentsamga.com\/fr\/wp-json\/wp\/v2\/product_tag?post=1314"}],"curies":[{"name":"wp","href":"https:\/\/api.w.org\/{rel}","templated":true}]}}