{"id":1156,"date":"2020-11-27T13:53:47","date_gmt":"2020-11-27T18:53:47","guid":{"rendered":"https:\/\/alimentsamga.com\/?post_type=product&#038;p=1156"},"modified":"2025-02-26T15:50:24","modified_gmt":"2025-02-26T20:50:24","slug":"ailes-de-poulet-precuites","status":"publish","type":"product","link":"https:\/\/alimentsamga.com\/fr\/produit\/ailes-de-poulet-precuites\/","title":{"rendered":"Ailes de poulet BBQ (pr\u00e9cuites)"},"content":{"rendered":"<p data-start=\"796\" data-end=\"1027\">Nos <strong data-start=\"845\" data-end=\"868\">ailes de poulet BBQ<\/strong> sont pr\u00e9-cuites, congel\u00e9es et sous vide pour pr\u00e9server la fra\u00eecheur. Chaque paquet contient 2 kg (4.41 pounds) d&rsquo;ailes tendres au go\u00fbt BBQ, pr\u00eates \u00e0 chauffer et \u00e0 d\u00e9guster.<\/p>\n<p data-start=\"1029\" data-end=\"1246\">Ces ailes sont parfaites pour un repas rapide et d\u00e9licieux. Il suffit de les r\u00e9chauffer, et vous aurez des ailes BBQ savoureuses en quelques minutes, id\u00e9ales pour des f\u00eates, des rassemblements ou un d\u00eener d\u00e9contract\u00e9.<\/p>\n<p>Consultez nos <a href=\"https:\/\/alimentsamga.com\/fr\/categorie-produit\/volaille\/\">autres\u00a0produits de volaille ici.<\/a><\/p>\n","protected":false},"excerpt":{"rendered":"Pr\u00e9cuits, BBQ\r\n\r\nPaquet de 2 kg\r\n\r\nCongel\u00e9 sous vide","protected":false},"featured_media":10535,"comment_status":"open","ping_status":"closed","template":"","meta":{"content-type":""},"product_brand":[],"product_cat":[161,93],"product_tag":[],"class_list":{"0":"post-1156","1":"product","2":"type-product","3":"status-publish","4":"has-post-thumbnail","6":"product_cat-repas-rapide","7":"product_cat-volaille","9":"first","10":"instock","11":"shipping-taxable","12":"purchasable","13":"product-type-simple"},"bundle_layout":"","bundle_add_to_cart_form_location":"","bundle_editable_in_cart":false,"bundle_sold_individually_context":"","bundle_item_grouping":"","bundle_min_size":"","bundle_max_size":"","bundled_by":[],"bundled_items":[],"yoast_head":"<!-- This site is optimized with the Yoast SEO plugin v27.4 - https:\/\/yoast.com\/product\/yoast-seo-wordpress\/ -->\n<title>Ailes de poulet<\/title>\n<meta name=\"description\" content=\"Achetez des ailes de poulet BBQ (2 kg), pr\u00e9-cuites, congel\u00e9es et sous vide. Pr\u00eates \u00e0 chauffer et \u00e0 savourer pour votre prochain repas.\" \/>\n<meta name=\"robots\" content=\"index, follow, max-snippet:-1, max-image-preview:large, max-video-preview:-1\" \/>\n<link rel=\"canonical\" href=\"https:\/\/alimentsamga.com\/fr\/produit\/ailes-de-poulet-precuites\/\" \/>\n<meta property=\"og:locale\" content=\"fr_FR\" \/>\n<meta property=\"og:type\" content=\"article\" \/>\n<meta property=\"og:title\" content=\"Ailes de poulet\" \/>\n<meta property=\"og:description\" content=\"Achetez des ailes de poulet BBQ (2 kg), pr\u00e9-cuites, congel\u00e9es et sous vide. Pr\u00eates \u00e0 chauffer et \u00e0 savourer pour votre prochain repas.\" \/>\n<meta property=\"og:url\" content=\"https:\/\/alimentsamga.com\/fr\/produit\/ailes-de-poulet-precuites\/\" \/>\n<meta property=\"og:site_name\" content=\"AMGA\" \/>\n<meta property=\"article:modified_time\" content=\"2025-02-26T20:50:24+00:00\" \/>\n<meta property=\"og:image\" content=\"https:\/\/alimentsamga.com\/wp-content\/uploads\/2020\/11\/1060-1.jpg\" \/>\n\t<meta property=\"og:image:width\" content=\"640\" \/>\n\t<meta property=\"og:image:height\" content=\"480\" \/>\n\t<meta property=\"og:image:type\" content=\"image\/jpeg\" \/>\n<meta name=\"twitter:card\" content=\"summary_large_image\" \/>\n<meta name=\"twitter:label1\" content=\"Dur\u00e9e de lecture estim\u00e9e\" \/>\n\t<meta name=\"twitter:data1\" content=\"1 minute\" \/>\n<script type=\"application\/ld+json\" class=\"yoast-schema-graph\">{\"@context\":\"https:\\\/\\\/schema.org\",\"@graph\":[{\"@type\":\"WebPage\",\"@id\":\"https:\\\/\\\/alimentsamga.com\\\/fr\\\/produit\\\/ailes-de-poulet-precuites\\\/\",\"url\":\"https:\\\/\\\/alimentsamga.com\\\/fr\\\/produit\\\/ailes-de-poulet-precuites\\\/\",\"name\":\"Ailes de poulet\",\"isPartOf\":{\"@id\":\"https:\\\/\\\/alimentsamga.com\\\/fr\\\/#website\"},\"primaryImageOfPage\":{\"@id\":\"https:\\\/\\\/alimentsamga.com\\\/fr\\\/produit\\\/ailes-de-poulet-precuites\\\/#primaryimage\"},\"image\":{\"@id\":\"https:\\\/\\\/alimentsamga.com\\\/fr\\\/produit\\\/ailes-de-poulet-precuites\\\/#primaryimage\"},\"thumbnailUrl\":\"https:\\\/\\\/alimentsamga.com\\\/wp-content\\\/uploads\\\/2020\\\/11\\\/1060-1.jpg\",\"datePublished\":\"2020-11-27T18:53:47+00:00\",\"dateModified\":\"2025-02-26T20:50:24+00:00\",\"description\":\"Achetez des ailes de poulet BBQ (2 kg), pr\u00e9-cuites, congel\u00e9es et sous vide. Pr\u00eates \u00e0 chauffer et \u00e0 savourer pour votre prochain repas.\",\"breadcrumb\":{\"@id\":\"https:\\\/\\\/alimentsamga.com\\\/fr\\\/produit\\\/ailes-de-poulet-precuites\\\/#breadcrumb\"},\"inLanguage\":\"fr-FR\",\"potentialAction\":[{\"@type\":\"ReadAction\",\"target\":[\"https:\\\/\\\/alimentsamga.com\\\/fr\\\/produit\\\/ailes-de-poulet-precuites\\\/\"]}]},{\"@type\":\"ImageObject\",\"inLanguage\":\"fr-FR\",\"@id\":\"https:\\\/\\\/alimentsamga.com\\\/fr\\\/produit\\\/ailes-de-poulet-precuites\\\/#primaryimage\",\"url\":\"https:\\\/\\\/alimentsamga.com\\\/wp-content\\\/uploads\\\/2020\\\/11\\\/1060-1.jpg\",\"contentUrl\":\"https:\\\/\\\/alimentsamga.com\\\/wp-content\\\/uploads\\\/2020\\\/11\\\/1060-1.jpg\",\"width\":640,\"height\":480,\"caption\":\"chicken wings BBQ\"},{\"@type\":\"BreadcrumbList\",\"@id\":\"https:\\\/\\\/alimentsamga.com\\\/fr\\\/produit\\\/ailes-de-poulet-precuites\\\/#breadcrumb\",\"itemListElement\":[{\"@type\":\"ListItem\",\"position\":1,\"name\":\"Home\",\"item\":\"https:\\\/\\\/alimentsamga.com\\\/fr\\\/\"},{\"@type\":\"ListItem\",\"position\":2,\"name\":\"Boutique\",\"item\":\"https:\\\/\\\/alimentsamga.com\\\/fr\\\/boutique\\\/\"},{\"@type\":\"ListItem\",\"position\":3,\"name\":\"Ailes de poulet BBQ (pr\u00e9cuites)\"}]},{\"@type\":\"WebSite\",\"@id\":\"https:\\\/\\\/alimentsamga.com\\\/fr\\\/#website\",\"url\":\"https:\\\/\\\/alimentsamga.com\\\/fr\\\/\",\"name\":\"AMGA\",\"description\":\"Aliments Amga\",\"publisher\":{\"@id\":\"https:\\\/\\\/alimentsamga.com\\\/fr\\\/#organization\"},\"potentialAction\":[{\"@type\":\"SearchAction\",\"target\":{\"@type\":\"EntryPoint\",\"urlTemplate\":\"https:\\\/\\\/alimentsamga.com\\\/fr\\\/?s={search_term_string}\"},\"query-input\":{\"@type\":\"PropertyValueSpecification\",\"valueRequired\":true,\"valueName\":\"search_term_string\"}}],\"inLanguage\":\"fr-FR\"},{\"@type\":\"Organization\",\"@id\":\"https:\\\/\\\/alimentsamga.com\\\/fr\\\/#organization\",\"name\":\"AMGA\",\"url\":\"https:\\\/\\\/alimentsamga.com\\\/fr\\\/\",\"logo\":{\"@type\":\"ImageObject\",\"inLanguage\":\"fr-FR\",\"@id\":\"https:\\\/\\\/alimentsamga.com\\\/fr\\\/#\\\/schema\\\/logo\\\/image\\\/\",\"url\":\"https:\\\/\\\/alimentsamga.com\\\/wp-content\\\/uploads\\\/2020\\\/11\\\/amgachezvous-logo-blue-e1619460460184.png\",\"contentUrl\":\"https:\\\/\\\/alimentsamga.com\\\/wp-content\\\/uploads\\\/2020\\\/11\\\/amgachezvous-logo-blue-e1619460460184.png\",\"width\":131,\"height\":80,\"caption\":\"AMGA\"},\"image\":{\"@id\":\"https:\\\/\\\/alimentsamga.com\\\/fr\\\/#\\\/schema\\\/logo\\\/image\\\/\"},\"sameAs\":[\"https:\\\/\\\/www.instagram.com\\\/aliments.amga\\\/?hl=en\"]}]}<\/script>\n<!-- \/ Yoast SEO plugin. -->","yoast_head_json":{"title":"Ailes de poulet","description":"Achetez des ailes de poulet BBQ (2 kg), pr\u00e9-cuites, congel\u00e9es et sous vide. Pr\u00eates \u00e0 chauffer et \u00e0 savourer pour votre prochain repas.","robots":{"index":"index","follow":"follow","max-snippet":"max-snippet:-1","max-image-preview":"max-image-preview:large","max-video-preview":"max-video-preview:-1"},"canonical":"https:\/\/alimentsamga.com\/fr\/produit\/ailes-de-poulet-precuites\/","og_locale":"fr_FR","og_type":"article","og_title":"Ailes de poulet","og_description":"Achetez des ailes de poulet BBQ (2 kg), pr\u00e9-cuites, congel\u00e9es et sous vide. Pr\u00eates \u00e0 chauffer et \u00e0 savourer pour votre prochain repas.","og_url":"https:\/\/alimentsamga.com\/fr\/produit\/ailes-de-poulet-precuites\/","og_site_name":"AMGA","article_modified_time":"2025-02-26T20:50:24+00:00","og_image":[{"width":640,"height":480,"url":"https:\/\/alimentsamga.com\/wp-content\/uploads\/2020\/11\/1060-1.jpg","type":"image\/jpeg"}],"twitter_card":"summary_large_image","twitter_misc":{"Dur\u00e9e de lecture estim\u00e9e":"1 minute"},"schema":{"@context":"https:\/\/schema.org","@graph":[{"@type":"WebPage","@id":"https:\/\/alimentsamga.com\/fr\/produit\/ailes-de-poulet-precuites\/","url":"https:\/\/alimentsamga.com\/fr\/produit\/ailes-de-poulet-precuites\/","name":"Ailes de poulet","isPartOf":{"@id":"https:\/\/alimentsamga.com\/fr\/#website"},"primaryImageOfPage":{"@id":"https:\/\/alimentsamga.com\/fr\/produit\/ailes-de-poulet-precuites\/#primaryimage"},"image":{"@id":"https:\/\/alimentsamga.com\/fr\/produit\/ailes-de-poulet-precuites\/#primaryimage"},"thumbnailUrl":"https:\/\/alimentsamga.com\/wp-content\/uploads\/2020\/11\/1060-1.jpg","datePublished":"2020-11-27T18:53:47+00:00","dateModified":"2025-02-26T20:50:24+00:00","description":"Achetez des ailes de poulet BBQ (2 kg), pr\u00e9-cuites, congel\u00e9es et sous vide. Pr\u00eates \u00e0 chauffer et \u00e0 savourer pour votre prochain repas.","breadcrumb":{"@id":"https:\/\/alimentsamga.com\/fr\/produit\/ailes-de-poulet-precuites\/#breadcrumb"},"inLanguage":"fr-FR","potentialAction":[{"@type":"ReadAction","target":["https:\/\/alimentsamga.com\/fr\/produit\/ailes-de-poulet-precuites\/"]}]},{"@type":"ImageObject","inLanguage":"fr-FR","@id":"https:\/\/alimentsamga.com\/fr\/produit\/ailes-de-poulet-precuites\/#primaryimage","url":"https:\/\/alimentsamga.com\/wp-content\/uploads\/2020\/11\/1060-1.jpg","contentUrl":"https:\/\/alimentsamga.com\/wp-content\/uploads\/2020\/11\/1060-1.jpg","width":640,"height":480,"caption":"chicken wings BBQ"},{"@type":"BreadcrumbList","@id":"https:\/\/alimentsamga.com\/fr\/produit\/ailes-de-poulet-precuites\/#breadcrumb","itemListElement":[{"@type":"ListItem","position":1,"name":"Home","item":"https:\/\/alimentsamga.com\/fr\/"},{"@type":"ListItem","position":2,"name":"Boutique","item":"https:\/\/alimentsamga.com\/fr\/boutique\/"},{"@type":"ListItem","position":3,"name":"Ailes de poulet BBQ (pr\u00e9cuites)"}]},{"@type":"WebSite","@id":"https:\/\/alimentsamga.com\/fr\/#website","url":"https:\/\/alimentsamga.com\/fr\/","name":"AMGA","description":"Aliments Amga","publisher":{"@id":"https:\/\/alimentsamga.com\/fr\/#organization"},"potentialAction":[{"@type":"SearchAction","target":{"@type":"EntryPoint","urlTemplate":"https:\/\/alimentsamga.com\/fr\/?s={search_term_string}"},"query-input":{"@type":"PropertyValueSpecification","valueRequired":true,"valueName":"search_term_string"}}],"inLanguage":"fr-FR"},{"@type":"Organization","@id":"https:\/\/alimentsamga.com\/fr\/#organization","name":"AMGA","url":"https:\/\/alimentsamga.com\/fr\/","logo":{"@type":"ImageObject","inLanguage":"fr-FR","@id":"https:\/\/alimentsamga.com\/fr\/#\/schema\/logo\/image\/","url":"https:\/\/alimentsamga.com\/wp-content\/uploads\/2020\/11\/amgachezvous-logo-blue-e1619460460184.png","contentUrl":"https:\/\/alimentsamga.com\/wp-content\/uploads\/2020\/11\/amgachezvous-logo-blue-e1619460460184.png","width":131,"height":80,"caption":"AMGA"},"image":{"@id":"https:\/\/alimentsamga.com\/fr\/#\/schema\/logo\/image\/"},"sameAs":["https:\/\/www.instagram.com\/aliments.amga\/?hl=en"]}]}},"_links":{"self":[{"href":"https:\/\/alimentsamga.com\/fr\/wp-json\/wp\/v2\/product\/1156","targetHints":{"allow":["GET"]}}],"collection":[{"href":"https:\/\/alimentsamga.com\/fr\/wp-json\/wp\/v2\/product"}],"about":[{"href":"https:\/\/alimentsamga.com\/fr\/wp-json\/wp\/v2\/types\/product"}],"replies":[{"embeddable":true,"href":"https:\/\/alimentsamga.com\/fr\/wp-json\/wp\/v2\/comments?post=1156"}],"wp:featuredmedia":[{"embeddable":true,"href":"https:\/\/alimentsamga.com\/fr\/wp-json\/wp\/v2\/media\/10535"}],"wp:attachment":[{"href":"https:\/\/alimentsamga.com\/fr\/wp-json\/wp\/v2\/media?parent=1156"}],"wp:term":[{"taxonomy":"product_brand","embeddable":true,"href":"https:\/\/alimentsamga.com\/fr\/wp-json\/wp\/v2\/product_brand?post=1156"},{"taxonomy":"product_cat","embeddable":true,"href":"https:\/\/alimentsamga.com\/fr\/wp-json\/wp\/v2\/product_cat?post=1156"},{"taxonomy":"product_tag","embeddable":true,"href":"https:\/\/alimentsamga.com\/fr\/wp-json\/wp\/v2\/product_tag?post=1156"}],"curies":[{"name":"wp","href":"https:\/\/api.w.org\/{rel}","templated":true}]}}