{"id":11334,"date":"2024-07-12T07:44:45","date_gmt":"2025-03-06T16:49:01","guid":{"rendered":"https:\/\/alimentsamga.com\/?post_type=product&#038;p=11334"},"modified":"2025-03-11T12:02:26","modified_gmt":"2025-03-11T16:02:26","slug":"carte-cadeau-electronique","status":"publish","type":"product","link":"https:\/\/alimentsamga.com\/fr\/produit\/carte-cadeau-electronique\/","title":{"rendered":"Carte-cadeau \u00e9lectronique"},"content":{"rendered":"<p data-start=\"55\" data-end=\"280\">Voici ce que vous pouvez faire avec nos cartes-cadeaux \u00e9lectroniques:<br data-start=\"125\" data-end=\"128\" \/>Achetez sur notre site web \ud83d\uded2<br data-start=\"157\" data-end=\"160\" \/>Envoyez-les directement \u00e0 une personne sp\u00e9ciale \ud83c\udf81<br data-start=\"210\" data-end=\"213\" data-is-only-node=\"\" \/>Utilisez-les sur votre propre compte comme m\u00e9thode de paiement \ud83d\udcb3<\/p>\n<p data-start=\"282\" data-end=\"386\">Nos cartes-cadeaux \u00e9lectroniques sont uniquement num\u00e9riques \u2013 \u00e9changeables dans notre boutique en ligne.<\/p>\n","protected":false},"excerpt":{"rendered":"<p data-start=\"49\" data-end=\"94\">La meilleure option pour offrir un cadeau!<\/p>\r\n<p data-start=\"96\" data-end=\"200\">Nos cartes-cadeaux \u00e9lectroniques sont uniquement num\u00e9riques \u2013 \u00e9changeables dans notre boutique en ligne.<\/p>","protected":false},"featured_media":11333,"comment_status":"open","ping_status":"closed","template":"","meta":{"content-type":""},"product_brand":[],"product_cat":[462,150],"product_tag":[],"class_list":{"0":"post-11334","1":"product","2":"type-product","3":"status-publish","4":"has-post-thumbnail","6":"product_cat-carte-cadeau","7":"product_cat-nouveau","9":"first","10":"instock","11":"purchasable","12":"product-type-pw-gift-card"},"bundle_layout":"","bundle_add_to_cart_form_location":"","bundle_editable_in_cart":false,"bundle_sold_individually_context":"","bundle_item_grouping":"","bundle_min_size":"","bundle_max_size":"","bundled_by":[],"bundled_items":[],"yoast_head":"<!-- This site is optimized with the Yoast SEO plugin v27.4 - https:\/\/yoast.com\/product\/yoast-seo-wordpress\/ -->\n<title>Carte-cadeau \u00e9lectronique - AMGA<\/title>\n<meta name=\"description\" content=\"Achetez une carte-cadeau \u00e9lectronique chez AMGA et offrez le cadeau parfait. Facile \u00e0 envoyer et \u00e9changeable dans notre boutique en ligne.\" \/>\n<meta name=\"robots\" content=\"index, follow, max-snippet:-1, max-image-preview:large, max-video-preview:-1\" \/>\n<link rel=\"canonical\" href=\"https:\/\/alimentsamga.com\/fr\/produit\/carte-cadeau-electronique\/\" \/>\n<meta property=\"og:locale\" content=\"fr_FR\" \/>\n<meta property=\"og:type\" content=\"article\" \/>\n<meta property=\"og:title\" content=\"Carte-cadeau \u00e9lectronique - AMGA\" \/>\n<meta property=\"og:description\" content=\"Achetez une carte-cadeau \u00e9lectronique chez AMGA et offrez le cadeau parfait. Facile \u00e0 envoyer et \u00e9changeable dans notre boutique en ligne.\" \/>\n<meta property=\"og:url\" content=\"https:\/\/alimentsamga.com\/fr\/produit\/carte-cadeau-electronique\/\" \/>\n<meta property=\"og:site_name\" content=\"AMGA\" \/>\n<meta property=\"article:modified_time\" content=\"2025-03-11T16:02:26+00:00\" \/>\n<meta property=\"og:image\" content=\"https:\/\/alimentsamga.com\/wp-content\/uploads\/2024\/07\/Untitled-design-18.jpg\" \/>\n\t<meta property=\"og:image:width\" content=\"1650\" \/>\n\t<meta property=\"og:image:height\" content=\"1275\" \/>\n\t<meta property=\"og:image:type\" content=\"image\/jpeg\" \/>\n<meta name=\"twitter:card\" content=\"summary_large_image\" \/>\n<meta name=\"twitter:label1\" content=\"Dur\u00e9e de lecture estim\u00e9e\" \/>\n\t<meta name=\"twitter:data1\" content=\"1 minute\" \/>\n<script type=\"application\/ld+json\" class=\"yoast-schema-graph\">{\"@context\":\"https:\\\/\\\/schema.org\",\"@graph\":[{\"@type\":\"WebPage\",\"@id\":\"https:\\\/\\\/alimentsamga.com\\\/fr\\\/produit\\\/carte-cadeau-electronique\\\/\",\"url\":\"https:\\\/\\\/alimentsamga.com\\\/fr\\\/produit\\\/carte-cadeau-electronique\\\/\",\"name\":\"Carte-cadeau \u00e9lectronique - AMGA\",\"isPartOf\":{\"@id\":\"https:\\\/\\\/alimentsamga.com\\\/fr\\\/#website\"},\"primaryImageOfPage\":{\"@id\":\"https:\\\/\\\/alimentsamga.com\\\/fr\\\/produit\\\/carte-cadeau-electronique\\\/#primaryimage\"},\"image\":{\"@id\":\"https:\\\/\\\/alimentsamga.com\\\/fr\\\/produit\\\/carte-cadeau-electronique\\\/#primaryimage\"},\"thumbnailUrl\":\"https:\\\/\\\/alimentsamga.com\\\/wp-content\\\/uploads\\\/2024\\\/07\\\/Untitled-design-18.jpg\",\"datePublished\":\"2025-03-06T16:49:01+00:00\",\"dateModified\":\"2025-03-11T16:02:26+00:00\",\"description\":\"Achetez une carte-cadeau \u00e9lectronique chez AMGA et offrez le cadeau parfait. Facile \u00e0 envoyer et \u00e9changeable dans notre boutique en ligne.\",\"breadcrumb\":{\"@id\":\"https:\\\/\\\/alimentsamga.com\\\/fr\\\/produit\\\/carte-cadeau-electronique\\\/#breadcrumb\"},\"inLanguage\":\"fr-FR\",\"potentialAction\":[{\"@type\":\"ReadAction\",\"target\":[\"https:\\\/\\\/alimentsamga.com\\\/fr\\\/produit\\\/carte-cadeau-electronique\\\/\"]}]},{\"@type\":\"ImageObject\",\"inLanguage\":\"fr-FR\",\"@id\":\"https:\\\/\\\/alimentsamga.com\\\/fr\\\/produit\\\/carte-cadeau-electronique\\\/#primaryimage\",\"url\":\"https:\\\/\\\/alimentsamga.com\\\/wp-content\\\/uploads\\\/2024\\\/07\\\/Untitled-design-18.jpg\",\"contentUrl\":\"https:\\\/\\\/alimentsamga.com\\\/wp-content\\\/uploads\\\/2024\\\/07\\\/Untitled-design-18.jpg\",\"width\":1650,\"height\":1275,\"caption\":\"gift card\"},{\"@type\":\"BreadcrumbList\",\"@id\":\"https:\\\/\\\/alimentsamga.com\\\/fr\\\/produit\\\/carte-cadeau-electronique\\\/#breadcrumb\",\"itemListElement\":[{\"@type\":\"ListItem\",\"position\":1,\"name\":\"Home\",\"item\":\"https:\\\/\\\/alimentsamga.com\\\/fr\\\/\"},{\"@type\":\"ListItem\",\"position\":2,\"name\":\"Boutique\",\"item\":\"https:\\\/\\\/alimentsamga.com\\\/fr\\\/boutique\\\/\"},{\"@type\":\"ListItem\",\"position\":3,\"name\":\"Carte-cadeau \u00e9lectronique\"}]},{\"@type\":\"WebSite\",\"@id\":\"https:\\\/\\\/alimentsamga.com\\\/fr\\\/#website\",\"url\":\"https:\\\/\\\/alimentsamga.com\\\/fr\\\/\",\"name\":\"AMGA\",\"description\":\"Aliments Amga\",\"publisher\":{\"@id\":\"https:\\\/\\\/alimentsamga.com\\\/fr\\\/#organization\"},\"potentialAction\":[{\"@type\":\"SearchAction\",\"target\":{\"@type\":\"EntryPoint\",\"urlTemplate\":\"https:\\\/\\\/alimentsamga.com\\\/fr\\\/?s={search_term_string}\"},\"query-input\":{\"@type\":\"PropertyValueSpecification\",\"valueRequired\":true,\"valueName\":\"search_term_string\"}}],\"inLanguage\":\"fr-FR\"},{\"@type\":\"Organization\",\"@id\":\"https:\\\/\\\/alimentsamga.com\\\/fr\\\/#organization\",\"name\":\"AMGA\",\"url\":\"https:\\\/\\\/alimentsamga.com\\\/fr\\\/\",\"logo\":{\"@type\":\"ImageObject\",\"inLanguage\":\"fr-FR\",\"@id\":\"https:\\\/\\\/alimentsamga.com\\\/fr\\\/#\\\/schema\\\/logo\\\/image\\\/\",\"url\":\"https:\\\/\\\/alimentsamga.com\\\/wp-content\\\/uploads\\\/2020\\\/11\\\/amgachezvous-logo-blue-e1619460460184.png\",\"contentUrl\":\"https:\\\/\\\/alimentsamga.com\\\/wp-content\\\/uploads\\\/2020\\\/11\\\/amgachezvous-logo-blue-e1619460460184.png\",\"width\":131,\"height\":80,\"caption\":\"AMGA\"},\"image\":{\"@id\":\"https:\\\/\\\/alimentsamga.com\\\/fr\\\/#\\\/schema\\\/logo\\\/image\\\/\"},\"sameAs\":[\"https:\\\/\\\/www.instagram.com\\\/aliments.amga\\\/?hl=en\"]}]}<\/script>\n<!-- \/ Yoast SEO plugin. -->","yoast_head_json":{"title":"Carte-cadeau \u00e9lectronique - AMGA","description":"Achetez une carte-cadeau \u00e9lectronique chez AMGA et offrez le cadeau parfait. Facile \u00e0 envoyer et \u00e9changeable dans notre boutique en ligne.","robots":{"index":"index","follow":"follow","max-snippet":"max-snippet:-1","max-image-preview":"max-image-preview:large","max-video-preview":"max-video-preview:-1"},"canonical":"https:\/\/alimentsamga.com\/fr\/produit\/carte-cadeau-electronique\/","og_locale":"fr_FR","og_type":"article","og_title":"Carte-cadeau \u00e9lectronique - AMGA","og_description":"Achetez une carte-cadeau \u00e9lectronique chez AMGA et offrez le cadeau parfait. Facile \u00e0 envoyer et \u00e9changeable dans notre boutique en ligne.","og_url":"https:\/\/alimentsamga.com\/fr\/produit\/carte-cadeau-electronique\/","og_site_name":"AMGA","article_modified_time":"2025-03-11T16:02:26+00:00","og_image":[{"width":1650,"height":1275,"url":"https:\/\/alimentsamga.com\/wp-content\/uploads\/2024\/07\/Untitled-design-18.jpg","type":"image\/jpeg"}],"twitter_card":"summary_large_image","twitter_misc":{"Dur\u00e9e de lecture estim\u00e9e":"1 minute"},"schema":{"@context":"https:\/\/schema.org","@graph":[{"@type":"WebPage","@id":"https:\/\/alimentsamga.com\/fr\/produit\/carte-cadeau-electronique\/","url":"https:\/\/alimentsamga.com\/fr\/produit\/carte-cadeau-electronique\/","name":"Carte-cadeau \u00e9lectronique - AMGA","isPartOf":{"@id":"https:\/\/alimentsamga.com\/fr\/#website"},"primaryImageOfPage":{"@id":"https:\/\/alimentsamga.com\/fr\/produit\/carte-cadeau-electronique\/#primaryimage"},"image":{"@id":"https:\/\/alimentsamga.com\/fr\/produit\/carte-cadeau-electronique\/#primaryimage"},"thumbnailUrl":"https:\/\/alimentsamga.com\/wp-content\/uploads\/2024\/07\/Untitled-design-18.jpg","datePublished":"2025-03-06T16:49:01+00:00","dateModified":"2025-03-11T16:02:26+00:00","description":"Achetez une carte-cadeau \u00e9lectronique chez AMGA et offrez le cadeau parfait. Facile \u00e0 envoyer et \u00e9changeable dans notre boutique en ligne.","breadcrumb":{"@id":"https:\/\/alimentsamga.com\/fr\/produit\/carte-cadeau-electronique\/#breadcrumb"},"inLanguage":"fr-FR","potentialAction":[{"@type":"ReadAction","target":["https:\/\/alimentsamga.com\/fr\/produit\/carte-cadeau-electronique\/"]}]},{"@type":"ImageObject","inLanguage":"fr-FR","@id":"https:\/\/alimentsamga.com\/fr\/produit\/carte-cadeau-electronique\/#primaryimage","url":"https:\/\/alimentsamga.com\/wp-content\/uploads\/2024\/07\/Untitled-design-18.jpg","contentUrl":"https:\/\/alimentsamga.com\/wp-content\/uploads\/2024\/07\/Untitled-design-18.jpg","width":1650,"height":1275,"caption":"gift card"},{"@type":"BreadcrumbList","@id":"https:\/\/alimentsamga.com\/fr\/produit\/carte-cadeau-electronique\/#breadcrumb","itemListElement":[{"@type":"ListItem","position":1,"name":"Home","item":"https:\/\/alimentsamga.com\/fr\/"},{"@type":"ListItem","position":2,"name":"Boutique","item":"https:\/\/alimentsamga.com\/fr\/boutique\/"},{"@type":"ListItem","position":3,"name":"Carte-cadeau \u00e9lectronique"}]},{"@type":"WebSite","@id":"https:\/\/alimentsamga.com\/fr\/#website","url":"https:\/\/alimentsamga.com\/fr\/","name":"AMGA","description":"Aliments Amga","publisher":{"@id":"https:\/\/alimentsamga.com\/fr\/#organization"},"potentialAction":[{"@type":"SearchAction","target":{"@type":"EntryPoint","urlTemplate":"https:\/\/alimentsamga.com\/fr\/?s={search_term_string}"},"query-input":{"@type":"PropertyValueSpecification","valueRequired":true,"valueName":"search_term_string"}}],"inLanguage":"fr-FR"},{"@type":"Organization","@id":"https:\/\/alimentsamga.com\/fr\/#organization","name":"AMGA","url":"https:\/\/alimentsamga.com\/fr\/","logo":{"@type":"ImageObject","inLanguage":"fr-FR","@id":"https:\/\/alimentsamga.com\/fr\/#\/schema\/logo\/image\/","url":"https:\/\/alimentsamga.com\/wp-content\/uploads\/2020\/11\/amgachezvous-logo-blue-e1619460460184.png","contentUrl":"https:\/\/alimentsamga.com\/wp-content\/uploads\/2020\/11\/amgachezvous-logo-blue-e1619460460184.png","width":131,"height":80,"caption":"AMGA"},"image":{"@id":"https:\/\/alimentsamga.com\/fr\/#\/schema\/logo\/image\/"},"sameAs":["https:\/\/www.instagram.com\/aliments.amga\/?hl=en"]}]}},"_links":{"self":[{"href":"https:\/\/alimentsamga.com\/fr\/wp-json\/wp\/v2\/product\/11334","targetHints":{"allow":["GET"]}}],"collection":[{"href":"https:\/\/alimentsamga.com\/fr\/wp-json\/wp\/v2\/product"}],"about":[{"href":"https:\/\/alimentsamga.com\/fr\/wp-json\/wp\/v2\/types\/product"}],"replies":[{"embeddable":true,"href":"https:\/\/alimentsamga.com\/fr\/wp-json\/wp\/v2\/comments?post=11334"}],"wp:featuredmedia":[{"embeddable":true,"href":"https:\/\/alimentsamga.com\/fr\/wp-json\/wp\/v2\/media\/11333"}],"wp:attachment":[{"href":"https:\/\/alimentsamga.com\/fr\/wp-json\/wp\/v2\/media?parent=11334"}],"wp:term":[{"taxonomy":"product_brand","embeddable":true,"href":"https:\/\/alimentsamga.com\/fr\/wp-json\/wp\/v2\/product_brand?post=11334"},{"taxonomy":"product_cat","embeddable":true,"href":"https:\/\/alimentsamga.com\/fr\/wp-json\/wp\/v2\/product_cat?post=11334"},{"taxonomy":"product_tag","embeddable":true,"href":"https:\/\/alimentsamga.com\/fr\/wp-json\/wp\/v2\/product_tag?post=11334"}],"curies":[{"name":"wp","href":"https:\/\/api.w.org\/{rel}","templated":true}]}}