{"id":10902,"date":"2024-10-16T15:06:14","date_gmt":"2024-10-16T19:06:14","guid":{"rendered":"https:\/\/alimentsamga.com\/?post_type=product&#038;p=10902"},"modified":"2025-08-18T15:40:01","modified_gmt":"2025-08-18T19:40:01","slug":"table-pour-4","status":"publish","type":"product","link":"https:\/\/alimentsamga.com\/fr\/produit\/table-pour-4\/","title":{"rendered":"Table pour 4"},"content":{"rendered":"<p>Le Box Table pour 4 vous offre toutes les prot\u00e9ines n\u00e9cessaires pour une semaine de repas. Ce box est parfait pour quatre personnes pendant 7 \u00e0 10 jours. Il contient 4 portions de cabillaud Boston, 1 filet de saumon (environ 3 lb (1.36 kilograms)), 1 kg (2.2 pounds) de poitrines de poulet, 1 kg (2.2 pounds) d\u2019ailes de poulet s\u00e9par\u00e9es, 4 c\u00f4telettes de veau nourries au lait, et 4 steaks Striploin style NY (12 oz (340.19 grams) chacun).<\/p>\n<p data-start=\"1896\" data-end=\"2182\">Chaque produit est sous vide pour garantir la fra\u00eecheur. Vous pouvez le stocker au r\u00e9frig\u00e9rateur pendant 7 jours ou au cong\u00e9lateur pendant un an. Le Box Table pour 4 vous apporte des viandes de qualit\u00e9 premium directement \u00e0 votre porte. Profitez de repas d\u00e9licieux en toute simplicit\u00e9 !<\/p>\n<p>Consultez ici <a href=\"\/?product_cat=boites\">nos autres bo\u00eetes de vari\u00e9t\u00e9s.<\/a><\/p>\n","protected":false},"excerpt":{"rendered":"4 portions de morue de Boston\r\n1 filet de saumon\r\n1kg de poitrine de poulet\r\n1kg Ailes de poulet coup\u00e9es\r\n4 pcs C\u00f4telettes de veau de lait\r\n4pcs Striploin NY Style 12oz","protected":false},"featured_media":10925,"comment_status":"closed","ping_status":"closed","template":"","meta":{"content-type":""},"product_brand":[],"product_cat":[89,150],"product_tag":[],"class_list":{"0":"post-10902","1":"product","2":"type-product","3":"status-publish","4":"has-post-thumbnail","6":"product_cat-boites-viandes-et-fruits-de-mer","7":"product_cat-nouveau","9":"first","10":"instock","11":"virtual","12":"purchasable","13":"product-type-bundle"},"bundle_layout":"default","bundle_add_to_cart_form_location":"default","bundle_editable_in_cart":false,"bundle_sold_individually_context":"product","bundle_item_grouping":"parent","bundle_min_size":"","bundle_max_size":"","bundled_by":[],"bundled_items":[{"bundled_item_id":157,"product_id":748,"menu_order":0,"quantity_min":4,"quantity_max":4,"quantity_default":4,"priced_individually":false,"shipped_individually":false,"override_title":false,"title":"Portions de morue de Boston","override_description":false,"description":"Portions de morue de Boston","optional":true,"hide_thumbnail":false,"discount":"","override_variations":false,"allowed_variations":[""],"override_default_variation_attributes":false,"default_variation_attributes":[],"single_product_visibility":"hidden","cart_visibility":"hidden","order_visibility":"visible","single_product_price_visibility":"visible","cart_price_visibility":"visible","order_price_visibility":"visible","stock_status":"in_stock"},{"bundled_item_id":159,"product_id":782,"menu_order":1,"quantity_min":1,"quantity_max":1,"quantity_default":1,"priced_individually":false,"shipped_individually":false,"override_title":false,"title":"Ailes de poulet (s\u00e9par\u00e9es)","override_description":false,"description":"Ailes de poulet (s\u00e9par\u00e9es)","optional":true,"hide_thumbnail":false,"discount":"","override_variations":true,"allowed_variations":[9940],"override_default_variation_attributes":true,"default_variation_attributes":[{"id":3,"name":"Format","option":"pack-de-1"}],"single_product_visibility":"hidden","cart_visibility":"hidden","order_visibility":"visible","single_product_price_visibility":"visible","cart_price_visibility":"visible","order_price_visibility":"visible","stock_status":"in_stock"},{"bundled_item_id":160,"product_id":755,"menu_order":2,"quantity_min":4,"quantity_max":4,"quantity_default":4,"priced_individually":false,"shipped_individually":false,"override_title":false,"title":"C\u00f4te de Veau de Lait","override_description":false,"description":"C\u00f4te de Veau de Lait","optional":true,"hide_thumbnail":false,"discount":"","override_variations":false,"allowed_variations":[""],"override_default_variation_attributes":false,"default_variation_attributes":[],"single_product_visibility":"hidden","cart_visibility":"hidden","order_visibility":"visible","single_product_price_visibility":"visible","cart_price_visibility":"visible","order_price_visibility":"visible","stock_status":"in_stock"},{"bundled_item_id":161,"product_id":760,"menu_order":3,"quantity_min":4,"quantity_max":4,"quantity_default":4,"priced_individually":false,"shipped_individually":false,"override_title":false,"title":"Contre-filet NY vieilli AAA","override_description":false,"description":"Contre-filet NY vieilli AAA","optional":true,"hide_thumbnail":false,"discount":"","override_variations":true,"allowed_variations":[763],"override_default_variation_attributes":true,"default_variation_attributes":[{"id":4,"name":"Steak Size","option":"12oz-fr"}],"single_product_visibility":"hidden","cart_visibility":"hidden","order_visibility":"visible","single_product_price_visibility":"visible","cart_price_visibility":"visible","order_price_visibility":"visible","stock_status":"in_stock"},{"bundled_item_id":167,"product_id":787,"menu_order":4,"quantity_min":1,"quantity_max":1,"quantity_default":1,"priced_individually":false,"shipped_individually":false,"override_title":false,"title":"Poitrine de Poulet D\u00e9soss\u00e9e","override_description":false,"description":"Poitrine de Poulet D\u00e9soss\u00e9e","optional":true,"hide_thumbnail":false,"discount":"","override_variations":true,"allowed_variations":[9919],"override_default_variation_attributes":true,"default_variation_attributes":[{"id":3,"name":"Format","option":"pack-de-1"}],"single_product_visibility":"hidden","cart_visibility":"hidden","order_visibility":"visible","single_product_price_visibility":"visible","cart_price_visibility":"visible","order_price_visibility":"visible","stock_status":"in_stock"}],"yoast_head":"<!-- This site is optimized with the Yoast SEO plugin v27.3 - https:\/\/yoast.com\/product\/yoast-seo-wordpress\/ -->\n<title>Box Table pour 4 - AMGA<\/title>\n<meta name=\"description\" content=\"Achetez le Box Table pour 4. Comprend des viandes premium comme du cabillaud, du saumon, du poulet, du veau et du striploin.\" \/>\n<meta name=\"robots\" content=\"index, follow, max-snippet:-1, max-image-preview:large, max-video-preview:-1\" \/>\n<link rel=\"canonical\" href=\"https:\/\/alimentsamga.com\/fr\/produit\/table-pour-4\/\" \/>\n<meta property=\"og:locale\" content=\"fr_FR\" \/>\n<meta property=\"og:type\" content=\"article\" \/>\n<meta property=\"og:title\" content=\"Box Table pour 4 - AMGA\" \/>\n<meta property=\"og:description\" content=\"Achetez le Box Table pour 4. Comprend des viandes premium comme du cabillaud, du saumon, du poulet, du veau et du striploin.\" \/>\n<meta property=\"og:url\" content=\"https:\/\/alimentsamga.com\/fr\/produit\/table-pour-4\/\" \/>\n<meta property=\"og:site_name\" content=\"AMGA\" \/>\n<meta property=\"article:modified_time\" content=\"2025-08-18T19:40:01+00:00\" \/>\n<meta property=\"og:image\" content=\"https:\/\/alimentsamga.com\/wp-content\/uploads\/2024\/10\/TABLE-FOR-4.jpg\" \/>\n\t<meta property=\"og:image:width\" content=\"1080\" \/>\n\t<meta property=\"og:image:height\" content=\"1080\" \/>\n\t<meta property=\"og:image:type\" content=\"image\/jpeg\" \/>\n<meta name=\"twitter:card\" content=\"summary_large_image\" \/>\n<meta name=\"twitter:label1\" content=\"Dur\u00e9e de lecture estim\u00e9e\" \/>\n\t<meta name=\"twitter:data1\" content=\"1 minute\" \/>\n<script type=\"application\/ld+json\" class=\"yoast-schema-graph\">{\"@context\":\"https:\\\/\\\/schema.org\",\"@graph\":[{\"@type\":\"WebPage\",\"@id\":\"https:\\\/\\\/alimentsamga.com\\\/fr\\\/produit\\\/table-pour-4\\\/\",\"url\":\"https:\\\/\\\/alimentsamga.com\\\/fr\\\/produit\\\/table-pour-4\\\/\",\"name\":\"Box Table pour 4 - AMGA\",\"isPartOf\":{\"@id\":\"https:\\\/\\\/alimentsamga.com\\\/fr\\\/#website\"},\"primaryImageOfPage\":{\"@id\":\"https:\\\/\\\/alimentsamga.com\\\/fr\\\/produit\\\/table-pour-4\\\/#primaryimage\"},\"image\":{\"@id\":\"https:\\\/\\\/alimentsamga.com\\\/fr\\\/produit\\\/table-pour-4\\\/#primaryimage\"},\"thumbnailUrl\":\"https:\\\/\\\/alimentsamga.com\\\/wp-content\\\/uploads\\\/2024\\\/10\\\/TABLE-FOR-4.jpg\",\"datePublished\":\"2024-10-16T19:06:14+00:00\",\"dateModified\":\"2025-08-18T19:40:01+00:00\",\"description\":\"Achetez le Box Table pour 4. Comprend des viandes premium comme du cabillaud, du saumon, du poulet, du veau et du striploin.\",\"breadcrumb\":{\"@id\":\"https:\\\/\\\/alimentsamga.com\\\/fr\\\/produit\\\/table-pour-4\\\/#breadcrumb\"},\"inLanguage\":\"fr-FR\",\"potentialAction\":[{\"@type\":\"ReadAction\",\"target\":[\"https:\\\/\\\/alimentsamga.com\\\/fr\\\/produit\\\/table-pour-4\\\/\"]}]},{\"@type\":\"ImageObject\",\"inLanguage\":\"fr-FR\",\"@id\":\"https:\\\/\\\/alimentsamga.com\\\/fr\\\/produit\\\/table-pour-4\\\/#primaryimage\",\"url\":\"https:\\\/\\\/alimentsamga.com\\\/wp-content\\\/uploads\\\/2024\\\/10\\\/TABLE-FOR-4.jpg\",\"contentUrl\":\"https:\\\/\\\/alimentsamga.com\\\/wp-content\\\/uploads\\\/2024\\\/10\\\/TABLE-FOR-4.jpg\",\"width\":1080,\"height\":1080,\"caption\":\"TABLE FOR 4\"},{\"@type\":\"BreadcrumbList\",\"@id\":\"https:\\\/\\\/alimentsamga.com\\\/fr\\\/produit\\\/table-pour-4\\\/#breadcrumb\",\"itemListElement\":[{\"@type\":\"ListItem\",\"position\":1,\"name\":\"Home\",\"item\":\"https:\\\/\\\/alimentsamga.com\\\/fr\\\/\"},{\"@type\":\"ListItem\",\"position\":2,\"name\":\"Boutique\",\"item\":\"https:\\\/\\\/alimentsamga.com\\\/fr\\\/boutique\\\/\"},{\"@type\":\"ListItem\",\"position\":3,\"name\":\"Table pour 4\"}]},{\"@type\":\"WebSite\",\"@id\":\"https:\\\/\\\/alimentsamga.com\\\/fr\\\/#website\",\"url\":\"https:\\\/\\\/alimentsamga.com\\\/fr\\\/\",\"name\":\"AMGA\",\"description\":\"Aliments Amga\",\"publisher\":{\"@id\":\"https:\\\/\\\/alimentsamga.com\\\/fr\\\/#organization\"},\"potentialAction\":[{\"@type\":\"SearchAction\",\"target\":{\"@type\":\"EntryPoint\",\"urlTemplate\":\"https:\\\/\\\/alimentsamga.com\\\/fr\\\/?s={search_term_string}\"},\"query-input\":{\"@type\":\"PropertyValueSpecification\",\"valueRequired\":true,\"valueName\":\"search_term_string\"}}],\"inLanguage\":\"fr-FR\"},{\"@type\":\"Organization\",\"@id\":\"https:\\\/\\\/alimentsamga.com\\\/fr\\\/#organization\",\"name\":\"AMGA\",\"url\":\"https:\\\/\\\/alimentsamga.com\\\/fr\\\/\",\"logo\":{\"@type\":\"ImageObject\",\"inLanguage\":\"fr-FR\",\"@id\":\"https:\\\/\\\/alimentsamga.com\\\/fr\\\/#\\\/schema\\\/logo\\\/image\\\/\",\"url\":\"https:\\\/\\\/alimentsamga.com\\\/wp-content\\\/uploads\\\/2020\\\/11\\\/amgachezvous-logo-blue-e1619460460184.png\",\"contentUrl\":\"https:\\\/\\\/alimentsamga.com\\\/wp-content\\\/uploads\\\/2020\\\/11\\\/amgachezvous-logo-blue-e1619460460184.png\",\"width\":131,\"height\":80,\"caption\":\"AMGA\"},\"image\":{\"@id\":\"https:\\\/\\\/alimentsamga.com\\\/fr\\\/#\\\/schema\\\/logo\\\/image\\\/\"},\"sameAs\":[\"https:\\\/\\\/www.instagram.com\\\/aliments.amga\\\/?hl=en\"]}]}<\/script>\n<!-- \/ Yoast SEO plugin. -->","yoast_head_json":{"title":"Box Table pour 4 - AMGA","description":"Achetez le Box Table pour 4. Comprend des viandes premium comme du cabillaud, du saumon, du poulet, du veau et du striploin.","robots":{"index":"index","follow":"follow","max-snippet":"max-snippet:-1","max-image-preview":"max-image-preview:large","max-video-preview":"max-video-preview:-1"},"canonical":"https:\/\/alimentsamga.com\/fr\/produit\/table-pour-4\/","og_locale":"fr_FR","og_type":"article","og_title":"Box Table pour 4 - AMGA","og_description":"Achetez le Box Table pour 4. Comprend des viandes premium comme du cabillaud, du saumon, du poulet, du veau et du striploin.","og_url":"https:\/\/alimentsamga.com\/fr\/produit\/table-pour-4\/","og_site_name":"AMGA","article_modified_time":"2025-08-18T19:40:01+00:00","og_image":[{"width":1080,"height":1080,"url":"https:\/\/alimentsamga.com\/wp-content\/uploads\/2024\/10\/TABLE-FOR-4.jpg","type":"image\/jpeg"}],"twitter_card":"summary_large_image","twitter_misc":{"Dur\u00e9e de lecture estim\u00e9e":"1 minute"},"schema":{"@context":"https:\/\/schema.org","@graph":[{"@type":"WebPage","@id":"https:\/\/alimentsamga.com\/fr\/produit\/table-pour-4\/","url":"https:\/\/alimentsamga.com\/fr\/produit\/table-pour-4\/","name":"Box Table pour 4 - AMGA","isPartOf":{"@id":"https:\/\/alimentsamga.com\/fr\/#website"},"primaryImageOfPage":{"@id":"https:\/\/alimentsamga.com\/fr\/produit\/table-pour-4\/#primaryimage"},"image":{"@id":"https:\/\/alimentsamga.com\/fr\/produit\/table-pour-4\/#primaryimage"},"thumbnailUrl":"https:\/\/alimentsamga.com\/wp-content\/uploads\/2024\/10\/TABLE-FOR-4.jpg","datePublished":"2024-10-16T19:06:14+00:00","dateModified":"2025-08-18T19:40:01+00:00","description":"Achetez le Box Table pour 4. Comprend des viandes premium comme du cabillaud, du saumon, du poulet, du veau et du striploin.","breadcrumb":{"@id":"https:\/\/alimentsamga.com\/fr\/produit\/table-pour-4\/#breadcrumb"},"inLanguage":"fr-FR","potentialAction":[{"@type":"ReadAction","target":["https:\/\/alimentsamga.com\/fr\/produit\/table-pour-4\/"]}]},{"@type":"ImageObject","inLanguage":"fr-FR","@id":"https:\/\/alimentsamga.com\/fr\/produit\/table-pour-4\/#primaryimage","url":"https:\/\/alimentsamga.com\/wp-content\/uploads\/2024\/10\/TABLE-FOR-4.jpg","contentUrl":"https:\/\/alimentsamga.com\/wp-content\/uploads\/2024\/10\/TABLE-FOR-4.jpg","width":1080,"height":1080,"caption":"TABLE FOR 4"},{"@type":"BreadcrumbList","@id":"https:\/\/alimentsamga.com\/fr\/produit\/table-pour-4\/#breadcrumb","itemListElement":[{"@type":"ListItem","position":1,"name":"Home","item":"https:\/\/alimentsamga.com\/fr\/"},{"@type":"ListItem","position":2,"name":"Boutique","item":"https:\/\/alimentsamga.com\/fr\/boutique\/"},{"@type":"ListItem","position":3,"name":"Table pour 4"}]},{"@type":"WebSite","@id":"https:\/\/alimentsamga.com\/fr\/#website","url":"https:\/\/alimentsamga.com\/fr\/","name":"AMGA","description":"Aliments Amga","publisher":{"@id":"https:\/\/alimentsamga.com\/fr\/#organization"},"potentialAction":[{"@type":"SearchAction","target":{"@type":"EntryPoint","urlTemplate":"https:\/\/alimentsamga.com\/fr\/?s={search_term_string}"},"query-input":{"@type":"PropertyValueSpecification","valueRequired":true,"valueName":"search_term_string"}}],"inLanguage":"fr-FR"},{"@type":"Organization","@id":"https:\/\/alimentsamga.com\/fr\/#organization","name":"AMGA","url":"https:\/\/alimentsamga.com\/fr\/","logo":{"@type":"ImageObject","inLanguage":"fr-FR","@id":"https:\/\/alimentsamga.com\/fr\/#\/schema\/logo\/image\/","url":"https:\/\/alimentsamga.com\/wp-content\/uploads\/2020\/11\/amgachezvous-logo-blue-e1619460460184.png","contentUrl":"https:\/\/alimentsamga.com\/wp-content\/uploads\/2020\/11\/amgachezvous-logo-blue-e1619460460184.png","width":131,"height":80,"caption":"AMGA"},"image":{"@id":"https:\/\/alimentsamga.com\/fr\/#\/schema\/logo\/image\/"},"sameAs":["https:\/\/www.instagram.com\/aliments.amga\/?hl=en"]}]}},"_links":{"self":[{"href":"https:\/\/alimentsamga.com\/fr\/wp-json\/wp\/v2\/product\/10902","targetHints":{"allow":["GET"]}}],"collection":[{"href":"https:\/\/alimentsamga.com\/fr\/wp-json\/wp\/v2\/product"}],"about":[{"href":"https:\/\/alimentsamga.com\/fr\/wp-json\/wp\/v2\/types\/product"}],"replies":[{"embeddable":true,"href":"https:\/\/alimentsamga.com\/fr\/wp-json\/wp\/v2\/comments?post=10902"}],"wp:featuredmedia":[{"embeddable":true,"href":"https:\/\/alimentsamga.com\/fr\/wp-json\/wp\/v2\/media\/10925"}],"wp:attachment":[{"href":"https:\/\/alimentsamga.com\/fr\/wp-json\/wp\/v2\/media?parent=10902"}],"wp:term":[{"taxonomy":"product_brand","embeddable":true,"href":"https:\/\/alimentsamga.com\/fr\/wp-json\/wp\/v2\/product_brand?post=10902"},{"taxonomy":"product_cat","embeddable":true,"href":"https:\/\/alimentsamga.com\/fr\/wp-json\/wp\/v2\/product_cat?post=10902"},{"taxonomy":"product_tag","embeddable":true,"href":"https:\/\/alimentsamga.com\/fr\/wp-json\/wp\/v2\/product_tag?post=10902"}],"curies":[{"name":"wp","href":"https:\/\/api.w.org\/{rel}","templated":true}]}}