{"id":10793,"date":"2024-09-04T10:52:27","date_gmt":"2024-09-04T14:52:27","guid":{"rendered":"https:\/\/alimentsamga.com\/?post_type=product&#038;p=10793"},"modified":"2025-08-18T15:32:20","modified_gmt":"2025-08-18T19:32:20","slug":"table-pour-2","status":"publish","type":"product","link":"https:\/\/alimentsamga.com\/fr\/produit\/table-pour-2\/","title":{"rendered":"Table pour 2"},"content":{"rendered":"<p>Le BOX Table pour deux est con\u00e7u pour r\u00e9pondre \u00e0 vos besoins hebdomadaires en prot\u00e9ines, offrant une vari\u00e9t\u00e9 de produits premium. Parfait pour 1-2 personnes, il comprend 2 c\u00f4tes de b\u0153uf (14 oz (396.89 grams)), 2 saucisses Loukaniko (300 g (10.58 ounces)), 500 g (17.64 ounces) de cuisses de poulet, 2 lbs (0.91 kilograms) de crevettes 16\/20, 4 poitrines de poulet (environ 1 kg (2.2 pounds)) et 500 g (17.64 ounces) de viande hach\u00e9e. Cette s\u00e9lection soigneusement \u00e9labor\u00e9e vous permet de savourer des repas d\u00e9licieux et nutritifs tout au long de la semaine.<\/p>\n<p data-start=\"1888\" data-end=\"2284\">Nos produits sont sous vide, ce qui garantit leur fra\u00eecheur pendant 7 jours au r\u00e9frig\u00e9rateur ou leur conservation pendant un an au cong\u00e9lateur. D\u2019une valeur de plus de 97$, ce box est une offre exceptionnelle pour quiconque cherche la commodit\u00e9, la qualit\u00e9 et la vari\u00e9t\u00e9 dans ses repas. Livr\u00e9 directement \u00e0 votre porte, le BOX Table pour deux rend la planification des repas facile et d\u00e9licieuse!<\/p>\n<p>Consultez ici <a href=\"\/?product_cat=boites\">nos autres bo\u00eetes de vari\u00e9t\u00e9s.<\/a><\/p>\n","protected":false},"excerpt":{"rendered":"2 entrec\u00f4tes de b\u0153uf (14oz)\r\n2 saucisses Loukaniko (300gr)\r\n500gr Cuisses de poulet\r\n2lbs Crevettes 16\/20\r\n4 poitrines de poulet (1kg en moyenne)\r\n500gr B\u0153uf hach\u00e9\r\n\r\nvaleur de plus de 97$","protected":false},"featured_media":10828,"comment_status":"closed","ping_status":"closed","template":"","meta":{"content-type":""},"product_brand":[],"product_cat":[89,150],"product_tag":[],"class_list":{"0":"post-10793","1":"product","2":"type-product","3":"status-publish","4":"has-post-thumbnail","6":"product_cat-boites-viandes-et-fruits-de-mer","7":"product_cat-nouveau","9":"first","10":"instock","11":"virtual","12":"purchasable","13":"product-type-bundle"},"bundle_layout":"default","bundle_add_to_cart_form_location":"default","bundle_editable_in_cart":false,"bundle_sold_individually_context":"product","bundle_item_grouping":"parent","bundle_min_size":"","bundle_max_size":"","bundled_by":[],"bundled_items":[{"bundled_item_id":146,"product_id":688,"menu_order":0,"quantity_min":2,"quantity_max":2,"quantity_default":2,"priced_individually":false,"shipped_individually":false,"override_title":false,"title":"Bifteck de c\u00f4tes vieilli AAA","override_description":false,"description":"Bifteck de c\u00f4tes vieilli AAA","optional":true,"hide_thumbnail":false,"discount":"","override_variations":false,"allowed_variations":[""],"override_default_variation_attributes":true,"default_variation_attributes":[{"id":4,"name":"Steak Size","option":"14oz-fr"}],"single_product_visibility":"hidden","cart_visibility":"hidden","order_visibility":"visible","single_product_price_visibility":"visible","cart_price_visibility":"visible","order_price_visibility":"visible","stock_status":"in_stock"},{"bundled_item_id":147,"product_id":938,"menu_order":1,"quantity_min":1,"quantity_max":1,"quantity_default":1,"priced_individually":false,"shipped_individually":false,"override_title":false,"title":"Saucisse Grecque Loukaniko","override_description":false,"description":"Saucisse Grecque Loukaniko","optional":true,"hide_thumbnail":false,"discount":"","override_variations":false,"allowed_variations":[""],"override_default_variation_attributes":false,"default_variation_attributes":[],"single_product_visibility":"hidden","cart_visibility":"hidden","order_visibility":"visible","single_product_price_visibility":"visible","cart_price_visibility":"visible","order_price_visibility":"visible","stock_status":"in_stock"},{"bundled_item_id":149,"product_id":744,"menu_order":2,"quantity_min":1,"quantity_max":1,"quantity_default":1,"priced_individually":false,"shipped_individually":false,"override_title":false,"title":"Crevettes pel\u00e9es et d\u00e9vein\u00e9es 16\/20 (environ 16-20 crevettes par livre)","override_description":false,"description":"Crevettes pel\u00e9es et d\u00e9vein\u00e9es 16\/20 (environ 16-20 crevettes par livre)","optional":true,"hide_thumbnail":false,"discount":"","override_variations":false,"allowed_variations":[""],"override_default_variation_attributes":false,"default_variation_attributes":[],"single_product_visibility":"hidden","cart_visibility":"hidden","order_visibility":"visible","single_product_price_visibility":"visible","cart_price_visibility":"visible","order_price_visibility":"visible","stock_status":"in_stock"},{"bundled_item_id":151,"product_id":787,"menu_order":3,"quantity_min":1,"quantity_max":1,"quantity_default":1,"priced_individually":false,"shipped_individually":false,"override_title":false,"title":"Poitrine de Poulet D\u00e9soss\u00e9e","override_description":false,"description":"Poitrine de Poulet D\u00e9soss\u00e9e","optional":false,"hide_thumbnail":false,"discount":"","override_variations":true,"allowed_variations":[9920],"override_default_variation_attributes":true,"default_variation_attributes":[{"id":3,"name":"Format","option":"pack-de-4"}],"single_product_visibility":"hidden","cart_visibility":"hidden","order_visibility":"visible","single_product_price_visibility":"visible","cart_price_visibility":"visible","order_price_visibility":"visible","stock_status":"in_stock"},{"bundled_item_id":163,"product_id":776,"menu_order":4,"quantity_min":1,"quantity_max":1,"quantity_default":1,"priced_individually":false,"shipped_individually":false,"override_title":false,"title":"Boeuf Hach\u00e9 Maigre","override_description":false,"description":"Boeuf Hach\u00e9 Maigre","optional":false,"hide_thumbnail":false,"discount":"","override_variations":true,"allowed_variations":[9898],"override_default_variation_attributes":true,"default_variation_attributes":[{"id":3,"name":"Format","option":"pack-de-1"}],"single_product_visibility":"hidden","cart_visibility":"hidden","order_visibility":"visible","single_product_price_visibility":"visible","cart_price_visibility":"visible","order_price_visibility":"visible","stock_status":"in_stock"},{"bundled_item_id":165,"product_id":351,"menu_order":5,"quantity_min":1,"quantity_max":1,"quantity_default":1,"priced_individually":false,"shipped_individually":false,"override_title":false,"title":"Cuisses de Poulet D\u00e9soss\u00e9es Nettoy\u00e9es","override_description":false,"description":"Cuisses de Poulet D\u00e9soss\u00e9es Nettoy\u00e9es","optional":false,"hide_thumbnail":false,"discount":"","override_variations":true,"allowed_variations":[9934],"override_default_variation_attributes":true,"default_variation_attributes":[{"id":3,"name":"Format","option":"pack-de-1"}],"single_product_visibility":"hidden","cart_visibility":"hidden","order_visibility":"visible","single_product_price_visibility":"visible","cart_price_visibility":"visible","order_price_visibility":"visible","stock_status":"in_stock"}],"yoast_head":"<!-- This site is optimized with the Yoast SEO plugin v27.4 - https:\/\/yoast.com\/product\/yoast-seo-wordpress\/ -->\n<title>Table pour 2 - AMGA<\/title>\n<meta name=\"description\" content=\"Achetez le BOX Table pour deux, rempli de prot\u00e9ines pour 1-2 personnes. Inclut des c\u00f4tes de boeuf, des saucisses, du poulet marin\u00e9, des crevettes et plus.\" \/>\n<meta name=\"robots\" content=\"index, follow, max-snippet:-1, max-image-preview:large, max-video-preview:-1\" \/>\n<link rel=\"canonical\" href=\"https:\/\/alimentsamga.com\/fr\/produit\/table-pour-2\/\" \/>\n<meta property=\"og:locale\" content=\"fr_FR\" \/>\n<meta property=\"og:type\" content=\"article\" \/>\n<meta property=\"og:title\" content=\"Table pour 2 - AMGA\" \/>\n<meta property=\"og:description\" content=\"Achetez le BOX Table pour deux, rempli de prot\u00e9ines pour 1-2 personnes. Inclut des c\u00f4tes de boeuf, des saucisses, du poulet marin\u00e9, des crevettes et plus.\" \/>\n<meta property=\"og:url\" content=\"https:\/\/alimentsamga.com\/fr\/produit\/table-pour-2\/\" \/>\n<meta property=\"og:site_name\" content=\"AMGA\" \/>\n<meta property=\"article:modified_time\" content=\"2025-08-18T19:32:20+00:00\" \/>\n<meta property=\"og:image\" content=\"https:\/\/alimentsamga.com\/wp-content\/uploads\/2024\/09\/Untitled-design-12.jpg\" \/>\n\t<meta property=\"og:image:width\" content=\"1080\" \/>\n\t<meta property=\"og:image:height\" content=\"1080\" \/>\n\t<meta property=\"og:image:type\" content=\"image\/jpeg\" \/>\n<meta name=\"twitter:card\" content=\"summary_large_image\" \/>\n<meta name=\"twitter:label1\" content=\"Dur\u00e9e de lecture estim\u00e9e\" \/>\n\t<meta name=\"twitter:data1\" content=\"1 minute\" \/>\n<script type=\"application\/ld+json\" class=\"yoast-schema-graph\">{\"@context\":\"https:\\\/\\\/schema.org\",\"@graph\":[{\"@type\":\"WebPage\",\"@id\":\"https:\\\/\\\/alimentsamga.com\\\/fr\\\/produit\\\/table-pour-2\\\/\",\"url\":\"https:\\\/\\\/alimentsamga.com\\\/fr\\\/produit\\\/table-pour-2\\\/\",\"name\":\"Table pour 2 - AMGA\",\"isPartOf\":{\"@id\":\"https:\\\/\\\/alimentsamga.com\\\/fr\\\/#website\"},\"primaryImageOfPage\":{\"@id\":\"https:\\\/\\\/alimentsamga.com\\\/fr\\\/produit\\\/table-pour-2\\\/#primaryimage\"},\"image\":{\"@id\":\"https:\\\/\\\/alimentsamga.com\\\/fr\\\/produit\\\/table-pour-2\\\/#primaryimage\"},\"thumbnailUrl\":\"https:\\\/\\\/alimentsamga.com\\\/wp-content\\\/uploads\\\/2024\\\/09\\\/Untitled-design-12.jpg\",\"datePublished\":\"2024-09-04T14:52:27+00:00\",\"dateModified\":\"2025-08-18T19:32:20+00:00\",\"description\":\"Achetez le BOX Table pour deux, rempli de prot\u00e9ines pour 1-2 personnes. Inclut des c\u00f4tes de boeuf, des saucisses, du poulet marin\u00e9, des crevettes et plus.\",\"breadcrumb\":{\"@id\":\"https:\\\/\\\/alimentsamga.com\\\/fr\\\/produit\\\/table-pour-2\\\/#breadcrumb\"},\"inLanguage\":\"fr-FR\",\"potentialAction\":[{\"@type\":\"ReadAction\",\"target\":[\"https:\\\/\\\/alimentsamga.com\\\/fr\\\/produit\\\/table-pour-2\\\/\"]}]},{\"@type\":\"ImageObject\",\"inLanguage\":\"fr-FR\",\"@id\":\"https:\\\/\\\/alimentsamga.com\\\/fr\\\/produit\\\/table-pour-2\\\/#primaryimage\",\"url\":\"https:\\\/\\\/alimentsamga.com\\\/wp-content\\\/uploads\\\/2024\\\/09\\\/Untitled-design-12.jpg\",\"contentUrl\":\"https:\\\/\\\/alimentsamga.com\\\/wp-content\\\/uploads\\\/2024\\\/09\\\/Untitled-design-12.jpg\",\"width\":1080,\"height\":1080,\"caption\":\"TABLE FOR 2\"},{\"@type\":\"BreadcrumbList\",\"@id\":\"https:\\\/\\\/alimentsamga.com\\\/fr\\\/produit\\\/table-pour-2\\\/#breadcrumb\",\"itemListElement\":[{\"@type\":\"ListItem\",\"position\":1,\"name\":\"Home\",\"item\":\"https:\\\/\\\/alimentsamga.com\\\/fr\\\/\"},{\"@type\":\"ListItem\",\"position\":2,\"name\":\"Boutique\",\"item\":\"https:\\\/\\\/alimentsamga.com\\\/fr\\\/boutique\\\/\"},{\"@type\":\"ListItem\",\"position\":3,\"name\":\"Table pour 2\"}]},{\"@type\":\"WebSite\",\"@id\":\"https:\\\/\\\/alimentsamga.com\\\/fr\\\/#website\",\"url\":\"https:\\\/\\\/alimentsamga.com\\\/fr\\\/\",\"name\":\"AMGA\",\"description\":\"Aliments Amga\",\"publisher\":{\"@id\":\"https:\\\/\\\/alimentsamga.com\\\/fr\\\/#organization\"},\"potentialAction\":[{\"@type\":\"SearchAction\",\"target\":{\"@type\":\"EntryPoint\",\"urlTemplate\":\"https:\\\/\\\/alimentsamga.com\\\/fr\\\/?s={search_term_string}\"},\"query-input\":{\"@type\":\"PropertyValueSpecification\",\"valueRequired\":true,\"valueName\":\"search_term_string\"}}],\"inLanguage\":\"fr-FR\"},{\"@type\":\"Organization\",\"@id\":\"https:\\\/\\\/alimentsamga.com\\\/fr\\\/#organization\",\"name\":\"AMGA\",\"url\":\"https:\\\/\\\/alimentsamga.com\\\/fr\\\/\",\"logo\":{\"@type\":\"ImageObject\",\"inLanguage\":\"fr-FR\",\"@id\":\"https:\\\/\\\/alimentsamga.com\\\/fr\\\/#\\\/schema\\\/logo\\\/image\\\/\",\"url\":\"https:\\\/\\\/alimentsamga.com\\\/wp-content\\\/uploads\\\/2020\\\/11\\\/amgachezvous-logo-blue-e1619460460184.png\",\"contentUrl\":\"https:\\\/\\\/alimentsamga.com\\\/wp-content\\\/uploads\\\/2020\\\/11\\\/amgachezvous-logo-blue-e1619460460184.png\",\"width\":131,\"height\":80,\"caption\":\"AMGA\"},\"image\":{\"@id\":\"https:\\\/\\\/alimentsamga.com\\\/fr\\\/#\\\/schema\\\/logo\\\/image\\\/\"},\"sameAs\":[\"https:\\\/\\\/www.instagram.com\\\/aliments.amga\\\/?hl=en\"]}]}<\/script>\n<!-- \/ Yoast SEO plugin. -->","yoast_head_json":{"title":"Table pour 2 - AMGA","description":"Achetez le BOX Table pour deux, rempli de prot\u00e9ines pour 1-2 personnes. Inclut des c\u00f4tes de boeuf, des saucisses, du poulet marin\u00e9, des crevettes et plus.","robots":{"index":"index","follow":"follow","max-snippet":"max-snippet:-1","max-image-preview":"max-image-preview:large","max-video-preview":"max-video-preview:-1"},"canonical":"https:\/\/alimentsamga.com\/fr\/produit\/table-pour-2\/","og_locale":"fr_FR","og_type":"article","og_title":"Table pour 2 - AMGA","og_description":"Achetez le BOX Table pour deux, rempli de prot\u00e9ines pour 1-2 personnes. Inclut des c\u00f4tes de boeuf, des saucisses, du poulet marin\u00e9, des crevettes et plus.","og_url":"https:\/\/alimentsamga.com\/fr\/produit\/table-pour-2\/","og_site_name":"AMGA","article_modified_time":"2025-08-18T19:32:20+00:00","og_image":[{"width":1080,"height":1080,"url":"https:\/\/alimentsamga.com\/wp-content\/uploads\/2024\/09\/Untitled-design-12.jpg","type":"image\/jpeg"}],"twitter_card":"summary_large_image","twitter_misc":{"Dur\u00e9e de lecture estim\u00e9e":"1 minute"},"schema":{"@context":"https:\/\/schema.org","@graph":[{"@type":"WebPage","@id":"https:\/\/alimentsamga.com\/fr\/produit\/table-pour-2\/","url":"https:\/\/alimentsamga.com\/fr\/produit\/table-pour-2\/","name":"Table pour 2 - AMGA","isPartOf":{"@id":"https:\/\/alimentsamga.com\/fr\/#website"},"primaryImageOfPage":{"@id":"https:\/\/alimentsamga.com\/fr\/produit\/table-pour-2\/#primaryimage"},"image":{"@id":"https:\/\/alimentsamga.com\/fr\/produit\/table-pour-2\/#primaryimage"},"thumbnailUrl":"https:\/\/alimentsamga.com\/wp-content\/uploads\/2024\/09\/Untitled-design-12.jpg","datePublished":"2024-09-04T14:52:27+00:00","dateModified":"2025-08-18T19:32:20+00:00","description":"Achetez le BOX Table pour deux, rempli de prot\u00e9ines pour 1-2 personnes. Inclut des c\u00f4tes de boeuf, des saucisses, du poulet marin\u00e9, des crevettes et plus.","breadcrumb":{"@id":"https:\/\/alimentsamga.com\/fr\/produit\/table-pour-2\/#breadcrumb"},"inLanguage":"fr-FR","potentialAction":[{"@type":"ReadAction","target":["https:\/\/alimentsamga.com\/fr\/produit\/table-pour-2\/"]}]},{"@type":"ImageObject","inLanguage":"fr-FR","@id":"https:\/\/alimentsamga.com\/fr\/produit\/table-pour-2\/#primaryimage","url":"https:\/\/alimentsamga.com\/wp-content\/uploads\/2024\/09\/Untitled-design-12.jpg","contentUrl":"https:\/\/alimentsamga.com\/wp-content\/uploads\/2024\/09\/Untitled-design-12.jpg","width":1080,"height":1080,"caption":"TABLE FOR 2"},{"@type":"BreadcrumbList","@id":"https:\/\/alimentsamga.com\/fr\/produit\/table-pour-2\/#breadcrumb","itemListElement":[{"@type":"ListItem","position":1,"name":"Home","item":"https:\/\/alimentsamga.com\/fr\/"},{"@type":"ListItem","position":2,"name":"Boutique","item":"https:\/\/alimentsamga.com\/fr\/boutique\/"},{"@type":"ListItem","position":3,"name":"Table pour 2"}]},{"@type":"WebSite","@id":"https:\/\/alimentsamga.com\/fr\/#website","url":"https:\/\/alimentsamga.com\/fr\/","name":"AMGA","description":"Aliments Amga","publisher":{"@id":"https:\/\/alimentsamga.com\/fr\/#organization"},"potentialAction":[{"@type":"SearchAction","target":{"@type":"EntryPoint","urlTemplate":"https:\/\/alimentsamga.com\/fr\/?s={search_term_string}"},"query-input":{"@type":"PropertyValueSpecification","valueRequired":true,"valueName":"search_term_string"}}],"inLanguage":"fr-FR"},{"@type":"Organization","@id":"https:\/\/alimentsamga.com\/fr\/#organization","name":"AMGA","url":"https:\/\/alimentsamga.com\/fr\/","logo":{"@type":"ImageObject","inLanguage":"fr-FR","@id":"https:\/\/alimentsamga.com\/fr\/#\/schema\/logo\/image\/","url":"https:\/\/alimentsamga.com\/wp-content\/uploads\/2020\/11\/amgachezvous-logo-blue-e1619460460184.png","contentUrl":"https:\/\/alimentsamga.com\/wp-content\/uploads\/2020\/11\/amgachezvous-logo-blue-e1619460460184.png","width":131,"height":80,"caption":"AMGA"},"image":{"@id":"https:\/\/alimentsamga.com\/fr\/#\/schema\/logo\/image\/"},"sameAs":["https:\/\/www.instagram.com\/aliments.amga\/?hl=en"]}]}},"_links":{"self":[{"href":"https:\/\/alimentsamga.com\/fr\/wp-json\/wp\/v2\/product\/10793","targetHints":{"allow":["GET"]}}],"collection":[{"href":"https:\/\/alimentsamga.com\/fr\/wp-json\/wp\/v2\/product"}],"about":[{"href":"https:\/\/alimentsamga.com\/fr\/wp-json\/wp\/v2\/types\/product"}],"replies":[{"embeddable":true,"href":"https:\/\/alimentsamga.com\/fr\/wp-json\/wp\/v2\/comments?post=10793"}],"wp:featuredmedia":[{"embeddable":true,"href":"https:\/\/alimentsamga.com\/fr\/wp-json\/wp\/v2\/media\/10828"}],"wp:attachment":[{"href":"https:\/\/alimentsamga.com\/fr\/wp-json\/wp\/v2\/media?parent=10793"}],"wp:term":[{"taxonomy":"product_brand","embeddable":true,"href":"https:\/\/alimentsamga.com\/fr\/wp-json\/wp\/v2\/product_brand?post=10793"},{"taxonomy":"product_cat","embeddable":true,"href":"https:\/\/alimentsamga.com\/fr\/wp-json\/wp\/v2\/product_cat?post=10793"},{"taxonomy":"product_tag","embeddable":true,"href":"https:\/\/alimentsamga.com\/fr\/wp-json\/wp\/v2\/product_tag?post=10793"}],"curies":[{"name":"wp","href":"https:\/\/api.w.org\/{rel}","templated":true}]}}