{"id":10234,"date":"2024-03-21T14:26:42","date_gmt":"2024-03-21T18:26:42","guid":{"rendered":"https:\/\/alimentsamga.com\/?post_type=product&#038;p=10234"},"modified":"2025-03-10T13:28:02","modified_gmt":"2025-03-10T17:28:02","slug":"haut-de-cuisse-de-poulet-avec-os-et-peau","status":"publish","type":"product","link":"https:\/\/alimentsamga.com\/fr\/produit\/haut-de-cuisse-de-poulet-avec-os-et-peau\/","title":{"rendered":"Haut de Cuisse de Poulet avec Os et Peau"},"content":{"rendered":"<p data-start=\"1127\" data-end=\"1448\">Vous cherchez du poulet tendre et savoureux? Nos cuisses de poulet avec os et peau \u00e0 vendre sont fra\u00eeches, non-OGM et proviennent de fermes canadiennes. Chaque paquet de 1 kg (2.2 pounds) est sous vide pour pr\u00e9server la fra\u00eecheur et garantir une viande de premi\u00e8re qualit\u00e9, livr\u00e9e directement \u00e0 votre porte.<\/p>\n<p data-start=\"1450\" data-end=\"1826\">L&rsquo;os et la peau apportent une saveur et une humidit\u00e9 suppl\u00e9mentaires, ce qui rend ces cuisses parfaites pour r\u00f4tir, griller ou cuisiner lentement. Que vous pr\u00e9pariez un repas copieux ou un d\u00eener rapide, nos cuisses de poulet fra\u00eeches enrichiront chaque bouch\u00e9e. Achetez-les d\u00e8s aujourd&rsquo;hui et savourez du poulet frais de qualit\u00e9 sup\u00e9rieure, directement des fermes canadiennes..<\/p>\n<p>Consultez nos <a href=\"https:\/\/alimentsamga.com\/fr\/categorie-produit\/volaille\/\">autres\u00a0produits de volaille ici.<\/a><\/p>\n","protected":false},"excerpt":{"rendered":"1 Kg &#8211; Frais","protected":false},"featured_media":10227,"comment_status":"closed","ping_status":"closed","template":"","meta":{"content-type":""},"product_brand":[],"product_cat":[150,93],"product_tag":[],"class_list":{"0":"post-10234","1":"product","2":"type-product","3":"status-publish","4":"has-post-thumbnail","6":"product_cat-nouveau","7":"product_cat-volaille","9":"first","10":"instock","11":"shipping-taxable","12":"purchasable","13":"product-type-simple"},"bundle_layout":"","bundle_add_to_cart_form_location":"","bundle_editable_in_cart":false,"bundle_sold_individually_context":"","bundle_item_grouping":"","bundle_min_size":"","bundle_max_size":"","bundled_by":[],"bundled_items":[],"yoast_head":"<!-- This site is optimized with the Yoast SEO plugin v27.4 - https:\/\/yoast.com\/product\/yoast-seo-wordpress\/ -->\n<title>Haut de Cuisse de Poulet avec Os et Peau - AMGA<\/title>\n<meta name=\"description\" content=\"Achetez nos cuisses de poulet fra\u00eeches avec os et peau \u00e0 vendre ! Sous vide, non-OGM, sourc\u00e9es de fermes canadiennes, livr\u00e9es fra\u00eeches \u00e0 votre porte.\" \/>\n<meta name=\"robots\" content=\"index, follow, max-snippet:-1, max-image-preview:large, max-video-preview:-1\" \/>\n<link rel=\"canonical\" href=\"https:\/\/alimentsamga.com\/fr\/produit\/haut-de-cuisse-de-poulet-avec-os-et-peau\/\" \/>\n<meta property=\"og:locale\" content=\"fr_FR\" \/>\n<meta property=\"og:type\" content=\"article\" \/>\n<meta property=\"og:title\" content=\"Haut de Cuisse de Poulet avec Os et Peau - AMGA\" \/>\n<meta property=\"og:description\" content=\"Achetez nos cuisses de poulet fra\u00eeches avec os et peau \u00e0 vendre ! Sous vide, non-OGM, sourc\u00e9es de fermes canadiennes, livr\u00e9es fra\u00eeches \u00e0 votre porte.\" \/>\n<meta property=\"og:url\" content=\"https:\/\/alimentsamga.com\/fr\/produit\/haut-de-cuisse-de-poulet-avec-os-et-peau\/\" \/>\n<meta property=\"og:site_name\" content=\"AMGA\" \/>\n<meta property=\"article:modified_time\" content=\"2025-03-10T17:28:02+00:00\" \/>\n<meta property=\"og:image\" content=\"https:\/\/alimentsamga.com\/wp-content\/uploads\/2024\/03\/Chicken-Thighs-WITH-bone-and-skin-2.jpg\" \/>\n\t<meta property=\"og:image:width\" content=\"720\" \/>\n\t<meta property=\"og:image:height\" content=\"480\" \/>\n\t<meta property=\"og:image:type\" content=\"image\/jpeg\" \/>\n<meta name=\"twitter:card\" content=\"summary_large_image\" \/>\n<meta name=\"twitter:label1\" content=\"Dur\u00e9e de lecture estim\u00e9e\" \/>\n\t<meta name=\"twitter:data1\" content=\"1 minute\" \/>\n<script type=\"application\/ld+json\" class=\"yoast-schema-graph\">{\"@context\":\"https:\\\/\\\/schema.org\",\"@graph\":[{\"@type\":\"WebPage\",\"@id\":\"https:\\\/\\\/alimentsamga.com\\\/fr\\\/produit\\\/haut-de-cuisse-de-poulet-avec-os-et-peau\\\/\",\"url\":\"https:\\\/\\\/alimentsamga.com\\\/fr\\\/produit\\\/haut-de-cuisse-de-poulet-avec-os-et-peau\\\/\",\"name\":\"Haut de Cuisse de Poulet avec Os et Peau - AMGA\",\"isPartOf\":{\"@id\":\"https:\\\/\\\/alimentsamga.com\\\/fr\\\/#website\"},\"primaryImageOfPage\":{\"@id\":\"https:\\\/\\\/alimentsamga.com\\\/fr\\\/produit\\\/haut-de-cuisse-de-poulet-avec-os-et-peau\\\/#primaryimage\"},\"image\":{\"@id\":\"https:\\\/\\\/alimentsamga.com\\\/fr\\\/produit\\\/haut-de-cuisse-de-poulet-avec-os-et-peau\\\/#primaryimage\"},\"thumbnailUrl\":\"https:\\\/\\\/alimentsamga.com\\\/wp-content\\\/uploads\\\/2024\\\/03\\\/Chicken-Thighs-WITH-bone-and-skin-2.jpg\",\"datePublished\":\"2024-03-21T18:26:42+00:00\",\"dateModified\":\"2025-03-10T17:28:02+00:00\",\"description\":\"Achetez nos cuisses de poulet fra\u00eeches avec os et peau \u00e0 vendre ! Sous vide, non-OGM, sourc\u00e9es de fermes canadiennes, livr\u00e9es fra\u00eeches \u00e0 votre porte.\",\"breadcrumb\":{\"@id\":\"https:\\\/\\\/alimentsamga.com\\\/fr\\\/produit\\\/haut-de-cuisse-de-poulet-avec-os-et-peau\\\/#breadcrumb\"},\"inLanguage\":\"fr-FR\",\"potentialAction\":[{\"@type\":\"ReadAction\",\"target\":[\"https:\\\/\\\/alimentsamga.com\\\/fr\\\/produit\\\/haut-de-cuisse-de-poulet-avec-os-et-peau\\\/\"]}]},{\"@type\":\"ImageObject\",\"inLanguage\":\"fr-FR\",\"@id\":\"https:\\\/\\\/alimentsamga.com\\\/fr\\\/produit\\\/haut-de-cuisse-de-poulet-avec-os-et-peau\\\/#primaryimage\",\"url\":\"https:\\\/\\\/alimentsamga.com\\\/wp-content\\\/uploads\\\/2024\\\/03\\\/Chicken-Thighs-WITH-bone-and-skin-2.jpg\",\"contentUrl\":\"https:\\\/\\\/alimentsamga.com\\\/wp-content\\\/uploads\\\/2024\\\/03\\\/Chicken-Thighs-WITH-bone-and-skin-2.jpg\",\"width\":720,\"height\":480,\"caption\":\"Chicken Thighs with Bone and Skin for Sale\"},{\"@type\":\"BreadcrumbList\",\"@id\":\"https:\\\/\\\/alimentsamga.com\\\/fr\\\/produit\\\/haut-de-cuisse-de-poulet-avec-os-et-peau\\\/#breadcrumb\",\"itemListElement\":[{\"@type\":\"ListItem\",\"position\":1,\"name\":\"Home\",\"item\":\"https:\\\/\\\/alimentsamga.com\\\/fr\\\/\"},{\"@type\":\"ListItem\",\"position\":2,\"name\":\"Boutique\",\"item\":\"https:\\\/\\\/alimentsamga.com\\\/fr\\\/boutique\\\/\"},{\"@type\":\"ListItem\",\"position\":3,\"name\":\"Haut de Cuisse de Poulet avec Os et Peau\"}]},{\"@type\":\"WebSite\",\"@id\":\"https:\\\/\\\/alimentsamga.com\\\/fr\\\/#website\",\"url\":\"https:\\\/\\\/alimentsamga.com\\\/fr\\\/\",\"name\":\"AMGA\",\"description\":\"Aliments Amga\",\"publisher\":{\"@id\":\"https:\\\/\\\/alimentsamga.com\\\/fr\\\/#organization\"},\"potentialAction\":[{\"@type\":\"SearchAction\",\"target\":{\"@type\":\"EntryPoint\",\"urlTemplate\":\"https:\\\/\\\/alimentsamga.com\\\/fr\\\/?s={search_term_string}\"},\"query-input\":{\"@type\":\"PropertyValueSpecification\",\"valueRequired\":true,\"valueName\":\"search_term_string\"}}],\"inLanguage\":\"fr-FR\"},{\"@type\":\"Organization\",\"@id\":\"https:\\\/\\\/alimentsamga.com\\\/fr\\\/#organization\",\"name\":\"AMGA\",\"url\":\"https:\\\/\\\/alimentsamga.com\\\/fr\\\/\",\"logo\":{\"@type\":\"ImageObject\",\"inLanguage\":\"fr-FR\",\"@id\":\"https:\\\/\\\/alimentsamga.com\\\/fr\\\/#\\\/schema\\\/logo\\\/image\\\/\",\"url\":\"https:\\\/\\\/alimentsamga.com\\\/wp-content\\\/uploads\\\/2020\\\/11\\\/amgachezvous-logo-blue-e1619460460184.png\",\"contentUrl\":\"https:\\\/\\\/alimentsamga.com\\\/wp-content\\\/uploads\\\/2020\\\/11\\\/amgachezvous-logo-blue-e1619460460184.png\",\"width\":131,\"height\":80,\"caption\":\"AMGA\"},\"image\":{\"@id\":\"https:\\\/\\\/alimentsamga.com\\\/fr\\\/#\\\/schema\\\/logo\\\/image\\\/\"},\"sameAs\":[\"https:\\\/\\\/www.instagram.com\\\/aliments.amga\\\/?hl=en\"]}]}<\/script>\n<!-- \/ Yoast SEO plugin. -->","yoast_head_json":{"title":"Haut de Cuisse de Poulet avec Os et Peau - AMGA","description":"Achetez nos cuisses de poulet fra\u00eeches avec os et peau \u00e0 vendre ! Sous vide, non-OGM, sourc\u00e9es de fermes canadiennes, livr\u00e9es fra\u00eeches \u00e0 votre porte.","robots":{"index":"index","follow":"follow","max-snippet":"max-snippet:-1","max-image-preview":"max-image-preview:large","max-video-preview":"max-video-preview:-1"},"canonical":"https:\/\/alimentsamga.com\/fr\/produit\/haut-de-cuisse-de-poulet-avec-os-et-peau\/","og_locale":"fr_FR","og_type":"article","og_title":"Haut de Cuisse de Poulet avec Os et Peau - AMGA","og_description":"Achetez nos cuisses de poulet fra\u00eeches avec os et peau \u00e0 vendre ! Sous vide, non-OGM, sourc\u00e9es de fermes canadiennes, livr\u00e9es fra\u00eeches \u00e0 votre porte.","og_url":"https:\/\/alimentsamga.com\/fr\/produit\/haut-de-cuisse-de-poulet-avec-os-et-peau\/","og_site_name":"AMGA","article_modified_time":"2025-03-10T17:28:02+00:00","og_image":[{"width":720,"height":480,"url":"https:\/\/alimentsamga.com\/wp-content\/uploads\/2024\/03\/Chicken-Thighs-WITH-bone-and-skin-2.jpg","type":"image\/jpeg"}],"twitter_card":"summary_large_image","twitter_misc":{"Dur\u00e9e de lecture estim\u00e9e":"1 minute"},"schema":{"@context":"https:\/\/schema.org","@graph":[{"@type":"WebPage","@id":"https:\/\/alimentsamga.com\/fr\/produit\/haut-de-cuisse-de-poulet-avec-os-et-peau\/","url":"https:\/\/alimentsamga.com\/fr\/produit\/haut-de-cuisse-de-poulet-avec-os-et-peau\/","name":"Haut de Cuisse de Poulet avec Os et Peau - AMGA","isPartOf":{"@id":"https:\/\/alimentsamga.com\/fr\/#website"},"primaryImageOfPage":{"@id":"https:\/\/alimentsamga.com\/fr\/produit\/haut-de-cuisse-de-poulet-avec-os-et-peau\/#primaryimage"},"image":{"@id":"https:\/\/alimentsamga.com\/fr\/produit\/haut-de-cuisse-de-poulet-avec-os-et-peau\/#primaryimage"},"thumbnailUrl":"https:\/\/alimentsamga.com\/wp-content\/uploads\/2024\/03\/Chicken-Thighs-WITH-bone-and-skin-2.jpg","datePublished":"2024-03-21T18:26:42+00:00","dateModified":"2025-03-10T17:28:02+00:00","description":"Achetez nos cuisses de poulet fra\u00eeches avec os et peau \u00e0 vendre ! Sous vide, non-OGM, sourc\u00e9es de fermes canadiennes, livr\u00e9es fra\u00eeches \u00e0 votre porte.","breadcrumb":{"@id":"https:\/\/alimentsamga.com\/fr\/produit\/haut-de-cuisse-de-poulet-avec-os-et-peau\/#breadcrumb"},"inLanguage":"fr-FR","potentialAction":[{"@type":"ReadAction","target":["https:\/\/alimentsamga.com\/fr\/produit\/haut-de-cuisse-de-poulet-avec-os-et-peau\/"]}]},{"@type":"ImageObject","inLanguage":"fr-FR","@id":"https:\/\/alimentsamga.com\/fr\/produit\/haut-de-cuisse-de-poulet-avec-os-et-peau\/#primaryimage","url":"https:\/\/alimentsamga.com\/wp-content\/uploads\/2024\/03\/Chicken-Thighs-WITH-bone-and-skin-2.jpg","contentUrl":"https:\/\/alimentsamga.com\/wp-content\/uploads\/2024\/03\/Chicken-Thighs-WITH-bone-and-skin-2.jpg","width":720,"height":480,"caption":"Chicken Thighs with Bone and Skin for Sale"},{"@type":"BreadcrumbList","@id":"https:\/\/alimentsamga.com\/fr\/produit\/haut-de-cuisse-de-poulet-avec-os-et-peau\/#breadcrumb","itemListElement":[{"@type":"ListItem","position":1,"name":"Home","item":"https:\/\/alimentsamga.com\/fr\/"},{"@type":"ListItem","position":2,"name":"Boutique","item":"https:\/\/alimentsamga.com\/fr\/boutique\/"},{"@type":"ListItem","position":3,"name":"Haut de Cuisse de Poulet avec Os et Peau"}]},{"@type":"WebSite","@id":"https:\/\/alimentsamga.com\/fr\/#website","url":"https:\/\/alimentsamga.com\/fr\/","name":"AMGA","description":"Aliments Amga","publisher":{"@id":"https:\/\/alimentsamga.com\/fr\/#organization"},"potentialAction":[{"@type":"SearchAction","target":{"@type":"EntryPoint","urlTemplate":"https:\/\/alimentsamga.com\/fr\/?s={search_term_string}"},"query-input":{"@type":"PropertyValueSpecification","valueRequired":true,"valueName":"search_term_string"}}],"inLanguage":"fr-FR"},{"@type":"Organization","@id":"https:\/\/alimentsamga.com\/fr\/#organization","name":"AMGA","url":"https:\/\/alimentsamga.com\/fr\/","logo":{"@type":"ImageObject","inLanguage":"fr-FR","@id":"https:\/\/alimentsamga.com\/fr\/#\/schema\/logo\/image\/","url":"https:\/\/alimentsamga.com\/wp-content\/uploads\/2020\/11\/amgachezvous-logo-blue-e1619460460184.png","contentUrl":"https:\/\/alimentsamga.com\/wp-content\/uploads\/2020\/11\/amgachezvous-logo-blue-e1619460460184.png","width":131,"height":80,"caption":"AMGA"},"image":{"@id":"https:\/\/alimentsamga.com\/fr\/#\/schema\/logo\/image\/"},"sameAs":["https:\/\/www.instagram.com\/aliments.amga\/?hl=en"]}]}},"_links":{"self":[{"href":"https:\/\/alimentsamga.com\/fr\/wp-json\/wp\/v2\/product\/10234","targetHints":{"allow":["GET"]}}],"collection":[{"href":"https:\/\/alimentsamga.com\/fr\/wp-json\/wp\/v2\/product"}],"about":[{"href":"https:\/\/alimentsamga.com\/fr\/wp-json\/wp\/v2\/types\/product"}],"replies":[{"embeddable":true,"href":"https:\/\/alimentsamga.com\/fr\/wp-json\/wp\/v2\/comments?post=10234"}],"wp:featuredmedia":[{"embeddable":true,"href":"https:\/\/alimentsamga.com\/fr\/wp-json\/wp\/v2\/media\/10227"}],"wp:attachment":[{"href":"https:\/\/alimentsamga.com\/fr\/wp-json\/wp\/v2\/media?parent=10234"}],"wp:term":[{"taxonomy":"product_brand","embeddable":true,"href":"https:\/\/alimentsamga.com\/fr\/wp-json\/wp\/v2\/product_brand?post=10234"},{"taxonomy":"product_cat","embeddable":true,"href":"https:\/\/alimentsamga.com\/fr\/wp-json\/wp\/v2\/product_cat?post=10234"},{"taxonomy":"product_tag","embeddable":true,"href":"https:\/\/alimentsamga.com\/fr\/wp-json\/wp\/v2\/product_tag?post=10234"}],"curies":[{"name":"wp","href":"https:\/\/api.w.org\/{rel}","templated":true}]}}